{"id":5521,"date":"2018-05-11T17:06:40","date_gmt":"2018-05-11T17:06:40","guid":{"rendered":"https:\/\/www.dutchfem.com\/?page_id=5521"},"modified":"2025-03-01T00:22:37","modified_gmt":"2025-02-28T23:22:37","slug":"zufriendenheitsgarantie","status":"publish","type":"page","link":"https:\/\/www.dutchfem.com\/de\/zufriendenheitsgarantie\/","title":{"rendered":"Zufriendenheitsgarantie"},"content":{"rendered":"<h2>Zufriendenheitsgarantie<\/h2>\n<p>&nbsp;<\/p>\n<p>Unsere Anspr\u00fcche sind hoch, was bedeutet, dass wir selbst nur dann zufrieden sind, wenn auch Sie es sind. Aus diesem Grunde haben wir die folgende Zufriedenheitsgarantie entwickelt, die auf alle Ihre Eink\u00e4ufe bei DutchFern.com zutrifft. Das bedeutet:<\/p>\n<p><strong>100% Willkommen<\/strong><\/p>\n<ul>\n<li>Wir sind gl\u00fccklich, Sie als Kunde zu haben.<\/li>\n<li>Wir werden alles tun, damit Sie als unser Kunde zufrieden sind.<\/li>\n<li>Wir tun das, weil wir selbst nur dann zufrieden sind, wenn auch Sie es sind.<\/li>\n<\/ul>\n<p><strong>100% Service<\/strong><\/p>\n<ul>\n<li>DutchFern unternimmt diesen extra Schritt f\u00fcr Sie.<\/li>\n<li>Ihre Beschwerden werden von DutchFen sehr ernst genommen.<\/li>\n<li>Unsere Spezialisten sind zu jeder Zeit f\u00fcr Sie erreichbar.<\/li>\n<\/ul>\n<p><strong>100% Qualit\u00e4t<\/strong><\/p>\n<ul>\n<li>Unsere Produkte sind von hoher Qualit\u00e4t.<\/li>\n<li>Die Qualit\u00e4t unserer Produkte wird immer doppelt \u00fcberpr\u00fcft.<\/li>\n<li>Die Keimung ist innerhalb von 30 Tagen nach Lieferung garantiert<\/li>\n<li>Die Keimgarantie erlischt, wenn Bestellnummern oder Bestellinformationen an Dritte weitergegeben werden, um einen Missbrauch unserer Garantie zu verhindern.<\/li>\n<\/ul>\n<p><strong>100% Schnelligkeit<\/strong><\/p>\n<ul>\n<li>Wenn sie vor 3 Uhr Nachmittags (15.00 Uhr) bestellen, verschicken wir Ihre Bestellung noch am gleichen Tag!<\/li>\n<li>Die meisten Probleme k\u00f6nnen von unserem Kundensupport-Team gel\u00f6st werden.<\/li>\n<li>F\u00fcr eine Beratung m\u00fcssen Sie keinen Termin vereinbaren, sondern k\u00f6nnen sich einfach \u00fcber die sozialen Medien mit uns vernetzen<\/li>\n<\/ul>\n<p><strong>100% Professionalit\u00e4t<\/strong><\/p>\n<ul>\n<li>Bei DutchFern sind alle Mitarbeiter kompetent und wissen, \u00fcber was sie sprechen.<\/li>\n<li>Bei DutchFern erhalten Sie ehrliche Antworten und gute Ratschl\u00e4ge.<\/li>\n<li>Wir bem\u00fchen uns sehr, Ihre Bestellung auf h\u00f6chst diskrete Weise zu verschicken.<\/li>\n<\/ul>\n","protected":false},"excerpt":{"rendered":"<p>Zufriendenheitsgarantie &nbsp; Unsere Anspr\u00fcche sind hoch, was bedeutet, dass wir selbst nur dann zufrieden sind, wenn auch Sie es sind. Aus diesem Grunde haben wir die folgende Zufriedenheitsgarantie entwickelt, die<\/p>\n","protected":false},"author":2,"featured_media":0,"parent":0,"menu_order":0,"comment_status":"closed","ping_status":"closed","template":"","meta":{"_exactmetrics_skip_tracking":false,"_exactmetrics_sitenote_active":false,"_exactmetrics_sitenote_note":"","_exactmetrics_sitenote_category":0,"footnotes":""},"class_list":["post-5521","page","type-page","status-publish","hentry"],"yoast_head":"<!-- This site is optimized with the Yoast SEO plugin v26.9 - https:\/\/yoast.com\/product\/yoast-seo-wordpress\/ -->\n<title>Zufriendenheitsgarantie - Dutchfem<\/title>\n<meta name=\"robots\" content=\"index, follow, max-snippet:-1, max-image-preview:large, max-video-preview:-1\" \/>\n<link rel=\"canonical\" href=\"https:\/\/www.dutchfem.com\/de\/zufriendenheitsgarantie\/\" \/>\n<meta property=\"og:locale\" content=\"de_DE\" \/>\n<meta property=\"og:type\" content=\"article\" \/>\n<meta property=\"og:title\" content=\"Zufriendenheitsgarantie - Dutchfem\" \/>\n<meta property=\"og:description\" content=\"Zufriendenheitsgarantie &nbsp; Unsere Anspr\u00fcche sind hoch, was bedeutet, dass wir selbst nur dann zufrieden sind, wenn auch Sie es sind. Aus diesem Grunde haben wir die folgende Zufriedenheitsgarantie entwickelt, die\" \/>\n<meta property=\"og:url\" content=\"https:\/\/www.dutchfem.com\/de\/zufriendenheitsgarantie\/\" \/>\n<meta property=\"og:site_name\" content=\"Dutchfem\" \/>\n<meta property=\"article:publisher\" content=\"https:\/\/www.facebook.com\/Dutchfem\/\" \/>\n<meta property=\"article:modified_time\" content=\"2025-02-28T23:22:37+00:00\" \/>\n<meta property=\"og:image\" content=\"https:\/\/www.dutchfem.com\/wp-content\/uploads\/2021\/03\/fb-front.jpg\" \/>\n\t<meta property=\"og:image:width\" content=\"1732\" \/>\n\t<meta property=\"og:image:height\" content=\"1732\" \/>\n\t<meta property=\"og:image:type\" content=\"image\/jpeg\" \/>\n<meta name=\"twitter:card\" content=\"summary_large_image\" \/>\n<meta name=\"twitter:site\" content=\"@dutchfem\" \/>\n<meta name=\"twitter:label1\" content=\"Gesch\u00e4tzte Lesezeit\" \/>\n\t<meta name=\"twitter:data1\" content=\"1\u00a0Minute\" \/>\n<script type=\"application\/ld+json\" class=\"yoast-schema-graph\">{\"@context\":\"https:\/\/schema.org\",\"@graph\":[{\"@type\":\"WebPage\",\"@id\":\"https:\/\/www.dutchfem.com\/de\/zufriendenheitsgarantie\/\",\"url\":\"https:\/\/www.dutchfem.com\/de\/zufriendenheitsgarantie\/\",\"name\":\"Zufriendenheitsgarantie - Dutchfem\",\"isPartOf\":{\"@id\":\"https:\/\/www.dutchfem.com\/#website\"},\"datePublished\":\"2018-05-11T17:06:40+00:00\",\"dateModified\":\"2025-02-28T23:22:37+00:00\",\"breadcrumb\":{\"@id\":\"https:\/\/www.dutchfem.com\/de\/zufriendenheitsgarantie\/#breadcrumb\"},\"inLanguage\":\"de\",\"potentialAction\":[{\"@type\":\"ReadAction\",\"target\":[\"https:\/\/www.dutchfem.com\/de\/zufriendenheitsgarantie\/\"]}]},{\"@type\":\"BreadcrumbList\",\"@id\":\"https:\/\/www.dutchfem.com\/de\/zufriendenheitsgarantie\/#breadcrumb\",\"itemListElement\":[{\"@type\":\"ListItem\",\"position\":1,\"name\":\"Home\",\"item\":\"https:\/\/www.dutchfem.com\/de\/\"},{\"@type\":\"ListItem\",\"position\":2,\"name\":\"Zufriendenheitsgarantie\"}]},{\"@type\":\"WebSite\",\"@id\":\"https:\/\/www.dutchfem.com\/#website\",\"url\":\"https:\/\/www.dutchfem.com\/\",\"name\":\"Dutchfem\",\"description\":\"Buy Feminized Cannabis Seeds - Autoflowering Seeds - Medical Marijuana Seeds &amp; CBD Oil online\",\"publisher\":{\"@id\":\"https:\/\/www.dutchfem.com\/#organization\"},\"potentialAction\":[{\"@type\":\"SearchAction\",\"target\":{\"@type\":\"EntryPoint\",\"urlTemplate\":\"https:\/\/www.dutchfem.com\/?s={search_term_string}\"},\"query-input\":{\"@type\":\"PropertyValueSpecification\",\"valueRequired\":true,\"valueName\":\"search_term_string\"}}],\"inLanguage\":\"de\"},{\"@type\":\"Organization\",\"@id\":\"https:\/\/www.dutchfem.com\/#organization\",\"name\":\"Dutchfem Cannabis Seeds\",\"url\":\"https:\/\/www.dutchfem.com\/\",\"logo\":{\"@type\":\"ImageObject\",\"inLanguage\":\"de\",\"@id\":\"https:\/\/www.dutchfem.com\/#\/schema\/logo\/image\/\",\"url\":\"https:\/\/www.dutchfem.com\/wp-content\/uploads\/2017\/10\/logo_Dutchfem-web.png\",\"contentUrl\":\"https:\/\/www.dutchfem.com\/wp-content\/uploads\/2017\/10\/logo_Dutchfem-web.png\",\"width\":825,\"height\":288,\"caption\":\"Dutchfem Cannabis Seeds\"},\"image\":{\"@id\":\"https:\/\/www.dutchfem.com\/#\/schema\/logo\/image\/\"},\"sameAs\":[\"https:\/\/www.facebook.com\/Dutchfem\/\",\"https:\/\/x.com\/dutchfem\",\"https:\/\/www.instagram.com\/dutchfemseeds\/\",\"https:\/\/www.youtube.com\/@Dutchfem\",\"https:\/\/nl.pinterest.com\/dutchfem\/\",\"https:\/\/bsky.app\/profile\/dutchfem.bsky.social\",\"https:\/\/www.threads.com\/@dutchfemseeds?igshid=NTc4MTIwNjQ2YQ\",\"https:\/\/www.tumblr.com\/dutchfemseeds\"]}]}<\/script>\n<!-- \/ Yoast SEO plugin. -->","yoast_head_json":{"title":"Zufriendenheitsgarantie - Dutchfem","robots":{"index":"index","follow":"follow","max-snippet":"max-snippet:-1","max-image-preview":"max-image-preview:large","max-video-preview":"max-video-preview:-1"},"canonical":"https:\/\/www.dutchfem.com\/de\/zufriendenheitsgarantie\/","og_locale":"de_DE","og_type":"article","og_title":"Zufriendenheitsgarantie - Dutchfem","og_description":"Zufriendenheitsgarantie &nbsp; Unsere Anspr\u00fcche sind hoch, was bedeutet, dass wir selbst nur dann zufrieden sind, wenn auch Sie es sind. Aus diesem Grunde haben wir die folgende Zufriedenheitsgarantie entwickelt, die","og_url":"https:\/\/www.dutchfem.com\/de\/zufriendenheitsgarantie\/","og_site_name":"Dutchfem","article_publisher":"https:\/\/www.facebook.com\/Dutchfem\/","article_modified_time":"2025-02-28T23:22:37+00:00","og_image":[{"width":1732,"height":1732,"url":"https:\/\/www.dutchfem.com\/wp-content\/uploads\/2021\/03\/fb-front.jpg","type":"image\/jpeg"}],"twitter_card":"summary_large_image","twitter_site":"@dutchfem","twitter_misc":{"Gesch\u00e4tzte Lesezeit":"1\u00a0Minute"},"schema":{"@context":"https:\/\/schema.org","@graph":[{"@type":"WebPage","@id":"https:\/\/www.dutchfem.com\/de\/zufriendenheitsgarantie\/","url":"https:\/\/www.dutchfem.com\/de\/zufriendenheitsgarantie\/","name":"Zufriendenheitsgarantie - Dutchfem","isPartOf":{"@id":"https:\/\/www.dutchfem.com\/#website"},"datePublished":"2018-05-11T17:06:40+00:00","dateModified":"2025-02-28T23:22:37+00:00","breadcrumb":{"@id":"https:\/\/www.dutchfem.com\/de\/zufriendenheitsgarantie\/#breadcrumb"},"inLanguage":"de","potentialAction":[{"@type":"ReadAction","target":["https:\/\/www.dutchfem.com\/de\/zufriendenheitsgarantie\/"]}]},{"@type":"BreadcrumbList","@id":"https:\/\/www.dutchfem.com\/de\/zufriendenheitsgarantie\/#breadcrumb","itemListElement":[{"@type":"ListItem","position":1,"name":"Home","item":"https:\/\/www.dutchfem.com\/de\/"},{"@type":"ListItem","position":2,"name":"Zufriendenheitsgarantie"}]},{"@type":"WebSite","@id":"https:\/\/www.dutchfem.com\/#website","url":"https:\/\/www.dutchfem.com\/","name":"Dutchfem","description":"Buy Feminized Cannabis Seeds - Autoflowering Seeds - Medical Marijuana Seeds &amp; CBD Oil online","publisher":{"@id":"https:\/\/www.dutchfem.com\/#organization"},"potentialAction":[{"@type":"SearchAction","target":{"@type":"EntryPoint","urlTemplate":"https:\/\/www.dutchfem.com\/?s={search_term_string}"},"query-input":{"@type":"PropertyValueSpecification","valueRequired":true,"valueName":"search_term_string"}}],"inLanguage":"de"},{"@type":"Organization","@id":"https:\/\/www.dutchfem.com\/#organization","name":"Dutchfem Cannabis Seeds","url":"https:\/\/www.dutchfem.com\/","logo":{"@type":"ImageObject","inLanguage":"de","@id":"https:\/\/www.dutchfem.com\/#\/schema\/logo\/image\/","url":"https:\/\/www.dutchfem.com\/wp-content\/uploads\/2017\/10\/logo_Dutchfem-web.png","contentUrl":"https:\/\/www.dutchfem.com\/wp-content\/uploads\/2017\/10\/logo_Dutchfem-web.png","width":825,"height":288,"caption":"Dutchfem Cannabis Seeds"},"image":{"@id":"https:\/\/www.dutchfem.com\/#\/schema\/logo\/image\/"},"sameAs":["https:\/\/www.facebook.com\/Dutchfem\/","https:\/\/x.com\/dutchfem","https:\/\/www.instagram.com\/dutchfemseeds\/","https:\/\/www.youtube.com\/@Dutchfem","https:\/\/nl.pinterest.com\/dutchfem\/","https:\/\/bsky.app\/profile\/dutchfem.bsky.social","https:\/\/www.threads.com\/@dutchfemseeds?igshid=NTc4MTIwNjQ2YQ","https:\/\/www.tumblr.com\/dutchfemseeds"]}]}},"_links":{"self":[{"href":"https:\/\/www.dutchfem.com\/de\/wp-json\/wp\/v2\/pages\/5521","targetHints":{"allow":["GET"]}}],"collection":[{"href":"https:\/\/www.dutchfem.com\/de\/wp-json\/wp\/v2\/pages"}],"about":[{"href":"https:\/\/www.dutchfem.com\/de\/wp-json\/wp\/v2\/types\/page"}],"author":[{"embeddable":true,"href":"https:\/\/www.dutchfem.com\/de\/wp-json\/wp\/v2\/users\/2"}],"replies":[{"embeddable":true,"href":"https:\/\/www.dutchfem.com\/de\/wp-json\/wp\/v2\/comments?post=5521"}],"version-history":[{"count":0,"href":"https:\/\/www.dutchfem.com\/de\/wp-json\/wp\/v2\/pages\/5521\/revisions"}],"wp:attachment":[{"href":"https:\/\/www.dutchfem.com\/de\/wp-json\/wp\/v2\/media?parent=5521"}],"curies":[{"name":"wp","href":"https:\/\/api.w.org\/{rel}","templated":true}]}}