{"id":5710,"date":"2018-05-17T16:50:22","date_gmt":"2018-05-17T16:50:22","guid":{"rendered":"https:\/\/www.dutchfem.com\/?page_id=5710"},"modified":"2024-07-22T14:49:03","modified_gmt":"2024-07-22T13:49:03","slug":"versand-lieferung","status":"publish","type":"page","link":"https:\/\/www.dutchfem.com\/de\/versand-lieferung\/","title":{"rendered":"Versand &#038; Lieferung"},"content":{"rendered":"<div class=\"wpb-content-wrapper\"><p>[vc_row][vc_column][vc_column_text css=&#8220;&#8220;]<\/p>\n<h3 style=\"text-align: center;\">Versand &amp; Lieferung<\/h3>\n<p style=\"text-align: center;\">Alle Bestellungen, die auf Dutchfem.com aufgegeben werden, werden mit DPD, PostNL oder UPS geliefert. Wenn Sie vor 16:00 Uhr bestellen, wird die Ware noch am selben Tag versandt. Es ist nicht m\u00f6glich, an ein Postfach zu liefern. Pakete k\u00f6nnen nur an Hausadressen zugestellt werden. Alle Pakete werden in flachen Briefk\u00e4sten verschickt und an Ihren Briefkasten geliefert, ohne dass Sie zu Hause bleiben m\u00fcssen, um sie entgegenzunehmen. Nur bei gr\u00f6\u00dferen Paketen m\u00fcssen Sie die Lieferung selbst in Empfang nehmen. Wenn Sie zum Zeitpunkt der Zustellung nicht zu Hause sind, finden Sie in Ihrem Briefkasten einen Zettel mit einer Benachrichtigung, wann und wo Sie das Paket abholen k\u00f6nnen. Dies kann bei der n\u00e4chsten Postfiliale oder bei einer speziellen Abholstelle geschehen. In einigen F\u00e4llen wird zun\u00e4chst versucht, die Lieferung am n\u00e4chsten Tag zuzustellen, bevor Sie sie abholen k\u00f6nnen. Alle Bestellungen werden (soweit m\u00f6glich) mit Track &amp; Trace-Option versandt, so dass Sie sie verfolgen k\u00f6nnen. Die Bestellung und der Versand von Hanfsamen erfolgt auf eigene Gefahr und wir haften nicht f\u00fcr Sch\u00e4den, Verlust oder Diebstahl Ihres Pakets.<\/p>\n<h3 style=\"text-align: center;\">Versand Optionen<\/h3>\n<p>[\/vc_column_text][\/vc_column][\/vc_row][vc_row][vc_column width=&#8220;1\/2&#8243;][dfd_single_image image=&#8220;4853&#8243;][dfd_spacer screen_wide_spacer_size=&#8220;20&#8243; screen_normal_resolution=&#8220;1024&#8243; screen_tablet_resolution=&#8220;800&#8243; screen_mobile_resolution=&#8220;480&#8243;][vc_column_text]<\/p>\n<p style=\"text-align: center;\"><strong>POSTNL Standard shipping<\/strong><\/p>\n<p>[\/vc_column_text][dfd_icon_list icon_align=&#8220;icon-center&#8220; list_fields=&#8220;%5B%7B%22icon_type%22%3A%22selector%22%2C%22select_icon%22%3A%22dfd_icons%22%2C%22ic_dfd_icons%22%3A%22dfd-socicon-icon-checkmark%22%2C%22text_content%22%3A%22Discrete%20Shipping%20%22%7D%5D&#8220; main_style=&#8220;style-1&#8243; font_options=&#8220;tag:div&#8220; icon_color=&#8220;#81d742&#8243;][dfd_icon_list icon_align=&#8220;icon-center&#8220; list_fields=&#8220;%5B%7B%22icon_type%22%3A%22selector%22%2C%22select_icon%22%3A%22dfd_icons%22%2C%22ic_dfd_icons%22%3A%22dfd-socicon-cross-24%22%2C%22text_content%22%3A%22Tracking%20Code%20Available%22%7D%2C%7B%22icon_type%22%3A%22selector%22%2C%22select_icon%22%3A%22dfd_icons%22%2C%22ic_dfd_icons%22%3A%22dfd-socicon-cross-24%22%2C%22text_content%22%3A%22Insured%20Parcel%22%7D%5D&#8220; main_style=&#8220;style-1&#8243; font_options=&#8220;tag:div&#8220; icon_color=&#8220;#dd3333&#8243;][\/vc_column][vc_column width=&#8220;1\/2&#8243;][dfd_single_image image=&#8220;11880&#8243;][dfd_spacer screen_wide_spacer_size=&#8220;20&#8243; screen_normal_resolution=&#8220;1024&#8243; screen_tablet_resolution=&#8220;800&#8243; screen_mobile_resolution=&#8220;480&#8243;][vc_column_text]<\/p>\n<p style=\"text-align: center;\"><strong>DPD Track&amp;Trace shipping<\/strong><\/p>\n<p>[\/vc_column_text][dfd_icon_list icon_align=&#8220;icon-center&#8220; list_fields=&#8220;%5B%7B%22icon_type%22%3A%22selector%22%2C%22select_icon%22%3A%22dfd_icons%22%2C%22ic_dfd_icons%22%3A%22dfd-socicon-icon-checkmark%22%2C%22text_content%22%3A%22Discrete%20Shipping%20%22%7D%2C%7B%22icon_type%22%3A%22selector%22%2C%22select_icon%22%3A%22dfd_icons%22%2C%22ic_dfd_icons%22%3A%22dfd-socicon-icon-checkmark%22%2C%22text_content%22%3A%22Tracking%20Code%20Available%22%7D%2C%7B%22icon_type%22%3A%22selector%22%2C%22select_icon%22%3A%22dfd_icons%22%2C%22ic_dfd_icons%22%3A%22dfd-socicon-icon-checkmark%22%2C%22text_content%22%3A%22Insured%20Parcel%22%7D%5D&#8220; main_style=&#8220;style-1&#8243; font_options=&#8220;tag:div&#8220; icon_color=&#8220;#78d635&#8243;][\/vc_column][\/vc_row][vc_row][vc_column][vc_column_text]<\/p>\n<h3 style=\"text-align: center;\">Delivery Time &amp; Cost<\/h3>\n<p>&nbsp;<\/p>\n<table style=\"height: 543px;\" width=\"1124\">\n<tbody>\n<tr>\n<td style=\"width: 20%;\"><strong>Country<\/strong><\/td>\n<td style=\"width: 20%;\"><strong>Average delivery time<\/strong><\/td>\n<td style=\"width: 30%; padding-left: 40px;\"><strong>POSTNL Standard Shipping<\/strong><\/td>\n<td style=\"width: 30%; padding-left: 40px;\"><strong>DPD Track &amp; Trace shipping<\/strong><\/td>\n<td style=\"width: 30%; text-align: center;\"><strong>UPS EXPRESS<\/strong><\/td>\n<\/tr>\n<tr>\n<td>Netherlands<\/td>\n<td>1\u00a0Business\u00a0day<\/td>\n<td style=\"text-align: center;\">Not Available<\/td>\n<td style=\"text-align: center;\">\u20ac3.85 <span style=\"color: #008000;\"><strong>*<\/strong><\/span><\/td>\n<td style=\"text-align: center;\">\u20ac29.95<\/td>\n<\/tr>\n<tr>\n<td>France<\/td>\n<td>3-5\u00a0Business\u00a0days<\/td>\n<td style=\"text-align: center;\">Not Available<\/td>\n<td style=\"text-align: center;\">\u20ac4.95 <span style=\"color: #008000;\"><strong>*<\/strong><\/span><\/td>\n<td style=\"text-align: center;\">\u20ac29.95<\/td>\n<\/tr>\n<tr>\n<td>Spain<\/td>\n<td>3-5\u00a0Business\u00a0days<\/td>\n<td style=\"text-align: center;\">Not Available<\/td>\n<td style=\"text-align: center;\">\u20ac9.95 <span style=\"color: #008000;\"><strong>*<\/strong><\/span><\/td>\n<td style=\"text-align: center;\">\u20ac29.95<\/td>\n<\/tr>\n<tr>\n<td>United Kingdom<\/td>\n<td>2-3 Business\u00a0days<\/td>\n<td style=\"text-align: center;\">\u20ac6.00 <span style=\"color: #008000;\"><strong>*<\/strong><\/span><\/td>\n<td style=\"text-align: center;\">\u20ac9.95 <span style=\"color: #008000;\"><strong>*<\/strong><\/span><\/td>\n<td style=\"text-align: center;\">\u20ac29.95<\/td>\n<\/tr>\n<tr>\n<td>Germany<\/td>\n<td>1-2 Business\u00a0days<\/td>\n<td style=\"text-align: center;\">Not Available<\/td>\n<td style=\"text-align: center;\">\u20ac4.95 <span style=\"color: #008000;\"><strong>*<\/strong><\/span><\/td>\n<td style=\"text-align: center;\">\u20ac29.95<\/td>\n<\/tr>\n<tr>\n<td>Belgium<\/td>\n<td>1-2 Business\u00a0days<\/td>\n<td style=\"text-align: center;\">Not Available<\/td>\n<td style=\"text-align: center;\">\u20ac4.95 <span style=\"color: #008000;\"><strong>*<\/strong><\/span><\/td>\n<td style=\"text-align: center;\">\u20ac29.95<\/td>\n<\/tr>\n<tr>\n<td>Italy<\/td>\n<td>3-5\u00a0Business\u00a0days<\/td>\n<td style=\"text-align: center;\">\u20ac4.95\u00a0<span style=\"color: #008000;\"><strong>*<\/strong><\/span><\/td>\n<td style=\"text-align: center;\">\u20ac9.95 <span style=\"color: #008000;\"><strong>*<\/strong><\/span><\/td>\n<td style=\"text-align: center;\">\u20ac29.95<\/td>\n<\/tr>\n<tr>\n<td>Luxembourg<\/td>\n<td>1-2 Business\u00a0days<\/td>\n<td style=\"text-align: center;\">Not Available<\/td>\n<td style=\"text-align: center;\">\u20ac4.95 <span style=\"color: #008000;\"><strong>*<\/strong><\/span><\/td>\n<td style=\"text-align: center;\">\u20ac29.95<\/td>\n<\/tr>\n<tr>\n<td>Bulgaria<\/td>\n<td>5-7 Business\u00a0days<\/td>\n<td style=\"text-align: center;\">Not Available<\/td>\n<td style=\"text-align: center;\">\u20ac8.95 <span style=\"color: #008000;\"><strong>*<\/strong><\/span><\/td>\n<td style=\"text-align: center;\">\u20ac29.95<\/td>\n<\/tr>\n<tr>\n<td>Rest of Europe<\/td>\n<td>4-5 Business\u00a0days<\/td>\n<td style=\"text-align: center;\">\u20ac4.95\u00a0<span style=\"color: #008000;\"><strong>*<\/strong><\/span><\/td>\n<td style=\"text-align: center;\">\u20ac8.95 <span style=\"color: #008000;\"><strong>*<\/strong><\/span><\/td>\n<td style=\"text-align: center;\">\u20ac29.95<\/td>\n<\/tr>\n<tr>\n<td>Canada<\/td>\n<td>5-6 Business\u00a0days<\/td>\n<td style=\"text-align: center;\">\u20ac7.95 <span style=\"color: #008000;\"><strong>*<\/strong><\/span><\/td>\n<td style=\"text-align: center;\">\u20ac21.95 <span style=\"color: #008000;\"><strong>*<\/strong><\/span><\/td>\n<td style=\"text-align: center;\">\u20ac29.95<\/td>\n<\/tr>\n<tr>\n<td>United States of America<\/td>\n<td>5-6 Business\u00a0days<\/td>\n<td style=\"text-align: center;\">\u20ac7.95 <span style=\"color: #008000;\"><strong>*<\/strong><\/span><\/td>\n<td style=\"text-align: center;\">Not Available<\/td>\n<td style=\"text-align: center;\">&#8211;<\/td>\n<\/tr>\n<tr>\n<td>South-America<\/td>\n<td>5-10 Business\u00a0days<\/td>\n<td style=\"text-align: center;\">\u20ac7.95 <span style=\"color: #008000;\"><strong>*<\/strong><\/span><\/td>\n<td style=\"text-align: center;\">\u20ac21.95<\/td>\n<td style=\"text-align: center;\">\u20ac29.95<\/td>\n<\/tr>\n<tr>\n<td>Rest of the world<\/td>\n<td>\u00a05-10 Business\u00a0days<\/td>\n<td style=\"text-align: center;\">\u20ac7.95 <span style=\"color: #008000;\"><strong>*<\/strong><\/span><\/td>\n<td style=\"text-align: center;\">\u20ac21.95<\/td>\n<td style=\"text-align: center;\">\u20ac29.95<\/td>\n<\/tr>\n<tr>\n<td><\/td>\n<td><\/td>\n<td><strong><span style=\"color: #008000;\"><em>\u00a0* FREE ON ORDERS ABOVE \u20ac50,-<\/em><\/span><\/strong><\/td>\n<td><strong><span style=\"color: #008000;\"><em>\u00a0* FREE ON ORDERS ABOVE \u20ac100,-<\/em><\/span><\/strong><\/td>\n<td><\/td>\n<\/tr>\n<\/tbody>\n<\/table>\n<p>[\/vc_column_text][\/vc_column][\/vc_row]<\/p>\n<\/div>","protected":false},"excerpt":{"rendered":"<p>[vc_row][vc_column][vc_column_text css=&#8220;&#8220;] Versand &amp; Lieferung Alle Bestellungen, die auf Dutchfem.com aufgegeben werden, werden mit DPD, PostNL oder UPS geliefert. Wenn Sie vor 16:00 Uhr bestellen, wird die Ware noch am<\/p>\n","protected":false},"author":2,"featured_media":0,"parent":0,"menu_order":0,"comment_status":"closed","ping_status":"closed","template":"","meta":{"_exactmetrics_skip_tracking":false,"_exactmetrics_sitenote_active":false,"_exactmetrics_sitenote_note":"","_exactmetrics_sitenote_category":0,"footnotes":""},"class_list":["post-5710","page","type-page","status-publish","hentry"],"yoast_head":"<!-- This site is optimized with the Yoast SEO plugin v26.9 - https:\/\/yoast.com\/product\/yoast-seo-wordpress\/ -->\n<title>Versand &amp; Lieferung - Dutchfem<\/title>\n<meta name=\"robots\" content=\"index, follow, max-snippet:-1, max-image-preview:large, max-video-preview:-1\" \/>\n<link rel=\"canonical\" href=\"https:\/\/www.dutchfem.com\/de\/versand-lieferung\/\" \/>\n<meta property=\"og:locale\" content=\"de_DE\" \/>\n<meta property=\"og:type\" content=\"article\" \/>\n<meta property=\"og:title\" content=\"Versand &amp; Lieferung - Dutchfem\" \/>\n<meta property=\"og:description\" content=\"[vc_row][vc_column][vc_column_text css=&#8220;&#8220;] Versand &amp; Lieferung Alle Bestellungen, die auf Dutchfem.com aufgegeben werden, werden mit DPD, PostNL oder UPS geliefert. Wenn Sie vor 16:00 Uhr bestellen, wird die Ware noch am\" \/>\n<meta property=\"og:url\" content=\"https:\/\/www.dutchfem.com\/de\/versand-lieferung\/\" \/>\n<meta property=\"og:site_name\" content=\"Dutchfem\" \/>\n<meta property=\"article:publisher\" content=\"https:\/\/www.facebook.com\/Dutchfem\/\" \/>\n<meta property=\"article:modified_time\" content=\"2024-07-22T13:49:03+00:00\" \/>\n<meta property=\"og:image\" content=\"https:\/\/www.dutchfem.com\/wp-content\/uploads\/2021\/03\/fb-front.jpg\" \/>\n\t<meta property=\"og:image:width\" content=\"1732\" \/>\n\t<meta property=\"og:image:height\" content=\"1732\" \/>\n\t<meta property=\"og:image:type\" content=\"image\/jpeg\" \/>\n<meta name=\"twitter:card\" content=\"summary_large_image\" \/>\n<meta name=\"twitter:site\" content=\"@dutchfem\" \/>\n<meta name=\"twitter:label1\" content=\"Gesch\u00e4tzte Lesezeit\" \/>\n\t<meta name=\"twitter:data1\" content=\"3\u00a0Minuten\" \/>\n<script type=\"application\/ld+json\" class=\"yoast-schema-graph\">{\"@context\":\"https:\/\/schema.org\",\"@graph\":[{\"@type\":\"WebPage\",\"@id\":\"https:\/\/www.dutchfem.com\/de\/versand-lieferung\/\",\"url\":\"https:\/\/www.dutchfem.com\/de\/versand-lieferung\/\",\"name\":\"Versand & Lieferung - Dutchfem\",\"isPartOf\":{\"@id\":\"https:\/\/www.dutchfem.com\/#website\"},\"datePublished\":\"2018-05-17T16:50:22+00:00\",\"dateModified\":\"2024-07-22T13:49:03+00:00\",\"breadcrumb\":{\"@id\":\"https:\/\/www.dutchfem.com\/de\/versand-lieferung\/#breadcrumb\"},\"inLanguage\":\"de\",\"potentialAction\":[{\"@type\":\"ReadAction\",\"target\":[\"https:\/\/www.dutchfem.com\/de\/versand-lieferung\/\"]}]},{\"@type\":\"BreadcrumbList\",\"@id\":\"https:\/\/www.dutchfem.com\/de\/versand-lieferung\/#breadcrumb\",\"itemListElement\":[{\"@type\":\"ListItem\",\"position\":1,\"name\":\"Home\",\"item\":\"https:\/\/www.dutchfem.com\/de\/\"},{\"@type\":\"ListItem\",\"position\":2,\"name\":\"Versand &#038; Lieferung\"}]},{\"@type\":\"WebSite\",\"@id\":\"https:\/\/www.dutchfem.com\/#website\",\"url\":\"https:\/\/www.dutchfem.com\/\",\"name\":\"Dutchfem\",\"description\":\"Buy Feminized Cannabis Seeds - Autoflowering Seeds - Medical Marijuana Seeds &amp; CBD Oil online\",\"publisher\":{\"@id\":\"https:\/\/www.dutchfem.com\/#organization\"},\"potentialAction\":[{\"@type\":\"SearchAction\",\"target\":{\"@type\":\"EntryPoint\",\"urlTemplate\":\"https:\/\/www.dutchfem.com\/?s={search_term_string}\"},\"query-input\":{\"@type\":\"PropertyValueSpecification\",\"valueRequired\":true,\"valueName\":\"search_term_string\"}}],\"inLanguage\":\"de\"},{\"@type\":\"Organization\",\"@id\":\"https:\/\/www.dutchfem.com\/#organization\",\"name\":\"Dutchfem Cannabis Seeds\",\"url\":\"https:\/\/www.dutchfem.com\/\",\"logo\":{\"@type\":\"ImageObject\",\"inLanguage\":\"de\",\"@id\":\"https:\/\/www.dutchfem.com\/#\/schema\/logo\/image\/\",\"url\":\"https:\/\/www.dutchfem.com\/wp-content\/uploads\/2017\/10\/logo_Dutchfem-web.png\",\"contentUrl\":\"https:\/\/www.dutchfem.com\/wp-content\/uploads\/2017\/10\/logo_Dutchfem-web.png\",\"width\":825,\"height\":288,\"caption\":\"Dutchfem Cannabis Seeds\"},\"image\":{\"@id\":\"https:\/\/www.dutchfem.com\/#\/schema\/logo\/image\/\"},\"sameAs\":[\"https:\/\/www.facebook.com\/Dutchfem\/\",\"https:\/\/x.com\/dutchfem\",\"https:\/\/www.instagram.com\/dutchfemseeds\/\",\"https:\/\/www.youtube.com\/@Dutchfem\",\"https:\/\/nl.pinterest.com\/dutchfem\/\",\"https:\/\/bsky.app\/profile\/dutchfem.bsky.social\",\"https:\/\/www.threads.com\/@dutchfemseeds?igshid=NTc4MTIwNjQ2YQ\",\"https:\/\/www.tumblr.com\/dutchfemseeds\"]}]}<\/script>\n<!-- \/ Yoast SEO plugin. -->","yoast_head_json":{"title":"Versand & Lieferung - Dutchfem","robots":{"index":"index","follow":"follow","max-snippet":"max-snippet:-1","max-image-preview":"max-image-preview:large","max-video-preview":"max-video-preview:-1"},"canonical":"https:\/\/www.dutchfem.com\/de\/versand-lieferung\/","og_locale":"de_DE","og_type":"article","og_title":"Versand & Lieferung - Dutchfem","og_description":"[vc_row][vc_column][vc_column_text css=&#8220;&#8220;] Versand &amp; Lieferung Alle Bestellungen, die auf Dutchfem.com aufgegeben werden, werden mit DPD, PostNL oder UPS geliefert. Wenn Sie vor 16:00 Uhr bestellen, wird die Ware noch am","og_url":"https:\/\/www.dutchfem.com\/de\/versand-lieferung\/","og_site_name":"Dutchfem","article_publisher":"https:\/\/www.facebook.com\/Dutchfem\/","article_modified_time":"2024-07-22T13:49:03+00:00","og_image":[{"width":1732,"height":1732,"url":"https:\/\/www.dutchfem.com\/wp-content\/uploads\/2021\/03\/fb-front.jpg","type":"image\/jpeg"}],"twitter_card":"summary_large_image","twitter_site":"@dutchfem","twitter_misc":{"Gesch\u00e4tzte Lesezeit":"3\u00a0Minuten"},"schema":{"@context":"https:\/\/schema.org","@graph":[{"@type":"WebPage","@id":"https:\/\/www.dutchfem.com\/de\/versand-lieferung\/","url":"https:\/\/www.dutchfem.com\/de\/versand-lieferung\/","name":"Versand & Lieferung - Dutchfem","isPartOf":{"@id":"https:\/\/www.dutchfem.com\/#website"},"datePublished":"2018-05-17T16:50:22+00:00","dateModified":"2024-07-22T13:49:03+00:00","breadcrumb":{"@id":"https:\/\/www.dutchfem.com\/de\/versand-lieferung\/#breadcrumb"},"inLanguage":"de","potentialAction":[{"@type":"ReadAction","target":["https:\/\/www.dutchfem.com\/de\/versand-lieferung\/"]}]},{"@type":"BreadcrumbList","@id":"https:\/\/www.dutchfem.com\/de\/versand-lieferung\/#breadcrumb","itemListElement":[{"@type":"ListItem","position":1,"name":"Home","item":"https:\/\/www.dutchfem.com\/de\/"},{"@type":"ListItem","position":2,"name":"Versand &#038; Lieferung"}]},{"@type":"WebSite","@id":"https:\/\/www.dutchfem.com\/#website","url":"https:\/\/www.dutchfem.com\/","name":"Dutchfem","description":"Buy Feminized Cannabis Seeds - Autoflowering Seeds - Medical Marijuana Seeds &amp; CBD Oil online","publisher":{"@id":"https:\/\/www.dutchfem.com\/#organization"},"potentialAction":[{"@type":"SearchAction","target":{"@type":"EntryPoint","urlTemplate":"https:\/\/www.dutchfem.com\/?s={search_term_string}"},"query-input":{"@type":"PropertyValueSpecification","valueRequired":true,"valueName":"search_term_string"}}],"inLanguage":"de"},{"@type":"Organization","@id":"https:\/\/www.dutchfem.com\/#organization","name":"Dutchfem Cannabis Seeds","url":"https:\/\/www.dutchfem.com\/","logo":{"@type":"ImageObject","inLanguage":"de","@id":"https:\/\/www.dutchfem.com\/#\/schema\/logo\/image\/","url":"https:\/\/www.dutchfem.com\/wp-content\/uploads\/2017\/10\/logo_Dutchfem-web.png","contentUrl":"https:\/\/www.dutchfem.com\/wp-content\/uploads\/2017\/10\/logo_Dutchfem-web.png","width":825,"height":288,"caption":"Dutchfem Cannabis Seeds"},"image":{"@id":"https:\/\/www.dutchfem.com\/#\/schema\/logo\/image\/"},"sameAs":["https:\/\/www.facebook.com\/Dutchfem\/","https:\/\/x.com\/dutchfem","https:\/\/www.instagram.com\/dutchfemseeds\/","https:\/\/www.youtube.com\/@Dutchfem","https:\/\/nl.pinterest.com\/dutchfem\/","https:\/\/bsky.app\/profile\/dutchfem.bsky.social","https:\/\/www.threads.com\/@dutchfemseeds?igshid=NTc4MTIwNjQ2YQ","https:\/\/www.tumblr.com\/dutchfemseeds"]}]}},"_links":{"self":[{"href":"https:\/\/www.dutchfem.com\/de\/wp-json\/wp\/v2\/pages\/5710","targetHints":{"allow":["GET"]}}],"collection":[{"href":"https:\/\/www.dutchfem.com\/de\/wp-json\/wp\/v2\/pages"}],"about":[{"href":"https:\/\/www.dutchfem.com\/de\/wp-json\/wp\/v2\/types\/page"}],"author":[{"embeddable":true,"href":"https:\/\/www.dutchfem.com\/de\/wp-json\/wp\/v2\/users\/2"}],"replies":[{"embeddable":true,"href":"https:\/\/www.dutchfem.com\/de\/wp-json\/wp\/v2\/comments?post=5710"}],"version-history":[{"count":0,"href":"https:\/\/www.dutchfem.com\/de\/wp-json\/wp\/v2\/pages\/5710\/revisions"}],"wp:attachment":[{"href":"https:\/\/www.dutchfem.com\/de\/wp-json\/wp\/v2\/media?parent=5710"}],"curies":[{"name":"wp","href":"https:\/\/api.w.org\/{rel}","templated":true}]}}