{"id":14398,"date":"2022-03-08T13:43:09","date_gmt":"2022-03-08T13:43:10","guid":{"rendered":"https:\/\/www.dutchfem.com\/?post_type=product&#038;p=14398"},"modified":"2025-07-17T14:45:59","modified_gmt":"2025-07-17T12:45:59","slug":"fast-and-furious-autoflowering","status":"publish","type":"product","link":"https:\/\/www.dutchfem.com\/de\/kaufe\/fast-and-furious-autoflowering\/","title":{"rendered":"Fast and Furious Autoflowering"},"content":{"rendered":"<h3 data-start=\"143\" data-end=\"220\">Fast and Furious Autoflowering \u2013 Schnelle Ernten, kompromisslose Qualit\u00e4t<\/h3>\n<p data-start=\"222\" data-end=\"569\"><strong data-start=\"222\" data-end=\"271\">Fast and Furious Autoflowering Cannabis Seeds<\/strong> von Dutchfem bieten alles, was der Name verspricht: rasant wachsendes, harziges Cannabis, gepaart mit einer unkomplizierten Handhabung. Diese Sorte kombiniert eine blitzschnelle Entwicklung mit hochwertigem Aroma und soliden Ertr\u00e4gen \u2013 perfekt f\u00fcr Z\u00fcchter, die schnell und effizient ernten wollen.<\/p>\n<h4 data-start=\"571\" data-end=\"612\">Sortenprofil \u2013 Speed trifft auf Power<\/h4>\n<p data-start=\"614\" data-end=\"947\">Dieser Hybrid vereint die besten Eigenschaften von <strong data-start=\"665\" data-end=\"679\">MadMax #33<\/strong>, <strong data-start=\"681\" data-end=\"690\">Dwarf<\/strong> und <strong data-start=\"695\" data-end=\"707\">Quickbud<\/strong> in einer robusten autoflowering Sorte. Die Pflanzen bleiben kompakt und widerstandsf\u00e4hig, bl\u00fchen automatisch und liefern dabei in k\u00fcrzester Zeit dichte, harzige Buds. Ein Garten voller rein weiblicher Pflanzen \u2013 ohne aufwendige Lichtpl\u00e4ne.<\/p>\n<h4 data-start=\"949\" data-end=\"996\">Aroma und Geschmack \u2013 Scharf, erdig und s\u00fc\u00df<\/h4>\n<p data-start=\"998\" data-end=\"1364\">Fast and Furious \u00fcberzeugt nicht nur durch Geschwindigkeit, sondern auch durch ein intensives Aroma: W\u00fcrzige, erdige Noten treffen auf eine dezente S\u00fc\u00dfe. W\u00e4hrend die Pflanzen reifen, entwickelt sich ein dichter, angenehmer Duft. Auch beim Konsum bleibt diese Sorte spannend \u2013 mit einem vollmundigen, kraftvollen Geschmacksprofil f\u00fcr ein befriedigendes Raucherlebnis.<\/p>\n<h4 data-start=\"1366\" data-end=\"1407\">Anbau \u2013 Schnell, einfach, erfolgreich<\/h4>\n<p data-start=\"1409\" data-end=\"1783\"><strong data-start=\"1409\" data-end=\"1443\">Fast and Furious Autoflowering<\/strong> ist speziell f\u00fcr Z\u00fcchter entwickelt, die ohne Umwege schnelle Ergebnisse erzielen m\u00f6chten. Die selbstbl\u00fchenden Pflanzen wechseln automatisch in die Bl\u00fctephase und ben\u00f6tigen keine speziellen Lichtzyklen. Ideal f\u00fcr Indoor-, Outdoor- und Balkonanbau. Dank des kurzen Lebenszyklus eignet sich diese Sorte perfekt f\u00fcr mehrere Ernten pro Saison.<\/p>\n<h4 data-start=\"1785\" data-end=\"1817\">Ertrag \u2013 Schnell und lohnend<\/h4>\n<p data-start=\"1819\" data-end=\"2101\">Trotz des beschleunigten Wachstums liefert diese Sorte erstaunlich gute Ertr\u00e4ge. Die dichten, harzreichen Buds sind in k\u00fcrzester Zeit erntereif. Ob Hobby-Grower oder kommerzieller Produzent: <strong data-start=\"2010\" data-end=\"2030\">Fast and Furious<\/strong> sorgt f\u00fcr eine verl\u00e4ssliche und schnelle Ernte ohne Qualit\u00e4tseinbu\u00dfen.<\/p>\n<h4 data-start=\"2103\" data-end=\"2159\">Gr\u00f6\u00dfe und Flexibilit\u00e4t \u2013 Kompakt und anpassungsf\u00e4hig<\/h4>\n<p data-start=\"2161\" data-end=\"2413\">Die Pflanzen bleiben kompakt, was sie perfekt f\u00fcr diskrete Grows oder kleine R\u00e4ume macht. Gleichzeitig passen sie sich problemlos verschiedenen Bedingungen an und bleiben dabei leistungsstark und ertragsreich \u2013 die ideale Sorte f\u00fcr schnelle Durchl\u00e4ufe.<\/p>\n<h4 data-start=\"2415\" data-end=\"2465\">Wirkung \u2013 Erfrischend und entspannend zugleich<\/h4>\n<p data-start=\"2467\" data-end=\"2772\">Fast and Furious Autoflowering liefert eine ausgewogene Mischung aus entspannender Indica und belebender Sativa. Das Ergebnis: Eine angenehme Balance zwischen k\u00f6rperlicher Entspannung und geistiger Klarheit \u2013 geeignet f\u00fcr jede Tageszeit, ob zur Steigerung der Produktivit\u00e4t oder zum Runterkommen am Abend.<\/p>\n<h4 data-start=\"2774\" data-end=\"2819\">Medizinischer Nutzen \u2013 Schnelle Linderung<\/h4>\n<p data-start=\"2821\" data-end=\"3091\">Diese Sorte bietet nicht nur Genuss, sondern auch medizinische Vorteile. Durch die moderate Wirkung und den schnellen Wirkungseintritt eignet sie sich hervorragend zur kurzfristigen Linderung von Stress, Angst und leichten Schmerzen \u2013 ohne eine \u00fcberw\u00e4ltigende Sedierung.<\/p>\n<h4 data-start=\"3098\" data-end=\"3152\">Warum Fast and Furious Autoflowering Seeds w\u00e4hlen?<\/h4>\n<ul data-start=\"3154\" data-end=\"3391\">\n<li data-start=\"3154\" data-end=\"3191\">\n<p data-start=\"3156\" data-end=\"3191\">Extra schnelle Autoflower-Genetik<\/p>\n<\/li>\n<li data-start=\"3192\" data-end=\"3235\">\n<p data-start=\"3194\" data-end=\"3235\">Selbstbl\u00fchende, rein weibliche Pflanzen<\/p>\n<\/li>\n<li data-start=\"3236\" data-end=\"3291\">\n<p data-start=\"3238\" data-end=\"3291\">Intensives, scharf-erdiges Aroma mit s\u00fc\u00dfen Akzenten<\/p>\n<\/li>\n<li data-start=\"3292\" data-end=\"3335\">\n<p data-start=\"3294\" data-end=\"3335\">Kurzer Lebenszyklus f\u00fcr schnelle Ernten<\/p>\n<\/li>\n<li data-start=\"3336\" data-end=\"3391\">\n<p data-start=\"3338\" data-end=\"3391\">Ideal f\u00fcr Indoor, Outdoor und diskreten Balkonanbau<\/p>\n<\/li>\n<\/ul>\n<h4 data-start=\"3398\" data-end=\"3439\">Fazit \u2013 F\u00fcr Grower mit Need for Speed<\/h4>\n<p data-start=\"3441\" data-end=\"3800\">Mit den <strong data-start=\"3449\" data-end=\"3489\">Fast and Furious Autoflowering Seeds<\/strong> holen Sie sich die ideale Sorte f\u00fcr schnelle, unkomplizierte und dennoch hochwertige Ernten. Perfekt f\u00fcr ungeduldige Z\u00fcchter, die in kurzer Zeit gro\u00dfartige Ergebnisse erzielen m\u00f6chten. Bestellen Sie jetzt und erleben Sie den Nervenkitzel einer rasanten Anbaureise \u2013 ohne Kompromisse bei Geschmack und Qualit\u00e4t.<\/p>\n<p><span style=\"color: #ff9900;\"><a style=\"color: #ff9900;\" href=\"https:\/\/www.dutchfem.com\/de\/anbau-von-selbstbluehenden-cannabispflanzen\/\" target=\"_blank\" rel=\"noopener\">Anbau von selbstbl\u00fchenden Cannabispflanzen<\/a><\/span><\/p>\n<p><span style=\"color: #ff9900;\"><a style=\"color: #ff9900;\" href=\"https:\/\/www.dutchfem.com\/de\/beste-erde-fuer-den-anbau-von-selbstbluehenden-cannabissamen\/\" target=\"_blank\" rel=\"noopener\">Beste Erde f\u00fcr den Anbau von selbstbl\u00fchenden Cannabissamen<\/a><\/span><\/p>\n<p><span style=\"color: #ff9900;\"><a style=\"color: #ff9900;\" href=\"https:\/\/www.dutchfem.com\/de\/verwandeln-sie-cannabis-setzlinge-in-bluehende-gesunde-pflanzen\/\" target=\"_blank\" rel=\"noopener\">Verwandeln Sie Cannabis-Setzlinge in bl\u00fchende, gesunde Pflanzen!<\/a><\/span><\/p>\n<p><span style=\"color: #ff9900;\"><a style=\"color: #ff9900;\" href=\"https:\/\/www.youtube.com\/@dutchfem\" target=\"_blank\" rel=\"noopener\">Dutchfem YouTube<\/a><\/span><\/p>\n<p><span style=\"color: #ff9900;\"><a style=\"color: #ff9900;\" href=\"https:\/\/www.instagram.com\/dutchfemseeds\/\" target=\"_blank\" rel=\"noopener\">Dutchfem Instagram<\/a><\/span><\/p>\n<p><span style=\"color: #ff9900;\"><a style=\"color: #ff9900;\" href=\"https:\/\/www.facebook.com\/Dutchfem\/\" target=\"_blank\" rel=\"noopener\">Facebook<\/a><\/span><\/p>\n","protected":false},"excerpt":{"rendered":"<p>Bringen Sie Ihren Cannabisanbau in Schwung mit Fast and Furious Autoflowering Cannabis Seeds von Dutchfem, einer Hochgeschwindigkeitssorte, die f\u00fcr schnelles Wachstum und schnelle Ernten entwickelt wurde.<\/p>\n","protected":false},"featured_media":38905,"comment_status":"open","ping_status":"closed","template":"","meta":{"_exactmetrics_skip_tracking":false,"_exactmetrics_sitenote_active":false,"_exactmetrics_sitenote_note":"","_exactmetrics_sitenote_category":0},"product_brand":[],"product_cat":[104],"product_tag":[2813],"class_list":{"0":"post-14398","1":"product","2":"type-product","3":"status-publish","4":"has-post-thumbnail","6":"product_cat-selbstwachsene-cannabissamen","7":"product_tag-autoflowering-de","9":"first","10":"instock","11":"taxable","12":"shipping-taxable","13":"purchasable","14":"product-type-variable","15":"has-default-attributes"},"yoast_head":"<!-- This site is optimized with the Yoast SEO plugin v26.9 - https:\/\/yoast.com\/product\/yoast-seo-wordpress\/ -->\n<title>Fast and Furious autoflowering kaufen Dutchfem Cannabis-Samen<\/title>\n<meta name=\"description\" content=\"Dutchfem&#039;s Fast and Furious autoflowering Hanfsamen, eine High-Speed-Sorte, die f\u00fcr schnelles Wachstum und schnelle Ernten entwickelt wurde.\" \/>\n<meta name=\"robots\" content=\"index, follow, max-snippet:-1, max-image-preview:large, max-video-preview:-1\" \/>\n<link rel=\"canonical\" href=\"https:\/\/www.dutchfem.com\/de\/kaufe\/fast-and-furious-autoflowering\/\" \/>\n<meta property=\"og:locale\" content=\"de_DE\" \/>\n<meta property=\"og:type\" content=\"article\" \/>\n<meta property=\"og:title\" content=\"Fast and Furious autoflowering kaufen Dutchfem Cannabis-Samen\" \/>\n<meta property=\"og:description\" content=\"Dutchfem&#039;s Fast and Furious autoflowering Hanfsamen, eine High-Speed-Sorte, die f\u00fcr schnelles Wachstum und schnelle Ernten entwickelt wurde.\" \/>\n<meta property=\"og:url\" content=\"https:\/\/www.dutchfem.com\/de\/kaufe\/fast-and-furious-autoflowering\/\" \/>\n<meta property=\"og:site_name\" content=\"Dutchfem\" \/>\n<meta property=\"article:publisher\" content=\"https:\/\/www.facebook.com\/Dutchfem\/\" \/>\n<meta property=\"article:modified_time\" content=\"2025-07-17T12:45:59+00:00\" \/>\n<meta property=\"og:image\" content=\"https:\/\/www.dutchfem.com\/wp-content\/uploads\/2025\/05\/fast-and-furious-auto-scaled-e1746878968771.jpeg\" \/>\n\t<meta property=\"og:image:width\" content=\"2560\" \/>\n\t<meta property=\"og:image:height\" content=\"2560\" \/>\n\t<meta property=\"og:image:type\" content=\"image\/jpeg\" \/>\n<meta name=\"twitter:card\" content=\"summary_large_image\" \/>\n<meta name=\"twitter:site\" content=\"@dutchfem\" \/>\n<meta name=\"twitter:label1\" content=\"Gesch\u00e4tzte Lesezeit\" \/>\n\t<meta name=\"twitter:data1\" content=\"3\u00a0Minuten\" \/>\n<script type=\"application\/ld+json\" class=\"yoast-schema-graph\">{\"@context\":\"https:\/\/schema.org\",\"@graph\":[{\"@type\":\"WebPage\",\"@id\":\"https:\/\/www.dutchfem.com\/de\/kaufe\/fast-and-furious-autoflowering\/\",\"url\":\"https:\/\/www.dutchfem.com\/de\/kaufe\/fast-and-furious-autoflowering\/\",\"name\":\"Fast and Furious autoflowering kaufen Dutchfem Cannabis-Samen\",\"isPartOf\":{\"@id\":\"https:\/\/www.dutchfem.com\/#website\"},\"primaryImageOfPage\":{\"@id\":\"https:\/\/www.dutchfem.com\/de\/kaufe\/fast-and-furious-autoflowering\/#primaryimage\"},\"image\":{\"@id\":\"https:\/\/www.dutchfem.com\/de\/kaufe\/fast-and-furious-autoflowering\/#primaryimage\"},\"thumbnailUrl\":\"https:\/\/www.dutchfem.com\/wp-content\/uploads\/2025\/05\/fast-and-furious-auto-scaled-e1746878968771.jpeg\",\"datePublished\":\"2022-03-08T13:43:10+00:00\",\"dateModified\":\"2025-07-17T12:45:59+00:00\",\"description\":\"Dutchfem's Fast and Furious autoflowering Hanfsamen, eine High-Speed-Sorte, die f\u00fcr schnelles Wachstum und schnelle Ernten entwickelt wurde.\",\"breadcrumb\":{\"@id\":\"https:\/\/www.dutchfem.com\/de\/kaufe\/fast-and-furious-autoflowering\/#breadcrumb\"},\"inLanguage\":\"de\",\"potentialAction\":[{\"@type\":\"ReadAction\",\"target\":[\"https:\/\/www.dutchfem.com\/de\/kaufe\/fast-and-furious-autoflowering\/\"]}]},{\"@type\":\"ImageObject\",\"inLanguage\":\"de\",\"@id\":\"https:\/\/www.dutchfem.com\/de\/kaufe\/fast-and-furious-autoflowering\/#primaryimage\",\"url\":\"https:\/\/www.dutchfem.com\/wp-content\/uploads\/2025\/05\/fast-and-furious-auto-scaled-e1746878968771.jpeg\",\"contentUrl\":\"https:\/\/www.dutchfem.com\/wp-content\/uploads\/2025\/05\/fast-and-furious-auto-scaled-e1746878968771.jpeg\",\"width\":2560,\"height\":2560,\"caption\":\"fast and furious autoflower\"},{\"@type\":\"BreadcrumbList\",\"@id\":\"https:\/\/www.dutchfem.com\/de\/kaufe\/fast-and-furious-autoflowering\/#breadcrumb\",\"itemListElement\":[{\"@type\":\"ListItem\",\"position\":1,\"name\":\"Home\",\"item\":\"https:\/\/www.dutchfem.com\/de\/\"},{\"@type\":\"ListItem\",\"position\":2,\"name\":\"Shop\",\"item\":\"https:\/\/www.dutchfem.com\/de\/shop\/\"},{\"@type\":\"ListItem\",\"position\":3,\"name\":\"Fast and Furious Autoflowering\"}]},{\"@type\":\"WebSite\",\"@id\":\"https:\/\/www.dutchfem.com\/#website\",\"url\":\"https:\/\/www.dutchfem.com\/\",\"name\":\"Dutchfem\",\"description\":\"Buy Feminized Cannabis Seeds - Autoflowering Seeds - Medical Marijuana Seeds &amp; CBD Oil online\",\"publisher\":{\"@id\":\"https:\/\/www.dutchfem.com\/#organization\"},\"potentialAction\":[{\"@type\":\"SearchAction\",\"target\":{\"@type\":\"EntryPoint\",\"urlTemplate\":\"https:\/\/www.dutchfem.com\/?s={search_term_string}\"},\"query-input\":{\"@type\":\"PropertyValueSpecification\",\"valueRequired\":true,\"valueName\":\"search_term_string\"}}],\"inLanguage\":\"de\"},{\"@type\":\"Organization\",\"@id\":\"https:\/\/www.dutchfem.com\/#organization\",\"name\":\"Dutchfem Cannabis Seeds\",\"url\":\"https:\/\/www.dutchfem.com\/\",\"logo\":{\"@type\":\"ImageObject\",\"inLanguage\":\"de\",\"@id\":\"https:\/\/www.dutchfem.com\/#\/schema\/logo\/image\/\",\"url\":\"https:\/\/www.dutchfem.com\/wp-content\/uploads\/2017\/10\/logo_Dutchfem-web.png\",\"contentUrl\":\"https:\/\/www.dutchfem.com\/wp-content\/uploads\/2017\/10\/logo_Dutchfem-web.png\",\"width\":825,\"height\":288,\"caption\":\"Dutchfem Cannabis Seeds\"},\"image\":{\"@id\":\"https:\/\/www.dutchfem.com\/#\/schema\/logo\/image\/\"},\"sameAs\":[\"https:\/\/www.facebook.com\/Dutchfem\/\",\"https:\/\/x.com\/dutchfem\",\"https:\/\/www.instagram.com\/dutchfemseeds\/\",\"https:\/\/www.youtube.com\/@Dutchfem\",\"https:\/\/nl.pinterest.com\/dutchfem\/\",\"https:\/\/bsky.app\/profile\/dutchfem.bsky.social\",\"https:\/\/www.threads.com\/@dutchfemseeds?igshid=NTc4MTIwNjQ2YQ\",\"https:\/\/www.tumblr.com\/dutchfemseeds\"]}]}<\/script>\n<!-- \/ Yoast SEO plugin. -->","yoast_head_json":{"title":"Fast and Furious autoflowering kaufen Dutchfem Cannabis-Samen","description":"Dutchfem's Fast and Furious autoflowering Hanfsamen, eine High-Speed-Sorte, die f\u00fcr schnelles Wachstum und schnelle Ernten entwickelt wurde.","robots":{"index":"index","follow":"follow","max-snippet":"max-snippet:-1","max-image-preview":"max-image-preview:large","max-video-preview":"max-video-preview:-1"},"canonical":"https:\/\/www.dutchfem.com\/de\/kaufe\/fast-and-furious-autoflowering\/","og_locale":"de_DE","og_type":"article","og_title":"Fast and Furious autoflowering kaufen Dutchfem Cannabis-Samen","og_description":"Dutchfem's Fast and Furious autoflowering Hanfsamen, eine High-Speed-Sorte, die f\u00fcr schnelles Wachstum und schnelle Ernten entwickelt wurde.","og_url":"https:\/\/www.dutchfem.com\/de\/kaufe\/fast-and-furious-autoflowering\/","og_site_name":"Dutchfem","article_publisher":"https:\/\/www.facebook.com\/Dutchfem\/","article_modified_time":"2025-07-17T12:45:59+00:00","og_image":[{"width":2560,"height":2560,"url":"https:\/\/www.dutchfem.com\/wp-content\/uploads\/2025\/05\/fast-and-furious-auto-scaled-e1746878968771.jpeg","type":"image\/jpeg"}],"twitter_card":"summary_large_image","twitter_site":"@dutchfem","twitter_misc":{"Gesch\u00e4tzte Lesezeit":"3\u00a0Minuten"},"schema":{"@context":"https:\/\/schema.org","@graph":[{"@type":"WebPage","@id":"https:\/\/www.dutchfem.com\/de\/kaufe\/fast-and-furious-autoflowering\/","url":"https:\/\/www.dutchfem.com\/de\/kaufe\/fast-and-furious-autoflowering\/","name":"Fast and Furious autoflowering kaufen Dutchfem Cannabis-Samen","isPartOf":{"@id":"https:\/\/www.dutchfem.com\/#website"},"primaryImageOfPage":{"@id":"https:\/\/www.dutchfem.com\/de\/kaufe\/fast-and-furious-autoflowering\/#primaryimage"},"image":{"@id":"https:\/\/www.dutchfem.com\/de\/kaufe\/fast-and-furious-autoflowering\/#primaryimage"},"thumbnailUrl":"https:\/\/www.dutchfem.com\/wp-content\/uploads\/2025\/05\/fast-and-furious-auto-scaled-e1746878968771.jpeg","datePublished":"2022-03-08T13:43:10+00:00","dateModified":"2025-07-17T12:45:59+00:00","description":"Dutchfem's Fast and Furious autoflowering Hanfsamen, eine High-Speed-Sorte, die f\u00fcr schnelles Wachstum und schnelle Ernten entwickelt wurde.","breadcrumb":{"@id":"https:\/\/www.dutchfem.com\/de\/kaufe\/fast-and-furious-autoflowering\/#breadcrumb"},"inLanguage":"de","potentialAction":[{"@type":"ReadAction","target":["https:\/\/www.dutchfem.com\/de\/kaufe\/fast-and-furious-autoflowering\/"]}]},{"@type":"ImageObject","inLanguage":"de","@id":"https:\/\/www.dutchfem.com\/de\/kaufe\/fast-and-furious-autoflowering\/#primaryimage","url":"https:\/\/www.dutchfem.com\/wp-content\/uploads\/2025\/05\/fast-and-furious-auto-scaled-e1746878968771.jpeg","contentUrl":"https:\/\/www.dutchfem.com\/wp-content\/uploads\/2025\/05\/fast-and-furious-auto-scaled-e1746878968771.jpeg","width":2560,"height":2560,"caption":"fast and furious autoflower"},{"@type":"BreadcrumbList","@id":"https:\/\/www.dutchfem.com\/de\/kaufe\/fast-and-furious-autoflowering\/#breadcrumb","itemListElement":[{"@type":"ListItem","position":1,"name":"Home","item":"https:\/\/www.dutchfem.com\/de\/"},{"@type":"ListItem","position":2,"name":"Shop","item":"https:\/\/www.dutchfem.com\/de\/shop\/"},{"@type":"ListItem","position":3,"name":"Fast and Furious Autoflowering"}]},{"@type":"WebSite","@id":"https:\/\/www.dutchfem.com\/#website","url":"https:\/\/www.dutchfem.com\/","name":"Dutchfem","description":"Buy Feminized Cannabis Seeds - Autoflowering Seeds - Medical Marijuana Seeds &amp; CBD Oil online","publisher":{"@id":"https:\/\/www.dutchfem.com\/#organization"},"potentialAction":[{"@type":"SearchAction","target":{"@type":"EntryPoint","urlTemplate":"https:\/\/www.dutchfem.com\/?s={search_term_string}"},"query-input":{"@type":"PropertyValueSpecification","valueRequired":true,"valueName":"search_term_string"}}],"inLanguage":"de"},{"@type":"Organization","@id":"https:\/\/www.dutchfem.com\/#organization","name":"Dutchfem Cannabis Seeds","url":"https:\/\/www.dutchfem.com\/","logo":{"@type":"ImageObject","inLanguage":"de","@id":"https:\/\/www.dutchfem.com\/#\/schema\/logo\/image\/","url":"https:\/\/www.dutchfem.com\/wp-content\/uploads\/2017\/10\/logo_Dutchfem-web.png","contentUrl":"https:\/\/www.dutchfem.com\/wp-content\/uploads\/2017\/10\/logo_Dutchfem-web.png","width":825,"height":288,"caption":"Dutchfem Cannabis Seeds"},"image":{"@id":"https:\/\/www.dutchfem.com\/#\/schema\/logo\/image\/"},"sameAs":["https:\/\/www.facebook.com\/Dutchfem\/","https:\/\/x.com\/dutchfem","https:\/\/www.instagram.com\/dutchfemseeds\/","https:\/\/www.youtube.com\/@Dutchfem","https:\/\/nl.pinterest.com\/dutchfem\/","https:\/\/bsky.app\/profile\/dutchfem.bsky.social","https:\/\/www.threads.com\/@dutchfemseeds?igshid=NTc4MTIwNjQ2YQ","https:\/\/www.tumblr.com\/dutchfemseeds"]}]}},"_links":{"self":[{"href":"https:\/\/www.dutchfem.com\/de\/wp-json\/wp\/v2\/product\/14398","targetHints":{"allow":["GET"]}}],"collection":[{"href":"https:\/\/www.dutchfem.com\/de\/wp-json\/wp\/v2\/product"}],"about":[{"href":"https:\/\/www.dutchfem.com\/de\/wp-json\/wp\/v2\/types\/product"}],"replies":[{"embeddable":true,"href":"https:\/\/www.dutchfem.com\/de\/wp-json\/wp\/v2\/comments?post=14398"}],"wp:featuredmedia":[{"embeddable":true,"href":"https:\/\/www.dutchfem.com\/de\/wp-json\/wp\/v2\/media\/38905"}],"wp:attachment":[{"href":"https:\/\/www.dutchfem.com\/de\/wp-json\/wp\/v2\/media?parent=14398"}],"wp:term":[{"taxonomy":"product_brand","embeddable":true,"href":"https:\/\/www.dutchfem.com\/de\/wp-json\/wp\/v2\/product_brand?post=14398"},{"taxonomy":"product_cat","embeddable":true,"href":"https:\/\/www.dutchfem.com\/de\/wp-json\/wp\/v2\/product_cat?post=14398"},{"taxonomy":"product_tag","embeddable":true,"href":"https:\/\/www.dutchfem.com\/de\/wp-json\/wp\/v2\/product_tag?post=14398"}],"curies":[{"name":"wp","href":"https:\/\/api.w.org\/{rel}","templated":true}]}}