{"id":28755,"date":"2024-04-25T19:49:17","date_gmt":"2024-04-25T18:49:17","guid":{"rendered":"https:\/\/www.dutchfem.com\/?post_type=product&#038;p=28755"},"modified":"2025-06-17T15:21:48","modified_gmt":"2025-06-17T13:21:48","slug":"dutchfem-joint-tube-weiss","status":"publish","type":"product","link":"https:\/\/www.dutchfem.com\/de\/kaufe\/dutchfem-joint-tube-weiss\/","title":{"rendered":"Acrylic Dutchfem Joint Tube Wei\u00df"},"content":{"rendered":"<p>Halte deine Joints frisch und unbesch\u00e4digt mit Dutchfem Joint Tubes<\/p>\n<p>Unsere Joint Tubes sind ein unverzichtbares Zubeh\u00f6r f\u00fcr jeden Cannabis-Liebhaber, denn sie sind praktisch und funktional.<\/p>\n<p>Unsere Joint Tubes wurden entwickelt, um die Qualit\u00e4t deiner Joints zu bewahren. Sie sind haltbar und luftdicht und sorgen daf\u00fcr, dass deine kostbare Fracht frisch und geschmackvoll bleibt, bis du bereit bist, sie zu konsumieren. Verabschiede dich von zerdr\u00fcckten oder abgestandenen Joints &#8211; unsere Tuben sind die perfekte Schutzh\u00fclle, die deine Joints vor Sch\u00e4den und Umwelteinfl\u00fcssen bewahrt.<\/p>\n<p>Bequemlichkeit ist das A und O. Deshalb sind unsere Joint Tubes kompakt und leicht und passen nahtlos in deine Tasche, deinen Geldbeutel oder deinen Rucksack. Egal, ob du auf einer Wanderung, einem Konzert oder einfach nur unterwegs bist, diese R\u00f6hrchen sind diskret und problemlos zu transportieren, sodass du deine Lieblingssorten jederzeit und \u00fcberall genie\u00dfen kannst.<\/p>\n<p>Aber es geht nicht nur um die Praktikabilit\u00e4t &#8211; unsere Joint Tubes wurden auch mit Blick auf den Stil entworfen. Sie sind in einer Vielzahl von Farben erh\u00e4ltlich, so dass f\u00fcr jeden Geschmack und jede Pers\u00f6nlichkeit das passende R\u00f6hrchen dabei ist. Unsere R\u00f6hrchen verleihen deinem Rauchritual einen Hauch von Flair.<\/p>\n<p>Bei Dutchfem Seeds steht Qualit\u00e4t an erster Stelle. Unsere Joint Tubes werden aus hochwertigen, recycelten Materialien hergestellt, die sowohl sicher als auch umweltfreundlich sind, um ein hervorragendes Raucherlebnis zu gew\u00e4hrleisten und gleichzeitig die Umwelt zu schonen. Au\u00dferdem sind unsere R\u00f6hrchen wiederverwendbar, was sie zu einer nachhaltigen Wahl f\u00fcr umweltbewusste Konsumenten macht.<\/p>\n<p>Egal, ob du ein Freizeitkonsument oder ein medizinischer Patient bist, unsere Joint Tubes sind das perfekte Zubeh\u00f6r, um deine Joints einfach und stilvoll aufzubewahren und zu transportieren. Mit ihrem innovativen Design, ihrer \u00fcberragenden Qualit\u00e4t und ihrem unschlagbaren Komfort sind diese Tuben ein Muss f\u00fcr jeden Raucher.<\/p>\n<p>Zusammengefasst bieten unsere Joint Tubes:<\/p>\n<ul>\n<li><strong>\u00dcberlegenen Schutz:<\/strong> Sie halten deine Joints frisch und unversehrt.<\/li>\n<li><strong>Tragbarkeit:<\/strong> Nimm deine Joints bequem mit, wo immer du hingehst.<\/li>\n<li><strong>Stil:<\/strong> W\u00e4hle aus einer Vielzahl von Farben, um deinen Geschmack zu treffen.<\/li>\n<li><strong>Nachhaltigkeit:<\/strong> Hergestellt aus hochwertigen, umweltfreundlichen Materialien.<\/li>\n<li><strong>Wiederverwendbarkeit:<\/strong> Eine langlebige L\u00f6sung f\u00fcr deine Rauchbed\u00fcrfnisse.<\/li>\n<\/ul>\n<p>Verbessere dein Raucherlebnis mit unseren Joint Tubes &#8211; denn deine Joints verdienen nur das Beste.<\/p>\n<p style=\"text-align: center;\"><a href=\"https:\/\/www.dutchfem.com\/de\/die-unterschiede-zwischen-joints-blunts-und-spliffs\/\" target=\"_blank\" rel=\"noopener\"><span style=\"color: #ff9900;\">Die Unterschiede zwischen Joints, Blunts und Spliffs<\/span><\/a><\/p>\n<p style=\"text-align: center;\"><span style=\"color: #ff9900;\"><a style=\"color: #ff9900;\" href=\"https:\/\/www.dutchfem.com\/de\/warum-ist-die-decarboxylierung-von-cannabis-wichtig-und-wie-macht-man-das\/\" target=\"_blank\" rel=\"noopener\">Warum ist die Decarboxylierung von Cannabis wichtig und wie macht man das?<\/a><\/span><\/p>\n<p style=\"text-align: center;\"><span style=\"color: #ff9900;\"><a style=\"color: #ff9900;\" href=\"https:\/\/www.dutchfem.com\/de\/den-geschmack-von-cannabis-verbessern\/\" target=\"_blank\" rel=\"noopener\">Den Geschmack von Cannabis verbessern<\/a><\/span><\/p>\n<p style=\"text-align: center;\"><span style=\"color: #ff9900;\"><a style=\"color: #ff9900;\" href=\"https:\/\/www.instagram.com\/p\/C6KXo47qKWb\/\" target=\"_blank\" rel=\"noopener\">Dutchfem Instagram<\/a><\/span><\/p>\n<p style=\"text-align: center;\"><span style=\"color: #ff9900;\"><a style=\"color: #ff9900;\" href=\"https:\/\/www.facebook.com\/Dutchfem\/photos\/pb.100063495100818.-2207520000\/2672717149613551\/?type=3&amp;locale=nl_NL\" target=\"_blank\" rel=\"noopener\">Dutchfem Facebook<\/a><\/span><\/p>\n<p style=\"text-align: center;\"><span style=\"color: #ff9900;\"><a style=\"color: #ff9900;\" href=\"https:\/\/nl.pinterest.com\/pin\/650910952414022573\/\" target=\"_blank\" rel=\"noopener\">Dutchfem Pinterest<\/a><\/span><\/p>\n","protected":false},"excerpt":{"rendered":"<p>Wir stellen dir unser Sortiment an Joint Tubes vor, die ultimative L\u00f6sung, um deine Joints frisch, sicher und diskret zu verstauen. Egal, ob du ein erfahrener Raucher oder ein Gelegenheitskonsument bist, diese Joint Tubes werden dein Raucherlebnis auf ein neues Niveau heben.<\/p>\n","protected":false},"featured_media":28750,"comment_status":"open","ping_status":"closed","template":"","meta":{"_exactmetrics_skip_tracking":false,"_exactmetrics_sitenote_active":false,"_exactmetrics_sitenote_note":"","_exactmetrics_sitenote_category":0},"product_brand":[],"product_cat":[351],"product_tag":[],"class_list":{"0":"post-28755","1":"product","2":"type-product","3":"status-publish","4":"has-post-thumbnail","6":"product_cat-waren","8":"first","9":"instock","10":"taxable","11":"shipping-taxable","12":"purchasable","13":"product-type-simple"},"yoast_head":"<!-- This site is optimized with the Yoast SEO plugin v26.9 - https:\/\/yoast.com\/product\/yoast-seo-wordpress\/ -->\n<title>Joint Tubes Kaufen - Schneller &amp; diskreter Versand - Dutchfem<\/title>\n<meta name=\"description\" content=\"Joint Tubes - Egal ob du ein Freizeitnutzer oder ein medizinischer Patient bist, unsere Joint Tubes sind das perfekte Zubeh\u00f6r f\u00fcr die Aufbewahrung und den Transport deiner Gelenke.\" \/>\n<meta name=\"robots\" content=\"noindex, follow\" \/>\n<meta property=\"og:locale\" content=\"de_DE\" \/>\n<meta property=\"og:type\" content=\"article\" \/>\n<meta property=\"og:title\" content=\"Joint Tubes Kaufen - Schneller &amp; diskreter Versand - Dutchfem\" \/>\n<meta property=\"og:description\" content=\"Joint Tubes - Egal ob du ein Freizeitnutzer oder ein medizinischer Patient bist, unsere Joint Tubes sind das perfekte Zubeh\u00f6r f\u00fcr die Aufbewahrung und den Transport deiner Gelenke.\" \/>\n<meta property=\"og:url\" content=\"https:\/\/www.dutchfem.com\/de\/kaufe\/dutchfem-joint-tube-weiss\/\" \/>\n<meta property=\"og:site_name\" content=\"Dutchfem\" \/>\n<meta property=\"article:publisher\" content=\"https:\/\/www.facebook.com\/Dutchfem\/\" \/>\n<meta property=\"article:modified_time\" content=\"2025-06-17T13:21:48+00:00\" \/>\n<meta property=\"og:image\" content=\"https:\/\/www.dutchfem.com\/wp-content\/uploads\/2024\/04\/joint-tubes-white-e1714072328100.jpeg\" \/>\n\t<meta property=\"og:image:width\" content=\"640\" \/>\n\t<meta property=\"og:image:height\" content=\"640\" \/>\n\t<meta property=\"og:image:type\" content=\"image\/jpeg\" \/>\n<meta name=\"twitter:card\" content=\"summary_large_image\" \/>\n<meta name=\"twitter:site\" content=\"@dutchfem\" \/>\n<meta name=\"twitter:label1\" content=\"Gesch\u00e4tzte Lesezeit\" \/>\n\t<meta name=\"twitter:data1\" content=\"2\u00a0Minuten\" \/>\n<script type=\"application\/ld+json\" class=\"yoast-schema-graph\">{\"@context\":\"https:\/\/schema.org\",\"@graph\":[{\"@type\":\"WebPage\",\"@id\":\"https:\/\/www.dutchfem.com\/de\/kaufe\/dutchfem-joint-tube-weiss\/\",\"url\":\"https:\/\/www.dutchfem.com\/de\/kaufe\/dutchfem-joint-tube-weiss\/\",\"name\":\"Joint Tubes Kaufen - Schneller & diskreter Versand - Dutchfem\",\"isPartOf\":{\"@id\":\"https:\/\/www.dutchfem.com\/#website\"},\"primaryImageOfPage\":{\"@id\":\"https:\/\/www.dutchfem.com\/de\/kaufe\/dutchfem-joint-tube-weiss\/#primaryimage\"},\"image\":{\"@id\":\"https:\/\/www.dutchfem.com\/de\/kaufe\/dutchfem-joint-tube-weiss\/#primaryimage\"},\"thumbnailUrl\":\"https:\/\/www.dutchfem.com\/wp-content\/uploads\/2024\/04\/joint-tubes-white-e1714072328100.jpeg\",\"datePublished\":\"2024-04-25T18:49:17+00:00\",\"dateModified\":\"2025-06-17T13:21:48+00:00\",\"description\":\"Joint Tubes - Egal ob du ein Freizeitnutzer oder ein medizinischer Patient bist, unsere Joint Tubes sind das perfekte Zubeh\u00f6r f\u00fcr die Aufbewahrung und den Transport deiner Gelenke.\",\"breadcrumb\":{\"@id\":\"https:\/\/www.dutchfem.com\/de\/kaufe\/dutchfem-joint-tube-weiss\/#breadcrumb\"},\"inLanguage\":\"de\",\"potentialAction\":[{\"@type\":\"ReadAction\",\"target\":[\"https:\/\/www.dutchfem.com\/de\/kaufe\/dutchfem-joint-tube-weiss\/\"]}]},{\"@type\":\"ImageObject\",\"inLanguage\":\"de\",\"@id\":\"https:\/\/www.dutchfem.com\/de\/kaufe\/dutchfem-joint-tube-weiss\/#primaryimage\",\"url\":\"https:\/\/www.dutchfem.com\/wp-content\/uploads\/2024\/04\/joint-tubes-white-e1714072328100.jpeg\",\"contentUrl\":\"https:\/\/www.dutchfem.com\/wp-content\/uploads\/2024\/04\/joint-tubes-white-e1714072328100.jpeg\",\"width\":640,\"height\":640},{\"@type\":\"BreadcrumbList\",\"@id\":\"https:\/\/www.dutchfem.com\/de\/kaufe\/dutchfem-joint-tube-weiss\/#breadcrumb\",\"itemListElement\":[{\"@type\":\"ListItem\",\"position\":1,\"name\":\"Home\",\"item\":\"https:\/\/www.dutchfem.com\/de\/\"},{\"@type\":\"ListItem\",\"position\":2,\"name\":\"Shop\",\"item\":\"https:\/\/www.dutchfem.com\/de\/shop\/\"},{\"@type\":\"ListItem\",\"position\":3,\"name\":\"Acrylic Dutchfem Joint Tube Wei\u00df\"}]},{\"@type\":\"WebSite\",\"@id\":\"https:\/\/www.dutchfem.com\/#website\",\"url\":\"https:\/\/www.dutchfem.com\/\",\"name\":\"Dutchfem\",\"description\":\"Buy Feminized Cannabis Seeds - Autoflowering Seeds - Medical Marijuana Seeds &amp; CBD Oil online\",\"publisher\":{\"@id\":\"https:\/\/www.dutchfem.com\/#organization\"},\"potentialAction\":[{\"@type\":\"SearchAction\",\"target\":{\"@type\":\"EntryPoint\",\"urlTemplate\":\"https:\/\/www.dutchfem.com\/?s={search_term_string}\"},\"query-input\":{\"@type\":\"PropertyValueSpecification\",\"valueRequired\":true,\"valueName\":\"search_term_string\"}}],\"inLanguage\":\"de\"},{\"@type\":\"Organization\",\"@id\":\"https:\/\/www.dutchfem.com\/#organization\",\"name\":\"Dutchfem Cannabis Seeds\",\"url\":\"https:\/\/www.dutchfem.com\/\",\"logo\":{\"@type\":\"ImageObject\",\"inLanguage\":\"de\",\"@id\":\"https:\/\/www.dutchfem.com\/#\/schema\/logo\/image\/\",\"url\":\"https:\/\/www.dutchfem.com\/wp-content\/uploads\/2017\/10\/logo_Dutchfem-web.png\",\"contentUrl\":\"https:\/\/www.dutchfem.com\/wp-content\/uploads\/2017\/10\/logo_Dutchfem-web.png\",\"width\":825,\"height\":288,\"caption\":\"Dutchfem Cannabis Seeds\"},\"image\":{\"@id\":\"https:\/\/www.dutchfem.com\/#\/schema\/logo\/image\/\"},\"sameAs\":[\"https:\/\/www.facebook.com\/Dutchfem\/\",\"https:\/\/x.com\/dutchfem\",\"https:\/\/www.instagram.com\/dutchfemseeds\/\",\"https:\/\/www.youtube.com\/@Dutchfem\",\"https:\/\/nl.pinterest.com\/dutchfem\/\",\"https:\/\/bsky.app\/profile\/dutchfem.bsky.social\",\"https:\/\/www.threads.com\/@dutchfemseeds?igshid=NTc4MTIwNjQ2YQ\",\"https:\/\/www.tumblr.com\/dutchfemseeds\"]}]}<\/script>\n<!-- \/ Yoast SEO plugin. -->","yoast_head_json":{"title":"Joint Tubes Kaufen - Schneller & diskreter Versand - Dutchfem","description":"Joint Tubes - Egal ob du ein Freizeitnutzer oder ein medizinischer Patient bist, unsere Joint Tubes sind das perfekte Zubeh\u00f6r f\u00fcr die Aufbewahrung und den Transport deiner Gelenke.","robots":{"index":"noindex","follow":"follow"},"og_locale":"de_DE","og_type":"article","og_title":"Joint Tubes Kaufen - Schneller & diskreter Versand - Dutchfem","og_description":"Joint Tubes - Egal ob du ein Freizeitnutzer oder ein medizinischer Patient bist, unsere Joint Tubes sind das perfekte Zubeh\u00f6r f\u00fcr die Aufbewahrung und den Transport deiner Gelenke.","og_url":"https:\/\/www.dutchfem.com\/de\/kaufe\/dutchfem-joint-tube-weiss\/","og_site_name":"Dutchfem","article_publisher":"https:\/\/www.facebook.com\/Dutchfem\/","article_modified_time":"2025-06-17T13:21:48+00:00","og_image":[{"width":640,"height":640,"url":"https:\/\/www.dutchfem.com\/wp-content\/uploads\/2024\/04\/joint-tubes-white-e1714072328100.jpeg","type":"image\/jpeg"}],"twitter_card":"summary_large_image","twitter_site":"@dutchfem","twitter_misc":{"Gesch\u00e4tzte Lesezeit":"2\u00a0Minuten"},"schema":{"@context":"https:\/\/schema.org","@graph":[{"@type":"WebPage","@id":"https:\/\/www.dutchfem.com\/de\/kaufe\/dutchfem-joint-tube-weiss\/","url":"https:\/\/www.dutchfem.com\/de\/kaufe\/dutchfem-joint-tube-weiss\/","name":"Joint Tubes Kaufen - Schneller & diskreter Versand - Dutchfem","isPartOf":{"@id":"https:\/\/www.dutchfem.com\/#website"},"primaryImageOfPage":{"@id":"https:\/\/www.dutchfem.com\/de\/kaufe\/dutchfem-joint-tube-weiss\/#primaryimage"},"image":{"@id":"https:\/\/www.dutchfem.com\/de\/kaufe\/dutchfem-joint-tube-weiss\/#primaryimage"},"thumbnailUrl":"https:\/\/www.dutchfem.com\/wp-content\/uploads\/2024\/04\/joint-tubes-white-e1714072328100.jpeg","datePublished":"2024-04-25T18:49:17+00:00","dateModified":"2025-06-17T13:21:48+00:00","description":"Joint Tubes - Egal ob du ein Freizeitnutzer oder ein medizinischer Patient bist, unsere Joint Tubes sind das perfekte Zubeh\u00f6r f\u00fcr die Aufbewahrung und den Transport deiner Gelenke.","breadcrumb":{"@id":"https:\/\/www.dutchfem.com\/de\/kaufe\/dutchfem-joint-tube-weiss\/#breadcrumb"},"inLanguage":"de","potentialAction":[{"@type":"ReadAction","target":["https:\/\/www.dutchfem.com\/de\/kaufe\/dutchfem-joint-tube-weiss\/"]}]},{"@type":"ImageObject","inLanguage":"de","@id":"https:\/\/www.dutchfem.com\/de\/kaufe\/dutchfem-joint-tube-weiss\/#primaryimage","url":"https:\/\/www.dutchfem.com\/wp-content\/uploads\/2024\/04\/joint-tubes-white-e1714072328100.jpeg","contentUrl":"https:\/\/www.dutchfem.com\/wp-content\/uploads\/2024\/04\/joint-tubes-white-e1714072328100.jpeg","width":640,"height":640},{"@type":"BreadcrumbList","@id":"https:\/\/www.dutchfem.com\/de\/kaufe\/dutchfem-joint-tube-weiss\/#breadcrumb","itemListElement":[{"@type":"ListItem","position":1,"name":"Home","item":"https:\/\/www.dutchfem.com\/de\/"},{"@type":"ListItem","position":2,"name":"Shop","item":"https:\/\/www.dutchfem.com\/de\/shop\/"},{"@type":"ListItem","position":3,"name":"Acrylic Dutchfem Joint Tube Wei\u00df"}]},{"@type":"WebSite","@id":"https:\/\/www.dutchfem.com\/#website","url":"https:\/\/www.dutchfem.com\/","name":"Dutchfem","description":"Buy Feminized Cannabis Seeds - Autoflowering Seeds - Medical Marijuana Seeds &amp; CBD Oil online","publisher":{"@id":"https:\/\/www.dutchfem.com\/#organization"},"potentialAction":[{"@type":"SearchAction","target":{"@type":"EntryPoint","urlTemplate":"https:\/\/www.dutchfem.com\/?s={search_term_string}"},"query-input":{"@type":"PropertyValueSpecification","valueRequired":true,"valueName":"search_term_string"}}],"inLanguage":"de"},{"@type":"Organization","@id":"https:\/\/www.dutchfem.com\/#organization","name":"Dutchfem Cannabis Seeds","url":"https:\/\/www.dutchfem.com\/","logo":{"@type":"ImageObject","inLanguage":"de","@id":"https:\/\/www.dutchfem.com\/#\/schema\/logo\/image\/","url":"https:\/\/www.dutchfem.com\/wp-content\/uploads\/2017\/10\/logo_Dutchfem-web.png","contentUrl":"https:\/\/www.dutchfem.com\/wp-content\/uploads\/2017\/10\/logo_Dutchfem-web.png","width":825,"height":288,"caption":"Dutchfem Cannabis Seeds"},"image":{"@id":"https:\/\/www.dutchfem.com\/#\/schema\/logo\/image\/"},"sameAs":["https:\/\/www.facebook.com\/Dutchfem\/","https:\/\/x.com\/dutchfem","https:\/\/www.instagram.com\/dutchfemseeds\/","https:\/\/www.youtube.com\/@Dutchfem","https:\/\/nl.pinterest.com\/dutchfem\/","https:\/\/bsky.app\/profile\/dutchfem.bsky.social","https:\/\/www.threads.com\/@dutchfemseeds?igshid=NTc4MTIwNjQ2YQ","https:\/\/www.tumblr.com\/dutchfemseeds"]}]}},"_links":{"self":[{"href":"https:\/\/www.dutchfem.com\/de\/wp-json\/wp\/v2\/product\/28755","targetHints":{"allow":["GET"]}}],"collection":[{"href":"https:\/\/www.dutchfem.com\/de\/wp-json\/wp\/v2\/product"}],"about":[{"href":"https:\/\/www.dutchfem.com\/de\/wp-json\/wp\/v2\/types\/product"}],"replies":[{"embeddable":true,"href":"https:\/\/www.dutchfem.com\/de\/wp-json\/wp\/v2\/comments?post=28755"}],"wp:featuredmedia":[{"embeddable":true,"href":"https:\/\/www.dutchfem.com\/de\/wp-json\/wp\/v2\/media\/28750"}],"wp:attachment":[{"href":"https:\/\/www.dutchfem.com\/de\/wp-json\/wp\/v2\/media?parent=28755"}],"wp:term":[{"taxonomy":"product_brand","embeddable":true,"href":"https:\/\/www.dutchfem.com\/de\/wp-json\/wp\/v2\/product_brand?post=28755"},{"taxonomy":"product_cat","embeddable":true,"href":"https:\/\/www.dutchfem.com\/de\/wp-json\/wp\/v2\/product_cat?post=28755"},{"taxonomy":"product_tag","embeddable":true,"href":"https:\/\/www.dutchfem.com\/de\/wp-json\/wp\/v2\/product_tag?post=28755"}],"curies":[{"name":"wp","href":"https:\/\/api.w.org\/{rel}","templated":true}]}}