{"id":33804,"date":"2024-11-12T22:57:11","date_gmt":"2024-11-12T21:57:11","guid":{"rendered":"https:\/\/www.dutchfem.com\/?post_type=product&#038;p=33804"},"modified":"2025-06-17T11:49:02","modified_gmt":"2025-06-17T09:49:02","slug":"e10-zip-lock-beutel","status":"publish","type":"product","link":"https:\/\/www.dutchfem.com\/de\/kaufe\/e10-zip-lock-beutel\/","title":{"rendered":"\u20ac10 Zip-Lock Beutel"},"content":{"rendered":"<h2>Mylar \u20ac10 Zip-Lock Beutel<\/h2>\n<p>Wir stellen unseren eleganten <b>Mylar \u20ac10 Zip-Lock Beutel\u00a0 <\/b>vor \u2013 eine stilvolle und funktionale Wahl f\u00fcr die Aufbewahrung und den Schutz Ihrer wertvollen und kostbaren selbst angebauten Bl\u00fcten. Dieser Beutel mit Griffverschluss ist aus hochwertigem, strapazierf\u00e4higem Mylar-Material gefertigt und vereint das Beste aus \u00c4sthetik und Schutzfunktion.<\/p>\n<p>&nbsp;<\/p>\n<p>\u20ac10 Zip-Lock Beutel. Wenn Sie Ihre selbst angebauten Bl\u00fcten in diesen Mylar-Druckverschlussbeuteln mit dem 10-Euro-Aufdruck an Freunde verschenken, verleiht dies Ihrem Geschenk eine zus\u00e4tzliche Wertigkeit und Spannung. Das schlichte Design mit seinem verspielten Euro-Look verleiht Ihren Bl\u00fcten eine wertvolle Ausstrahlung. Der sichere Griffverschluss h\u00e4lt die Bl\u00fcten frisch und aromatisch und wertet die Gesamtpr\u00e4sentation auf. Es ist eine unterhaltsame, einzigartige M\u00f6glichkeit, Ihre Leidenschaft f\u00fcr Qualit\u00e4t und Kreativit\u00e4t zu teilen und Freunden gleichzeitig etwas zu schenken, woran sie sich erfreuen und woran sie sich erinnern werden. Diese einfache, schicke Verpackung verleiht Ihrer aufmerksamen Geste noch mehr Wert.<\/p>\n<p>&nbsp;<\/p>\n<p>\u20ac10 Zip-Lock Beutel. Die Oberfl\u00e4che der Tasche ist mit einem auff\u00e4lligen \u20ac10 Aufdruck versehen, der den Grip-Beuteln einen Hauch von Wertigkeit und Exklusivit\u00e4t verleiht. Dieses auff\u00e4llige Muster verleiht der 10-Euro Zip-Lock Beutel nicht nur einen Hauch von Raffinesse, sondern auch einen einzigartigen, hochwertigen Look, was sie zu einer idealen Geschenkverpackung macht. Die Kombination aus einem lebhaften, europ\u00e4isch inspirierten Design und einem haltbaren Griffverschluss macht diese Tasche ebenso praktisch wie sch\u00f6n.<\/p>\n<p>&nbsp;<\/p>\n<p>\u20ac10 Zip-Lock Beutel. Der zuverl\u00e4ssige Griffverschluss h\u00e4lt dicht und h\u00e4lt den Inhalt frisch, sicher und fern von Feuchtigkeit, Luft und Staub. Wenn Sie Ihre Kr\u00e4uter darin aufbewahren, sorgt diese Tasche daf\u00fcr, dass alles in einwandfreiem Zustand bleibt. Der Griffverschluss ist wiederverwendbar und l\u00e4sst sich leicht \u00f6ffnen und schlie\u00dfen, ohne die luftdichte Qualit\u00e4t zu beeintr\u00e4chtigen. Die Oberseite dieser Grifftaschen kann mit einem Hei\u00dfsiegelger\u00e4t verschmolzen werden, danach k\u00f6nnen die Taschen an den Aussparungen wieder aufgerissen werden, ohne den Griffverschluss zu besch\u00e4digen. Die Grifftasche kann mit dem praktischen Griffverschluss leicht wieder verschlossen und ge\u00f6ffnet werden.<\/p>\n<p>&nbsp;<\/p>\n<p>Diese \u20ac10 Mylar Zip-Lock Beutel mit Rei\u00dfverschluss hat eine ideale Gr\u00f6\u00dfe f\u00fcr den Transport und l\u00e4sst sich bequem in einer Tasche, Handtasche oder einem Rucksack verstauen. Sie eignet sich perfekt f\u00fcr die Organisation zu Hause und unterwegs und ist ein vielseitiges Accessoire f\u00fcr Grower. Diese leichte und dennoch \u00e4u\u00dferst robuste Tasche ist au\u00dferdem durchsto\u00df- und rei\u00dffest und h\u00e4lt auch bei regelm\u00e4\u00dfiger Verwendung l\u00e4nger.<\/p>\n<p>&nbsp;<\/p>\n<p>Ob Sie nun Grower sind oder praktische und witzige Aufbewahrungsl\u00f6sungen lieben, diese Mylar Zip-Lock Beutel mit 10-\u20ac-Aufdruck ist die perfekte Wahl. Auch als 20-\u20ac- und 50-\u20ac-Grip-Siegelbeutel erh\u00e4ltlich<\/p>\n<p>&nbsp;<\/p>\n<p style=\"text-align: center;\"><span style=\"color: #ff9900;\"><a style=\"color: #ff9900;\" href=\"https:\/\/www.dutchfem.com\/de\/die-unterschiede-zwischen-joints-blunts-und-spliffs\/\" target=\"_blank\" rel=\"noopener\">Die Unterschiede zwischen Joints, Blunts und Spliffs<\/a><\/span><\/p>\n<p style=\"text-align: center;\"><span style=\"color: #ff9900;\"><a style=\"color: #ff9900;\" href=\"https:\/\/www.dutchfem.com\/why-decarboxylating-cannabis-is-important-and-how-do-you-do-it\/:\/\/www.dutchfem.com\/de\/warum-ist-die-decarboxylierung-von-cannabis-wichtig-und-wie-macht-man-das\/\" target=\"_blank\" rel=\"noopener\">Warum ist die Decarboxylierung von Cannabis wichtig und wie macht man das?<\/a><\/span><\/p>\n<p style=\"text-align: center;\"><span style=\"color: #ff9900;\"><a style=\"color: #ff9900;\" href=\"https:\/\/www.dutchfem.com\/de\/den-geschmack-von-cannabis-verbessern\/\" target=\"_blank\" rel=\"noopener\">Den Geschmack von Cannabis verbessern<\/a><\/span><\/p>\n<p style=\"text-align: center;\"><span style=\"color: #ff9900;\"><a style=\"color: #ff9900;\" href=\"https:\/\/www.instagram.com\/p\/C6KXo47qKWb\/\" target=\"_blank\" rel=\"noopener\">Dutchfem Grinders Instagram<\/a><\/span><\/p>\n<p style=\"text-align: center;\"><span style=\"color: #ff9900;\"><a style=\"color: #ff9900;\" href=\"https:\/\/www.facebook.com\/Dutchfem\/photos\/pb.100063495100818.-2207520000\/2672717149613551\/?type=3&amp;locale=nl_NL\" target=\"_blank\" rel=\"noopener\">Dutchfem Filtertips Facebook<\/a><\/span><\/p>\n<p style=\"text-align: center;\"><span style=\"color: #ff9900;\"><a style=\"color: #ff9900;\" href=\"https:\/\/nl.pinterest.com\/pin\/650910952414022573\/\" target=\"_blank\" rel=\"noopener\">Cvault Pinterest<\/a><\/span><\/p>\n","protected":false},"excerpt":{"rendered":"<p>Wir stellen vor: unsere elegante Mylar-10-\u20ac-Zip-Lock-Tasche \u2013 eine stilvolle und funktionale Wahl f\u00fcr die Aufbewahrung und den Schutz Ihrer wertvollen und kostbaren selbst angebauten Bl\u00fcten. Diese aus hochwertigem, strapazierf\u00e4higem Mylar-Material gefertigte Griffversiegelungstasche vereint das Beste aus \u00c4sthetik und Schutzfunktion.<\/p>\n","protected":false},"featured_media":33913,"comment_status":"open","ping_status":"closed","template":"","meta":{"_exactmetrics_skip_tracking":false,"_exactmetrics_sitenote_active":false,"_exactmetrics_sitenote_note":"","_exactmetrics_sitenote_category":0},"product_brand":[],"product_cat":[351],"product_tag":[4852,4851,4849,4850,4848],"class_list":{"0":"post-33804","1":"product","2":"type-product","3":"status-publish","4":"has-post-thumbnail","6":"product_cat-waren","7":"product_tag-bag-de","8":"product_tag-grip-de","9":"product_tag-lock-de","10":"product_tag-seal-de","11":"product_tag-zip-de","13":"first","14":"instock","15":"taxable","16":"shipping-taxable","17":"purchasable","18":"product-type-simple"},"yoast_head":"<!-- This site is optimized with the Yoast SEO plugin v26.9 - https:\/\/yoast.com\/product\/yoast-seo-wordpress\/ -->\n<title>zip-lock beutel Kaufen - Schneller und diskreter Versand!<\/title>\n<meta name=\"description\" content=\"Auff\u00e4llige Muster verleiht der \u20ac10 Zip-Lock Beutel ein einzigartiges Aussehen und macht diese Griffversiegelungstasche einer idealen Geschenkverpackung\" \/>\n<meta name=\"robots\" content=\"noindex, follow\" \/>\n<meta property=\"og:locale\" content=\"de_DE\" \/>\n<meta property=\"og:type\" content=\"article\" \/>\n<meta property=\"og:title\" content=\"zip-lock beutel Kaufen - Schneller und diskreter Versand!\" \/>\n<meta property=\"og:description\" content=\"Auff\u00e4llige Muster verleiht der \u20ac10 Zip-Lock Beutel ein einzigartiges Aussehen und macht diese Griffversiegelungstasche einer idealen Geschenkverpackung\" \/>\n<meta property=\"og:url\" content=\"https:\/\/www.dutchfem.com\/de\/kaufe\/e10-zip-lock-beutel\/\" \/>\n<meta property=\"og:site_name\" content=\"Dutchfem\" \/>\n<meta property=\"article:publisher\" content=\"https:\/\/www.facebook.com\/Dutchfem\/\" \/>\n<meta property=\"article:modified_time\" content=\"2025-06-17T09:49:02+00:00\" \/>\n<meta property=\"og:image\" content=\"https:\/\/www.dutchfem.com\/wp-content\/uploads\/2024\/11\/10E.jpeg\" \/>\n\t<meta property=\"og:image:width\" content=\"640\" \/>\n\t<meta property=\"og:image:height\" content=\"640\" \/>\n\t<meta property=\"og:image:type\" content=\"image\/jpeg\" \/>\n<meta name=\"twitter:card\" content=\"summary_large_image\" \/>\n<meta name=\"twitter:site\" content=\"@dutchfem\" \/>\n<meta name=\"twitter:label1\" content=\"Gesch\u00e4tzte Lesezeit\" \/>\n\t<meta name=\"twitter:data1\" content=\"3\u00a0Minuten\" \/>\n<script type=\"application\/ld+json\" class=\"yoast-schema-graph\">{\"@context\":\"https:\/\/schema.org\",\"@graph\":[{\"@type\":\"WebPage\",\"@id\":\"https:\/\/www.dutchfem.com\/de\/kaufe\/e10-zip-lock-beutel\/\",\"url\":\"https:\/\/www.dutchfem.com\/de\/kaufe\/e10-zip-lock-beutel\/\",\"name\":\"zip-lock beutel Kaufen - Schneller und diskreter Versand!\",\"isPartOf\":{\"@id\":\"https:\/\/www.dutchfem.com\/#website\"},\"primaryImageOfPage\":{\"@id\":\"https:\/\/www.dutchfem.com\/de\/kaufe\/e10-zip-lock-beutel\/#primaryimage\"},\"image\":{\"@id\":\"https:\/\/www.dutchfem.com\/de\/kaufe\/e10-zip-lock-beutel\/#primaryimage\"},\"thumbnailUrl\":\"https:\/\/www.dutchfem.com\/wp-content\/uploads\/2024\/11\/10E.jpeg\",\"datePublished\":\"2024-11-12T21:57:11+00:00\",\"dateModified\":\"2025-06-17T09:49:02+00:00\",\"description\":\"Auff\u00e4llige Muster verleiht der \u20ac10 Zip-Lock Beutel ein einzigartiges Aussehen und macht diese Griffversiegelungstasche einer idealen Geschenkverpackung\",\"breadcrumb\":{\"@id\":\"https:\/\/www.dutchfem.com\/de\/kaufe\/e10-zip-lock-beutel\/#breadcrumb\"},\"inLanguage\":\"de\",\"potentialAction\":[{\"@type\":\"ReadAction\",\"target\":[\"https:\/\/www.dutchfem.com\/de\/kaufe\/e10-zip-lock-beutel\/\"]}]},{\"@type\":\"ImageObject\",\"inLanguage\":\"de\",\"@id\":\"https:\/\/www.dutchfem.com\/de\/kaufe\/e10-zip-lock-beutel\/#primaryimage\",\"url\":\"https:\/\/www.dutchfem.com\/wp-content\/uploads\/2024\/11\/10E.jpeg\",\"contentUrl\":\"https:\/\/www.dutchfem.com\/wp-content\/uploads\/2024\/11\/10E.jpeg\",\"width\":640,\"height\":640,\"caption\":\"Zip-Lock Beutel\"},{\"@type\":\"BreadcrumbList\",\"@id\":\"https:\/\/www.dutchfem.com\/de\/kaufe\/e10-zip-lock-beutel\/#breadcrumb\",\"itemListElement\":[{\"@type\":\"ListItem\",\"position\":1,\"name\":\"Home\",\"item\":\"https:\/\/www.dutchfem.com\/de\/\"},{\"@type\":\"ListItem\",\"position\":2,\"name\":\"Shop\",\"item\":\"https:\/\/www.dutchfem.com\/de\/shop\/\"},{\"@type\":\"ListItem\",\"position\":3,\"name\":\"\u20ac10 Zip-Lock Beutel\"}]},{\"@type\":\"WebSite\",\"@id\":\"https:\/\/www.dutchfem.com\/#website\",\"url\":\"https:\/\/www.dutchfem.com\/\",\"name\":\"Dutchfem\",\"description\":\"Buy Feminized Cannabis Seeds - Autoflowering Seeds - Medical Marijuana Seeds &amp; CBD Oil online\",\"publisher\":{\"@id\":\"https:\/\/www.dutchfem.com\/#organization\"},\"potentialAction\":[{\"@type\":\"SearchAction\",\"target\":{\"@type\":\"EntryPoint\",\"urlTemplate\":\"https:\/\/www.dutchfem.com\/?s={search_term_string}\"},\"query-input\":{\"@type\":\"PropertyValueSpecification\",\"valueRequired\":true,\"valueName\":\"search_term_string\"}}],\"inLanguage\":\"de\"},{\"@type\":\"Organization\",\"@id\":\"https:\/\/www.dutchfem.com\/#organization\",\"name\":\"Dutchfem Cannabis Seeds\",\"url\":\"https:\/\/www.dutchfem.com\/\",\"logo\":{\"@type\":\"ImageObject\",\"inLanguage\":\"de\",\"@id\":\"https:\/\/www.dutchfem.com\/#\/schema\/logo\/image\/\",\"url\":\"https:\/\/www.dutchfem.com\/wp-content\/uploads\/2017\/10\/logo_Dutchfem-web.png\",\"contentUrl\":\"https:\/\/www.dutchfem.com\/wp-content\/uploads\/2017\/10\/logo_Dutchfem-web.png\",\"width\":825,\"height\":288,\"caption\":\"Dutchfem Cannabis Seeds\"},\"image\":{\"@id\":\"https:\/\/www.dutchfem.com\/#\/schema\/logo\/image\/\"},\"sameAs\":[\"https:\/\/www.facebook.com\/Dutchfem\/\",\"https:\/\/x.com\/dutchfem\",\"https:\/\/www.instagram.com\/dutchfemseeds\/\",\"https:\/\/www.youtube.com\/@Dutchfem\",\"https:\/\/nl.pinterest.com\/dutchfem\/\",\"https:\/\/bsky.app\/profile\/dutchfem.bsky.social\",\"https:\/\/www.threads.com\/@dutchfemseeds?igshid=NTc4MTIwNjQ2YQ\",\"https:\/\/www.tumblr.com\/dutchfemseeds\"]}]}<\/script>\n<!-- \/ Yoast SEO plugin. -->","yoast_head_json":{"title":"zip-lock beutel Kaufen - Schneller und diskreter Versand!","description":"Auff\u00e4llige Muster verleiht der \u20ac10 Zip-Lock Beutel ein einzigartiges Aussehen und macht diese Griffversiegelungstasche einer idealen Geschenkverpackung","robots":{"index":"noindex","follow":"follow"},"og_locale":"de_DE","og_type":"article","og_title":"zip-lock beutel Kaufen - Schneller und diskreter Versand!","og_description":"Auff\u00e4llige Muster verleiht der \u20ac10 Zip-Lock Beutel ein einzigartiges Aussehen und macht diese Griffversiegelungstasche einer idealen Geschenkverpackung","og_url":"https:\/\/www.dutchfem.com\/de\/kaufe\/e10-zip-lock-beutel\/","og_site_name":"Dutchfem","article_publisher":"https:\/\/www.facebook.com\/Dutchfem\/","article_modified_time":"2025-06-17T09:49:02+00:00","og_image":[{"width":640,"height":640,"url":"https:\/\/www.dutchfem.com\/wp-content\/uploads\/2024\/11\/10E.jpeg","type":"image\/jpeg"}],"twitter_card":"summary_large_image","twitter_site":"@dutchfem","twitter_misc":{"Gesch\u00e4tzte Lesezeit":"3\u00a0Minuten"},"schema":{"@context":"https:\/\/schema.org","@graph":[{"@type":"WebPage","@id":"https:\/\/www.dutchfem.com\/de\/kaufe\/e10-zip-lock-beutel\/","url":"https:\/\/www.dutchfem.com\/de\/kaufe\/e10-zip-lock-beutel\/","name":"zip-lock beutel Kaufen - Schneller und diskreter Versand!","isPartOf":{"@id":"https:\/\/www.dutchfem.com\/#website"},"primaryImageOfPage":{"@id":"https:\/\/www.dutchfem.com\/de\/kaufe\/e10-zip-lock-beutel\/#primaryimage"},"image":{"@id":"https:\/\/www.dutchfem.com\/de\/kaufe\/e10-zip-lock-beutel\/#primaryimage"},"thumbnailUrl":"https:\/\/www.dutchfem.com\/wp-content\/uploads\/2024\/11\/10E.jpeg","datePublished":"2024-11-12T21:57:11+00:00","dateModified":"2025-06-17T09:49:02+00:00","description":"Auff\u00e4llige Muster verleiht der \u20ac10 Zip-Lock Beutel ein einzigartiges Aussehen und macht diese Griffversiegelungstasche einer idealen Geschenkverpackung","breadcrumb":{"@id":"https:\/\/www.dutchfem.com\/de\/kaufe\/e10-zip-lock-beutel\/#breadcrumb"},"inLanguage":"de","potentialAction":[{"@type":"ReadAction","target":["https:\/\/www.dutchfem.com\/de\/kaufe\/e10-zip-lock-beutel\/"]}]},{"@type":"ImageObject","inLanguage":"de","@id":"https:\/\/www.dutchfem.com\/de\/kaufe\/e10-zip-lock-beutel\/#primaryimage","url":"https:\/\/www.dutchfem.com\/wp-content\/uploads\/2024\/11\/10E.jpeg","contentUrl":"https:\/\/www.dutchfem.com\/wp-content\/uploads\/2024\/11\/10E.jpeg","width":640,"height":640,"caption":"Zip-Lock Beutel"},{"@type":"BreadcrumbList","@id":"https:\/\/www.dutchfem.com\/de\/kaufe\/e10-zip-lock-beutel\/#breadcrumb","itemListElement":[{"@type":"ListItem","position":1,"name":"Home","item":"https:\/\/www.dutchfem.com\/de\/"},{"@type":"ListItem","position":2,"name":"Shop","item":"https:\/\/www.dutchfem.com\/de\/shop\/"},{"@type":"ListItem","position":3,"name":"\u20ac10 Zip-Lock Beutel"}]},{"@type":"WebSite","@id":"https:\/\/www.dutchfem.com\/#website","url":"https:\/\/www.dutchfem.com\/","name":"Dutchfem","description":"Buy Feminized Cannabis Seeds - Autoflowering Seeds - Medical Marijuana Seeds &amp; CBD Oil online","publisher":{"@id":"https:\/\/www.dutchfem.com\/#organization"},"potentialAction":[{"@type":"SearchAction","target":{"@type":"EntryPoint","urlTemplate":"https:\/\/www.dutchfem.com\/?s={search_term_string}"},"query-input":{"@type":"PropertyValueSpecification","valueRequired":true,"valueName":"search_term_string"}}],"inLanguage":"de"},{"@type":"Organization","@id":"https:\/\/www.dutchfem.com\/#organization","name":"Dutchfem Cannabis Seeds","url":"https:\/\/www.dutchfem.com\/","logo":{"@type":"ImageObject","inLanguage":"de","@id":"https:\/\/www.dutchfem.com\/#\/schema\/logo\/image\/","url":"https:\/\/www.dutchfem.com\/wp-content\/uploads\/2017\/10\/logo_Dutchfem-web.png","contentUrl":"https:\/\/www.dutchfem.com\/wp-content\/uploads\/2017\/10\/logo_Dutchfem-web.png","width":825,"height":288,"caption":"Dutchfem Cannabis Seeds"},"image":{"@id":"https:\/\/www.dutchfem.com\/#\/schema\/logo\/image\/"},"sameAs":["https:\/\/www.facebook.com\/Dutchfem\/","https:\/\/x.com\/dutchfem","https:\/\/www.instagram.com\/dutchfemseeds\/","https:\/\/www.youtube.com\/@Dutchfem","https:\/\/nl.pinterest.com\/dutchfem\/","https:\/\/bsky.app\/profile\/dutchfem.bsky.social","https:\/\/www.threads.com\/@dutchfemseeds?igshid=NTc4MTIwNjQ2YQ","https:\/\/www.tumblr.com\/dutchfemseeds"]}]}},"_links":{"self":[{"href":"https:\/\/www.dutchfem.com\/de\/wp-json\/wp\/v2\/product\/33804","targetHints":{"allow":["GET"]}}],"collection":[{"href":"https:\/\/www.dutchfem.com\/de\/wp-json\/wp\/v2\/product"}],"about":[{"href":"https:\/\/www.dutchfem.com\/de\/wp-json\/wp\/v2\/types\/product"}],"replies":[{"embeddable":true,"href":"https:\/\/www.dutchfem.com\/de\/wp-json\/wp\/v2\/comments?post=33804"}],"wp:featuredmedia":[{"embeddable":true,"href":"https:\/\/www.dutchfem.com\/de\/wp-json\/wp\/v2\/media\/33913"}],"wp:attachment":[{"href":"https:\/\/www.dutchfem.com\/de\/wp-json\/wp\/v2\/media?parent=33804"}],"wp:term":[{"taxonomy":"product_brand","embeddable":true,"href":"https:\/\/www.dutchfem.com\/de\/wp-json\/wp\/v2\/product_brand?post=33804"},{"taxonomy":"product_cat","embeddable":true,"href":"https:\/\/www.dutchfem.com\/de\/wp-json\/wp\/v2\/product_cat?post=33804"},{"taxonomy":"product_tag","embeddable":true,"href":"https:\/\/www.dutchfem.com\/de\/wp-json\/wp\/v2\/product_tag?post=33804"}],"curies":[{"name":"wp","href":"https:\/\/api.w.org\/{rel}","templated":true}]}}