{"id":40585,"date":"2026-01-17T16:50:54","date_gmt":"2026-01-17T14:50:54","guid":{"rendered":"https:\/\/www.dutchfem.com\/?post_type=product&#038;p=40585"},"modified":"2026-01-29T12:25:34","modified_gmt":"2026-01-29T10:25:34","slug":"24k-dutch-gold-limited-edition-feminisierte-samen","status":"publish","type":"product","link":"https:\/\/www.dutchfem.com\/de\/kaufe\/24k-dutch-gold-limited-edition-feminisierte-samen\/","title":{"rendered":"24K Dutch Gold Limited Edition"},"content":{"rendered":"<h3><strong>24-Karat Dutch Gold Limited Edition<\/strong><strong> Feminisierte Cannabissamen<\/strong><\/h3>\n<p>&nbsp;<\/p>\n<p>Entdecke unsere neue limitierte Sorte 24-Karat Dutch Gold, auch bekannt als 24K Dutch. Es ist uns gelungen, die besten Gene aus dem Dutchfem-Genpool in einer neuen Sorte zu vereinen. Der fruchtige Geschmack einer Sorte kombiniert mit den sch\u00f6nen Farben einer anderen. Dazu kommen einige ertragssteigernde Gene, die mit einer dicken Schicht THC-produzierender Gene \u00fcberzogen sind. Und was f\u00fcr eine absolut reine 24K Dutch Gold-Sch\u00f6nheit ist daraus geworden.<\/p>\n<p>&nbsp;<\/p>\n<p><strong>Sortenprofil<\/strong><\/p>\n<p>24-Karat Dutch Gold ist eine 50\/50 Indica\/Sativa-<b>Hybride<\/b> mit ausgewogener Genetik, die eine befriedigende Mischung aus Entspannung und Euphorie bietet. Mit einem beispiellosen THC-Gehalt von \u00fcber 30 % ist dies eine der st\u00e4rksten Cannabissorten \u00fcberhaupt. Einige Testknospen wiesen sogar 33 % auf, aber wir verkaufen keine M\u00e4rchen, sondern ehrliche Samen. Wir bleiben daher bei unseren durchschnittlich gemessenen THC-Werten von etwa 30 %, fordern aber jeden Z\u00fcchter heraus, zu zeigen, wie weit er diesen Wert noch steigern kann.<\/p>\n<p>&nbsp;<\/p>\n<p><strong>Aroma und Geschmack:<\/strong><\/p>\n<p>24K Dutch ist leicht an seiner tief dunkelviolett-blauen Farbe und seinem dicken wei\u00dfen Wintermantel aus einer extrem dicken Schicht von THC-Kristallen zu erkennen. Ihr Geschmack und Aroma sind scharf, s\u00fc\u00df und fruchtig, und sie sollte vor dem Konsum richtig reifen d\u00fcrfen. Das gibt dir das gewisse Extra an Geschmack und Genuss, das diese sch\u00f6ne Sorte verdient.<\/p>\n<p>&nbsp;<\/p>\n<p><strong>Wirkung:<\/strong><\/p>\n<p>24-Karat Dutch Gold hat eine sehr vielf\u00e4ltige Wirkung, je nach verwendeter Dosierung. Bei einer niedrigen Dosierung ist die Wirkung leicht euphorisierend und beruhigend. Bei einer h\u00f6heren Dosierung regt sie zun\u00e4chst die Lachmuskeln an, woraufhin sie in eine stark entspannende und beruhigende Wirkung \u00fcbergeht. F\u00fcr Grower, die ihr Cannabis decarboxylieren, werden diese Effekte sicherlich verst\u00e4rkt, was zu einem lang anhaltenden High und m\u00f6glicherweise tiefem Schlaf f\u00fchrt.<\/p>\n<p>&nbsp;<\/p>\n<p><strong>Medizinische Vorteile<\/strong><\/p>\n<p>Dutchfem 24K Dutch Gold kann bei einigen Anwendern folgende medizinische Wirkungen haben: euphorisierend, stressreduzierend, entspannend, schlaff\u00f6rdernd.<\/p>\n<p>&nbsp;<\/p>\n<p><strong>Anbau<\/strong><\/p>\n<p>24K Dutch Gold ist einfach bis mittelschwer anzubauen, ideal f\u00fcr neue Grower und mit etwas Erfahrung sehr produktiv. Mit einer <b>Bl\u00fctezeit <\/b>von etwa 8 bis 10 Wochen bringt sie sowohl drinnen als auch drau\u00dfen hohe Ertr\u00e4ge mit extrem dichten, harzbedeckten Buds. Gedeiht in warmen, sonnigen Umgebungen, passt sich aber auch gut an kontrollierte Indoor-Anlagen an.<\/p>\n<p>&nbsp;<\/p>\n<p>&nbsp;<\/p>\n<h3>Warum du dich f\u00fcr 24K Dutch Gold Limited Edition entscheiden solltest:<\/h3>\n<ul>\n<li><b>Exklusive Genetik:<\/b> Die feminisierten Samen der DutchFem 24K Dutch Gold Limited Edition bieten dir Zugang zu einer neuen Sorte mit extrem hohem THC-Gehalt.<\/li>\n<li><b>Aromatische Sorte: <\/b>S\u00fc\u00dfer, frischer und fruchtiger Geschmack.<\/li>\n<li><b>Starke Wirkung:<\/b> Diese Sorte sorgt f\u00fcr ein lang anhaltendes und entspannendes High, das perfekt f\u00fcr den Abend und zum Chillen ist.<\/li>\n<li><b>Gleichbleibende Qualit\u00e4t:<\/b> Mit den exklusiven feminisierten Samen der Limited Edition 24K Dutch von Dutchfem bekommst du eine potente THC-Sorte mit hohem Ertrag und gleichbleibender Leistung.<\/li>\n<li><b>Einfacher Anbau:<\/b> Egal, ob du Anf\u00e4nger oder erfahrener Z\u00fcchter bist, die feminisierten Samen der Limited Edition 24K Dutch Gold machen den Anbau einfach und bringen robuste Pflanzen mit beeindruckenden Ertr\u00e4gen hervor.<\/li>\n<li><b>Vielseitige medizinische Anwendungen:<\/b> Lindere Symptome von chronischem Stress und Depressionen mit Dutchfem 24K Dutch Gold feminisiert.<\/li>\n<\/ul>\n<p>&nbsp;<\/p>\n<p style=\"text-align: center;\"><a href=\"https:\/\/www.youtube.com\/@dutchfem\"><span style=\"color: #ff9900;\">Follow Dutchfem YouTube<\/span><\/a><\/p>\n<p style=\"text-align: center;\"><span style=\"color: #ff9900;\"><a style=\"color: #ff9900;\" href=\"https:\/\/www.instagram.com\/dutchfemseeds\/\">Dutchfem Instagram<\/a><\/span><\/p>\n<p style=\"text-align: center;\"><span style=\"color: #ff9900;\"><a style=\"color: #ff9900;\" href=\"https:\/\/www.facebook.com\/Dutchfem\/\">Like Dutchfem Facebook<\/a><\/span><\/p>\n<p style=\"text-align: center;\"><span style=\"color: #ff9900;\"><a style=\"color: #ff9900;\" href=\"\/?p=21080\">Die Vorteile des Anbaus von feminisierten Cannabissamen<\/a><\/span><\/p>\n<p style=\"text-align: center;\"><span style=\"color: #ff9900;\"><a style=\"color: #ff9900;\" href=\"https:\/\/www.dutchfem.com\/differences-between-feminized-and-regular-cannabis-seeds\/\">Unterschiede zwischen feminisierten und regul\u00e4ren Cannabissamen<\/a><\/span><\/p>\n<p style=\"text-align: center;\"><span style=\"color: #ff9900;\"><a style=\"color: #ff9900;\" href=\"https:\/\/www.dutchfem.com\/turning-cannabis-seedlings-into-thriving-happy-plants\/\">Aus Cannabiss\u00e4mlingen werden gesunde, bl\u00fchende Pflanzen!<\/a><\/span><\/p>\n","protected":false},"excerpt":{"rendered":"<p>Wir haben es geschafft, einige unserer besten Sorten zu kreuzen, um eine fantastische neue Cannabissorte zu schaffen. Das Ergebnis ist, auch wenn wir das selbst sagen, beeindruckend: 24-Karat Dutch Gold. Auch bekannt als 24K Dutch.<\/p>\n","protected":false},"featured_media":40659,"comment_status":"open","ping_status":"closed","template":"","meta":{"_exactmetrics_skip_tracking":false,"_exactmetrics_sitenote_active":false,"_exactmetrics_sitenote_note":"","_exactmetrics_sitenote_category":0},"product_brand":[],"product_cat":[103],"product_tag":[5462,3527,5461,5465,4282,5463,5464,3528],"class_list":{"0":"post-40585","1":"product","2":"type-product","3":"status-publish","4":"has-post-thumbnail","6":"product_cat-feminisierte-cannabissamen","7":"product_tag-24k","8":"product_tag-cannabis-de","9":"product_tag-dutch","10":"product_tag-edition","11":"product_tag-feminized-de","12":"product_tag-gold","13":"product_tag-limited","14":"product_tag-samen","16":"first","17":"instock","18":"taxable","19":"shipping-taxable","20":"purchasable","21":"product-type-variable","22":"has-default-attributes"},"yoast_head":"<!-- This site is optimized with the Yoast SEO plugin v26.9 - https:\/\/yoast.com\/product\/yoast-seo-wordpress\/ -->\n<title>24K Dutch Gold Limited Edition Cannabissamen, auch bekannt als 24K Dutch<\/title>\n<meta name=\"description\" content=\"24K Dutch Gold Limited Edition feminisierte Cannabissamen von Dutchfem \u2013 Eine brandneue Sorte, die eine starke Wirkung und einen au\u00dfergew\u00f6hnlich hohen THC-Gehalt bietet.\" \/>\n<meta name=\"robots\" content=\"index, follow, max-snippet:-1, max-image-preview:large, max-video-preview:-1\" \/>\n<link rel=\"canonical\" href=\"https:\/\/www.dutchfem.com\/de\/kaufe\/24k-dutch-gold-limited-edition-feminisierte-samen\/\" \/>\n<meta property=\"og:locale\" content=\"de_DE\" \/>\n<meta property=\"og:type\" content=\"article\" \/>\n<meta property=\"og:title\" content=\"24K Dutch Gold Limited Edition Cannabissamen, auch bekannt als 24K Dutch\" \/>\n<meta property=\"og:description\" content=\"24K Dutch Gold Limited Edition feminisierte Cannabissamen von Dutchfem \u2013 Eine brandneue Sorte, die eine starke Wirkung und einen au\u00dfergew\u00f6hnlich hohen THC-Gehalt bietet.\" \/>\n<meta property=\"og:url\" content=\"https:\/\/www.dutchfem.com\/de\/kaufe\/24k-dutch-gold-limited-edition-feminisierte-samen\/\" \/>\n<meta property=\"og:site_name\" content=\"Dutchfem\" \/>\n<meta property=\"article:publisher\" content=\"https:\/\/www.facebook.com\/Dutchfem\/\" \/>\n<meta property=\"article:modified_time\" content=\"2026-01-29T10:25:34+00:00\" \/>\n<meta property=\"og:image\" content=\"https:\/\/www.dutchfem.com\/wp-content\/uploads\/2026\/01\/24K-Dutch-Gold-limited-edition-feminized-seeds-e1768828576843-1-e1768833329976.jpg\" \/>\n\t<meta property=\"og:image:width\" content=\"500\" \/>\n\t<meta property=\"og:image:height\" content=\"500\" \/>\n\t<meta property=\"og:image:type\" content=\"image\/jpeg\" \/>\n<meta name=\"twitter:card\" content=\"summary_large_image\" \/>\n<meta name=\"twitter:site\" content=\"@dutchfem\" \/>\n<meta name=\"twitter:label1\" content=\"Gesch\u00e4tzte Lesezeit\" \/>\n\t<meta name=\"twitter:data1\" content=\"3\u00a0Minuten\" \/>\n<script type=\"application\/ld+json\" class=\"yoast-schema-graph\">{\"@context\":\"https:\/\/schema.org\",\"@graph\":[{\"@type\":\"WebPage\",\"@id\":\"https:\/\/www.dutchfem.com\/de\/kaufe\/24k-dutch-gold-limited-edition-feminisierte-samen\/\",\"url\":\"https:\/\/www.dutchfem.com\/de\/kaufe\/24k-dutch-gold-limited-edition-feminisierte-samen\/\",\"name\":\"24K Dutch Gold Limited Edition Cannabissamen, auch bekannt als 24K Dutch\",\"isPartOf\":{\"@id\":\"https:\/\/www.dutchfem.com\/#website\"},\"primaryImageOfPage\":{\"@id\":\"https:\/\/www.dutchfem.com\/de\/kaufe\/24k-dutch-gold-limited-edition-feminisierte-samen\/#primaryimage\"},\"image\":{\"@id\":\"https:\/\/www.dutchfem.com\/de\/kaufe\/24k-dutch-gold-limited-edition-feminisierte-samen\/#primaryimage\"},\"thumbnailUrl\":\"https:\/\/www.dutchfem.com\/wp-content\/uploads\/2026\/01\/24K-Dutch-Gold-limited-edition-feminized-seeds-e1768828576843-1-e1768833329976.jpg\",\"datePublished\":\"2026-01-17T14:50:54+00:00\",\"dateModified\":\"2026-01-29T10:25:34+00:00\",\"description\":\"24K Dutch Gold Limited Edition feminisierte Cannabissamen von Dutchfem \u2013 Eine brandneue Sorte, die eine starke Wirkung und einen au\u00dfergew\u00f6hnlich hohen THC-Gehalt bietet.\",\"breadcrumb\":{\"@id\":\"https:\/\/www.dutchfem.com\/de\/kaufe\/24k-dutch-gold-limited-edition-feminisierte-samen\/#breadcrumb\"},\"inLanguage\":\"de\",\"potentialAction\":[{\"@type\":\"ReadAction\",\"target\":[\"https:\/\/www.dutchfem.com\/de\/kaufe\/24k-dutch-gold-limited-edition-feminisierte-samen\/\"]}]},{\"@type\":\"ImageObject\",\"inLanguage\":\"de\",\"@id\":\"https:\/\/www.dutchfem.com\/de\/kaufe\/24k-dutch-gold-limited-edition-feminisierte-samen\/#primaryimage\",\"url\":\"https:\/\/www.dutchfem.com\/wp-content\/uploads\/2026\/01\/24K-Dutch-Gold-limited-edition-feminized-seeds-e1768828576843-1-e1768833329976.jpg\",\"contentUrl\":\"https:\/\/www.dutchfem.com\/wp-content\/uploads\/2026\/01\/24K-Dutch-Gold-limited-edition-feminized-seeds-e1768828576843-1-e1768833329976.jpg\",\"width\":500,\"height\":500},{\"@type\":\"BreadcrumbList\",\"@id\":\"https:\/\/www.dutchfem.com\/de\/kaufe\/24k-dutch-gold-limited-edition-feminisierte-samen\/#breadcrumb\",\"itemListElement\":[{\"@type\":\"ListItem\",\"position\":1,\"name\":\"Home\",\"item\":\"https:\/\/www.dutchfem.com\/de\/\"},{\"@type\":\"ListItem\",\"position\":2,\"name\":\"Shop\",\"item\":\"https:\/\/www.dutchfem.com\/de\/shop\/\"},{\"@type\":\"ListItem\",\"position\":3,\"name\":\"24K Dutch Gold Limited Edition\"}]},{\"@type\":\"WebSite\",\"@id\":\"https:\/\/www.dutchfem.com\/#website\",\"url\":\"https:\/\/www.dutchfem.com\/\",\"name\":\"Dutchfem\",\"description\":\"Buy Feminized Cannabis Seeds - Autoflowering Seeds - Medical Marijuana Seeds &amp; CBD Oil online\",\"publisher\":{\"@id\":\"https:\/\/www.dutchfem.com\/#organization\"},\"potentialAction\":[{\"@type\":\"SearchAction\",\"target\":{\"@type\":\"EntryPoint\",\"urlTemplate\":\"https:\/\/www.dutchfem.com\/?s={search_term_string}\"},\"query-input\":{\"@type\":\"PropertyValueSpecification\",\"valueRequired\":true,\"valueName\":\"search_term_string\"}}],\"inLanguage\":\"de\"},{\"@type\":\"Organization\",\"@id\":\"https:\/\/www.dutchfem.com\/#organization\",\"name\":\"Dutchfem Cannabis Seeds\",\"url\":\"https:\/\/www.dutchfem.com\/\",\"logo\":{\"@type\":\"ImageObject\",\"inLanguage\":\"de\",\"@id\":\"https:\/\/www.dutchfem.com\/#\/schema\/logo\/image\/\",\"url\":\"https:\/\/www.dutchfem.com\/wp-content\/uploads\/2017\/10\/logo_Dutchfem-web.png\",\"contentUrl\":\"https:\/\/www.dutchfem.com\/wp-content\/uploads\/2017\/10\/logo_Dutchfem-web.png\",\"width\":825,\"height\":288,\"caption\":\"Dutchfem Cannabis Seeds\"},\"image\":{\"@id\":\"https:\/\/www.dutchfem.com\/#\/schema\/logo\/image\/\"},\"sameAs\":[\"https:\/\/www.facebook.com\/Dutchfem\/\",\"https:\/\/x.com\/dutchfem\",\"https:\/\/www.instagram.com\/dutchfemseeds\/\",\"https:\/\/www.youtube.com\/@Dutchfem\",\"https:\/\/nl.pinterest.com\/dutchfem\/\",\"https:\/\/bsky.app\/profile\/dutchfem.bsky.social\",\"https:\/\/www.threads.com\/@dutchfemseeds?igshid=NTc4MTIwNjQ2YQ\",\"https:\/\/www.tumblr.com\/dutchfemseeds\"]}]}<\/script>\n<!-- \/ Yoast SEO plugin. -->","yoast_head_json":{"title":"24K Dutch Gold Limited Edition Cannabissamen, auch bekannt als 24K Dutch","description":"24K Dutch Gold Limited Edition feminisierte Cannabissamen von Dutchfem \u2013 Eine brandneue Sorte, die eine starke Wirkung und einen au\u00dfergew\u00f6hnlich hohen THC-Gehalt bietet.","robots":{"index":"index","follow":"follow","max-snippet":"max-snippet:-1","max-image-preview":"max-image-preview:large","max-video-preview":"max-video-preview:-1"},"canonical":"https:\/\/www.dutchfem.com\/de\/kaufe\/24k-dutch-gold-limited-edition-feminisierte-samen\/","og_locale":"de_DE","og_type":"article","og_title":"24K Dutch Gold Limited Edition Cannabissamen, auch bekannt als 24K Dutch","og_description":"24K Dutch Gold Limited Edition feminisierte Cannabissamen von Dutchfem \u2013 Eine brandneue Sorte, die eine starke Wirkung und einen au\u00dfergew\u00f6hnlich hohen THC-Gehalt bietet.","og_url":"https:\/\/www.dutchfem.com\/de\/kaufe\/24k-dutch-gold-limited-edition-feminisierte-samen\/","og_site_name":"Dutchfem","article_publisher":"https:\/\/www.facebook.com\/Dutchfem\/","article_modified_time":"2026-01-29T10:25:34+00:00","og_image":[{"width":500,"height":500,"url":"https:\/\/www.dutchfem.com\/wp-content\/uploads\/2026\/01\/24K-Dutch-Gold-limited-edition-feminized-seeds-e1768828576843-1-e1768833329976.jpg","type":"image\/jpeg"}],"twitter_card":"summary_large_image","twitter_site":"@dutchfem","twitter_misc":{"Gesch\u00e4tzte Lesezeit":"3\u00a0Minuten"},"schema":{"@context":"https:\/\/schema.org","@graph":[{"@type":"WebPage","@id":"https:\/\/www.dutchfem.com\/de\/kaufe\/24k-dutch-gold-limited-edition-feminisierte-samen\/","url":"https:\/\/www.dutchfem.com\/de\/kaufe\/24k-dutch-gold-limited-edition-feminisierte-samen\/","name":"24K Dutch Gold Limited Edition Cannabissamen, auch bekannt als 24K Dutch","isPartOf":{"@id":"https:\/\/www.dutchfem.com\/#website"},"primaryImageOfPage":{"@id":"https:\/\/www.dutchfem.com\/de\/kaufe\/24k-dutch-gold-limited-edition-feminisierte-samen\/#primaryimage"},"image":{"@id":"https:\/\/www.dutchfem.com\/de\/kaufe\/24k-dutch-gold-limited-edition-feminisierte-samen\/#primaryimage"},"thumbnailUrl":"https:\/\/www.dutchfem.com\/wp-content\/uploads\/2026\/01\/24K-Dutch-Gold-limited-edition-feminized-seeds-e1768828576843-1-e1768833329976.jpg","datePublished":"2026-01-17T14:50:54+00:00","dateModified":"2026-01-29T10:25:34+00:00","description":"24K Dutch Gold Limited Edition feminisierte Cannabissamen von Dutchfem \u2013 Eine brandneue Sorte, die eine starke Wirkung und einen au\u00dfergew\u00f6hnlich hohen THC-Gehalt bietet.","breadcrumb":{"@id":"https:\/\/www.dutchfem.com\/de\/kaufe\/24k-dutch-gold-limited-edition-feminisierte-samen\/#breadcrumb"},"inLanguage":"de","potentialAction":[{"@type":"ReadAction","target":["https:\/\/www.dutchfem.com\/de\/kaufe\/24k-dutch-gold-limited-edition-feminisierte-samen\/"]}]},{"@type":"ImageObject","inLanguage":"de","@id":"https:\/\/www.dutchfem.com\/de\/kaufe\/24k-dutch-gold-limited-edition-feminisierte-samen\/#primaryimage","url":"https:\/\/www.dutchfem.com\/wp-content\/uploads\/2026\/01\/24K-Dutch-Gold-limited-edition-feminized-seeds-e1768828576843-1-e1768833329976.jpg","contentUrl":"https:\/\/www.dutchfem.com\/wp-content\/uploads\/2026\/01\/24K-Dutch-Gold-limited-edition-feminized-seeds-e1768828576843-1-e1768833329976.jpg","width":500,"height":500},{"@type":"BreadcrumbList","@id":"https:\/\/www.dutchfem.com\/de\/kaufe\/24k-dutch-gold-limited-edition-feminisierte-samen\/#breadcrumb","itemListElement":[{"@type":"ListItem","position":1,"name":"Home","item":"https:\/\/www.dutchfem.com\/de\/"},{"@type":"ListItem","position":2,"name":"Shop","item":"https:\/\/www.dutchfem.com\/de\/shop\/"},{"@type":"ListItem","position":3,"name":"24K Dutch Gold Limited Edition"}]},{"@type":"WebSite","@id":"https:\/\/www.dutchfem.com\/#website","url":"https:\/\/www.dutchfem.com\/","name":"Dutchfem","description":"Buy Feminized Cannabis Seeds - Autoflowering Seeds - Medical Marijuana Seeds &amp; CBD Oil online","publisher":{"@id":"https:\/\/www.dutchfem.com\/#organization"},"potentialAction":[{"@type":"SearchAction","target":{"@type":"EntryPoint","urlTemplate":"https:\/\/www.dutchfem.com\/?s={search_term_string}"},"query-input":{"@type":"PropertyValueSpecification","valueRequired":true,"valueName":"search_term_string"}}],"inLanguage":"de"},{"@type":"Organization","@id":"https:\/\/www.dutchfem.com\/#organization","name":"Dutchfem Cannabis Seeds","url":"https:\/\/www.dutchfem.com\/","logo":{"@type":"ImageObject","inLanguage":"de","@id":"https:\/\/www.dutchfem.com\/#\/schema\/logo\/image\/","url":"https:\/\/www.dutchfem.com\/wp-content\/uploads\/2017\/10\/logo_Dutchfem-web.png","contentUrl":"https:\/\/www.dutchfem.com\/wp-content\/uploads\/2017\/10\/logo_Dutchfem-web.png","width":825,"height":288,"caption":"Dutchfem Cannabis Seeds"},"image":{"@id":"https:\/\/www.dutchfem.com\/#\/schema\/logo\/image\/"},"sameAs":["https:\/\/www.facebook.com\/Dutchfem\/","https:\/\/x.com\/dutchfem","https:\/\/www.instagram.com\/dutchfemseeds\/","https:\/\/www.youtube.com\/@Dutchfem","https:\/\/nl.pinterest.com\/dutchfem\/","https:\/\/bsky.app\/profile\/dutchfem.bsky.social","https:\/\/www.threads.com\/@dutchfemseeds?igshid=NTc4MTIwNjQ2YQ","https:\/\/www.tumblr.com\/dutchfemseeds"]}]}},"_links":{"self":[{"href":"https:\/\/www.dutchfem.com\/de\/wp-json\/wp\/v2\/product\/40585","targetHints":{"allow":["GET"]}}],"collection":[{"href":"https:\/\/www.dutchfem.com\/de\/wp-json\/wp\/v2\/product"}],"about":[{"href":"https:\/\/www.dutchfem.com\/de\/wp-json\/wp\/v2\/types\/product"}],"replies":[{"embeddable":true,"href":"https:\/\/www.dutchfem.com\/de\/wp-json\/wp\/v2\/comments?post=40585"}],"wp:featuredmedia":[{"embeddable":true,"href":"https:\/\/www.dutchfem.com\/de\/wp-json\/wp\/v2\/media\/40659"}],"wp:attachment":[{"href":"https:\/\/www.dutchfem.com\/de\/wp-json\/wp\/v2\/media?parent=40585"}],"wp:term":[{"taxonomy":"product_brand","embeddable":true,"href":"https:\/\/www.dutchfem.com\/de\/wp-json\/wp\/v2\/product_brand?post=40585"},{"taxonomy":"product_cat","embeddable":true,"href":"https:\/\/www.dutchfem.com\/de\/wp-json\/wp\/v2\/product_cat?post=40585"},{"taxonomy":"product_tag","embeddable":true,"href":"https:\/\/www.dutchfem.com\/de\/wp-json\/wp\/v2\/product_tag?post=40585"}],"curies":[{"name":"wp","href":"https:\/\/api.w.org\/{rel}","templated":true}]}}