{"id":40763,"date":"2026-01-22T13:09:19","date_gmt":"2026-01-22T11:09:19","guid":{"rendered":"https:\/\/www.dutchfem.com\/?post_type=product&#038;p=40763"},"modified":"2026-01-22T14:41:21","modified_gmt":"2026-01-22T12:41:21","slug":"e200-zip-lock-beutel-gros","status":"publish","type":"product","link":"https:\/\/www.dutchfem.com\/de\/kaufe\/e200-zip-lock-beutel-gros\/","title":{"rendered":"\u20ac200 Zip-Lock Beutel Gro\u00df"},"content":{"rendered":"<h2><strong>Mylar \u20ac200 Zip Lock Bag \u2013 Gro\u00df<\/strong><\/h2>\n<p>Suchen Sie nach einer zuverl\u00e4ssigen und ansprechenden M\u00f6glichkeit, Ihr selbst angebautes Cannabis aufzubewahren? Diese Mylar \u20ac200 Zip Lock Bag Gro\u00df ist genau das Richtige f\u00fcr Sie. Sie sieht elegant aus, f\u00fchlt sich hochwertig an und h\u00e4lt Ihre Bl\u00fcten sicher und frisch. Hergestellt aus robustem, hochwertigem Mylar, das strapazierf\u00e4hig ist und zudem gut aussieht.<\/p>\n<p>&nbsp;<\/p>\n<p>Mit diesem Mylar-Beutel wird das Teilen Ihres Weeds mit Freunden zu etwas ganz Besonderem. Der verspielte 200-Euro-Aufdruck verleiht dem Inhalt ein luxuri\u00f6ses, fast hochwertiges Aussehen. In Kombination mit dem robusten Zip-Verschluss bleibt alles sch\u00f6n frisch und geruchsfrei. Auf diese Weise k\u00f6nnen Sie ein einfaches Geschenk in etwas Einzigartiges und Pers\u00f6nliches verwandeln.<\/p>\n<p>&nbsp;<\/p>\n<p>Die Vorderseite f\u00e4llt dank des auff\u00e4lligen 200-Euro-Designs sofort ins Auge, das der Tasche einen exklusiven Look verleiht. Damit eignet sie sich nicht nur ideal zur Aufbewahrung, sondern auch perfekt als stilvolle Verpackung zum Verschenken. Praktisch und sch\u00f6n \u2013 eine Kombination, die immer funktioniert.<\/p>\n<p>&nbsp;<\/p>\n<p>Der starke Grip-Verschluss schlie\u00dft luftdicht und sch\u00fctzt vor Luft, Feuchtigkeit und Staub. Der Beutel ist wiederverwendbar und l\u00e4sst sich leicht \u00f6ffnen und schlie\u00dfen, ohne seine Versiegelung zu verlieren. F\u00fcr zus\u00e4tzliche Sicherheit k\u00f6nnen Sie die Oberseite auch versiegeln und sp\u00e4ter mithilfe der Kerben aufrei\u00dfen, woraufhin Sie den Zip-Verschluss einfach wiederverwenden k\u00f6nnen.<\/p>\n<p>&nbsp;<\/p>\n<p>Dank seiner handlichen Gr\u00f6\u00dfe k\u00f6nnen Sie diesen gro\u00dfen Mylar-Zip-Verschlussbeutel mit 200-Euro-Motiv problemlos \u00fcberallhin mitnehmen: in Ihrer Manteltasche, Ihrer Tasche oder Ihrem Rucksack. Er ist leicht, aber \u00fcberraschend robust und widerstandsf\u00e4hig gegen Risse und L\u00f6cher.<\/p>\n<p>&nbsp;<\/p>\n<p>Egal, ob Sie selbst anbauen oder einfach nur intelligente und praktische Aufbewahrungsl\u00f6sungen sch\u00e4tzen, dieser gro\u00dfe Mylar-Grip-Beutel ist eine ausgezeichnete Wahl. Auch mit 100- und 500\u20ac -Motiven erh\u00e4ltlich.<\/p>\n<p>&nbsp;<\/p>\n<p><b>Abmessungen:<\/b> 12,5 \u00d7 10 cm<\/p>\n<p><b>Fassungsverm\u00f6gen:<\/b> ca. 1 bis 10 Gramm<\/p>\n<p>&nbsp;<\/p>\n<p style=\"text-align: center;\"><span style=\"color: #ff9900;\"><a style=\"color: #ff9900;\" href=\"https:\/\/www.dutchfem.com\/de\/die-unterschiede-zwischen-joints-blunts-und-spliffs\/\" target=\"_blank\" rel=\"noopener\">Die Unterschiede zwischen Joints, Blunts und Spliffs<\/a><\/span><\/p>\n<p style=\"text-align: center;\"><span style=\"color: #ff9900;\"><a style=\"color: #ff9900;\" href=\"https:\/\/www.dutchfem.com\/why-decarboxylating-cannabis-is-important-and-how-do-you-do-it\/:\/\/www.dutchfem.com\/de\/warum-ist-die-decarboxylierung-von-cannabis-wichtig-und-wie-macht-man-das\/\" target=\"_blank\" rel=\"noopener\">Warum ist die Decarboxylierung von Cannabis wichtig und wie macht man das?<\/a><\/span><\/p>\n<p style=\"text-align: center;\"><span style=\"color: #ff9900;\"><a style=\"color: #ff9900;\" href=\"https:\/\/www.dutchfem.com\/de\/den-geschmack-von-cannabis-verbessern\/\" target=\"_blank\" rel=\"noopener\">Den Geschmack von Cannabis verbessern<\/a><\/span><\/p>\n<p style=\"text-align: center;\"><span style=\"color: #ff9900;\"><a style=\"color: #ff9900;\" href=\"https:\/\/www.instagram.com\/p\/C6KXo47qKWb\/\" target=\"_blank\" rel=\"noopener\">Dutchfem Grinders Instagram<\/a><\/span><\/p>\n<p style=\"text-align: center;\"><span style=\"color: #ff9900;\"><a style=\"color: #ff9900;\" href=\"https:\/\/www.facebook.com\/Dutchfem\/photos\/pb.100063495100818.-2207520000\/2672717149613551\/?type=3&amp;locale=nl_NL\" target=\"_blank\" rel=\"noopener\">Dutchfem Filtertips Facebook<\/a><\/span><\/p>\n<p style=\"text-align: center;\"><span style=\"color: #ff9900;\"><a style=\"color: #ff9900;\" href=\"https:\/\/nl.pinterest.com\/pin\/650910952414022573\/\" target=\"_blank\" rel=\"noopener\">Cvault Pinterest<\/a><\/span><\/p>\n<p style=\"text-align: center;\">\n","protected":false},"excerpt":{"rendered":"<p>Entdecken Sie den Mylar-Rei\u00dfverschlussbeutel 200 \u20ac gro\u00df \u2013 eine elegante und zuverl\u00e4ssige M\u00f6glichkeit, Ihre selbst angebauten Knospen aufzubewahren. Hergestellt aus strapazierf\u00e4higem, hochwertigem Mylar mit einem sicheren Rei\u00dfverschluss, um alles frisch und gesch\u00fctzt zu halten.<\/p>\n<p><b>Gr\u00f6\u00dfe:<\/b> 12,5 \u00d7 10 cm<\/p>\n<p><b>Fassungsverm\u00f6gen:<\/b> 1\u201310 Gramm<\/p>\n","protected":false},"featured_media":40797,"comment_status":"open","ping_status":"closed","template":"","meta":{"_exactmetrics_skip_tracking":false,"_exactmetrics_sitenote_active":false,"_exactmetrics_sitenote_note":"","_exactmetrics_sitenote_category":0},"product_brand":[],"product_cat":[351],"product_tag":[4852,4851,4849,4850,4848],"class_list":{"0":"post-40763","1":"product","2":"type-product","3":"status-publish","4":"has-post-thumbnail","6":"product_cat-waren","7":"product_tag-bag-de","8":"product_tag-grip-de","9":"product_tag-lock-de","10":"product_tag-seal-de","11":"product_tag-zip-de","13":"first","14":"instock","15":"taxable","16":"shipping-taxable","17":"purchasable","18":"product-type-simple"},"yoast_head":"<!-- This site is optimized with the Yoast SEO plugin v26.9 - https:\/\/yoast.com\/product\/yoast-seo-wordpress\/ -->\n<title>\u20ac200 Zip-Lock Beutel Gro\u00df - Schneller und diskreter Versand!<\/title>\n<meta name=\"description\" content=\"Das elegante Design macht den 200\u2011Euro-Rei\u00dfverschlussbeutel besonders hochwertig und stilvoll \u2013 ideal, um Ihre selbst angebauten Bl\u00fcten zu verschenken.\" \/>\n<meta name=\"robots\" content=\"noindex, follow\" \/>\n<meta property=\"og:locale\" content=\"de_DE\" \/>\n<meta property=\"og:type\" content=\"article\" \/>\n<meta property=\"og:title\" content=\"\u20ac200 Zip-Lock Beutel Gro\u00df - Schneller und diskreter Versand!\" \/>\n<meta property=\"og:description\" content=\"Das elegante Design macht den 200\u2011Euro-Rei\u00dfverschlussbeutel besonders hochwertig und stilvoll \u2013 ideal, um Ihre selbst angebauten Bl\u00fcten zu verschenken.\" \/>\n<meta property=\"og:url\" content=\"https:\/\/www.dutchfem.com\/de\/kaufe\/e200-zip-lock-beutel-gros\/\" \/>\n<meta property=\"og:site_name\" content=\"Dutchfem\" \/>\n<meta property=\"article:publisher\" content=\"https:\/\/www.facebook.com\/Dutchfem\/\" \/>\n<meta property=\"article:modified_time\" content=\"2026-01-22T12:41:21+00:00\" \/>\n<meta property=\"og:image\" content=\"https:\/\/www.dutchfem.com\/wp-content\/uploads\/2026\/01\/200-sealbag-large-1.jpg\" \/>\n\t<meta property=\"og:image:width\" content=\"320\" \/>\n\t<meta property=\"og:image:height\" content=\"320\" \/>\n\t<meta property=\"og:image:type\" content=\"image\/jpeg\" \/>\n<meta name=\"twitter:card\" content=\"summary_large_image\" \/>\n<meta name=\"twitter:site\" content=\"@dutchfem\" \/>\n<meta name=\"twitter:label1\" content=\"Gesch\u00e4tzte Lesezeit\" \/>\n\t<meta name=\"twitter:data1\" content=\"2\u00a0Minuten\" \/>\n<script type=\"application\/ld+json\" class=\"yoast-schema-graph\">{\"@context\":\"https:\/\/schema.org\",\"@graph\":[{\"@type\":\"WebPage\",\"@id\":\"https:\/\/www.dutchfem.com\/de\/kaufe\/e200-zip-lock-beutel-gros\/\",\"url\":\"https:\/\/www.dutchfem.com\/de\/kaufe\/e200-zip-lock-beutel-gros\/\",\"name\":\"\u20ac200 Zip-Lock Beutel Gro\u00df - Schneller und diskreter Versand!\",\"isPartOf\":{\"@id\":\"https:\/\/www.dutchfem.com\/#website\"},\"primaryImageOfPage\":{\"@id\":\"https:\/\/www.dutchfem.com\/de\/kaufe\/e200-zip-lock-beutel-gros\/#primaryimage\"},\"image\":{\"@id\":\"https:\/\/www.dutchfem.com\/de\/kaufe\/e200-zip-lock-beutel-gros\/#primaryimage\"},\"thumbnailUrl\":\"https:\/\/www.dutchfem.com\/wp-content\/uploads\/2026\/01\/200-sealbag-large-1-1-e1769096030174.jpg\",\"datePublished\":\"2026-01-22T11:09:19+00:00\",\"dateModified\":\"2026-01-22T12:41:21+00:00\",\"description\":\"Das elegante Design macht den 200\u2011Euro-Rei\u00dfverschlussbeutel besonders hochwertig und stilvoll \u2013 ideal, um Ihre selbst angebauten Bl\u00fcten zu verschenken.\",\"breadcrumb\":{\"@id\":\"https:\/\/www.dutchfem.com\/de\/kaufe\/e200-zip-lock-beutel-gros\/#breadcrumb\"},\"inLanguage\":\"de\",\"potentialAction\":[{\"@type\":\"ReadAction\",\"target\":[\"https:\/\/www.dutchfem.com\/de\/kaufe\/e200-zip-lock-beutel-gros\/\"]}]},{\"@type\":\"ImageObject\",\"inLanguage\":\"de\",\"@id\":\"https:\/\/www.dutchfem.com\/de\/kaufe\/e200-zip-lock-beutel-gros\/#primaryimage\",\"url\":\"https:\/\/www.dutchfem.com\/wp-content\/uploads\/2026\/01\/200-sealbag-large-1-1-e1769096030174.jpg\",\"contentUrl\":\"https:\/\/www.dutchfem.com\/wp-content\/uploads\/2026\/01\/200-sealbag-large-1-1-e1769096030174.jpg\",\"width\":1280,\"height\":1280},{\"@type\":\"BreadcrumbList\",\"@id\":\"https:\/\/www.dutchfem.com\/de\/kaufe\/e200-zip-lock-beutel-gros\/#breadcrumb\",\"itemListElement\":[{\"@type\":\"ListItem\",\"position\":1,\"name\":\"Home\",\"item\":\"https:\/\/www.dutchfem.com\/de\/\"},{\"@type\":\"ListItem\",\"position\":2,\"name\":\"Shop\",\"item\":\"https:\/\/www.dutchfem.com\/de\/shop\/\"},{\"@type\":\"ListItem\",\"position\":3,\"name\":\"\u20ac200 Zip-Lock Beutel Gro\u00df\"}]},{\"@type\":\"WebSite\",\"@id\":\"https:\/\/www.dutchfem.com\/#website\",\"url\":\"https:\/\/www.dutchfem.com\/\",\"name\":\"Dutchfem\",\"description\":\"Buy Feminized Cannabis Seeds - Autoflowering Seeds - Medical Marijuana Seeds &amp; CBD Oil online\",\"publisher\":{\"@id\":\"https:\/\/www.dutchfem.com\/#organization\"},\"potentialAction\":[{\"@type\":\"SearchAction\",\"target\":{\"@type\":\"EntryPoint\",\"urlTemplate\":\"https:\/\/www.dutchfem.com\/?s={search_term_string}\"},\"query-input\":{\"@type\":\"PropertyValueSpecification\",\"valueRequired\":true,\"valueName\":\"search_term_string\"}}],\"inLanguage\":\"de\"},{\"@type\":\"Organization\",\"@id\":\"https:\/\/www.dutchfem.com\/#organization\",\"name\":\"Dutchfem Cannabis Seeds\",\"url\":\"https:\/\/www.dutchfem.com\/\",\"logo\":{\"@type\":\"ImageObject\",\"inLanguage\":\"de\",\"@id\":\"https:\/\/www.dutchfem.com\/#\/schema\/logo\/image\/\",\"url\":\"https:\/\/www.dutchfem.com\/wp-content\/uploads\/2017\/10\/logo_Dutchfem-web.png\",\"contentUrl\":\"https:\/\/www.dutchfem.com\/wp-content\/uploads\/2017\/10\/logo_Dutchfem-web.png\",\"width\":825,\"height\":288,\"caption\":\"Dutchfem Cannabis Seeds\"},\"image\":{\"@id\":\"https:\/\/www.dutchfem.com\/#\/schema\/logo\/image\/\"},\"sameAs\":[\"https:\/\/www.facebook.com\/Dutchfem\/\",\"https:\/\/x.com\/dutchfem\",\"https:\/\/www.instagram.com\/dutchfemseeds\/\",\"https:\/\/www.youtube.com\/@Dutchfem\",\"https:\/\/nl.pinterest.com\/dutchfem\/\",\"https:\/\/bsky.app\/profile\/dutchfem.bsky.social\",\"https:\/\/www.threads.com\/@dutchfemseeds?igshid=NTc4MTIwNjQ2YQ\",\"https:\/\/www.tumblr.com\/dutchfemseeds\"]}]}<\/script>\n<!-- \/ Yoast SEO plugin. -->","yoast_head_json":{"title":"\u20ac200 Zip-Lock Beutel Gro\u00df - Schneller und diskreter Versand!","description":"Das elegante Design macht den 200\u2011Euro-Rei\u00dfverschlussbeutel besonders hochwertig und stilvoll \u2013 ideal, um Ihre selbst angebauten Bl\u00fcten zu verschenken.","robots":{"index":"noindex","follow":"follow"},"og_locale":"de_DE","og_type":"article","og_title":"\u20ac200 Zip-Lock Beutel Gro\u00df - Schneller und diskreter Versand!","og_description":"Das elegante Design macht den 200\u2011Euro-Rei\u00dfverschlussbeutel besonders hochwertig und stilvoll \u2013 ideal, um Ihre selbst angebauten Bl\u00fcten zu verschenken.","og_url":"https:\/\/www.dutchfem.com\/de\/kaufe\/e200-zip-lock-beutel-gros\/","og_site_name":"Dutchfem","article_publisher":"https:\/\/www.facebook.com\/Dutchfem\/","article_modified_time":"2026-01-22T12:41:21+00:00","og_image":[{"width":320,"height":320,"url":"https:\/\/www.dutchfem.com\/wp-content\/uploads\/2026\/01\/200-sealbag-large-1.jpg","type":"image\/jpeg"}],"twitter_card":"summary_large_image","twitter_site":"@dutchfem","twitter_misc":{"Gesch\u00e4tzte Lesezeit":"2\u00a0Minuten"},"schema":{"@context":"https:\/\/schema.org","@graph":[{"@type":"WebPage","@id":"https:\/\/www.dutchfem.com\/de\/kaufe\/e200-zip-lock-beutel-gros\/","url":"https:\/\/www.dutchfem.com\/de\/kaufe\/e200-zip-lock-beutel-gros\/","name":"\u20ac200 Zip-Lock Beutel Gro\u00df - Schneller und diskreter Versand!","isPartOf":{"@id":"https:\/\/www.dutchfem.com\/#website"},"primaryImageOfPage":{"@id":"https:\/\/www.dutchfem.com\/de\/kaufe\/e200-zip-lock-beutel-gros\/#primaryimage"},"image":{"@id":"https:\/\/www.dutchfem.com\/de\/kaufe\/e200-zip-lock-beutel-gros\/#primaryimage"},"thumbnailUrl":"https:\/\/www.dutchfem.com\/wp-content\/uploads\/2026\/01\/200-sealbag-large-1-1-e1769096030174.jpg","datePublished":"2026-01-22T11:09:19+00:00","dateModified":"2026-01-22T12:41:21+00:00","description":"Das elegante Design macht den 200\u2011Euro-Rei\u00dfverschlussbeutel besonders hochwertig und stilvoll \u2013 ideal, um Ihre selbst angebauten Bl\u00fcten zu verschenken.","breadcrumb":{"@id":"https:\/\/www.dutchfem.com\/de\/kaufe\/e200-zip-lock-beutel-gros\/#breadcrumb"},"inLanguage":"de","potentialAction":[{"@type":"ReadAction","target":["https:\/\/www.dutchfem.com\/de\/kaufe\/e200-zip-lock-beutel-gros\/"]}]},{"@type":"ImageObject","inLanguage":"de","@id":"https:\/\/www.dutchfem.com\/de\/kaufe\/e200-zip-lock-beutel-gros\/#primaryimage","url":"https:\/\/www.dutchfem.com\/wp-content\/uploads\/2026\/01\/200-sealbag-large-1-1-e1769096030174.jpg","contentUrl":"https:\/\/www.dutchfem.com\/wp-content\/uploads\/2026\/01\/200-sealbag-large-1-1-e1769096030174.jpg","width":1280,"height":1280},{"@type":"BreadcrumbList","@id":"https:\/\/www.dutchfem.com\/de\/kaufe\/e200-zip-lock-beutel-gros\/#breadcrumb","itemListElement":[{"@type":"ListItem","position":1,"name":"Home","item":"https:\/\/www.dutchfem.com\/de\/"},{"@type":"ListItem","position":2,"name":"Shop","item":"https:\/\/www.dutchfem.com\/de\/shop\/"},{"@type":"ListItem","position":3,"name":"\u20ac200 Zip-Lock Beutel Gro\u00df"}]},{"@type":"WebSite","@id":"https:\/\/www.dutchfem.com\/#website","url":"https:\/\/www.dutchfem.com\/","name":"Dutchfem","description":"Buy Feminized Cannabis Seeds - Autoflowering Seeds - Medical Marijuana Seeds &amp; CBD Oil online","publisher":{"@id":"https:\/\/www.dutchfem.com\/#organization"},"potentialAction":[{"@type":"SearchAction","target":{"@type":"EntryPoint","urlTemplate":"https:\/\/www.dutchfem.com\/?s={search_term_string}"},"query-input":{"@type":"PropertyValueSpecification","valueRequired":true,"valueName":"search_term_string"}}],"inLanguage":"de"},{"@type":"Organization","@id":"https:\/\/www.dutchfem.com\/#organization","name":"Dutchfem Cannabis Seeds","url":"https:\/\/www.dutchfem.com\/","logo":{"@type":"ImageObject","inLanguage":"de","@id":"https:\/\/www.dutchfem.com\/#\/schema\/logo\/image\/","url":"https:\/\/www.dutchfem.com\/wp-content\/uploads\/2017\/10\/logo_Dutchfem-web.png","contentUrl":"https:\/\/www.dutchfem.com\/wp-content\/uploads\/2017\/10\/logo_Dutchfem-web.png","width":825,"height":288,"caption":"Dutchfem Cannabis Seeds"},"image":{"@id":"https:\/\/www.dutchfem.com\/#\/schema\/logo\/image\/"},"sameAs":["https:\/\/www.facebook.com\/Dutchfem\/","https:\/\/x.com\/dutchfem","https:\/\/www.instagram.com\/dutchfemseeds\/","https:\/\/www.youtube.com\/@Dutchfem","https:\/\/nl.pinterest.com\/dutchfem\/","https:\/\/bsky.app\/profile\/dutchfem.bsky.social","https:\/\/www.threads.com\/@dutchfemseeds?igshid=NTc4MTIwNjQ2YQ","https:\/\/www.tumblr.com\/dutchfemseeds"]}]}},"_links":{"self":[{"href":"https:\/\/www.dutchfem.com\/de\/wp-json\/wp\/v2\/product\/40763","targetHints":{"allow":["GET"]}}],"collection":[{"href":"https:\/\/www.dutchfem.com\/de\/wp-json\/wp\/v2\/product"}],"about":[{"href":"https:\/\/www.dutchfem.com\/de\/wp-json\/wp\/v2\/types\/product"}],"replies":[{"embeddable":true,"href":"https:\/\/www.dutchfem.com\/de\/wp-json\/wp\/v2\/comments?post=40763"}],"wp:featuredmedia":[{"embeddable":true,"href":"https:\/\/www.dutchfem.com\/de\/wp-json\/wp\/v2\/media\/40797"}],"wp:attachment":[{"href":"https:\/\/www.dutchfem.com\/de\/wp-json\/wp\/v2\/media?parent=40763"}],"wp:term":[{"taxonomy":"product_brand","embeddable":true,"href":"https:\/\/www.dutchfem.com\/de\/wp-json\/wp\/v2\/product_brand?post=40763"},{"taxonomy":"product_cat","embeddable":true,"href":"https:\/\/www.dutchfem.com\/de\/wp-json\/wp\/v2\/product_cat?post=40763"},{"taxonomy":"product_tag","embeddable":true,"href":"https:\/\/www.dutchfem.com\/de\/wp-json\/wp\/v2\/product_tag?post=40763"}],"curies":[{"name":"wp","href":"https:\/\/api.w.org\/{rel}","templated":true}]}}