{"id":40771,"date":"2026-01-22T15:06:51","date_gmt":"2026-01-22T13:06:51","guid":{"rendered":"https:\/\/www.dutchfem.com\/?post_type=product&#038;p=40771"},"modified":"2026-01-22T15:25:31","modified_gmt":"2026-01-22T13:25:31","slug":"e500-zip-lock-beutel-gross","status":"publish","type":"product","link":"https:\/\/www.dutchfem.com\/de\/kaufe\/e500-zip-lock-beutel-gross\/","title":{"rendered":"\u20ac500 Zip-Lock Beutel Gro\u00df"},"content":{"rendered":"<h2><strong>Mylar \u20ac500 Zip Lock Bag \u2013 Gro\u00df<\/strong><\/h2>\n<p>&nbsp;<\/p>\n<p>Suchen Sie nach einer stilvollen und zuverl\u00e4ssigen M\u00f6glichkeit, Ihre selbst angebauten Bl\u00fcten aufzubewahren? Die Mylar \u20ac500 Zip Lock Bag Gro\u00df ist daf\u00fcr ideal. Sie ist elegant, strapazierf\u00e4hig und hochwertig und h\u00e4lt Ihr Cannabis frisch, sicher und genussbereit. Sie besteht aus robustem, hochwertigem Mylar, ist langlebig und sieht dabei auch noch gut aus.<\/p>\n<p>&nbsp;<\/p>\n<p>Mit diesem Beutel wird das Teilen Ihrer Bl\u00fcten mit Freunden zu etwas ganz Besonderem. Der verspielte 500-Euro-Aufdruck verleiht ihm einen Hauch von Luxus, w\u00e4hrend der starke Rei\u00dfverschluss alles frisch und geruchsfrei h\u00e4lt. Ein einfaches Geschenk wirkt pl\u00f6tzlich einzigartig und durchdacht.<\/p>\n<p>&nbsp;<\/p>\n<p>Das auff\u00e4llige 500-Euro-Design auf der Vorderseite zieht die Aufmerksamkeit auf sich und verleiht dem Beutel einen Hauch von Exklusivit\u00e4t, sodass er sich nicht nur perfekt zur Aufbewahrung eignet, sondern auch als stilvolle Geschenkverpackung. Praktisch, strapazierf\u00e4hig und optisch ansprechend zugleich.<\/p>\n<p>&nbsp;<\/p>\n<p>Der luftdichte Verschluss sch\u00fctzt vor Luft, Feuchtigkeit und Staub und h\u00e4lt Ihre Bl\u00fcten in Top-Zustand. Die Tasche ist wiederverwendbar und l\u00e4sst sich leicht \u00f6ffnen und schlie\u00dfen, ohne dass die Versiegelung verloren geht. F\u00fcr zus\u00e4tzliche Sicherheit k\u00f6nnen Sie den Verschluss oben versiegeln, sp\u00e4ter entlang der Kerben aufrei\u00dfen und dann mit dem Rei\u00dfverschluss wieder verschlie\u00dfen.<\/p>\n<p>&nbsp;<\/p>\n<p>Dank ihrer kompakten Gr\u00f6\u00dfe l\u00e4sst sie sich leicht in der Tasche, im Rucksack oder in der Handtasche transportieren. Sie ist leicht und dennoch robust, rei\u00df- und durchsto\u00dffest und somit ideal f\u00fcr den Gebrauch zu Hause oder unterwegs.<\/p>\n<p>&nbsp;<\/p>\n<p>Ob Sie nun selbst anbauen oder einfach nur eine elegante, stilvolle Aufbewahrungsm\u00f6glichkeit suchen, die Mylar-Beutel mit Rei\u00dfverschluss, gro\u00df, sind eine ausgezeichnete Wahl. Auch in den Ausf\u00fchrungen 100 \u20ac und 200 \u20ac erh\u00e4ltlich.<\/p>\n<p>&nbsp;<\/p>\n<p><b>Abmessungen:<\/b> 12,5 \u00d7 10 cm<\/p>\n<p><b>Fassungsverm\u00f6gen:<\/b> 1\u201310 Gramm<\/p>\n<p>&nbsp;<\/p>\n<p>&nbsp;<\/p>\n<p style=\"text-align: center;\"><span style=\"color: #ff9900;\"><a style=\"color: #ff9900;\" href=\"https:\/\/www.dutchfem.com\/de\/die-unterschiede-zwischen-joints-blunts-und-spliffs\/\" target=\"_blank\" rel=\"noopener\">Die Unterschiede zwischen Joints, Blunts und Spliffs<\/a><\/span><\/p>\n<p style=\"text-align: center;\"><span style=\"color: #ff9900;\"><a style=\"color: #ff9900;\" href=\"https:\/\/www.dutchfem.com\/why-decarboxylating-cannabis-is-important-and-how-do-you-do-it\/:\/\/www.dutchfem.com\/de\/warum-ist-die-decarboxylierung-von-cannabis-wichtig-und-wie-macht-man-das\/\" target=\"_blank\" rel=\"noopener\">Warum ist die Decarboxylierung von Cannabis wichtig und wie macht man das?<\/a><\/span><\/p>\n<p style=\"text-align: center;\"><span style=\"color: #ff9900;\"><a style=\"color: #ff9900;\" href=\"https:\/\/www.dutchfem.com\/de\/den-geschmack-von-cannabis-verbessern\/\" target=\"_blank\" rel=\"noopener\">Den Geschmack von Cannabis verbessern<\/a><\/span><\/p>\n<p style=\"text-align: center;\"><span style=\"color: #ff9900;\"><a style=\"color: #ff9900;\" href=\"https:\/\/www.instagram.com\/p\/C6KXo47qKWb\/\" target=\"_blank\" rel=\"noopener\">Dutchfem Grinders Instagram<\/a><\/span><\/p>\n<p style=\"text-align: center;\"><span style=\"color: #ff9900;\"><a style=\"color: #ff9900;\" href=\"https:\/\/www.facebook.com\/Dutchfem\/photos\/pb.100063495100818.-2207520000\/2672717149613551\/?type=3&amp;locale=nl_NL\" target=\"_blank\" rel=\"noopener\">Dutchfem Filtertips Facebook<\/a><\/span><\/p>\n<p style=\"text-align: center;\"><span style=\"color: #ff9900;\"><a style=\"color: #ff9900;\" href=\"https:\/\/nl.pinterest.com\/pin\/650910952414022573\/\" target=\"_blank\" rel=\"noopener\">Cvault Pinterest<\/a><\/span><\/p>\n<p style=\"text-align: center;\">\n","protected":false},"excerpt":{"rendered":"<p>Bewahren Sie Ihre selbst angebauten cannabis frisch und sicher in diesem eleganten, strapazierf\u00e4higen 500-Euro-Mylar-Beutel auf. Der starke Rei\u00dfverschluss verschlie\u00dft Aroma und Qualit\u00e4t, w\u00e4hrend die kompakte Gr\u00f6\u00dfe den Transport erleichtert.<\/p>\n<p><b>Gr\u00f6\u00dfe:<\/b> 12,5 \u00d7 10 cm | <b>Fassungsverm\u00f6gen:<\/b> 1\u201310 Gramm<\/p>\n<p><b>Fassungsverm\u00f6gen:<\/b> 1\u201310 Gramm<\/p>\n","protected":false},"featured_media":40738,"comment_status":"open","ping_status":"closed","template":"","meta":{"_exactmetrics_skip_tracking":false,"_exactmetrics_sitenote_active":false,"_exactmetrics_sitenote_note":"","_exactmetrics_sitenote_category":0},"product_brand":[],"product_cat":[351],"product_tag":[4852,4851,4849,4850,4848],"class_list":{"0":"post-40771","1":"product","2":"type-product","3":"status-publish","4":"has-post-thumbnail","6":"product_cat-waren","7":"product_tag-bag-de","8":"product_tag-grip-de","9":"product_tag-lock-de","10":"product_tag-seal-de","11":"product_tag-zip-de","13":"first","14":"instock","15":"taxable","16":"shipping-taxable","17":"purchasable","18":"product-type-simple"},"yoast_head":"<!-- This site is optimized with the Yoast SEO plugin v26.9 - https:\/\/yoast.com\/product\/yoast-seo-wordpress\/ -->\n<title>\u20ac500 Zip-Lock Beutel Gro\u00df - Schneller und diskreter Versand!<\/title>\n<meta name=\"description\" content=\"Bewahren Sie Ihre selbst angebauten weed in der eleganten Mylar-Tasche mit Rei\u00dfverschluss (500 \u20ac) auf \u2013 strapazierf\u00e4hig, stilvoll und perfekt als Geschenk.\" \/>\n<meta name=\"robots\" content=\"noindex, follow\" \/>\n<meta property=\"og:locale\" content=\"de_DE\" \/>\n<meta property=\"og:type\" content=\"article\" \/>\n<meta property=\"og:title\" content=\"\u20ac500 Zip-Lock Beutel Gro\u00df - Schneller und diskreter Versand!\" \/>\n<meta property=\"og:description\" content=\"Bewahren Sie Ihre selbst angebauten weed in der eleganten Mylar-Tasche mit Rei\u00dfverschluss (500 \u20ac) auf \u2013 strapazierf\u00e4hig, stilvoll und perfekt als Geschenk.\" \/>\n<meta property=\"og:url\" content=\"https:\/\/www.dutchfem.com\/de\/kaufe\/e500-zip-lock-beutel-gross\/\" \/>\n<meta property=\"og:site_name\" content=\"Dutchfem\" \/>\n<meta property=\"article:publisher\" content=\"https:\/\/www.facebook.com\/Dutchfem\/\" \/>\n<meta property=\"article:modified_time\" content=\"2026-01-22T13:25:31+00:00\" \/>\n<meta property=\"og:image\" content=\"https:\/\/www.dutchfem.com\/wp-content\/uploads\/2026\/01\/500-sealbag-large-1.jpg\" \/>\n\t<meta property=\"og:image:width\" content=\"320\" \/>\n\t<meta property=\"og:image:height\" content=\"320\" \/>\n\t<meta property=\"og:image:type\" content=\"image\/jpeg\" \/>\n<meta name=\"twitter:card\" content=\"summary_large_image\" \/>\n<meta name=\"twitter:site\" content=\"@dutchfem\" \/>\n<meta name=\"twitter:label1\" content=\"Gesch\u00e4tzte Lesezeit\" \/>\n\t<meta name=\"twitter:data1\" content=\"2\u00a0Minuten\" \/>\n<script type=\"application\/ld+json\" class=\"yoast-schema-graph\">{\"@context\":\"https:\/\/schema.org\",\"@graph\":[{\"@type\":\"WebPage\",\"@id\":\"https:\/\/www.dutchfem.com\/de\/kaufe\/e500-zip-lock-beutel-gross\/\",\"url\":\"https:\/\/www.dutchfem.com\/de\/kaufe\/e500-zip-lock-beutel-gross\/\",\"name\":\"\u20ac500 Zip-Lock Beutel Gro\u00df - Schneller und diskreter Versand!\",\"isPartOf\":{\"@id\":\"https:\/\/www.dutchfem.com\/#website\"},\"primaryImageOfPage\":{\"@id\":\"https:\/\/www.dutchfem.com\/de\/kaufe\/e500-zip-lock-beutel-gross\/#primaryimage\"},\"image\":{\"@id\":\"https:\/\/www.dutchfem.com\/de\/kaufe\/e500-zip-lock-beutel-gross\/#primaryimage\"},\"thumbnailUrl\":\"https:\/\/www.dutchfem.com\/wp-content\/uploads\/2026\/01\/500-sealbag-large-1.jpg\",\"datePublished\":\"2026-01-22T13:06:51+00:00\",\"dateModified\":\"2026-01-22T13:25:31+00:00\",\"description\":\"Bewahren Sie Ihre selbst angebauten weed in der eleganten Mylar-Tasche mit Rei\u00dfverschluss (500 \u20ac) auf \u2013 strapazierf\u00e4hig, stilvoll und perfekt als Geschenk.\",\"breadcrumb\":{\"@id\":\"https:\/\/www.dutchfem.com\/de\/kaufe\/e500-zip-lock-beutel-gross\/#breadcrumb\"},\"inLanguage\":\"de\",\"potentialAction\":[{\"@type\":\"ReadAction\",\"target\":[\"https:\/\/www.dutchfem.com\/de\/kaufe\/e500-zip-lock-beutel-gross\/\"]}]},{\"@type\":\"ImageObject\",\"inLanguage\":\"de\",\"@id\":\"https:\/\/www.dutchfem.com\/de\/kaufe\/e500-zip-lock-beutel-gross\/#primaryimage\",\"url\":\"https:\/\/www.dutchfem.com\/wp-content\/uploads\/2026\/01\/500-sealbag-large-1.jpg\",\"contentUrl\":\"https:\/\/www.dutchfem.com\/wp-content\/uploads\/2026\/01\/500-sealbag-large-1.jpg\",\"width\":320,\"height\":320},{\"@type\":\"BreadcrumbList\",\"@id\":\"https:\/\/www.dutchfem.com\/de\/kaufe\/e500-zip-lock-beutel-gross\/#breadcrumb\",\"itemListElement\":[{\"@type\":\"ListItem\",\"position\":1,\"name\":\"Home\",\"item\":\"https:\/\/www.dutchfem.com\/de\/\"},{\"@type\":\"ListItem\",\"position\":2,\"name\":\"Shop\",\"item\":\"https:\/\/www.dutchfem.com\/de\/shop\/\"},{\"@type\":\"ListItem\",\"position\":3,\"name\":\"\u20ac500 Zip-Lock Beutel Gro\u00df\"}]},{\"@type\":\"WebSite\",\"@id\":\"https:\/\/www.dutchfem.com\/#website\",\"url\":\"https:\/\/www.dutchfem.com\/\",\"name\":\"Dutchfem\",\"description\":\"Buy Feminized Cannabis Seeds - Autoflowering Seeds - Medical Marijuana Seeds &amp; CBD Oil online\",\"publisher\":{\"@id\":\"https:\/\/www.dutchfem.com\/#organization\"},\"potentialAction\":[{\"@type\":\"SearchAction\",\"target\":{\"@type\":\"EntryPoint\",\"urlTemplate\":\"https:\/\/www.dutchfem.com\/?s={search_term_string}\"},\"query-input\":{\"@type\":\"PropertyValueSpecification\",\"valueRequired\":true,\"valueName\":\"search_term_string\"}}],\"inLanguage\":\"de\"},{\"@type\":\"Organization\",\"@id\":\"https:\/\/www.dutchfem.com\/#organization\",\"name\":\"Dutchfem Cannabis Seeds\",\"url\":\"https:\/\/www.dutchfem.com\/\",\"logo\":{\"@type\":\"ImageObject\",\"inLanguage\":\"de\",\"@id\":\"https:\/\/www.dutchfem.com\/#\/schema\/logo\/image\/\",\"url\":\"https:\/\/www.dutchfem.com\/wp-content\/uploads\/2017\/10\/logo_Dutchfem-web.png\",\"contentUrl\":\"https:\/\/www.dutchfem.com\/wp-content\/uploads\/2017\/10\/logo_Dutchfem-web.png\",\"width\":825,\"height\":288,\"caption\":\"Dutchfem Cannabis Seeds\"},\"image\":{\"@id\":\"https:\/\/www.dutchfem.com\/#\/schema\/logo\/image\/\"},\"sameAs\":[\"https:\/\/www.facebook.com\/Dutchfem\/\",\"https:\/\/x.com\/dutchfem\",\"https:\/\/www.instagram.com\/dutchfemseeds\/\",\"https:\/\/www.youtube.com\/@Dutchfem\",\"https:\/\/nl.pinterest.com\/dutchfem\/\",\"https:\/\/bsky.app\/profile\/dutchfem.bsky.social\",\"https:\/\/www.threads.com\/@dutchfemseeds?igshid=NTc4MTIwNjQ2YQ\",\"https:\/\/www.tumblr.com\/dutchfemseeds\"]}]}<\/script>\n<!-- \/ Yoast SEO plugin. -->","yoast_head_json":{"title":"\u20ac500 Zip-Lock Beutel Gro\u00df - Schneller und diskreter Versand!","description":"Bewahren Sie Ihre selbst angebauten weed in der eleganten Mylar-Tasche mit Rei\u00dfverschluss (500 \u20ac) auf \u2013 strapazierf\u00e4hig, stilvoll und perfekt als Geschenk.","robots":{"index":"noindex","follow":"follow"},"og_locale":"de_DE","og_type":"article","og_title":"\u20ac500 Zip-Lock Beutel Gro\u00df - Schneller und diskreter Versand!","og_description":"Bewahren Sie Ihre selbst angebauten weed in der eleganten Mylar-Tasche mit Rei\u00dfverschluss (500 \u20ac) auf \u2013 strapazierf\u00e4hig, stilvoll und perfekt als Geschenk.","og_url":"https:\/\/www.dutchfem.com\/de\/kaufe\/e500-zip-lock-beutel-gross\/","og_site_name":"Dutchfem","article_publisher":"https:\/\/www.facebook.com\/Dutchfem\/","article_modified_time":"2026-01-22T13:25:31+00:00","og_image":[{"width":320,"height":320,"url":"https:\/\/www.dutchfem.com\/wp-content\/uploads\/2026\/01\/500-sealbag-large-1.jpg","type":"image\/jpeg"}],"twitter_card":"summary_large_image","twitter_site":"@dutchfem","twitter_misc":{"Gesch\u00e4tzte Lesezeit":"2\u00a0Minuten"},"schema":{"@context":"https:\/\/schema.org","@graph":[{"@type":"WebPage","@id":"https:\/\/www.dutchfem.com\/de\/kaufe\/e500-zip-lock-beutel-gross\/","url":"https:\/\/www.dutchfem.com\/de\/kaufe\/e500-zip-lock-beutel-gross\/","name":"\u20ac500 Zip-Lock Beutel Gro\u00df - Schneller und diskreter Versand!","isPartOf":{"@id":"https:\/\/www.dutchfem.com\/#website"},"primaryImageOfPage":{"@id":"https:\/\/www.dutchfem.com\/de\/kaufe\/e500-zip-lock-beutel-gross\/#primaryimage"},"image":{"@id":"https:\/\/www.dutchfem.com\/de\/kaufe\/e500-zip-lock-beutel-gross\/#primaryimage"},"thumbnailUrl":"https:\/\/www.dutchfem.com\/wp-content\/uploads\/2026\/01\/500-sealbag-large-1.jpg","datePublished":"2026-01-22T13:06:51+00:00","dateModified":"2026-01-22T13:25:31+00:00","description":"Bewahren Sie Ihre selbst angebauten weed in der eleganten Mylar-Tasche mit Rei\u00dfverschluss (500 \u20ac) auf \u2013 strapazierf\u00e4hig, stilvoll und perfekt als Geschenk.","breadcrumb":{"@id":"https:\/\/www.dutchfem.com\/de\/kaufe\/e500-zip-lock-beutel-gross\/#breadcrumb"},"inLanguage":"de","potentialAction":[{"@type":"ReadAction","target":["https:\/\/www.dutchfem.com\/de\/kaufe\/e500-zip-lock-beutel-gross\/"]}]},{"@type":"ImageObject","inLanguage":"de","@id":"https:\/\/www.dutchfem.com\/de\/kaufe\/e500-zip-lock-beutel-gross\/#primaryimage","url":"https:\/\/www.dutchfem.com\/wp-content\/uploads\/2026\/01\/500-sealbag-large-1.jpg","contentUrl":"https:\/\/www.dutchfem.com\/wp-content\/uploads\/2026\/01\/500-sealbag-large-1.jpg","width":320,"height":320},{"@type":"BreadcrumbList","@id":"https:\/\/www.dutchfem.com\/de\/kaufe\/e500-zip-lock-beutel-gross\/#breadcrumb","itemListElement":[{"@type":"ListItem","position":1,"name":"Home","item":"https:\/\/www.dutchfem.com\/de\/"},{"@type":"ListItem","position":2,"name":"Shop","item":"https:\/\/www.dutchfem.com\/de\/shop\/"},{"@type":"ListItem","position":3,"name":"\u20ac500 Zip-Lock Beutel Gro\u00df"}]},{"@type":"WebSite","@id":"https:\/\/www.dutchfem.com\/#website","url":"https:\/\/www.dutchfem.com\/","name":"Dutchfem","description":"Buy Feminized Cannabis Seeds - Autoflowering Seeds - Medical Marijuana Seeds &amp; CBD Oil online","publisher":{"@id":"https:\/\/www.dutchfem.com\/#organization"},"potentialAction":[{"@type":"SearchAction","target":{"@type":"EntryPoint","urlTemplate":"https:\/\/www.dutchfem.com\/?s={search_term_string}"},"query-input":{"@type":"PropertyValueSpecification","valueRequired":true,"valueName":"search_term_string"}}],"inLanguage":"de"},{"@type":"Organization","@id":"https:\/\/www.dutchfem.com\/#organization","name":"Dutchfem Cannabis Seeds","url":"https:\/\/www.dutchfem.com\/","logo":{"@type":"ImageObject","inLanguage":"de","@id":"https:\/\/www.dutchfem.com\/#\/schema\/logo\/image\/","url":"https:\/\/www.dutchfem.com\/wp-content\/uploads\/2017\/10\/logo_Dutchfem-web.png","contentUrl":"https:\/\/www.dutchfem.com\/wp-content\/uploads\/2017\/10\/logo_Dutchfem-web.png","width":825,"height":288,"caption":"Dutchfem Cannabis Seeds"},"image":{"@id":"https:\/\/www.dutchfem.com\/#\/schema\/logo\/image\/"},"sameAs":["https:\/\/www.facebook.com\/Dutchfem\/","https:\/\/x.com\/dutchfem","https:\/\/www.instagram.com\/dutchfemseeds\/","https:\/\/www.youtube.com\/@Dutchfem","https:\/\/nl.pinterest.com\/dutchfem\/","https:\/\/bsky.app\/profile\/dutchfem.bsky.social","https:\/\/www.threads.com\/@dutchfemseeds?igshid=NTc4MTIwNjQ2YQ","https:\/\/www.tumblr.com\/dutchfemseeds"]}]}},"_links":{"self":[{"href":"https:\/\/www.dutchfem.com\/de\/wp-json\/wp\/v2\/product\/40771","targetHints":{"allow":["GET"]}}],"collection":[{"href":"https:\/\/www.dutchfem.com\/de\/wp-json\/wp\/v2\/product"}],"about":[{"href":"https:\/\/www.dutchfem.com\/de\/wp-json\/wp\/v2\/types\/product"}],"replies":[{"embeddable":true,"href":"https:\/\/www.dutchfem.com\/de\/wp-json\/wp\/v2\/comments?post=40771"}],"wp:featuredmedia":[{"embeddable":true,"href":"https:\/\/www.dutchfem.com\/de\/wp-json\/wp\/v2\/media\/40738"}],"wp:attachment":[{"href":"https:\/\/www.dutchfem.com\/de\/wp-json\/wp\/v2\/media?parent=40771"}],"wp:term":[{"taxonomy":"product_brand","embeddable":true,"href":"https:\/\/www.dutchfem.com\/de\/wp-json\/wp\/v2\/product_brand?post=40771"},{"taxonomy":"product_cat","embeddable":true,"href":"https:\/\/www.dutchfem.com\/de\/wp-json\/wp\/v2\/product_cat?post=40771"},{"taxonomy":"product_tag","embeddable":true,"href":"https:\/\/www.dutchfem.com\/de\/wp-json\/wp\/v2\/product_tag?post=40771"}],"curies":[{"name":"wp","href":"https:\/\/api.w.org\/{rel}","templated":true}]}}