{"id":4300,"date":"2017-11-16T19:11:59","date_gmt":"2017-11-16T19:11:59","guid":{"rendered":"https:\/\/www.dutchfem.com\/buy\/dutch-cheese\/"},"modified":"2026-03-07T12:34:23","modified_gmt":"2026-03-07T11:34:23","slug":"dutch-cheese-hanfsamen","status":"publish","type":"product","link":"https:\/\/www.dutchfem.com\/de\/kaufe\/dutch-cheese-hanfsamen\/","title":{"rendered":"Dutch Cheese"},"content":{"rendered":"<h2><strong>Dutch Cheese<\/strong><\/h2>\n<p>Dutch Cheese Feminisierte Cannabissamen: Diese niederl\u00e4ndische feminisierte Version bringt die klassische Cheese-Sorte hervor, die f\u00fcr ihr unverwechselbares Aroma und ein ausgewogenes Sativa-Indica-Erlebnis bekannt ist.<\/p>\n<p>&nbsp;<\/p>\n<h3><strong>Stammprofil Dutch Cheese Feminisierte Cannabissamen:<\/strong><\/h3>\n<p>Dutch Cheese Feminized ist eine niederl\u00e4ndische feminisierte Cannabisvariante der urspr\u00fcnglichen Cheese-Sorte, einer Hybride, die die Genetik von Skunk und Afghani vereint. Diese durchdachte Kombination f\u00fchrt zu einem ausgewogenen Hybrid, der leicht zur Indica-Seite tendiert und eine harmonische Mischung aus geistiger Belebung und k\u00f6rperlicher Entspannung bietet.<\/p>\n<p>&nbsp;<\/p>\n<h3><strong>Aroma und Geschmack:<\/strong><\/h3>\n<p>Bereiten Sie Ihre Sinne auf ein wirklich einzigartiges Geruchserlebnis mit Dutch Cheese vor. Die Sorte verf\u00fcgt \u00fcber ein scharfes und herzhaftes Aroma, das an gereiften K\u00e4se erinnert, mit erdigen Untert\u00f6nen und einem Hauch von s\u00fc\u00dfem Skunk. Das Geschmacksprofil folgt diesem Beispiel und bietet eine komplexe Mischung aus k\u00e4siger F\u00fclle mit subtilen Kr\u00e4uter- und Gew\u00fcrznoten, die ein unverwechselbares und schmackhaftes Rauch- oder Dampferlebnis schaffen.<\/p>\n<p>&nbsp;<\/p>\n<h3><strong>Auswirkungen:<\/strong><\/h3>\n<p>G\u00f6nnen Sie sich die ausgewogene Wirkung von Dutch Cheese. Diese feminisierte Sorte ist daf\u00fcr bekannt, dass sie f\u00fcr einen euphorischen und erhebenden Geisteszustand sorgt, begleitet von einer wohltuenden K\u00f6rperentspannung. Die hybride Natur sorgt daf\u00fcr, dass Benutzer eine kreative und konzentrierte Denkweise genie\u00dfen k\u00f6nnen und gleichzeitig von dem beruhigenden Einfluss profitieren, wodurch es f\u00fcr verschiedene Anl\u00e4sse geeignet ist.<\/p>\n<p>&nbsp;<\/p>\n<h3><strong>Medizinische Vorteile:<\/strong><\/h3>\n<p>\u00dcber seinen Freizeitnutzen hinaus kann Cheese-Cannabis therapeutische Vorteile bieten. Die stimmungsaufhellenden und stressabbauenden Eigenschaften der Sorte k\u00f6nnen m\u00f6glicherweise Personen helfen, die mit Angstzust\u00e4nden, Depressionen und Alltagsspannungen zu k\u00e4mpfen haben. Die sanfte k\u00f6rperliche Entspannung kann auch bei leichten Schmerzen Linderung verschaffen.<\/p>\n<p>&nbsp;<\/p>\n<h3><strong>Anbau Dutch Cheese Feminisierte Cannabissamen:<\/strong><\/h3>\n<p>Der Anbau unserer feminisierten Dutchfem Cheese-Samen ist eine lohnende Erfahrung f\u00fcr Z\u00fcchter, die Produktivit\u00e4t, Qualit\u00e4t und Komfort suchen. Als feminisierte Variante macht es den Umgang mit m\u00e4nnlichen Pflanzen \u00fcberfl\u00fcssig und stellt sicher, dass jeder kultivierte Samen eine weibliche Pflanze hervorbringt. Mit einer moderaten Bl\u00fctezeit k\u00f6nnen Z\u00fcchter robuste Pflanzen mit harzigen Knospen erwarten, was sie zu einer ausgezeichneten Wahl sowohl f\u00fcr Anf\u00e4nger als auch f\u00fcr erfahrene Z\u00fcchter macht.<\/p>\n<p>&nbsp;<\/p>\n<p>Feiern Sie das niederl\u00e4ndische Cannabis-Erbe mit Cheese Feminized von Dutchfem. Diese Sorte begeistert mit ihrem unverwechselbaren Aroma und ihren charakteristischen Effekten. Sie hat sich zu einem echten Klassiker in der Cannabis-Community entwickelt. Erleben Sie eine ausgewogene Erfahrung, die Ihre Cannabis-Reise bereichert.<\/p>\n<p>&nbsp;<\/p>\n<p><span style=\"color: #ff9900;\"><a style=\"color: #ff9900;\" href=\"https:\/\/www.dutchfem.com\/de\/hoechsten-ertrag-pro-pflanze\/\" target=\"_blank\" rel=\"noopener\">Wie bekomme ich die beste Ernte von meiner Pflanze?<\/a><\/span><\/p>\n<p><span style=\"color: #ff9900;\"><a style=\"color: #ff9900;\" href=\"https:\/\/www.dutchfem.com\/de\/wie-stimuliert-man-die-bluete-von-cannabis\/\" target=\"_blank\" rel=\"noopener\">Wie stimuliert man die Bl\u00fcte von Cannabis?<\/a><\/span><\/p>\n<p><span style=\"color: #ff9900;\"><a style=\"color: #ff9900;\" href=\"https:\/\/www.dutchfem.com\/de\/was-sind-die-besten-led-lampen-fuer-den-cannabisanbau-2\/\" target=\"_blank\" rel=\"noopener\">Was sind die besten LED-Lampen f\u00fcr den Cannabisanbau?<\/a><\/span><\/p>\n<p><span style=\"color: #ff9900;\"><a style=\"color: #ff9900;\" href=\"https:\/\/www.instagram.com\/p\/CKWnI_ZseR3\/\" target=\"_blank\" rel=\"noopener\">D C on Instagram <\/a><\/span><\/p>\n<p><span style=\"color: #ff9900;\"><a style=\"color: #ff9900;\" href=\"https:\/\/www.instagram.com\/p\/CMzHB8oMPNm\/\" target=\"_blank\" rel=\"noopener\">Dutchfem Cheese Instagram<\/a><\/span><\/p>\n<p><span style=\"color: #ff9900;\"><a style=\"color: #ff9900;\" href=\"https:\/\/www.facebook.com\/Dutchfem\/photos\/pb.100063495100818.-2207520000\/2156126211272650\/?type=3&amp;locale=nl_NL\" target=\"_blank\" rel=\"noopener\">Dutch Cheese Facebook<\/a><\/span><\/p>\n<p><span style=\"color: #ff9900;\"><a style=\"color: #ff9900;\" href=\"https:\/\/www.facebook.com\/Dutchfem\/photos\/pb.100063495100818.-2207520000\/2815830268635571\/?type=3\" target=\"_blank\" rel=\"noopener\">DC on\u00a0 Facebook<\/a><\/span><\/p>\n","protected":false},"excerpt":{"rendered":"<p>Niederl\u00e4ndischer K\u00e4se Eine super produktive Belastung, die das reichhaltige Erbe der niederl\u00e4ndischen Cannabis -Genetik verk\u00f6rpert und eine entz\u00fcckende Kombination aus herzhaften Aromen und euphorischen Effekten bietet.<\/p>\n","protected":false},"featured_media":38637,"comment_status":"open","ping_status":"closed","template":"","meta":{"_exactmetrics_skip_tracking":false,"_exactmetrics_sitenote_active":false,"_exactmetrics_sitenote_note":"","_exactmetrics_sitenote_category":0},"product_brand":[],"product_cat":[103],"product_tag":[],"class_list":{"0":"post-4300","1":"product","2":"type-product","3":"status-publish","4":"has-post-thumbnail","6":"product_cat-feminisierte-cannabissamen","8":"first","9":"instock","10":"taxable","11":"shipping-taxable","12":"purchasable","13":"product-type-variable","14":"has-default-attributes"},"yoast_head":"<!-- This site is optimized with the Yoast SEO plugin v26.9 - https:\/\/yoast.com\/product\/yoast-seo-wordpress\/ -->\n<title>Dutch Cheese Feminisierte Cannabissamen \u2013 Jetzt online kaufen<\/title>\n<meta name=\"description\" content=\"Dutch Cheese Feminisierte cannabissamen Kaufen - Schneller und diskreter Versand! - Cheese. Eine legend\u00e4re Sorte mit ihren Wurzeln in Gro\u00dfbritanien.\" \/>\n<meta name=\"robots\" content=\"index, follow, max-snippet:-1, max-image-preview:large, max-video-preview:-1\" \/>\n<link rel=\"canonical\" href=\"https:\/\/www.dutchfem.com\/de\/kaufe\/dutch-cheese-hanfsamen\/\" \/>\n<meta property=\"og:locale\" content=\"de_DE\" \/>\n<meta property=\"og:type\" content=\"article\" \/>\n<meta property=\"og:title\" content=\"Dutch Cheese Feminisierte Cannabissamen \u2013 Jetzt online kaufen\" \/>\n<meta property=\"og:description\" content=\"Dutch Cheese Feminisierte cannabissamen Kaufen - Schneller und diskreter Versand! - Cheese. Eine legend\u00e4re Sorte mit ihren Wurzeln in Gro\u00dfbritanien.\" \/>\n<meta property=\"og:url\" content=\"https:\/\/www.dutchfem.com\/de\/kaufe\/dutch-cheese-hanfsamen\/\" \/>\n<meta property=\"og:site_name\" content=\"Dutchfem\" \/>\n<meta property=\"article:publisher\" content=\"https:\/\/www.facebook.com\/Dutchfem\/\" \/>\n<meta property=\"article:modified_time\" content=\"2026-03-07T11:34:23+00:00\" \/>\n<meta property=\"og:image\" content=\"https:\/\/www.dutchfem.com\/wp-content\/uploads\/2017\/10\/dutch-cheese-e1746823300840.jpeg\" \/>\n\t<meta property=\"og:image:width\" content=\"1179\" \/>\n\t<meta property=\"og:image:height\" content=\"1179\" \/>\n\t<meta property=\"og:image:type\" content=\"image\/jpeg\" \/>\n<meta name=\"twitter:card\" content=\"summary_large_image\" \/>\n<meta name=\"twitter:site\" content=\"@dutchfem\" \/>\n<meta name=\"twitter:label1\" content=\"Gesch\u00e4tzte Lesezeit\" \/>\n\t<meta name=\"twitter:data1\" content=\"2\u00a0Minuten\" \/>\n<script type=\"application\/ld+json\" class=\"yoast-schema-graph\">{\"@context\":\"https:\/\/schema.org\",\"@graph\":[{\"@type\":\"WebPage\",\"@id\":\"https:\/\/www.dutchfem.com\/de\/kaufe\/dutch-cheese-hanfsamen\/\",\"url\":\"https:\/\/www.dutchfem.com\/de\/kaufe\/dutch-cheese-hanfsamen\/\",\"name\":\"Dutch Cheese Feminisierte Cannabissamen \u2013 Jetzt online kaufen\",\"isPartOf\":{\"@id\":\"https:\/\/www.dutchfem.com\/#website\"},\"primaryImageOfPage\":{\"@id\":\"https:\/\/www.dutchfem.com\/de\/kaufe\/dutch-cheese-hanfsamen\/#primaryimage\"},\"image\":{\"@id\":\"https:\/\/www.dutchfem.com\/de\/kaufe\/dutch-cheese-hanfsamen\/#primaryimage\"},\"thumbnailUrl\":\"https:\/\/www.dutchfem.com\/wp-content\/uploads\/2017\/10\/dutch-cheese-e1746823300840.jpeg\",\"datePublished\":\"2017-11-16T19:11:59+00:00\",\"dateModified\":\"2026-03-07T11:34:23+00:00\",\"description\":\"Dutch Cheese Feminisierte cannabissamen Kaufen - Schneller und diskreter Versand! - Cheese. Eine legend\u00e4re Sorte mit ihren Wurzeln in Gro\u00dfbritanien.\",\"breadcrumb\":{\"@id\":\"https:\/\/www.dutchfem.com\/de\/kaufe\/dutch-cheese-hanfsamen\/#breadcrumb\"},\"inLanguage\":\"de\",\"potentialAction\":[{\"@type\":\"ReadAction\",\"target\":[\"https:\/\/www.dutchfem.com\/de\/kaufe\/dutch-cheese-hanfsamen\/\"]}]},{\"@type\":\"ImageObject\",\"inLanguage\":\"de\",\"@id\":\"https:\/\/www.dutchfem.com\/de\/kaufe\/dutch-cheese-hanfsamen\/#primaryimage\",\"url\":\"https:\/\/www.dutchfem.com\/wp-content\/uploads\/2017\/10\/dutch-cheese-e1746823300840.jpeg\",\"contentUrl\":\"https:\/\/www.dutchfem.com\/wp-content\/uploads\/2017\/10\/dutch-cheese-e1746823300840.jpeg\",\"width\":1179,\"height\":1179,\"caption\":\"dutch cheese feminized cannabis seeds\"},{\"@type\":\"BreadcrumbList\",\"@id\":\"https:\/\/www.dutchfem.com\/de\/kaufe\/dutch-cheese-hanfsamen\/#breadcrumb\",\"itemListElement\":[{\"@type\":\"ListItem\",\"position\":1,\"name\":\"Home\",\"item\":\"https:\/\/www.dutchfem.com\/de\/\"},{\"@type\":\"ListItem\",\"position\":2,\"name\":\"Shop\",\"item\":\"https:\/\/www.dutchfem.com\/de\/shop\/\"},{\"@type\":\"ListItem\",\"position\":3,\"name\":\"Dutch Cheese\"}]},{\"@type\":\"WebSite\",\"@id\":\"https:\/\/www.dutchfem.com\/#website\",\"url\":\"https:\/\/www.dutchfem.com\/\",\"name\":\"Dutchfem\",\"description\":\"Buy Feminized Cannabis Seeds - Autoflowering Seeds - Medical Marijuana Seeds &amp; CBD Oil online\",\"publisher\":{\"@id\":\"https:\/\/www.dutchfem.com\/#organization\"},\"potentialAction\":[{\"@type\":\"SearchAction\",\"target\":{\"@type\":\"EntryPoint\",\"urlTemplate\":\"https:\/\/www.dutchfem.com\/?s={search_term_string}\"},\"query-input\":{\"@type\":\"PropertyValueSpecification\",\"valueRequired\":true,\"valueName\":\"search_term_string\"}}],\"inLanguage\":\"de\"},{\"@type\":\"Organization\",\"@id\":\"https:\/\/www.dutchfem.com\/#organization\",\"name\":\"Dutchfem Cannabis Seeds\",\"url\":\"https:\/\/www.dutchfem.com\/\",\"logo\":{\"@type\":\"ImageObject\",\"inLanguage\":\"de\",\"@id\":\"https:\/\/www.dutchfem.com\/#\/schema\/logo\/image\/\",\"url\":\"https:\/\/www.dutchfem.com\/wp-content\/uploads\/2017\/10\/logo_Dutchfem-web.png\",\"contentUrl\":\"https:\/\/www.dutchfem.com\/wp-content\/uploads\/2017\/10\/logo_Dutchfem-web.png\",\"width\":825,\"height\":288,\"caption\":\"Dutchfem Cannabis Seeds\"},\"image\":{\"@id\":\"https:\/\/www.dutchfem.com\/#\/schema\/logo\/image\/\"},\"sameAs\":[\"https:\/\/www.facebook.com\/Dutchfem\/\",\"https:\/\/x.com\/dutchfem\",\"https:\/\/www.instagram.com\/dutchfemseeds\/\",\"https:\/\/www.youtube.com\/@Dutchfem\",\"https:\/\/nl.pinterest.com\/dutchfem\/\",\"https:\/\/bsky.app\/profile\/dutchfem.bsky.social\",\"https:\/\/www.threads.com\/@dutchfemseeds?igshid=NTc4MTIwNjQ2YQ\",\"https:\/\/www.tumblr.com\/dutchfemseeds\"]}]}<\/script>\n<!-- \/ Yoast SEO plugin. -->","yoast_head_json":{"title":"Dutch Cheese Feminisierte Cannabissamen \u2013 Jetzt online kaufen","description":"Dutch Cheese Feminisierte cannabissamen Kaufen - Schneller und diskreter Versand! - Cheese. Eine legend\u00e4re Sorte mit ihren Wurzeln in Gro\u00dfbritanien.","robots":{"index":"index","follow":"follow","max-snippet":"max-snippet:-1","max-image-preview":"max-image-preview:large","max-video-preview":"max-video-preview:-1"},"canonical":"https:\/\/www.dutchfem.com\/de\/kaufe\/dutch-cheese-hanfsamen\/","og_locale":"de_DE","og_type":"article","og_title":"Dutch Cheese Feminisierte Cannabissamen \u2013 Jetzt online kaufen","og_description":"Dutch Cheese Feminisierte cannabissamen Kaufen - Schneller und diskreter Versand! - Cheese. Eine legend\u00e4re Sorte mit ihren Wurzeln in Gro\u00dfbritanien.","og_url":"https:\/\/www.dutchfem.com\/de\/kaufe\/dutch-cheese-hanfsamen\/","og_site_name":"Dutchfem","article_publisher":"https:\/\/www.facebook.com\/Dutchfem\/","article_modified_time":"2026-03-07T11:34:23+00:00","og_image":[{"width":1179,"height":1179,"url":"https:\/\/www.dutchfem.com\/wp-content\/uploads\/2017\/10\/dutch-cheese-e1746823300840.jpeg","type":"image\/jpeg"}],"twitter_card":"summary_large_image","twitter_site":"@dutchfem","twitter_misc":{"Gesch\u00e4tzte Lesezeit":"2\u00a0Minuten"},"schema":{"@context":"https:\/\/schema.org","@graph":[{"@type":"WebPage","@id":"https:\/\/www.dutchfem.com\/de\/kaufe\/dutch-cheese-hanfsamen\/","url":"https:\/\/www.dutchfem.com\/de\/kaufe\/dutch-cheese-hanfsamen\/","name":"Dutch Cheese Feminisierte Cannabissamen \u2013 Jetzt online kaufen","isPartOf":{"@id":"https:\/\/www.dutchfem.com\/#website"},"primaryImageOfPage":{"@id":"https:\/\/www.dutchfem.com\/de\/kaufe\/dutch-cheese-hanfsamen\/#primaryimage"},"image":{"@id":"https:\/\/www.dutchfem.com\/de\/kaufe\/dutch-cheese-hanfsamen\/#primaryimage"},"thumbnailUrl":"https:\/\/www.dutchfem.com\/wp-content\/uploads\/2017\/10\/dutch-cheese-e1746823300840.jpeg","datePublished":"2017-11-16T19:11:59+00:00","dateModified":"2026-03-07T11:34:23+00:00","description":"Dutch Cheese Feminisierte cannabissamen Kaufen - Schneller und diskreter Versand! - Cheese. Eine legend\u00e4re Sorte mit ihren Wurzeln in Gro\u00dfbritanien.","breadcrumb":{"@id":"https:\/\/www.dutchfem.com\/de\/kaufe\/dutch-cheese-hanfsamen\/#breadcrumb"},"inLanguage":"de","potentialAction":[{"@type":"ReadAction","target":["https:\/\/www.dutchfem.com\/de\/kaufe\/dutch-cheese-hanfsamen\/"]}]},{"@type":"ImageObject","inLanguage":"de","@id":"https:\/\/www.dutchfem.com\/de\/kaufe\/dutch-cheese-hanfsamen\/#primaryimage","url":"https:\/\/www.dutchfem.com\/wp-content\/uploads\/2017\/10\/dutch-cheese-e1746823300840.jpeg","contentUrl":"https:\/\/www.dutchfem.com\/wp-content\/uploads\/2017\/10\/dutch-cheese-e1746823300840.jpeg","width":1179,"height":1179,"caption":"dutch cheese feminized cannabis seeds"},{"@type":"BreadcrumbList","@id":"https:\/\/www.dutchfem.com\/de\/kaufe\/dutch-cheese-hanfsamen\/#breadcrumb","itemListElement":[{"@type":"ListItem","position":1,"name":"Home","item":"https:\/\/www.dutchfem.com\/de\/"},{"@type":"ListItem","position":2,"name":"Shop","item":"https:\/\/www.dutchfem.com\/de\/shop\/"},{"@type":"ListItem","position":3,"name":"Dutch Cheese"}]},{"@type":"WebSite","@id":"https:\/\/www.dutchfem.com\/#website","url":"https:\/\/www.dutchfem.com\/","name":"Dutchfem","description":"Buy Feminized Cannabis Seeds - Autoflowering Seeds - Medical Marijuana Seeds &amp; CBD Oil online","publisher":{"@id":"https:\/\/www.dutchfem.com\/#organization"},"potentialAction":[{"@type":"SearchAction","target":{"@type":"EntryPoint","urlTemplate":"https:\/\/www.dutchfem.com\/?s={search_term_string}"},"query-input":{"@type":"PropertyValueSpecification","valueRequired":true,"valueName":"search_term_string"}}],"inLanguage":"de"},{"@type":"Organization","@id":"https:\/\/www.dutchfem.com\/#organization","name":"Dutchfem Cannabis Seeds","url":"https:\/\/www.dutchfem.com\/","logo":{"@type":"ImageObject","inLanguage":"de","@id":"https:\/\/www.dutchfem.com\/#\/schema\/logo\/image\/","url":"https:\/\/www.dutchfem.com\/wp-content\/uploads\/2017\/10\/logo_Dutchfem-web.png","contentUrl":"https:\/\/www.dutchfem.com\/wp-content\/uploads\/2017\/10\/logo_Dutchfem-web.png","width":825,"height":288,"caption":"Dutchfem Cannabis Seeds"},"image":{"@id":"https:\/\/www.dutchfem.com\/#\/schema\/logo\/image\/"},"sameAs":["https:\/\/www.facebook.com\/Dutchfem\/","https:\/\/x.com\/dutchfem","https:\/\/www.instagram.com\/dutchfemseeds\/","https:\/\/www.youtube.com\/@Dutchfem","https:\/\/nl.pinterest.com\/dutchfem\/","https:\/\/bsky.app\/profile\/dutchfem.bsky.social","https:\/\/www.threads.com\/@dutchfemseeds?igshid=NTc4MTIwNjQ2YQ","https:\/\/www.tumblr.com\/dutchfemseeds"]}]}},"_links":{"self":[{"href":"https:\/\/www.dutchfem.com\/de\/wp-json\/wp\/v2\/product\/4300","targetHints":{"allow":["GET"]}}],"collection":[{"href":"https:\/\/www.dutchfem.com\/de\/wp-json\/wp\/v2\/product"}],"about":[{"href":"https:\/\/www.dutchfem.com\/de\/wp-json\/wp\/v2\/types\/product"}],"replies":[{"embeddable":true,"href":"https:\/\/www.dutchfem.com\/de\/wp-json\/wp\/v2\/comments?post=4300"}],"wp:featuredmedia":[{"embeddable":true,"href":"https:\/\/www.dutchfem.com\/de\/wp-json\/wp\/v2\/media\/38637"}],"wp:attachment":[{"href":"https:\/\/www.dutchfem.com\/de\/wp-json\/wp\/v2\/media?parent=4300"}],"wp:term":[{"taxonomy":"product_brand","embeddable":true,"href":"https:\/\/www.dutchfem.com\/de\/wp-json\/wp\/v2\/product_brand?post=4300"},{"taxonomy":"product_cat","embeddable":true,"href":"https:\/\/www.dutchfem.com\/de\/wp-json\/wp\/v2\/product_cat?post=4300"},{"taxonomy":"product_tag","embeddable":true,"href":"https:\/\/www.dutchfem.com\/de\/wp-json\/wp\/v2\/product_tag?post=4300"}],"curies":[{"name":"wp","href":"https:\/\/api.w.org\/{rel}","templated":true}]}}