{"id":5372,"date":"2017-11-16T19:12:11","date_gmt":"2017-11-16T19:12:11","guid":{"rendered":"https:\/\/www.dutchfem.com\/buy\/orange-jones-limited-edition\/"},"modified":"2025-08-01T16:55:55","modified_gmt":"2025-08-01T14:55:55","slug":"orange-jones-limited-edition-hanfsamen","status":"publish","type":"product","link":"https:\/\/www.dutchfem.com\/de\/kaufe\/orange-jones-limited-edition-hanfsamen\/","title":{"rendered":"Orange Jones Limited Edition"},"content":{"rendered":"<p>&nbsp;<\/p>\n<p><strong>Orange Jones. <\/strong>Diese feminisierten Samen wurden f\u00fcr Kenner und Cannabis-Enthusiasten entwickelt und versprechen einen rein weiblichen Garten, robustes Wachstum und harzige Knospen, die den Inbegriff von Qualit\u00e4t verk\u00f6rpern. Erweitern Sie Ihre Reise in den Cannabisanbau mit dieser limitierten Edition, die das Beste von OrangeDream und Casey Jones vereint.<\/p>\n<p>&nbsp;<\/p>\n<h3><strong>Stammprofil:<\/strong><\/h3>\n<p>Die feminisierten Orange Jones Limited Edition-Samen von Dutchfem pr\u00e4sentieren die fachm\u00e4nnische Fusion der Genetik von Orange Dream und Casey Jones. Dieser ausgewogene Hybrid neigt leicht zur Sativa-Seite und sorgt f\u00fcr einen Garten voller kr\u00e4ftiger, harziger weiblicher Pflanzen, die die besten Eigenschaften beider Elternsorten zur Schau stellen.<\/p>\n<p>&nbsp;<\/p>\n<h3><strong>Aroma und Geschmack:<\/strong><\/h3>\n<p>Bereiten Sie sich auf eine Sinnessymphonie mit Orange Jones vor. Die Sorte verstr\u00f6mt ein fesselndes Zitrusaroma, das an frische Orangen erinnert und nahtlos mit den erdigen und w\u00fcrzigen Untert\u00f6nen von Casey Jones verschmilzt. Mit zunehmender Reife der Knospen intensiviert sich der Duft und verspricht ein aromatisches Anbauerlebnis. Genie\u00dfen Sie beim Verzehr ein Geschmacksprofil, das von einer herrlichen Mischung aus spritzigen Zitrusfr\u00fcchten und den komplexen, w\u00fcrzigen Noten von Casey Jones gepr\u00e4gt ist und ein k\u00f6stliches Rauch- oder Dampferlebnis schafft, das einen bleibenden Eindruck hinterl\u00e4sst.<\/p>\n<p>&nbsp;<\/p>\n<h3><strong>Anbau Orange Jones:<\/strong><\/h3>\n<p>Feminisierte Samen der Orange Jones Limited Edition sind der Traum eines jeden Z\u00fcchters und bieten sowohl Qualit\u00e4t als auch Exklusivit\u00e4t. Diese feminisierten Cannabissamen sorgen f\u00fcr einen rein weiblichen Garten und machen die Identifizierung und Entfernung m\u00e4nnlicher Pflanzen \u00fcberfl\u00fcssig. Mit robusten Sativa-Pflanzen, die sowohl f\u00fcr den Innen- als auch f\u00fcr den Au\u00dfenanbau geeignet sind, versprechen diese Cannabissamen in limitierter Auflage eine rechtzeitige und gro\u00dfz\u00fcgige Ernte harzbeschichteter Knospen, die mit der einzigartigen genetischen Kombination der Sorte angereichert sind.<\/p>\n<p>&nbsp;<\/p>\n<h3><strong>Auswirkungen Orange Jones:<\/strong><\/h3>\n<p>Tauchen Sie ein in die harmonische Wirkung von Orange Jones. Diese Sorte wird daf\u00fcr gefeiert, einen euphorischen und erhebenden Geisteszustand hervorzurufen und Kreativit\u00e4t und Geselligkeit zu f\u00f6rdern. Der Sativa-Einfluss wird durch eine sanfte k\u00f6rperliche Entspannung erg\u00e4nzt, sodass OrangeJones f\u00fcr verschiedene Anl\u00e4sse geeignet ist, von geselligen Zusammenk\u00fcnften bis hin zu Momenten pers\u00f6nlicher Besinnung.<\/p>\n<p>&nbsp;<\/p>\n<h3><strong>Medizinische Vorteile:<\/strong><\/h3>\n<p>\u00dcber seinen Freizeitreiz hinaus kann Orange Jones auch therapeutische Vorteile bieten. Die stimmungsaufhellenden und energetisierenden Sativa-Eigenschaften der Sorte k\u00f6nnen potenziell bei der Bew\u00e4ltigung von Stress, Depressionen und M\u00fcdigkeit helfen. Die subtile k\u00f6rperliche Entspannung kann zur Linderung von Verspannungen und leichten Schmerzen beitragen, was es zu einer vielseitigen Wahl f\u00fcr medizinische Cannabiskonsumenten macht, die ein Erlebnis in limitierter Auflage suchen.<\/p>\n<p>&nbsp;<\/p>\n<h3><strong>Warum Sie sich f\u00fcr feminisierte Orange Jones Limited Edition-Samen entscheiden sollten:<\/strong><\/h3>\n<ul>\n<li>Exklusive Fusion der Genetik von Orange Dream und CaseyJones<\/li>\n<li>Feminisierte Cannabissamen f\u00fcr einen rein weiblichen Garten<\/li>\n<li>Fesselndes Zitrusaroma mit erdigen und w\u00fcrzigen Untert\u00f6nen<\/li>\n<li>Erhebende Sativa-Effekte, geeignet f\u00fcr verschiedene Anl\u00e4sse<\/li>\n<\/ul>\n<p>Robuste Sativa-Pflanzen f\u00fcr den Indoor- und Outdoor-Anbau<\/p>\n<p>Kultivieren Sie einen Garten von Exklusivit\u00e4t und au\u00dfergew\u00f6hnlicher Qualit\u00e4t mit den feminisierten OrangeJones Limited Edition-Samen von Dutchfem. Erweitern Sie Ihren Cannabisanbau mit diesen seltenen Samen, die sowohl au\u00dfergew\u00f6hnliche Genetik als auch einen vereinfachten Anbau versprechen. Bestellen Sie jetzt feminisierte Orange Jones Limited Edition-Samen und begeben Sie sich auf ein Anbauabenteuer voller limitierter Editionen von Orange Dream und CaseyJones.<\/p>\n<p>&nbsp;<\/p>\n<p><strong>Rezensionen und Wachstumsberichte:<\/strong><\/p>\n<p><span style=\"color: #ff9900;\"><a style=\"color: #ff9900;\" href=\"https:\/\/www.instagram.com\/p\/CdQ55Y9MWf1\/?img_index=1\" target=\"_blank\" rel=\"noopener\">Insta nOJ Grow Report<\/a><\/span><\/p>\n<p><span style=\"color: #ff9900;\"><a style=\"color: #ff9900;\" href=\"https:\/\/www.instagram.com\/dutchfemseeds\/\" target=\"_blank\" rel=\"noopener\">Dutchfem Instagram<\/a><\/span><\/p>\n<p><span style=\"color: #ff9900;\"><a style=\"color: #ff9900;\" href=\"https:\/\/www.facebook.com\/photo.php?fbid=899227052203790&amp;set=pb.100063495100818.-2207520000&amp;type=3&amp;locale=nl_NL\" target=\"_blank\" rel=\"noopener\">Facebook OJ Growdiaries Review<\/a><\/span><\/p>\n<p><span style=\"color: #ff9900;\"><a style=\"color: #ff9900;\" href=\"https:\/\/www.facebook.com\/Dutchfem\/photos\/pb.100063495100818.-2207520000\/2926091940942736\/?type=3&amp;locale=nl_NL\" target=\"_blank\" rel=\"noopener\">OJ Grow Report<\/a><\/span><\/p>\n<p>&nbsp;<\/p>\n<p><span style=\"color: #ff9900;\"><a style=\"color: #ff9900;\" href=\"https:\/\/www.dutchfem.com\/de\/die-geschichte-und-wirkung-von-sativa-cannabis\/\" target=\"_blank\" rel=\"noopener\">Die Geschichte und Wirkung von Sativa-Cannabis<\/a><\/span><\/p>\n<p><span style=\"color: #ff9900;\"><a style=\"color: #ff9900;\" href=\"https:\/\/www.dutchfem.com\/de\/enthuellung-der-aromen-und-vorteile-cannabis-terpene-verstehen\/\" target=\"_blank\" rel=\"noopener\">Enth\u00fcllung der Aromen und Vorteile: Cannabis-Terpene verstehen<\/a><\/span><\/p>\n<p><span style=\"color: #ff9900;\"><a style=\"color: #ff9900;\" href=\"https:\/\/www.dutchfem.com\/de\/die-unterschiede-zwischen-indica-und-sativa\/\" target=\"_blank\" rel=\"noopener\">Die Unterschiede zwischen Indica und Sativa<\/a><\/span><\/p>\n<p>&nbsp;<\/p>\n","protected":false},"excerpt":{"rendered":"<p>Betreten Sie eine Welt des Luxus in limitierter Auflage mit den feminisierten Cannabissamen Orange Jones von Dutchfem, einer seltenen und exklusiven Sorte, die den ber\u00fchmten Orange Dream mit den au\u00dfergew\u00f6hnlichen Eigenschaften von Casey Jones vereint.<\/p>\n","protected":false},"featured_media":38749,"comment_status":"open","ping_status":"closed","template":"","meta":{"_exactmetrics_skip_tracking":false,"_exactmetrics_sitenote_active":false,"_exactmetrics_sitenote_note":"","_exactmetrics_sitenote_category":0},"product_brand":[],"product_cat":[103],"product_tag":[],"class_list":{"0":"post-5372","1":"product","2":"type-product","3":"status-publish","4":"has-post-thumbnail","6":"product_cat-feminisierte-cannabissamen","8":"first","9":"outofstock","10":"taxable","11":"shipping-taxable","12":"purchasable","13":"product-type-variable","14":"has-default-attributes"},"yoast_head":"<!-- This site is optimized with the Yoast SEO plugin v26.9 - https:\/\/yoast.com\/product\/yoast-seo-wordpress\/ -->\n<title>Orange Jones Limited Edition Kaufe Feminisierte Hanfsamen<\/title>\n<meta name=\"description\" content=\"Feminisierte Cannabissamen von Orange Jones \u2013 Schneller und diskreter Versand \u2013 Diese Kreuzung aus Orange Dream und Casey Jones ist eine einzigartige Sativa\" \/>\n<meta name=\"robots\" content=\"index, follow, max-snippet:-1, max-image-preview:large, max-video-preview:-1\" \/>\n<link rel=\"canonical\" href=\"https:\/\/www.dutchfem.com\/de\/kaufe\/orange-jones-limited-edition-hanfsamen\/\" \/>\n<meta property=\"og:locale\" content=\"de_DE\" \/>\n<meta property=\"og:type\" content=\"article\" \/>\n<meta property=\"og:title\" content=\"Orange Jones Limited Edition Kaufe Feminisierte Hanfsamen\" \/>\n<meta property=\"og:description\" content=\"Feminisierte Cannabissamen von Orange Jones \u2013 Schneller und diskreter Versand \u2013 Diese Kreuzung aus Orange Dream und Casey Jones ist eine einzigartige Sativa\" \/>\n<meta property=\"og:url\" content=\"https:\/\/www.dutchfem.com\/de\/kaufe\/orange-jones-limited-edition-hanfsamen\/\" \/>\n<meta property=\"og:site_name\" content=\"Dutchfem\" \/>\n<meta property=\"article:publisher\" content=\"https:\/\/www.facebook.com\/Dutchfem\/\" \/>\n<meta property=\"article:modified_time\" content=\"2025-08-01T14:55:55+00:00\" \/>\n<meta property=\"og:image\" content=\"https:\/\/www.dutchfem.com\/wp-content\/uploads\/2025\/05\/orange-jones-e1746826607899.jpeg\" \/>\n\t<meta property=\"og:image:width\" content=\"1179\" \/>\n\t<meta property=\"og:image:height\" content=\"1179\" \/>\n\t<meta property=\"og:image:type\" content=\"image\/jpeg\" \/>\n<meta name=\"twitter:card\" content=\"summary_large_image\" \/>\n<meta name=\"twitter:site\" content=\"@dutchfem\" \/>\n<meta name=\"twitter:label1\" content=\"Gesch\u00e4tzte Lesezeit\" \/>\n\t<meta name=\"twitter:data1\" content=\"3\u00a0Minuten\" \/>\n<script type=\"application\/ld+json\" class=\"yoast-schema-graph\">{\"@context\":\"https:\/\/schema.org\",\"@graph\":[{\"@type\":\"WebPage\",\"@id\":\"https:\/\/www.dutchfem.com\/de\/kaufe\/orange-jones-limited-edition-hanfsamen\/\",\"url\":\"https:\/\/www.dutchfem.com\/de\/kaufe\/orange-jones-limited-edition-hanfsamen\/\",\"name\":\"Orange Jones Limited Edition Kaufe Feminisierte Hanfsamen\",\"isPartOf\":{\"@id\":\"https:\/\/www.dutchfem.com\/#website\"},\"primaryImageOfPage\":{\"@id\":\"https:\/\/www.dutchfem.com\/de\/kaufe\/orange-jones-limited-edition-hanfsamen\/#primaryimage\"},\"image\":{\"@id\":\"https:\/\/www.dutchfem.com\/de\/kaufe\/orange-jones-limited-edition-hanfsamen\/#primaryimage\"},\"thumbnailUrl\":\"https:\/\/www.dutchfem.com\/wp-content\/uploads\/2025\/05\/orange-jones-e1746826607899.jpeg\",\"datePublished\":\"2017-11-16T19:12:11+00:00\",\"dateModified\":\"2025-08-01T14:55:55+00:00\",\"description\":\"Feminisierte Cannabissamen von Orange Jones \u2013 Schneller und diskreter Versand \u2013 Diese Kreuzung aus Orange Dream und Casey Jones ist eine einzigartige Sativa\",\"breadcrumb\":{\"@id\":\"https:\/\/www.dutchfem.com\/de\/kaufe\/orange-jones-limited-edition-hanfsamen\/#breadcrumb\"},\"inLanguage\":\"de\",\"potentialAction\":[{\"@type\":\"ReadAction\",\"target\":[\"https:\/\/www.dutchfem.com\/de\/kaufe\/orange-jones-limited-edition-hanfsamen\/\"]}]},{\"@type\":\"ImageObject\",\"inLanguage\":\"de\",\"@id\":\"https:\/\/www.dutchfem.com\/de\/kaufe\/orange-jones-limited-edition-hanfsamen\/#primaryimage\",\"url\":\"https:\/\/www.dutchfem.com\/wp-content\/uploads\/2025\/05\/orange-jones-e1746826607899.jpeg\",\"contentUrl\":\"https:\/\/www.dutchfem.com\/wp-content\/uploads\/2025\/05\/orange-jones-e1746826607899.jpeg\",\"width\":1179,\"height\":1179,\"caption\":\"orange jones feminized cannabis seeds\"},{\"@type\":\"BreadcrumbList\",\"@id\":\"https:\/\/www.dutchfem.com\/de\/kaufe\/orange-jones-limited-edition-hanfsamen\/#breadcrumb\",\"itemListElement\":[{\"@type\":\"ListItem\",\"position\":1,\"name\":\"Home\",\"item\":\"https:\/\/www.dutchfem.com\/de\/\"},{\"@type\":\"ListItem\",\"position\":2,\"name\":\"Shop\",\"item\":\"https:\/\/www.dutchfem.com\/de\/shop\/\"},{\"@type\":\"ListItem\",\"position\":3,\"name\":\"Orange Jones Limited Edition\"}]},{\"@type\":\"WebSite\",\"@id\":\"https:\/\/www.dutchfem.com\/#website\",\"url\":\"https:\/\/www.dutchfem.com\/\",\"name\":\"Dutchfem\",\"description\":\"Buy Feminized Cannabis Seeds - Autoflowering Seeds - Medical Marijuana Seeds &amp; CBD Oil online\",\"publisher\":{\"@id\":\"https:\/\/www.dutchfem.com\/#organization\"},\"potentialAction\":[{\"@type\":\"SearchAction\",\"target\":{\"@type\":\"EntryPoint\",\"urlTemplate\":\"https:\/\/www.dutchfem.com\/?s={search_term_string}\"},\"query-input\":{\"@type\":\"PropertyValueSpecification\",\"valueRequired\":true,\"valueName\":\"search_term_string\"}}],\"inLanguage\":\"de\"},{\"@type\":\"Organization\",\"@id\":\"https:\/\/www.dutchfem.com\/#organization\",\"name\":\"Dutchfem Cannabis Seeds\",\"url\":\"https:\/\/www.dutchfem.com\/\",\"logo\":{\"@type\":\"ImageObject\",\"inLanguage\":\"de\",\"@id\":\"https:\/\/www.dutchfem.com\/#\/schema\/logo\/image\/\",\"url\":\"https:\/\/www.dutchfem.com\/wp-content\/uploads\/2017\/10\/logo_Dutchfem-web.png\",\"contentUrl\":\"https:\/\/www.dutchfem.com\/wp-content\/uploads\/2017\/10\/logo_Dutchfem-web.png\",\"width\":825,\"height\":288,\"caption\":\"Dutchfem Cannabis Seeds\"},\"image\":{\"@id\":\"https:\/\/www.dutchfem.com\/#\/schema\/logo\/image\/\"},\"sameAs\":[\"https:\/\/www.facebook.com\/Dutchfem\/\",\"https:\/\/x.com\/dutchfem\",\"https:\/\/www.instagram.com\/dutchfemseeds\/\",\"https:\/\/www.youtube.com\/@Dutchfem\",\"https:\/\/nl.pinterest.com\/dutchfem\/\",\"https:\/\/bsky.app\/profile\/dutchfem.bsky.social\",\"https:\/\/www.threads.com\/@dutchfemseeds?igshid=NTc4MTIwNjQ2YQ\",\"https:\/\/www.tumblr.com\/dutchfemseeds\"]}]}<\/script>\n<!-- \/ Yoast SEO plugin. -->","yoast_head_json":{"title":"Orange Jones Limited Edition Kaufe Feminisierte Hanfsamen","description":"Feminisierte Cannabissamen von Orange Jones \u2013 Schneller und diskreter Versand \u2013 Diese Kreuzung aus Orange Dream und Casey Jones ist eine einzigartige Sativa","robots":{"index":"index","follow":"follow","max-snippet":"max-snippet:-1","max-image-preview":"max-image-preview:large","max-video-preview":"max-video-preview:-1"},"canonical":"https:\/\/www.dutchfem.com\/de\/kaufe\/orange-jones-limited-edition-hanfsamen\/","og_locale":"de_DE","og_type":"article","og_title":"Orange Jones Limited Edition Kaufe Feminisierte Hanfsamen","og_description":"Feminisierte Cannabissamen von Orange Jones \u2013 Schneller und diskreter Versand \u2013 Diese Kreuzung aus Orange Dream und Casey Jones ist eine einzigartige Sativa","og_url":"https:\/\/www.dutchfem.com\/de\/kaufe\/orange-jones-limited-edition-hanfsamen\/","og_site_name":"Dutchfem","article_publisher":"https:\/\/www.facebook.com\/Dutchfem\/","article_modified_time":"2025-08-01T14:55:55+00:00","og_image":[{"width":1179,"height":1179,"url":"https:\/\/www.dutchfem.com\/wp-content\/uploads\/2025\/05\/orange-jones-e1746826607899.jpeg","type":"image\/jpeg"}],"twitter_card":"summary_large_image","twitter_site":"@dutchfem","twitter_misc":{"Gesch\u00e4tzte Lesezeit":"3\u00a0Minuten"},"schema":{"@context":"https:\/\/schema.org","@graph":[{"@type":"WebPage","@id":"https:\/\/www.dutchfem.com\/de\/kaufe\/orange-jones-limited-edition-hanfsamen\/","url":"https:\/\/www.dutchfem.com\/de\/kaufe\/orange-jones-limited-edition-hanfsamen\/","name":"Orange Jones Limited Edition Kaufe Feminisierte Hanfsamen","isPartOf":{"@id":"https:\/\/www.dutchfem.com\/#website"},"primaryImageOfPage":{"@id":"https:\/\/www.dutchfem.com\/de\/kaufe\/orange-jones-limited-edition-hanfsamen\/#primaryimage"},"image":{"@id":"https:\/\/www.dutchfem.com\/de\/kaufe\/orange-jones-limited-edition-hanfsamen\/#primaryimage"},"thumbnailUrl":"https:\/\/www.dutchfem.com\/wp-content\/uploads\/2025\/05\/orange-jones-e1746826607899.jpeg","datePublished":"2017-11-16T19:12:11+00:00","dateModified":"2025-08-01T14:55:55+00:00","description":"Feminisierte Cannabissamen von Orange Jones \u2013 Schneller und diskreter Versand \u2013 Diese Kreuzung aus Orange Dream und Casey Jones ist eine einzigartige Sativa","breadcrumb":{"@id":"https:\/\/www.dutchfem.com\/de\/kaufe\/orange-jones-limited-edition-hanfsamen\/#breadcrumb"},"inLanguage":"de","potentialAction":[{"@type":"ReadAction","target":["https:\/\/www.dutchfem.com\/de\/kaufe\/orange-jones-limited-edition-hanfsamen\/"]}]},{"@type":"ImageObject","inLanguage":"de","@id":"https:\/\/www.dutchfem.com\/de\/kaufe\/orange-jones-limited-edition-hanfsamen\/#primaryimage","url":"https:\/\/www.dutchfem.com\/wp-content\/uploads\/2025\/05\/orange-jones-e1746826607899.jpeg","contentUrl":"https:\/\/www.dutchfem.com\/wp-content\/uploads\/2025\/05\/orange-jones-e1746826607899.jpeg","width":1179,"height":1179,"caption":"orange jones feminized cannabis seeds"},{"@type":"BreadcrumbList","@id":"https:\/\/www.dutchfem.com\/de\/kaufe\/orange-jones-limited-edition-hanfsamen\/#breadcrumb","itemListElement":[{"@type":"ListItem","position":1,"name":"Home","item":"https:\/\/www.dutchfem.com\/de\/"},{"@type":"ListItem","position":2,"name":"Shop","item":"https:\/\/www.dutchfem.com\/de\/shop\/"},{"@type":"ListItem","position":3,"name":"Orange Jones Limited Edition"}]},{"@type":"WebSite","@id":"https:\/\/www.dutchfem.com\/#website","url":"https:\/\/www.dutchfem.com\/","name":"Dutchfem","description":"Buy Feminized Cannabis Seeds - Autoflowering Seeds - Medical Marijuana Seeds &amp; CBD Oil online","publisher":{"@id":"https:\/\/www.dutchfem.com\/#organization"},"potentialAction":[{"@type":"SearchAction","target":{"@type":"EntryPoint","urlTemplate":"https:\/\/www.dutchfem.com\/?s={search_term_string}"},"query-input":{"@type":"PropertyValueSpecification","valueRequired":true,"valueName":"search_term_string"}}],"inLanguage":"de"},{"@type":"Organization","@id":"https:\/\/www.dutchfem.com\/#organization","name":"Dutchfem Cannabis Seeds","url":"https:\/\/www.dutchfem.com\/","logo":{"@type":"ImageObject","inLanguage":"de","@id":"https:\/\/www.dutchfem.com\/#\/schema\/logo\/image\/","url":"https:\/\/www.dutchfem.com\/wp-content\/uploads\/2017\/10\/logo_Dutchfem-web.png","contentUrl":"https:\/\/www.dutchfem.com\/wp-content\/uploads\/2017\/10\/logo_Dutchfem-web.png","width":825,"height":288,"caption":"Dutchfem Cannabis Seeds"},"image":{"@id":"https:\/\/www.dutchfem.com\/#\/schema\/logo\/image\/"},"sameAs":["https:\/\/www.facebook.com\/Dutchfem\/","https:\/\/x.com\/dutchfem","https:\/\/www.instagram.com\/dutchfemseeds\/","https:\/\/www.youtube.com\/@Dutchfem","https:\/\/nl.pinterest.com\/dutchfem\/","https:\/\/bsky.app\/profile\/dutchfem.bsky.social","https:\/\/www.threads.com\/@dutchfemseeds?igshid=NTc4MTIwNjQ2YQ","https:\/\/www.tumblr.com\/dutchfemseeds"]}]}},"_links":{"self":[{"href":"https:\/\/www.dutchfem.com\/de\/wp-json\/wp\/v2\/product\/5372","targetHints":{"allow":["GET"]}}],"collection":[{"href":"https:\/\/www.dutchfem.com\/de\/wp-json\/wp\/v2\/product"}],"about":[{"href":"https:\/\/www.dutchfem.com\/de\/wp-json\/wp\/v2\/types\/product"}],"replies":[{"embeddable":true,"href":"https:\/\/www.dutchfem.com\/de\/wp-json\/wp\/v2\/comments?post=5372"}],"wp:featuredmedia":[{"embeddable":true,"href":"https:\/\/www.dutchfem.com\/de\/wp-json\/wp\/v2\/media\/38749"}],"wp:attachment":[{"href":"https:\/\/www.dutchfem.com\/de\/wp-json\/wp\/v2\/media?parent=5372"}],"wp:term":[{"taxonomy":"product_brand","embeddable":true,"href":"https:\/\/www.dutchfem.com\/de\/wp-json\/wp\/v2\/product_brand?post=5372"},{"taxonomy":"product_cat","embeddable":true,"href":"https:\/\/www.dutchfem.com\/de\/wp-json\/wp\/v2\/product_cat?post=5372"},{"taxonomy":"product_tag","embeddable":true,"href":"https:\/\/www.dutchfem.com\/de\/wp-json\/wp\/v2\/product_tag?post=5372"}],"curies":[{"name":"wp","href":"https:\/\/api.w.org\/{rel}","templated":true}]}}