{"id":9291,"date":"2020-10-08T13:33:37","date_gmt":"2020-10-08T13:33:37","guid":{"rendered":"https:\/\/www.dutchfem.com\/buy\/boveda-2-wege-packung-mit-kontrollierter-luftfeuchtigkeit-4gr\/"},"modified":"2021-07-27T09:21:50","modified_gmt":"2021-07-27T09:21:50","slug":"boveda-2-wege-packung-mit-kontrollierter-luftfeuchtigkeit-4gr","status":"publish","type":"product","link":"https:\/\/www.dutchfem.com\/de\/kaufe\/boveda-2-wege-packung-mit-kontrollierter-luftfeuchtigkeit-4gr\/","title":{"rendered":"Boveda 2-Wege-Packung mit kontrollierter Luftfeuchtigkeit 4gr"},"content":{"rendered":"<p>Boveda 2-Wege-Feuchtigkeitsregelung<\/p>\n<p>Mit Dutchfem-Samen z\u00fcchten Sie die am besten aussehenden und schmeckenden Cannabisknospen in Ihrem eigenen Garten. Nach Monaten des Wartens ist das Letzte, was Sie wollen, dass ihr Geschmack und Geruch verblassen. Um dies zu verhindern, ist es wichtig, dass Sie Ihre Knospen richtig trocknen und anschlie\u00dfend 2 bis 6 Wochen lang aush\u00e4rten. Mit Boveda 2-Wege-Packungen mit kontrollierter Luftfeuchtigkeit behalten Sie nicht nur den guten Geschmack und Geruch, sondern auch die gleichen heilenden Wirkungen von Cannabis. Es stellt sicher, dass Ihre Knospen die ideale Luftfeuchtigkeit haben. Es verhindert nicht nur das Austrocknen Ihrer Knospen, sondern entfernt auch zus\u00e4tzliche Feuchtigkeit von etwas zu nassen Knospen. Dies stellt sicher, dass Ihr Eigenanbau keinen Geschmack, Geruch oder Effekt verliert und dass Sie Ihre Lieblingssorten l\u00e4nger genie\u00dfen k\u00f6nnen<\/p>\n<p>&nbsp;<\/p>\n<p>Entfernen Sie nur die Plastikdichtung und legen Sie die Verpackung mit Ihren Knospen in verschlossene T\u00f6pfe oder Beutel. Fertig. Solange die Verpackung weich ist, funktioniert sie noch. Sie ersetzen sie nur, wenn die Verpackung hart und fest wird.<\/p>\n<p>&nbsp;<\/p>\n<p>Kein Herumspielen mehr mit Fruchtschalen und \/ oder Feuchtt\u00fcchern, um Ihre trockenen Knospen zu befeuchten, und kein Schimmel mehr auf Ihren Knospen, weil Sie sie etwas zu nass in Ihre Tasche oder Ihren Topf legen.<\/p>\n<p>&nbsp;<\/p>\n<p>Die Boveda 4-Gramm-Packung sch\u00fctzt bis zu 15 Gramm Cannabis<\/p>\n<p>&nbsp;<\/p>\n<p>Boveda 2-Wege-Packungen mit kontrollierter Luftfeuchtigkeit funktionieren am besten in vakuumversiegelbaren T\u00f6pfen, sodass Sie beim Kauf eines Cvault-Lagerbeh\u00e4lters 2 kostenlos erhalten<\/p>\n","protected":false},"excerpt":{"rendered":"<p>Mit Boveda 2-Wege-Packungen mit kontrollierter Luftfeuchtigkeit behalten Sie nicht nur den guten Geschmack und Geruch, sondern auch die gleichen heilenden Wirkungen von Cannabis. Es stellt sicher, dass Ihre Knospen die ideale Luftfeuchtigkeit haben.<\/p>\n<p>&nbsp;<\/p>\n<p lang=\"en-US\"><img decoding=\"async\" class=\"alignleft wp-image-13222\" src=\"https:\/\/www.dutchfem.com\/wp-content\/uploads\/2021\/02\/Schermafbeelding-2021-07-27-om-09.27.20.png\" alt=\"\" width=\"101\" height=\"25\" \/><\/p>\n<p lang=\"en-US\">&#8222;Great product and quick delivery&#8220;<\/p>\n<p lang=\"en-US\"><strong>Kevin haig<\/strong><\/p>\n<p>&nbsp;<\/p>\n<p lang=\"en-US\"><i><a href=\"https:\/\/www.trustpilot.com\/review\/dutchfem.com\" target=\"_blank\" rel=\"noopener\">Check more reviews<\/a><\/i><\/p>\n","protected":false},"featured_media":8720,"comment_status":"open","ping_status":"closed","template":"","meta":{"_exactmetrics_skip_tracking":false,"_exactmetrics_sitenote_active":false,"_exactmetrics_sitenote_note":"","_exactmetrics_sitenote_category":0},"product_brand":[],"product_cat":[351],"product_tag":[],"class_list":{"0":"post-9291","1":"product","2":"type-product","3":"status-publish","4":"has-post-thumbnail","6":"product_cat-waren","8":"first","9":"instock","10":"taxable","11":"shipping-taxable","12":"purchasable","13":"product-type-variable","14":"has-default-attributes"},"yoast_head":"<!-- This site is optimized with the Yoast SEO plugin v26.9 - https:\/\/yoast.com\/product\/yoast-seo-wordpress\/ -->\n<title>Boveda Zwei-Wege-Packungen mit Feuchtigkeitskontrolle<\/title>\n<meta name=\"robots\" content=\"index, follow, max-snippet:-1, max-image-preview:large, max-video-preview:-1\" \/>\n<link rel=\"canonical\" href=\"https:\/\/www.dutchfem.com\/de\/kaufe\/boveda-2-wege-packung-mit-kontrollierter-luftfeuchtigkeit-4gr\/\" \/>\n<meta property=\"og:locale\" content=\"de_DE\" \/>\n<meta property=\"og:type\" content=\"article\" \/>\n<meta property=\"og:title\" content=\"Boveda Zwei-Wege-Packungen mit Feuchtigkeitskontrolle\" \/>\n<meta property=\"og:description\" content=\"Mit Boveda 2-Wege-Packungen mit kontrollierter Luftfeuchtigkeit behalten Sie nicht nur den guten Geschmack und Geruch, sondern auch die gleichen heilenden Wirkungen von Cannabis. Es stellt sicher, dass Ihre Knospen die ideale Luftfeuchtigkeit haben. &nbsp;  &quot;Great product and quick delivery&quot; Kevin haig &nbsp; Check more reviews\" \/>\n<meta property=\"og:url\" content=\"https:\/\/www.dutchfem.com\/de\/kaufe\/boveda-2-wege-packung-mit-kontrollierter-luftfeuchtigkeit-4gr\/\" \/>\n<meta property=\"og:site_name\" content=\"Dutchfem\" \/>\n<meta property=\"article:publisher\" content=\"https:\/\/www.facebook.com\/Dutchfem\/\" \/>\n<meta property=\"article:modified_time\" content=\"2021-07-27T09:21:50+00:00\" \/>\n<meta property=\"og:image\" content=\"https:\/\/www.dutchfem.com\/wp-content\/uploads\/2020\/10\/FAD7F9ED-C1A9-4F28-AD33-736A3DBE6FCC-e1605802818169.jpeg\" \/>\n\t<meta property=\"og:image:width\" content=\"423\" \/>\n\t<meta property=\"og:image:height\" content=\"405\" \/>\n\t<meta property=\"og:image:type\" content=\"image\/jpeg\" \/>\n<meta name=\"twitter:card\" content=\"summary_large_image\" \/>\n<meta name=\"twitter:site\" content=\"@dutchfem\" \/>\n<meta name=\"twitter:label1\" content=\"Gesch\u00e4tzte Lesezeit\" \/>\n\t<meta name=\"twitter:data1\" content=\"1\u00a0Minute\" \/>\n<script type=\"application\/ld+json\" class=\"yoast-schema-graph\">{\"@context\":\"https:\/\/schema.org\",\"@graph\":[{\"@type\":\"WebPage\",\"@id\":\"https:\/\/www.dutchfem.com\/de\/kaufe\/boveda-2-wege-packung-mit-kontrollierter-luftfeuchtigkeit-4gr\/\",\"url\":\"https:\/\/www.dutchfem.com\/de\/kaufe\/boveda-2-wege-packung-mit-kontrollierter-luftfeuchtigkeit-4gr\/\",\"name\":\"Boveda Zwei-Wege-Packungen mit Feuchtigkeitskontrolle\",\"isPartOf\":{\"@id\":\"https:\/\/www.dutchfem.com\/#website\"},\"primaryImageOfPage\":{\"@id\":\"https:\/\/www.dutchfem.com\/de\/kaufe\/boveda-2-wege-packung-mit-kontrollierter-luftfeuchtigkeit-4gr\/#primaryimage\"},\"image\":{\"@id\":\"https:\/\/www.dutchfem.com\/de\/kaufe\/boveda-2-wege-packung-mit-kontrollierter-luftfeuchtigkeit-4gr\/#primaryimage\"},\"thumbnailUrl\":\"https:\/\/www.dutchfem.com\/wp-content\/uploads\/2020\/10\/FAD7F9ED-C1A9-4F28-AD33-736A3DBE6FCC-e1605802818169.jpeg\",\"datePublished\":\"2020-10-08T13:33:37+00:00\",\"dateModified\":\"2021-07-27T09:21:50+00:00\",\"breadcrumb\":{\"@id\":\"https:\/\/www.dutchfem.com\/de\/kaufe\/boveda-2-wege-packung-mit-kontrollierter-luftfeuchtigkeit-4gr\/#breadcrumb\"},\"inLanguage\":\"de\",\"potentialAction\":[{\"@type\":\"ReadAction\",\"target\":[\"https:\/\/www.dutchfem.com\/de\/kaufe\/boveda-2-wege-packung-mit-kontrollierter-luftfeuchtigkeit-4gr\/\"]}]},{\"@type\":\"ImageObject\",\"inLanguage\":\"de\",\"@id\":\"https:\/\/www.dutchfem.com\/de\/kaufe\/boveda-2-wege-packung-mit-kontrollierter-luftfeuchtigkeit-4gr\/#primaryimage\",\"url\":\"https:\/\/www.dutchfem.com\/wp-content\/uploads\/2020\/10\/FAD7F9ED-C1A9-4F28-AD33-736A3DBE6FCC-e1605802818169.jpeg\",\"contentUrl\":\"https:\/\/www.dutchfem.com\/wp-content\/uploads\/2020\/10\/FAD7F9ED-C1A9-4F28-AD33-736A3DBE6FCC-e1605802818169.jpeg\",\"width\":423,\"height\":405},{\"@type\":\"BreadcrumbList\",\"@id\":\"https:\/\/www.dutchfem.com\/de\/kaufe\/boveda-2-wege-packung-mit-kontrollierter-luftfeuchtigkeit-4gr\/#breadcrumb\",\"itemListElement\":[{\"@type\":\"ListItem\",\"position\":1,\"name\":\"Home\",\"item\":\"https:\/\/www.dutchfem.com\/de\/\"},{\"@type\":\"ListItem\",\"position\":2,\"name\":\"Shop\",\"item\":\"https:\/\/www.dutchfem.com\/de\/shop\/\"},{\"@type\":\"ListItem\",\"position\":3,\"name\":\"Boveda 2-Wege-Packung mit kontrollierter Luftfeuchtigkeit 4gr\"}]},{\"@type\":\"WebSite\",\"@id\":\"https:\/\/www.dutchfem.com\/#website\",\"url\":\"https:\/\/www.dutchfem.com\/\",\"name\":\"Dutchfem\",\"description\":\"Buy Feminized Cannabis Seeds - Autoflowering Seeds - Medical Marijuana Seeds &amp; CBD Oil online\",\"publisher\":{\"@id\":\"https:\/\/www.dutchfem.com\/#organization\"},\"potentialAction\":[{\"@type\":\"SearchAction\",\"target\":{\"@type\":\"EntryPoint\",\"urlTemplate\":\"https:\/\/www.dutchfem.com\/?s={search_term_string}\"},\"query-input\":{\"@type\":\"PropertyValueSpecification\",\"valueRequired\":true,\"valueName\":\"search_term_string\"}}],\"inLanguage\":\"de\"},{\"@type\":\"Organization\",\"@id\":\"https:\/\/www.dutchfem.com\/#organization\",\"name\":\"Dutchfem Cannabis Seeds\",\"url\":\"https:\/\/www.dutchfem.com\/\",\"logo\":{\"@type\":\"ImageObject\",\"inLanguage\":\"de\",\"@id\":\"https:\/\/www.dutchfem.com\/#\/schema\/logo\/image\/\",\"url\":\"https:\/\/www.dutchfem.com\/wp-content\/uploads\/2017\/10\/logo_Dutchfem-web.png\",\"contentUrl\":\"https:\/\/www.dutchfem.com\/wp-content\/uploads\/2017\/10\/logo_Dutchfem-web.png\",\"width\":825,\"height\":288,\"caption\":\"Dutchfem Cannabis Seeds\"},\"image\":{\"@id\":\"https:\/\/www.dutchfem.com\/#\/schema\/logo\/image\/\"},\"sameAs\":[\"https:\/\/www.facebook.com\/Dutchfem\/\",\"https:\/\/x.com\/dutchfem\",\"https:\/\/www.instagram.com\/dutchfemseeds\/\",\"https:\/\/www.youtube.com\/@Dutchfem\",\"https:\/\/nl.pinterest.com\/dutchfem\/\",\"https:\/\/bsky.app\/profile\/dutchfem.bsky.social\",\"https:\/\/www.threads.com\/@dutchfemseeds?igshid=NTc4MTIwNjQ2YQ\",\"https:\/\/www.tumblr.com\/dutchfemseeds\"]}]}<\/script>\n<!-- \/ Yoast SEO plugin. -->","yoast_head_json":{"title":"Boveda Zwei-Wege-Packungen mit Feuchtigkeitskontrolle","robots":{"index":"index","follow":"follow","max-snippet":"max-snippet:-1","max-image-preview":"max-image-preview:large","max-video-preview":"max-video-preview:-1"},"canonical":"https:\/\/www.dutchfem.com\/de\/kaufe\/boveda-2-wege-packung-mit-kontrollierter-luftfeuchtigkeit-4gr\/","og_locale":"de_DE","og_type":"article","og_title":"Boveda Zwei-Wege-Packungen mit Feuchtigkeitskontrolle","og_description":"Mit Boveda 2-Wege-Packungen mit kontrollierter Luftfeuchtigkeit behalten Sie nicht nur den guten Geschmack und Geruch, sondern auch die gleichen heilenden Wirkungen von Cannabis. Es stellt sicher, dass Ihre Knospen die ideale Luftfeuchtigkeit haben. &nbsp;  \"Great product and quick delivery\" Kevin haig &nbsp; Check more reviews","og_url":"https:\/\/www.dutchfem.com\/de\/kaufe\/boveda-2-wege-packung-mit-kontrollierter-luftfeuchtigkeit-4gr\/","og_site_name":"Dutchfem","article_publisher":"https:\/\/www.facebook.com\/Dutchfem\/","article_modified_time":"2021-07-27T09:21:50+00:00","og_image":[{"width":423,"height":405,"url":"https:\/\/www.dutchfem.com\/wp-content\/uploads\/2020\/10\/FAD7F9ED-C1A9-4F28-AD33-736A3DBE6FCC-e1605802818169.jpeg","type":"image\/jpeg"}],"twitter_card":"summary_large_image","twitter_site":"@dutchfem","twitter_misc":{"Gesch\u00e4tzte Lesezeit":"1\u00a0Minute"},"schema":{"@context":"https:\/\/schema.org","@graph":[{"@type":"WebPage","@id":"https:\/\/www.dutchfem.com\/de\/kaufe\/boveda-2-wege-packung-mit-kontrollierter-luftfeuchtigkeit-4gr\/","url":"https:\/\/www.dutchfem.com\/de\/kaufe\/boveda-2-wege-packung-mit-kontrollierter-luftfeuchtigkeit-4gr\/","name":"Boveda Zwei-Wege-Packungen mit Feuchtigkeitskontrolle","isPartOf":{"@id":"https:\/\/www.dutchfem.com\/#website"},"primaryImageOfPage":{"@id":"https:\/\/www.dutchfem.com\/de\/kaufe\/boveda-2-wege-packung-mit-kontrollierter-luftfeuchtigkeit-4gr\/#primaryimage"},"image":{"@id":"https:\/\/www.dutchfem.com\/de\/kaufe\/boveda-2-wege-packung-mit-kontrollierter-luftfeuchtigkeit-4gr\/#primaryimage"},"thumbnailUrl":"https:\/\/www.dutchfem.com\/wp-content\/uploads\/2020\/10\/FAD7F9ED-C1A9-4F28-AD33-736A3DBE6FCC-e1605802818169.jpeg","datePublished":"2020-10-08T13:33:37+00:00","dateModified":"2021-07-27T09:21:50+00:00","breadcrumb":{"@id":"https:\/\/www.dutchfem.com\/de\/kaufe\/boveda-2-wege-packung-mit-kontrollierter-luftfeuchtigkeit-4gr\/#breadcrumb"},"inLanguage":"de","potentialAction":[{"@type":"ReadAction","target":["https:\/\/www.dutchfem.com\/de\/kaufe\/boveda-2-wege-packung-mit-kontrollierter-luftfeuchtigkeit-4gr\/"]}]},{"@type":"ImageObject","inLanguage":"de","@id":"https:\/\/www.dutchfem.com\/de\/kaufe\/boveda-2-wege-packung-mit-kontrollierter-luftfeuchtigkeit-4gr\/#primaryimage","url":"https:\/\/www.dutchfem.com\/wp-content\/uploads\/2020\/10\/FAD7F9ED-C1A9-4F28-AD33-736A3DBE6FCC-e1605802818169.jpeg","contentUrl":"https:\/\/www.dutchfem.com\/wp-content\/uploads\/2020\/10\/FAD7F9ED-C1A9-4F28-AD33-736A3DBE6FCC-e1605802818169.jpeg","width":423,"height":405},{"@type":"BreadcrumbList","@id":"https:\/\/www.dutchfem.com\/de\/kaufe\/boveda-2-wege-packung-mit-kontrollierter-luftfeuchtigkeit-4gr\/#breadcrumb","itemListElement":[{"@type":"ListItem","position":1,"name":"Home","item":"https:\/\/www.dutchfem.com\/de\/"},{"@type":"ListItem","position":2,"name":"Shop","item":"https:\/\/www.dutchfem.com\/de\/shop\/"},{"@type":"ListItem","position":3,"name":"Boveda 2-Wege-Packung mit kontrollierter Luftfeuchtigkeit 4gr"}]},{"@type":"WebSite","@id":"https:\/\/www.dutchfem.com\/#website","url":"https:\/\/www.dutchfem.com\/","name":"Dutchfem","description":"Buy Feminized Cannabis Seeds - Autoflowering Seeds - Medical Marijuana Seeds &amp; CBD Oil online","publisher":{"@id":"https:\/\/www.dutchfem.com\/#organization"},"potentialAction":[{"@type":"SearchAction","target":{"@type":"EntryPoint","urlTemplate":"https:\/\/www.dutchfem.com\/?s={search_term_string}"},"query-input":{"@type":"PropertyValueSpecification","valueRequired":true,"valueName":"search_term_string"}}],"inLanguage":"de"},{"@type":"Organization","@id":"https:\/\/www.dutchfem.com\/#organization","name":"Dutchfem Cannabis Seeds","url":"https:\/\/www.dutchfem.com\/","logo":{"@type":"ImageObject","inLanguage":"de","@id":"https:\/\/www.dutchfem.com\/#\/schema\/logo\/image\/","url":"https:\/\/www.dutchfem.com\/wp-content\/uploads\/2017\/10\/logo_Dutchfem-web.png","contentUrl":"https:\/\/www.dutchfem.com\/wp-content\/uploads\/2017\/10\/logo_Dutchfem-web.png","width":825,"height":288,"caption":"Dutchfem Cannabis Seeds"},"image":{"@id":"https:\/\/www.dutchfem.com\/#\/schema\/logo\/image\/"},"sameAs":["https:\/\/www.facebook.com\/Dutchfem\/","https:\/\/x.com\/dutchfem","https:\/\/www.instagram.com\/dutchfemseeds\/","https:\/\/www.youtube.com\/@Dutchfem","https:\/\/nl.pinterest.com\/dutchfem\/","https:\/\/bsky.app\/profile\/dutchfem.bsky.social","https:\/\/www.threads.com\/@dutchfemseeds?igshid=NTc4MTIwNjQ2YQ","https:\/\/www.tumblr.com\/dutchfemseeds"]}]}},"_links":{"self":[{"href":"https:\/\/www.dutchfem.com\/de\/wp-json\/wp\/v2\/product\/9291","targetHints":{"allow":["GET"]}}],"collection":[{"href":"https:\/\/www.dutchfem.com\/de\/wp-json\/wp\/v2\/product"}],"about":[{"href":"https:\/\/www.dutchfem.com\/de\/wp-json\/wp\/v2\/types\/product"}],"replies":[{"embeddable":true,"href":"https:\/\/www.dutchfem.com\/de\/wp-json\/wp\/v2\/comments?post=9291"}],"wp:featuredmedia":[{"embeddable":true,"href":"https:\/\/www.dutchfem.com\/de\/wp-json\/wp\/v2\/media\/8720"}],"wp:attachment":[{"href":"https:\/\/www.dutchfem.com\/de\/wp-json\/wp\/v2\/media?parent=9291"}],"wp:term":[{"taxonomy":"product_brand","embeddable":true,"href":"https:\/\/www.dutchfem.com\/de\/wp-json\/wp\/v2\/product_brand?post=9291"},{"taxonomy":"product_cat","embeddable":true,"href":"https:\/\/www.dutchfem.com\/de\/wp-json\/wp\/v2\/product_cat?post=9291"},{"taxonomy":"product_tag","embeddable":true,"href":"https:\/\/www.dutchfem.com\/de\/wp-json\/wp\/v2\/product_tag?post=9291"}],"curies":[{"name":"wp","href":"https:\/\/api.w.org\/{rel}","templated":true}]}}