{"id":9464,"date":"2020-11-13T22:06:58","date_gmt":"2020-11-13T22:07:00","guid":{"rendered":"https:\/\/www.dutchfem.com\/?post_type=product&#038;p=9464"},"modified":"2024-04-08T19:08:10","modified_gmt":"2024-04-08T18:08:10","slug":"schwarzes-unisex-slogan-t-shirt-mit-dutchfem-madmax-33","status":"publish","type":"product","link":"https:\/\/www.dutchfem.com\/de\/kaufe\/schwarzes-unisex-slogan-t-shirt-mit-dutchfem-madmax-33\/","title":{"rendered":"T-Shirt Schwarzes Unisex-Slogan mit Dutchfem MadMax # 33"},"content":{"rendered":"<p>Dieses schwarze Unisex-Slogan-T-Shirt MadMax # 33 aus 100% Bio-Baumwolle ist nicht nur stilvoll, sondern auch umweltfreundlich. Auf der Vorderseite des T-Shirts finden Sie den wundersch\u00f6nen MadMax # 33-Slogan in Rot, Wei\u00df, Blau und Orange sowie den Namen Ihres bevorzugten Samenbank-Webshops in kleinen wei\u00dfen Buchstaben.<\/p>\n<p>Dieses schwarze Unisex-T-Shirt ist in den Gr\u00f6\u00dfen Small, Medium, Large und Extra Large erh\u00e4ltlich und maschinenwaschbar.<\/p>\n","protected":false},"excerpt":{"rendered":"<p>Schwarzes Unisex-T-Shirt von Dutchfem mit dem roten, wei\u00dfen, blauen und orangefarbenen MadMax # 33-Slogan. Dieses schwarze Unisex-T-Shirt mit kurzen \u00c4rmeln ist die perfekte Erg\u00e4nzung f\u00fcr jeden Dutchfem- und MadMax # 33-Liebhaber-Kleiderschrank. 100% Bio-Baumwolle, die die Umwelt nicht sch\u00e4digt und f\u00fcr vollen Komfort sorgt. Erh\u00e4ltlich in S, M, L und XL. Auch in wei\u00dfem T-Shirt erh\u00e4ltlich.<\/p>\n","protected":false},"featured_media":26376,"comment_status":"open","ping_status":"closed","template":"","meta":{"_exactmetrics_skip_tracking":false,"_exactmetrics_sitenote_active":false,"_exactmetrics_sitenote_note":"","_exactmetrics_sitenote_category":0},"product_brand":[],"product_cat":[351],"product_tag":[],"class_list":{"0":"post-9464","1":"product","2":"type-product","3":"status-publish","4":"has-post-thumbnail","6":"product_cat-waren","8":"first","9":"instock","10":"taxable","11":"shipping-taxable","12":"purchasable","13":"product-type-variable","14":"has-default-attributes"},"yoast_head":"<!-- This site is optimized with the Yoast SEO plugin v26.9 - https:\/\/yoast.com\/product\/yoast-seo-wordpress\/ -->\n<title>T-Shirt Schwarzes Unisex-Slogan mit Dutchfem MadMax # 33 - Dutchfem<\/title>\n<meta name=\"robots\" content=\"index, follow, max-snippet:-1, max-image-preview:large, max-video-preview:-1\" \/>\n<link rel=\"canonical\" href=\"https:\/\/www.dutchfem.com\/de\/kaufe\/schwarzes-unisex-slogan-t-shirt-mit-dutchfem-madmax-33\/\" \/>\n<meta property=\"og:locale\" content=\"de_DE\" \/>\n<meta property=\"og:type\" content=\"article\" \/>\n<meta property=\"og:title\" content=\"T-Shirt Schwarzes Unisex-Slogan mit Dutchfem MadMax # 33 - Dutchfem\" \/>\n<meta property=\"og:description\" content=\"Schwarzes Unisex-T-Shirt von Dutchfem mit dem roten, wei\u00dfen, blauen und orangefarbenen MadMax # 33-Slogan. Dieses schwarze Unisex-T-Shirt mit kurzen \u00c4rmeln ist die perfekte Erg\u00e4nzung f\u00fcr jeden Dutchfem- und MadMax # 33-Liebhaber-Kleiderschrank. 100% Bio-Baumwolle, die die Umwelt nicht sch\u00e4digt und f\u00fcr vollen Komfort sorgt. Erh\u00e4ltlich in S, M, L und XL. Auch in wei\u00dfem T-Shirt erh\u00e4ltlich.\" \/>\n<meta property=\"og:url\" content=\"https:\/\/www.dutchfem.com\/de\/kaufe\/schwarzes-unisex-slogan-t-shirt-mit-dutchfem-madmax-33\/\" \/>\n<meta property=\"og:site_name\" content=\"Dutchfem\" \/>\n<meta property=\"article:publisher\" content=\"https:\/\/www.facebook.com\/Dutchfem\/\" \/>\n<meta property=\"article:modified_time\" content=\"2024-04-08T18:08:10+00:00\" \/>\n<meta property=\"og:image\" content=\"https:\/\/www.dutchfem.com\/wp-content\/uploads\/2020\/11\/Tshirt-MadMax33-zwart-1-e1708213473366.jpg\" \/>\n\t<meta property=\"og:image:width\" content=\"640\" \/>\n\t<meta property=\"og:image:height\" content=\"640\" \/>\n\t<meta property=\"og:image:type\" content=\"image\/jpeg\" \/>\n<meta name=\"twitter:card\" content=\"summary_large_image\" \/>\n<meta name=\"twitter:site\" content=\"@dutchfem\" \/>\n<script type=\"application\/ld+json\" class=\"yoast-schema-graph\">{\"@context\":\"https:\/\/schema.org\",\"@graph\":[{\"@type\":\"WebPage\",\"@id\":\"https:\/\/www.dutchfem.com\/de\/kaufe\/schwarzes-unisex-slogan-t-shirt-mit-dutchfem-madmax-33\/\",\"url\":\"https:\/\/www.dutchfem.com\/de\/kaufe\/schwarzes-unisex-slogan-t-shirt-mit-dutchfem-madmax-33\/\",\"name\":\"T-Shirt Schwarzes Unisex-Slogan mit Dutchfem MadMax # 33 - Dutchfem\",\"isPartOf\":{\"@id\":\"https:\/\/www.dutchfem.com\/#website\"},\"primaryImageOfPage\":{\"@id\":\"https:\/\/www.dutchfem.com\/de\/kaufe\/schwarzes-unisex-slogan-t-shirt-mit-dutchfem-madmax-33\/#primaryimage\"},\"image\":{\"@id\":\"https:\/\/www.dutchfem.com\/de\/kaufe\/schwarzes-unisex-slogan-t-shirt-mit-dutchfem-madmax-33\/#primaryimage\"},\"thumbnailUrl\":\"https:\/\/www.dutchfem.com\/wp-content\/uploads\/2020\/11\/Tshirt-MadMax33-zwart-1-e1708213473366.jpg\",\"datePublished\":\"2020-11-13T22:07:00+00:00\",\"dateModified\":\"2024-04-08T18:08:10+00:00\",\"breadcrumb\":{\"@id\":\"https:\/\/www.dutchfem.com\/de\/kaufe\/schwarzes-unisex-slogan-t-shirt-mit-dutchfem-madmax-33\/#breadcrumb\"},\"inLanguage\":\"de\",\"potentialAction\":[{\"@type\":\"ReadAction\",\"target\":[\"https:\/\/www.dutchfem.com\/de\/kaufe\/schwarzes-unisex-slogan-t-shirt-mit-dutchfem-madmax-33\/\"]}]},{\"@type\":\"ImageObject\",\"inLanguage\":\"de\",\"@id\":\"https:\/\/www.dutchfem.com\/de\/kaufe\/schwarzes-unisex-slogan-t-shirt-mit-dutchfem-madmax-33\/#primaryimage\",\"url\":\"https:\/\/www.dutchfem.com\/wp-content\/uploads\/2020\/11\/Tshirt-MadMax33-zwart-1-e1708213473366.jpg\",\"contentUrl\":\"https:\/\/www.dutchfem.com\/wp-content\/uploads\/2020\/11\/Tshirt-MadMax33-zwart-1-e1708213473366.jpg\",\"width\":640,\"height\":640},{\"@type\":\"BreadcrumbList\",\"@id\":\"https:\/\/www.dutchfem.com\/de\/kaufe\/schwarzes-unisex-slogan-t-shirt-mit-dutchfem-madmax-33\/#breadcrumb\",\"itemListElement\":[{\"@type\":\"ListItem\",\"position\":1,\"name\":\"Home\",\"item\":\"https:\/\/www.dutchfem.com\/de\/\"},{\"@type\":\"ListItem\",\"position\":2,\"name\":\"Shop\",\"item\":\"https:\/\/www.dutchfem.com\/de\/shop\/\"},{\"@type\":\"ListItem\",\"position\":3,\"name\":\"T-Shirt Schwarzes Unisex-Slogan mit Dutchfem MadMax # 33\"}]},{\"@type\":\"WebSite\",\"@id\":\"https:\/\/www.dutchfem.com\/#website\",\"url\":\"https:\/\/www.dutchfem.com\/\",\"name\":\"Dutchfem\",\"description\":\"Buy Feminized Cannabis Seeds - Autoflowering Seeds - Medical Marijuana Seeds &amp; CBD Oil online\",\"publisher\":{\"@id\":\"https:\/\/www.dutchfem.com\/#organization\"},\"potentialAction\":[{\"@type\":\"SearchAction\",\"target\":{\"@type\":\"EntryPoint\",\"urlTemplate\":\"https:\/\/www.dutchfem.com\/?s={search_term_string}\"},\"query-input\":{\"@type\":\"PropertyValueSpecification\",\"valueRequired\":true,\"valueName\":\"search_term_string\"}}],\"inLanguage\":\"de\"},{\"@type\":\"Organization\",\"@id\":\"https:\/\/www.dutchfem.com\/#organization\",\"name\":\"Dutchfem Cannabis Seeds\",\"url\":\"https:\/\/www.dutchfem.com\/\",\"logo\":{\"@type\":\"ImageObject\",\"inLanguage\":\"de\",\"@id\":\"https:\/\/www.dutchfem.com\/#\/schema\/logo\/image\/\",\"url\":\"https:\/\/www.dutchfem.com\/wp-content\/uploads\/2017\/10\/logo_Dutchfem-web.png\",\"contentUrl\":\"https:\/\/www.dutchfem.com\/wp-content\/uploads\/2017\/10\/logo_Dutchfem-web.png\",\"width\":825,\"height\":288,\"caption\":\"Dutchfem Cannabis Seeds\"},\"image\":{\"@id\":\"https:\/\/www.dutchfem.com\/#\/schema\/logo\/image\/\"},\"sameAs\":[\"https:\/\/www.facebook.com\/Dutchfem\/\",\"https:\/\/x.com\/dutchfem\",\"https:\/\/www.instagram.com\/dutchfemseeds\/\",\"https:\/\/www.youtube.com\/@Dutchfem\",\"https:\/\/nl.pinterest.com\/dutchfem\/\",\"https:\/\/bsky.app\/profile\/dutchfem.bsky.social\",\"https:\/\/www.threads.com\/@dutchfemseeds?igshid=NTc4MTIwNjQ2YQ\",\"https:\/\/www.tumblr.com\/dutchfemseeds\"]}]}<\/script>\n<!-- \/ Yoast SEO plugin. -->","yoast_head_json":{"title":"T-Shirt Schwarzes Unisex-Slogan mit Dutchfem MadMax # 33 - Dutchfem","robots":{"index":"index","follow":"follow","max-snippet":"max-snippet:-1","max-image-preview":"max-image-preview:large","max-video-preview":"max-video-preview:-1"},"canonical":"https:\/\/www.dutchfem.com\/de\/kaufe\/schwarzes-unisex-slogan-t-shirt-mit-dutchfem-madmax-33\/","og_locale":"de_DE","og_type":"article","og_title":"T-Shirt Schwarzes Unisex-Slogan mit Dutchfem MadMax # 33 - Dutchfem","og_description":"Schwarzes Unisex-T-Shirt von Dutchfem mit dem roten, wei\u00dfen, blauen und orangefarbenen MadMax # 33-Slogan. Dieses schwarze Unisex-T-Shirt mit kurzen \u00c4rmeln ist die perfekte Erg\u00e4nzung f\u00fcr jeden Dutchfem- und MadMax # 33-Liebhaber-Kleiderschrank. 100% Bio-Baumwolle, die die Umwelt nicht sch\u00e4digt und f\u00fcr vollen Komfort sorgt. Erh\u00e4ltlich in S, M, L und XL. Auch in wei\u00dfem T-Shirt erh\u00e4ltlich.","og_url":"https:\/\/www.dutchfem.com\/de\/kaufe\/schwarzes-unisex-slogan-t-shirt-mit-dutchfem-madmax-33\/","og_site_name":"Dutchfem","article_publisher":"https:\/\/www.facebook.com\/Dutchfem\/","article_modified_time":"2024-04-08T18:08:10+00:00","og_image":[{"width":640,"height":640,"url":"https:\/\/www.dutchfem.com\/wp-content\/uploads\/2020\/11\/Tshirt-MadMax33-zwart-1-e1708213473366.jpg","type":"image\/jpeg"}],"twitter_card":"summary_large_image","twitter_site":"@dutchfem","schema":{"@context":"https:\/\/schema.org","@graph":[{"@type":"WebPage","@id":"https:\/\/www.dutchfem.com\/de\/kaufe\/schwarzes-unisex-slogan-t-shirt-mit-dutchfem-madmax-33\/","url":"https:\/\/www.dutchfem.com\/de\/kaufe\/schwarzes-unisex-slogan-t-shirt-mit-dutchfem-madmax-33\/","name":"T-Shirt Schwarzes Unisex-Slogan mit Dutchfem MadMax # 33 - Dutchfem","isPartOf":{"@id":"https:\/\/www.dutchfem.com\/#website"},"primaryImageOfPage":{"@id":"https:\/\/www.dutchfem.com\/de\/kaufe\/schwarzes-unisex-slogan-t-shirt-mit-dutchfem-madmax-33\/#primaryimage"},"image":{"@id":"https:\/\/www.dutchfem.com\/de\/kaufe\/schwarzes-unisex-slogan-t-shirt-mit-dutchfem-madmax-33\/#primaryimage"},"thumbnailUrl":"https:\/\/www.dutchfem.com\/wp-content\/uploads\/2020\/11\/Tshirt-MadMax33-zwart-1-e1708213473366.jpg","datePublished":"2020-11-13T22:07:00+00:00","dateModified":"2024-04-08T18:08:10+00:00","breadcrumb":{"@id":"https:\/\/www.dutchfem.com\/de\/kaufe\/schwarzes-unisex-slogan-t-shirt-mit-dutchfem-madmax-33\/#breadcrumb"},"inLanguage":"de","potentialAction":[{"@type":"ReadAction","target":["https:\/\/www.dutchfem.com\/de\/kaufe\/schwarzes-unisex-slogan-t-shirt-mit-dutchfem-madmax-33\/"]}]},{"@type":"ImageObject","inLanguage":"de","@id":"https:\/\/www.dutchfem.com\/de\/kaufe\/schwarzes-unisex-slogan-t-shirt-mit-dutchfem-madmax-33\/#primaryimage","url":"https:\/\/www.dutchfem.com\/wp-content\/uploads\/2020\/11\/Tshirt-MadMax33-zwart-1-e1708213473366.jpg","contentUrl":"https:\/\/www.dutchfem.com\/wp-content\/uploads\/2020\/11\/Tshirt-MadMax33-zwart-1-e1708213473366.jpg","width":640,"height":640},{"@type":"BreadcrumbList","@id":"https:\/\/www.dutchfem.com\/de\/kaufe\/schwarzes-unisex-slogan-t-shirt-mit-dutchfem-madmax-33\/#breadcrumb","itemListElement":[{"@type":"ListItem","position":1,"name":"Home","item":"https:\/\/www.dutchfem.com\/de\/"},{"@type":"ListItem","position":2,"name":"Shop","item":"https:\/\/www.dutchfem.com\/de\/shop\/"},{"@type":"ListItem","position":3,"name":"T-Shirt Schwarzes Unisex-Slogan mit Dutchfem MadMax # 33"}]},{"@type":"WebSite","@id":"https:\/\/www.dutchfem.com\/#website","url":"https:\/\/www.dutchfem.com\/","name":"Dutchfem","description":"Buy Feminized Cannabis Seeds - Autoflowering Seeds - Medical Marijuana Seeds &amp; CBD Oil online","publisher":{"@id":"https:\/\/www.dutchfem.com\/#organization"},"potentialAction":[{"@type":"SearchAction","target":{"@type":"EntryPoint","urlTemplate":"https:\/\/www.dutchfem.com\/?s={search_term_string}"},"query-input":{"@type":"PropertyValueSpecification","valueRequired":true,"valueName":"search_term_string"}}],"inLanguage":"de"},{"@type":"Organization","@id":"https:\/\/www.dutchfem.com\/#organization","name":"Dutchfem Cannabis Seeds","url":"https:\/\/www.dutchfem.com\/","logo":{"@type":"ImageObject","inLanguage":"de","@id":"https:\/\/www.dutchfem.com\/#\/schema\/logo\/image\/","url":"https:\/\/www.dutchfem.com\/wp-content\/uploads\/2017\/10\/logo_Dutchfem-web.png","contentUrl":"https:\/\/www.dutchfem.com\/wp-content\/uploads\/2017\/10\/logo_Dutchfem-web.png","width":825,"height":288,"caption":"Dutchfem Cannabis Seeds"},"image":{"@id":"https:\/\/www.dutchfem.com\/#\/schema\/logo\/image\/"},"sameAs":["https:\/\/www.facebook.com\/Dutchfem\/","https:\/\/x.com\/dutchfem","https:\/\/www.instagram.com\/dutchfemseeds\/","https:\/\/www.youtube.com\/@Dutchfem","https:\/\/nl.pinterest.com\/dutchfem\/","https:\/\/bsky.app\/profile\/dutchfem.bsky.social","https:\/\/www.threads.com\/@dutchfemseeds?igshid=NTc4MTIwNjQ2YQ","https:\/\/www.tumblr.com\/dutchfemseeds"]}]}},"_links":{"self":[{"href":"https:\/\/www.dutchfem.com\/de\/wp-json\/wp\/v2\/product\/9464","targetHints":{"allow":["GET"]}}],"collection":[{"href":"https:\/\/www.dutchfem.com\/de\/wp-json\/wp\/v2\/product"}],"about":[{"href":"https:\/\/www.dutchfem.com\/de\/wp-json\/wp\/v2\/types\/product"}],"replies":[{"embeddable":true,"href":"https:\/\/www.dutchfem.com\/de\/wp-json\/wp\/v2\/comments?post=9464"}],"wp:featuredmedia":[{"embeddable":true,"href":"https:\/\/www.dutchfem.com\/de\/wp-json\/wp\/v2\/media\/26376"}],"wp:attachment":[{"href":"https:\/\/www.dutchfem.com\/de\/wp-json\/wp\/v2\/media?parent=9464"}],"wp:term":[{"taxonomy":"product_brand","embeddable":true,"href":"https:\/\/www.dutchfem.com\/de\/wp-json\/wp\/v2\/product_brand?post=9464"},{"taxonomy":"product_cat","embeddable":true,"href":"https:\/\/www.dutchfem.com\/de\/wp-json\/wp\/v2\/product_cat?post=9464"},{"taxonomy":"product_tag","embeddable":true,"href":"https:\/\/www.dutchfem.com\/de\/wp-json\/wp\/v2\/product_tag?post=9464"}],"curies":[{"name":"wp","href":"https:\/\/api.w.org\/{rel}","templated":true}]}}