{"id":9916,"date":"2020-11-22T18:07:30","date_gmt":"2020-11-22T18:07:32","guid":{"rendered":"https:\/\/www.dutchfem.com\/?post_type=product&#038;p=9916"},"modified":"2024-04-27T15:12:46","modified_gmt":"2024-04-27T14:12:46","slug":"cvault-xxxl-lagerbehalter-8-ltr-inkl-2-x-boveda-67gr","status":"publish","type":"product","link":"https:\/\/www.dutchfem.com\/de\/kaufe\/cvault-xxxl-lagerbehalter-8-ltr-inkl-2-x-boveda-67gr\/","title":{"rendered":"Cvault Storage Container 8 ltr incl. 2 x Boveda 67gr"},"content":{"rendered":"<p>Cvault Edelstahl-Vorratsbeh\u00e4lter 8Ltr inklusive 2 x 67 gr Boveda 62% zur feuchtigkeitsgesteuerten Aufbewahrung Ihrer selbstgezogenen Dutchfem-Knospen. Der CVault-Vorratsbeh\u00e4lter ist alles, was Sie brauchen, um Ihre Knospen in einwandfreiem Zustand zu halten. Der Vorratsbeh\u00e4lter aus Edelstahl in Lebensmittelqualit\u00e4t ist luftdicht und f\u00fcr jedes Licht undurchdringlich. Dieser Cvault-Vorratsbeh\u00e4lter enth\u00e4lt 2 x 67-Gramm-Packungen der patentierten 2-Wege-Feuchtigkeitskontrolle von Boveda. Es wird einen gro\u00dfen Unterschied machen, wenn Sie Ihre Dutchfem-Knospen in einem wahren Zustand der Frische halten. Es verbessert den Geschmack, den Geruch und die Wirkung Ihrer Blumen und h\u00e4lt sie \u00fcber einen sehr langen Zeitraum in bestm\u00f6glichem Zustand. Wenn Ihre Knospen zu trocken geworden sind oder wenn sie noch zu feucht sind, bringt dieser Vorratsbeh\u00e4lter mit dem Boveda 2-Wege-Feuchtigkeitsregulierungspaket sie in den idealen Zustand zum Rauchen oder Dampfen.<\/p>\n<p>\u00a08 Liter<br \/>Kapazit\u00e4t: 350-550 Gramm<br \/>Gr\u00f6\u00dfe (b x h): 26 x 18 cm<br \/>Inklusive 2 x 67 Gramm 62% Boveda<\/p>\n","protected":false},"excerpt":{"rendered":"<p>Cvault Edelstahl-Aufbewahrungsbeh\u00e4lter 8ltr inklusive 2 x 67 g Boveda f\u00fcr 2-Wege-Lagerung mit Feuchtigkeitskontrolle f\u00fcr Ihre einheimischen Dutchfem-Knospen ist der beste Weg, um Ihr Kraut in einem echten Frische-Zustand zu halten.<\/p>\n","protected":false},"featured_media":26457,"comment_status":"open","ping_status":"closed","template":"","meta":{"_exactmetrics_skip_tracking":false,"_exactmetrics_sitenote_active":false,"_exactmetrics_sitenote_note":"","_exactmetrics_sitenote_category":0},"product_brand":[],"product_cat":[351],"product_tag":[],"class_list":{"0":"post-9916","1":"product","2":"type-product","3":"status-publish","4":"has-post-thumbnail","6":"product_cat-waren","7":"product_shipping_class-package-de","9":"first","10":"outofstock","11":"taxable","12":"shipping-taxable","13":"purchasable","14":"product-type-variable","15":"has-default-attributes"},"yoast_head":"<!-- This site is optimized with the Yoast SEO plugin v26.9 - https:\/\/yoast.com\/product\/yoast-seo-wordpress\/ -->\n<title>Cvault Storage Container 8 ltr incl. 2 x Boveda 67gr - Dutchfem<\/title>\n<meta name=\"description\" content=\"Der CVault-Vorratsbeh\u00e4lter ist alles, was Sie brauchen, um Ihre Knospen in perfektem Zustand zu halten, ohne an Geschmack, Geruch und Wirkung zu verlieren.\" \/>\n<meta name=\"robots\" content=\"index, follow, max-snippet:-1, max-image-preview:large, max-video-preview:-1\" \/>\n<link rel=\"canonical\" href=\"https:\/\/www.dutchfem.com\/de\/kaufe\/cvault-xxxl-lagerbehalter-8-ltr-inkl-2-x-boveda-67gr\/\" \/>\n<meta property=\"og:locale\" content=\"de_DE\" \/>\n<meta property=\"og:type\" content=\"article\" \/>\n<meta property=\"og:title\" content=\"Cvault Storage Container 8 ltr incl. 2 x Boveda 67gr - Dutchfem\" \/>\n<meta property=\"og:description\" content=\"Der CVault-Vorratsbeh\u00e4lter ist alles, was Sie brauchen, um Ihre Knospen in perfektem Zustand zu halten, ohne an Geschmack, Geruch und Wirkung zu verlieren.\" \/>\n<meta property=\"og:url\" content=\"https:\/\/www.dutchfem.com\/de\/kaufe\/cvault-xxxl-lagerbehalter-8-ltr-inkl-2-x-boveda-67gr\/\" \/>\n<meta property=\"og:site_name\" content=\"Dutchfem\" \/>\n<meta property=\"article:publisher\" content=\"https:\/\/www.facebook.com\/Dutchfem\/\" \/>\n<meta property=\"article:modified_time\" content=\"2024-04-27T14:12:46+00:00\" \/>\n<meta property=\"og:image\" content=\"https:\/\/www.dutchfem.com\/wp-content\/uploads\/2020\/11\/cvault-8-ltr.jpg\" \/>\n\t<meta property=\"og:image:width\" content=\"450\" \/>\n\t<meta property=\"og:image:height\" content=\"450\" \/>\n\t<meta property=\"og:image:type\" content=\"image\/jpeg\" \/>\n<meta name=\"twitter:card\" content=\"summary_large_image\" \/>\n<meta name=\"twitter:site\" content=\"@dutchfem\" \/>\n<meta name=\"twitter:label1\" content=\"Gesch\u00e4tzte Lesezeit\" \/>\n\t<meta name=\"twitter:data1\" content=\"1\u00a0Minute\" \/>\n<script type=\"application\/ld+json\" class=\"yoast-schema-graph\">{\"@context\":\"https:\/\/schema.org\",\"@graph\":[{\"@type\":\"WebPage\",\"@id\":\"https:\/\/www.dutchfem.com\/de\/kaufe\/cvault-xxxl-lagerbehalter-8-ltr-inkl-2-x-boveda-67gr\/\",\"url\":\"https:\/\/www.dutchfem.com\/de\/kaufe\/cvault-xxxl-lagerbehalter-8-ltr-inkl-2-x-boveda-67gr\/\",\"name\":\"Cvault Storage Container 8 ltr incl. 2 x Boveda 67gr - Dutchfem\",\"isPartOf\":{\"@id\":\"https:\/\/www.dutchfem.com\/#website\"},\"primaryImageOfPage\":{\"@id\":\"https:\/\/www.dutchfem.com\/de\/kaufe\/cvault-xxxl-lagerbehalter-8-ltr-inkl-2-x-boveda-67gr\/#primaryimage\"},\"image\":{\"@id\":\"https:\/\/www.dutchfem.com\/de\/kaufe\/cvault-xxxl-lagerbehalter-8-ltr-inkl-2-x-boveda-67gr\/#primaryimage\"},\"thumbnailUrl\":\"https:\/\/www.dutchfem.com\/wp-content\/uploads\/2020\/11\/cvault-8-ltr.jpg\",\"datePublished\":\"2020-11-22T18:07:32+00:00\",\"dateModified\":\"2024-04-27T14:12:46+00:00\",\"description\":\"Der CVault-Vorratsbeh\u00e4lter ist alles, was Sie brauchen, um Ihre Knospen in perfektem Zustand zu halten, ohne an Geschmack, Geruch und Wirkung zu verlieren.\",\"breadcrumb\":{\"@id\":\"https:\/\/www.dutchfem.com\/de\/kaufe\/cvault-xxxl-lagerbehalter-8-ltr-inkl-2-x-boveda-67gr\/#breadcrumb\"},\"inLanguage\":\"de\",\"potentialAction\":[{\"@type\":\"ReadAction\",\"target\":[\"https:\/\/www.dutchfem.com\/de\/kaufe\/cvault-xxxl-lagerbehalter-8-ltr-inkl-2-x-boveda-67gr\/\"]}]},{\"@type\":\"ImageObject\",\"inLanguage\":\"de\",\"@id\":\"https:\/\/www.dutchfem.com\/de\/kaufe\/cvault-xxxl-lagerbehalter-8-ltr-inkl-2-x-boveda-67gr\/#primaryimage\",\"url\":\"https:\/\/www.dutchfem.com\/wp-content\/uploads\/2020\/11\/cvault-8-ltr.jpg\",\"contentUrl\":\"https:\/\/www.dutchfem.com\/wp-content\/uploads\/2020\/11\/cvault-8-ltr.jpg\",\"width\":450,\"height\":450},{\"@type\":\"BreadcrumbList\",\"@id\":\"https:\/\/www.dutchfem.com\/de\/kaufe\/cvault-xxxl-lagerbehalter-8-ltr-inkl-2-x-boveda-67gr\/#breadcrumb\",\"itemListElement\":[{\"@type\":\"ListItem\",\"position\":1,\"name\":\"Home\",\"item\":\"https:\/\/www.dutchfem.com\/de\/\"},{\"@type\":\"ListItem\",\"position\":2,\"name\":\"Shop\",\"item\":\"https:\/\/www.dutchfem.com\/de\/shop\/\"},{\"@type\":\"ListItem\",\"position\":3,\"name\":\"Cvault Storage Container 8 ltr incl. 2 x Boveda 67gr\"}]},{\"@type\":\"WebSite\",\"@id\":\"https:\/\/www.dutchfem.com\/#website\",\"url\":\"https:\/\/www.dutchfem.com\/\",\"name\":\"Dutchfem\",\"description\":\"Buy Feminized Cannabis Seeds - Autoflowering Seeds - Medical Marijuana Seeds &amp; CBD Oil online\",\"publisher\":{\"@id\":\"https:\/\/www.dutchfem.com\/#organization\"},\"potentialAction\":[{\"@type\":\"SearchAction\",\"target\":{\"@type\":\"EntryPoint\",\"urlTemplate\":\"https:\/\/www.dutchfem.com\/?s={search_term_string}\"},\"query-input\":{\"@type\":\"PropertyValueSpecification\",\"valueRequired\":true,\"valueName\":\"search_term_string\"}}],\"inLanguage\":\"de\"},{\"@type\":\"Organization\",\"@id\":\"https:\/\/www.dutchfem.com\/#organization\",\"name\":\"Dutchfem Cannabis Seeds\",\"url\":\"https:\/\/www.dutchfem.com\/\",\"logo\":{\"@type\":\"ImageObject\",\"inLanguage\":\"de\",\"@id\":\"https:\/\/www.dutchfem.com\/#\/schema\/logo\/image\/\",\"url\":\"https:\/\/www.dutchfem.com\/wp-content\/uploads\/2017\/10\/logo_Dutchfem-web.png\",\"contentUrl\":\"https:\/\/www.dutchfem.com\/wp-content\/uploads\/2017\/10\/logo_Dutchfem-web.png\",\"width\":825,\"height\":288,\"caption\":\"Dutchfem Cannabis Seeds\"},\"image\":{\"@id\":\"https:\/\/www.dutchfem.com\/#\/schema\/logo\/image\/\"},\"sameAs\":[\"https:\/\/www.facebook.com\/Dutchfem\/\",\"https:\/\/x.com\/dutchfem\",\"https:\/\/www.instagram.com\/dutchfemseeds\/\",\"https:\/\/www.youtube.com\/@Dutchfem\",\"https:\/\/nl.pinterest.com\/dutchfem\/\",\"https:\/\/bsky.app\/profile\/dutchfem.bsky.social\",\"https:\/\/www.threads.com\/@dutchfemseeds?igshid=NTc4MTIwNjQ2YQ\",\"https:\/\/www.tumblr.com\/dutchfemseeds\"]}]}<\/script>\n<!-- \/ Yoast SEO plugin. -->","yoast_head_json":{"title":"Cvault Storage Container 8 ltr incl. 2 x Boveda 67gr - Dutchfem","description":"Der CVault-Vorratsbeh\u00e4lter ist alles, was Sie brauchen, um Ihre Knospen in perfektem Zustand zu halten, ohne an Geschmack, Geruch und Wirkung zu verlieren.","robots":{"index":"index","follow":"follow","max-snippet":"max-snippet:-1","max-image-preview":"max-image-preview:large","max-video-preview":"max-video-preview:-1"},"canonical":"https:\/\/www.dutchfem.com\/de\/kaufe\/cvault-xxxl-lagerbehalter-8-ltr-inkl-2-x-boveda-67gr\/","og_locale":"de_DE","og_type":"article","og_title":"Cvault Storage Container 8 ltr incl. 2 x Boveda 67gr - Dutchfem","og_description":"Der CVault-Vorratsbeh\u00e4lter ist alles, was Sie brauchen, um Ihre Knospen in perfektem Zustand zu halten, ohne an Geschmack, Geruch und Wirkung zu verlieren.","og_url":"https:\/\/www.dutchfem.com\/de\/kaufe\/cvault-xxxl-lagerbehalter-8-ltr-inkl-2-x-boveda-67gr\/","og_site_name":"Dutchfem","article_publisher":"https:\/\/www.facebook.com\/Dutchfem\/","article_modified_time":"2024-04-27T14:12:46+00:00","og_image":[{"width":450,"height":450,"url":"https:\/\/www.dutchfem.com\/wp-content\/uploads\/2020\/11\/cvault-8-ltr.jpg","type":"image\/jpeg"}],"twitter_card":"summary_large_image","twitter_site":"@dutchfem","twitter_misc":{"Gesch\u00e4tzte Lesezeit":"1\u00a0Minute"},"schema":{"@context":"https:\/\/schema.org","@graph":[{"@type":"WebPage","@id":"https:\/\/www.dutchfem.com\/de\/kaufe\/cvault-xxxl-lagerbehalter-8-ltr-inkl-2-x-boveda-67gr\/","url":"https:\/\/www.dutchfem.com\/de\/kaufe\/cvault-xxxl-lagerbehalter-8-ltr-inkl-2-x-boveda-67gr\/","name":"Cvault Storage Container 8 ltr incl. 2 x Boveda 67gr - Dutchfem","isPartOf":{"@id":"https:\/\/www.dutchfem.com\/#website"},"primaryImageOfPage":{"@id":"https:\/\/www.dutchfem.com\/de\/kaufe\/cvault-xxxl-lagerbehalter-8-ltr-inkl-2-x-boveda-67gr\/#primaryimage"},"image":{"@id":"https:\/\/www.dutchfem.com\/de\/kaufe\/cvault-xxxl-lagerbehalter-8-ltr-inkl-2-x-boveda-67gr\/#primaryimage"},"thumbnailUrl":"https:\/\/www.dutchfem.com\/wp-content\/uploads\/2020\/11\/cvault-8-ltr.jpg","datePublished":"2020-11-22T18:07:32+00:00","dateModified":"2024-04-27T14:12:46+00:00","description":"Der CVault-Vorratsbeh\u00e4lter ist alles, was Sie brauchen, um Ihre Knospen in perfektem Zustand zu halten, ohne an Geschmack, Geruch und Wirkung zu verlieren.","breadcrumb":{"@id":"https:\/\/www.dutchfem.com\/de\/kaufe\/cvault-xxxl-lagerbehalter-8-ltr-inkl-2-x-boveda-67gr\/#breadcrumb"},"inLanguage":"de","potentialAction":[{"@type":"ReadAction","target":["https:\/\/www.dutchfem.com\/de\/kaufe\/cvault-xxxl-lagerbehalter-8-ltr-inkl-2-x-boveda-67gr\/"]}]},{"@type":"ImageObject","inLanguage":"de","@id":"https:\/\/www.dutchfem.com\/de\/kaufe\/cvault-xxxl-lagerbehalter-8-ltr-inkl-2-x-boveda-67gr\/#primaryimage","url":"https:\/\/www.dutchfem.com\/wp-content\/uploads\/2020\/11\/cvault-8-ltr.jpg","contentUrl":"https:\/\/www.dutchfem.com\/wp-content\/uploads\/2020\/11\/cvault-8-ltr.jpg","width":450,"height":450},{"@type":"BreadcrumbList","@id":"https:\/\/www.dutchfem.com\/de\/kaufe\/cvault-xxxl-lagerbehalter-8-ltr-inkl-2-x-boveda-67gr\/#breadcrumb","itemListElement":[{"@type":"ListItem","position":1,"name":"Home","item":"https:\/\/www.dutchfem.com\/de\/"},{"@type":"ListItem","position":2,"name":"Shop","item":"https:\/\/www.dutchfem.com\/de\/shop\/"},{"@type":"ListItem","position":3,"name":"Cvault Storage Container 8 ltr incl. 2 x Boveda 67gr"}]},{"@type":"WebSite","@id":"https:\/\/www.dutchfem.com\/#website","url":"https:\/\/www.dutchfem.com\/","name":"Dutchfem","description":"Buy Feminized Cannabis Seeds - Autoflowering Seeds - Medical Marijuana Seeds &amp; CBD Oil online","publisher":{"@id":"https:\/\/www.dutchfem.com\/#organization"},"potentialAction":[{"@type":"SearchAction","target":{"@type":"EntryPoint","urlTemplate":"https:\/\/www.dutchfem.com\/?s={search_term_string}"},"query-input":{"@type":"PropertyValueSpecification","valueRequired":true,"valueName":"search_term_string"}}],"inLanguage":"de"},{"@type":"Organization","@id":"https:\/\/www.dutchfem.com\/#organization","name":"Dutchfem Cannabis Seeds","url":"https:\/\/www.dutchfem.com\/","logo":{"@type":"ImageObject","inLanguage":"de","@id":"https:\/\/www.dutchfem.com\/#\/schema\/logo\/image\/","url":"https:\/\/www.dutchfem.com\/wp-content\/uploads\/2017\/10\/logo_Dutchfem-web.png","contentUrl":"https:\/\/www.dutchfem.com\/wp-content\/uploads\/2017\/10\/logo_Dutchfem-web.png","width":825,"height":288,"caption":"Dutchfem Cannabis Seeds"},"image":{"@id":"https:\/\/www.dutchfem.com\/#\/schema\/logo\/image\/"},"sameAs":["https:\/\/www.facebook.com\/Dutchfem\/","https:\/\/x.com\/dutchfem","https:\/\/www.instagram.com\/dutchfemseeds\/","https:\/\/www.youtube.com\/@Dutchfem","https:\/\/nl.pinterest.com\/dutchfem\/","https:\/\/bsky.app\/profile\/dutchfem.bsky.social","https:\/\/www.threads.com\/@dutchfemseeds?igshid=NTc4MTIwNjQ2YQ","https:\/\/www.tumblr.com\/dutchfemseeds"]}]}},"_links":{"self":[{"href":"https:\/\/www.dutchfem.com\/de\/wp-json\/wp\/v2\/product\/9916","targetHints":{"allow":["GET"]}}],"collection":[{"href":"https:\/\/www.dutchfem.com\/de\/wp-json\/wp\/v2\/product"}],"about":[{"href":"https:\/\/www.dutchfem.com\/de\/wp-json\/wp\/v2\/types\/product"}],"replies":[{"embeddable":true,"href":"https:\/\/www.dutchfem.com\/de\/wp-json\/wp\/v2\/comments?post=9916"}],"wp:featuredmedia":[{"embeddable":true,"href":"https:\/\/www.dutchfem.com\/de\/wp-json\/wp\/v2\/media\/26457"}],"wp:attachment":[{"href":"https:\/\/www.dutchfem.com\/de\/wp-json\/wp\/v2\/media?parent=9916"}],"wp:term":[{"taxonomy":"product_brand","embeddable":true,"href":"https:\/\/www.dutchfem.com\/de\/wp-json\/wp\/v2\/product_brand?post=9916"},{"taxonomy":"product_cat","embeddable":true,"href":"https:\/\/www.dutchfem.com\/de\/wp-json\/wp\/v2\/product_cat?post=9916"},{"taxonomy":"product_tag","embeddable":true,"href":"https:\/\/www.dutchfem.com\/de\/wp-json\/wp\/v2\/product_tag?post=9916"}],"curies":[{"name":"wp","href":"https:\/\/api.w.org\/{rel}","templated":true}]}}