{"id":4954,"date":"2018-05-01T22:21:52","date_gmt":"2018-05-01T22:21:52","guid":{"rendered":"https:\/\/www.dutchfem.com\/?page_id=4954"},"modified":"2018-05-01T22:21:52","modified_gmt":"2018-05-01T22:21:52","slug":"politica-de-devolucion","status":"publish","type":"page","link":"https:\/\/www.dutchfem.com\/es\/politica-de-devolucion\/","title":{"rendered":"Politica de devoluci\u00f3n"},"content":{"rendered":"<h3 style=\"text-align: center;\">Politica de devoluci\u00f3n<\/h3>\n<p>1. El cliente puede rescindir la compra de un producto durante un per\u00edodo de m\u00e1x. 14 d\u00edas, sin dar explicaci\u00f3nones. El empresario puede pedir al cliente la raz\u00f3n de devoluci\u00f3n, pero usted no est\u00e1 obligado a decirlas.<br \/>\n2. El periodo de reflexi\u00f3n mencionado en el par\u00e1grafo 1 empieza el d\u00eda siguiente que el consumidor, o su tercero se\u00f1alado por el cliente, ha recibido el producto (esta tercera parte no puede ser el transportista), o:<br \/>\n3. Si el cliente orden\u00f3 varios productos al mismo tiempo: el d\u00eda que el consumidor, o su tercero ya mencionado, ha recibido el \u00faltimo producto. A menos que el consumidor sea informado antes del proceso de la compra, el empresario puede rechazar pedidos con varios productos.<br \/>\n4. Si la entrega del producto se compone de diferentes entregas o partes: el d\u00eda que el consumidor, o su tercero, recibe la \u00faltima entrega o la \u00faltima parte.<br \/>\n5. El contrato est\u00e1 en vigor para las entregas reguladas de productos durante un per\u00edodo espec\u00edfico: el d\u00eda que el consumidor, o su tercero, ha recibido el primer producto.<br \/>\n6. El paquete tiene que ser enviado sin estar abierto (embalaje intacto), si usted tiene que devolverlo. Todos los paquetes abiertos no ser\u00e1n considerados para la devoluci\u00f3n de los productos, de cualquier manera o forma.<\/p>\n","protected":false},"excerpt":{"rendered":"<p>Politica de devoluci\u00f3n 1. El cliente puede rescindir la compra de un producto durante un per\u00edodo de m\u00e1x. 14 d\u00edas, sin dar explicaci\u00f3nones. El empresario puede pedir al cliente la<\/p>\n","protected":false},"author":2,"featured_media":0,"parent":0,"menu_order":0,"comment_status":"closed","ping_status":"closed","template":"","meta":{"_exactmetrics_skip_tracking":false,"_exactmetrics_sitenote_active":false,"_exactmetrics_sitenote_note":"","_exactmetrics_sitenote_category":0,"footnotes":""},"class_list":["post-4954","page","type-page","status-publish","hentry"],"yoast_head":"<!-- This site is optimized with the Yoast SEO plugin v26.9 - https:\/\/yoast.com\/product\/yoast-seo-wordpress\/ -->\n<title>Politica de devoluci\u00f3n - Dutchfem<\/title>\n<meta name=\"robots\" content=\"index, follow, max-snippet:-1, max-image-preview:large, max-video-preview:-1\" \/>\n<link rel=\"canonical\" href=\"https:\/\/www.dutchfem.com\/es\/politica-de-devolucion\/\" \/>\n<meta property=\"og:locale\" content=\"es_ES\" \/>\n<meta property=\"og:type\" content=\"article\" \/>\n<meta property=\"og:title\" content=\"Politica de devoluci\u00f3n - Dutchfem\" \/>\n<meta property=\"og:description\" content=\"Politica de devoluci\u00f3n 1. El cliente puede rescindir la compra de un producto durante un per\u00edodo de m\u00e1x. 14 d\u00edas, sin dar explicaci\u00f3nones. El empresario puede pedir al cliente la\" \/>\n<meta property=\"og:url\" content=\"https:\/\/www.dutchfem.com\/es\/politica-de-devolucion\/\" \/>\n<meta property=\"og:site_name\" content=\"Dutchfem\" \/>\n<meta property=\"article:publisher\" content=\"https:\/\/www.facebook.com\/Dutchfem\/\" \/>\n<meta property=\"og:image\" content=\"https:\/\/www.dutchfem.com\/wp-content\/uploads\/2021\/03\/fb-front.jpg\" \/>\n\t<meta property=\"og:image:width\" content=\"1732\" \/>\n\t<meta property=\"og:image:height\" content=\"1732\" \/>\n\t<meta property=\"og:image:type\" content=\"image\/jpeg\" \/>\n<meta name=\"twitter:card\" content=\"summary_large_image\" \/>\n<meta name=\"twitter:site\" content=\"@dutchfem\" \/>\n<meta name=\"twitter:label1\" content=\"Tiempo de lectura\" \/>\n\t<meta name=\"twitter:data1\" content=\"1 minuto\" \/>\n<script type=\"application\/ld+json\" class=\"yoast-schema-graph\">{\"@context\":\"https:\/\/schema.org\",\"@graph\":[{\"@type\":\"WebPage\",\"@id\":\"https:\/\/www.dutchfem.com\/es\/politica-de-devolucion\/\",\"url\":\"https:\/\/www.dutchfem.com\/es\/politica-de-devolucion\/\",\"name\":\"Politica de devoluci\u00f3n - Dutchfem\",\"isPartOf\":{\"@id\":\"https:\/\/www.dutchfem.com\/#website\"},\"datePublished\":\"2018-05-01T22:21:52+00:00\",\"breadcrumb\":{\"@id\":\"https:\/\/www.dutchfem.com\/es\/politica-de-devolucion\/#breadcrumb\"},\"inLanguage\":\"es\",\"potentialAction\":[{\"@type\":\"ReadAction\",\"target\":[\"https:\/\/www.dutchfem.com\/es\/politica-de-devolucion\/\"]}]},{\"@type\":\"BreadcrumbList\",\"@id\":\"https:\/\/www.dutchfem.com\/es\/politica-de-devolucion\/#breadcrumb\",\"itemListElement\":[{\"@type\":\"ListItem\",\"position\":1,\"name\":\"Home\",\"item\":\"https:\/\/www.dutchfem.com\/es\/\"},{\"@type\":\"ListItem\",\"position\":2,\"name\":\"Politica de devoluci\u00f3n\"}]},{\"@type\":\"WebSite\",\"@id\":\"https:\/\/www.dutchfem.com\/#website\",\"url\":\"https:\/\/www.dutchfem.com\/\",\"name\":\"Dutchfem\",\"description\":\"Buy Feminized Cannabis Seeds - Autoflowering Seeds - Medical Marijuana Seeds &amp; CBD Oil online\",\"publisher\":{\"@id\":\"https:\/\/www.dutchfem.com\/#organization\"},\"potentialAction\":[{\"@type\":\"SearchAction\",\"target\":{\"@type\":\"EntryPoint\",\"urlTemplate\":\"https:\/\/www.dutchfem.com\/?s={search_term_string}\"},\"query-input\":{\"@type\":\"PropertyValueSpecification\",\"valueRequired\":true,\"valueName\":\"search_term_string\"}}],\"inLanguage\":\"es\"},{\"@type\":\"Organization\",\"@id\":\"https:\/\/www.dutchfem.com\/#organization\",\"name\":\"Dutchfem Cannabis Seeds\",\"url\":\"https:\/\/www.dutchfem.com\/\",\"logo\":{\"@type\":\"ImageObject\",\"inLanguage\":\"es\",\"@id\":\"https:\/\/www.dutchfem.com\/#\/schema\/logo\/image\/\",\"url\":\"https:\/\/www.dutchfem.com\/wp-content\/uploads\/2017\/10\/logo_Dutchfem-web.png\",\"contentUrl\":\"https:\/\/www.dutchfem.com\/wp-content\/uploads\/2017\/10\/logo_Dutchfem-web.png\",\"width\":825,\"height\":288,\"caption\":\"Dutchfem Cannabis Seeds\"},\"image\":{\"@id\":\"https:\/\/www.dutchfem.com\/#\/schema\/logo\/image\/\"},\"sameAs\":[\"https:\/\/www.facebook.com\/Dutchfem\/\",\"https:\/\/x.com\/dutchfem\",\"https:\/\/www.instagram.com\/dutchfemseeds\/\",\"https:\/\/www.youtube.com\/@Dutchfem\",\"https:\/\/nl.pinterest.com\/dutchfem\/\",\"https:\/\/bsky.app\/profile\/dutchfem.bsky.social\",\"https:\/\/www.threads.com\/@dutchfemseeds?igshid=NTc4MTIwNjQ2YQ\",\"https:\/\/www.tumblr.com\/dutchfemseeds\"]}]}<\/script>\n<!-- \/ Yoast SEO plugin. -->","yoast_head_json":{"title":"Politica de devoluci\u00f3n - Dutchfem","robots":{"index":"index","follow":"follow","max-snippet":"max-snippet:-1","max-image-preview":"max-image-preview:large","max-video-preview":"max-video-preview:-1"},"canonical":"https:\/\/www.dutchfem.com\/es\/politica-de-devolucion\/","og_locale":"es_ES","og_type":"article","og_title":"Politica de devoluci\u00f3n - Dutchfem","og_description":"Politica de devoluci\u00f3n 1. El cliente puede rescindir la compra de un producto durante un per\u00edodo de m\u00e1x. 14 d\u00edas, sin dar explicaci\u00f3nones. El empresario puede pedir al cliente la","og_url":"https:\/\/www.dutchfem.com\/es\/politica-de-devolucion\/","og_site_name":"Dutchfem","article_publisher":"https:\/\/www.facebook.com\/Dutchfem\/","og_image":[{"width":1732,"height":1732,"url":"https:\/\/www.dutchfem.com\/wp-content\/uploads\/2021\/03\/fb-front.jpg","type":"image\/jpeg"}],"twitter_card":"summary_large_image","twitter_site":"@dutchfem","twitter_misc":{"Tiempo de lectura":"1 minuto"},"schema":{"@context":"https:\/\/schema.org","@graph":[{"@type":"WebPage","@id":"https:\/\/www.dutchfem.com\/es\/politica-de-devolucion\/","url":"https:\/\/www.dutchfem.com\/es\/politica-de-devolucion\/","name":"Politica de devoluci\u00f3n - Dutchfem","isPartOf":{"@id":"https:\/\/www.dutchfem.com\/#website"},"datePublished":"2018-05-01T22:21:52+00:00","breadcrumb":{"@id":"https:\/\/www.dutchfem.com\/es\/politica-de-devolucion\/#breadcrumb"},"inLanguage":"es","potentialAction":[{"@type":"ReadAction","target":["https:\/\/www.dutchfem.com\/es\/politica-de-devolucion\/"]}]},{"@type":"BreadcrumbList","@id":"https:\/\/www.dutchfem.com\/es\/politica-de-devolucion\/#breadcrumb","itemListElement":[{"@type":"ListItem","position":1,"name":"Home","item":"https:\/\/www.dutchfem.com\/es\/"},{"@type":"ListItem","position":2,"name":"Politica de devoluci\u00f3n"}]},{"@type":"WebSite","@id":"https:\/\/www.dutchfem.com\/#website","url":"https:\/\/www.dutchfem.com\/","name":"Dutchfem","description":"Buy Feminized Cannabis Seeds - Autoflowering Seeds - Medical Marijuana Seeds &amp; CBD Oil online","publisher":{"@id":"https:\/\/www.dutchfem.com\/#organization"},"potentialAction":[{"@type":"SearchAction","target":{"@type":"EntryPoint","urlTemplate":"https:\/\/www.dutchfem.com\/?s={search_term_string}"},"query-input":{"@type":"PropertyValueSpecification","valueRequired":true,"valueName":"search_term_string"}}],"inLanguage":"es"},{"@type":"Organization","@id":"https:\/\/www.dutchfem.com\/#organization","name":"Dutchfem Cannabis Seeds","url":"https:\/\/www.dutchfem.com\/","logo":{"@type":"ImageObject","inLanguage":"es","@id":"https:\/\/www.dutchfem.com\/#\/schema\/logo\/image\/","url":"https:\/\/www.dutchfem.com\/wp-content\/uploads\/2017\/10\/logo_Dutchfem-web.png","contentUrl":"https:\/\/www.dutchfem.com\/wp-content\/uploads\/2017\/10\/logo_Dutchfem-web.png","width":825,"height":288,"caption":"Dutchfem Cannabis Seeds"},"image":{"@id":"https:\/\/www.dutchfem.com\/#\/schema\/logo\/image\/"},"sameAs":["https:\/\/www.facebook.com\/Dutchfem\/","https:\/\/x.com\/dutchfem","https:\/\/www.instagram.com\/dutchfemseeds\/","https:\/\/www.youtube.com\/@Dutchfem","https:\/\/nl.pinterest.com\/dutchfem\/","https:\/\/bsky.app\/profile\/dutchfem.bsky.social","https:\/\/www.threads.com\/@dutchfemseeds?igshid=NTc4MTIwNjQ2YQ","https:\/\/www.tumblr.com\/dutchfemseeds"]}]}},"_links":{"self":[{"href":"https:\/\/www.dutchfem.com\/es\/wp-json\/wp\/v2\/pages\/4954","targetHints":{"allow":["GET"]}}],"collection":[{"href":"https:\/\/www.dutchfem.com\/es\/wp-json\/wp\/v2\/pages"}],"about":[{"href":"https:\/\/www.dutchfem.com\/es\/wp-json\/wp\/v2\/types\/page"}],"author":[{"embeddable":true,"href":"https:\/\/www.dutchfem.com\/es\/wp-json\/wp\/v2\/users\/2"}],"replies":[{"embeddable":true,"href":"https:\/\/www.dutchfem.com\/es\/wp-json\/wp\/v2\/comments?post=4954"}],"version-history":[{"count":0,"href":"https:\/\/www.dutchfem.com\/es\/wp-json\/wp\/v2\/pages\/4954\/revisions"}],"wp:attachment":[{"href":"https:\/\/www.dutchfem.com\/es\/wp-json\/wp\/v2\/media?parent=4954"}],"curies":[{"name":"wp","href":"https:\/\/api.w.org\/{rel}","templated":true}]}}