{"id":5529,"date":"2018-05-11T18:52:01","date_gmt":"2018-05-11T18:52:01","guid":{"rendered":"https:\/\/www.dutchfem.com\/?page_id=5529"},"modified":"2024-12-02T10:40:55","modified_gmt":"2024-12-02T09:40:55","slug":"opciones-de-pago","status":"publish","type":"page","link":"https:\/\/www.dutchfem.com\/es\/opciones-de-pago\/","title":{"rendered":"Opciones de pago"},"content":{"rendered":"<div class=\"wpb-content-wrapper\"><p>[vc_row][vc_column][vc_column_text css=\u00bb\u00bb]<\/p>\n<h3 style=\"text-align: center;\">Opciones de pago<\/h3>\n<p style=\"text-align: center;\">Para comodidad de nuestros clientes, en Dutchfem ofrecemos varias opciones de pago que te permiten pagar tu pedido de forma segura, f\u00e1cil y r\u00e1pida. Elige la opci\u00f3n de pago que prefieras. Nunca ha sido tan f\u00e1cil pedir semillas de cannabis online.<\/p>\n<p>[\/vc_column_text][dfd_spacer screen_wide_spacer_size=\u00bb25&#8243; screen_normal_resolution=\u00bb1024&#8243; screen_tablet_resolution=\u00bb800&#8243; screen_mobile_resolution=\u00bb480&#8243;][\/vc_column][\/vc_row][vc_row][vc_column][dfd_info_box title=\u00bbTarjetas de cr\u00e9dito y d\u00e9bito\u00bb subtitle=\u00bbLa opci\u00f3n de pago m\u00e1s r\u00e1pida es a trav\u00e9s de esta opci\u00f3n de tarjeta de cr\u00e9dito\/d\u00e9bito.\u00bb main_content=\u00bbAceptamos (casi) todas las tarjetas de cr\u00e9dito y d\u00e9bito para el pago directo de su pedido. Si paga con esta opci\u00f3n, su pedido pasa inmediatamente a tramitaci\u00f3n y se enviar\u00e1 el mismo d\u00eda.\u00bb ic_dfd_icons=\u00bbdfd-socicon-euro-currency-symbol\u00bb main_style=\u00bbstyle-1&#8243; main_layout=\u00bblayout-2&#8243; undefined=\u00bb\u00bb title_font_options=\u00bbtag:div\u00bb subtitle_font_options=\u00bbtag:div|font_size:13|color:%238e8e8e\u00bb icon_color=\u00bb#f39200&#8243;][dfd_spacer screen_wide_spacer_size=\u00bb25&#8243; screen_normal_resolution=\u00bb1024&#8243; screen_tablet_resolution=\u00bb800&#8243; screen_mobile_resolution=\u00bb480&#8243;][dfd_info_box title=\u00bbPague por transferencia bancaria.\u00bb subtitle=\u00bbEs muy f\u00e1cil comprar nuestras semillas de cannabis haciendo una transferencia bancaria directa a nuestra cuenta bancaria.\u00bb main_content=\u00bbSi elige esta opci\u00f3n, recibir\u00e1 inmediatamente un correo electr\u00f3nico con nuestros datos bancarios que necesitar\u00e1 para realizar la transferencia. Puede realizar una transferencia directa por Internet desde la aplicaci\u00f3n de pago de su propia cuenta bancaria, o enviar una transferencia de dinero a trav\u00e9s de WesternUnion, WISE, REVOLUT etc etc. Una vez ingresado el importe en nuestra cuenta, recibir\u00e1 un correo electr\u00f3nico de confirmaci\u00f3n y su pedido ser\u00e1 tramitado y enviado.\u00bb ic_dfd_icons=\u00bbdfd-socicon-mastercard\u00bb main_style=\u00bbstyle-1&#8243; main_layout=\u00bblayout-2&#8243; undefined=\u00bb\u00bb title_font_options=\u00bbtag:div\u00bb icon_color=\u00bb#f39200&#8243; subtitle_font_options=\u00bbtag:div|font_size:13|color:%238e8e8e\u00bb][dfd_spacer screen_wide_spacer_size=\u00bb25&#8243; screen_normal_resolution=\u00bb1024&#8243; screen_tablet_resolution=\u00bb800&#8243; screen_mobile_resolution=\u00bb480&#8243;][dfd_info_box title=\u00bbEnlace de solicitud de pago\u00bb subtitle=\u00bbEnlace de solicitud de pago que se puede abonar de muchas formas.\u00bb main_content=\u00bbSi elige esta opci\u00f3n de pago, le enviaremos un enlace de solicitud de pago que se puede abonar mediante IDEAL, tarjeta de cr\u00e9dito\/d\u00e9bito, varias tarjetas PIN y Apple\/Google Pay.\u00bb ic_dfd_icons=\u00bbdfd-socicon-credit-card\u00bb main_style=\u00bbstyle-1&#8243; main_layout=\u00bblayout-2&#8243; undefined=\u00bb\u00bb title_font_options=\u00bbtag:div\u00bb subtitle_font_options=\u00bbtag:div|font_size:13|color:%238e8e8e\u00bb icon_color=\u00bb#f39200&#8243;][dfd_spacer screen_wide_spacer_size=\u00bb25&#8243; screen_normal_resolution=\u00bb1024&#8243; screen_tablet_resolution=\u00bb800&#8243; screen_mobile_resolution=\u00bb480&#8243;][dfd_info_box title=\u00bbOpci\u00f3n Google Pay\u00bb subtitle=\u00bbGoogle Pay es una forma de pago r\u00e1pida, f\u00e1cil y segura.\u00bb main_content=\u00bbEsta opci\u00f3n de pago le permite pagar de forma segura, f\u00e1cil y r\u00e1pida a trav\u00e9s de Google Pay con su tel\u00e9fono android para una r\u00e1pida tramitaci\u00f3n y env\u00edo de su pedido.\u00bb ic_dfd_icons=\u00bbdfd-socicon-open-laptop-computer\u00bb main_style=\u00bbstyle-1&#8243; main_layout=\u00bblayout-2&#8243; undefined=\u00bb\u00bb title_font_options=\u00bbtag:div\u00bb icon_color=\u00bb#f39200&#8243; subtitle_font_options=\u00bbtag:div|font_size:13|color:%238e8e8e\u00bb][dfd_spacer screen_wide_spacer_size=\u00bb25&#8243; screen_normal_resolution=\u00bb1024&#8243; screen_tablet_resolution=\u00bb800&#8243; screen_mobile_resolution=\u00bb480&#8243;][dfd_info_box title=\u00bbOpci\u00f3n Apple Pay\u00bb subtitle=\u00bbApple Pay es una forma de pago r\u00e1pida, f\u00e1cil y segura.\u00bb main_content=\u00bbEsta opci\u00f3n de pago le permite pagar de forma segura, f\u00e1cil y r\u00e1pida a trav\u00e9s de Apple Pay con su Apple Iphone para una r\u00e1pida tramitaci\u00f3n y env\u00edo de su pedido.\u00bb ic_dfd_icons=\u00bbdfd-socicon-open-laptop-computer\u00bb main_style=\u00bbstyle-1&#8243; main_layout=\u00bblayout-2&#8243; undefined=\u00bb\u00bb title_font_options=\u00bbtag:div\u00bb icon_color=\u00bb#f39200&#8243; subtitle_font_options=\u00bbtag:div|font_size:13|color:%238e8e8e\u00bb][dfd_spacer screen_wide_spacer_size=\u00bb25&#8243; screen_normal_resolution=\u00bb1024&#8243; screen_tablet_resolution=\u00bb800&#8243; screen_mobile_resolution=\u00bb480&#8243;][dfd_info_box title=\u00bbOpci\u00f3n de pago en criptodivisas\u00bb subtitle=\u00bbAceptamos Bitcoin, Ethereum, Dogecoin y XRP.\u00bb main_content=\u00bbEsta opci\u00f3n de pago le permite pagar con criptodivisas de forma segura, discreta, f\u00e1cil y r\u00e1pida. Elija BTC, ETH, DOGE o XRP y haga clic en abrir mi cartera. Con 1 clic, pagar\u00e1 su pedido y \u00e9ste ser\u00e1 procesado y enviado inmediatamente.\u00bb ic_dfd_icons=\u00bbdfd-socicon-open-laptop-computer\u00bb main_style=\u00bbstyle-1&#8243; main_layout=\u00bblayout-2&#8243; undefined=\u00bb\u00bb title_font_options=\u00bbtag:div\u00bb icon_color=\u00bb#f39200&#8243; tutorials=\u00bb\u00bb subtitle_font_options=\u00bbtag:div|font_size:13|color:%238e8e8e\u00bb][dfd_spacer screen_wide_spacer_size=\u00bb25&#8243; screen_normal_resolution=\u00bb1024&#8243; screen_tablet_resolution=\u00bb800&#8243; screen_mobile_resolution=\u00bb480&#8243;][\/vc_column][\/vc_row][vc_row][vc_column][vc_column_text css=\u00bb\u00bb]\u00bfEcha en falta su opci\u00f3n de pago favorita, como PayPal? Entonces solicite por correo electr\u00f3nico o a trav\u00e9s de nuestro chat en vivo los detalles que necesita para realizar su pago con esta opci\u00f3n.Viva donde viva y sean cuales sean las semillas de cannabis que le interesan, nuestros diversos m\u00e9todos de pago le garantizan que podr\u00e1 realizar un pedido y pagar de forma segura y sencilla sin ninguna preocupaci\u00f3n. Si tiene alguna pregunta sobre nuestras opciones de pago, no dude en ponerse en contacto con nuestro equipo de atenci\u00f3n al cliente por correo electr\u00f3nico o a trav\u00e9s del chat en directo.[\/vc_column_text][\/vc_column][\/vc_row]<\/p>\n<\/div>","protected":false},"excerpt":{"rendered":"<p>[vc_row][vc_column][vc_column_text css=\u00bb\u00bb] Opciones de pago Para comodidad de nuestros clientes, en Dutchfem ofrecemos varias opciones de pago que te permiten pagar tu pedido de forma segura, f\u00e1cil y r\u00e1pida. Elige<\/p>\n","protected":false},"author":2,"featured_media":0,"parent":0,"menu_order":0,"comment_status":"closed","ping_status":"closed","template":"","meta":{"_exactmetrics_skip_tracking":false,"_exactmetrics_sitenote_active":false,"_exactmetrics_sitenote_note":"","_exactmetrics_sitenote_category":0,"footnotes":""},"class_list":["post-5529","page","type-page","status-publish","hentry"],"yoast_head":"<!-- This site is optimized with the Yoast SEO plugin v26.9 - https:\/\/yoast.com\/product\/yoast-seo-wordpress\/ -->\n<title>Opciones de pago - Dutchfem<\/title>\n<meta name=\"robots\" content=\"index, follow, max-snippet:-1, max-image-preview:large, max-video-preview:-1\" \/>\n<link rel=\"canonical\" href=\"https:\/\/www.dutchfem.com\/es\/opciones-de-pago\/\" \/>\n<meta property=\"og:locale\" content=\"es_ES\" \/>\n<meta property=\"og:type\" content=\"article\" \/>\n<meta property=\"og:title\" content=\"Opciones de pago - Dutchfem\" \/>\n<meta property=\"og:description\" content=\"[vc_row][vc_column][vc_column_text css=\u00bb\u00bb] Opciones de pago Para comodidad de nuestros clientes, en Dutchfem ofrecemos varias opciones de pago que te permiten pagar tu pedido de forma segura, f\u00e1cil y r\u00e1pida. Elige\" \/>\n<meta property=\"og:url\" content=\"https:\/\/www.dutchfem.com\/es\/opciones-de-pago\/\" \/>\n<meta property=\"og:site_name\" content=\"Dutchfem\" \/>\n<meta property=\"article:publisher\" content=\"https:\/\/www.facebook.com\/Dutchfem\/\" \/>\n<meta property=\"article:modified_time\" content=\"2024-12-02T09:40:55+00:00\" \/>\n<meta property=\"og:image\" content=\"https:\/\/www.dutchfem.com\/wp-content\/uploads\/2021\/03\/fb-front.jpg\" \/>\n\t<meta property=\"og:image:width\" content=\"1732\" \/>\n\t<meta property=\"og:image:height\" content=\"1732\" \/>\n\t<meta property=\"og:image:type\" content=\"image\/jpeg\" \/>\n<meta name=\"twitter:card\" content=\"summary_large_image\" \/>\n<meta name=\"twitter:site\" content=\"@dutchfem\" \/>\n<meta name=\"twitter:label1\" content=\"Tiempo de lectura\" \/>\n\t<meta name=\"twitter:data1\" content=\"5 minutos\" \/>\n<script type=\"application\/ld+json\" class=\"yoast-schema-graph\">{\"@context\":\"https:\/\/schema.org\",\"@graph\":[{\"@type\":\"WebPage\",\"@id\":\"https:\/\/www.dutchfem.com\/es\/opciones-de-pago\/\",\"url\":\"https:\/\/www.dutchfem.com\/es\/opciones-de-pago\/\",\"name\":\"Opciones de pago - Dutchfem\",\"isPartOf\":{\"@id\":\"https:\/\/www.dutchfem.com\/#website\"},\"datePublished\":\"2018-05-11T18:52:01+00:00\",\"dateModified\":\"2024-12-02T09:40:55+00:00\",\"breadcrumb\":{\"@id\":\"https:\/\/www.dutchfem.com\/es\/opciones-de-pago\/#breadcrumb\"},\"inLanguage\":\"es\",\"potentialAction\":[{\"@type\":\"ReadAction\",\"target\":[\"https:\/\/www.dutchfem.com\/es\/opciones-de-pago\/\"]}]},{\"@type\":\"BreadcrumbList\",\"@id\":\"https:\/\/www.dutchfem.com\/es\/opciones-de-pago\/#breadcrumb\",\"itemListElement\":[{\"@type\":\"ListItem\",\"position\":1,\"name\":\"Home\",\"item\":\"https:\/\/www.dutchfem.com\/es\/\"},{\"@type\":\"ListItem\",\"position\":2,\"name\":\"Opciones de pago\"}]},{\"@type\":\"WebSite\",\"@id\":\"https:\/\/www.dutchfem.com\/#website\",\"url\":\"https:\/\/www.dutchfem.com\/\",\"name\":\"Dutchfem\",\"description\":\"Buy Feminized Cannabis Seeds - Autoflowering Seeds - Medical Marijuana Seeds &amp; CBD Oil online\",\"publisher\":{\"@id\":\"https:\/\/www.dutchfem.com\/#organization\"},\"potentialAction\":[{\"@type\":\"SearchAction\",\"target\":{\"@type\":\"EntryPoint\",\"urlTemplate\":\"https:\/\/www.dutchfem.com\/?s={search_term_string}\"},\"query-input\":{\"@type\":\"PropertyValueSpecification\",\"valueRequired\":true,\"valueName\":\"search_term_string\"}}],\"inLanguage\":\"es\"},{\"@type\":\"Organization\",\"@id\":\"https:\/\/www.dutchfem.com\/#organization\",\"name\":\"Dutchfem Cannabis Seeds\",\"url\":\"https:\/\/www.dutchfem.com\/\",\"logo\":{\"@type\":\"ImageObject\",\"inLanguage\":\"es\",\"@id\":\"https:\/\/www.dutchfem.com\/#\/schema\/logo\/image\/\",\"url\":\"https:\/\/www.dutchfem.com\/wp-content\/uploads\/2017\/10\/logo_Dutchfem-web.png\",\"contentUrl\":\"https:\/\/www.dutchfem.com\/wp-content\/uploads\/2017\/10\/logo_Dutchfem-web.png\",\"width\":825,\"height\":288,\"caption\":\"Dutchfem Cannabis Seeds\"},\"image\":{\"@id\":\"https:\/\/www.dutchfem.com\/#\/schema\/logo\/image\/\"},\"sameAs\":[\"https:\/\/www.facebook.com\/Dutchfem\/\",\"https:\/\/x.com\/dutchfem\",\"https:\/\/www.instagram.com\/dutchfemseeds\/\",\"https:\/\/www.youtube.com\/@Dutchfem\",\"https:\/\/nl.pinterest.com\/dutchfem\/\",\"https:\/\/bsky.app\/profile\/dutchfem.bsky.social\",\"https:\/\/www.threads.com\/@dutchfemseeds?igshid=NTc4MTIwNjQ2YQ\",\"https:\/\/www.tumblr.com\/dutchfemseeds\"]}]}<\/script>\n<!-- \/ Yoast SEO plugin. -->","yoast_head_json":{"title":"Opciones de pago - Dutchfem","robots":{"index":"index","follow":"follow","max-snippet":"max-snippet:-1","max-image-preview":"max-image-preview:large","max-video-preview":"max-video-preview:-1"},"canonical":"https:\/\/www.dutchfem.com\/es\/opciones-de-pago\/","og_locale":"es_ES","og_type":"article","og_title":"Opciones de pago - Dutchfem","og_description":"[vc_row][vc_column][vc_column_text css=\u00bb\u00bb] Opciones de pago Para comodidad de nuestros clientes, en Dutchfem ofrecemos varias opciones de pago que te permiten pagar tu pedido de forma segura, f\u00e1cil y r\u00e1pida. Elige","og_url":"https:\/\/www.dutchfem.com\/es\/opciones-de-pago\/","og_site_name":"Dutchfem","article_publisher":"https:\/\/www.facebook.com\/Dutchfem\/","article_modified_time":"2024-12-02T09:40:55+00:00","og_image":[{"width":1732,"height":1732,"url":"https:\/\/www.dutchfem.com\/wp-content\/uploads\/2021\/03\/fb-front.jpg","type":"image\/jpeg"}],"twitter_card":"summary_large_image","twitter_site":"@dutchfem","twitter_misc":{"Tiempo de lectura":"5 minutos"},"schema":{"@context":"https:\/\/schema.org","@graph":[{"@type":"WebPage","@id":"https:\/\/www.dutchfem.com\/es\/opciones-de-pago\/","url":"https:\/\/www.dutchfem.com\/es\/opciones-de-pago\/","name":"Opciones de pago - Dutchfem","isPartOf":{"@id":"https:\/\/www.dutchfem.com\/#website"},"datePublished":"2018-05-11T18:52:01+00:00","dateModified":"2024-12-02T09:40:55+00:00","breadcrumb":{"@id":"https:\/\/www.dutchfem.com\/es\/opciones-de-pago\/#breadcrumb"},"inLanguage":"es","potentialAction":[{"@type":"ReadAction","target":["https:\/\/www.dutchfem.com\/es\/opciones-de-pago\/"]}]},{"@type":"BreadcrumbList","@id":"https:\/\/www.dutchfem.com\/es\/opciones-de-pago\/#breadcrumb","itemListElement":[{"@type":"ListItem","position":1,"name":"Home","item":"https:\/\/www.dutchfem.com\/es\/"},{"@type":"ListItem","position":2,"name":"Opciones de pago"}]},{"@type":"WebSite","@id":"https:\/\/www.dutchfem.com\/#website","url":"https:\/\/www.dutchfem.com\/","name":"Dutchfem","description":"Buy Feminized Cannabis Seeds - Autoflowering Seeds - Medical Marijuana Seeds &amp; CBD Oil online","publisher":{"@id":"https:\/\/www.dutchfem.com\/#organization"},"potentialAction":[{"@type":"SearchAction","target":{"@type":"EntryPoint","urlTemplate":"https:\/\/www.dutchfem.com\/?s={search_term_string}"},"query-input":{"@type":"PropertyValueSpecification","valueRequired":true,"valueName":"search_term_string"}}],"inLanguage":"es"},{"@type":"Organization","@id":"https:\/\/www.dutchfem.com\/#organization","name":"Dutchfem Cannabis Seeds","url":"https:\/\/www.dutchfem.com\/","logo":{"@type":"ImageObject","inLanguage":"es","@id":"https:\/\/www.dutchfem.com\/#\/schema\/logo\/image\/","url":"https:\/\/www.dutchfem.com\/wp-content\/uploads\/2017\/10\/logo_Dutchfem-web.png","contentUrl":"https:\/\/www.dutchfem.com\/wp-content\/uploads\/2017\/10\/logo_Dutchfem-web.png","width":825,"height":288,"caption":"Dutchfem Cannabis Seeds"},"image":{"@id":"https:\/\/www.dutchfem.com\/#\/schema\/logo\/image\/"},"sameAs":["https:\/\/www.facebook.com\/Dutchfem\/","https:\/\/x.com\/dutchfem","https:\/\/www.instagram.com\/dutchfemseeds\/","https:\/\/www.youtube.com\/@Dutchfem","https:\/\/nl.pinterest.com\/dutchfem\/","https:\/\/bsky.app\/profile\/dutchfem.bsky.social","https:\/\/www.threads.com\/@dutchfemseeds?igshid=NTc4MTIwNjQ2YQ","https:\/\/www.tumblr.com\/dutchfemseeds"]}]}},"_links":{"self":[{"href":"https:\/\/www.dutchfem.com\/es\/wp-json\/wp\/v2\/pages\/5529","targetHints":{"allow":["GET"]}}],"collection":[{"href":"https:\/\/www.dutchfem.com\/es\/wp-json\/wp\/v2\/pages"}],"about":[{"href":"https:\/\/www.dutchfem.com\/es\/wp-json\/wp\/v2\/types\/page"}],"author":[{"embeddable":true,"href":"https:\/\/www.dutchfem.com\/es\/wp-json\/wp\/v2\/users\/2"}],"replies":[{"embeddable":true,"href":"https:\/\/www.dutchfem.com\/es\/wp-json\/wp\/v2\/comments?post=5529"}],"version-history":[{"count":0,"href":"https:\/\/www.dutchfem.com\/es\/wp-json\/wp\/v2\/pages\/5529\/revisions"}],"wp:attachment":[{"href":"https:\/\/www.dutchfem.com\/es\/wp-json\/wp\/v2\/media?parent=5529"}],"curies":[{"name":"wp","href":"https:\/\/api.w.org\/{rel}","templated":true}]}}