{"id":5716,"date":"2018-05-17T16:54:41","date_gmt":"2018-05-17T16:54:41","guid":{"rendered":"https:\/\/www.dutchfem.com\/?page_id=5716"},"modified":"2024-07-22T14:49:04","modified_gmt":"2024-07-22T13:49:04","slug":"envios-y-entrega","status":"publish","type":"page","link":"https:\/\/www.dutchfem.com\/es\/envios-y-entrega\/","title":{"rendered":"Env\u00edos Y Entrega"},"content":{"rendered":"<div class=\"wpb-content-wrapper\"><p>[vc_row][vc_column][vc_column_text css=\u00bb\u00bb]<\/p>\n<h3 style=\"text-align: center;\">Env\u00edo y Entrega<\/h3>\n<p style=\"text-align: center;\">Todos los pedidos realizados en Dutchfem.com ser\u00e1n entregados por DPD, PostNL o UPS. Si el pedido se realiza antes de las 16:00 horas, se enviar\u00e1 el mismo d\u00eda. No es posible realizar env\u00edos a apartados de correos. Los paquetes s\u00f3lo se pueden entregar en domicilios particulares. Todos los paquetes se env\u00edan en buzones planos y se entregan en su buz\u00f3n sin que tenga que quedarse en casa para recibirlo. S\u00f3lo los paquetes m\u00e1s grandes requieren que usted mismo se encargue de la entrega. Si no est\u00e1 en casa en el momento de la entrega, encontrar\u00e1 una nota en su buz\u00f3n con una notificaci\u00f3n de cu\u00e1ndo y d\u00f3nde recogerlo. Puede hacerlo en la oficina de correos m\u00e1s cercana o en un lugar de recogida especial. En algunos casos intentar\u00e1n entregarlo al d\u00eda siguiente antes de que pueda recogerlo. Todos los pedidos se env\u00edan (siempre que es posible) con la opci\u00f3n de seguimiento y localizaci\u00f3n para que puedas seguirlos. El pedido y env\u00edo de semillas de cannabis es bajo su propio riesgo y no seremos responsables de cualquier da\u00f1o, p\u00e9rdida o robo de su paquete.<\/p>\n<h3 style=\"text-align: center;\">Opciones de env\u00edo<\/h3>\n<p>[\/vc_column_text][\/vc_column][\/vc_row][vc_row][vc_column width=\u00bb1\/2&#8243;][dfd_single_image image=\u00bb4853&#8243;][dfd_spacer screen_wide_spacer_size=\u00bb20&#8243; screen_normal_resolution=\u00bb1024&#8243; screen_tablet_resolution=\u00bb800&#8243; screen_mobile_resolution=\u00bb480&#8243;][vc_column_text]<\/p>\n<p style=\"text-align: center;\"><strong>POSTNL Standard shipping<\/strong><\/p>\n<p>[\/vc_column_text][dfd_icon_list icon_align=\u00bbicon-center\u00bb list_fields=\u00bb%5B%7B%22icon_type%22%3A%22selector%22%2C%22select_icon%22%3A%22dfd_icons%22%2C%22ic_dfd_icons%22%3A%22dfd-socicon-icon-checkmark%22%2C%22text_content%22%3A%22Discrete%20Shipping%20%22%7D%5D\u00bb main_style=\u00bbstyle-1&#8243; font_options=\u00bbtag:div\u00bb icon_color=\u00bb#81d742&#8243;][dfd_icon_list icon_align=\u00bbicon-center\u00bb list_fields=\u00bb%5B%7B%22icon_type%22%3A%22selector%22%2C%22select_icon%22%3A%22dfd_icons%22%2C%22ic_dfd_icons%22%3A%22dfd-socicon-cross-24%22%2C%22text_content%22%3A%22Tracking%20Code%20Available%22%7D%2C%7B%22icon_type%22%3A%22selector%22%2C%22select_icon%22%3A%22dfd_icons%22%2C%22ic_dfd_icons%22%3A%22dfd-socicon-cross-24%22%2C%22text_content%22%3A%22Insured%20Parcel%22%7D%5D\u00bb main_style=\u00bbstyle-1&#8243; font_options=\u00bbtag:div\u00bb icon_color=\u00bb#dd3333&#8243;][\/vc_column][vc_column width=\u00bb1\/2&#8243;][dfd_single_image image=\u00bb11880&#8243;][dfd_spacer screen_wide_spacer_size=\u00bb20&#8243; screen_normal_resolution=\u00bb1024&#8243; screen_tablet_resolution=\u00bb800&#8243; screen_mobile_resolution=\u00bb480&#8243;][vc_column_text]<\/p>\n<p style=\"text-align: center;\"><strong>DPD Track&amp;Trace shipping<\/strong><\/p>\n<p>[\/vc_column_text][dfd_icon_list icon_align=\u00bbicon-center\u00bb list_fields=\u00bb%5B%7B%22icon_type%22%3A%22selector%22%2C%22select_icon%22%3A%22dfd_icons%22%2C%22ic_dfd_icons%22%3A%22dfd-socicon-icon-checkmark%22%2C%22text_content%22%3A%22Discrete%20Shipping%20%22%7D%2C%7B%22icon_type%22%3A%22selector%22%2C%22select_icon%22%3A%22dfd_icons%22%2C%22ic_dfd_icons%22%3A%22dfd-socicon-icon-checkmark%22%2C%22text_content%22%3A%22Tracking%20Code%20Available%22%7D%2C%7B%22icon_type%22%3A%22selector%22%2C%22select_icon%22%3A%22dfd_icons%22%2C%22ic_dfd_icons%22%3A%22dfd-socicon-icon-checkmark%22%2C%22text_content%22%3A%22Insured%20Parcel%22%7D%5D\u00bb main_style=\u00bbstyle-1&#8243; font_options=\u00bbtag:div\u00bb icon_color=\u00bb#78d635&#8243;][\/vc_column][\/vc_row][vc_row][vc_column][vc_column_text]<\/p>\n<h3 style=\"text-align: center;\">Delivery Time &amp; Cost<\/h3>\n<p>&nbsp;<\/p>\n<table style=\"height: 543px;\" width=\"1124\">\n<tbody>\n<tr>\n<td style=\"width: 20%;\"><strong>Country<\/strong><\/td>\n<td style=\"width: 20%;\"><strong>Average delivery time<\/strong><\/td>\n<td style=\"width: 30%; padding-left: 40px;\"><strong>POSTNL Standard Shipping<\/strong><\/td>\n<td style=\"width: 30%; padding-left: 40px;\"><strong>DPD Track &amp; Trace shipping<\/strong><\/td>\n<td style=\"width: 30%; text-align: center;\"><strong>UPS EXPRESS<\/strong><\/td>\n<\/tr>\n<tr>\n<td>Netherlands<\/td>\n<td>1\u00a0Business\u00a0day<\/td>\n<td style=\"text-align: center;\">Not Available<\/td>\n<td style=\"text-align: center;\">\u20ac3.85 <span style=\"color: #008000;\"><strong>*<\/strong><\/span><\/td>\n<td style=\"text-align: center;\">\u20ac29.95<\/td>\n<\/tr>\n<tr>\n<td>France<\/td>\n<td>3-5\u00a0Business\u00a0days<\/td>\n<td style=\"text-align: center;\">Not Available<\/td>\n<td style=\"text-align: center;\">\u20ac4.95 <span style=\"color: #008000;\"><strong>*<\/strong><\/span><\/td>\n<td style=\"text-align: center;\">\u20ac29.95<\/td>\n<\/tr>\n<tr>\n<td>Spain<\/td>\n<td>3-5\u00a0Business\u00a0days<\/td>\n<td style=\"text-align: center;\">Not Available<\/td>\n<td style=\"text-align: center;\">\u20ac9.95 <span style=\"color: #008000;\"><strong>*<\/strong><\/span><\/td>\n<td style=\"text-align: center;\">\u20ac29.95<\/td>\n<\/tr>\n<tr>\n<td>United Kingdom<\/td>\n<td>2-3 Business\u00a0days<\/td>\n<td style=\"text-align: center;\">\u20ac6.00 <span style=\"color: #008000;\"><strong>*<\/strong><\/span><\/td>\n<td style=\"text-align: center;\">\u20ac9.95 <span style=\"color: #008000;\"><strong>*<\/strong><\/span><\/td>\n<td style=\"text-align: center;\">\u20ac29.95<\/td>\n<\/tr>\n<tr>\n<td>Germany<\/td>\n<td>1-2 Business\u00a0days<\/td>\n<td style=\"text-align: center;\">Not Available<\/td>\n<td style=\"text-align: center;\">\u20ac4.95 <span style=\"color: #008000;\"><strong>*<\/strong><\/span><\/td>\n<td style=\"text-align: center;\">\u20ac29.95<\/td>\n<\/tr>\n<tr>\n<td>Belgium<\/td>\n<td>1-2 Business\u00a0days<\/td>\n<td style=\"text-align: center;\">Not Available<\/td>\n<td style=\"text-align: center;\">\u20ac4.95 <span style=\"color: #008000;\"><strong>*<\/strong><\/span><\/td>\n<td style=\"text-align: center;\">\u20ac29.95<\/td>\n<\/tr>\n<tr>\n<td>Italy<\/td>\n<td>3-5\u00a0Business\u00a0days<\/td>\n<td style=\"text-align: center;\">\u20ac4.95\u00a0<span style=\"color: #008000;\"><strong>*<\/strong><\/span><\/td>\n<td style=\"text-align: center;\">\u20ac9.95 <span style=\"color: #008000;\"><strong>*<\/strong><\/span><\/td>\n<td style=\"text-align: center;\">\u20ac29.95<\/td>\n<\/tr>\n<tr>\n<td>Luxembourg<\/td>\n<td>1-2 Business\u00a0days<\/td>\n<td style=\"text-align: center;\">Not Available<\/td>\n<td style=\"text-align: center;\">\u20ac4.95 <span style=\"color: #008000;\"><strong>*<\/strong><\/span><\/td>\n<td style=\"text-align: center;\">\u20ac29.95<\/td>\n<\/tr>\n<tr>\n<td>Bulgaria<\/td>\n<td>5-7 Business\u00a0days<\/td>\n<td style=\"text-align: center;\">Not Available<\/td>\n<td style=\"text-align: center;\">\u20ac8.95 <span style=\"color: #008000;\"><strong>*<\/strong><\/span><\/td>\n<td style=\"text-align: center;\">\u20ac29.95<\/td>\n<\/tr>\n<tr>\n<td>Rest of Europe<\/td>\n<td>4-5 Business\u00a0days<\/td>\n<td style=\"text-align: center;\">\u20ac4.95\u00a0<span style=\"color: #008000;\"><strong>*<\/strong><\/span><\/td>\n<td style=\"text-align: center;\">\u20ac8.95 <span style=\"color: #008000;\"><strong>*<\/strong><\/span><\/td>\n<td style=\"text-align: center;\">\u20ac29.95<\/td>\n<\/tr>\n<tr>\n<td>Canada<\/td>\n<td>5-6 Business\u00a0days<\/td>\n<td style=\"text-align: center;\">\u20ac7.95 <span style=\"color: #008000;\"><strong>*<\/strong><\/span><\/td>\n<td style=\"text-align: center;\">\u20ac21.95 <span style=\"color: #008000;\"><strong>*<\/strong><\/span><\/td>\n<td style=\"text-align: center;\">\u20ac29.95<\/td>\n<\/tr>\n<tr>\n<td>United States of America<\/td>\n<td>5-6 Business\u00a0days<\/td>\n<td style=\"text-align: center;\">\u20ac7.95 <span style=\"color: #008000;\"><strong>*<\/strong><\/span><\/td>\n<td style=\"text-align: center;\">Not Available<\/td>\n<td style=\"text-align: center;\">&#8211;<\/td>\n<\/tr>\n<tr>\n<td>South-America<\/td>\n<td>5-10 Business\u00a0days<\/td>\n<td style=\"text-align: center;\">\u20ac7.95 <span style=\"color: #008000;\"><strong>*<\/strong><\/span><\/td>\n<td style=\"text-align: center;\">\u20ac21.95<\/td>\n<td style=\"text-align: center;\">\u20ac29.95<\/td>\n<\/tr>\n<tr>\n<td>Rest of the world<\/td>\n<td>\u00a05-10 Business\u00a0days<\/td>\n<td style=\"text-align: center;\">\u20ac7.95 <span style=\"color: #008000;\"><strong>*<\/strong><\/span><\/td>\n<td style=\"text-align: center;\">\u20ac21.95<\/td>\n<td style=\"text-align: center;\">\u20ac29.95<\/td>\n<\/tr>\n<tr>\n<td><\/td>\n<td><\/td>\n<td><strong><span style=\"color: #008000;\"><em>\u00a0* FREE ON ORDERS ABOVE \u20ac50,-<\/em><\/span><\/strong><\/td>\n<td><strong><span style=\"color: #008000;\"><em>\u00a0* FREE ON ORDERS ABOVE \u20ac100,-<\/em><\/span><\/strong><\/td>\n<td><\/td>\n<\/tr>\n<\/tbody>\n<\/table>\n<p>[\/vc_column_text][\/vc_column][\/vc_row]<\/p>\n<\/div>","protected":false},"excerpt":{"rendered":"<p>[vc_row][vc_column][vc_column_text css=\u00bb\u00bb] Env\u00edo y Entrega Todos los pedidos realizados en Dutchfem.com ser\u00e1n entregados por DPD, PostNL o UPS. Si el pedido se realiza antes de las 16:00 horas, se enviar\u00e1<\/p>\n","protected":false},"author":2,"featured_media":0,"parent":0,"menu_order":0,"comment_status":"closed","ping_status":"closed","template":"","meta":{"_exactmetrics_skip_tracking":false,"_exactmetrics_sitenote_active":false,"_exactmetrics_sitenote_note":"","_exactmetrics_sitenote_category":0,"footnotes":""},"class_list":["post-5716","page","type-page","status-publish","hentry"],"yoast_head":"<!-- This site is optimized with the Yoast SEO plugin v26.9 - https:\/\/yoast.com\/product\/yoast-seo-wordpress\/ -->\n<title>Env\u00edos Y Entrega - Dutchfem<\/title>\n<meta name=\"robots\" content=\"index, follow, max-snippet:-1, max-image-preview:large, max-video-preview:-1\" \/>\n<link rel=\"canonical\" href=\"https:\/\/www.dutchfem.com\/es\/envios-y-entrega\/\" \/>\n<meta property=\"og:locale\" content=\"es_ES\" \/>\n<meta property=\"og:type\" content=\"article\" \/>\n<meta property=\"og:title\" content=\"Env\u00edos Y Entrega - Dutchfem\" \/>\n<meta property=\"og:description\" content=\"[vc_row][vc_column][vc_column_text css=\u00bb\u00bb] Env\u00edo y Entrega Todos los pedidos realizados en Dutchfem.com ser\u00e1n entregados por DPD, PostNL o UPS. Si el pedido se realiza antes de las 16:00 horas, se enviar\u00e1\" \/>\n<meta property=\"og:url\" content=\"https:\/\/www.dutchfem.com\/es\/envios-y-entrega\/\" \/>\n<meta property=\"og:site_name\" content=\"Dutchfem\" \/>\n<meta property=\"article:publisher\" content=\"https:\/\/www.facebook.com\/Dutchfem\/\" \/>\n<meta property=\"article:modified_time\" content=\"2024-07-22T13:49:04+00:00\" \/>\n<meta property=\"og:image\" content=\"https:\/\/www.dutchfem.com\/wp-content\/uploads\/2021\/03\/fb-front.jpg\" \/>\n\t<meta property=\"og:image:width\" content=\"1732\" \/>\n\t<meta property=\"og:image:height\" content=\"1732\" \/>\n\t<meta property=\"og:image:type\" content=\"image\/jpeg\" \/>\n<meta name=\"twitter:card\" content=\"summary_large_image\" \/>\n<meta name=\"twitter:site\" content=\"@dutchfem\" \/>\n<meta name=\"twitter:label1\" content=\"Tiempo de lectura\" \/>\n\t<meta name=\"twitter:data1\" content=\"3 minutos\" \/>\n<script type=\"application\/ld+json\" class=\"yoast-schema-graph\">{\"@context\":\"https:\/\/schema.org\",\"@graph\":[{\"@type\":\"WebPage\",\"@id\":\"https:\/\/www.dutchfem.com\/es\/envios-y-entrega\/\",\"url\":\"https:\/\/www.dutchfem.com\/es\/envios-y-entrega\/\",\"name\":\"Env\u00edos Y Entrega - Dutchfem\",\"isPartOf\":{\"@id\":\"https:\/\/www.dutchfem.com\/#website\"},\"datePublished\":\"2018-05-17T16:54:41+00:00\",\"dateModified\":\"2024-07-22T13:49:04+00:00\",\"breadcrumb\":{\"@id\":\"https:\/\/www.dutchfem.com\/es\/envios-y-entrega\/#breadcrumb\"},\"inLanguage\":\"es\",\"potentialAction\":[{\"@type\":\"ReadAction\",\"target\":[\"https:\/\/www.dutchfem.com\/es\/envios-y-entrega\/\"]}]},{\"@type\":\"BreadcrumbList\",\"@id\":\"https:\/\/www.dutchfem.com\/es\/envios-y-entrega\/#breadcrumb\",\"itemListElement\":[{\"@type\":\"ListItem\",\"position\":1,\"name\":\"Home\",\"item\":\"https:\/\/www.dutchfem.com\/es\/\"},{\"@type\":\"ListItem\",\"position\":2,\"name\":\"Env\u00edos Y Entrega\"}]},{\"@type\":\"WebSite\",\"@id\":\"https:\/\/www.dutchfem.com\/#website\",\"url\":\"https:\/\/www.dutchfem.com\/\",\"name\":\"Dutchfem\",\"description\":\"Buy Feminized Cannabis Seeds - Autoflowering Seeds - Medical Marijuana Seeds &amp; CBD Oil online\",\"publisher\":{\"@id\":\"https:\/\/www.dutchfem.com\/#organization\"},\"potentialAction\":[{\"@type\":\"SearchAction\",\"target\":{\"@type\":\"EntryPoint\",\"urlTemplate\":\"https:\/\/www.dutchfem.com\/?s={search_term_string}\"},\"query-input\":{\"@type\":\"PropertyValueSpecification\",\"valueRequired\":true,\"valueName\":\"search_term_string\"}}],\"inLanguage\":\"es\"},{\"@type\":\"Organization\",\"@id\":\"https:\/\/www.dutchfem.com\/#organization\",\"name\":\"Dutchfem Cannabis Seeds\",\"url\":\"https:\/\/www.dutchfem.com\/\",\"logo\":{\"@type\":\"ImageObject\",\"inLanguage\":\"es\",\"@id\":\"https:\/\/www.dutchfem.com\/#\/schema\/logo\/image\/\",\"url\":\"https:\/\/www.dutchfem.com\/wp-content\/uploads\/2017\/10\/logo_Dutchfem-web.png\",\"contentUrl\":\"https:\/\/www.dutchfem.com\/wp-content\/uploads\/2017\/10\/logo_Dutchfem-web.png\",\"width\":825,\"height\":288,\"caption\":\"Dutchfem Cannabis Seeds\"},\"image\":{\"@id\":\"https:\/\/www.dutchfem.com\/#\/schema\/logo\/image\/\"},\"sameAs\":[\"https:\/\/www.facebook.com\/Dutchfem\/\",\"https:\/\/x.com\/dutchfem\",\"https:\/\/www.instagram.com\/dutchfemseeds\/\",\"https:\/\/www.youtube.com\/@Dutchfem\",\"https:\/\/nl.pinterest.com\/dutchfem\/\",\"https:\/\/bsky.app\/profile\/dutchfem.bsky.social\",\"https:\/\/www.threads.com\/@dutchfemseeds?igshid=NTc4MTIwNjQ2YQ\",\"https:\/\/www.tumblr.com\/dutchfemseeds\"]}]}<\/script>\n<!-- \/ Yoast SEO plugin. -->","yoast_head_json":{"title":"Env\u00edos Y Entrega - Dutchfem","robots":{"index":"index","follow":"follow","max-snippet":"max-snippet:-1","max-image-preview":"max-image-preview:large","max-video-preview":"max-video-preview:-1"},"canonical":"https:\/\/www.dutchfem.com\/es\/envios-y-entrega\/","og_locale":"es_ES","og_type":"article","og_title":"Env\u00edos Y Entrega - Dutchfem","og_description":"[vc_row][vc_column][vc_column_text css=\u00bb\u00bb] Env\u00edo y Entrega Todos los pedidos realizados en Dutchfem.com ser\u00e1n entregados por DPD, PostNL o UPS. Si el pedido se realiza antes de las 16:00 horas, se enviar\u00e1","og_url":"https:\/\/www.dutchfem.com\/es\/envios-y-entrega\/","og_site_name":"Dutchfem","article_publisher":"https:\/\/www.facebook.com\/Dutchfem\/","article_modified_time":"2024-07-22T13:49:04+00:00","og_image":[{"width":1732,"height":1732,"url":"https:\/\/www.dutchfem.com\/wp-content\/uploads\/2021\/03\/fb-front.jpg","type":"image\/jpeg"}],"twitter_card":"summary_large_image","twitter_site":"@dutchfem","twitter_misc":{"Tiempo de lectura":"3 minutos"},"schema":{"@context":"https:\/\/schema.org","@graph":[{"@type":"WebPage","@id":"https:\/\/www.dutchfem.com\/es\/envios-y-entrega\/","url":"https:\/\/www.dutchfem.com\/es\/envios-y-entrega\/","name":"Env\u00edos Y Entrega - Dutchfem","isPartOf":{"@id":"https:\/\/www.dutchfem.com\/#website"},"datePublished":"2018-05-17T16:54:41+00:00","dateModified":"2024-07-22T13:49:04+00:00","breadcrumb":{"@id":"https:\/\/www.dutchfem.com\/es\/envios-y-entrega\/#breadcrumb"},"inLanguage":"es","potentialAction":[{"@type":"ReadAction","target":["https:\/\/www.dutchfem.com\/es\/envios-y-entrega\/"]}]},{"@type":"BreadcrumbList","@id":"https:\/\/www.dutchfem.com\/es\/envios-y-entrega\/#breadcrumb","itemListElement":[{"@type":"ListItem","position":1,"name":"Home","item":"https:\/\/www.dutchfem.com\/es\/"},{"@type":"ListItem","position":2,"name":"Env\u00edos Y Entrega"}]},{"@type":"WebSite","@id":"https:\/\/www.dutchfem.com\/#website","url":"https:\/\/www.dutchfem.com\/","name":"Dutchfem","description":"Buy Feminized Cannabis Seeds - Autoflowering Seeds - Medical Marijuana Seeds &amp; CBD Oil online","publisher":{"@id":"https:\/\/www.dutchfem.com\/#organization"},"potentialAction":[{"@type":"SearchAction","target":{"@type":"EntryPoint","urlTemplate":"https:\/\/www.dutchfem.com\/?s={search_term_string}"},"query-input":{"@type":"PropertyValueSpecification","valueRequired":true,"valueName":"search_term_string"}}],"inLanguage":"es"},{"@type":"Organization","@id":"https:\/\/www.dutchfem.com\/#organization","name":"Dutchfem Cannabis Seeds","url":"https:\/\/www.dutchfem.com\/","logo":{"@type":"ImageObject","inLanguage":"es","@id":"https:\/\/www.dutchfem.com\/#\/schema\/logo\/image\/","url":"https:\/\/www.dutchfem.com\/wp-content\/uploads\/2017\/10\/logo_Dutchfem-web.png","contentUrl":"https:\/\/www.dutchfem.com\/wp-content\/uploads\/2017\/10\/logo_Dutchfem-web.png","width":825,"height":288,"caption":"Dutchfem Cannabis Seeds"},"image":{"@id":"https:\/\/www.dutchfem.com\/#\/schema\/logo\/image\/"},"sameAs":["https:\/\/www.facebook.com\/Dutchfem\/","https:\/\/x.com\/dutchfem","https:\/\/www.instagram.com\/dutchfemseeds\/","https:\/\/www.youtube.com\/@Dutchfem","https:\/\/nl.pinterest.com\/dutchfem\/","https:\/\/bsky.app\/profile\/dutchfem.bsky.social","https:\/\/www.threads.com\/@dutchfemseeds?igshid=NTc4MTIwNjQ2YQ","https:\/\/www.tumblr.com\/dutchfemseeds"]}]}},"_links":{"self":[{"href":"https:\/\/www.dutchfem.com\/es\/wp-json\/wp\/v2\/pages\/5716","targetHints":{"allow":["GET"]}}],"collection":[{"href":"https:\/\/www.dutchfem.com\/es\/wp-json\/wp\/v2\/pages"}],"about":[{"href":"https:\/\/www.dutchfem.com\/es\/wp-json\/wp\/v2\/types\/page"}],"author":[{"embeddable":true,"href":"https:\/\/www.dutchfem.com\/es\/wp-json\/wp\/v2\/users\/2"}],"replies":[{"embeddable":true,"href":"https:\/\/www.dutchfem.com\/es\/wp-json\/wp\/v2\/comments?post=5716"}],"version-history":[{"count":0,"href":"https:\/\/www.dutchfem.com\/es\/wp-json\/wp\/v2\/pages\/5716\/revisions"}],"wp:attachment":[{"href":"https:\/\/www.dutchfem.com\/es\/wp-json\/wp\/v2\/media?parent=5716"}],"curies":[{"name":"wp","href":"https:\/\/api.w.org\/{rel}","templated":true}]}}