{"id":28641,"date":"2024-04-24T23:30:54","date_gmt":"2024-04-24T22:30:54","guid":{"rendered":"https:\/\/www.dutchfem.com\/?post_type=product&#038;p=28641"},"modified":"2024-04-26T19:56:19","modified_gmt":"2024-04-26T18:56:19","slug":"acrilico-grinder-dutchfem-black","status":"publish","type":"product","link":"https:\/\/www.dutchfem.com\/es\/comprar\/acrilico-grinder-dutchfem-black\/","title":{"rendered":"Acr\u00edlico Grinder Dutchfem Black"},"content":{"rendered":"<h3>Mejora tu forma de moler con el Acr\u00edlico Grinder Dutchfem Black<\/h3>\n<p>Presentamos el Acr\u00edlico Grinder Dutchfem Black: tu soluci\u00f3n para conseguir el molido perfecto con facilidad, eficacia y un toque de estilo. Dise\u00f1ado pensando en el fumador moderno, este molinillo combina ingenier\u00eda de precisi\u00f3n, funcionalidad pr\u00e1ctica y est\u00e9tica vibrante para mejorar tu experiencia de fumar como nunca antes.<\/p>\n<p>Fabricado con tres piezas, este grinder garantiza un proceso de molido impecable de principio a fin. Sus afilados dientes hacen un trabajo r\u00e1pido con tus hierbas, tritur\u00e1ndolas sin esfuerzo hasta conseguir la consistencia ideal para liar, envasar o vaporizar. Desp\u00eddete de las quemaduras desiguales y del material desperdiciado: con el Acr\u00edlico Grinder Dutchfem Black de 3 piezas, cada molienda es siempre suave y uniforme.<\/p>\n<p>Pero la funcionalidad es s\u00f3lo una pieza del rompecabezas: el estilo tambi\u00e9n importa. Disponibles en tres llamativos colores transparentes (negro, naranja y blanco), estos Molinillos a\u00f1aden un toque de personalidad a tu sistema de fumado. Tanto si prefieres la elegante sofisticaci\u00f3n del negro, la audacia del naranja o la n\u00edtida sencillez del blanco, hay un Acr\u00edlico Grinder Dutchfem Black que se adapta a tu gusto y estilo \u00fanicos.<\/p>\n<p>La comodidad es otra caracter\u00edstica clave de nuestros Molinillos. Equipado con un espacioso compartimento de almacenamiento, mantiene tus hierbas molidas bien guardadas hasta que est\u00e9s listo para usarlas. Se acabaron los l\u00edos con varios recipientes y las encimeras desordenadas: con el Molinillo de 3 piezas, todo lo que necesitas est\u00e1 c\u00f3modamente guardado en un \u00fanico y elegante dispositivo.<\/p>\n<p>La durabilidad es primordial cuando se trata de una herramienta que usar\u00e1s d\u00eda tras d\u00eda. Por eso la Acr\u00edlico Grinder Dutchfem Black de 3 piezas est\u00e1 hecha para durar, con una construcci\u00f3n robusta que soporta las exigencias del uso diario. Fabricada con materiales reciclados de alta calidad, resiste el paso del tiempo, garantizando que siga siendo una compa\u00f1era fiable para todas tus necesidades de afilado.<\/p>\n<p>En resumen, Acr\u00edlico Grinder Black de 3 piezas ofrece:<\/p>\n<ul>\n<li><strong>Afilado de precisi\u00f3n:<\/strong> Consigue un afilado uniforme en todo momento.<\/li>\n<li><strong>Est\u00e9tica vibrante:<\/strong> Disponible en colores negro, naranja y blanco transparente.<\/li>\n<li><strong>C\u00f3modo almacenamiento:<\/strong> Dispone de un espacioso compartimento para guardar las hierbas molidas.<\/li>\n<li><strong>Duradero:<\/strong> Construido para durar con materiales reciclados de alta calidad.<\/li>\n<li><strong>Estilo:<\/strong> A\u00f1ade un toque de personalidad a tu set de fumador.<\/li>\n<\/ul>\n<p>Mejora tu forma de moler con el Acr\u00edlico Grinder Dutchfem Black y experimenta la mezcla perfecta de precisi\u00f3n, comodidad y estilo con cada molienda.<\/p>\n<p style=\"text-align: center;\"><span style=\"color: #ff9900;\"><a style=\"color: #ff9900;\" href=\"https:\/\/www.dutchfem.com\/es\/las-diferencias-entre-porros-blunts-y-porros\/\" target=\"_blank\" rel=\"noopener\">Las diferencias entre porros, blunts y porros<\/a><\/span><\/p>\n<p style=\"text-align: center;\"><span style=\"color: #ff9900;\"><a style=\"color: #ff9900;\" href=\"https:\/\/www.dutchfem.com\/es\/por-que-es-importante-descarboxilar-el-cannabis-y-como-se-hace\/\" target=\"_blank\" rel=\"noopener\">\u00bfPor qu\u00e9 es importante descarboxilar el cannabis y c\u00f3mo se hace?<\/a><\/span><\/p>\n<p style=\"text-align: center;\"><span style=\"color: #ff9900;\"><a style=\"color: #ff9900;\" href=\"https:\/\/www.dutchfem.com\/es\/mejorando-el-sabor-del-cannabis\/\" target=\"_blank\" rel=\"noopener\">Mejorando el sabor del cannabis<\/a><\/span><\/p>\n<p style=\"text-align: center;\"><span style=\"color: #ff9900;\"><a style=\"color: #ff9900;\" href=\"https:\/\/www.instagram.com\/p\/C6KXo47qKWb\/\" target=\"_blank\" rel=\"noopener\">Dutchfem Instagram<\/a><\/span><\/p>\n<p style=\"text-align: center;\"><span style=\"color: #ff9900;\"><a style=\"color: #ff9900;\" href=\"https:\/\/www.facebook.com\/photo.php?fbid=967809065345588&amp;set=a.511203707672795&amp;type=3\" target=\"_blank\" rel=\"noopener\">Dutchfem Facebook<\/a><\/span><\/p>\n<p style=\"text-align: center;\"><span style=\"color: #ff9900;\"><a style=\"color: #ff9900;\" href=\"https:\/\/nl.pinterest.com\/pin\/650910952414022573\/\" target=\"_blank\" rel=\"noopener\">Dutchfem Pinterest<\/a><\/span><\/p>\n","protected":false},"excerpt":{"rendered":"<p>Tanto si eres un fumador experimentado como si eres nuevo en el mundo del cannabis, el Dutchfem Grinder es el accesorio perfecto para mejorar tu experiencia de fumar. Con su combinaci\u00f3n de molido, c\u00f3modo almacenamiento y vibrantes colores, es un complemento imprescindible para cualquier colecci\u00f3n.<\/p>\n","protected":false},"featured_media":28658,"comment_status":"open","ping_status":"closed","template":"","meta":{"_exactmetrics_skip_tracking":false,"_exactmetrics_sitenote_active":false,"_exactmetrics_sitenote_note":"","_exactmetrics_sitenote_category":0},"product_brand":[],"product_cat":[352],"product_tag":[],"class_list":{"0":"post-28641","1":"product","2":"type-product","3":"status-publish","4":"has-post-thumbnail","6":"product_cat-mercancias","8":"first","9":"instock","10":"sale","11":"taxable","12":"shipping-taxable","13":"purchasable","14":"product-type-simple"},"yoast_head":"<!-- This site is optimized with the Yoast SEO plugin v26.9 - https:\/\/yoast.com\/product\/yoast-seo-wordpress\/ -->\n<title>Acr\u00edlico Grinder Dutchfem Black - Env\u00edo r\u00e1pido y discreto!<\/title>\n<meta name=\"description\" content=\"Acr\u00edlico Grinder Dutchfem Black - Cualquier consumidor de marihuana que no us\u00f3 un moledor sabr\u00e1 el dolor de fumar un porro irregularmente enrollado\" \/>\n<meta name=\"robots\" content=\"index, follow, max-snippet:-1, max-image-preview:large, max-video-preview:-1\" \/>\n<link rel=\"canonical\" href=\"https:\/\/www.dutchfem.com\/es\/comprar\/acrilico-grinder-dutchfem-black\/\" \/>\n<meta property=\"og:locale\" content=\"es_ES\" \/>\n<meta property=\"og:type\" content=\"article\" \/>\n<meta property=\"og:title\" content=\"Acr\u00edlico Grinder Dutchfem Black - Env\u00edo r\u00e1pido y discreto!\" \/>\n<meta property=\"og:description\" content=\"Acr\u00edlico Grinder Dutchfem Black - Cualquier consumidor de marihuana que no us\u00f3 un moledor sabr\u00e1 el dolor de fumar un porro irregularmente enrollado\" \/>\n<meta property=\"og:url\" content=\"https:\/\/www.dutchfem.com\/es\/comprar\/acrilico-grinder-dutchfem-black\/\" \/>\n<meta property=\"og:site_name\" content=\"Dutchfem\" \/>\n<meta property=\"article:publisher\" content=\"https:\/\/www.facebook.com\/Dutchfem\/\" \/>\n<meta property=\"article:modified_time\" content=\"2024-04-26T18:56:19+00:00\" \/>\n<meta property=\"og:image\" content=\"https:\/\/www.dutchfem.com\/wp-content\/uploads\/2024\/04\/acrylic-grinder-black-1-e1713998685858.jpg\" \/>\n\t<meta property=\"og:image:width\" content=\"640\" \/>\n\t<meta property=\"og:image:height\" content=\"640\" \/>\n\t<meta property=\"og:image:type\" content=\"image\/jpeg\" \/>\n<meta name=\"twitter:card\" content=\"summary_large_image\" \/>\n<meta name=\"twitter:site\" content=\"@dutchfem\" \/>\n<meta name=\"twitter:label1\" content=\"Tiempo de lectura\" \/>\n\t<meta name=\"twitter:data1\" content=\"2 minutos\" \/>\n<script type=\"application\/ld+json\" class=\"yoast-schema-graph\">{\"@context\":\"https:\/\/schema.org\",\"@graph\":[{\"@type\":\"WebPage\",\"@id\":\"https:\/\/www.dutchfem.com\/es\/comprar\/acrilico-grinder-dutchfem-black\/\",\"url\":\"https:\/\/www.dutchfem.com\/es\/comprar\/acrilico-grinder-dutchfem-black\/\",\"name\":\"Acr\u00edlico Grinder Dutchfem Black - Env\u00edo r\u00e1pido y discreto!\",\"isPartOf\":{\"@id\":\"https:\/\/www.dutchfem.com\/#website\"},\"primaryImageOfPage\":{\"@id\":\"https:\/\/www.dutchfem.com\/es\/comprar\/acrilico-grinder-dutchfem-black\/#primaryimage\"},\"image\":{\"@id\":\"https:\/\/www.dutchfem.com\/es\/comprar\/acrilico-grinder-dutchfem-black\/#primaryimage\"},\"thumbnailUrl\":\"https:\/\/www.dutchfem.com\/wp-content\/uploads\/2024\/04\/acrylic-grinder-black-1-e1713998685858.jpg\",\"datePublished\":\"2024-04-24T22:30:54+00:00\",\"dateModified\":\"2024-04-26T18:56:19+00:00\",\"description\":\"Acr\u00edlico Grinder Dutchfem Black - Cualquier consumidor de marihuana que no us\u00f3 un moledor sabr\u00e1 el dolor de fumar un porro irregularmente enrollado\",\"breadcrumb\":{\"@id\":\"https:\/\/www.dutchfem.com\/es\/comprar\/acrilico-grinder-dutchfem-black\/#breadcrumb\"},\"inLanguage\":\"es\",\"potentialAction\":[{\"@type\":\"ReadAction\",\"target\":[\"https:\/\/www.dutchfem.com\/es\/comprar\/acrilico-grinder-dutchfem-black\/\"]}]},{\"@type\":\"ImageObject\",\"inLanguage\":\"es\",\"@id\":\"https:\/\/www.dutchfem.com\/es\/comprar\/acrilico-grinder-dutchfem-black\/#primaryimage\",\"url\":\"https:\/\/www.dutchfem.com\/wp-content\/uploads\/2024\/04\/acrylic-grinder-black-1-e1713998685858.jpg\",\"contentUrl\":\"https:\/\/www.dutchfem.com\/wp-content\/uploads\/2024\/04\/acrylic-grinder-black-1-e1713998685858.jpg\",\"width\":640,\"height\":640},{\"@type\":\"BreadcrumbList\",\"@id\":\"https:\/\/www.dutchfem.com\/es\/comprar\/acrilico-grinder-dutchfem-black\/#breadcrumb\",\"itemListElement\":[{\"@type\":\"ListItem\",\"position\":1,\"name\":\"Home\",\"item\":\"https:\/\/www.dutchfem.com\/es\/\"},{\"@type\":\"ListItem\",\"position\":2,\"name\":\"Tienda\",\"item\":\"https:\/\/www.dutchfem.com\/es\/tienda\/\"},{\"@type\":\"ListItem\",\"position\":3,\"name\":\"Acr\u00edlico Grinder Dutchfem Black\"}]},{\"@type\":\"WebSite\",\"@id\":\"https:\/\/www.dutchfem.com\/#website\",\"url\":\"https:\/\/www.dutchfem.com\/\",\"name\":\"Dutchfem\",\"description\":\"Buy Feminized Cannabis Seeds - Autoflowering Seeds - Medical Marijuana Seeds &amp; CBD Oil online\",\"publisher\":{\"@id\":\"https:\/\/www.dutchfem.com\/#organization\"},\"potentialAction\":[{\"@type\":\"SearchAction\",\"target\":{\"@type\":\"EntryPoint\",\"urlTemplate\":\"https:\/\/www.dutchfem.com\/?s={search_term_string}\"},\"query-input\":{\"@type\":\"PropertyValueSpecification\",\"valueRequired\":true,\"valueName\":\"search_term_string\"}}],\"inLanguage\":\"es\"},{\"@type\":\"Organization\",\"@id\":\"https:\/\/www.dutchfem.com\/#organization\",\"name\":\"Dutchfem Cannabis Seeds\",\"url\":\"https:\/\/www.dutchfem.com\/\",\"logo\":{\"@type\":\"ImageObject\",\"inLanguage\":\"es\",\"@id\":\"https:\/\/www.dutchfem.com\/#\/schema\/logo\/image\/\",\"url\":\"https:\/\/www.dutchfem.com\/wp-content\/uploads\/2017\/10\/logo_Dutchfem-web.png\",\"contentUrl\":\"https:\/\/www.dutchfem.com\/wp-content\/uploads\/2017\/10\/logo_Dutchfem-web.png\",\"width\":825,\"height\":288,\"caption\":\"Dutchfem Cannabis Seeds\"},\"image\":{\"@id\":\"https:\/\/www.dutchfem.com\/#\/schema\/logo\/image\/\"},\"sameAs\":[\"https:\/\/www.facebook.com\/Dutchfem\/\",\"https:\/\/x.com\/dutchfem\",\"https:\/\/www.instagram.com\/dutchfemseeds\/\",\"https:\/\/www.youtube.com\/@Dutchfem\",\"https:\/\/nl.pinterest.com\/dutchfem\/\",\"https:\/\/bsky.app\/profile\/dutchfem.bsky.social\",\"https:\/\/www.threads.com\/@dutchfemseeds?igshid=NTc4MTIwNjQ2YQ\",\"https:\/\/www.tumblr.com\/dutchfemseeds\"]}]}<\/script>\n<!-- \/ Yoast SEO plugin. -->","yoast_head_json":{"title":"Acr\u00edlico Grinder Dutchfem Black - Env\u00edo r\u00e1pido y discreto!","description":"Acr\u00edlico Grinder Dutchfem Black - Cualquier consumidor de marihuana que no us\u00f3 un moledor sabr\u00e1 el dolor de fumar un porro irregularmente enrollado","robots":{"index":"index","follow":"follow","max-snippet":"max-snippet:-1","max-image-preview":"max-image-preview:large","max-video-preview":"max-video-preview:-1"},"canonical":"https:\/\/www.dutchfem.com\/es\/comprar\/acrilico-grinder-dutchfem-black\/","og_locale":"es_ES","og_type":"article","og_title":"Acr\u00edlico Grinder Dutchfem Black - Env\u00edo r\u00e1pido y discreto!","og_description":"Acr\u00edlico Grinder Dutchfem Black - Cualquier consumidor de marihuana que no us\u00f3 un moledor sabr\u00e1 el dolor de fumar un porro irregularmente enrollado","og_url":"https:\/\/www.dutchfem.com\/es\/comprar\/acrilico-grinder-dutchfem-black\/","og_site_name":"Dutchfem","article_publisher":"https:\/\/www.facebook.com\/Dutchfem\/","article_modified_time":"2024-04-26T18:56:19+00:00","og_image":[{"width":640,"height":640,"url":"https:\/\/www.dutchfem.com\/wp-content\/uploads\/2024\/04\/acrylic-grinder-black-1-e1713998685858.jpg","type":"image\/jpeg"}],"twitter_card":"summary_large_image","twitter_site":"@dutchfem","twitter_misc":{"Tiempo de lectura":"2 minutos"},"schema":{"@context":"https:\/\/schema.org","@graph":[{"@type":"WebPage","@id":"https:\/\/www.dutchfem.com\/es\/comprar\/acrilico-grinder-dutchfem-black\/","url":"https:\/\/www.dutchfem.com\/es\/comprar\/acrilico-grinder-dutchfem-black\/","name":"Acr\u00edlico Grinder Dutchfem Black - Env\u00edo r\u00e1pido y discreto!","isPartOf":{"@id":"https:\/\/www.dutchfem.com\/#website"},"primaryImageOfPage":{"@id":"https:\/\/www.dutchfem.com\/es\/comprar\/acrilico-grinder-dutchfem-black\/#primaryimage"},"image":{"@id":"https:\/\/www.dutchfem.com\/es\/comprar\/acrilico-grinder-dutchfem-black\/#primaryimage"},"thumbnailUrl":"https:\/\/www.dutchfem.com\/wp-content\/uploads\/2024\/04\/acrylic-grinder-black-1-e1713998685858.jpg","datePublished":"2024-04-24T22:30:54+00:00","dateModified":"2024-04-26T18:56:19+00:00","description":"Acr\u00edlico Grinder Dutchfem Black - Cualquier consumidor de marihuana que no us\u00f3 un moledor sabr\u00e1 el dolor de fumar un porro irregularmente enrollado","breadcrumb":{"@id":"https:\/\/www.dutchfem.com\/es\/comprar\/acrilico-grinder-dutchfem-black\/#breadcrumb"},"inLanguage":"es","potentialAction":[{"@type":"ReadAction","target":["https:\/\/www.dutchfem.com\/es\/comprar\/acrilico-grinder-dutchfem-black\/"]}]},{"@type":"ImageObject","inLanguage":"es","@id":"https:\/\/www.dutchfem.com\/es\/comprar\/acrilico-grinder-dutchfem-black\/#primaryimage","url":"https:\/\/www.dutchfem.com\/wp-content\/uploads\/2024\/04\/acrylic-grinder-black-1-e1713998685858.jpg","contentUrl":"https:\/\/www.dutchfem.com\/wp-content\/uploads\/2024\/04\/acrylic-grinder-black-1-e1713998685858.jpg","width":640,"height":640},{"@type":"BreadcrumbList","@id":"https:\/\/www.dutchfem.com\/es\/comprar\/acrilico-grinder-dutchfem-black\/#breadcrumb","itemListElement":[{"@type":"ListItem","position":1,"name":"Home","item":"https:\/\/www.dutchfem.com\/es\/"},{"@type":"ListItem","position":2,"name":"Tienda","item":"https:\/\/www.dutchfem.com\/es\/tienda\/"},{"@type":"ListItem","position":3,"name":"Acr\u00edlico Grinder Dutchfem Black"}]},{"@type":"WebSite","@id":"https:\/\/www.dutchfem.com\/#website","url":"https:\/\/www.dutchfem.com\/","name":"Dutchfem","description":"Buy Feminized Cannabis Seeds - Autoflowering Seeds - Medical Marijuana Seeds &amp; CBD Oil online","publisher":{"@id":"https:\/\/www.dutchfem.com\/#organization"},"potentialAction":[{"@type":"SearchAction","target":{"@type":"EntryPoint","urlTemplate":"https:\/\/www.dutchfem.com\/?s={search_term_string}"},"query-input":{"@type":"PropertyValueSpecification","valueRequired":true,"valueName":"search_term_string"}}],"inLanguage":"es"},{"@type":"Organization","@id":"https:\/\/www.dutchfem.com\/#organization","name":"Dutchfem Cannabis Seeds","url":"https:\/\/www.dutchfem.com\/","logo":{"@type":"ImageObject","inLanguage":"es","@id":"https:\/\/www.dutchfem.com\/#\/schema\/logo\/image\/","url":"https:\/\/www.dutchfem.com\/wp-content\/uploads\/2017\/10\/logo_Dutchfem-web.png","contentUrl":"https:\/\/www.dutchfem.com\/wp-content\/uploads\/2017\/10\/logo_Dutchfem-web.png","width":825,"height":288,"caption":"Dutchfem Cannabis Seeds"},"image":{"@id":"https:\/\/www.dutchfem.com\/#\/schema\/logo\/image\/"},"sameAs":["https:\/\/www.facebook.com\/Dutchfem\/","https:\/\/x.com\/dutchfem","https:\/\/www.instagram.com\/dutchfemseeds\/","https:\/\/www.youtube.com\/@Dutchfem","https:\/\/nl.pinterest.com\/dutchfem\/","https:\/\/bsky.app\/profile\/dutchfem.bsky.social","https:\/\/www.threads.com\/@dutchfemseeds?igshid=NTc4MTIwNjQ2YQ","https:\/\/www.tumblr.com\/dutchfemseeds"]}]}},"_links":{"self":[{"href":"https:\/\/www.dutchfem.com\/es\/wp-json\/wp\/v2\/product\/28641","targetHints":{"allow":["GET"]}}],"collection":[{"href":"https:\/\/www.dutchfem.com\/es\/wp-json\/wp\/v2\/product"}],"about":[{"href":"https:\/\/www.dutchfem.com\/es\/wp-json\/wp\/v2\/types\/product"}],"replies":[{"embeddable":true,"href":"https:\/\/www.dutchfem.com\/es\/wp-json\/wp\/v2\/comments?post=28641"}],"wp:featuredmedia":[{"embeddable":true,"href":"https:\/\/www.dutchfem.com\/es\/wp-json\/wp\/v2\/media\/28658"}],"wp:attachment":[{"href":"https:\/\/www.dutchfem.com\/es\/wp-json\/wp\/v2\/media?parent=28641"}],"wp:term":[{"taxonomy":"product_brand","embeddable":true,"href":"https:\/\/www.dutchfem.com\/es\/wp-json\/wp\/v2\/product_brand?post=28641"},{"taxonomy":"product_cat","embeddable":true,"href":"https:\/\/www.dutchfem.com\/es\/wp-json\/wp\/v2\/product_cat?post=28641"},{"taxonomy":"product_tag","embeddable":true,"href":"https:\/\/www.dutchfem.com\/es\/wp-json\/wp\/v2\/product_tag?post=28641"}],"curies":[{"name":"wp","href":"https:\/\/api.w.org\/{rel}","templated":true}]}}