{"id":28666,"date":"2024-04-25T17:00:23","date_gmt":"2024-04-25T16:00:24","guid":{"rendered":"https:\/\/www.dutchfem.com\/?post_type=product&#038;p=28666"},"modified":"2025-06-12T17:46:04","modified_gmt":"2025-06-12T15:46:04","slug":"dutchfem-joint-tube-negro","status":"publish","type":"product","link":"https:\/\/www.dutchfem.com\/es\/comprar\/dutchfem-joint-tube-negro\/","title":{"rendered":"Acrylic Dutchfem Joint Tube Black"},"content":{"rendered":"<p>&nbsp;<\/p>\n<p style=\"text-align: center;\"><span style=\"color: #ff9900;\"><a style=\"color: #ff9900;\" href=\"https:\/\/www.dutchfem.com\/the-differences-between-joints-blunts-and-spliffs\/\" target=\"_blank\" rel=\"noopener\">The differences between Joints, Blunts, and Spliffs<\/a><\/span><\/p>\n<p style=\"text-align: center;\"><span style=\"color: #ff9900;\"><a style=\"color: #ff9900;\" href=\"https:\/\/www.dutchfem.com\/why-decarboxylating-cannabis-is-important-and-how-do-you-do-it\/\" target=\"_blank\" rel=\"noopener\">Why decar<\/a><\/span><\/p>\n<p>Mant\u00e9n tus porros frescos y sin da\u00f1os con los Joint Tubes de Dutchfem<\/p>\n<p>Fabricados pensando en la comodidad y la funcionalidad, nuestros tubos para porros son un accesorio imprescindible para cualquier aficionado al cannabis.<\/p>\n<p>Dise\u00f1ados para preservar la calidad de tus porros, nuestros Joint Tubes presentan una construcci\u00f3n duradera y herm\u00e9tica, que garantiza que tu preciada carga se mantenga fresca y sabrosa hasta que est\u00e9s listo para consumirla. Di adi\u00f3s a los porros aplastados o rancios: nuestros tubos proporcionan la envoltura protectora perfecta, salvaguardando tus porros de da\u00f1os y elementos ambientales.<\/p>\n<p>La comodidad es la clave, por eso nuestros Joint Tubes son compactos y ligeros, y caben perfectamente en tu bolsillo, bolso o mochila. Ya est\u00e9s de excursi\u00f3n, en un concierto o simplemente de viaje, estos tubos ofrecen una portabilidad discreta y sin complicaciones, permiti\u00e9ndote disfrutar de tus variedades favoritas en cualquier momento y lugar.<\/p>\n<p>Pero no se trata s\u00f3lo de practicidad: nuestros Joint Tubes tambi\u00e9n est\u00e1n dise\u00f1ados pensando en el estilo. Disponibles en varios colores, hay un tubo para cada gusto y personalidad. Nuestros tubos a\u00f1aden un toque de estilo a tu ritual de fumar.<\/p>\n<p>En Dutchfem Seeds, priorizamos la calidad por encima de todo. Nuestros tubos para porros est\u00e1n fabricados con materiales reciclados de primera calidad, seguros y respetuosos con el medio ambiente, que garantizan una experiencia de fumada superior y, al mismo tiempo, son respetuosos con el planeta. Adem\u00e1s, nuestros tubos son reutilizables, lo que los convierte en una opci\u00f3n sostenible para el consumidor concienciado con el medio ambiente.<\/p>\n<p>Tanto si eres un consumidor recreativo como un paciente m\u00e9dico, nuestros Tubos para Porros son el accesorio perfecto para guardar y transportar tus porros con facilidad y estilo. Con su dise\u00f1o innovador, calidad superior y comodidad insuperable, estos tubos son un complemento imprescindible en el arsenal de cualquier fumador.<\/p>\n<p>En resumen, nuestros tubos para porros ofrecen<\/p>\n<ul>\n<li><strong>Protecci\u00f3n superior:<\/strong> Mantienen tus porros frescos e intactos.<\/li>\n<li><strong>Portabilidad:<\/strong> Lleva c\u00f3modamente tus porros all\u00e1 donde vayas.<\/li>\n<li><strong>Estilo:<\/strong> Elige entre una variedad de colos para adaptarlos a tu gusto.<\/li>\n<li><strong>Sostenibilidad:<\/strong> Fabricado con materiales ecol\u00f3gicos de primera calidad.<\/li>\n<li><strong>Reutilizable:<\/strong> Una soluci\u00f3n duradera para tus necesidades de fumar.<\/li>\n<\/ul>\n<p>Eleva tu experiencia de fumar con nuestros tubos para porros, porque tus porros se merecen lo mejor.<\/p>\n<p style=\"text-align: center;\"><span style=\"color: #ff9900;\"><a style=\"color: #ff9900;\" href=\"https:\/\/www.dutchfem.com\/es\/las-diferencias-entre-porros-blunts-y-porros\/\" target=\"_blank\" rel=\"noopener\">Las diferencias entre porros, blunts y porros<\/a><\/span><\/p>\n<p style=\"text-align: center;\"><span style=\"color: #ff9900;\"><a style=\"color: #ff9900;\" href=\"https:\/\/www.dutchfem.com\/es\/por-que-es-importante-descarboxilar-el-cannabis-y-como-se-hace\/\" target=\"_blank\" rel=\"noopener\">\u00bfPor qu\u00e9 es importante descarboxilar el cannabis y c\u00f3mo se hace?<\/a><\/span><\/p>\n<p style=\"text-align: center;\"><span style=\"color: #ff9900;\"><a style=\"color: #ff9900;\" href=\"https:\/\/www.dutchfem.com\/es\/mejorando-el-sabor-del-cannabis\/\" target=\"_blank\" rel=\"noopener\">Mejorando el sabor del cannabis<\/a><\/span><\/p>\n<p style=\"text-align: center;\"><span style=\"color: #ff9900;\"><a style=\"color: #ff9900;\" href=\"https:\/\/www.instagram.com\/p\/C6KXo47qKWb\/\" target=\"_blank\" rel=\"noopener\">Dutchfem Grinders Instagram<\/a><\/span><\/p>\n<p style=\"text-align: center;\"><span style=\"color: #ff9900;\"><a style=\"color: #ff9900;\" href=\"https:\/\/www.facebook.com\/Dutchfem\/photos\/pb.100063495100818.-2207520000\/2672717149613551\/?type=3&amp;locale=nl_NL\" target=\"_blank\" rel=\"noopener\">Dutchfem Filtertips Facebook<\/a><\/span><\/p>\n<p style=\"text-align: center;\"><span style=\"color: #ff9900;\"><a style=\"color: #ff9900;\" href=\"https:\/\/nl.pinterest.com\/pin\/650910952414022573\/\" target=\"_blank\" rel=\"noopener\">Cvault Pinterest<\/a><\/span><\/p>\n","protected":false},"excerpt":{"rendered":"<p>Te presentamos nuestra gama de Joint Tubes, la soluci\u00f3n definitiva para mantener tus porros frescos, seguros y discretamente port\u00e1tiles. Tanto si eres un fumador experimentado como un consumidor ocasional, estos Joint Tubes Verdes est\u00e1n dise\u00f1ados para elevar tu experiencia de fumar a nuevas cotas.<\/p>\n","protected":false},"featured_media":28705,"comment_status":"open","ping_status":"closed","template":"","meta":{"_exactmetrics_skip_tracking":false,"_exactmetrics_sitenote_active":false,"_exactmetrics_sitenote_note":"","_exactmetrics_sitenote_category":0},"product_brand":[],"product_cat":[352],"product_tag":[],"class_list":{"0":"post-28666","1":"product","2":"type-product","3":"status-publish","4":"has-post-thumbnail","6":"product_cat-mercancias","8":"first","9":"instock","10":"taxable","11":"shipping-taxable","12":"purchasable","13":"product-type-simple"},"yoast_head":"<!-- This site is optimized with the Yoast SEO plugin v26.9 - https:\/\/yoast.com\/product\/yoast-seo-wordpress\/ -->\n<title>Compre joint tubes black - Env\u00edo r\u00e1pido y discreto! - Dutchfem Semillas De Marihuana<\/title>\n<meta name=\"description\" content=\"Joint Tubes - Tanto si eres un usuario recreativo como un paciente m\u00e9dico, nuestros Joint Tubes son el accesorio perfecto para guardar y transportar tus articulaciones.\" \/>\n<meta name=\"robots\" content=\"index, follow, max-snippet:-1, max-image-preview:large, max-video-preview:-1\" \/>\n<link rel=\"canonical\" href=\"https:\/\/www.dutchfem.com\/es\/comprar\/dutchfem-joint-tube-negro\/\" \/>\n<meta property=\"og:locale\" content=\"es_ES\" \/>\n<meta property=\"og:type\" content=\"article\" \/>\n<meta property=\"og:title\" content=\"Compre joint tubes black - Env\u00edo r\u00e1pido y discreto! - Dutchfem Semillas De Marihuana\" \/>\n<meta property=\"og:description\" content=\"Joint Tubes - Tanto si eres un usuario recreativo como un paciente m\u00e9dico, nuestros Joint Tubes son el accesorio perfecto para guardar y transportar tus articulaciones.\" \/>\n<meta property=\"og:url\" content=\"https:\/\/www.dutchfem.com\/es\/comprar\/dutchfem-joint-tube-negro\/\" \/>\n<meta property=\"og:site_name\" content=\"Dutchfem\" \/>\n<meta property=\"article:publisher\" content=\"https:\/\/www.facebook.com\/Dutchfem\/\" \/>\n<meta property=\"article:modified_time\" content=\"2025-06-12T15:46:04+00:00\" \/>\n<meta property=\"og:image\" content=\"https:\/\/www.dutchfem.com\/wp-content\/uploads\/2024\/04\/joint-tubes-black-e1714069188116.jpeg\" \/>\n\t<meta property=\"og:image:width\" content=\"640\" \/>\n\t<meta property=\"og:image:height\" content=\"640\" \/>\n\t<meta property=\"og:image:type\" content=\"image\/jpeg\" \/>\n<meta name=\"twitter:card\" content=\"summary_large_image\" \/>\n<meta name=\"twitter:site\" content=\"@dutchfem\" \/>\n<meta name=\"twitter:label1\" content=\"Tiempo de lectura\" \/>\n\t<meta name=\"twitter:data1\" content=\"2 minutos\" \/>\n<script type=\"application\/ld+json\" class=\"yoast-schema-graph\">{\"@context\":\"https:\/\/schema.org\",\"@graph\":[{\"@type\":\"WebPage\",\"@id\":\"https:\/\/www.dutchfem.com\/es\/comprar\/dutchfem-joint-tube-negro\/\",\"url\":\"https:\/\/www.dutchfem.com\/es\/comprar\/dutchfem-joint-tube-negro\/\",\"name\":\"Compre joint tubes black - Env\u00edo r\u00e1pido y discreto! - Dutchfem Semillas De Marihuana\",\"isPartOf\":{\"@id\":\"https:\/\/www.dutchfem.com\/#website\"},\"primaryImageOfPage\":{\"@id\":\"https:\/\/www.dutchfem.com\/es\/comprar\/dutchfem-joint-tube-negro\/#primaryimage\"},\"image\":{\"@id\":\"https:\/\/www.dutchfem.com\/es\/comprar\/dutchfem-joint-tube-negro\/#primaryimage\"},\"thumbnailUrl\":\"https:\/\/www.dutchfem.com\/wp-content\/uploads\/2024\/04\/joint-tubes-black-e1714069188116.jpeg\",\"datePublished\":\"2024-04-25T16:00:24+00:00\",\"dateModified\":\"2025-06-12T15:46:04+00:00\",\"description\":\"Joint Tubes - Tanto si eres un usuario recreativo como un paciente m\u00e9dico, nuestros Joint Tubes son el accesorio perfecto para guardar y transportar tus articulaciones.\",\"breadcrumb\":{\"@id\":\"https:\/\/www.dutchfem.com\/es\/comprar\/dutchfem-joint-tube-negro\/#breadcrumb\"},\"inLanguage\":\"es\",\"potentialAction\":[{\"@type\":\"ReadAction\",\"target\":[\"https:\/\/www.dutchfem.com\/es\/comprar\/dutchfem-joint-tube-negro\/\"]}]},{\"@type\":\"ImageObject\",\"inLanguage\":\"es\",\"@id\":\"https:\/\/www.dutchfem.com\/es\/comprar\/dutchfem-joint-tube-negro\/#primaryimage\",\"url\":\"https:\/\/www.dutchfem.com\/wp-content\/uploads\/2024\/04\/joint-tubes-black-e1714069188116.jpeg\",\"contentUrl\":\"https:\/\/www.dutchfem.com\/wp-content\/uploads\/2024\/04\/joint-tubes-black-e1714069188116.jpeg\",\"width\":640,\"height\":640,\"caption\":\"joint tubes black\"},{\"@type\":\"BreadcrumbList\",\"@id\":\"https:\/\/www.dutchfem.com\/es\/comprar\/dutchfem-joint-tube-negro\/#breadcrumb\",\"itemListElement\":[{\"@type\":\"ListItem\",\"position\":1,\"name\":\"Home\",\"item\":\"https:\/\/www.dutchfem.com\/es\/\"},{\"@type\":\"ListItem\",\"position\":2,\"name\":\"Tienda\",\"item\":\"https:\/\/www.dutchfem.com\/es\/tienda\/\"},{\"@type\":\"ListItem\",\"position\":3,\"name\":\"Acrylic Dutchfem Joint Tube Black\"}]},{\"@type\":\"WebSite\",\"@id\":\"https:\/\/www.dutchfem.com\/#website\",\"url\":\"https:\/\/www.dutchfem.com\/\",\"name\":\"Dutchfem\",\"description\":\"Buy Feminized Cannabis Seeds - Autoflowering Seeds - Medical Marijuana Seeds &amp; CBD Oil online\",\"publisher\":{\"@id\":\"https:\/\/www.dutchfem.com\/#organization\"},\"potentialAction\":[{\"@type\":\"SearchAction\",\"target\":{\"@type\":\"EntryPoint\",\"urlTemplate\":\"https:\/\/www.dutchfem.com\/?s={search_term_string}\"},\"query-input\":{\"@type\":\"PropertyValueSpecification\",\"valueRequired\":true,\"valueName\":\"search_term_string\"}}],\"inLanguage\":\"es\"},{\"@type\":\"Organization\",\"@id\":\"https:\/\/www.dutchfem.com\/#organization\",\"name\":\"Dutchfem Cannabis Seeds\",\"url\":\"https:\/\/www.dutchfem.com\/\",\"logo\":{\"@type\":\"ImageObject\",\"inLanguage\":\"es\",\"@id\":\"https:\/\/www.dutchfem.com\/#\/schema\/logo\/image\/\",\"url\":\"https:\/\/www.dutchfem.com\/wp-content\/uploads\/2017\/10\/logo_Dutchfem-web.png\",\"contentUrl\":\"https:\/\/www.dutchfem.com\/wp-content\/uploads\/2017\/10\/logo_Dutchfem-web.png\",\"width\":825,\"height\":288,\"caption\":\"Dutchfem Cannabis Seeds\"},\"image\":{\"@id\":\"https:\/\/www.dutchfem.com\/#\/schema\/logo\/image\/\"},\"sameAs\":[\"https:\/\/www.facebook.com\/Dutchfem\/\",\"https:\/\/x.com\/dutchfem\",\"https:\/\/www.instagram.com\/dutchfemseeds\/\",\"https:\/\/www.youtube.com\/@Dutchfem\",\"https:\/\/nl.pinterest.com\/dutchfem\/\",\"https:\/\/bsky.app\/profile\/dutchfem.bsky.social\",\"https:\/\/www.threads.com\/@dutchfemseeds?igshid=NTc4MTIwNjQ2YQ\",\"https:\/\/www.tumblr.com\/dutchfemseeds\"]}]}<\/script>\n<!-- \/ Yoast SEO plugin. -->","yoast_head_json":{"title":"Compre joint tubes black - Env\u00edo r\u00e1pido y discreto! - Dutchfem Semillas De Marihuana","description":"Joint Tubes - Tanto si eres un usuario recreativo como un paciente m\u00e9dico, nuestros Joint Tubes son el accesorio perfecto para guardar y transportar tus articulaciones.","robots":{"index":"index","follow":"follow","max-snippet":"max-snippet:-1","max-image-preview":"max-image-preview:large","max-video-preview":"max-video-preview:-1"},"canonical":"https:\/\/www.dutchfem.com\/es\/comprar\/dutchfem-joint-tube-negro\/","og_locale":"es_ES","og_type":"article","og_title":"Compre joint tubes black - Env\u00edo r\u00e1pido y discreto! - Dutchfem Semillas De Marihuana","og_description":"Joint Tubes - Tanto si eres un usuario recreativo como un paciente m\u00e9dico, nuestros Joint Tubes son el accesorio perfecto para guardar y transportar tus articulaciones.","og_url":"https:\/\/www.dutchfem.com\/es\/comprar\/dutchfem-joint-tube-negro\/","og_site_name":"Dutchfem","article_publisher":"https:\/\/www.facebook.com\/Dutchfem\/","article_modified_time":"2025-06-12T15:46:04+00:00","og_image":[{"width":640,"height":640,"url":"https:\/\/www.dutchfem.com\/wp-content\/uploads\/2024\/04\/joint-tubes-black-e1714069188116.jpeg","type":"image\/jpeg"}],"twitter_card":"summary_large_image","twitter_site":"@dutchfem","twitter_misc":{"Tiempo de lectura":"2 minutos"},"schema":{"@context":"https:\/\/schema.org","@graph":[{"@type":"WebPage","@id":"https:\/\/www.dutchfem.com\/es\/comprar\/dutchfem-joint-tube-negro\/","url":"https:\/\/www.dutchfem.com\/es\/comprar\/dutchfem-joint-tube-negro\/","name":"Compre joint tubes black - Env\u00edo r\u00e1pido y discreto! - Dutchfem Semillas De Marihuana","isPartOf":{"@id":"https:\/\/www.dutchfem.com\/#website"},"primaryImageOfPage":{"@id":"https:\/\/www.dutchfem.com\/es\/comprar\/dutchfem-joint-tube-negro\/#primaryimage"},"image":{"@id":"https:\/\/www.dutchfem.com\/es\/comprar\/dutchfem-joint-tube-negro\/#primaryimage"},"thumbnailUrl":"https:\/\/www.dutchfem.com\/wp-content\/uploads\/2024\/04\/joint-tubes-black-e1714069188116.jpeg","datePublished":"2024-04-25T16:00:24+00:00","dateModified":"2025-06-12T15:46:04+00:00","description":"Joint Tubes - Tanto si eres un usuario recreativo como un paciente m\u00e9dico, nuestros Joint Tubes son el accesorio perfecto para guardar y transportar tus articulaciones.","breadcrumb":{"@id":"https:\/\/www.dutchfem.com\/es\/comprar\/dutchfem-joint-tube-negro\/#breadcrumb"},"inLanguage":"es","potentialAction":[{"@type":"ReadAction","target":["https:\/\/www.dutchfem.com\/es\/comprar\/dutchfem-joint-tube-negro\/"]}]},{"@type":"ImageObject","inLanguage":"es","@id":"https:\/\/www.dutchfem.com\/es\/comprar\/dutchfem-joint-tube-negro\/#primaryimage","url":"https:\/\/www.dutchfem.com\/wp-content\/uploads\/2024\/04\/joint-tubes-black-e1714069188116.jpeg","contentUrl":"https:\/\/www.dutchfem.com\/wp-content\/uploads\/2024\/04\/joint-tubes-black-e1714069188116.jpeg","width":640,"height":640,"caption":"joint tubes black"},{"@type":"BreadcrumbList","@id":"https:\/\/www.dutchfem.com\/es\/comprar\/dutchfem-joint-tube-negro\/#breadcrumb","itemListElement":[{"@type":"ListItem","position":1,"name":"Home","item":"https:\/\/www.dutchfem.com\/es\/"},{"@type":"ListItem","position":2,"name":"Tienda","item":"https:\/\/www.dutchfem.com\/es\/tienda\/"},{"@type":"ListItem","position":3,"name":"Acrylic Dutchfem Joint Tube Black"}]},{"@type":"WebSite","@id":"https:\/\/www.dutchfem.com\/#website","url":"https:\/\/www.dutchfem.com\/","name":"Dutchfem","description":"Buy Feminized Cannabis Seeds - Autoflowering Seeds - Medical Marijuana Seeds &amp; CBD Oil online","publisher":{"@id":"https:\/\/www.dutchfem.com\/#organization"},"potentialAction":[{"@type":"SearchAction","target":{"@type":"EntryPoint","urlTemplate":"https:\/\/www.dutchfem.com\/?s={search_term_string}"},"query-input":{"@type":"PropertyValueSpecification","valueRequired":true,"valueName":"search_term_string"}}],"inLanguage":"es"},{"@type":"Organization","@id":"https:\/\/www.dutchfem.com\/#organization","name":"Dutchfem Cannabis Seeds","url":"https:\/\/www.dutchfem.com\/","logo":{"@type":"ImageObject","inLanguage":"es","@id":"https:\/\/www.dutchfem.com\/#\/schema\/logo\/image\/","url":"https:\/\/www.dutchfem.com\/wp-content\/uploads\/2017\/10\/logo_Dutchfem-web.png","contentUrl":"https:\/\/www.dutchfem.com\/wp-content\/uploads\/2017\/10\/logo_Dutchfem-web.png","width":825,"height":288,"caption":"Dutchfem Cannabis Seeds"},"image":{"@id":"https:\/\/www.dutchfem.com\/#\/schema\/logo\/image\/"},"sameAs":["https:\/\/www.facebook.com\/Dutchfem\/","https:\/\/x.com\/dutchfem","https:\/\/www.instagram.com\/dutchfemseeds\/","https:\/\/www.youtube.com\/@Dutchfem","https:\/\/nl.pinterest.com\/dutchfem\/","https:\/\/bsky.app\/profile\/dutchfem.bsky.social","https:\/\/www.threads.com\/@dutchfemseeds?igshid=NTc4MTIwNjQ2YQ","https:\/\/www.tumblr.com\/dutchfemseeds"]}]}},"_links":{"self":[{"href":"https:\/\/www.dutchfem.com\/es\/wp-json\/wp\/v2\/product\/28666","targetHints":{"allow":["GET"]}}],"collection":[{"href":"https:\/\/www.dutchfem.com\/es\/wp-json\/wp\/v2\/product"}],"about":[{"href":"https:\/\/www.dutchfem.com\/es\/wp-json\/wp\/v2\/types\/product"}],"replies":[{"embeddable":true,"href":"https:\/\/www.dutchfem.com\/es\/wp-json\/wp\/v2\/comments?post=28666"}],"wp:featuredmedia":[{"embeddable":true,"href":"https:\/\/www.dutchfem.com\/es\/wp-json\/wp\/v2\/media\/28705"}],"wp:attachment":[{"href":"https:\/\/www.dutchfem.com\/es\/wp-json\/wp\/v2\/media?parent=28666"}],"wp:term":[{"taxonomy":"product_brand","embeddable":true,"href":"https:\/\/www.dutchfem.com\/es\/wp-json\/wp\/v2\/product_brand?post=28666"},{"taxonomy":"product_cat","embeddable":true,"href":"https:\/\/www.dutchfem.com\/es\/wp-json\/wp\/v2\/product_cat?post=28666"},{"taxonomy":"product_tag","embeddable":true,"href":"https:\/\/www.dutchfem.com\/es\/wp-json\/wp\/v2\/product_tag?post=28666"}],"curies":[{"name":"wp","href":"https:\/\/api.w.org\/{rel}","templated":true}]}}