{"id":28934,"date":"2019-11-27T21:43:52","date_gmt":"2019-11-27T20:43:52","guid":{"rendered":"https:\/\/www.dutchfem.com\/buy\/28934\/"},"modified":"2024-04-27T17:05:57","modified_gmt":"2024-04-27T16:05:57","slug":"28934","status":"publish","type":"product","link":"https:\/\/www.dutchfem.com\/es\/comprar\/28934\/","title":{"rendered":"T-Shirt White Women&#8217;s Kush with Purple OG Kush"},"content":{"rendered":"<p>Fabricada con algod\u00f3n 100% org\u00e1nico, esta camiseta Kush blanca para mujer no s\u00f3lo es elegante, sino tambi\u00e9n respetuosa con el medio ambiente. En la parte delantera de la camiseta encontrar\u00e1s un bonito estampado de cannabis morado con el nombre de tu variedad Kush favorita en letras verdes brillantes.<\/p>\n<p>Esta camiseta Kush blanca para mujer est\u00e1 disponible en talla peque\u00f1a, mediana y grande y se puede lavar a m\u00e1quina. Tambi\u00e9n disponible en color menta.<\/p>\n","protected":false},"excerpt":{"rendered":"<p>Camiseta Kush blanca para mujer de Dutchfem con estampado de cannabis morado y letras verdes. Esta camiseta Kush blanca de manga corta para mujer es el complemento perfecto para el armario de cualquier amante de Dutchfem y Kush. 100% algod\u00f3n org\u00e1nico que no da\u00f1a el medio ambiente y garantiza una comodidad total. Disponible en S, M y L.<\/p>\n","protected":false},"featured_media":28088,"comment_status":"open","ping_status":"closed","template":"","meta":{"_exactmetrics_skip_tracking":false,"_exactmetrics_sitenote_active":false,"_exactmetrics_sitenote_note":"","_exactmetrics_sitenote_category":0},"product_brand":[],"product_cat":[352],"product_tag":[],"class_list":{"0":"post-28934","1":"product","2":"type-product","3":"status-publish","4":"has-post-thumbnail","6":"product_cat-mercancias","8":"first","9":"instock","10":"taxable","11":"shipping-taxable","12":"purchasable","13":"product-type-variable","14":"has-default-attributes"},"yoast_head":"<!-- This site is optimized with the Yoast SEO plugin v26.9 - https:\/\/yoast.com\/product\/yoast-seo-wordpress\/ -->\n<title>T-Shirt White Women&#039;s Kush with Purple OG Kush - Dutchfem<\/title>\n<meta name=\"robots\" content=\"index, follow, max-snippet:-1, max-image-preview:large, max-video-preview:-1\" \/>\n<link rel=\"canonical\" href=\"https:\/\/www.dutchfem.com\/es\/comprar\/28934\/\" \/>\n<meta property=\"og:locale\" content=\"es_ES\" \/>\n<meta property=\"og:type\" content=\"article\" \/>\n<meta property=\"og:title\" content=\"T-Shirt White Women&#039;s Kush with Purple OG Kush - Dutchfem\" \/>\n<meta property=\"og:description\" content=\"Camiseta Kush blanca para mujer de Dutchfem con estampado de cannabis morado y letras verdes. Esta camiseta Kush blanca de manga corta para mujer es el complemento perfecto para el armario de cualquier amante de Dutchfem y Kush. 100% algod\u00f3n org\u00e1nico que no da\u00f1a el medio ambiente y garantiza una comodidad total. Disponible en S, M y L.\" \/>\n<meta property=\"og:url\" content=\"https:\/\/www.dutchfem.com\/es\/comprar\/28934\/\" \/>\n<meta property=\"og:site_name\" content=\"Dutchfem\" \/>\n<meta property=\"article:publisher\" content=\"https:\/\/www.facebook.com\/Dutchfem\/\" \/>\n<meta property=\"article:modified_time\" content=\"2024-04-27T16:05:57+00:00\" \/>\n<meta property=\"og:image\" content=\"https:\/\/www.dutchfem.com\/wp-content\/uploads\/2019\/11\/OG-kush-tshirt-dames-wit-paars-groen-scaled-e1712597442872.jpg\" \/>\n\t<meta property=\"og:image:width\" content=\"2560\" \/>\n\t<meta property=\"og:image:height\" content=\"2560\" \/>\n\t<meta property=\"og:image:type\" content=\"image\/jpeg\" \/>\n<meta name=\"twitter:card\" content=\"summary_large_image\" \/>\n<meta name=\"twitter:site\" content=\"@dutchfem\" \/>\n<script type=\"application\/ld+json\" class=\"yoast-schema-graph\">{\"@context\":\"https:\/\/schema.org\",\"@graph\":[{\"@type\":\"WebPage\",\"@id\":\"https:\/\/www.dutchfem.com\/es\/comprar\/28934\/\",\"url\":\"https:\/\/www.dutchfem.com\/es\/comprar\/28934\/\",\"name\":\"T-Shirt White Women's Kush with Purple OG Kush - Dutchfem\",\"isPartOf\":{\"@id\":\"https:\/\/www.dutchfem.com\/#website\"},\"primaryImageOfPage\":{\"@id\":\"https:\/\/www.dutchfem.com\/es\/comprar\/28934\/#primaryimage\"},\"image\":{\"@id\":\"https:\/\/www.dutchfem.com\/es\/comprar\/28934\/#primaryimage\"},\"thumbnailUrl\":\"https:\/\/www.dutchfem.com\/wp-content\/uploads\/2019\/11\/OG-kush-tshirt-dames-wit-paars-groen-scaled-e1712597442872.jpg\",\"datePublished\":\"2019-11-27T20:43:52+00:00\",\"dateModified\":\"2024-04-27T16:05:57+00:00\",\"breadcrumb\":{\"@id\":\"https:\/\/www.dutchfem.com\/es\/comprar\/28934\/#breadcrumb\"},\"inLanguage\":\"es\",\"potentialAction\":[{\"@type\":\"ReadAction\",\"target\":[\"https:\/\/www.dutchfem.com\/es\/comprar\/28934\/\"]}]},{\"@type\":\"ImageObject\",\"inLanguage\":\"es\",\"@id\":\"https:\/\/www.dutchfem.com\/es\/comprar\/28934\/#primaryimage\",\"url\":\"https:\/\/www.dutchfem.com\/wp-content\/uploads\/2019\/11\/OG-kush-tshirt-dames-wit-paars-groen-scaled-e1712597442872.jpg\",\"contentUrl\":\"https:\/\/www.dutchfem.com\/wp-content\/uploads\/2019\/11\/OG-kush-tshirt-dames-wit-paars-groen-scaled-e1712597442872.jpg\",\"width\":2560,\"height\":2560},{\"@type\":\"BreadcrumbList\",\"@id\":\"https:\/\/www.dutchfem.com\/es\/comprar\/28934\/#breadcrumb\",\"itemListElement\":[{\"@type\":\"ListItem\",\"position\":1,\"name\":\"Home\",\"item\":\"https:\/\/www.dutchfem.com\/es\/\"},{\"@type\":\"ListItem\",\"position\":2,\"name\":\"Tienda\",\"item\":\"https:\/\/www.dutchfem.com\/es\/tienda\/\"},{\"@type\":\"ListItem\",\"position\":3,\"name\":\"T-Shirt White Women&#8217;s Kush with Purple OG Kush\"}]},{\"@type\":\"WebSite\",\"@id\":\"https:\/\/www.dutchfem.com\/#website\",\"url\":\"https:\/\/www.dutchfem.com\/\",\"name\":\"Dutchfem\",\"description\":\"Buy Feminized Cannabis Seeds - Autoflowering Seeds - Medical Marijuana Seeds &amp; CBD Oil online\",\"publisher\":{\"@id\":\"https:\/\/www.dutchfem.com\/#organization\"},\"potentialAction\":[{\"@type\":\"SearchAction\",\"target\":{\"@type\":\"EntryPoint\",\"urlTemplate\":\"https:\/\/www.dutchfem.com\/?s={search_term_string}\"},\"query-input\":{\"@type\":\"PropertyValueSpecification\",\"valueRequired\":true,\"valueName\":\"search_term_string\"}}],\"inLanguage\":\"es\"},{\"@type\":\"Organization\",\"@id\":\"https:\/\/www.dutchfem.com\/#organization\",\"name\":\"Dutchfem Cannabis Seeds\",\"url\":\"https:\/\/www.dutchfem.com\/\",\"logo\":{\"@type\":\"ImageObject\",\"inLanguage\":\"es\",\"@id\":\"https:\/\/www.dutchfem.com\/#\/schema\/logo\/image\/\",\"url\":\"https:\/\/www.dutchfem.com\/wp-content\/uploads\/2017\/10\/logo_Dutchfem-web.png\",\"contentUrl\":\"https:\/\/www.dutchfem.com\/wp-content\/uploads\/2017\/10\/logo_Dutchfem-web.png\",\"width\":825,\"height\":288,\"caption\":\"Dutchfem Cannabis Seeds\"},\"image\":{\"@id\":\"https:\/\/www.dutchfem.com\/#\/schema\/logo\/image\/\"},\"sameAs\":[\"https:\/\/www.facebook.com\/Dutchfem\/\",\"https:\/\/x.com\/dutchfem\",\"https:\/\/www.instagram.com\/dutchfemseeds\/\",\"https:\/\/www.youtube.com\/@Dutchfem\",\"https:\/\/nl.pinterest.com\/dutchfem\/\",\"https:\/\/bsky.app\/profile\/dutchfem.bsky.social\",\"https:\/\/www.threads.com\/@dutchfemseeds?igshid=NTc4MTIwNjQ2YQ\",\"https:\/\/www.tumblr.com\/dutchfemseeds\"]}]}<\/script>\n<!-- \/ Yoast SEO plugin. -->","yoast_head_json":{"title":"T-Shirt White Women's Kush with Purple OG Kush - Dutchfem","robots":{"index":"index","follow":"follow","max-snippet":"max-snippet:-1","max-image-preview":"max-image-preview:large","max-video-preview":"max-video-preview:-1"},"canonical":"https:\/\/www.dutchfem.com\/es\/comprar\/28934\/","og_locale":"es_ES","og_type":"article","og_title":"T-Shirt White Women's Kush with Purple OG Kush - Dutchfem","og_description":"Camiseta Kush blanca para mujer de Dutchfem con estampado de cannabis morado y letras verdes. Esta camiseta Kush blanca de manga corta para mujer es el complemento perfecto para el armario de cualquier amante de Dutchfem y Kush. 100% algod\u00f3n org\u00e1nico que no da\u00f1a el medio ambiente y garantiza una comodidad total. Disponible en S, M y L.","og_url":"https:\/\/www.dutchfem.com\/es\/comprar\/28934\/","og_site_name":"Dutchfem","article_publisher":"https:\/\/www.facebook.com\/Dutchfem\/","article_modified_time":"2024-04-27T16:05:57+00:00","og_image":[{"width":2560,"height":2560,"url":"https:\/\/www.dutchfem.com\/wp-content\/uploads\/2019\/11\/OG-kush-tshirt-dames-wit-paars-groen-scaled-e1712597442872.jpg","type":"image\/jpeg"}],"twitter_card":"summary_large_image","twitter_site":"@dutchfem","schema":{"@context":"https:\/\/schema.org","@graph":[{"@type":"WebPage","@id":"https:\/\/www.dutchfem.com\/es\/comprar\/28934\/","url":"https:\/\/www.dutchfem.com\/es\/comprar\/28934\/","name":"T-Shirt White Women's Kush with Purple OG Kush - Dutchfem","isPartOf":{"@id":"https:\/\/www.dutchfem.com\/#website"},"primaryImageOfPage":{"@id":"https:\/\/www.dutchfem.com\/es\/comprar\/28934\/#primaryimage"},"image":{"@id":"https:\/\/www.dutchfem.com\/es\/comprar\/28934\/#primaryimage"},"thumbnailUrl":"https:\/\/www.dutchfem.com\/wp-content\/uploads\/2019\/11\/OG-kush-tshirt-dames-wit-paars-groen-scaled-e1712597442872.jpg","datePublished":"2019-11-27T20:43:52+00:00","dateModified":"2024-04-27T16:05:57+00:00","breadcrumb":{"@id":"https:\/\/www.dutchfem.com\/es\/comprar\/28934\/#breadcrumb"},"inLanguage":"es","potentialAction":[{"@type":"ReadAction","target":["https:\/\/www.dutchfem.com\/es\/comprar\/28934\/"]}]},{"@type":"ImageObject","inLanguage":"es","@id":"https:\/\/www.dutchfem.com\/es\/comprar\/28934\/#primaryimage","url":"https:\/\/www.dutchfem.com\/wp-content\/uploads\/2019\/11\/OG-kush-tshirt-dames-wit-paars-groen-scaled-e1712597442872.jpg","contentUrl":"https:\/\/www.dutchfem.com\/wp-content\/uploads\/2019\/11\/OG-kush-tshirt-dames-wit-paars-groen-scaled-e1712597442872.jpg","width":2560,"height":2560},{"@type":"BreadcrumbList","@id":"https:\/\/www.dutchfem.com\/es\/comprar\/28934\/#breadcrumb","itemListElement":[{"@type":"ListItem","position":1,"name":"Home","item":"https:\/\/www.dutchfem.com\/es\/"},{"@type":"ListItem","position":2,"name":"Tienda","item":"https:\/\/www.dutchfem.com\/es\/tienda\/"},{"@type":"ListItem","position":3,"name":"T-Shirt White Women&#8217;s Kush with Purple OG Kush"}]},{"@type":"WebSite","@id":"https:\/\/www.dutchfem.com\/#website","url":"https:\/\/www.dutchfem.com\/","name":"Dutchfem","description":"Buy Feminized Cannabis Seeds - Autoflowering Seeds - Medical Marijuana Seeds &amp; CBD Oil online","publisher":{"@id":"https:\/\/www.dutchfem.com\/#organization"},"potentialAction":[{"@type":"SearchAction","target":{"@type":"EntryPoint","urlTemplate":"https:\/\/www.dutchfem.com\/?s={search_term_string}"},"query-input":{"@type":"PropertyValueSpecification","valueRequired":true,"valueName":"search_term_string"}}],"inLanguage":"es"},{"@type":"Organization","@id":"https:\/\/www.dutchfem.com\/#organization","name":"Dutchfem Cannabis Seeds","url":"https:\/\/www.dutchfem.com\/","logo":{"@type":"ImageObject","inLanguage":"es","@id":"https:\/\/www.dutchfem.com\/#\/schema\/logo\/image\/","url":"https:\/\/www.dutchfem.com\/wp-content\/uploads\/2017\/10\/logo_Dutchfem-web.png","contentUrl":"https:\/\/www.dutchfem.com\/wp-content\/uploads\/2017\/10\/logo_Dutchfem-web.png","width":825,"height":288,"caption":"Dutchfem Cannabis Seeds"},"image":{"@id":"https:\/\/www.dutchfem.com\/#\/schema\/logo\/image\/"},"sameAs":["https:\/\/www.facebook.com\/Dutchfem\/","https:\/\/x.com\/dutchfem","https:\/\/www.instagram.com\/dutchfemseeds\/","https:\/\/www.youtube.com\/@Dutchfem","https:\/\/nl.pinterest.com\/dutchfem\/","https:\/\/bsky.app\/profile\/dutchfem.bsky.social","https:\/\/www.threads.com\/@dutchfemseeds?igshid=NTc4MTIwNjQ2YQ","https:\/\/www.tumblr.com\/dutchfemseeds"]}]}},"_links":{"self":[{"href":"https:\/\/www.dutchfem.com\/es\/wp-json\/wp\/v2\/product\/28934","targetHints":{"allow":["GET"]}}],"collection":[{"href":"https:\/\/www.dutchfem.com\/es\/wp-json\/wp\/v2\/product"}],"about":[{"href":"https:\/\/www.dutchfem.com\/es\/wp-json\/wp\/v2\/types\/product"}],"replies":[{"embeddable":true,"href":"https:\/\/www.dutchfem.com\/es\/wp-json\/wp\/v2\/comments?post=28934"}],"wp:featuredmedia":[{"embeddable":true,"href":"https:\/\/www.dutchfem.com\/es\/wp-json\/wp\/v2\/media\/28088"}],"wp:attachment":[{"href":"https:\/\/www.dutchfem.com\/es\/wp-json\/wp\/v2\/media?parent=28934"}],"wp:term":[{"taxonomy":"product_brand","embeddable":true,"href":"https:\/\/www.dutchfem.com\/es\/wp-json\/wp\/v2\/product_brand?post=28934"},{"taxonomy":"product_cat","embeddable":true,"href":"https:\/\/www.dutchfem.com\/es\/wp-json\/wp\/v2\/product_cat?post=28934"},{"taxonomy":"product_tag","embeddable":true,"href":"https:\/\/www.dutchfem.com\/es\/wp-json\/wp\/v2\/product_tag?post=28934"}],"curies":[{"name":"wp","href":"https:\/\/api.w.org\/{rel}","templated":true}]}}