{"id":33884,"date":"2024-11-13T00:21:19","date_gmt":"2024-11-12T23:21:19","guid":{"rendered":"https:\/\/www.dutchfem.com\/?post_type=product&#038;p=33884"},"modified":"2024-12-03T23:54:14","modified_gmt":"2024-12-03T22:54:14","slug":"mylar-e20-bolsas-resellables","status":"publish","type":"product","link":"https:\/\/www.dutchfem.com\/es\/comprar\/mylar-e20-bolsas-resellables\/","title":{"rendered":"\u20ac20 Mylar Bolsas Resellables"},"content":{"rendered":"<h2>Mylar \u20ac20 Bolsas Resellables<\/h2>\n<p>Presentamos nuestras elegantes Mylar \u20ac20 Bolsas Resellables : una opci\u00f3n elegante y funcional para guardar y salvaguardar tus valiosos y preciados cogollos de cosecha propia. Fabricada con material Mylar duradero y de alta calidad, esta bolsa con cierre de pinza est\u00e1 dise\u00f1ada para combinar lo mejor del atractivo est\u00e9tico y la funci\u00f3n protectora.<\/p>\n<p>&nbsp;<\/p>\n<p>Mylar \u20ac20 Bolsas Resellables. Regalar tus cogollos de cannabis caseros a tus amigos en estas bolsas ziploc de mylar con el estampado \u20ac20 a\u00f1ade una capa extra de valor y emoci\u00f3n a tu regalo. Su elegante dise\u00f1o, con su alegre aspecto de euro, da una sensaci\u00f3n de valor a tus cogollos. El cierre de agarre seguro mantiene los cogollos frescos y arom\u00e1ticos, mejorando la presentaci\u00f3n general. Es una forma divertida y \u00fanica de compartir su pasi\u00f3n por la calidad y la creatividad, a la vez que regala a sus amigos algo que disfrutar\u00e1n y recordar\u00e1n. Este envoltorio sencillo y elegante a\u00f1ade a\u00fan m\u00e1s valor a su atento gesto.<\/p>\n<p>&nbsp;<\/p>\n<p>Mylar \u20ac20 Bolsas Resellables. La superficie de la bolsa luce un llamativo estampado de 20 euros, que aporta un elemento de valor y exclusividad a las bolsas de agarre. Este llamativo estampado no s\u00f3lo a\u00f1ade un toque de sofisticaci\u00f3n, sino que tambi\u00e9n confiere a la bolsa con cremallera de 20 \u20ac un aspecto \u00fanico y de primera calidad, lo que la convierte en un envoltorio de regalo ideal. La combinaci\u00f3n de un dise\u00f1o vibrante de inspiraci\u00f3n europea con un cierre de agarre duradero hace que esta bolsa sea tan pr\u00e1ctica como bonita.<\/p>\n<p>&nbsp;<\/p>\n<p>Mylar \u20ac20 Bolsas Resellables. El fiable cierre de agarre sella herm\u00e9ticamente, manteniendo el contenido fresco, seguro y alejado de la humedad, el aire y el polvo. Cuando la utilice para guardar sus hierbas, esta bolsa le garantiza que todo se mantendr\u00e1 en perfectas condiciones. El cierre de agarre es reutilizable, por lo que es f\u00e1cil de abrir y cerrar sin comprometer la calidad herm\u00e9tica. La parte superior de estas bolsas de agarre se puede fundir para cerrarla con un dispositivo de sellado t\u00e9rmico, tras lo cual las bolsas se pueden volver a abrir por los huecos sin da\u00f1ar el cierre de agarre. La bolsa de agarre puede volver a cerrarse y abrirse f\u00e1cilmente con el pr\u00e1ctico cierre de agarre.<\/p>\n<p>&nbsp;<\/p>\n<p>Mylar \u20ac20 Bolsas Resellables. Con un tama\u00f1o ideal para su transporte, esta bolsa Mylar con cierre de cremallera es c\u00f3moda de llevar en el bolsillo, el bolso o la mochila. Perfecta tanto para la organizaci\u00f3n dom\u00e9stica como para el almacenamiento sobre la marcha, es un accesorio vers\u00e1til para los cultivadores. Ligera pero muy duradera, esta bolsa tambi\u00e9n resiste pinchazos y roturas, lo que garantiza una mayor duraci\u00f3n incluso con un uso regular.<\/p>\n<p>&nbsp;<\/p>\n<p>Tanto si eres cultivador como si te gustan las soluciones de almacenamiento pr\u00e1cticas y divertidas, esta bolsa de Mylar con estampado de 20 \u20ac es una elecci\u00f3n perfecta. Tambi\u00e9n disponible en bolsas grip seal de 10 y 50 euros<\/p>\n<p style=\"text-align: center;\"><span style=\"color: #ff9900;\"><a style=\"color: #ff9900;\" href=\"https:\/\/www.dutchfem.com\/es\/las-diferencias-entre-porros-blunts-y-porros\/\">Las diferencias entre Joints, Blunts y Spliffs<\/a><\/span><\/p>\n<p style=\"text-align: center;\"><span style=\"color: #ff9900;\"><a style=\"color: #ff9900;\" href=\"https:\/\/www.dutchfem.com\/es\/por-que-es-importante-descarboxilar-el-cannabis-y-como-se-hace\/\">\u00bfPor qu\u00e9 es importante descarboxilar el cannabis y c\u00f3mo se hace?<\/a><\/span><\/p>\n<p style=\"text-align: center;\"><span style=\"color: #ff9900;\"><a style=\"color: #ff9900;\" href=\"https:\/\/www.dutchfem.com\/es\/mejorando-el-sabor-del-cannabis\/\">C\u00f3mo mejorar el sabor del cannabis<\/a><\/span><\/p>\n<p style=\"text-align: center;\"><span style=\"color: #ff9900;\"><a style=\"color: #ff9900;\" href=\"https:\/\/www.instagram.com\/p\/C6KXo47qKWb\/\">Dutchfem Grinders Instagram<\/a><\/span><\/p>\n<p style=\"text-align: center;\"><span style=\"color: #ff9900;\"><a style=\"color: #ff9900;\" href=\"https:\/\/www.facebook.com\/Dutchfem\/photos\/pb.100063495100818.-2207520000\/2672717149613551\/?type=3&amp;locale=nl_NL\">Dutchfem Filtertips Facebook<\/a><\/span><\/p>\n<p style=\"text-align: center;\"><span style=\"color: #ff9900;\"><a style=\"color: #ff9900;\" href=\"https:\/\/nl.pinterest.com\/pin\/650910952414022573\/\">Cvault Pinterest<\/a><\/span><\/p>\n<p style=\"text-align: center;\">\n","protected":false},"excerpt":{"rendered":"<p>Presentamos nuestra elegante bolsa de Mylar de 20 \u20ac con cierre de cremallera: una opci\u00f3n elegante y funcional para guardar y salvaguardar tus valiosos y preciados cogollos de cannabis Dutchfem cultivados en casa.<\/p>\n","protected":false},"featured_media":33924,"comment_status":"open","ping_status":"closed","template":"","meta":{"_exactmetrics_skip_tracking":false,"_exactmetrics_sitenote_active":false,"_exactmetrics_sitenote_note":"","_exactmetrics_sitenote_category":0},"product_brand":[],"product_cat":[352],"product_tag":[4872,4871,4869,4870,4868],"class_list":{"0":"post-33884","1":"product","2":"type-product","3":"status-publish","4":"has-post-thumbnail","6":"product_cat-mercancias","7":"product_tag-bag-es","8":"product_tag-grip-es","9":"product_tag-lock-es","10":"product_tag-seal-es","11":"product_tag-zip-es","13":"first","14":"instock","15":"taxable","16":"shipping-taxable","17":"purchasable","18":"product-type-simple"},"yoast_head":"<!-- This site is optimized with the Yoast SEO plugin v26.9 - https:\/\/yoast.com\/product\/yoast-seo-wordpress\/ -->\n<title>Mylar \u20ac20 Bolsas Resellables\u00a0 - Env\u00edo r\u00e1pido y discreto! - Dutchfem<\/title>\n<meta name=\"description\" content=\"Este llamativo estampado confiere a las Mylar \u20ac20 Bolsas Resellables un aspecto \u00fanico, que las convierte en el envase ideal para sus hierbas.\" \/>\n<meta name=\"robots\" content=\"noindex, follow\" \/>\n<meta property=\"og:locale\" content=\"es_ES\" \/>\n<meta property=\"og:type\" content=\"article\" \/>\n<meta property=\"og:title\" content=\"Mylar \u20ac20 Bolsas Resellables\u00a0 - Env\u00edo r\u00e1pido y discreto! - Dutchfem\" \/>\n<meta property=\"og:description\" content=\"Este llamativo estampado confiere a las Mylar \u20ac20 Bolsas Resellables un aspecto \u00fanico, que las convierte en el envase ideal para sus hierbas.\" \/>\n<meta property=\"og:url\" content=\"https:\/\/www.dutchfem.com\/es\/comprar\/mylar-e20-bolsas-resellables\/\" \/>\n<meta property=\"og:site_name\" content=\"Dutchfem\" \/>\n<meta property=\"article:publisher\" content=\"https:\/\/www.facebook.com\/Dutchfem\/\" \/>\n<meta property=\"article:modified_time\" content=\"2024-12-03T22:54:14+00:00\" \/>\n<meta property=\"og:image\" content=\"https:\/\/www.dutchfem.com\/wp-content\/uploads\/2024\/11\/20E.jpeg\" \/>\n\t<meta property=\"og:image:width\" content=\"640\" \/>\n\t<meta property=\"og:image:height\" content=\"640\" \/>\n\t<meta property=\"og:image:type\" content=\"image\/jpeg\" \/>\n<meta name=\"twitter:card\" content=\"summary_large_image\" \/>\n<meta name=\"twitter:site\" content=\"@dutchfem\" \/>\n<meta name=\"twitter:label1\" content=\"Tiempo de lectura\" \/>\n\t<meta name=\"twitter:data1\" content=\"3 minutos\" \/>\n<script type=\"application\/ld+json\" class=\"yoast-schema-graph\">{\"@context\":\"https:\/\/schema.org\",\"@graph\":[{\"@type\":\"WebPage\",\"@id\":\"https:\/\/www.dutchfem.com\/es\/comprar\/mylar-e20-bolsas-resellables\/\",\"url\":\"https:\/\/www.dutchfem.com\/es\/comprar\/mylar-e20-bolsas-resellables\/\",\"name\":\"Mylar \u20ac20 Bolsas Resellables\u00a0 - Env\u00edo r\u00e1pido y discreto! - Dutchfem\",\"isPartOf\":{\"@id\":\"https:\/\/www.dutchfem.com\/#website\"},\"primaryImageOfPage\":{\"@id\":\"https:\/\/www.dutchfem.com\/es\/comprar\/mylar-e20-bolsas-resellables\/#primaryimage\"},\"image\":{\"@id\":\"https:\/\/www.dutchfem.com\/es\/comprar\/mylar-e20-bolsas-resellables\/#primaryimage\"},\"thumbnailUrl\":\"https:\/\/www.dutchfem.com\/wp-content\/uploads\/2024\/11\/20E.jpeg\",\"datePublished\":\"2024-11-12T23:21:19+00:00\",\"dateModified\":\"2024-12-03T22:54:14+00:00\",\"description\":\"Este llamativo estampado confiere a las Mylar \u20ac20 Bolsas Resellables un aspecto \u00fanico, que las convierte en el envase ideal para sus hierbas.\",\"breadcrumb\":{\"@id\":\"https:\/\/www.dutchfem.com\/es\/comprar\/mylar-e20-bolsas-resellables\/#breadcrumb\"},\"inLanguage\":\"es\",\"potentialAction\":[{\"@type\":\"ReadAction\",\"target\":[\"https:\/\/www.dutchfem.com\/es\/comprar\/mylar-e20-bolsas-resellables\/\"]}]},{\"@type\":\"ImageObject\",\"inLanguage\":\"es\",\"@id\":\"https:\/\/www.dutchfem.com\/es\/comprar\/mylar-e20-bolsas-resellables\/#primaryimage\",\"url\":\"https:\/\/www.dutchfem.com\/wp-content\/uploads\/2024\/11\/20E.jpeg\",\"contentUrl\":\"https:\/\/www.dutchfem.com\/wp-content\/uploads\/2024\/11\/20E.jpeg\",\"width\":640,\"height\":640,\"caption\":\"Mylar \u20ac20 Bolsas Resellables\"},{\"@type\":\"BreadcrumbList\",\"@id\":\"https:\/\/www.dutchfem.com\/es\/comprar\/mylar-e20-bolsas-resellables\/#breadcrumb\",\"itemListElement\":[{\"@type\":\"ListItem\",\"position\":1,\"name\":\"Home\",\"item\":\"https:\/\/www.dutchfem.com\/es\/\"},{\"@type\":\"ListItem\",\"position\":2,\"name\":\"Tienda\",\"item\":\"https:\/\/www.dutchfem.com\/es\/tienda\/\"},{\"@type\":\"ListItem\",\"position\":3,\"name\":\"\u20ac20 Mylar Bolsas Resellables\"}]},{\"@type\":\"WebSite\",\"@id\":\"https:\/\/www.dutchfem.com\/#website\",\"url\":\"https:\/\/www.dutchfem.com\/\",\"name\":\"Dutchfem\",\"description\":\"Buy Feminized Cannabis Seeds - Autoflowering Seeds - Medical Marijuana Seeds &amp; CBD Oil online\",\"publisher\":{\"@id\":\"https:\/\/www.dutchfem.com\/#organization\"},\"potentialAction\":[{\"@type\":\"SearchAction\",\"target\":{\"@type\":\"EntryPoint\",\"urlTemplate\":\"https:\/\/www.dutchfem.com\/?s={search_term_string}\"},\"query-input\":{\"@type\":\"PropertyValueSpecification\",\"valueRequired\":true,\"valueName\":\"search_term_string\"}}],\"inLanguage\":\"es\"},{\"@type\":\"Organization\",\"@id\":\"https:\/\/www.dutchfem.com\/#organization\",\"name\":\"Dutchfem Cannabis Seeds\",\"url\":\"https:\/\/www.dutchfem.com\/\",\"logo\":{\"@type\":\"ImageObject\",\"inLanguage\":\"es\",\"@id\":\"https:\/\/www.dutchfem.com\/#\/schema\/logo\/image\/\",\"url\":\"https:\/\/www.dutchfem.com\/wp-content\/uploads\/2017\/10\/logo_Dutchfem-web.png\",\"contentUrl\":\"https:\/\/www.dutchfem.com\/wp-content\/uploads\/2017\/10\/logo_Dutchfem-web.png\",\"width\":825,\"height\":288,\"caption\":\"Dutchfem Cannabis Seeds\"},\"image\":{\"@id\":\"https:\/\/www.dutchfem.com\/#\/schema\/logo\/image\/\"},\"sameAs\":[\"https:\/\/www.facebook.com\/Dutchfem\/\",\"https:\/\/x.com\/dutchfem\",\"https:\/\/www.instagram.com\/dutchfemseeds\/\",\"https:\/\/www.youtube.com\/@Dutchfem\",\"https:\/\/nl.pinterest.com\/dutchfem\/\",\"https:\/\/bsky.app\/profile\/dutchfem.bsky.social\",\"https:\/\/www.threads.com\/@dutchfemseeds?igshid=NTc4MTIwNjQ2YQ\",\"https:\/\/www.tumblr.com\/dutchfemseeds\"]}]}<\/script>\n<!-- \/ Yoast SEO plugin. -->","yoast_head_json":{"title":"Mylar \u20ac20 Bolsas Resellables\u00a0 - Env\u00edo r\u00e1pido y discreto! - Dutchfem","description":"Este llamativo estampado confiere a las Mylar \u20ac20 Bolsas Resellables un aspecto \u00fanico, que las convierte en el envase ideal para sus hierbas.","robots":{"index":"noindex","follow":"follow"},"og_locale":"es_ES","og_type":"article","og_title":"Mylar \u20ac20 Bolsas Resellables\u00a0 - Env\u00edo r\u00e1pido y discreto! - Dutchfem","og_description":"Este llamativo estampado confiere a las Mylar \u20ac20 Bolsas Resellables un aspecto \u00fanico, que las convierte en el envase ideal para sus hierbas.","og_url":"https:\/\/www.dutchfem.com\/es\/comprar\/mylar-e20-bolsas-resellables\/","og_site_name":"Dutchfem","article_publisher":"https:\/\/www.facebook.com\/Dutchfem\/","article_modified_time":"2024-12-03T22:54:14+00:00","og_image":[{"width":640,"height":640,"url":"https:\/\/www.dutchfem.com\/wp-content\/uploads\/2024\/11\/20E.jpeg","type":"image\/jpeg"}],"twitter_card":"summary_large_image","twitter_site":"@dutchfem","twitter_misc":{"Tiempo de lectura":"3 minutos"},"schema":{"@context":"https:\/\/schema.org","@graph":[{"@type":"WebPage","@id":"https:\/\/www.dutchfem.com\/es\/comprar\/mylar-e20-bolsas-resellables\/","url":"https:\/\/www.dutchfem.com\/es\/comprar\/mylar-e20-bolsas-resellables\/","name":"Mylar \u20ac20 Bolsas Resellables\u00a0 - Env\u00edo r\u00e1pido y discreto! - Dutchfem","isPartOf":{"@id":"https:\/\/www.dutchfem.com\/#website"},"primaryImageOfPage":{"@id":"https:\/\/www.dutchfem.com\/es\/comprar\/mylar-e20-bolsas-resellables\/#primaryimage"},"image":{"@id":"https:\/\/www.dutchfem.com\/es\/comprar\/mylar-e20-bolsas-resellables\/#primaryimage"},"thumbnailUrl":"https:\/\/www.dutchfem.com\/wp-content\/uploads\/2024\/11\/20E.jpeg","datePublished":"2024-11-12T23:21:19+00:00","dateModified":"2024-12-03T22:54:14+00:00","description":"Este llamativo estampado confiere a las Mylar \u20ac20 Bolsas Resellables un aspecto \u00fanico, que las convierte en el envase ideal para sus hierbas.","breadcrumb":{"@id":"https:\/\/www.dutchfem.com\/es\/comprar\/mylar-e20-bolsas-resellables\/#breadcrumb"},"inLanguage":"es","potentialAction":[{"@type":"ReadAction","target":["https:\/\/www.dutchfem.com\/es\/comprar\/mylar-e20-bolsas-resellables\/"]}]},{"@type":"ImageObject","inLanguage":"es","@id":"https:\/\/www.dutchfem.com\/es\/comprar\/mylar-e20-bolsas-resellables\/#primaryimage","url":"https:\/\/www.dutchfem.com\/wp-content\/uploads\/2024\/11\/20E.jpeg","contentUrl":"https:\/\/www.dutchfem.com\/wp-content\/uploads\/2024\/11\/20E.jpeg","width":640,"height":640,"caption":"Mylar \u20ac20 Bolsas Resellables"},{"@type":"BreadcrumbList","@id":"https:\/\/www.dutchfem.com\/es\/comprar\/mylar-e20-bolsas-resellables\/#breadcrumb","itemListElement":[{"@type":"ListItem","position":1,"name":"Home","item":"https:\/\/www.dutchfem.com\/es\/"},{"@type":"ListItem","position":2,"name":"Tienda","item":"https:\/\/www.dutchfem.com\/es\/tienda\/"},{"@type":"ListItem","position":3,"name":"\u20ac20 Mylar Bolsas Resellables"}]},{"@type":"WebSite","@id":"https:\/\/www.dutchfem.com\/#website","url":"https:\/\/www.dutchfem.com\/","name":"Dutchfem","description":"Buy Feminized Cannabis Seeds - Autoflowering Seeds - Medical Marijuana Seeds &amp; CBD Oil online","publisher":{"@id":"https:\/\/www.dutchfem.com\/#organization"},"potentialAction":[{"@type":"SearchAction","target":{"@type":"EntryPoint","urlTemplate":"https:\/\/www.dutchfem.com\/?s={search_term_string}"},"query-input":{"@type":"PropertyValueSpecification","valueRequired":true,"valueName":"search_term_string"}}],"inLanguage":"es"},{"@type":"Organization","@id":"https:\/\/www.dutchfem.com\/#organization","name":"Dutchfem Cannabis Seeds","url":"https:\/\/www.dutchfem.com\/","logo":{"@type":"ImageObject","inLanguage":"es","@id":"https:\/\/www.dutchfem.com\/#\/schema\/logo\/image\/","url":"https:\/\/www.dutchfem.com\/wp-content\/uploads\/2017\/10\/logo_Dutchfem-web.png","contentUrl":"https:\/\/www.dutchfem.com\/wp-content\/uploads\/2017\/10\/logo_Dutchfem-web.png","width":825,"height":288,"caption":"Dutchfem Cannabis Seeds"},"image":{"@id":"https:\/\/www.dutchfem.com\/#\/schema\/logo\/image\/"},"sameAs":["https:\/\/www.facebook.com\/Dutchfem\/","https:\/\/x.com\/dutchfem","https:\/\/www.instagram.com\/dutchfemseeds\/","https:\/\/www.youtube.com\/@Dutchfem","https:\/\/nl.pinterest.com\/dutchfem\/","https:\/\/bsky.app\/profile\/dutchfem.bsky.social","https:\/\/www.threads.com\/@dutchfemseeds?igshid=NTc4MTIwNjQ2YQ","https:\/\/www.tumblr.com\/dutchfemseeds"]}]}},"_links":{"self":[{"href":"https:\/\/www.dutchfem.com\/es\/wp-json\/wp\/v2\/product\/33884","targetHints":{"allow":["GET"]}}],"collection":[{"href":"https:\/\/www.dutchfem.com\/es\/wp-json\/wp\/v2\/product"}],"about":[{"href":"https:\/\/www.dutchfem.com\/es\/wp-json\/wp\/v2\/types\/product"}],"replies":[{"embeddable":true,"href":"https:\/\/www.dutchfem.com\/es\/wp-json\/wp\/v2\/comments?post=33884"}],"wp:featuredmedia":[{"embeddable":true,"href":"https:\/\/www.dutchfem.com\/es\/wp-json\/wp\/v2\/media\/33924"}],"wp:attachment":[{"href":"https:\/\/www.dutchfem.com\/es\/wp-json\/wp\/v2\/media?parent=33884"}],"wp:term":[{"taxonomy":"product_brand","embeddable":true,"href":"https:\/\/www.dutchfem.com\/es\/wp-json\/wp\/v2\/product_brand?post=33884"},{"taxonomy":"product_cat","embeddable":true,"href":"https:\/\/www.dutchfem.com\/es\/wp-json\/wp\/v2\/product_cat?post=33884"},{"taxonomy":"product_tag","embeddable":true,"href":"https:\/\/www.dutchfem.com\/es\/wp-json\/wp\/v2\/product_tag?post=33884"}],"curies":[{"name":"wp","href":"https:\/\/api.w.org\/{rel}","templated":true}]}}