{"id":4308,"date":"2017-11-16T19:11:59","date_gmt":"2017-11-16T19:11:59","guid":{"rendered":"https:\/\/www.dutchfem.com\/buy\/dutch-cheese\/"},"modified":"2026-03-07T14:05:26","modified_gmt":"2026-03-07T13:05:26","slug":"dutch-cheese-semillas-feminizadas","status":"publish","type":"product","link":"https:\/\/www.dutchfem.com\/es\/comprar\/dutch-cheese-semillas-feminizadas\/","title":{"rendered":"Dutch Cheese"},"content":{"rendered":"<h2><strong>Dutch Cheese<\/strong><\/h2>\n<p>Dutch Cheese semillas feminizadas. Esta versi\u00f3n feminizada holandesa presenta la cl\u00e1sica cepa Cheese, conocida por su aroma distintivo y una experiencia sativa-indica bien equilibrada.<\/p>\n<p>&nbsp;<\/p>\n<h3><strong>Perfil de cepa Dutch Cheese semillas feminizadas:<\/strong><\/h3>\n<p>Dutch Cheese Feminizada es una variante de cannabis feminizada holandesa de la variedad Cheese original, un h\u00edbrido que combina la gen\u00e9tica de Skunk y Afghani. Esta cuidadosa combinaci\u00f3n da como resultado un h\u00edbrido bien equilibrado que se inclina ligeramente hacia el lado \u00edndica, brindando una combinaci\u00f3n armoniosa de vigorizaci\u00f3n cerebral y relajaci\u00f3n f\u00edsica.<\/p>\n<p>&nbsp;<\/p>\n<h3><strong>Aroma y Sabor:<\/strong><\/h3>\n<p>Prepara tus sentidos para una experiencia olfativa verdaderamente \u00fanica con Dutch Cheese. La variedad tiene un aroma picante y sabroso que recuerda al queso a\u00f1ejo, con matices terrosos y toques de skunk dulce. El perfil de sabor sigue su ejemplo, ofreciendo una mezcla compleja de riqueza de queso con sutiles notas herb\u00e1ceas y especiadas, creando una experiencia de fumar o vapear distintiva y sabrosa.<\/p>\n<p>&nbsp;<\/p>\n<h3><strong>Efectos:<\/strong><\/h3>\n<p>Disfrute de los efectos equilibrados del queso holand\u00e9s. Esta cepa feminizada es famosa por proporcionar un estado mental euf\u00f3rico y edificante, acompa\u00f1ado de una relajante relajaci\u00f3n corporal. La naturaleza h\u00edbrida garantiza que los usuarios puedan disfrutar de una mentalidad creativa y centrada mientras se benefician de la influencia calmante, lo que lo hace adecuado para diversas ocasiones.<\/p>\n<p>&nbsp;<\/p>\n<h3><strong>Beneficios medicos:<\/strong><\/h3>\n<p>M\u00e1s all\u00e1 de su atractivo recreativo, la marihuana Cheese puede ofrecer beneficios terap\u00e9uticos. Las propiedades de la cepa para mejorar el estado de \u00e1nimo y aliviar el estr\u00e9s pueden ayudar potencialmente a las personas a lidiar con la ansiedad, la depresi\u00f3n y la tensi\u00f3n cotidiana. La suave relajaci\u00f3n f\u00edsica tambi\u00e9n puede aliviar los dolores y molestias leves.<\/p>\n<p>&nbsp;<\/p>\n<h3><strong>Cultivo Dutch\u00a0semillas feminizadas:<\/strong><\/h3>\n<p>Cultivar nuestras semillas feminizadas de Dutchfem Cheese es una experiencia gratificante para los cultivadores que buscan productividad, calidad y comodidad. Como variante feminizada, elimina la necesidad de tratar con plantas masculinas, asegurando que cada semilla cultivada producir\u00e1 una planta femenina. Con un tiempo de floraci\u00f3n moderado, los cultivadores pueden esperar plantas robustas que produzcan cogollos resinosos, lo que la convierte en una excelente opci\u00f3n tanto para cultivadores novatos como experimentados.<\/p>\n<p>&nbsp;<\/p>\n<p>Celebre el legado del cannabis holand\u00e9s con Cheese Feminizada de Dutchfem. Esta variedad invita a los entusiastas a saborear los sabores y efectos distintivos que han hecho de Dutchfem Cheese un elemento b\u00e1sico en la comunidad cann\u00e1bica. Mejora tu viaje cann\u00e1bico con el rico aroma y la experiencia equilibrada que definen a Dutch Cheese.<\/p>\n<p>&nbsp;<\/p>\n<p><span style=\"color: #ff9900;\"><a style=\"color: #ff9900;\" href=\"https:\/\/www.dutchfem.com\/es\/como-obtener-el-maximo-rendimiento-por-planta\/\" target=\"_blank\" rel=\"noopener\">\u00bfC\u00f3mo obtener el m\u00e1ximo rendimiento por planta?<\/a><\/span><\/p>\n<p><span style=\"color: #ff9900;\"><a style=\"color: #ff9900;\" href=\"https:\/\/www.dutchfem.com\/es\/como-se-estimula-la-floracion-del-cannabis\/\" target=\"_blank\" rel=\"noopener\">\u00bfC\u00f3mo se estimula la floraci\u00f3n del cannabis?<\/a><\/span><\/p>\n<p><span style=\"color: #ff9900;\"><a style=\"color: #ff9900;\" href=\"https:\/\/www.dutchfem.com\/es\/cuales-son-las-mejores-lamparas-led-para-el-cultivo-de-cannabis\/\" target=\"_blank\" rel=\"noopener\">Cuales son las mejores l\u00e1mparas LED para el cultivo de Cannabis<\/a><\/span><\/p>\n<p><span style=\"color: #ff9900;\"><a style=\"color: #ff9900;\" href=\"https:\/\/www.instagram.com\/p\/CKWnI_ZseR3\/\" target=\"_blank\" rel=\"noopener\">Dutchfem Cheese Instagram<\/a><\/span><\/p>\n<p><span style=\"color: #ff9900;\"><a style=\"color: #ff9900;\" href=\"https:\/\/www.instagram.com\/p\/CMzHB8oMPNm\/\" target=\"_blank\" rel=\"noopener\">Dutch Cheese Instagram<\/a><\/span><\/p>\n<p><span style=\"color: #ff9900;\"><a style=\"color: #ff9900;\" href=\"https:\/\/www.facebook.com\/Dutchfem\/photos\/pb.100063495100818.-2207520000\/2156126211272650\/?type=3&amp;locale=nl_NL\" target=\"_blank\" rel=\"noopener\">DC on Facebook<\/a><\/span><\/p>\n<p><span style=\"color: #ff9900;\"><a style=\"color: #ff9900;\" href=\"https:\/\/www.facebook.com\/Dutchfem\/photos\/pb.100063495100818.-2207520000\/2815830268635571\/?type=3\" target=\"_blank\" rel=\"noopener\">Dutch Cheese Facebook<\/a><\/span><\/p>\n<p>&nbsp;<\/p>\n","protected":false},"excerpt":{"rendered":"<p>Dutch Cheese Una tensi\u00f3n s\u00faper productiva que encarna la rica herencia de la gen\u00e9tica del cannabis holand\u00e9s, ofreciendo una combinaci\u00f3n encantadora de sabores sabios y efectos euf\u00f3ricos.<\/p>\n","protected":false},"featured_media":38640,"comment_status":"open","ping_status":"closed","template":"","meta":{"_exactmetrics_skip_tracking":false,"_exactmetrics_sitenote_active":false,"_exactmetrics_sitenote_note":"","_exactmetrics_sitenote_category":0},"product_brand":[],"product_cat":[109],"product_tag":[],"class_list":{"0":"post-4308","1":"product","2":"type-product","3":"status-publish","4":"has-post-thumbnail","6":"product_cat-semillas-de-marihuana-feminizadas","8":"first","9":"instock","10":"taxable","11":"shipping-taxable","12":"purchasable","13":"product-type-variable","14":"has-default-attributes"},"yoast_head":"<!-- This site is optimized with the Yoast SEO plugin v26.9 - https:\/\/yoast.com\/product\/yoast-seo-wordpress\/ -->\n<title>Dutch Cheese Semillas Feminizadas - Compre En L\u00ednea Dutchfem<\/title>\n<meta name=\"description\" content=\"Dutch Cheese Semillas De Marihuana Feminizadas - Env\u00edo r\u00e1pido y discreto! - Cheese, una especie legendaria con ra\u00edces en Gran Breta\u00f1a.\" \/>\n<meta name=\"robots\" content=\"index, follow, max-snippet:-1, max-image-preview:large, max-video-preview:-1\" \/>\n<link rel=\"canonical\" href=\"https:\/\/www.dutchfem.com\/es\/comprar\/dutch-cheese-semillas-feminizadas\/\" \/>\n<meta property=\"og:locale\" content=\"es_ES\" \/>\n<meta property=\"og:type\" content=\"article\" \/>\n<meta property=\"og:title\" content=\"Dutch Cheese Semillas Feminizadas - Compre En L\u00ednea Dutchfem\" \/>\n<meta property=\"og:description\" content=\"Dutch Cheese Semillas De Marihuana Feminizadas - Env\u00edo r\u00e1pido y discreto! - Cheese, una especie legendaria con ra\u00edces en Gran Breta\u00f1a.\" \/>\n<meta property=\"og:url\" content=\"https:\/\/www.dutchfem.com\/es\/comprar\/dutch-cheese-semillas-feminizadas\/\" \/>\n<meta property=\"og:site_name\" content=\"Dutchfem\" \/>\n<meta property=\"article:publisher\" content=\"https:\/\/www.facebook.com\/Dutchfem\/\" \/>\n<meta property=\"article:modified_time\" content=\"2026-03-07T13:05:26+00:00\" \/>\n<meta property=\"og:image\" content=\"https:\/\/www.dutchfem.com\/wp-content\/uploads\/2017\/10\/dutch-cheese-e1746823300840.jpeg\" \/>\n\t<meta property=\"og:image:width\" content=\"1179\" \/>\n\t<meta property=\"og:image:height\" content=\"1179\" \/>\n\t<meta property=\"og:image:type\" content=\"image\/jpeg\" \/>\n<meta name=\"twitter:card\" content=\"summary_large_image\" \/>\n<meta name=\"twitter:site\" content=\"@dutchfem\" \/>\n<meta name=\"twitter:label1\" content=\"Tiempo de lectura\" \/>\n\t<meta name=\"twitter:data1\" content=\"3 minutos\" \/>\n<script type=\"application\/ld+json\" class=\"yoast-schema-graph\">{\"@context\":\"https:\/\/schema.org\",\"@graph\":[{\"@type\":\"WebPage\",\"@id\":\"https:\/\/www.dutchfem.com\/es\/comprar\/dutch-cheese-semillas-feminizadas\/\",\"url\":\"https:\/\/www.dutchfem.com\/es\/comprar\/dutch-cheese-semillas-feminizadas\/\",\"name\":\"Dutch Cheese Semillas Feminizadas - Compre En L\u00ednea Dutchfem\",\"isPartOf\":{\"@id\":\"https:\/\/www.dutchfem.com\/#website\"},\"primaryImageOfPage\":{\"@id\":\"https:\/\/www.dutchfem.com\/es\/comprar\/dutch-cheese-semillas-feminizadas\/#primaryimage\"},\"image\":{\"@id\":\"https:\/\/www.dutchfem.com\/es\/comprar\/dutch-cheese-semillas-feminizadas\/#primaryimage\"},\"thumbnailUrl\":\"https:\/\/www.dutchfem.com\/wp-content\/uploads\/2017\/10\/dutch-cheese-e1746823300840.jpeg\",\"datePublished\":\"2017-11-16T19:11:59+00:00\",\"dateModified\":\"2026-03-07T13:05:26+00:00\",\"description\":\"Dutch Cheese Semillas De Marihuana Feminizadas - Env\u00edo r\u00e1pido y discreto! - Cheese, una especie legendaria con ra\u00edces en Gran Breta\u00f1a.\",\"breadcrumb\":{\"@id\":\"https:\/\/www.dutchfem.com\/es\/comprar\/dutch-cheese-semillas-feminizadas\/#breadcrumb\"},\"inLanguage\":\"es\",\"potentialAction\":[{\"@type\":\"ReadAction\",\"target\":[\"https:\/\/www.dutchfem.com\/es\/comprar\/dutch-cheese-semillas-feminizadas\/\"]}]},{\"@type\":\"ImageObject\",\"inLanguage\":\"es\",\"@id\":\"https:\/\/www.dutchfem.com\/es\/comprar\/dutch-cheese-semillas-feminizadas\/#primaryimage\",\"url\":\"https:\/\/www.dutchfem.com\/wp-content\/uploads\/2017\/10\/dutch-cheese-e1746823300840.jpeg\",\"contentUrl\":\"https:\/\/www.dutchfem.com\/wp-content\/uploads\/2017\/10\/dutch-cheese-e1746823300840.jpeg\",\"width\":1179,\"height\":1179,\"caption\":\"dutch cheese feminized cannabis seeds\"},{\"@type\":\"BreadcrumbList\",\"@id\":\"https:\/\/www.dutchfem.com\/es\/comprar\/dutch-cheese-semillas-feminizadas\/#breadcrumb\",\"itemListElement\":[{\"@type\":\"ListItem\",\"position\":1,\"name\":\"Home\",\"item\":\"https:\/\/www.dutchfem.com\/es\/\"},{\"@type\":\"ListItem\",\"position\":2,\"name\":\"Tienda\",\"item\":\"https:\/\/www.dutchfem.com\/es\/tienda\/\"},{\"@type\":\"ListItem\",\"position\":3,\"name\":\"Dutch Cheese\"}]},{\"@type\":\"WebSite\",\"@id\":\"https:\/\/www.dutchfem.com\/#website\",\"url\":\"https:\/\/www.dutchfem.com\/\",\"name\":\"Dutchfem\",\"description\":\"Buy Feminized Cannabis Seeds - Autoflowering Seeds - Medical Marijuana Seeds &amp; CBD Oil online\",\"publisher\":{\"@id\":\"https:\/\/www.dutchfem.com\/#organization\"},\"potentialAction\":[{\"@type\":\"SearchAction\",\"target\":{\"@type\":\"EntryPoint\",\"urlTemplate\":\"https:\/\/www.dutchfem.com\/?s={search_term_string}\"},\"query-input\":{\"@type\":\"PropertyValueSpecification\",\"valueRequired\":true,\"valueName\":\"search_term_string\"}}],\"inLanguage\":\"es\"},{\"@type\":\"Organization\",\"@id\":\"https:\/\/www.dutchfem.com\/#organization\",\"name\":\"Dutchfem Cannabis Seeds\",\"url\":\"https:\/\/www.dutchfem.com\/\",\"logo\":{\"@type\":\"ImageObject\",\"inLanguage\":\"es\",\"@id\":\"https:\/\/www.dutchfem.com\/#\/schema\/logo\/image\/\",\"url\":\"https:\/\/www.dutchfem.com\/wp-content\/uploads\/2017\/10\/logo_Dutchfem-web.png\",\"contentUrl\":\"https:\/\/www.dutchfem.com\/wp-content\/uploads\/2017\/10\/logo_Dutchfem-web.png\",\"width\":825,\"height\":288,\"caption\":\"Dutchfem Cannabis Seeds\"},\"image\":{\"@id\":\"https:\/\/www.dutchfem.com\/#\/schema\/logo\/image\/\"},\"sameAs\":[\"https:\/\/www.facebook.com\/Dutchfem\/\",\"https:\/\/x.com\/dutchfem\",\"https:\/\/www.instagram.com\/dutchfemseeds\/\",\"https:\/\/www.youtube.com\/@Dutchfem\",\"https:\/\/nl.pinterest.com\/dutchfem\/\",\"https:\/\/bsky.app\/profile\/dutchfem.bsky.social\",\"https:\/\/www.threads.com\/@dutchfemseeds?igshid=NTc4MTIwNjQ2YQ\",\"https:\/\/www.tumblr.com\/dutchfemseeds\"]}]}<\/script>\n<!-- \/ Yoast SEO plugin. -->","yoast_head_json":{"title":"Dutch Cheese Semillas Feminizadas - Compre En L\u00ednea Dutchfem","description":"Dutch Cheese Semillas De Marihuana Feminizadas - Env\u00edo r\u00e1pido y discreto! - Cheese, una especie legendaria con ra\u00edces en Gran Breta\u00f1a.","robots":{"index":"index","follow":"follow","max-snippet":"max-snippet:-1","max-image-preview":"max-image-preview:large","max-video-preview":"max-video-preview:-1"},"canonical":"https:\/\/www.dutchfem.com\/es\/comprar\/dutch-cheese-semillas-feminizadas\/","og_locale":"es_ES","og_type":"article","og_title":"Dutch Cheese Semillas Feminizadas - Compre En L\u00ednea Dutchfem","og_description":"Dutch Cheese Semillas De Marihuana Feminizadas - Env\u00edo r\u00e1pido y discreto! - Cheese, una especie legendaria con ra\u00edces en Gran Breta\u00f1a.","og_url":"https:\/\/www.dutchfem.com\/es\/comprar\/dutch-cheese-semillas-feminizadas\/","og_site_name":"Dutchfem","article_publisher":"https:\/\/www.facebook.com\/Dutchfem\/","article_modified_time":"2026-03-07T13:05:26+00:00","og_image":[{"width":1179,"height":1179,"url":"https:\/\/www.dutchfem.com\/wp-content\/uploads\/2017\/10\/dutch-cheese-e1746823300840.jpeg","type":"image\/jpeg"}],"twitter_card":"summary_large_image","twitter_site":"@dutchfem","twitter_misc":{"Tiempo de lectura":"3 minutos"},"schema":{"@context":"https:\/\/schema.org","@graph":[{"@type":"WebPage","@id":"https:\/\/www.dutchfem.com\/es\/comprar\/dutch-cheese-semillas-feminizadas\/","url":"https:\/\/www.dutchfem.com\/es\/comprar\/dutch-cheese-semillas-feminizadas\/","name":"Dutch Cheese Semillas Feminizadas - Compre En L\u00ednea Dutchfem","isPartOf":{"@id":"https:\/\/www.dutchfem.com\/#website"},"primaryImageOfPage":{"@id":"https:\/\/www.dutchfem.com\/es\/comprar\/dutch-cheese-semillas-feminizadas\/#primaryimage"},"image":{"@id":"https:\/\/www.dutchfem.com\/es\/comprar\/dutch-cheese-semillas-feminizadas\/#primaryimage"},"thumbnailUrl":"https:\/\/www.dutchfem.com\/wp-content\/uploads\/2017\/10\/dutch-cheese-e1746823300840.jpeg","datePublished":"2017-11-16T19:11:59+00:00","dateModified":"2026-03-07T13:05:26+00:00","description":"Dutch Cheese Semillas De Marihuana Feminizadas - Env\u00edo r\u00e1pido y discreto! - Cheese, una especie legendaria con ra\u00edces en Gran Breta\u00f1a.","breadcrumb":{"@id":"https:\/\/www.dutchfem.com\/es\/comprar\/dutch-cheese-semillas-feminizadas\/#breadcrumb"},"inLanguage":"es","potentialAction":[{"@type":"ReadAction","target":["https:\/\/www.dutchfem.com\/es\/comprar\/dutch-cheese-semillas-feminizadas\/"]}]},{"@type":"ImageObject","inLanguage":"es","@id":"https:\/\/www.dutchfem.com\/es\/comprar\/dutch-cheese-semillas-feminizadas\/#primaryimage","url":"https:\/\/www.dutchfem.com\/wp-content\/uploads\/2017\/10\/dutch-cheese-e1746823300840.jpeg","contentUrl":"https:\/\/www.dutchfem.com\/wp-content\/uploads\/2017\/10\/dutch-cheese-e1746823300840.jpeg","width":1179,"height":1179,"caption":"dutch cheese feminized cannabis seeds"},{"@type":"BreadcrumbList","@id":"https:\/\/www.dutchfem.com\/es\/comprar\/dutch-cheese-semillas-feminizadas\/#breadcrumb","itemListElement":[{"@type":"ListItem","position":1,"name":"Home","item":"https:\/\/www.dutchfem.com\/es\/"},{"@type":"ListItem","position":2,"name":"Tienda","item":"https:\/\/www.dutchfem.com\/es\/tienda\/"},{"@type":"ListItem","position":3,"name":"Dutch Cheese"}]},{"@type":"WebSite","@id":"https:\/\/www.dutchfem.com\/#website","url":"https:\/\/www.dutchfem.com\/","name":"Dutchfem","description":"Buy Feminized Cannabis Seeds - Autoflowering Seeds - Medical Marijuana Seeds &amp; CBD Oil online","publisher":{"@id":"https:\/\/www.dutchfem.com\/#organization"},"potentialAction":[{"@type":"SearchAction","target":{"@type":"EntryPoint","urlTemplate":"https:\/\/www.dutchfem.com\/?s={search_term_string}"},"query-input":{"@type":"PropertyValueSpecification","valueRequired":true,"valueName":"search_term_string"}}],"inLanguage":"es"},{"@type":"Organization","@id":"https:\/\/www.dutchfem.com\/#organization","name":"Dutchfem Cannabis Seeds","url":"https:\/\/www.dutchfem.com\/","logo":{"@type":"ImageObject","inLanguage":"es","@id":"https:\/\/www.dutchfem.com\/#\/schema\/logo\/image\/","url":"https:\/\/www.dutchfem.com\/wp-content\/uploads\/2017\/10\/logo_Dutchfem-web.png","contentUrl":"https:\/\/www.dutchfem.com\/wp-content\/uploads\/2017\/10\/logo_Dutchfem-web.png","width":825,"height":288,"caption":"Dutchfem Cannabis Seeds"},"image":{"@id":"https:\/\/www.dutchfem.com\/#\/schema\/logo\/image\/"},"sameAs":["https:\/\/www.facebook.com\/Dutchfem\/","https:\/\/x.com\/dutchfem","https:\/\/www.instagram.com\/dutchfemseeds\/","https:\/\/www.youtube.com\/@Dutchfem","https:\/\/nl.pinterest.com\/dutchfem\/","https:\/\/bsky.app\/profile\/dutchfem.bsky.social","https:\/\/www.threads.com\/@dutchfemseeds?igshid=NTc4MTIwNjQ2YQ","https:\/\/www.tumblr.com\/dutchfemseeds"]}]}},"_links":{"self":[{"href":"https:\/\/www.dutchfem.com\/es\/wp-json\/wp\/v2\/product\/4308","targetHints":{"allow":["GET"]}}],"collection":[{"href":"https:\/\/www.dutchfem.com\/es\/wp-json\/wp\/v2\/product"}],"about":[{"href":"https:\/\/www.dutchfem.com\/es\/wp-json\/wp\/v2\/types\/product"}],"replies":[{"embeddable":true,"href":"https:\/\/www.dutchfem.com\/es\/wp-json\/wp\/v2\/comments?post=4308"}],"wp:featuredmedia":[{"embeddable":true,"href":"https:\/\/www.dutchfem.com\/es\/wp-json\/wp\/v2\/media\/38640"}],"wp:attachment":[{"href":"https:\/\/www.dutchfem.com\/es\/wp-json\/wp\/v2\/media?parent=4308"}],"wp:term":[{"taxonomy":"product_brand","embeddable":true,"href":"https:\/\/www.dutchfem.com\/es\/wp-json\/wp\/v2\/product_brand?post=4308"},{"taxonomy":"product_cat","embeddable":true,"href":"https:\/\/www.dutchfem.com\/es\/wp-json\/wp\/v2\/product_cat?post=4308"},{"taxonomy":"product_tag","embeddable":true,"href":"https:\/\/www.dutchfem.com\/es\/wp-json\/wp\/v2\/product_tag?post=4308"}],"curies":[{"name":"wp","href":"https:\/\/api.w.org\/{rel}","templated":true}]}}