{"id":6492,"date":"2018-09-07T16:15:10","date_gmt":"2018-09-07T16:15:10","guid":{"rendered":"https:\/\/www.dutchfem.com\/buy\/chocolate-con-leche-y-cbd\/"},"modified":"2018-10-26T15:53:56","modified_gmt":"2018-10-26T15:53:56","slug":"chocolate-con-leche-y-cbd","status":"publish","type":"product","link":"https:\/\/www.dutchfem.com\/es\/comprar\/chocolate-con-leche-y-cbd\/","title":{"rendered":"Chocolate con leche y CBD"},"content":{"rendered":"<p>El sabor general de este chocolate con leche y CBD es m\u00e1s dulce y ligero que nuestro chocolate puro con CBD y por supuesto, la textura es m\u00e1s suave. Una barra de chocolate con leche y CBD contiene 120 gramos de chocolate y 600 miligramos de CBD. Con los 60 miligramos extra que hay en cada paquete, puedes estar seguro de que este producto te dar\u00e1 una inolvidable sensaci\u00f3n de alegr\u00eda con cada bocado. En Dutchfem usamos solo el mejor CBD de nuestras granjas org\u00e1nicas; garantizando as\u00ed la calidad m\u00e1s alta. Si t\u00fa quieres una sensaci\u00f3n de felicidad pura, por favor prueba nuestro chocolate con leche y CBD. Te aseguramos que terminar\u00e1s volviendo por m\u00e1s, \u00a1ya que uno nunca es suficiente! <\/p>\n","protected":false},"excerpt":{"rendered":"<p>El chocolate con leche es un eterno favorito de la gran mayor\u00eda de personas alrededor del mundo. Del mismo modo, el chocolate con leche y CBD de Dutchfem es una lujosa decadencia que definitivamente entrega gran calidad y sabor, cada vez que le das una probada. Nuestro chocolate con leche y CBD es preparado de forma tradicional a partir de: chocolate oscuro con un alto contenido de cacao, leche, az\u00facar y el toque justo y perfecto de CBD. Esta combinaci\u00f3n da como resultado variaciones de un impresionante y ligero sabor a caramelo. <\/p>\n","protected":false},"featured_media":6113,"comment_status":"open","ping_status":"closed","template":"","meta":{"_exactmetrics_skip_tracking":false,"_exactmetrics_sitenote_active":false,"_exactmetrics_sitenote_note":"","_exactmetrics_sitenote_category":0},"product_brand":[],"product_cat":[403,401],"product_tag":[],"class_list":{"0":"post-6492","1":"product","2":"type-product","3":"status-publish","4":"has-post-thumbnail","6":"product_cat-cbd-chocolate-es","7":"product_cat-tienda-de-cbd","9":"first","10":"outofstock","11":"taxable","12":"shipping-taxable","13":"purchasable","14":"product-type-simple"},"yoast_head":"<!-- This site is optimized with the Yoast SEO plugin v26.9 - https:\/\/yoast.com\/product\/yoast-seo-wordpress\/ -->\n<title>Compre Chocolate con leche y CBD - Env\u00edo r\u00e1pido y discreto! - Dutchfem Semillas De Marihuana<\/title>\n<meta name=\"description\" content=\"El sabor general de este chocolate con leche y CBD es m\u00e1s dulce y ligero que nuestro chocolate puro con CBD y por supuesto, la textura es m\u00e1s suave.\" \/>\n<meta name=\"robots\" content=\"index, follow, max-snippet:-1, max-image-preview:large, max-video-preview:-1\" \/>\n<link rel=\"canonical\" href=\"https:\/\/www.dutchfem.com\/es\/?post_type=product&p=6492\" \/>\n<meta property=\"og:locale\" content=\"es_ES\" \/>\n<meta property=\"og:type\" content=\"article\" \/>\n<meta property=\"og:title\" content=\"Compre Chocolate con leche y CBD - Env\u00edo r\u00e1pido y discreto! - Dutchfem Semillas De Marihuana\" \/>\n<meta property=\"og:description\" content=\"El sabor general de este chocolate con leche y CBD es m\u00e1s dulce y ligero que nuestro chocolate puro con CBD y por supuesto, la textura es m\u00e1s suave.\" \/>\n<meta property=\"og:url\" content=\"https:\/\/www.dutchfem.com\/es\/?post_type=product&amp;p=6492\" \/>\n<meta property=\"og:site_name\" content=\"Dutchfem\" \/>\n<meta property=\"article:publisher\" content=\"https:\/\/www.facebook.com\/Dutchfem\/\" \/>\n<meta property=\"article:modified_time\" content=\"2018-10-26T15:53:56+00:00\" \/>\n<meta property=\"og:image\" content=\"https:\/\/www.dutchfem.com\/wp-content\/uploads\/2018\/09\/CBD-Chocolate-milk.jpg\" \/>\n\t<meta property=\"og:image:width\" content=\"800\" \/>\n\t<meta property=\"og:image:height\" content=\"800\" \/>\n\t<meta property=\"og:image:type\" content=\"image\/jpeg\" \/>\n<meta name=\"twitter:card\" content=\"summary_large_image\" \/>\n<meta name=\"twitter:site\" content=\"@dutchfem\" \/>\n<meta name=\"twitter:label1\" content=\"Tiempo de lectura\" \/>\n\t<meta name=\"twitter:data1\" content=\"1 minuto\" \/>\n<script type=\"application\/ld+json\" class=\"yoast-schema-graph\">{\"@context\":\"https:\/\/schema.org\",\"@graph\":[{\"@type\":\"WebPage\",\"@id\":\"https:\/\/www.dutchfem.com\/es\/?post_type=product&p=6492\",\"url\":\"https:\/\/www.dutchfem.com\/es\/?post_type=product&p=6492\",\"name\":\"Compre Chocolate con leche y CBD - Env\u00edo r\u00e1pido y discreto! - Dutchfem Semillas De Marihuana\",\"isPartOf\":{\"@id\":\"https:\/\/www.dutchfem.com\/#website\"},\"primaryImageOfPage\":{\"@id\":\"https:\/\/www.dutchfem.com\/es\/?post_type=product&p=6492#primaryimage\"},\"image\":{\"@id\":\"https:\/\/www.dutchfem.com\/es\/?post_type=product&p=6492#primaryimage\"},\"thumbnailUrl\":\"https:\/\/www.dutchfem.com\/wp-content\/uploads\/2018\/09\/CBD-Chocolate-milk.jpg\",\"datePublished\":\"2018-09-07T16:15:10+00:00\",\"dateModified\":\"2018-10-26T15:53:56+00:00\",\"description\":\"El sabor general de este chocolate con leche y CBD es m\u00e1s dulce y ligero que nuestro chocolate puro con CBD y por supuesto, la textura es m\u00e1s suave.\",\"breadcrumb\":{\"@id\":\"https:\/\/www.dutchfem.com\/es\/?post_type=product&p=6492#breadcrumb\"},\"inLanguage\":\"es\",\"potentialAction\":[{\"@type\":\"ReadAction\",\"target\":[\"https:\/\/www.dutchfem.com\/es\/?post_type=product&p=6492\"]}]},{\"@type\":\"ImageObject\",\"inLanguage\":\"es\",\"@id\":\"https:\/\/www.dutchfem.com\/es\/?post_type=product&p=6492#primaryimage\",\"url\":\"https:\/\/www.dutchfem.com\/wp-content\/uploads\/2018\/09\/CBD-Chocolate-milk.jpg\",\"contentUrl\":\"https:\/\/www.dutchfem.com\/wp-content\/uploads\/2018\/09\/CBD-Chocolate-milk.jpg\",\"width\":800,\"height\":800,\"caption\":\"Chocolate con leche y CBD\"},{\"@type\":\"BreadcrumbList\",\"@id\":\"https:\/\/www.dutchfem.com\/es\/?post_type=product&p=6492#breadcrumb\",\"itemListElement\":[{\"@type\":\"ListItem\",\"position\":1,\"name\":\"Home\",\"item\":\"https:\/\/www.dutchfem.com\/es\/\"},{\"@type\":\"ListItem\",\"position\":2,\"name\":\"Tienda\",\"item\":\"https:\/\/www.dutchfem.com\/es\/tienda\/\"},{\"@type\":\"ListItem\",\"position\":3,\"name\":\"Private: Chocolate con leche y CBD\"}]},{\"@type\":\"WebSite\",\"@id\":\"https:\/\/www.dutchfem.com\/#website\",\"url\":\"https:\/\/www.dutchfem.com\/\",\"name\":\"Dutchfem\",\"description\":\"Buy Feminized Cannabis Seeds - Autoflowering Seeds - Medical Marijuana Seeds &amp; CBD Oil online\",\"publisher\":{\"@id\":\"https:\/\/www.dutchfem.com\/#organization\"},\"potentialAction\":[{\"@type\":\"SearchAction\",\"target\":{\"@type\":\"EntryPoint\",\"urlTemplate\":\"https:\/\/www.dutchfem.com\/?s={search_term_string}\"},\"query-input\":{\"@type\":\"PropertyValueSpecification\",\"valueRequired\":true,\"valueName\":\"search_term_string\"}}],\"inLanguage\":\"es\"},{\"@type\":\"Organization\",\"@id\":\"https:\/\/www.dutchfem.com\/#organization\",\"name\":\"Dutchfem Cannabis Seeds\",\"url\":\"https:\/\/www.dutchfem.com\/\",\"logo\":{\"@type\":\"ImageObject\",\"inLanguage\":\"es\",\"@id\":\"https:\/\/www.dutchfem.com\/#\/schema\/logo\/image\/\",\"url\":\"https:\/\/www.dutchfem.com\/wp-content\/uploads\/2017\/10\/logo_Dutchfem-web.png\",\"contentUrl\":\"https:\/\/www.dutchfem.com\/wp-content\/uploads\/2017\/10\/logo_Dutchfem-web.png\",\"width\":825,\"height\":288,\"caption\":\"Dutchfem Cannabis Seeds\"},\"image\":{\"@id\":\"https:\/\/www.dutchfem.com\/#\/schema\/logo\/image\/\"},\"sameAs\":[\"https:\/\/www.facebook.com\/Dutchfem\/\",\"https:\/\/x.com\/dutchfem\",\"https:\/\/www.instagram.com\/dutchfemseeds\/\",\"https:\/\/www.youtube.com\/@Dutchfem\",\"https:\/\/nl.pinterest.com\/dutchfem\/\",\"https:\/\/bsky.app\/profile\/dutchfem.bsky.social\",\"https:\/\/www.threads.com\/@dutchfemseeds?igshid=NTc4MTIwNjQ2YQ\",\"https:\/\/www.tumblr.com\/dutchfemseeds\"]}]}<\/script>\n<!-- \/ Yoast SEO plugin. -->","yoast_head_json":{"title":"Compre Chocolate con leche y CBD - Env\u00edo r\u00e1pido y discreto! - Dutchfem Semillas De Marihuana","description":"El sabor general de este chocolate con leche y CBD es m\u00e1s dulce y ligero que nuestro chocolate puro con CBD y por supuesto, la textura es m\u00e1s suave.","robots":{"index":"index","follow":"follow","max-snippet":"max-snippet:-1","max-image-preview":"max-image-preview:large","max-video-preview":"max-video-preview:-1"},"canonical":"https:\/\/www.dutchfem.com\/es\/?post_type=product&p=6492","og_locale":"es_ES","og_type":"article","og_title":"Compre Chocolate con leche y CBD - Env\u00edo r\u00e1pido y discreto! - Dutchfem Semillas De Marihuana","og_description":"El sabor general de este chocolate con leche y CBD es m\u00e1s dulce y ligero que nuestro chocolate puro con CBD y por supuesto, la textura es m\u00e1s suave.","og_url":"https:\/\/www.dutchfem.com\/es\/?post_type=product&p=6492","og_site_name":"Dutchfem","article_publisher":"https:\/\/www.facebook.com\/Dutchfem\/","article_modified_time":"2018-10-26T15:53:56+00:00","og_image":[{"width":800,"height":800,"url":"https:\/\/www.dutchfem.com\/wp-content\/uploads\/2018\/09\/CBD-Chocolate-milk.jpg","type":"image\/jpeg"}],"twitter_card":"summary_large_image","twitter_site":"@dutchfem","twitter_misc":{"Tiempo de lectura":"1 minuto"},"schema":{"@context":"https:\/\/schema.org","@graph":[{"@type":"WebPage","@id":"https:\/\/www.dutchfem.com\/es\/?post_type=product&p=6492","url":"https:\/\/www.dutchfem.com\/es\/?post_type=product&p=6492","name":"Compre Chocolate con leche y CBD - Env\u00edo r\u00e1pido y discreto! - Dutchfem Semillas De Marihuana","isPartOf":{"@id":"https:\/\/www.dutchfem.com\/#website"},"primaryImageOfPage":{"@id":"https:\/\/www.dutchfem.com\/es\/?post_type=product&p=6492#primaryimage"},"image":{"@id":"https:\/\/www.dutchfem.com\/es\/?post_type=product&p=6492#primaryimage"},"thumbnailUrl":"https:\/\/www.dutchfem.com\/wp-content\/uploads\/2018\/09\/CBD-Chocolate-milk.jpg","datePublished":"2018-09-07T16:15:10+00:00","dateModified":"2018-10-26T15:53:56+00:00","description":"El sabor general de este chocolate con leche y CBD es m\u00e1s dulce y ligero que nuestro chocolate puro con CBD y por supuesto, la textura es m\u00e1s suave.","breadcrumb":{"@id":"https:\/\/www.dutchfem.com\/es\/?post_type=product&p=6492#breadcrumb"},"inLanguage":"es","potentialAction":[{"@type":"ReadAction","target":["https:\/\/www.dutchfem.com\/es\/?post_type=product&p=6492"]}]},{"@type":"ImageObject","inLanguage":"es","@id":"https:\/\/www.dutchfem.com\/es\/?post_type=product&p=6492#primaryimage","url":"https:\/\/www.dutchfem.com\/wp-content\/uploads\/2018\/09\/CBD-Chocolate-milk.jpg","contentUrl":"https:\/\/www.dutchfem.com\/wp-content\/uploads\/2018\/09\/CBD-Chocolate-milk.jpg","width":800,"height":800,"caption":"Chocolate con leche y CBD"},{"@type":"BreadcrumbList","@id":"https:\/\/www.dutchfem.com\/es\/?post_type=product&p=6492#breadcrumb","itemListElement":[{"@type":"ListItem","position":1,"name":"Home","item":"https:\/\/www.dutchfem.com\/es\/"},{"@type":"ListItem","position":2,"name":"Tienda","item":"https:\/\/www.dutchfem.com\/es\/tienda\/"},{"@type":"ListItem","position":3,"name":"Private: Chocolate con leche y CBD"}]},{"@type":"WebSite","@id":"https:\/\/www.dutchfem.com\/#website","url":"https:\/\/www.dutchfem.com\/","name":"Dutchfem","description":"Buy Feminized Cannabis Seeds - Autoflowering Seeds - Medical Marijuana Seeds &amp; CBD Oil online","publisher":{"@id":"https:\/\/www.dutchfem.com\/#organization"},"potentialAction":[{"@type":"SearchAction","target":{"@type":"EntryPoint","urlTemplate":"https:\/\/www.dutchfem.com\/?s={search_term_string}"},"query-input":{"@type":"PropertyValueSpecification","valueRequired":true,"valueName":"search_term_string"}}],"inLanguage":"es"},{"@type":"Organization","@id":"https:\/\/www.dutchfem.com\/#organization","name":"Dutchfem Cannabis Seeds","url":"https:\/\/www.dutchfem.com\/","logo":{"@type":"ImageObject","inLanguage":"es","@id":"https:\/\/www.dutchfem.com\/#\/schema\/logo\/image\/","url":"https:\/\/www.dutchfem.com\/wp-content\/uploads\/2017\/10\/logo_Dutchfem-web.png","contentUrl":"https:\/\/www.dutchfem.com\/wp-content\/uploads\/2017\/10\/logo_Dutchfem-web.png","width":825,"height":288,"caption":"Dutchfem Cannabis Seeds"},"image":{"@id":"https:\/\/www.dutchfem.com\/#\/schema\/logo\/image\/"},"sameAs":["https:\/\/www.facebook.com\/Dutchfem\/","https:\/\/x.com\/dutchfem","https:\/\/www.instagram.com\/dutchfemseeds\/","https:\/\/www.youtube.com\/@Dutchfem","https:\/\/nl.pinterest.com\/dutchfem\/","https:\/\/bsky.app\/profile\/dutchfem.bsky.social","https:\/\/www.threads.com\/@dutchfemseeds?igshid=NTc4MTIwNjQ2YQ","https:\/\/www.tumblr.com\/dutchfemseeds"]}]}},"_links":{"self":[{"href":"https:\/\/www.dutchfem.com\/es\/wp-json\/wp\/v2\/product\/6492","targetHints":{"allow":["GET"]}}],"collection":[{"href":"https:\/\/www.dutchfem.com\/es\/wp-json\/wp\/v2\/product"}],"about":[{"href":"https:\/\/www.dutchfem.com\/es\/wp-json\/wp\/v2\/types\/product"}],"replies":[{"embeddable":true,"href":"https:\/\/www.dutchfem.com\/es\/wp-json\/wp\/v2\/comments?post=6492"}],"wp:featuredmedia":[{"embeddable":true,"href":"https:\/\/www.dutchfem.com\/es\/wp-json\/wp\/v2\/media\/6113"}],"wp:attachment":[{"href":"https:\/\/www.dutchfem.com\/es\/wp-json\/wp\/v2\/media?parent=6492"}],"wp:term":[{"taxonomy":"product_brand","embeddable":true,"href":"https:\/\/www.dutchfem.com\/es\/wp-json\/wp\/v2\/product_brand?post=6492"},{"taxonomy":"product_cat","embeddable":true,"href":"https:\/\/www.dutchfem.com\/es\/wp-json\/wp\/v2\/product_cat?post=6492"},{"taxonomy":"product_tag","embeddable":true,"href":"https:\/\/www.dutchfem.com\/es\/wp-json\/wp\/v2\/product_tag?post=6492"}],"curies":[{"name":"wp","href":"https:\/\/api.w.org\/{rel}","templated":true}]}}