{"id":9662,"date":"2020-11-19T21:24:55","date_gmt":"2020-11-19T21:24:57","guid":{"rendered":"https:\/\/www.dutchfem.com\/?post_type=product&#038;p=9662"},"modified":"2024-04-27T10:53:32","modified_gmt":"2024-04-27T09:53:32","slug":"contenedor-de-almacenamiento-cvault-medio-incl-1-x-boveda-8gr","status":"publish","type":"product","link":"https:\/\/www.dutchfem.com\/es\/comprar\/contenedor-de-almacenamiento-cvault-medio-incl-1-x-boveda-8gr\/","title":{"rendered":"Cvault Storage Container Medium incl. 1 x Boveda 8gr"},"content":{"rendered":"<p>Contenedor de almacenamiento de acero inoxidable Cvault Medio incluido 1 x 8gr Boveda para el almacenamiento con control de humedad de sus cogollos de Dutchfem de cosecha propia. El contenedor de almacenamiento CVault es todo lo que necesitas para mantener tus cogollos en perfectas condiciones. El contenedor de almacenamiento de acero inoxidable apto para alimentos es herm\u00e9tico e impenetrable a cualquier luz. Este contenedor de almacenamiento de Cvault incluye 1 paquet de 8 g del control de humedad bidireccional patentado de Boveda. Marcar\u00e1 una gran diferencia para mantener tus cogollos Dutchfem en un verdadero estado de frescura. Mejorar\u00e1 el sabor, el aroma y el efecto de sus flores y las mantendr\u00e1 en las mejores condiciones posibles durante un per\u00edodo muy largo. Cuando tus cogollos est\u00e9n demasiado secos o a\u00fan para humedecer, este contenedor de almacenamiento con paquete de control de humedad de 2 v\u00edas Boveda los pondr\u00e1 en las condiciones ideales para fumar o vapear.<\/p>\n<p>Volumen: 0,5 litros<br \/>Capacidad: 25-30 gramos<br \/>Dimensiones (b x h): 10 x 6.8 cm<br \/>Incluye 1 x 8 gramos 62% B\u00f3veda<\/p>\n","protected":false},"excerpt":{"rendered":"<p>Recipiente de almacenamiento de acero inoxidable Cvault Medio inclusive 1 x 8gr Boveda para almacenamiento de 2 v\u00edas con control de humedad para sus cogollos de Dutchfem de cosecha propia es la mejor manera de mantener su hierba en un verdadero estado de frescura.<\/p>\n","protected":false},"featured_media":26476,"comment_status":"open","ping_status":"closed","template":"","meta":{"_exactmetrics_skip_tracking":false,"_exactmetrics_sitenote_active":false,"_exactmetrics_sitenote_note":"","_exactmetrics_sitenote_category":0},"product_brand":[],"product_cat":[352],"product_tag":[],"class_list":{"0":"post-9662","1":"product","2":"type-product","3":"status-publish","4":"has-post-thumbnail","6":"product_cat-mercancias","7":"product_shipping_class-package-es","9":"first","10":"outofstock","11":"taxable","12":"shipping-taxable","13":"purchasable","14":"product-type-variable","15":"has-default-attributes"},"yoast_head":"<!-- This site is optimized with the Yoast SEO plugin v26.9 - https:\/\/yoast.com\/product\/yoast-seo-wordpress\/ -->\n<title>Cvault Storage Container Medium incl. 1 x Boveda 8gr - Dutchfem<\/title>\n<meta name=\"description\" content=\"El contenedor CVault Storage es todo lo que necesitas para mantener tus cogollos en perfectas condiciones sin p\u00e9rdida de sabor, olor y efecto.\" \/>\n<meta name=\"robots\" content=\"index, follow, max-snippet:-1, max-image-preview:large, max-video-preview:-1\" \/>\n<link rel=\"canonical\" href=\"https:\/\/www.dutchfem.com\/es\/comprar\/contenedor-de-almacenamiento-cvault-medio-incl-1-x-boveda-8gr\/\" \/>\n<meta property=\"og:locale\" content=\"es_ES\" \/>\n<meta property=\"og:type\" content=\"article\" \/>\n<meta property=\"og:title\" content=\"Cvault Storage Container Medium incl. 1 x Boveda 8gr - Dutchfem\" \/>\n<meta property=\"og:description\" content=\"El contenedor CVault Storage es todo lo que necesitas para mantener tus cogollos en perfectas condiciones sin p\u00e9rdida de sabor, olor y efecto.\" \/>\n<meta property=\"og:url\" content=\"https:\/\/www.dutchfem.com\/es\/comprar\/contenedor-de-almacenamiento-cvault-medio-incl-1-x-boveda-8gr\/\" \/>\n<meta property=\"og:site_name\" content=\"Dutchfem\" \/>\n<meta property=\"article:publisher\" content=\"https:\/\/www.facebook.com\/Dutchfem\/\" \/>\n<meta property=\"article:modified_time\" content=\"2024-04-27T09:53:32+00:00\" \/>\n<meta property=\"og:image\" content=\"https:\/\/www.dutchfem.com\/wp-content\/uploads\/2020\/11\/cvault-medium-e1708259765579.jpg\" \/>\n\t<meta property=\"og:image:width\" content=\"640\" \/>\n\t<meta property=\"og:image:height\" content=\"640\" \/>\n\t<meta property=\"og:image:type\" content=\"image\/jpeg\" \/>\n<meta name=\"twitter:card\" content=\"summary_large_image\" \/>\n<meta name=\"twitter:site\" content=\"@dutchfem\" \/>\n<meta name=\"twitter:label1\" content=\"Tiempo de lectura\" \/>\n\t<meta name=\"twitter:data1\" content=\"1 minuto\" \/>\n<script type=\"application\/ld+json\" class=\"yoast-schema-graph\">{\"@context\":\"https:\/\/schema.org\",\"@graph\":[{\"@type\":\"WebPage\",\"@id\":\"https:\/\/www.dutchfem.com\/es\/comprar\/contenedor-de-almacenamiento-cvault-medio-incl-1-x-boveda-8gr\/\",\"url\":\"https:\/\/www.dutchfem.com\/es\/comprar\/contenedor-de-almacenamiento-cvault-medio-incl-1-x-boveda-8gr\/\",\"name\":\"Cvault Storage Container Medium incl. 1 x Boveda 8gr - Dutchfem\",\"isPartOf\":{\"@id\":\"https:\/\/www.dutchfem.com\/#website\"},\"primaryImageOfPage\":{\"@id\":\"https:\/\/www.dutchfem.com\/es\/comprar\/contenedor-de-almacenamiento-cvault-medio-incl-1-x-boveda-8gr\/#primaryimage\"},\"image\":{\"@id\":\"https:\/\/www.dutchfem.com\/es\/comprar\/contenedor-de-almacenamiento-cvault-medio-incl-1-x-boveda-8gr\/#primaryimage\"},\"thumbnailUrl\":\"https:\/\/www.dutchfem.com\/wp-content\/uploads\/2020\/11\/cvault-medium-e1708259765579.jpg\",\"datePublished\":\"2020-11-19T21:24:57+00:00\",\"dateModified\":\"2024-04-27T09:53:32+00:00\",\"description\":\"El contenedor CVault Storage es todo lo que necesitas para mantener tus cogollos en perfectas condiciones sin p\u00e9rdida de sabor, olor y efecto.\",\"breadcrumb\":{\"@id\":\"https:\/\/www.dutchfem.com\/es\/comprar\/contenedor-de-almacenamiento-cvault-medio-incl-1-x-boveda-8gr\/#breadcrumb\"},\"inLanguage\":\"es\",\"potentialAction\":[{\"@type\":\"ReadAction\",\"target\":[\"https:\/\/www.dutchfem.com\/es\/comprar\/contenedor-de-almacenamiento-cvault-medio-incl-1-x-boveda-8gr\/\"]}]},{\"@type\":\"ImageObject\",\"inLanguage\":\"es\",\"@id\":\"https:\/\/www.dutchfem.com\/es\/comprar\/contenedor-de-almacenamiento-cvault-medio-incl-1-x-boveda-8gr\/#primaryimage\",\"url\":\"https:\/\/www.dutchfem.com\/wp-content\/uploads\/2020\/11\/cvault-medium-e1708259765579.jpg\",\"contentUrl\":\"https:\/\/www.dutchfem.com\/wp-content\/uploads\/2020\/11\/cvault-medium-e1708259765579.jpg\",\"width\":640,\"height\":640},{\"@type\":\"BreadcrumbList\",\"@id\":\"https:\/\/www.dutchfem.com\/es\/comprar\/contenedor-de-almacenamiento-cvault-medio-incl-1-x-boveda-8gr\/#breadcrumb\",\"itemListElement\":[{\"@type\":\"ListItem\",\"position\":1,\"name\":\"Home\",\"item\":\"https:\/\/www.dutchfem.com\/es\/\"},{\"@type\":\"ListItem\",\"position\":2,\"name\":\"Tienda\",\"item\":\"https:\/\/www.dutchfem.com\/es\/tienda\/\"},{\"@type\":\"ListItem\",\"position\":3,\"name\":\"Cvault Storage Container Medium incl. 1 x Boveda 8gr\"}]},{\"@type\":\"WebSite\",\"@id\":\"https:\/\/www.dutchfem.com\/#website\",\"url\":\"https:\/\/www.dutchfem.com\/\",\"name\":\"Dutchfem\",\"description\":\"Buy Feminized Cannabis Seeds - Autoflowering Seeds - Medical Marijuana Seeds &amp; CBD Oil online\",\"publisher\":{\"@id\":\"https:\/\/www.dutchfem.com\/#organization\"},\"potentialAction\":[{\"@type\":\"SearchAction\",\"target\":{\"@type\":\"EntryPoint\",\"urlTemplate\":\"https:\/\/www.dutchfem.com\/?s={search_term_string}\"},\"query-input\":{\"@type\":\"PropertyValueSpecification\",\"valueRequired\":true,\"valueName\":\"search_term_string\"}}],\"inLanguage\":\"es\"},{\"@type\":\"Organization\",\"@id\":\"https:\/\/www.dutchfem.com\/#organization\",\"name\":\"Dutchfem Cannabis Seeds\",\"url\":\"https:\/\/www.dutchfem.com\/\",\"logo\":{\"@type\":\"ImageObject\",\"inLanguage\":\"es\",\"@id\":\"https:\/\/www.dutchfem.com\/#\/schema\/logo\/image\/\",\"url\":\"https:\/\/www.dutchfem.com\/wp-content\/uploads\/2017\/10\/logo_Dutchfem-web.png\",\"contentUrl\":\"https:\/\/www.dutchfem.com\/wp-content\/uploads\/2017\/10\/logo_Dutchfem-web.png\",\"width\":825,\"height\":288,\"caption\":\"Dutchfem Cannabis Seeds\"},\"image\":{\"@id\":\"https:\/\/www.dutchfem.com\/#\/schema\/logo\/image\/\"},\"sameAs\":[\"https:\/\/www.facebook.com\/Dutchfem\/\",\"https:\/\/x.com\/dutchfem\",\"https:\/\/www.instagram.com\/dutchfemseeds\/\",\"https:\/\/www.youtube.com\/@Dutchfem\",\"https:\/\/nl.pinterest.com\/dutchfem\/\",\"https:\/\/bsky.app\/profile\/dutchfem.bsky.social\",\"https:\/\/www.threads.com\/@dutchfemseeds?igshid=NTc4MTIwNjQ2YQ\",\"https:\/\/www.tumblr.com\/dutchfemseeds\"]}]}<\/script>\n<!-- \/ Yoast SEO plugin. -->","yoast_head_json":{"title":"Cvault Storage Container Medium incl. 1 x Boveda 8gr - Dutchfem","description":"El contenedor CVault Storage es todo lo que necesitas para mantener tus cogollos en perfectas condiciones sin p\u00e9rdida de sabor, olor y efecto.","robots":{"index":"index","follow":"follow","max-snippet":"max-snippet:-1","max-image-preview":"max-image-preview:large","max-video-preview":"max-video-preview:-1"},"canonical":"https:\/\/www.dutchfem.com\/es\/comprar\/contenedor-de-almacenamiento-cvault-medio-incl-1-x-boveda-8gr\/","og_locale":"es_ES","og_type":"article","og_title":"Cvault Storage Container Medium incl. 1 x Boveda 8gr - Dutchfem","og_description":"El contenedor CVault Storage es todo lo que necesitas para mantener tus cogollos en perfectas condiciones sin p\u00e9rdida de sabor, olor y efecto.","og_url":"https:\/\/www.dutchfem.com\/es\/comprar\/contenedor-de-almacenamiento-cvault-medio-incl-1-x-boveda-8gr\/","og_site_name":"Dutchfem","article_publisher":"https:\/\/www.facebook.com\/Dutchfem\/","article_modified_time":"2024-04-27T09:53:32+00:00","og_image":[{"width":640,"height":640,"url":"https:\/\/www.dutchfem.com\/wp-content\/uploads\/2020\/11\/cvault-medium-e1708259765579.jpg","type":"image\/jpeg"}],"twitter_card":"summary_large_image","twitter_site":"@dutchfem","twitter_misc":{"Tiempo de lectura":"1 minuto"},"schema":{"@context":"https:\/\/schema.org","@graph":[{"@type":"WebPage","@id":"https:\/\/www.dutchfem.com\/es\/comprar\/contenedor-de-almacenamiento-cvault-medio-incl-1-x-boveda-8gr\/","url":"https:\/\/www.dutchfem.com\/es\/comprar\/contenedor-de-almacenamiento-cvault-medio-incl-1-x-boveda-8gr\/","name":"Cvault Storage Container Medium incl. 1 x Boveda 8gr - Dutchfem","isPartOf":{"@id":"https:\/\/www.dutchfem.com\/#website"},"primaryImageOfPage":{"@id":"https:\/\/www.dutchfem.com\/es\/comprar\/contenedor-de-almacenamiento-cvault-medio-incl-1-x-boveda-8gr\/#primaryimage"},"image":{"@id":"https:\/\/www.dutchfem.com\/es\/comprar\/contenedor-de-almacenamiento-cvault-medio-incl-1-x-boveda-8gr\/#primaryimage"},"thumbnailUrl":"https:\/\/www.dutchfem.com\/wp-content\/uploads\/2020\/11\/cvault-medium-e1708259765579.jpg","datePublished":"2020-11-19T21:24:57+00:00","dateModified":"2024-04-27T09:53:32+00:00","description":"El contenedor CVault Storage es todo lo que necesitas para mantener tus cogollos en perfectas condiciones sin p\u00e9rdida de sabor, olor y efecto.","breadcrumb":{"@id":"https:\/\/www.dutchfem.com\/es\/comprar\/contenedor-de-almacenamiento-cvault-medio-incl-1-x-boveda-8gr\/#breadcrumb"},"inLanguage":"es","potentialAction":[{"@type":"ReadAction","target":["https:\/\/www.dutchfem.com\/es\/comprar\/contenedor-de-almacenamiento-cvault-medio-incl-1-x-boveda-8gr\/"]}]},{"@type":"ImageObject","inLanguage":"es","@id":"https:\/\/www.dutchfem.com\/es\/comprar\/contenedor-de-almacenamiento-cvault-medio-incl-1-x-boveda-8gr\/#primaryimage","url":"https:\/\/www.dutchfem.com\/wp-content\/uploads\/2020\/11\/cvault-medium-e1708259765579.jpg","contentUrl":"https:\/\/www.dutchfem.com\/wp-content\/uploads\/2020\/11\/cvault-medium-e1708259765579.jpg","width":640,"height":640},{"@type":"BreadcrumbList","@id":"https:\/\/www.dutchfem.com\/es\/comprar\/contenedor-de-almacenamiento-cvault-medio-incl-1-x-boveda-8gr\/#breadcrumb","itemListElement":[{"@type":"ListItem","position":1,"name":"Home","item":"https:\/\/www.dutchfem.com\/es\/"},{"@type":"ListItem","position":2,"name":"Tienda","item":"https:\/\/www.dutchfem.com\/es\/tienda\/"},{"@type":"ListItem","position":3,"name":"Cvault Storage Container Medium incl. 1 x Boveda 8gr"}]},{"@type":"WebSite","@id":"https:\/\/www.dutchfem.com\/#website","url":"https:\/\/www.dutchfem.com\/","name":"Dutchfem","description":"Buy Feminized Cannabis Seeds - Autoflowering Seeds - Medical Marijuana Seeds &amp; CBD Oil online","publisher":{"@id":"https:\/\/www.dutchfem.com\/#organization"},"potentialAction":[{"@type":"SearchAction","target":{"@type":"EntryPoint","urlTemplate":"https:\/\/www.dutchfem.com\/?s={search_term_string}"},"query-input":{"@type":"PropertyValueSpecification","valueRequired":true,"valueName":"search_term_string"}}],"inLanguage":"es"},{"@type":"Organization","@id":"https:\/\/www.dutchfem.com\/#organization","name":"Dutchfem Cannabis Seeds","url":"https:\/\/www.dutchfem.com\/","logo":{"@type":"ImageObject","inLanguage":"es","@id":"https:\/\/www.dutchfem.com\/#\/schema\/logo\/image\/","url":"https:\/\/www.dutchfem.com\/wp-content\/uploads\/2017\/10\/logo_Dutchfem-web.png","contentUrl":"https:\/\/www.dutchfem.com\/wp-content\/uploads\/2017\/10\/logo_Dutchfem-web.png","width":825,"height":288,"caption":"Dutchfem Cannabis Seeds"},"image":{"@id":"https:\/\/www.dutchfem.com\/#\/schema\/logo\/image\/"},"sameAs":["https:\/\/www.facebook.com\/Dutchfem\/","https:\/\/x.com\/dutchfem","https:\/\/www.instagram.com\/dutchfemseeds\/","https:\/\/www.youtube.com\/@Dutchfem","https:\/\/nl.pinterest.com\/dutchfem\/","https:\/\/bsky.app\/profile\/dutchfem.bsky.social","https:\/\/www.threads.com\/@dutchfemseeds?igshid=NTc4MTIwNjQ2YQ","https:\/\/www.tumblr.com\/dutchfemseeds"]}]}},"_links":{"self":[{"href":"https:\/\/www.dutchfem.com\/es\/wp-json\/wp\/v2\/product\/9662","targetHints":{"allow":["GET"]}}],"collection":[{"href":"https:\/\/www.dutchfem.com\/es\/wp-json\/wp\/v2\/product"}],"about":[{"href":"https:\/\/www.dutchfem.com\/es\/wp-json\/wp\/v2\/types\/product"}],"replies":[{"embeddable":true,"href":"https:\/\/www.dutchfem.com\/es\/wp-json\/wp\/v2\/comments?post=9662"}],"wp:featuredmedia":[{"embeddable":true,"href":"https:\/\/www.dutchfem.com\/es\/wp-json\/wp\/v2\/media\/26476"}],"wp:attachment":[{"href":"https:\/\/www.dutchfem.com\/es\/wp-json\/wp\/v2\/media?parent=9662"}],"wp:term":[{"taxonomy":"product_brand","embeddable":true,"href":"https:\/\/www.dutchfem.com\/es\/wp-json\/wp\/v2\/product_brand?post=9662"},{"taxonomy":"product_cat","embeddable":true,"href":"https:\/\/www.dutchfem.com\/es\/wp-json\/wp\/v2\/product_cat?post=9662"},{"taxonomy":"product_tag","embeddable":true,"href":"https:\/\/www.dutchfem.com\/es\/wp-json\/wp\/v2\/product_tag?post=9662"}],"curies":[{"name":"wp","href":"https:\/\/api.w.org\/{rel}","templated":true}]}}