{"id":9791,"date":"2020-11-13T21:55:14","date_gmt":"2020-11-13T21:55:14","guid":{"rendered":"https:\/\/www.dutchfem.com\/buy\/camiseta-negra-con-eslogan-unisex-con-dutchfem-purple-og-kush\/"},"modified":"2024-04-27T10:10:46","modified_gmt":"2024-04-27T09:10:46","slug":"camiseta-negra-con-eslogan-unisex-con-dutchfem-purple-og-kush","status":"publish","type":"product","link":"https:\/\/www.dutchfem.com\/es\/comprar\/camiseta-negra-con-eslogan-unisex-con-dutchfem-purple-og-kush\/","title":{"rendered":"Camiseta negra con eslogan unisex con Dutchfem Purple OG Kush"},"content":{"rendered":"<p>Confeccionada con algod\u00f3n 100% org\u00e1nico, esta camiseta negra unisex con el eslogan Purple OG Kush no solo es elegante, sino que tambi\u00e9n es ecol\u00f3gica. En la parte delantera de la camiseta encontrar\u00e1s el hermoso eslogan Purple OG Kush en un estampado de cannabis violeta y el nombre de tu Purple OG Kush favorita en letras verdes.<\/p>\n<p>La camiseta negra unisex de Dutchfem est\u00e1 disponible en tama\u00f1o peque\u00f1o, mediano, grande y extra grande y se puede lavar a m\u00e1quina. Tambi\u00e9n disponible en blanco y verde menta.<\/p>\n","protected":false},"excerpt":{"rendered":"<p>Camiseta unisex negra de Dutchfem con el lema Purple OG Kush. Esta camiseta negra unisex de manga corta es el complemento perfecto para cualquier armario de los amantes de Dutchfem y OG Kush. Algod\u00f3n 100% org\u00e1nico que no da\u00f1a el medio ambiente y garantiza un confort total. Disponible en tama\u00f1o peque\u00f1o, mediano, grande y extra grande.<\/p>\n","protected":false},"featured_media":26395,"comment_status":"open","ping_status":"closed","template":"","meta":{"_exactmetrics_skip_tracking":false,"_exactmetrics_sitenote_active":false,"_exactmetrics_sitenote_note":"","_exactmetrics_sitenote_category":0},"product_brand":[],"product_cat":[352],"product_tag":[],"class_list":{"0":"post-9791","1":"product","2":"type-product","3":"status-publish","4":"has-post-thumbnail","6":"product_cat-mercancias","8":"first","9":"instock","10":"taxable","11":"shipping-taxable","12":"purchasable","13":"product-type-variable","14":"has-default-attributes"},"yoast_head":"<!-- This site is optimized with the Yoast SEO plugin v26.9 - https:\/\/yoast.com\/product\/yoast-seo-wordpress\/ -->\n<title>Camiseta negra con eslogan unisex con Dutchfem Purple OG Kush - Dutchfem<\/title>\n<meta name=\"robots\" content=\"index, follow, max-snippet:-1, max-image-preview:large, max-video-preview:-1\" \/>\n<link rel=\"canonical\" href=\"https:\/\/www.dutchfem.com\/es\/comprar\/camiseta-negra-con-eslogan-unisex-con-dutchfem-purple-og-kush\/\" \/>\n<meta property=\"og:locale\" content=\"es_ES\" \/>\n<meta property=\"og:type\" content=\"article\" \/>\n<meta property=\"og:title\" content=\"Camiseta negra con eslogan unisex con Dutchfem Purple OG Kush - Dutchfem\" \/>\n<meta property=\"og:description\" content=\"Camiseta unisex negra de Dutchfem con el lema Purple OG Kush. Esta camiseta negra unisex de manga corta es el complemento perfecto para cualquier armario de los amantes de Dutchfem y OG Kush. Algod\u00f3n 100% org\u00e1nico que no da\u00f1a el medio ambiente y garantiza un confort total. Disponible en tama\u00f1o peque\u00f1o, mediano, grande y extra grande.\" \/>\n<meta property=\"og:url\" content=\"https:\/\/www.dutchfem.com\/es\/comprar\/camiseta-negra-con-eslogan-unisex-con-dutchfem-purple-og-kush\/\" \/>\n<meta property=\"og:site_name\" content=\"Dutchfem\" \/>\n<meta property=\"article:publisher\" content=\"https:\/\/www.facebook.com\/Dutchfem\/\" \/>\n<meta property=\"article:modified_time\" content=\"2024-04-27T09:10:46+00:00\" \/>\n<meta property=\"og:image\" content=\"https:\/\/www.dutchfem.com\/wp-content\/uploads\/2020\/11\/tshirt-purple-OG-zwart-1-e1708213555954.jpg\" \/>\n\t<meta property=\"og:image:width\" content=\"640\" \/>\n\t<meta property=\"og:image:height\" content=\"640\" \/>\n\t<meta property=\"og:image:type\" content=\"image\/jpeg\" \/>\n<meta name=\"twitter:card\" content=\"summary_large_image\" \/>\n<meta name=\"twitter:site\" content=\"@dutchfem\" \/>\n<script type=\"application\/ld+json\" class=\"yoast-schema-graph\">{\"@context\":\"https:\/\/schema.org\",\"@graph\":[{\"@type\":\"WebPage\",\"@id\":\"https:\/\/www.dutchfem.com\/es\/comprar\/camiseta-negra-con-eslogan-unisex-con-dutchfem-purple-og-kush\/\",\"url\":\"https:\/\/www.dutchfem.com\/es\/comprar\/camiseta-negra-con-eslogan-unisex-con-dutchfem-purple-og-kush\/\",\"name\":\"Camiseta negra con eslogan unisex con Dutchfem Purple OG Kush - Dutchfem\",\"isPartOf\":{\"@id\":\"https:\/\/www.dutchfem.com\/#website\"},\"primaryImageOfPage\":{\"@id\":\"https:\/\/www.dutchfem.com\/es\/comprar\/camiseta-negra-con-eslogan-unisex-con-dutchfem-purple-og-kush\/#primaryimage\"},\"image\":{\"@id\":\"https:\/\/www.dutchfem.com\/es\/comprar\/camiseta-negra-con-eslogan-unisex-con-dutchfem-purple-og-kush\/#primaryimage\"},\"thumbnailUrl\":\"https:\/\/www.dutchfem.com\/wp-content\/uploads\/2020\/11\/tshirt-purple-OG-zwart-1-e1708213555954.jpg\",\"datePublished\":\"2020-11-13T21:55:14+00:00\",\"dateModified\":\"2024-04-27T09:10:46+00:00\",\"breadcrumb\":{\"@id\":\"https:\/\/www.dutchfem.com\/es\/comprar\/camiseta-negra-con-eslogan-unisex-con-dutchfem-purple-og-kush\/#breadcrumb\"},\"inLanguage\":\"es\",\"potentialAction\":[{\"@type\":\"ReadAction\",\"target\":[\"https:\/\/www.dutchfem.com\/es\/comprar\/camiseta-negra-con-eslogan-unisex-con-dutchfem-purple-og-kush\/\"]}]},{\"@type\":\"ImageObject\",\"inLanguage\":\"es\",\"@id\":\"https:\/\/www.dutchfem.com\/es\/comprar\/camiseta-negra-con-eslogan-unisex-con-dutchfem-purple-og-kush\/#primaryimage\",\"url\":\"https:\/\/www.dutchfem.com\/wp-content\/uploads\/2020\/11\/tshirt-purple-OG-zwart-1-e1708213555954.jpg\",\"contentUrl\":\"https:\/\/www.dutchfem.com\/wp-content\/uploads\/2020\/11\/tshirt-purple-OG-zwart-1-e1708213555954.jpg\",\"width\":640,\"height\":640},{\"@type\":\"BreadcrumbList\",\"@id\":\"https:\/\/www.dutchfem.com\/es\/comprar\/camiseta-negra-con-eslogan-unisex-con-dutchfem-purple-og-kush\/#breadcrumb\",\"itemListElement\":[{\"@type\":\"ListItem\",\"position\":1,\"name\":\"Home\",\"item\":\"https:\/\/www.dutchfem.com\/es\/\"},{\"@type\":\"ListItem\",\"position\":2,\"name\":\"Tienda\",\"item\":\"https:\/\/www.dutchfem.com\/es\/tienda\/\"},{\"@type\":\"ListItem\",\"position\":3,\"name\":\"Camiseta negra con eslogan unisex con Dutchfem Purple OG Kush\"}]},{\"@type\":\"WebSite\",\"@id\":\"https:\/\/www.dutchfem.com\/#website\",\"url\":\"https:\/\/www.dutchfem.com\/\",\"name\":\"Dutchfem\",\"description\":\"Buy Feminized Cannabis Seeds - Autoflowering Seeds - Medical Marijuana Seeds &amp; CBD Oil online\",\"publisher\":{\"@id\":\"https:\/\/www.dutchfem.com\/#organization\"},\"potentialAction\":[{\"@type\":\"SearchAction\",\"target\":{\"@type\":\"EntryPoint\",\"urlTemplate\":\"https:\/\/www.dutchfem.com\/?s={search_term_string}\"},\"query-input\":{\"@type\":\"PropertyValueSpecification\",\"valueRequired\":true,\"valueName\":\"search_term_string\"}}],\"inLanguage\":\"es\"},{\"@type\":\"Organization\",\"@id\":\"https:\/\/www.dutchfem.com\/#organization\",\"name\":\"Dutchfem Cannabis Seeds\",\"url\":\"https:\/\/www.dutchfem.com\/\",\"logo\":{\"@type\":\"ImageObject\",\"inLanguage\":\"es\",\"@id\":\"https:\/\/www.dutchfem.com\/#\/schema\/logo\/image\/\",\"url\":\"https:\/\/www.dutchfem.com\/wp-content\/uploads\/2017\/10\/logo_Dutchfem-web.png\",\"contentUrl\":\"https:\/\/www.dutchfem.com\/wp-content\/uploads\/2017\/10\/logo_Dutchfem-web.png\",\"width\":825,\"height\":288,\"caption\":\"Dutchfem Cannabis Seeds\"},\"image\":{\"@id\":\"https:\/\/www.dutchfem.com\/#\/schema\/logo\/image\/\"},\"sameAs\":[\"https:\/\/www.facebook.com\/Dutchfem\/\",\"https:\/\/x.com\/dutchfem\",\"https:\/\/www.instagram.com\/dutchfemseeds\/\",\"https:\/\/www.youtube.com\/@Dutchfem\",\"https:\/\/nl.pinterest.com\/dutchfem\/\",\"https:\/\/bsky.app\/profile\/dutchfem.bsky.social\",\"https:\/\/www.threads.com\/@dutchfemseeds?igshid=NTc4MTIwNjQ2YQ\",\"https:\/\/www.tumblr.com\/dutchfemseeds\"]}]}<\/script>\n<!-- \/ Yoast SEO plugin. -->","yoast_head_json":{"title":"Camiseta negra con eslogan unisex con Dutchfem Purple OG Kush - Dutchfem","robots":{"index":"index","follow":"follow","max-snippet":"max-snippet:-1","max-image-preview":"max-image-preview:large","max-video-preview":"max-video-preview:-1"},"canonical":"https:\/\/www.dutchfem.com\/es\/comprar\/camiseta-negra-con-eslogan-unisex-con-dutchfem-purple-og-kush\/","og_locale":"es_ES","og_type":"article","og_title":"Camiseta negra con eslogan unisex con Dutchfem Purple OG Kush - Dutchfem","og_description":"Camiseta unisex negra de Dutchfem con el lema Purple OG Kush. Esta camiseta negra unisex de manga corta es el complemento perfecto para cualquier armario de los amantes de Dutchfem y OG Kush. Algod\u00f3n 100% org\u00e1nico que no da\u00f1a el medio ambiente y garantiza un confort total. Disponible en tama\u00f1o peque\u00f1o, mediano, grande y extra grande.","og_url":"https:\/\/www.dutchfem.com\/es\/comprar\/camiseta-negra-con-eslogan-unisex-con-dutchfem-purple-og-kush\/","og_site_name":"Dutchfem","article_publisher":"https:\/\/www.facebook.com\/Dutchfem\/","article_modified_time":"2024-04-27T09:10:46+00:00","og_image":[{"width":640,"height":640,"url":"https:\/\/www.dutchfem.com\/wp-content\/uploads\/2020\/11\/tshirt-purple-OG-zwart-1-e1708213555954.jpg","type":"image\/jpeg"}],"twitter_card":"summary_large_image","twitter_site":"@dutchfem","schema":{"@context":"https:\/\/schema.org","@graph":[{"@type":"WebPage","@id":"https:\/\/www.dutchfem.com\/es\/comprar\/camiseta-negra-con-eslogan-unisex-con-dutchfem-purple-og-kush\/","url":"https:\/\/www.dutchfem.com\/es\/comprar\/camiseta-negra-con-eslogan-unisex-con-dutchfem-purple-og-kush\/","name":"Camiseta negra con eslogan unisex con Dutchfem Purple OG Kush - Dutchfem","isPartOf":{"@id":"https:\/\/www.dutchfem.com\/#website"},"primaryImageOfPage":{"@id":"https:\/\/www.dutchfem.com\/es\/comprar\/camiseta-negra-con-eslogan-unisex-con-dutchfem-purple-og-kush\/#primaryimage"},"image":{"@id":"https:\/\/www.dutchfem.com\/es\/comprar\/camiseta-negra-con-eslogan-unisex-con-dutchfem-purple-og-kush\/#primaryimage"},"thumbnailUrl":"https:\/\/www.dutchfem.com\/wp-content\/uploads\/2020\/11\/tshirt-purple-OG-zwart-1-e1708213555954.jpg","datePublished":"2020-11-13T21:55:14+00:00","dateModified":"2024-04-27T09:10:46+00:00","breadcrumb":{"@id":"https:\/\/www.dutchfem.com\/es\/comprar\/camiseta-negra-con-eslogan-unisex-con-dutchfem-purple-og-kush\/#breadcrumb"},"inLanguage":"es","potentialAction":[{"@type":"ReadAction","target":["https:\/\/www.dutchfem.com\/es\/comprar\/camiseta-negra-con-eslogan-unisex-con-dutchfem-purple-og-kush\/"]}]},{"@type":"ImageObject","inLanguage":"es","@id":"https:\/\/www.dutchfem.com\/es\/comprar\/camiseta-negra-con-eslogan-unisex-con-dutchfem-purple-og-kush\/#primaryimage","url":"https:\/\/www.dutchfem.com\/wp-content\/uploads\/2020\/11\/tshirt-purple-OG-zwart-1-e1708213555954.jpg","contentUrl":"https:\/\/www.dutchfem.com\/wp-content\/uploads\/2020\/11\/tshirt-purple-OG-zwart-1-e1708213555954.jpg","width":640,"height":640},{"@type":"BreadcrumbList","@id":"https:\/\/www.dutchfem.com\/es\/comprar\/camiseta-negra-con-eslogan-unisex-con-dutchfem-purple-og-kush\/#breadcrumb","itemListElement":[{"@type":"ListItem","position":1,"name":"Home","item":"https:\/\/www.dutchfem.com\/es\/"},{"@type":"ListItem","position":2,"name":"Tienda","item":"https:\/\/www.dutchfem.com\/es\/tienda\/"},{"@type":"ListItem","position":3,"name":"Camiseta negra con eslogan unisex con Dutchfem Purple OG Kush"}]},{"@type":"WebSite","@id":"https:\/\/www.dutchfem.com\/#website","url":"https:\/\/www.dutchfem.com\/","name":"Dutchfem","description":"Buy Feminized Cannabis Seeds - Autoflowering Seeds - Medical Marijuana Seeds &amp; CBD Oil online","publisher":{"@id":"https:\/\/www.dutchfem.com\/#organization"},"potentialAction":[{"@type":"SearchAction","target":{"@type":"EntryPoint","urlTemplate":"https:\/\/www.dutchfem.com\/?s={search_term_string}"},"query-input":{"@type":"PropertyValueSpecification","valueRequired":true,"valueName":"search_term_string"}}],"inLanguage":"es"},{"@type":"Organization","@id":"https:\/\/www.dutchfem.com\/#organization","name":"Dutchfem Cannabis Seeds","url":"https:\/\/www.dutchfem.com\/","logo":{"@type":"ImageObject","inLanguage":"es","@id":"https:\/\/www.dutchfem.com\/#\/schema\/logo\/image\/","url":"https:\/\/www.dutchfem.com\/wp-content\/uploads\/2017\/10\/logo_Dutchfem-web.png","contentUrl":"https:\/\/www.dutchfem.com\/wp-content\/uploads\/2017\/10\/logo_Dutchfem-web.png","width":825,"height":288,"caption":"Dutchfem Cannabis Seeds"},"image":{"@id":"https:\/\/www.dutchfem.com\/#\/schema\/logo\/image\/"},"sameAs":["https:\/\/www.facebook.com\/Dutchfem\/","https:\/\/x.com\/dutchfem","https:\/\/www.instagram.com\/dutchfemseeds\/","https:\/\/www.youtube.com\/@Dutchfem","https:\/\/nl.pinterest.com\/dutchfem\/","https:\/\/bsky.app\/profile\/dutchfem.bsky.social","https:\/\/www.threads.com\/@dutchfemseeds?igshid=NTc4MTIwNjQ2YQ","https:\/\/www.tumblr.com\/dutchfemseeds"]}]}},"_links":{"self":[{"href":"https:\/\/www.dutchfem.com\/es\/wp-json\/wp\/v2\/product\/9791","targetHints":{"allow":["GET"]}}],"collection":[{"href":"https:\/\/www.dutchfem.com\/es\/wp-json\/wp\/v2\/product"}],"about":[{"href":"https:\/\/www.dutchfem.com\/es\/wp-json\/wp\/v2\/types\/product"}],"replies":[{"embeddable":true,"href":"https:\/\/www.dutchfem.com\/es\/wp-json\/wp\/v2\/comments?post=9791"}],"wp:featuredmedia":[{"embeddable":true,"href":"https:\/\/www.dutchfem.com\/es\/wp-json\/wp\/v2\/media\/26395"}],"wp:attachment":[{"href":"https:\/\/www.dutchfem.com\/es\/wp-json\/wp\/v2\/media?parent=9791"}],"wp:term":[{"taxonomy":"product_brand","embeddable":true,"href":"https:\/\/www.dutchfem.com\/es\/wp-json\/wp\/v2\/product_brand?post=9791"},{"taxonomy":"product_cat","embeddable":true,"href":"https:\/\/www.dutchfem.com\/es\/wp-json\/wp\/v2\/product_cat?post=9791"},{"taxonomy":"product_tag","embeddable":true,"href":"https:\/\/www.dutchfem.com\/es\/wp-json\/wp\/v2\/product_tag?post=9791"}],"curies":[{"name":"wp","href":"https:\/\/api.w.org\/{rel}","templated":true}]}}