{"id":9990,"date":"2020-11-22T18:36:48","date_gmt":"2020-11-22T18:36:52","guid":{"rendered":"https:\/\/www.dutchfem.com\/?post_type=product&#038;p=9990"},"modified":"2025-06-12T19:23:15","modified_gmt":"2025-06-12T17:23:15","slug":"enecta-10-aceite-de-cbd","status":"publish","type":"product","link":"https:\/\/www.dutchfem.com\/es\/comprar\/enecta-10-aceite-de-cbd\/","title":{"rendered":"Enecta Aceite de CBD"},"content":{"rendered":"<p>El CBD (cannabidiol) es uno de los cannabinoides m\u00e1s conocidos de la planta de cannabis. El THC es otro cannabinoide prominente en la planta, pero, al contrario que el CBD, el THC provoca un efecto psicoactivo en las personas. Es decir, es la sustancia narc\u00f3tica del cannabis. Seg\u00fan las investigaciones, el CBD disminuye el efecto psicoactivo del THC, por lo que, al tomar aceite de CBD, solo sentir\u00e1 los efectos calmantes y analg\u00e9sicos propios del CBD. Nuestro CBD se extrae de forma segura con CO2 de plantas de c\u00e1\u00f1amo certificadas por la UE, las cuales tienen un porcentaje de THC inferior al 0,2 %. Por lo tanto, no tienen efectos psicoactivos. El aceite de CBD se utiliza para el dolor cr\u00f3nico, los trastornos de ansiedad, la depresi\u00f3n cr\u00f3nica, la psicosis, el TDAH, el TDA, la demencia, la migra\u00f1a, las picaduras, las afecciones en la piel, los ataques de p\u00e1nico, los sofocos, los dolores en las articulaciones y los dolores musculares. De los muchos tipos de investigaci\u00f3n que se han realizado sobre el CBD, se ha demostrado que no tiene efectos secundarios ni efectos psicoactivos, incluso en dosis elevadas. El CBD ha cobrado protagonismo en los \u00faltimos a\u00f1os, principalmente, debido a el gran aumento del consumo de cannabis medicinal, ya que este tiene un alto porcentaje de CBD.<\/p>\n<p><strong>GARANT\u00cdA<\/strong><br \/>\nGarant\u00eda de la concentraci\u00f3n correcta (%) de CBD que usted requiera.<\/p>\n<p><strong>CERTIFICADO<\/strong><br \/>\nEl c\u00e1\u00f1amo que cultivamos proviene de semillas certificadas.<\/p>\n<p><strong>CALIDAD<\/strong><br \/>\nNuestro CBD ha sido probado minuciosamente para ofrecer la m\u00e1xima calidad.<\/p>\n<p>La informaci\u00f3n que proporciona DutchFem est\u00e1 destinada a las personas que desean utilizar CBD como automedicaci\u00f3n o complemento alimenticio. DutchFem aconseja siempre consultar en primer lugar con su m\u00e9dico. La informaci\u00f3n que proporciona DutchFem no est\u00e1 destinada a diagnosticar, tratar o prevenir ninguna enfermedad.<\/p>\n","protected":false},"excerpt":{"rendered":"<p>Nuestro CBD se extrae de forma segura con CO2 de plantas de c\u00e1\u00f1amo certificadas por la UE, las cuales tienen un porcentaje de THC inferior al 0,2 %. Por lo tanto, no tienen efectos psicoactivos. El aceite de CBD se utiliza para el dolor cr\u00f3nico, los trastornos de ansiedad, la depresi\u00f3n cr\u00f3nica, la psicosis, el TDAH, el TDA, la demencia, la migra\u00f1a, las picaduras, las afecciones en la piel, los ataques de p\u00e1nico, los sofocos, los dolores en las articulaciones y los dolores musculares.<\/p>\n","protected":false},"featured_media":10337,"comment_status":"open","ping_status":"closed","template":"","meta":{"_exactmetrics_skip_tracking":false,"_exactmetrics_sitenote_active":false,"_exactmetrics_sitenote_note":"","_exactmetrics_sitenote_category":0},"product_brand":[],"product_cat":[357,401],"product_tag":[],"class_list":{"0":"post-9990","1":"product","2":"type-product","3":"status-publish","4":"has-post-thumbnail","6":"product_cat-aceite-de-cbd","7":"product_cat-tienda-de-cbd","9":"first","10":"outofstock","11":"taxable","12":"shipping-taxable","13":"purchasable","14":"product-type-variable","15":"has-default-attributes"},"yoast_head":"<!-- This site is optimized with the Yoast SEO plugin v26.9 - https:\/\/yoast.com\/product\/yoast-seo-wordpress\/ -->\n<title>Compre Aceite de CBD Enecta - Base de semillas de c\u00e1\u00f1amo y CDB pura!<\/title>\n<meta name=\"description\" content=\"Buy Enecta CBD Oil online from Dutchfem! All our CBD Oil is made on organic hemp seed oil and CO2 extracted CBD Crystals. The best CBD oil available! Order now!\" \/>\n<meta name=\"robots\" content=\"index, follow, max-snippet:-1, max-image-preview:large, max-video-preview:-1\" \/>\n<link rel=\"canonical\" href=\"https:\/\/www.dutchfem.com\/es\/comprar\/enecta-10-aceite-de-cbd\/\" \/>\n<meta property=\"og:locale\" content=\"es_ES\" \/>\n<meta property=\"og:type\" content=\"article\" \/>\n<meta property=\"og:title\" content=\"Compre Aceite de CBD Enecta - Base de semillas de c\u00e1\u00f1amo y CDB pura!\" \/>\n<meta property=\"og:description\" content=\"Buy Enecta CBD Oil online from Dutchfem! All our CBD Oil is made on organic hemp seed oil and CO2 extracted CBD Crystals. The best CBD oil available! Order now!\" \/>\n<meta property=\"og:url\" content=\"https:\/\/www.dutchfem.com\/es\/comprar\/enecta-10-aceite-de-cbd\/\" \/>\n<meta property=\"og:site_name\" content=\"Dutchfem\" \/>\n<meta property=\"article:publisher\" content=\"https:\/\/www.facebook.com\/Dutchfem\/\" \/>\n<meta property=\"article:modified_time\" content=\"2025-06-12T17:23:15+00:00\" \/>\n<meta property=\"og:image\" content=\"https:\/\/www.dutchfem.com\/wp-content\/uploads\/2020\/11\/2B0B86C1-F8DC-4998-8E20-D516FAC291D3-scaled-e1608238417336.jpeg\" \/>\n\t<meta property=\"og:image:width\" content=\"2560\" \/>\n\t<meta property=\"og:image:height\" content=\"2560\" \/>\n\t<meta property=\"og:image:type\" content=\"image\/jpeg\" \/>\n<meta name=\"twitter:card\" content=\"summary_large_image\" \/>\n<meta name=\"twitter:site\" content=\"@dutchfem\" \/>\n<meta name=\"twitter:label1\" content=\"Tiempo de lectura\" \/>\n\t<meta name=\"twitter:data1\" content=\"2 minutos\" \/>\n<script type=\"application\/ld+json\" class=\"yoast-schema-graph\">{\"@context\":\"https:\/\/schema.org\",\"@graph\":[{\"@type\":\"WebPage\",\"@id\":\"https:\/\/www.dutchfem.com\/es\/comprar\/enecta-10-aceite-de-cbd\/\",\"url\":\"https:\/\/www.dutchfem.com\/es\/comprar\/enecta-10-aceite-de-cbd\/\",\"name\":\"Compre Aceite de CBD Enecta - Base de semillas de c\u00e1\u00f1amo y CDB pura!\",\"isPartOf\":{\"@id\":\"https:\/\/www.dutchfem.com\/#website\"},\"primaryImageOfPage\":{\"@id\":\"https:\/\/www.dutchfem.com\/es\/comprar\/enecta-10-aceite-de-cbd\/#primaryimage\"},\"image\":{\"@id\":\"https:\/\/www.dutchfem.com\/es\/comprar\/enecta-10-aceite-de-cbd\/#primaryimage\"},\"thumbnailUrl\":\"https:\/\/www.dutchfem.com\/wp-content\/uploads\/2020\/11\/2B0B86C1-F8DC-4998-8E20-D516FAC291D3-scaled-e1608238417336.jpeg\",\"datePublished\":\"2020-11-22T18:36:52+00:00\",\"dateModified\":\"2025-06-12T17:23:15+00:00\",\"description\":\"Buy Enecta CBD Oil online from Dutchfem! All our CBD Oil is made on organic hemp seed oil and CO2 extracted CBD Crystals. The best CBD oil available! Order now!\",\"breadcrumb\":{\"@id\":\"https:\/\/www.dutchfem.com\/es\/comprar\/enecta-10-aceite-de-cbd\/#breadcrumb\"},\"inLanguage\":\"es\",\"potentialAction\":[{\"@type\":\"ReadAction\",\"target\":[\"https:\/\/www.dutchfem.com\/es\/comprar\/enecta-10-aceite-de-cbd\/\"]}]},{\"@type\":\"ImageObject\",\"inLanguage\":\"es\",\"@id\":\"https:\/\/www.dutchfem.com\/es\/comprar\/enecta-10-aceite-de-cbd\/#primaryimage\",\"url\":\"https:\/\/www.dutchfem.com\/wp-content\/uploads\/2020\/11\/2B0B86C1-F8DC-4998-8E20-D516FAC291D3-scaled-e1608238417336.jpeg\",\"contentUrl\":\"https:\/\/www.dutchfem.com\/wp-content\/uploads\/2020\/11\/2B0B86C1-F8DC-4998-8E20-D516FAC291D3-scaled-e1608238417336.jpeg\",\"width\":2560,\"height\":2560,\"caption\":\"{\\\"source_sid\\\":\\\"CF8D8439-58FE-48C8-B6C2-79AD6788E3E4_1608229876529\\\",\\\"subsource\\\":\\\"done_button\\\",\\\"uid\\\":\\\"CF8D8439-58FE-48C8-B6C2-79AD6788E3E4_1608229876202\\\",\\\"source\\\":\\\"editor\\\",\\\"origin\\\":\\\"gallery\\\"}\"},{\"@type\":\"BreadcrumbList\",\"@id\":\"https:\/\/www.dutchfem.com\/es\/comprar\/enecta-10-aceite-de-cbd\/#breadcrumb\",\"itemListElement\":[{\"@type\":\"ListItem\",\"position\":1,\"name\":\"Home\",\"item\":\"https:\/\/www.dutchfem.com\/es\/\"},{\"@type\":\"ListItem\",\"position\":2,\"name\":\"Tienda\",\"item\":\"https:\/\/www.dutchfem.com\/es\/tienda\/\"},{\"@type\":\"ListItem\",\"position\":3,\"name\":\"Enecta Aceite de CBD\"}]},{\"@type\":\"WebSite\",\"@id\":\"https:\/\/www.dutchfem.com\/#website\",\"url\":\"https:\/\/www.dutchfem.com\/\",\"name\":\"Dutchfem\",\"description\":\"Buy Feminized Cannabis Seeds - Autoflowering Seeds - Medical Marijuana Seeds &amp; CBD Oil online\",\"publisher\":{\"@id\":\"https:\/\/www.dutchfem.com\/#organization\"},\"potentialAction\":[{\"@type\":\"SearchAction\",\"target\":{\"@type\":\"EntryPoint\",\"urlTemplate\":\"https:\/\/www.dutchfem.com\/?s={search_term_string}\"},\"query-input\":{\"@type\":\"PropertyValueSpecification\",\"valueRequired\":true,\"valueName\":\"search_term_string\"}}],\"inLanguage\":\"es\"},{\"@type\":\"Organization\",\"@id\":\"https:\/\/www.dutchfem.com\/#organization\",\"name\":\"Dutchfem Cannabis Seeds\",\"url\":\"https:\/\/www.dutchfem.com\/\",\"logo\":{\"@type\":\"ImageObject\",\"inLanguage\":\"es\",\"@id\":\"https:\/\/www.dutchfem.com\/#\/schema\/logo\/image\/\",\"url\":\"https:\/\/www.dutchfem.com\/wp-content\/uploads\/2017\/10\/logo_Dutchfem-web.png\",\"contentUrl\":\"https:\/\/www.dutchfem.com\/wp-content\/uploads\/2017\/10\/logo_Dutchfem-web.png\",\"width\":825,\"height\":288,\"caption\":\"Dutchfem Cannabis Seeds\"},\"image\":{\"@id\":\"https:\/\/www.dutchfem.com\/#\/schema\/logo\/image\/\"},\"sameAs\":[\"https:\/\/www.facebook.com\/Dutchfem\/\",\"https:\/\/x.com\/dutchfem\",\"https:\/\/www.instagram.com\/dutchfemseeds\/\",\"https:\/\/www.youtube.com\/@Dutchfem\",\"https:\/\/nl.pinterest.com\/dutchfem\/\",\"https:\/\/bsky.app\/profile\/dutchfem.bsky.social\",\"https:\/\/www.threads.com\/@dutchfemseeds?igshid=NTc4MTIwNjQ2YQ\",\"https:\/\/www.tumblr.com\/dutchfemseeds\"]}]}<\/script>\n<!-- \/ Yoast SEO plugin. -->","yoast_head_json":{"title":"Compre Aceite de CBD Enecta - Base de semillas de c\u00e1\u00f1amo y CDB pura!","description":"Buy Enecta CBD Oil online from Dutchfem! All our CBD Oil is made on organic hemp seed oil and CO2 extracted CBD Crystals. The best CBD oil available! Order now!","robots":{"index":"index","follow":"follow","max-snippet":"max-snippet:-1","max-image-preview":"max-image-preview:large","max-video-preview":"max-video-preview:-1"},"canonical":"https:\/\/www.dutchfem.com\/es\/comprar\/enecta-10-aceite-de-cbd\/","og_locale":"es_ES","og_type":"article","og_title":"Compre Aceite de CBD Enecta - Base de semillas de c\u00e1\u00f1amo y CDB pura!","og_description":"Buy Enecta CBD Oil online from Dutchfem! All our CBD Oil is made on organic hemp seed oil and CO2 extracted CBD Crystals. The best CBD oil available! Order now!","og_url":"https:\/\/www.dutchfem.com\/es\/comprar\/enecta-10-aceite-de-cbd\/","og_site_name":"Dutchfem","article_publisher":"https:\/\/www.facebook.com\/Dutchfem\/","article_modified_time":"2025-06-12T17:23:15+00:00","og_image":[{"width":2560,"height":2560,"url":"https:\/\/www.dutchfem.com\/wp-content\/uploads\/2020\/11\/2B0B86C1-F8DC-4998-8E20-D516FAC291D3-scaled-e1608238417336.jpeg","type":"image\/jpeg"}],"twitter_card":"summary_large_image","twitter_site":"@dutchfem","twitter_misc":{"Tiempo de lectura":"2 minutos"},"schema":{"@context":"https:\/\/schema.org","@graph":[{"@type":"WebPage","@id":"https:\/\/www.dutchfem.com\/es\/comprar\/enecta-10-aceite-de-cbd\/","url":"https:\/\/www.dutchfem.com\/es\/comprar\/enecta-10-aceite-de-cbd\/","name":"Compre Aceite de CBD Enecta - Base de semillas de c\u00e1\u00f1amo y CDB pura!","isPartOf":{"@id":"https:\/\/www.dutchfem.com\/#website"},"primaryImageOfPage":{"@id":"https:\/\/www.dutchfem.com\/es\/comprar\/enecta-10-aceite-de-cbd\/#primaryimage"},"image":{"@id":"https:\/\/www.dutchfem.com\/es\/comprar\/enecta-10-aceite-de-cbd\/#primaryimage"},"thumbnailUrl":"https:\/\/www.dutchfem.com\/wp-content\/uploads\/2020\/11\/2B0B86C1-F8DC-4998-8E20-D516FAC291D3-scaled-e1608238417336.jpeg","datePublished":"2020-11-22T18:36:52+00:00","dateModified":"2025-06-12T17:23:15+00:00","description":"Buy Enecta CBD Oil online from Dutchfem! All our CBD Oil is made on organic hemp seed oil and CO2 extracted CBD Crystals. The best CBD oil available! Order now!","breadcrumb":{"@id":"https:\/\/www.dutchfem.com\/es\/comprar\/enecta-10-aceite-de-cbd\/#breadcrumb"},"inLanguage":"es","potentialAction":[{"@type":"ReadAction","target":["https:\/\/www.dutchfem.com\/es\/comprar\/enecta-10-aceite-de-cbd\/"]}]},{"@type":"ImageObject","inLanguage":"es","@id":"https:\/\/www.dutchfem.com\/es\/comprar\/enecta-10-aceite-de-cbd\/#primaryimage","url":"https:\/\/www.dutchfem.com\/wp-content\/uploads\/2020\/11\/2B0B86C1-F8DC-4998-8E20-D516FAC291D3-scaled-e1608238417336.jpeg","contentUrl":"https:\/\/www.dutchfem.com\/wp-content\/uploads\/2020\/11\/2B0B86C1-F8DC-4998-8E20-D516FAC291D3-scaled-e1608238417336.jpeg","width":2560,"height":2560,"caption":"{\"source_sid\":\"CF8D8439-58FE-48C8-B6C2-79AD6788E3E4_1608229876529\",\"subsource\":\"done_button\",\"uid\":\"CF8D8439-58FE-48C8-B6C2-79AD6788E3E4_1608229876202\",\"source\":\"editor\",\"origin\":\"gallery\"}"},{"@type":"BreadcrumbList","@id":"https:\/\/www.dutchfem.com\/es\/comprar\/enecta-10-aceite-de-cbd\/#breadcrumb","itemListElement":[{"@type":"ListItem","position":1,"name":"Home","item":"https:\/\/www.dutchfem.com\/es\/"},{"@type":"ListItem","position":2,"name":"Tienda","item":"https:\/\/www.dutchfem.com\/es\/tienda\/"},{"@type":"ListItem","position":3,"name":"Enecta Aceite de CBD"}]},{"@type":"WebSite","@id":"https:\/\/www.dutchfem.com\/#website","url":"https:\/\/www.dutchfem.com\/","name":"Dutchfem","description":"Buy Feminized Cannabis Seeds - Autoflowering Seeds - Medical Marijuana Seeds &amp; CBD Oil online","publisher":{"@id":"https:\/\/www.dutchfem.com\/#organization"},"potentialAction":[{"@type":"SearchAction","target":{"@type":"EntryPoint","urlTemplate":"https:\/\/www.dutchfem.com\/?s={search_term_string}"},"query-input":{"@type":"PropertyValueSpecification","valueRequired":true,"valueName":"search_term_string"}}],"inLanguage":"es"},{"@type":"Organization","@id":"https:\/\/www.dutchfem.com\/#organization","name":"Dutchfem Cannabis Seeds","url":"https:\/\/www.dutchfem.com\/","logo":{"@type":"ImageObject","inLanguage":"es","@id":"https:\/\/www.dutchfem.com\/#\/schema\/logo\/image\/","url":"https:\/\/www.dutchfem.com\/wp-content\/uploads\/2017\/10\/logo_Dutchfem-web.png","contentUrl":"https:\/\/www.dutchfem.com\/wp-content\/uploads\/2017\/10\/logo_Dutchfem-web.png","width":825,"height":288,"caption":"Dutchfem Cannabis Seeds"},"image":{"@id":"https:\/\/www.dutchfem.com\/#\/schema\/logo\/image\/"},"sameAs":["https:\/\/www.facebook.com\/Dutchfem\/","https:\/\/x.com\/dutchfem","https:\/\/www.instagram.com\/dutchfemseeds\/","https:\/\/www.youtube.com\/@Dutchfem","https:\/\/nl.pinterest.com\/dutchfem\/","https:\/\/bsky.app\/profile\/dutchfem.bsky.social","https:\/\/www.threads.com\/@dutchfemseeds?igshid=NTc4MTIwNjQ2YQ","https:\/\/www.tumblr.com\/dutchfemseeds"]}]}},"_links":{"self":[{"href":"https:\/\/www.dutchfem.com\/es\/wp-json\/wp\/v2\/product\/9990","targetHints":{"allow":["GET"]}}],"collection":[{"href":"https:\/\/www.dutchfem.com\/es\/wp-json\/wp\/v2\/product"}],"about":[{"href":"https:\/\/www.dutchfem.com\/es\/wp-json\/wp\/v2\/types\/product"}],"replies":[{"embeddable":true,"href":"https:\/\/www.dutchfem.com\/es\/wp-json\/wp\/v2\/comments?post=9990"}],"wp:featuredmedia":[{"embeddable":true,"href":"https:\/\/www.dutchfem.com\/es\/wp-json\/wp\/v2\/media\/10337"}],"wp:attachment":[{"href":"https:\/\/www.dutchfem.com\/es\/wp-json\/wp\/v2\/media?parent=9990"}],"wp:term":[{"taxonomy":"product_brand","embeddable":true,"href":"https:\/\/www.dutchfem.com\/es\/wp-json\/wp\/v2\/product_brand?post=9990"},{"taxonomy":"product_cat","embeddable":true,"href":"https:\/\/www.dutchfem.com\/es\/wp-json\/wp\/v2\/product_cat?post=9990"},{"taxonomy":"product_tag","embeddable":true,"href":"https:\/\/www.dutchfem.com\/es\/wp-json\/wp\/v2\/product_tag?post=9990"}],"curies":[{"name":"wp","href":"https:\/\/api.w.org\/{rel}","templated":true}]}}