{"id":5522,"date":"2018-05-11T17:10:17","date_gmt":"2018-05-11T17:10:17","guid":{"rendered":"https:\/\/www.dutchfem.com\/?page_id=5522"},"modified":"2025-03-01T00:24:26","modified_gmt":"2025-02-28T23:24:26","slug":"garantie-de-satisfaction","status":"publish","type":"page","link":"https:\/\/www.dutchfem.com\/fr\/garantie-de-satisfaction\/","title":{"rendered":"Garantie de satisfaction"},"content":{"rendered":"<h2>Garantie de satisfaction<\/h2>\n<p>&nbsp;<\/p>\n<p>Nos exigences sont \u00e9lev\u00e9es, c&rsquo;est \u00e0 dire que nous sommes satisfaits uniquement lorsque vous l&rsquo;\u00eates. Par cons\u00e9quent nous avons mis en place, entre autres, une garantie de satisfaction sur tout vos achats sur DutchFem.com. Cela signifie:<\/p>\n<p><strong>100% Bienvenue<\/strong><\/p>\n<ul>\n<li>Nous sommes content de vous compter parmi nos clients.<\/li>\n<li>Nous mettrons tout en \u0153uvre pour faire de vous un client heureux.<\/li>\n<li>Nous agissons ainsi car c&rsquo;est votre satisfaction qui fait notre bonheur.<\/li>\n<\/ul>\n<p><strong>100% Service<\/strong><\/p>\n<ul>\n<li>DutchFem prend cette mesure suppl\u00e9mentaire pour vous.<\/li>\n<li>Vos plaintes et demandes sont prises au s\u00e9rieux par DutchFem.<\/li>\n<li>Nos sp\u00e9cialistes sont toujours \u00e0 votre disposition.<\/li>\n<\/ul>\n<p><strong>100% Qualit\u00e9<\/strong><\/p>\n<ul>\n<li>Nos produits sont de haute qualit\u00e9.<\/li>\n<li>Celle de nos graines et toujours v\u00e9rifi\u00e9e avec attention.<\/li>\n<li>La germination est garantie dans les 30 jours suivant la livraison.<\/li>\n<li>La garantie de germination expire si les num\u00e9ros de commande ou les informations relatives \u00e0 la commande sont partag\u00e9s avec des tiers afin d&rsquo;\u00e9viter que notre garantie ne soit utilis\u00e9e abusivement.<\/li>\n<\/ul>\n<p><strong>100% Vitesse<\/strong><\/p>\n<ul>\n<li>Si vous avez command\u00e9 avant 15h, nous exp\u00e9dions votre commande le jour m\u00eame!<\/li>\n<li>La plupart des probl\u00e8mes peuvent \u00eatre r\u00e9solus par notre \u00e9quipe de support client.<\/li>\n<li>Pour b\u00e9n\u00e9ficier de conseils, pas besoin de rendez- vous, vous pouvez simplement contacter ce dernier.<\/li>\n<\/ul>\n<p><strong>100% Professionnalisme<\/strong><\/p>\n<ul>\n<li>Chez DutchFerm, tout notre personnel est exp\u00e9riment\u00e9 et sait de quoi il parle.<\/li>\n<li>Chez DutchFerm, vous obtenez des r\u00e9ponses honn\u00eates et de bons conseils.<\/li>\n<li>Nous prenons grand soin d&rsquo;exp\u00e9dier votre commande de la mani\u00e8re la plus discr\u00e8te qui soit.<\/li>\n<\/ul>\n","protected":false},"excerpt":{"rendered":"<p>Garantie de satisfaction &nbsp; Nos exigences sont \u00e9lev\u00e9es, c&rsquo;est \u00e0 dire que nous sommes satisfaits uniquement lorsque vous l&rsquo;\u00eates. Par cons\u00e9quent nous avons mis en place, entre autres, une garantie<\/p>\n","protected":false},"author":2,"featured_media":0,"parent":0,"menu_order":0,"comment_status":"closed","ping_status":"closed","template":"","meta":{"_exactmetrics_skip_tracking":false,"_exactmetrics_sitenote_active":false,"_exactmetrics_sitenote_note":"","_exactmetrics_sitenote_category":0,"footnotes":""},"class_list":["post-5522","page","type-page","status-publish","hentry"],"yoast_head":"<!-- This site is optimized with the Yoast SEO plugin v26.9 - https:\/\/yoast.com\/product\/yoast-seo-wordpress\/ -->\n<title>Garantie de satisfaction - Dutchfem<\/title>\n<meta name=\"robots\" content=\"index, follow, max-snippet:-1, max-image-preview:large, max-video-preview:-1\" \/>\n<link rel=\"canonical\" href=\"https:\/\/www.dutchfem.com\/fr\/garantie-de-satisfaction\/\" \/>\n<meta property=\"og:locale\" content=\"fr_FR\" \/>\n<meta property=\"og:type\" content=\"article\" \/>\n<meta property=\"og:title\" content=\"Garantie de satisfaction - Dutchfem\" \/>\n<meta property=\"og:description\" content=\"Garantie de satisfaction &nbsp; Nos exigences sont \u00e9lev\u00e9es, c&rsquo;est \u00e0 dire que nous sommes satisfaits uniquement lorsque vous l&rsquo;\u00eates. Par cons\u00e9quent nous avons mis en place, entre autres, une garantie\" \/>\n<meta property=\"og:url\" content=\"https:\/\/www.dutchfem.com\/fr\/garantie-de-satisfaction\/\" \/>\n<meta property=\"og:site_name\" content=\"Dutchfem\" \/>\n<meta property=\"article:publisher\" content=\"https:\/\/www.facebook.com\/Dutchfem\/\" \/>\n<meta property=\"article:modified_time\" content=\"2025-02-28T23:24:26+00:00\" \/>\n<meta property=\"og:image\" content=\"https:\/\/www.dutchfem.com\/wp-content\/uploads\/2021\/03\/fb-front.jpg\" \/>\n\t<meta property=\"og:image:width\" content=\"1732\" \/>\n\t<meta property=\"og:image:height\" content=\"1732\" \/>\n\t<meta property=\"og:image:type\" content=\"image\/jpeg\" \/>\n<meta name=\"twitter:card\" content=\"summary_large_image\" \/>\n<meta name=\"twitter:site\" content=\"@dutchfem\" \/>\n<meta name=\"twitter:label1\" content=\"Dur\u00e9e de lecture estim\u00e9e\" \/>\n\t<meta name=\"twitter:data1\" content=\"1 minute\" \/>\n<script type=\"application\/ld+json\" class=\"yoast-schema-graph\">{\"@context\":\"https:\/\/schema.org\",\"@graph\":[{\"@type\":\"WebPage\",\"@id\":\"https:\/\/www.dutchfem.com\/fr\/garantie-de-satisfaction\/\",\"url\":\"https:\/\/www.dutchfem.com\/fr\/garantie-de-satisfaction\/\",\"name\":\"Garantie de satisfaction - Dutchfem\",\"isPartOf\":{\"@id\":\"https:\/\/www.dutchfem.com\/#website\"},\"datePublished\":\"2018-05-11T17:10:17+00:00\",\"dateModified\":\"2025-02-28T23:24:26+00:00\",\"breadcrumb\":{\"@id\":\"https:\/\/www.dutchfem.com\/fr\/garantie-de-satisfaction\/#breadcrumb\"},\"inLanguage\":\"fr-FR\",\"potentialAction\":[{\"@type\":\"ReadAction\",\"target\":[\"https:\/\/www.dutchfem.com\/fr\/garantie-de-satisfaction\/\"]}]},{\"@type\":\"BreadcrumbList\",\"@id\":\"https:\/\/www.dutchfem.com\/fr\/garantie-de-satisfaction\/#breadcrumb\",\"itemListElement\":[{\"@type\":\"ListItem\",\"position\":1,\"name\":\"Home\",\"item\":\"https:\/\/www.dutchfem.com\/fr\/\"},{\"@type\":\"ListItem\",\"position\":2,\"name\":\"Garantie de satisfaction\"}]},{\"@type\":\"WebSite\",\"@id\":\"https:\/\/www.dutchfem.com\/#website\",\"url\":\"https:\/\/www.dutchfem.com\/\",\"name\":\"Dutchfem\",\"description\":\"Buy Feminized Cannabis Seeds - Autoflowering Seeds - Medical Marijuana Seeds &amp; CBD Oil online\",\"publisher\":{\"@id\":\"https:\/\/www.dutchfem.com\/#organization\"},\"potentialAction\":[{\"@type\":\"SearchAction\",\"target\":{\"@type\":\"EntryPoint\",\"urlTemplate\":\"https:\/\/www.dutchfem.com\/?s={search_term_string}\"},\"query-input\":{\"@type\":\"PropertyValueSpecification\",\"valueRequired\":true,\"valueName\":\"search_term_string\"}}],\"inLanguage\":\"fr-FR\"},{\"@type\":\"Organization\",\"@id\":\"https:\/\/www.dutchfem.com\/#organization\",\"name\":\"Dutchfem Cannabis Seeds\",\"url\":\"https:\/\/www.dutchfem.com\/\",\"logo\":{\"@type\":\"ImageObject\",\"inLanguage\":\"fr-FR\",\"@id\":\"https:\/\/www.dutchfem.com\/#\/schema\/logo\/image\/\",\"url\":\"https:\/\/www.dutchfem.com\/wp-content\/uploads\/2017\/10\/logo_Dutchfem-web.png\",\"contentUrl\":\"https:\/\/www.dutchfem.com\/wp-content\/uploads\/2017\/10\/logo_Dutchfem-web.png\",\"width\":825,\"height\":288,\"caption\":\"Dutchfem Cannabis Seeds\"},\"image\":{\"@id\":\"https:\/\/www.dutchfem.com\/#\/schema\/logo\/image\/\"},\"sameAs\":[\"https:\/\/www.facebook.com\/Dutchfem\/\",\"https:\/\/x.com\/dutchfem\",\"https:\/\/www.instagram.com\/dutchfemseeds\/\",\"https:\/\/www.youtube.com\/@Dutchfem\",\"https:\/\/nl.pinterest.com\/dutchfem\/\",\"https:\/\/bsky.app\/profile\/dutchfem.bsky.social\",\"https:\/\/www.threads.com\/@dutchfemseeds?igshid=NTc4MTIwNjQ2YQ\",\"https:\/\/www.tumblr.com\/dutchfemseeds\"]}]}<\/script>\n<!-- \/ Yoast SEO plugin. -->","yoast_head_json":{"title":"Garantie de satisfaction - Dutchfem","robots":{"index":"index","follow":"follow","max-snippet":"max-snippet:-1","max-image-preview":"max-image-preview:large","max-video-preview":"max-video-preview:-1"},"canonical":"https:\/\/www.dutchfem.com\/fr\/garantie-de-satisfaction\/","og_locale":"fr_FR","og_type":"article","og_title":"Garantie de satisfaction - Dutchfem","og_description":"Garantie de satisfaction &nbsp; Nos exigences sont \u00e9lev\u00e9es, c&rsquo;est \u00e0 dire que nous sommes satisfaits uniquement lorsque vous l&rsquo;\u00eates. Par cons\u00e9quent nous avons mis en place, entre autres, une garantie","og_url":"https:\/\/www.dutchfem.com\/fr\/garantie-de-satisfaction\/","og_site_name":"Dutchfem","article_publisher":"https:\/\/www.facebook.com\/Dutchfem\/","article_modified_time":"2025-02-28T23:24:26+00:00","og_image":[{"width":1732,"height":1732,"url":"https:\/\/www.dutchfem.com\/wp-content\/uploads\/2021\/03\/fb-front.jpg","type":"image\/jpeg"}],"twitter_card":"summary_large_image","twitter_site":"@dutchfem","twitter_misc":{"Dur\u00e9e de lecture estim\u00e9e":"1 minute"},"schema":{"@context":"https:\/\/schema.org","@graph":[{"@type":"WebPage","@id":"https:\/\/www.dutchfem.com\/fr\/garantie-de-satisfaction\/","url":"https:\/\/www.dutchfem.com\/fr\/garantie-de-satisfaction\/","name":"Garantie de satisfaction - Dutchfem","isPartOf":{"@id":"https:\/\/www.dutchfem.com\/#website"},"datePublished":"2018-05-11T17:10:17+00:00","dateModified":"2025-02-28T23:24:26+00:00","breadcrumb":{"@id":"https:\/\/www.dutchfem.com\/fr\/garantie-de-satisfaction\/#breadcrumb"},"inLanguage":"fr-FR","potentialAction":[{"@type":"ReadAction","target":["https:\/\/www.dutchfem.com\/fr\/garantie-de-satisfaction\/"]}]},{"@type":"BreadcrumbList","@id":"https:\/\/www.dutchfem.com\/fr\/garantie-de-satisfaction\/#breadcrumb","itemListElement":[{"@type":"ListItem","position":1,"name":"Home","item":"https:\/\/www.dutchfem.com\/fr\/"},{"@type":"ListItem","position":2,"name":"Garantie de satisfaction"}]},{"@type":"WebSite","@id":"https:\/\/www.dutchfem.com\/#website","url":"https:\/\/www.dutchfem.com\/","name":"Dutchfem","description":"Buy Feminized Cannabis Seeds - Autoflowering Seeds - Medical Marijuana Seeds &amp; CBD Oil online","publisher":{"@id":"https:\/\/www.dutchfem.com\/#organization"},"potentialAction":[{"@type":"SearchAction","target":{"@type":"EntryPoint","urlTemplate":"https:\/\/www.dutchfem.com\/?s={search_term_string}"},"query-input":{"@type":"PropertyValueSpecification","valueRequired":true,"valueName":"search_term_string"}}],"inLanguage":"fr-FR"},{"@type":"Organization","@id":"https:\/\/www.dutchfem.com\/#organization","name":"Dutchfem Cannabis Seeds","url":"https:\/\/www.dutchfem.com\/","logo":{"@type":"ImageObject","inLanguage":"fr-FR","@id":"https:\/\/www.dutchfem.com\/#\/schema\/logo\/image\/","url":"https:\/\/www.dutchfem.com\/wp-content\/uploads\/2017\/10\/logo_Dutchfem-web.png","contentUrl":"https:\/\/www.dutchfem.com\/wp-content\/uploads\/2017\/10\/logo_Dutchfem-web.png","width":825,"height":288,"caption":"Dutchfem Cannabis Seeds"},"image":{"@id":"https:\/\/www.dutchfem.com\/#\/schema\/logo\/image\/"},"sameAs":["https:\/\/www.facebook.com\/Dutchfem\/","https:\/\/x.com\/dutchfem","https:\/\/www.instagram.com\/dutchfemseeds\/","https:\/\/www.youtube.com\/@Dutchfem","https:\/\/nl.pinterest.com\/dutchfem\/","https:\/\/bsky.app\/profile\/dutchfem.bsky.social","https:\/\/www.threads.com\/@dutchfemseeds?igshid=NTc4MTIwNjQ2YQ","https:\/\/www.tumblr.com\/dutchfemseeds"]}]}},"_links":{"self":[{"href":"https:\/\/www.dutchfem.com\/fr\/wp-json\/wp\/v2\/pages\/5522","targetHints":{"allow":["GET"]}}],"collection":[{"href":"https:\/\/www.dutchfem.com\/fr\/wp-json\/wp\/v2\/pages"}],"about":[{"href":"https:\/\/www.dutchfem.com\/fr\/wp-json\/wp\/v2\/types\/page"}],"author":[{"embeddable":true,"href":"https:\/\/www.dutchfem.com\/fr\/wp-json\/wp\/v2\/users\/2"}],"replies":[{"embeddable":true,"href":"https:\/\/www.dutchfem.com\/fr\/wp-json\/wp\/v2\/comments?post=5522"}],"version-history":[{"count":0,"href":"https:\/\/www.dutchfem.com\/fr\/wp-json\/wp\/v2\/pages\/5522\/revisions"}],"wp:attachment":[{"href":"https:\/\/www.dutchfem.com\/fr\/wp-json\/wp\/v2\/media?parent=5522"}],"curies":[{"name":"wp","href":"https:\/\/api.w.org\/{rel}","templated":true}]}}