{"id":5527,"date":"2018-05-11T17:15:50","date_gmt":"2018-05-11T17:15:50","guid":{"rendered":"https:\/\/www.dutchfem.com\/?page_id=5527"},"modified":"2024-12-02T10:32:47","modified_gmt":"2024-12-02T09:32:47","slug":"options-de-paiement","status":"publish","type":"page","link":"https:\/\/www.dutchfem.com\/fr\/options-de-paiement\/","title":{"rendered":"Options de paiement"},"content":{"rendered":"<div class=\"wpb-content-wrapper\"><p>[vc_row][vc_column][vc_column_text css=\u00a0\u00bb\u00a0\u00bb]<\/p>\n<h3 style=\"text-align: center;\">Options de paiement<\/h3>\n<p style=\"text-align: center;\">Pour le confort de nos clients, nous proposons chez Dutchfem diff\u00e9rentes options de paiement qui te permettent de r\u00e9gler ta commande en toute s\u00e9curit\u00e9, facilement et rapidement. Choisis l&rsquo;option de paiement que tu pr\u00e9f\u00e8res. Il n&rsquo;a jamais \u00e9t\u00e9 aussi facile de commander des graines de cannabis en ligne.<\/p>\n<p>[\/vc_column_text][dfd_spacer screen_wide_spacer_size=\u00a0\u00bb25&Prime; screen_normal_resolution=\u00a0\u00bb1024&Prime; screen_tablet_resolution=\u00a0\u00bb800&Prime; screen_mobile_resolution=\u00a0\u00bb480&Prime;][\/vc_column][\/vc_row][vc_row][vc_column][dfd_info_box title=\u00a0\u00bbCartes de cr\u00e9dit et de d\u00e9bit\u00a0\u00bb subtitle=\u00a0\u00bbL&rsquo;option de paiement la plus rapide est celle de la carte de cr\u00e9dit\/d\u00e9bit.\u00a0\u00bb main_content=\u00a0\u00bbNous acceptons (presque) toutes les cartes de cr\u00e9dit et de d\u00e9bit pour le paiement direct de votre commande. Si vous payez avec cette option, votre commande est imm\u00e9diatement trait\u00e9e et exp\u00e9di\u00e9e le jour m\u00eame.\u00a0\u00bb ic_dfd_icons=\u00a0\u00bbdfd-socicon-mastercard\u00a0\u00bb main_style=\u00a0\u00bbstyle-1&Prime; main_layout=\u00a0\u00bblayout-2&Prime; undefined=\u00a0\u00bb\u00a0\u00bb title_font_options=\u00a0\u00bbtag:div\u00a0\u00bb subtitle_font_options=\u00a0\u00bbtag:div|font_size:13|color:%238e8e8e\u00a0\u00bb icon_color=\u00a0\u00bb#f39200&Prime;][dfd_spacer screen_wide_spacer_size=\u00a0\u00bb25&Prime; screen_normal_resolution=\u00a0\u00bb1024&Prime; screen_tablet_resolution=\u00a0\u00bb800&Prime; screen_mobile_resolution=\u00a0\u00bb480&Prime;][dfd_info_box title=\u00a0\u00bbPayer par virement bancaire.\u00a0\u00bb subtitle=\u00a0\u00bbIl est tr\u00e8s facile d&rsquo;acheter nos graines de cannabis en effectuant un virement direct sur notre compte bancaire.\u00a0\u00bb main_content=\u00a0\u00bbSi vous choisissez cette option, vous recevrez imm\u00e9diatement un e-mail avec nos coordonn\u00e9es bancaires dont vous aurez besoin pour effectuer le virement. Vous pouvez effectuer un virement direct par internet \u00e0 partir de l&rsquo;application de paiement de votre propre compte bancaire, ou envoyer un virement via WesternUnion, WISE, REVOLUT etc etc. Une fois le montant cr\u00e9dit\u00e9 sur notre compte, vous recevrez un e-mail de confirmation et votre commande sera trait\u00e9e et envoy\u00e9e.\u00a0\u00bb ic_dfd_icons=\u00a0\u00bbdfd-socicon-euro-currency-symbol\u00a0\u00bb main_style=\u00a0\u00bbstyle-1&Prime; main_layout=\u00a0\u00bblayout-2&Prime; undefined=\u00a0\u00bb\u00a0\u00bb title_font_options=\u00a0\u00bbtag:div\u00a0\u00bb subtitle_font_options=\u00a0\u00bbtag:div|font_size:13|color:%238e8e8e\u00a0\u00bb icon_color=\u00a0\u00bb#f39200&Prime;][dfd_spacer screen_wide_spacer_size=\u00a0\u00bb25&Prime; screen_normal_resolution=\u00a0\u00bb1024&Prime; screen_tablet_resolution=\u00a0\u00bb800&Prime; screen_mobile_resolution=\u00a0\u00bb480&Prime;][dfd_info_box title=\u00a0\u00bbLien de demande de paiement\u00a0\u00bb subtitle=\u00a0\u00bbLien de demande de paiement qui peut \u00eatre pay\u00e9 de plusieurs fa\u00e7ons.\u00a0\u00bb main_content=\u00a0\u00bbSi vous choisissez cette option de paiement, nous vous enverrons un lien de demande de paiement qui peut \u00eatre pay\u00e9 par IDEAL, carte de cr\u00e9dit\/d\u00e9bit, diverses cartes PIN et Apple\/Google Pay.\u00a0\u00bb ic_dfd_icons=\u00a0\u00bbdfd-socicon-credit-card\u00a0\u00bb main_style=\u00a0\u00bbstyle-1&Prime; main_layout=\u00a0\u00bblayout-2&Prime; undefined=\u00a0\u00bb\u00a0\u00bb title_font_options=\u00a0\u00bbtag:div\u00a0\u00bb subtitle_font_options=\u00a0\u00bbtag:div|font_size:13|color:%238e8e8e\u00a0\u00bb icon_color=\u00a0\u00bb#f39200&Prime;][dfd_spacer screen_wide_spacer_size=\u00a0\u00bb25&Prime; screen_normal_resolution=\u00a0\u00bb1024&Prime; screen_tablet_resolution=\u00a0\u00bb800&Prime; screen_mobile_resolution=\u00a0\u00bb480&Prime;][dfd_info_box title=\u00a0\u00bbOption Google Pay\u00a0\u00bb subtitle=\u00a0\u00bbGoogle Pay est un moyen de paiement rapide, facile et s\u00e9curis\u00e9.\u00a0\u00bb main_content=\u00a0\u00bbCette option de paiement vous permet de payer en toute s\u00e9curit\u00e9, facilement et rapidement via Google Pay avec votre t\u00e9l\u00e9phone Android pour un traitement et une exp\u00e9dition rapides de votre commande.\u00a0\u00bb ic_dfd_icons=\u00a0\u00bbdfd-socicon-open-laptop-computer\u00a0\u00bb main_style=\u00a0\u00bbstyle-1&Prime; main_layout=\u00a0\u00bblayout-2&Prime; undefined=\u00a0\u00bb\u00a0\u00bb title_font_options=\u00a0\u00bbtag:div\u00a0\u00bb icon_color=\u00a0\u00bb#f39200&Prime; subtitle_font_options=\u00a0\u00bbtag:div|font_size:13|color:%238e8e8e\u00a0\u00bb][dfd_spacer screen_wide_spacer_size=\u00a0\u00bb25&Prime; screen_normal_resolution=\u00a0\u00bb1024&Prime; screen_tablet_resolution=\u00a0\u00bb800&Prime; screen_mobile_resolution=\u00a0\u00bb480&Prime;][dfd_info_box title=\u00a0\u00bbOption Apple Pay\u00a0\u00bb subtitle=\u00a0\u00bbApple Pay est un moyen de paiement rapide, facile et s\u00e9curis\u00e9.\u00a0\u00bb main_content=\u00a0\u00bbCette option de paiement vous permet de payer en toute s\u00e9curit\u00e9, facilement et rapidement via Apple Pay avec votre t\u00e9l\u00e9phone Android pour un traitement et une exp\u00e9dition rapides de votre commande.\u00a0\u00bb ic_dfd_icons=\u00a0\u00bbdfd-socicon-open-laptop-computer\u00a0\u00bb main_style=\u00a0\u00bbstyle-1&Prime; main_layout=\u00a0\u00bblayout-2&Prime; undefined=\u00a0\u00bb\u00a0\u00bb title_font_options=\u00a0\u00bbtag:div\u00a0\u00bb icon_color=\u00a0\u00bb#f39200&Prime; subtitle_font_options=\u00a0\u00bbtag:div|font_size:13|color:%238c8c8c\u00a0\u00bb][dfd_spacer screen_wide_spacer_size=\u00a0\u00bb25&Prime; screen_normal_resolution=\u00a0\u00bb1024&Prime; screen_tablet_resolution=\u00a0\u00bb800&Prime; screen_mobile_resolution=\u00a0\u00bb480&Prime;][dfd_info_box title=\u00a0\u00bbPayer avec des Crypto\u00a0\u00bb subtitle=\u00a0\u00bbNous acceptons le bitcoin, l&rsquo;ethereum, dogecoin et le XRP.\u00a0\u00bb main_content=\u00a0\u00bbCette option de paiement vous permet de payer avec des crypto-monnaies en toute s\u00e9curit\u00e9, discr\u00e8tement, facilement et rapidement. Choisissez BTC, ETH, DOGE ou XRP puis cliquez sur ouvrir mon portefeuille. En 1 clic, vous payez votre commande et elle sera trait\u00e9e et envoy\u00e9e imm\u00e9diatement.\u00a0\u00bb ic_dfd_icons=\u00a0\u00bbdfd-socicon-open-laptop-computer\u00a0\u00bb main_style=\u00a0\u00bbstyle-1&Prime; main_layout=\u00a0\u00bblayout-2&Prime; undefined=\u00a0\u00bb\u00a0\u00bb title_font_options=\u00a0\u00bbtag:div\u00a0\u00bb icon_color=\u00a0\u00bb#f39200&Prime; tutorials=\u00a0\u00bb\u00a0\u00bb subtitle_font_options=\u00a0\u00bbtag:div|font_size:13|color:%238e8e8e\u00a0\u00bb][dfd_spacer screen_wide_spacer_size=\u00a0\u00bb25&Prime; screen_normal_resolution=\u00a0\u00bb1024&Prime; screen_tablet_resolution=\u00a0\u00bb800&Prime; screen_mobile_resolution=\u00a0\u00bb480&Prime;][\/vc_column][\/vc_row][vc_row][vc_column][vc_column_text css=\u00a0\u00bb\u00a0\u00bb]Il vous manque votre mode de paiement pr\u00e9f\u00e9r\u00e9 comme PayPal ? O\u00f9 que vous viviez et quelles que soient les graines de cannabis qui vous int\u00e9ressent, nos diff\u00e9rentes m\u00e9thodes de paiement vous permettent de passer commande et de payer facilement et en toute s\u00e9curit\u00e9. Si vous avez des questions sur nos options de paiement, n&rsquo;h\u00e9sitez pas \u00e0 contacter notre service client\u00e8le par email ou par chat en direct.[\/vc_column_text][\/vc_column][\/vc_row]<\/p>\n<\/div>","protected":false},"excerpt":{"rendered":"<p>[vc_row][vc_column][vc_column_text css=\u00a0\u00bb\u00a0\u00bb] Options de paiement Pour le confort de nos clients, nous proposons chez Dutchfem diff\u00e9rentes options de paiement qui te permettent de r\u00e9gler ta commande en toute s\u00e9curit\u00e9, facilement<\/p>\n","protected":false},"author":2,"featured_media":0,"parent":0,"menu_order":0,"comment_status":"closed","ping_status":"closed","template":"","meta":{"_exactmetrics_skip_tracking":false,"_exactmetrics_sitenote_active":false,"_exactmetrics_sitenote_note":"","_exactmetrics_sitenote_category":0,"footnotes":""},"class_list":["post-5527","page","type-page","status-publish","hentry"],"yoast_head":"<!-- This site is optimized with the Yoast SEO plugin v26.9 - https:\/\/yoast.com\/product\/yoast-seo-wordpress\/ -->\n<title>Options de paiement - Dutchfem<\/title>\n<meta name=\"robots\" content=\"index, follow, max-snippet:-1, max-image-preview:large, max-video-preview:-1\" \/>\n<link rel=\"canonical\" href=\"https:\/\/www.dutchfem.com\/fr\/options-de-paiement\/\" \/>\n<meta property=\"og:locale\" content=\"fr_FR\" \/>\n<meta property=\"og:type\" content=\"article\" \/>\n<meta property=\"og:title\" content=\"Options de paiement - Dutchfem\" \/>\n<meta property=\"og:description\" content=\"[vc_row][vc_column][vc_column_text css=\u00a0\u00bb\u00a0\u00bb] Options de paiement Pour le confort de nos clients, nous proposons chez Dutchfem diff\u00e9rentes options de paiement qui te permettent de r\u00e9gler ta commande en toute s\u00e9curit\u00e9, facilement\" \/>\n<meta property=\"og:url\" content=\"https:\/\/www.dutchfem.com\/fr\/options-de-paiement\/\" \/>\n<meta property=\"og:site_name\" content=\"Dutchfem\" \/>\n<meta property=\"article:publisher\" content=\"https:\/\/www.facebook.com\/Dutchfem\/\" \/>\n<meta property=\"article:modified_time\" content=\"2024-12-02T09:32:47+00:00\" \/>\n<meta property=\"og:image\" content=\"https:\/\/www.dutchfem.com\/wp-content\/uploads\/2021\/03\/fb-front.jpg\" \/>\n\t<meta property=\"og:image:width\" content=\"1732\" \/>\n\t<meta property=\"og:image:height\" content=\"1732\" \/>\n\t<meta property=\"og:image:type\" content=\"image\/jpeg\" \/>\n<meta name=\"twitter:card\" content=\"summary_large_image\" \/>\n<meta name=\"twitter:site\" content=\"@dutchfem\" \/>\n<meta name=\"twitter:label1\" content=\"Dur\u00e9e de lecture estim\u00e9e\" \/>\n\t<meta name=\"twitter:data1\" content=\"4 minutes\" \/>\n<script type=\"application\/ld+json\" class=\"yoast-schema-graph\">{\"@context\":\"https:\/\/schema.org\",\"@graph\":[{\"@type\":\"WebPage\",\"@id\":\"https:\/\/www.dutchfem.com\/fr\/options-de-paiement\/\",\"url\":\"https:\/\/www.dutchfem.com\/fr\/options-de-paiement\/\",\"name\":\"Options de paiement - Dutchfem\",\"isPartOf\":{\"@id\":\"https:\/\/www.dutchfem.com\/#website\"},\"datePublished\":\"2018-05-11T17:15:50+00:00\",\"dateModified\":\"2024-12-02T09:32:47+00:00\",\"breadcrumb\":{\"@id\":\"https:\/\/www.dutchfem.com\/fr\/options-de-paiement\/#breadcrumb\"},\"inLanguage\":\"fr-FR\",\"potentialAction\":[{\"@type\":\"ReadAction\",\"target\":[\"https:\/\/www.dutchfem.com\/fr\/options-de-paiement\/\"]}]},{\"@type\":\"BreadcrumbList\",\"@id\":\"https:\/\/www.dutchfem.com\/fr\/options-de-paiement\/#breadcrumb\",\"itemListElement\":[{\"@type\":\"ListItem\",\"position\":1,\"name\":\"Home\",\"item\":\"https:\/\/www.dutchfem.com\/fr\/\"},{\"@type\":\"ListItem\",\"position\":2,\"name\":\"Options de paiement\"}]},{\"@type\":\"WebSite\",\"@id\":\"https:\/\/www.dutchfem.com\/#website\",\"url\":\"https:\/\/www.dutchfem.com\/\",\"name\":\"Dutchfem\",\"description\":\"Buy Feminized Cannabis Seeds - Autoflowering Seeds - Medical Marijuana Seeds &amp; CBD Oil online\",\"publisher\":{\"@id\":\"https:\/\/www.dutchfem.com\/#organization\"},\"potentialAction\":[{\"@type\":\"SearchAction\",\"target\":{\"@type\":\"EntryPoint\",\"urlTemplate\":\"https:\/\/www.dutchfem.com\/?s={search_term_string}\"},\"query-input\":{\"@type\":\"PropertyValueSpecification\",\"valueRequired\":true,\"valueName\":\"search_term_string\"}}],\"inLanguage\":\"fr-FR\"},{\"@type\":\"Organization\",\"@id\":\"https:\/\/www.dutchfem.com\/#organization\",\"name\":\"Dutchfem Cannabis Seeds\",\"url\":\"https:\/\/www.dutchfem.com\/\",\"logo\":{\"@type\":\"ImageObject\",\"inLanguage\":\"fr-FR\",\"@id\":\"https:\/\/www.dutchfem.com\/#\/schema\/logo\/image\/\",\"url\":\"https:\/\/www.dutchfem.com\/wp-content\/uploads\/2017\/10\/logo_Dutchfem-web.png\",\"contentUrl\":\"https:\/\/www.dutchfem.com\/wp-content\/uploads\/2017\/10\/logo_Dutchfem-web.png\",\"width\":825,\"height\":288,\"caption\":\"Dutchfem Cannabis Seeds\"},\"image\":{\"@id\":\"https:\/\/www.dutchfem.com\/#\/schema\/logo\/image\/\"},\"sameAs\":[\"https:\/\/www.facebook.com\/Dutchfem\/\",\"https:\/\/x.com\/dutchfem\",\"https:\/\/www.instagram.com\/dutchfemseeds\/\",\"https:\/\/www.youtube.com\/@Dutchfem\",\"https:\/\/nl.pinterest.com\/dutchfem\/\",\"https:\/\/bsky.app\/profile\/dutchfem.bsky.social\",\"https:\/\/www.threads.com\/@dutchfemseeds?igshid=NTc4MTIwNjQ2YQ\",\"https:\/\/www.tumblr.com\/dutchfemseeds\"]}]}<\/script>\n<!-- \/ Yoast SEO plugin. -->","yoast_head_json":{"title":"Options de paiement - Dutchfem","robots":{"index":"index","follow":"follow","max-snippet":"max-snippet:-1","max-image-preview":"max-image-preview:large","max-video-preview":"max-video-preview:-1"},"canonical":"https:\/\/www.dutchfem.com\/fr\/options-de-paiement\/","og_locale":"fr_FR","og_type":"article","og_title":"Options de paiement - Dutchfem","og_description":"[vc_row][vc_column][vc_column_text css=\u00a0\u00bb\u00a0\u00bb] Options de paiement Pour le confort de nos clients, nous proposons chez Dutchfem diff\u00e9rentes options de paiement qui te permettent de r\u00e9gler ta commande en toute s\u00e9curit\u00e9, facilement","og_url":"https:\/\/www.dutchfem.com\/fr\/options-de-paiement\/","og_site_name":"Dutchfem","article_publisher":"https:\/\/www.facebook.com\/Dutchfem\/","article_modified_time":"2024-12-02T09:32:47+00:00","og_image":[{"width":1732,"height":1732,"url":"https:\/\/www.dutchfem.com\/wp-content\/uploads\/2021\/03\/fb-front.jpg","type":"image\/jpeg"}],"twitter_card":"summary_large_image","twitter_site":"@dutchfem","twitter_misc":{"Dur\u00e9e de lecture estim\u00e9e":"4 minutes"},"schema":{"@context":"https:\/\/schema.org","@graph":[{"@type":"WebPage","@id":"https:\/\/www.dutchfem.com\/fr\/options-de-paiement\/","url":"https:\/\/www.dutchfem.com\/fr\/options-de-paiement\/","name":"Options de paiement - Dutchfem","isPartOf":{"@id":"https:\/\/www.dutchfem.com\/#website"},"datePublished":"2018-05-11T17:15:50+00:00","dateModified":"2024-12-02T09:32:47+00:00","breadcrumb":{"@id":"https:\/\/www.dutchfem.com\/fr\/options-de-paiement\/#breadcrumb"},"inLanguage":"fr-FR","potentialAction":[{"@type":"ReadAction","target":["https:\/\/www.dutchfem.com\/fr\/options-de-paiement\/"]}]},{"@type":"BreadcrumbList","@id":"https:\/\/www.dutchfem.com\/fr\/options-de-paiement\/#breadcrumb","itemListElement":[{"@type":"ListItem","position":1,"name":"Home","item":"https:\/\/www.dutchfem.com\/fr\/"},{"@type":"ListItem","position":2,"name":"Options de paiement"}]},{"@type":"WebSite","@id":"https:\/\/www.dutchfem.com\/#website","url":"https:\/\/www.dutchfem.com\/","name":"Dutchfem","description":"Buy Feminized Cannabis Seeds - Autoflowering Seeds - Medical Marijuana Seeds &amp; CBD Oil online","publisher":{"@id":"https:\/\/www.dutchfem.com\/#organization"},"potentialAction":[{"@type":"SearchAction","target":{"@type":"EntryPoint","urlTemplate":"https:\/\/www.dutchfem.com\/?s={search_term_string}"},"query-input":{"@type":"PropertyValueSpecification","valueRequired":true,"valueName":"search_term_string"}}],"inLanguage":"fr-FR"},{"@type":"Organization","@id":"https:\/\/www.dutchfem.com\/#organization","name":"Dutchfem Cannabis Seeds","url":"https:\/\/www.dutchfem.com\/","logo":{"@type":"ImageObject","inLanguage":"fr-FR","@id":"https:\/\/www.dutchfem.com\/#\/schema\/logo\/image\/","url":"https:\/\/www.dutchfem.com\/wp-content\/uploads\/2017\/10\/logo_Dutchfem-web.png","contentUrl":"https:\/\/www.dutchfem.com\/wp-content\/uploads\/2017\/10\/logo_Dutchfem-web.png","width":825,"height":288,"caption":"Dutchfem Cannabis Seeds"},"image":{"@id":"https:\/\/www.dutchfem.com\/#\/schema\/logo\/image\/"},"sameAs":["https:\/\/www.facebook.com\/Dutchfem\/","https:\/\/x.com\/dutchfem","https:\/\/www.instagram.com\/dutchfemseeds\/","https:\/\/www.youtube.com\/@Dutchfem","https:\/\/nl.pinterest.com\/dutchfem\/","https:\/\/bsky.app\/profile\/dutchfem.bsky.social","https:\/\/www.threads.com\/@dutchfemseeds?igshid=NTc4MTIwNjQ2YQ","https:\/\/www.tumblr.com\/dutchfemseeds"]}]}},"_links":{"self":[{"href":"https:\/\/www.dutchfem.com\/fr\/wp-json\/wp\/v2\/pages\/5527","targetHints":{"allow":["GET"]}}],"collection":[{"href":"https:\/\/www.dutchfem.com\/fr\/wp-json\/wp\/v2\/pages"}],"about":[{"href":"https:\/\/www.dutchfem.com\/fr\/wp-json\/wp\/v2\/types\/page"}],"author":[{"embeddable":true,"href":"https:\/\/www.dutchfem.com\/fr\/wp-json\/wp\/v2\/users\/2"}],"replies":[{"embeddable":true,"href":"https:\/\/www.dutchfem.com\/fr\/wp-json\/wp\/v2\/comments?post=5527"}],"version-history":[{"count":0,"href":"https:\/\/www.dutchfem.com\/fr\/wp-json\/wp\/v2\/pages\/5527\/revisions"}],"wp:attachment":[{"href":"https:\/\/www.dutchfem.com\/fr\/wp-json\/wp\/v2\/media?parent=5527"}],"curies":[{"name":"wp","href":"https:\/\/api.w.org\/{rel}","templated":true}]}}