{"id":5714,"date":"2018-05-17T16:53:11","date_gmt":"2018-05-17T16:53:11","guid":{"rendered":"https:\/\/www.dutchfem.com\/?page_id=5714"},"modified":"2024-07-22T14:49:04","modified_gmt":"2024-07-22T13:49:04","slug":"expedition-et-livraison","status":"publish","type":"page","link":"https:\/\/www.dutchfem.com\/fr\/expedition-et-livraison\/","title":{"rendered":"Exp\u00e9dition Et Livraison"},"content":{"rendered":"<div class=\"wpb-content-wrapper\"><p>[vc_row][vc_column][vc_column_text css=\u00a0\u00bb\u00a0\u00bb]<\/p>\n<h3 style=\"text-align: center;\"><strong>Exp\u00e9dition et livraison<\/strong><\/h3>\n<p>Toutes les commandes pass\u00e9es sur Dutchfem.com seront livr\u00e9es par DPD, PostNL ou UPS. Si la commande est pass\u00e9e avant 16h00, elle sera exp\u00e9di\u00e9e le jour m\u00eame. Il n&rsquo;est pas possible de livrer \u00e0 une bo\u00eete postale. Les colis ne peuvent \u00eatre livr\u00e9s qu&rsquo;\u00e0 une adresse de domicile. Tous les colis sont envoy\u00e9s dans des bo\u00eetes aux lettres plates et sont livr\u00e9s dans votre bo\u00eete aux lettres sans que vous ayez \u00e0 rester chez vous pour les recevoir. Seuls les colis plus volumineux doivent \u00eatre r\u00e9ceptionn\u00e9s par vos soins. Si vous n&rsquo;\u00eates pas chez vous au moment de la livraison, vous trouverez dans votre bo\u00eete aux lettres un avis vous indiquant o\u00f9 et quand aller le chercher. Vous pouvez le retirer au bureau de poste le plus proche ou \u00e0 un point de retrait sp\u00e9cial. Dans certains cas, ils essaieront d&rsquo;abord de le livrer le jour suivant avant que vous ne puissiez le r\u00e9cup\u00e9rer. Toutes les commandes sont exp\u00e9di\u00e9es (dans la mesure du possible) avec l&rsquo;option de suivi et de tra\u00e7abilit\u00e9 afin que vous puissiez les suivre. La commande et l&rsquo;exp\u00e9dition de graines de cannabis se font \u00e0 vos propres risques et nous ne serons pas responsables des dommages, de la perte ou du vol de votre colis.<\/p>\n<h3 style=\"text-align: center;\">Options d&rsquo;exp\u00e9dition<\/h3>\n<p>[\/vc_column_text][\/vc_column][\/vc_row][vc_row][vc_column width=\u00a0\u00bb1\/2&Prime;][dfd_single_image image=\u00a0\u00bb4853&Prime;][dfd_spacer screen_wide_spacer_size=\u00a0\u00bb20&Prime; screen_normal_resolution=\u00a0\u00bb1024&Prime; screen_tablet_resolution=\u00a0\u00bb800&Prime; screen_mobile_resolution=\u00a0\u00bb480&Prime;][vc_column_text]<\/p>\n<p style=\"text-align: center;\"><strong>POSTNL Standard shipping<\/strong><\/p>\n<p>[\/vc_column_text][dfd_icon_list icon_align=\u00a0\u00bbicon-center\u00a0\u00bb list_fields=\u00a0\u00bb%5B%7B%22icon_type%22%3A%22selector%22%2C%22select_icon%22%3A%22dfd_icons%22%2C%22ic_dfd_icons%22%3A%22dfd-socicon-icon-checkmark%22%2C%22text_content%22%3A%22Discrete%20Shipping%20%22%7D%5D\u00a0\u00bb main_style=\u00a0\u00bbstyle-1&Prime; font_options=\u00a0\u00bbtag:div\u00a0\u00bb icon_color=\u00a0\u00bb#81d742&Prime;][dfd_icon_list icon_align=\u00a0\u00bbicon-center\u00a0\u00bb list_fields=\u00a0\u00bb%5B%7B%22icon_type%22%3A%22selector%22%2C%22select_icon%22%3A%22dfd_icons%22%2C%22ic_dfd_icons%22%3A%22dfd-socicon-cross-24%22%2C%22text_content%22%3A%22Tracking%20Code%20Available%22%7D%2C%7B%22icon_type%22%3A%22selector%22%2C%22select_icon%22%3A%22dfd_icons%22%2C%22ic_dfd_icons%22%3A%22dfd-socicon-cross-24%22%2C%22text_content%22%3A%22Insured%20Parcel%22%7D%5D\u00a0\u00bb main_style=\u00a0\u00bbstyle-1&Prime; font_options=\u00a0\u00bbtag:div\u00a0\u00bb icon_color=\u00a0\u00bb#dd3333&Prime;][\/vc_column][vc_column width=\u00a0\u00bb1\/2&Prime;][dfd_single_image image=\u00a0\u00bb11880&Prime;][dfd_spacer screen_wide_spacer_size=\u00a0\u00bb20&Prime; screen_normal_resolution=\u00a0\u00bb1024&Prime; screen_tablet_resolution=\u00a0\u00bb800&Prime; screen_mobile_resolution=\u00a0\u00bb480&Prime;][vc_column_text]<\/p>\n<p style=\"text-align: center;\"><strong>DPD Track&amp;Trace shipping<\/strong><\/p>\n<p>[\/vc_column_text][dfd_icon_list icon_align=\u00a0\u00bbicon-center\u00a0\u00bb list_fields=\u00a0\u00bb%5B%7B%22icon_type%22%3A%22selector%22%2C%22select_icon%22%3A%22dfd_icons%22%2C%22ic_dfd_icons%22%3A%22dfd-socicon-icon-checkmark%22%2C%22text_content%22%3A%22Discrete%20Shipping%20%22%7D%2C%7B%22icon_type%22%3A%22selector%22%2C%22select_icon%22%3A%22dfd_icons%22%2C%22ic_dfd_icons%22%3A%22dfd-socicon-icon-checkmark%22%2C%22text_content%22%3A%22Tracking%20Code%20Available%22%7D%2C%7B%22icon_type%22%3A%22selector%22%2C%22select_icon%22%3A%22dfd_icons%22%2C%22ic_dfd_icons%22%3A%22dfd-socicon-icon-checkmark%22%2C%22text_content%22%3A%22Insured%20Parcel%22%7D%5D\u00a0\u00bb main_style=\u00a0\u00bbstyle-1&Prime; font_options=\u00a0\u00bbtag:div\u00a0\u00bb icon_color=\u00a0\u00bb#78d635&Prime;][\/vc_column][\/vc_row][vc_row][vc_column][vc_column_text]<\/p>\n<h3 style=\"text-align: center;\">Delivery Time &amp; Cost<\/h3>\n<p>&nbsp;<\/p>\n<table style=\"height: 543px;\" width=\"1124\">\n<tbody>\n<tr>\n<td style=\"width: 20%;\"><strong>Country<\/strong><\/td>\n<td style=\"width: 20%;\"><strong>Average delivery time<\/strong><\/td>\n<td style=\"width: 30%; padding-left: 40px;\"><strong>POSTNL Standard Shipping<\/strong><\/td>\n<td style=\"width: 30%; padding-left: 40px;\"><strong>DPD Track &amp; Trace shipping<\/strong><\/td>\n<td style=\"width: 30%; text-align: center;\"><strong>UPS EXPRESS<\/strong><\/td>\n<\/tr>\n<tr>\n<td>Netherlands<\/td>\n<td>1\u00a0Business\u00a0day<\/td>\n<td style=\"text-align: center;\">Not Available<\/td>\n<td style=\"text-align: center;\">\u20ac3.85 <span style=\"color: #008000;\"><strong>*<\/strong><\/span><\/td>\n<td style=\"text-align: center;\">\u20ac29.95<\/td>\n<\/tr>\n<tr>\n<td>France<\/td>\n<td>3-5\u00a0Business\u00a0days<\/td>\n<td style=\"text-align: center;\">Not Available<\/td>\n<td style=\"text-align: center;\">\u20ac4.95 <span style=\"color: #008000;\"><strong>*<\/strong><\/span><\/td>\n<td style=\"text-align: center;\">\u20ac29.95<\/td>\n<\/tr>\n<tr>\n<td>Spain<\/td>\n<td>3-5\u00a0Business\u00a0days<\/td>\n<td style=\"text-align: center;\">Not Available<\/td>\n<td style=\"text-align: center;\">\u20ac9.95 <span style=\"color: #008000;\"><strong>*<\/strong><\/span><\/td>\n<td style=\"text-align: center;\">\u20ac29.95<\/td>\n<\/tr>\n<tr>\n<td>United Kingdom<\/td>\n<td>2-3 Business\u00a0days<\/td>\n<td style=\"text-align: center;\">\u20ac6.00 <span style=\"color: #008000;\"><strong>*<\/strong><\/span><\/td>\n<td style=\"text-align: center;\">\u20ac9.95 <span style=\"color: #008000;\"><strong>*<\/strong><\/span><\/td>\n<td style=\"text-align: center;\">\u20ac29.95<\/td>\n<\/tr>\n<tr>\n<td>Germany<\/td>\n<td>1-2 Business\u00a0days<\/td>\n<td style=\"text-align: center;\">Not Available<\/td>\n<td style=\"text-align: center;\">\u20ac4.95 <span style=\"color: #008000;\"><strong>*<\/strong><\/span><\/td>\n<td style=\"text-align: center;\">\u20ac29.95<\/td>\n<\/tr>\n<tr>\n<td>Belgium<\/td>\n<td>1-2 Business\u00a0days<\/td>\n<td style=\"text-align: center;\">Not Available<\/td>\n<td style=\"text-align: center;\">\u20ac4.95 <span style=\"color: #008000;\"><strong>*<\/strong><\/span><\/td>\n<td style=\"text-align: center;\">\u20ac29.95<\/td>\n<\/tr>\n<tr>\n<td>Italy<\/td>\n<td>3-5\u00a0Business\u00a0days<\/td>\n<td style=\"text-align: center;\">\u20ac4.95\u00a0<span style=\"color: #008000;\"><strong>*<\/strong><\/span><\/td>\n<td style=\"text-align: center;\">\u20ac9.95 <span style=\"color: #008000;\"><strong>*<\/strong><\/span><\/td>\n<td style=\"text-align: center;\">\u20ac29.95<\/td>\n<\/tr>\n<tr>\n<td>Luxembourg<\/td>\n<td>1-2 Business\u00a0days<\/td>\n<td style=\"text-align: center;\">Not Available<\/td>\n<td style=\"text-align: center;\">\u20ac4.95 <span style=\"color: #008000;\"><strong>*<\/strong><\/span><\/td>\n<td style=\"text-align: center;\">\u20ac29.95<\/td>\n<\/tr>\n<tr>\n<td>Bulgaria<\/td>\n<td>5-7 Business\u00a0days<\/td>\n<td style=\"text-align: center;\">Not Available<\/td>\n<td style=\"text-align: center;\">\u20ac8.95 <span style=\"color: #008000;\"><strong>*<\/strong><\/span><\/td>\n<td style=\"text-align: center;\">\u20ac29.95<\/td>\n<\/tr>\n<tr>\n<td>Rest of Europe<\/td>\n<td>4-5 Business\u00a0days<\/td>\n<td style=\"text-align: center;\">\u20ac4.95\u00a0<span style=\"color: #008000;\"><strong>*<\/strong><\/span><\/td>\n<td style=\"text-align: center;\">\u20ac8.95 <span style=\"color: #008000;\"><strong>*<\/strong><\/span><\/td>\n<td style=\"text-align: center;\">\u20ac29.95<\/td>\n<\/tr>\n<tr>\n<td>Canada<\/td>\n<td>5-6 Business\u00a0days<\/td>\n<td style=\"text-align: center;\">\u20ac7.95 <span style=\"color: #008000;\"><strong>*<\/strong><\/span><\/td>\n<td style=\"text-align: center;\">\u20ac21.95 <span style=\"color: #008000;\"><strong>*<\/strong><\/span><\/td>\n<td style=\"text-align: center;\">\u20ac29.95<\/td>\n<\/tr>\n<tr>\n<td>United States of America<\/td>\n<td>5-6 Business\u00a0days<\/td>\n<td style=\"text-align: center;\">\u20ac7.95 <span style=\"color: #008000;\"><strong>*<\/strong><\/span><\/td>\n<td style=\"text-align: center;\">Not Available<\/td>\n<td style=\"text-align: center;\">&#8211;<\/td>\n<\/tr>\n<tr>\n<td>South-America<\/td>\n<td>5-10 Business\u00a0days<\/td>\n<td style=\"text-align: center;\">\u20ac7.95 <span style=\"color: #008000;\"><strong>*<\/strong><\/span><\/td>\n<td style=\"text-align: center;\">\u20ac21.95<\/td>\n<td style=\"text-align: center;\">\u20ac29.95<\/td>\n<\/tr>\n<tr>\n<td>Rest of the world<\/td>\n<td>\u00a05-10 Business\u00a0days<\/td>\n<td style=\"text-align: center;\">\u20ac7.95 <span style=\"color: #008000;\"><strong>*<\/strong><\/span><\/td>\n<td style=\"text-align: center;\">\u20ac21.95<\/td>\n<td style=\"text-align: center;\">\u20ac29.95<\/td>\n<\/tr>\n<tr>\n<td><\/td>\n<td><\/td>\n<td><strong><span style=\"color: #008000;\"><em>\u00a0* FREE ON ORDERS ABOVE \u20ac50,-<\/em><\/span><\/strong><\/td>\n<td><strong><span style=\"color: #008000;\"><em>\u00a0* FREE ON ORDERS ABOVE \u20ac100,-<\/em><\/span><\/strong><\/td>\n<td><\/td>\n<\/tr>\n<\/tbody>\n<\/table>\n<p>[\/vc_column_text][\/vc_column][\/vc_row]<\/p>\n<\/div>","protected":false},"excerpt":{"rendered":"<p>[vc_row][vc_column][vc_column_text css=\u00a0\u00bb\u00a0\u00bb] Exp\u00e9dition et livraison Toutes les commandes pass\u00e9es sur Dutchfem.com seront livr\u00e9es par DPD, PostNL ou UPS. Si la commande est pass\u00e9e avant 16h00, elle sera exp\u00e9di\u00e9e le jour<\/p>\n","protected":false},"author":2,"featured_media":0,"parent":0,"menu_order":0,"comment_status":"closed","ping_status":"closed","template":"","meta":{"_exactmetrics_skip_tracking":false,"_exactmetrics_sitenote_active":false,"_exactmetrics_sitenote_note":"","_exactmetrics_sitenote_category":0,"footnotes":""},"class_list":["post-5714","page","type-page","status-publish","hentry"],"yoast_head":"<!-- This site is optimized with the Yoast SEO plugin v26.9 - https:\/\/yoast.com\/product\/yoast-seo-wordpress\/ -->\n<title>Exp\u00e9dition Et Livraison - Dutchfem<\/title>\n<meta name=\"robots\" content=\"index, follow, max-snippet:-1, max-image-preview:large, max-video-preview:-1\" \/>\n<link rel=\"canonical\" href=\"https:\/\/www.dutchfem.com\/fr\/expedition-et-livraison\/\" \/>\n<meta property=\"og:locale\" content=\"fr_FR\" \/>\n<meta property=\"og:type\" content=\"article\" \/>\n<meta property=\"og:title\" content=\"Exp\u00e9dition Et Livraison - Dutchfem\" \/>\n<meta property=\"og:description\" content=\"[vc_row][vc_column][vc_column_text css=\u00a0\u00bb\u00a0\u00bb] Exp\u00e9dition et livraison Toutes les commandes pass\u00e9es sur Dutchfem.com seront livr\u00e9es par DPD, PostNL ou UPS. Si la commande est pass\u00e9e avant 16h00, elle sera exp\u00e9di\u00e9e le jour\" \/>\n<meta property=\"og:url\" content=\"https:\/\/www.dutchfem.com\/fr\/expedition-et-livraison\/\" \/>\n<meta property=\"og:site_name\" content=\"Dutchfem\" \/>\n<meta property=\"article:publisher\" content=\"https:\/\/www.facebook.com\/Dutchfem\/\" \/>\n<meta property=\"article:modified_time\" content=\"2024-07-22T13:49:04+00:00\" \/>\n<meta property=\"og:image\" content=\"https:\/\/www.dutchfem.com\/wp-content\/uploads\/2021\/03\/fb-front.jpg\" \/>\n\t<meta property=\"og:image:width\" content=\"1732\" \/>\n\t<meta property=\"og:image:height\" content=\"1732\" \/>\n\t<meta property=\"og:image:type\" content=\"image\/jpeg\" \/>\n<meta name=\"twitter:card\" content=\"summary_large_image\" \/>\n<meta name=\"twitter:site\" content=\"@dutchfem\" \/>\n<meta name=\"twitter:label1\" content=\"Dur\u00e9e de lecture estim\u00e9e\" \/>\n\t<meta name=\"twitter:data1\" content=\"3 minutes\" \/>\n<script type=\"application\/ld+json\" class=\"yoast-schema-graph\">{\"@context\":\"https:\/\/schema.org\",\"@graph\":[{\"@type\":\"WebPage\",\"@id\":\"https:\/\/www.dutchfem.com\/fr\/expedition-et-livraison\/\",\"url\":\"https:\/\/www.dutchfem.com\/fr\/expedition-et-livraison\/\",\"name\":\"Exp\u00e9dition Et Livraison - Dutchfem\",\"isPartOf\":{\"@id\":\"https:\/\/www.dutchfem.com\/#website\"},\"datePublished\":\"2018-05-17T16:53:11+00:00\",\"dateModified\":\"2024-07-22T13:49:04+00:00\",\"breadcrumb\":{\"@id\":\"https:\/\/www.dutchfem.com\/fr\/expedition-et-livraison\/#breadcrumb\"},\"inLanguage\":\"fr-FR\",\"potentialAction\":[{\"@type\":\"ReadAction\",\"target\":[\"https:\/\/www.dutchfem.com\/fr\/expedition-et-livraison\/\"]}]},{\"@type\":\"BreadcrumbList\",\"@id\":\"https:\/\/www.dutchfem.com\/fr\/expedition-et-livraison\/#breadcrumb\",\"itemListElement\":[{\"@type\":\"ListItem\",\"position\":1,\"name\":\"Home\",\"item\":\"https:\/\/www.dutchfem.com\/fr\/\"},{\"@type\":\"ListItem\",\"position\":2,\"name\":\"Exp\u00e9dition Et Livraison\"}]},{\"@type\":\"WebSite\",\"@id\":\"https:\/\/www.dutchfem.com\/#website\",\"url\":\"https:\/\/www.dutchfem.com\/\",\"name\":\"Dutchfem\",\"description\":\"Buy Feminized Cannabis Seeds - Autoflowering Seeds - Medical Marijuana Seeds &amp; CBD Oil online\",\"publisher\":{\"@id\":\"https:\/\/www.dutchfem.com\/#organization\"},\"potentialAction\":[{\"@type\":\"SearchAction\",\"target\":{\"@type\":\"EntryPoint\",\"urlTemplate\":\"https:\/\/www.dutchfem.com\/?s={search_term_string}\"},\"query-input\":{\"@type\":\"PropertyValueSpecification\",\"valueRequired\":true,\"valueName\":\"search_term_string\"}}],\"inLanguage\":\"fr-FR\"},{\"@type\":\"Organization\",\"@id\":\"https:\/\/www.dutchfem.com\/#organization\",\"name\":\"Dutchfem Cannabis Seeds\",\"url\":\"https:\/\/www.dutchfem.com\/\",\"logo\":{\"@type\":\"ImageObject\",\"inLanguage\":\"fr-FR\",\"@id\":\"https:\/\/www.dutchfem.com\/#\/schema\/logo\/image\/\",\"url\":\"https:\/\/www.dutchfem.com\/wp-content\/uploads\/2017\/10\/logo_Dutchfem-web.png\",\"contentUrl\":\"https:\/\/www.dutchfem.com\/wp-content\/uploads\/2017\/10\/logo_Dutchfem-web.png\",\"width\":825,\"height\":288,\"caption\":\"Dutchfem Cannabis Seeds\"},\"image\":{\"@id\":\"https:\/\/www.dutchfem.com\/#\/schema\/logo\/image\/\"},\"sameAs\":[\"https:\/\/www.facebook.com\/Dutchfem\/\",\"https:\/\/x.com\/dutchfem\",\"https:\/\/www.instagram.com\/dutchfemseeds\/\",\"https:\/\/www.youtube.com\/@Dutchfem\",\"https:\/\/nl.pinterest.com\/dutchfem\/\",\"https:\/\/bsky.app\/profile\/dutchfem.bsky.social\",\"https:\/\/www.threads.com\/@dutchfemseeds?igshid=NTc4MTIwNjQ2YQ\",\"https:\/\/www.tumblr.com\/dutchfemseeds\"]}]}<\/script>\n<!-- \/ Yoast SEO plugin. -->","yoast_head_json":{"title":"Exp\u00e9dition Et Livraison - Dutchfem","robots":{"index":"index","follow":"follow","max-snippet":"max-snippet:-1","max-image-preview":"max-image-preview:large","max-video-preview":"max-video-preview:-1"},"canonical":"https:\/\/www.dutchfem.com\/fr\/expedition-et-livraison\/","og_locale":"fr_FR","og_type":"article","og_title":"Exp\u00e9dition Et Livraison - Dutchfem","og_description":"[vc_row][vc_column][vc_column_text css=\u00a0\u00bb\u00a0\u00bb] Exp\u00e9dition et livraison Toutes les commandes pass\u00e9es sur Dutchfem.com seront livr\u00e9es par DPD, PostNL ou UPS. Si la commande est pass\u00e9e avant 16h00, elle sera exp\u00e9di\u00e9e le jour","og_url":"https:\/\/www.dutchfem.com\/fr\/expedition-et-livraison\/","og_site_name":"Dutchfem","article_publisher":"https:\/\/www.facebook.com\/Dutchfem\/","article_modified_time":"2024-07-22T13:49:04+00:00","og_image":[{"width":1732,"height":1732,"url":"https:\/\/www.dutchfem.com\/wp-content\/uploads\/2021\/03\/fb-front.jpg","type":"image\/jpeg"}],"twitter_card":"summary_large_image","twitter_site":"@dutchfem","twitter_misc":{"Dur\u00e9e de lecture estim\u00e9e":"3 minutes"},"schema":{"@context":"https:\/\/schema.org","@graph":[{"@type":"WebPage","@id":"https:\/\/www.dutchfem.com\/fr\/expedition-et-livraison\/","url":"https:\/\/www.dutchfem.com\/fr\/expedition-et-livraison\/","name":"Exp\u00e9dition Et Livraison - Dutchfem","isPartOf":{"@id":"https:\/\/www.dutchfem.com\/#website"},"datePublished":"2018-05-17T16:53:11+00:00","dateModified":"2024-07-22T13:49:04+00:00","breadcrumb":{"@id":"https:\/\/www.dutchfem.com\/fr\/expedition-et-livraison\/#breadcrumb"},"inLanguage":"fr-FR","potentialAction":[{"@type":"ReadAction","target":["https:\/\/www.dutchfem.com\/fr\/expedition-et-livraison\/"]}]},{"@type":"BreadcrumbList","@id":"https:\/\/www.dutchfem.com\/fr\/expedition-et-livraison\/#breadcrumb","itemListElement":[{"@type":"ListItem","position":1,"name":"Home","item":"https:\/\/www.dutchfem.com\/fr\/"},{"@type":"ListItem","position":2,"name":"Exp\u00e9dition Et Livraison"}]},{"@type":"WebSite","@id":"https:\/\/www.dutchfem.com\/#website","url":"https:\/\/www.dutchfem.com\/","name":"Dutchfem","description":"Buy Feminized Cannabis Seeds - Autoflowering Seeds - Medical Marijuana Seeds &amp; CBD Oil online","publisher":{"@id":"https:\/\/www.dutchfem.com\/#organization"},"potentialAction":[{"@type":"SearchAction","target":{"@type":"EntryPoint","urlTemplate":"https:\/\/www.dutchfem.com\/?s={search_term_string}"},"query-input":{"@type":"PropertyValueSpecification","valueRequired":true,"valueName":"search_term_string"}}],"inLanguage":"fr-FR"},{"@type":"Organization","@id":"https:\/\/www.dutchfem.com\/#organization","name":"Dutchfem Cannabis Seeds","url":"https:\/\/www.dutchfem.com\/","logo":{"@type":"ImageObject","inLanguage":"fr-FR","@id":"https:\/\/www.dutchfem.com\/#\/schema\/logo\/image\/","url":"https:\/\/www.dutchfem.com\/wp-content\/uploads\/2017\/10\/logo_Dutchfem-web.png","contentUrl":"https:\/\/www.dutchfem.com\/wp-content\/uploads\/2017\/10\/logo_Dutchfem-web.png","width":825,"height":288,"caption":"Dutchfem Cannabis Seeds"},"image":{"@id":"https:\/\/www.dutchfem.com\/#\/schema\/logo\/image\/"},"sameAs":["https:\/\/www.facebook.com\/Dutchfem\/","https:\/\/x.com\/dutchfem","https:\/\/www.instagram.com\/dutchfemseeds\/","https:\/\/www.youtube.com\/@Dutchfem","https:\/\/nl.pinterest.com\/dutchfem\/","https:\/\/bsky.app\/profile\/dutchfem.bsky.social","https:\/\/www.threads.com\/@dutchfemseeds?igshid=NTc4MTIwNjQ2YQ","https:\/\/www.tumblr.com\/dutchfemseeds"]}]}},"_links":{"self":[{"href":"https:\/\/www.dutchfem.com\/fr\/wp-json\/wp\/v2\/pages\/5714","targetHints":{"allow":["GET"]}}],"collection":[{"href":"https:\/\/www.dutchfem.com\/fr\/wp-json\/wp\/v2\/pages"}],"about":[{"href":"https:\/\/www.dutchfem.com\/fr\/wp-json\/wp\/v2\/types\/page"}],"author":[{"embeddable":true,"href":"https:\/\/www.dutchfem.com\/fr\/wp-json\/wp\/v2\/users\/2"}],"replies":[{"embeddable":true,"href":"https:\/\/www.dutchfem.com\/fr\/wp-json\/wp\/v2\/comments?post=5714"}],"version-history":[{"count":0,"href":"https:\/\/www.dutchfem.com\/fr\/wp-json\/wp\/v2\/pages\/5714\/revisions"}],"wp:attachment":[{"href":"https:\/\/www.dutchfem.com\/fr\/wp-json\/wp\/v2\/media?parent=5714"}],"curies":[{"name":"wp","href":"https:\/\/api.w.org\/{rel}","templated":true}]}}