{"id":11915,"date":"2019-11-26T22:20:36","date_gmt":"2019-11-26T22:20:36","guid":{"rendered":"https:\/\/www.dutchfem.com\/buy\/gelato-41-olandese\/"},"modified":"2025-07-29T13:16:43","modified_gmt":"2025-07-29T11:16:43","slug":"gelato-olandese-41","status":"publish","type":"product","link":"https:\/\/www.dutchfem.com\/fr\/acheter\/gelato-olandese-41\/","title":{"rendered":"Gelato Olandese #41"},"content":{"rendered":"<h2><strong>Gelato Olandese #41<\/strong><\/h2>\n<p>Gelato Olandese #41 : une vari\u00e9t\u00e9 de cannabis haut de gamme qui am\u00e8ne la c\u00e9l\u00e8bre g\u00e9n\u00e9tique Gelato vers de nouveaux sommets. M\u00e9ticuleusement con\u00e7ue pour la puissance et la saveur, Gelato Olandese promet une exp\u00e9rience distinctive et \u00e9lev\u00e9e pour les connaisseurs de cannabis. D\u00e9couvrez l&rsquo;essence de cette vari\u00e9t\u00e9 exceptionnelle \u00e0 travers son ar\u00f4me s\u00e9duisant, ses saveurs d\u00e9licieuses et ses effets polyvalents.<\/p>\n<p>&nbsp;<\/p>\n<h3><strong>Profil de souche :<\/strong><\/h3>\n<p>Gelato Olandese #41, un chef-d&rsquo;\u0153uvre de Dutchfem, est un hybride exclusif qui pr\u00e9sente l&rsquo;\u00e9quilibre parfait entre les caract\u00e9ristiques sativa et indica. Le croisement de l&rsquo;illustre Sunset Sherbet x Thin Mint Girl Scout Cookies avec Mad Max #33 a donn\u00e9 ce magnifique sorbet ! Cette vari\u00e9t\u00e9 est m\u00e9ticuleusement cultiv\u00e9e pour incarner l&rsquo;essence de Gelato, r\u00e9put\u00e9e pour sa puissance et ses effets captivants.<\/p>\n<p>&nbsp;<\/p>\n<h3><strong>Ar\u00f4me et saveur :<\/strong><\/h3>\n<p>Pr\u00e9parez vos sens \u00e0 un d\u00e9lice sensoriel avec Gelato Olandese #41. La vari\u00e9t\u00e9 poss\u00e8de un ar\u00f4me captivant avec des notes douces et citronn\u00e9es compl\u00e9t\u00e9es par des notes terreuses et une touche de lavande. Lors de la consommation, le profil de saveur se d\u00e9voile avec un d\u00e9licieux m\u00e9lange de baies, de douceur semblable \u00e0 celle d&rsquo;un dessert et de subtiles nuances d&rsquo;herbes, offrant une exp\u00e9rience de fumage ou de vapotage vraiment satisfaisante.<\/p>\n<p>&nbsp;<\/p>\n<h3><strong>Effets:<\/strong><\/h3>\n<p>Plongez-vous dans les effets polyvalents de Gelato Olandese #41. Cet hybride est c\u00e9l\u00e8bre pour induire une exp\u00e9rience bien \u00e9quilibr\u00e9e qui commence par un lift euphorique, favorisant la cr\u00e9ativit\u00e9 et la clart\u00e9 mentale, suivi d&rsquo;une douce relaxation qui apaise le corps. L&rsquo;adaptabilit\u00e9 de la vari\u00e9t\u00e9 la rend adapt\u00e9e \u00e0 diverses occasions, offrant aux utilisateurs un voyage cannabique nuanc\u00e9 et agr\u00e9able.<\/p>\n<p>&nbsp;<\/p>\n<h3><strong>B\u00e9n\u00e9fices m\u00e9dicaux:<\/strong><\/h3>\n<p>Au-del\u00e0 de son attrait r\u00e9cr\u00e9atif, la Gelato Olandese peut offrir des bienfaits th\u00e9rapeutiques. Les propri\u00e9t\u00e9s am\u00e9liorant l\u2019humeur de la vari\u00e9t\u00e9 peuvent potentiellement aider \u00e0 g\u00e9rer le stress, l\u2019anxi\u00e9t\u00e9 et les l\u00e9gers sympt\u00f4mes d\u00e9pressifs. De plus, la relaxation physique subtile peut contribuer \u00e0 soulager les tensions et l\u2019inconfort.<\/p>\n<p>&nbsp;<\/p>\n<h3><strong>Cultivation Gelato Olandese #41 :<\/strong><\/h3>\n<p>Cultiver la Gelato Olandese #41 est une exp\u00e9rience enrichissante pour les cultivateurs \u00e0 la recherche de t\u00eates de haute qualit\u00e9 et de plantes robustes. Avec une p\u00e9riode de floraison mod\u00e9r\u00e9e et des mod\u00e8les de croissance r\u00e9silients, cette vari\u00e9t\u00e9 convient aussi bien \u00e0 la culture en int\u00e9rieur qu&rsquo;en ext\u00e9rieur. La r\u00e9colte abondante garantit un rendement satisfaisant pour ceux qui cherchent \u00e0 cultiver une vari\u00e9t\u00e9 de cannabis extraordinaire.<\/p>\n<p>&nbsp;<\/p>\n<h3><strong>Pourquoi choisir Gelato Olandese #41\u00a0:<\/strong><\/h3>\n<ul>\n<li>G\u00e9n\u00e9tique<\/li>\n<li>Gelato exclusive pour une exp\u00e9rience puissante et savoureuse<\/li>\n<li>Ar\u00f4me captivant avec des nuances sucr\u00e9es, citronn\u00e9es et herbac\u00e9es<\/li>\n<li>Effets polyvalents adapt\u00e9s \u00e0 diverses occasions<\/li>\n<li>Avantages th\u00e9rapeutiques potentiels contre le stress et la tension<\/li>\n<li>Plantes robustes et p\u00e9riodes de floraison mod\u00e9r\u00e9es pour les producteurs de tous niveaux<\/li>\n<\/ul>\n<p>&nbsp;<\/p>\n<p>\u00c9levez votre voyage cannabique avec la Gelato Olandese de Dutchfem \u2013 une vari\u00e9t\u00e9 con\u00e7ue pour d\u00e9passer les attentes et offrir une exp\u00e9rience extraordinaire. Plongez-vous dans les saveurs et les effets harmonieux qui d\u00e9finissent cet hybride exceptionnel. Commandez Gelato Olandese #41 aujourd&rsquo;hui et lancez-vous dans une aventure cannabique unique !<\/p>\n<p>&nbsp;<\/p>\n<p><span style=\"color: #ff9900;\"><a style=\"color: #ff9900;\" href=\"https:\/\/www.dutchfem.com\/fr\/comment-faire-pousser-des-plantes-pourpres-de-cannabis\/\" target=\"_blank\" rel=\"noopener\">Comment faire pousser des plantes pourpres de cannabis ?<\/a><\/span><\/p>\n<p><span style=\"color: #ff9900;\"><a style=\"color: #ff9900;\" href=\"https:\/\/www.dutchfem.com\/fr\/acheter\/biscotti-vanilla\/\" target=\"_blank\" rel=\"noopener\">Tout sur les trichomes<\/a><\/span><\/p>\n<p><span style=\"color: #ff9900;\"><a style=\"color: #ff9900;\" href=\"https:\/\/www.dutchfem.com\/fr\/top-10-des-varietes-de-cannabis-dutchfem-les-plus-fruitees\/\" target=\"_blank\" rel=\"noopener\">TOP 10 des vari\u00e9t\u00e9s de cannabis Dutchfem les plus FRUIT\u00c9ES<\/a><\/span><\/p>\n<p><span style=\"color: #ff9900;\"><a style=\"color: #ff9900;\" href=\"https:\/\/www.instagram.com\/p\/CpkLTPysy1G\/\" target=\"_blank\" rel=\"noopener\">Gelato Grow Report Instagram<\/a><\/span><\/p>\n<p><span style=\"color: #ff9900;\"><a style=\"color: #ff9900;\" href=\"https:\/\/www.instagram.com\/p\/Cp-UnLzsiMo\/\" target=\"_blank\" rel=\"noopener\">GO#41 Grow Report Instagram<\/a><\/span><\/p>\n<p><span style=\"color: #ff9900;\"><a style=\"color: #ff9900;\" href=\"https:\/\/www.facebook.com\/photo.php?fbid=733296018796895&amp;set=pb.100063495100818.-2207520000&amp;type=3&amp;locale=nl_NL\" target=\"_blank\" rel=\"noopener\">Gelato Grow Report Facebook<\/a><\/span><\/p>\n<p><span style=\"color: #ff9900;\"><a style=\"color: #ff9900;\" href=\"https:\/\/www.facebook.com\/photo.php?fbid=682894400503724&amp;set=pb.100063495100818.-2207520000&amp;type=3\" target=\"_blank\" rel=\"noopener\">Gelato Grow Report Facebook<\/a><\/span><\/p>\n","protected":false},"excerpt":{"rendered":"<p>Gelato Olandese #41 est une vari\u00e9t\u00e9 exclusive Dutchfem avec des rendements, un go\u00fbt et une odeur sans pr\u00e9c\u00e9dent. Les couleurs bleu-violet en font un v\u00e9ritable cannabis qui ravira les yeux.<\/p>\n","protected":false},"featured_media":38660,"comment_status":"open","ping_status":"closed","template":"","meta":{"_exactmetrics_skip_tracking":false,"_exactmetrics_sitenote_active":false,"_exactmetrics_sitenote_note":"","_exactmetrics_sitenote_category":0},"product_brand":[],"product_cat":[101],"product_tag":[],"class_list":{"0":"post-11915","1":"product","2":"type-product","3":"status-publish","4":"has-post-thumbnail","6":"product_cat-graines-de-cannabis-feminisees","8":"first","9":"instock","10":"taxable","11":"shipping-taxable","12":"purchasable","13":"product-type-variable","14":"has-default-attributes"},"yoast_head":"<!-- This site is optimized with the Yoast SEO plugin v26.9 - https:\/\/yoast.com\/product\/yoast-seo-wordpress\/ -->\n<title>Gelato Olandese #41 dutchfem graines de cannabis f\u00e9minis\u00e9es<\/title>\n<meta name=\"description\" content=\"Gelato Olandese #41 gefeminiseerde cannabiszaden - een cannabissoort van topkwaliteit die de beroemde Gelato-genetica naar nieuwe hoogten brengt.\" \/>\n<meta name=\"robots\" content=\"index, follow, max-snippet:-1, max-image-preview:large, max-video-preview:-1\" \/>\n<link rel=\"canonical\" href=\"https:\/\/www.dutchfem.com\/fr\/acheter\/gelato-olandese-41\/\" \/>\n<meta property=\"og:locale\" content=\"fr_FR\" \/>\n<meta property=\"og:type\" content=\"article\" \/>\n<meta property=\"og:title\" content=\"Gelato Olandese #41 dutchfem graines de cannabis f\u00e9minis\u00e9es\" \/>\n<meta property=\"og:description\" content=\"Gelato Olandese #41 gefeminiseerde cannabiszaden - een cannabissoort van topkwaliteit die de beroemde Gelato-genetica naar nieuwe hoogten brengt.\" \/>\n<meta property=\"og:url\" content=\"https:\/\/www.dutchfem.com\/fr\/acheter\/gelato-olandese-41\/\" \/>\n<meta property=\"og:site_name\" content=\"Dutchfem\" \/>\n<meta property=\"article:publisher\" content=\"https:\/\/www.facebook.com\/Dutchfem\/\" \/>\n<meta property=\"article:modified_time\" content=\"2025-07-29T11:16:43+00:00\" \/>\n<meta property=\"og:image\" content=\"https:\/\/www.dutchfem.com\/wp-content\/uploads\/2017\/10\/gelato-olandese-e1746823702107.jpeg\" \/>\n\t<meta property=\"og:image:width\" content=\"1179\" \/>\n\t<meta property=\"og:image:height\" content=\"1179\" \/>\n\t<meta property=\"og:image:type\" content=\"image\/jpeg\" \/>\n<meta name=\"twitter:card\" content=\"summary_large_image\" \/>\n<meta name=\"twitter:site\" content=\"@dutchfem\" \/>\n<meta name=\"twitter:label1\" content=\"Dur\u00e9e de lecture estim\u00e9e\" \/>\n\t<meta name=\"twitter:data1\" content=\"3 minutes\" \/>\n<script type=\"application\/ld+json\" class=\"yoast-schema-graph\">{\"@context\":\"https:\/\/schema.org\",\"@graph\":[{\"@type\":\"WebPage\",\"@id\":\"https:\/\/www.dutchfem.com\/fr\/acheter\/gelato-olandese-41\/\",\"url\":\"https:\/\/www.dutchfem.com\/fr\/acheter\/gelato-olandese-41\/\",\"name\":\"Gelato Olandese #41 dutchfem graines de cannabis f\u00e9minis\u00e9es\",\"isPartOf\":{\"@id\":\"https:\/\/www.dutchfem.com\/#website\"},\"primaryImageOfPage\":{\"@id\":\"https:\/\/www.dutchfem.com\/fr\/acheter\/gelato-olandese-41\/#primaryimage\"},\"image\":{\"@id\":\"https:\/\/www.dutchfem.com\/fr\/acheter\/gelato-olandese-41\/#primaryimage\"},\"thumbnailUrl\":\"https:\/\/www.dutchfem.com\/wp-content\/uploads\/2017\/10\/gelato-olandese-e1746823702107.jpeg\",\"datePublished\":\"2019-11-26T22:20:36+00:00\",\"dateModified\":\"2025-07-29T11:16:43+00:00\",\"description\":\"Gelato Olandese #41 gefeminiseerde cannabiszaden - een cannabissoort van topkwaliteit die de beroemde Gelato-genetica naar nieuwe hoogten brengt.\",\"breadcrumb\":{\"@id\":\"https:\/\/www.dutchfem.com\/fr\/acheter\/gelato-olandese-41\/#breadcrumb\"},\"inLanguage\":\"fr-FR\",\"potentialAction\":[{\"@type\":\"ReadAction\",\"target\":[\"https:\/\/www.dutchfem.com\/fr\/acheter\/gelato-olandese-41\/\"]}]},{\"@type\":\"ImageObject\",\"inLanguage\":\"fr-FR\",\"@id\":\"https:\/\/www.dutchfem.com\/fr\/acheter\/gelato-olandese-41\/#primaryimage\",\"url\":\"https:\/\/www.dutchfem.com\/wp-content\/uploads\/2017\/10\/gelato-olandese-e1746823702107.jpeg\",\"contentUrl\":\"https:\/\/www.dutchfem.com\/wp-content\/uploads\/2017\/10\/gelato-olandese-e1746823702107.jpeg\",\"width\":1179,\"height\":1179,\"caption\":\"gelato olandese feminized cannabis seeds\"},{\"@type\":\"BreadcrumbList\",\"@id\":\"https:\/\/www.dutchfem.com\/fr\/acheter\/gelato-olandese-41\/#breadcrumb\",\"itemListElement\":[{\"@type\":\"ListItem\",\"position\":1,\"name\":\"Home\",\"item\":\"https:\/\/www.dutchfem.com\/fr\/\"},{\"@type\":\"ListItem\",\"position\":2,\"name\":\"Boutique\",\"item\":\"https:\/\/www.dutchfem.com\/fr\/boutique\/\"},{\"@type\":\"ListItem\",\"position\":3,\"name\":\"Gelato Olandese #41\"}]},{\"@type\":\"WebSite\",\"@id\":\"https:\/\/www.dutchfem.com\/#website\",\"url\":\"https:\/\/www.dutchfem.com\/\",\"name\":\"Dutchfem\",\"description\":\"Buy Feminized Cannabis Seeds - Autoflowering Seeds - Medical Marijuana Seeds &amp; CBD Oil online\",\"publisher\":{\"@id\":\"https:\/\/www.dutchfem.com\/#organization\"},\"potentialAction\":[{\"@type\":\"SearchAction\",\"target\":{\"@type\":\"EntryPoint\",\"urlTemplate\":\"https:\/\/www.dutchfem.com\/?s={search_term_string}\"},\"query-input\":{\"@type\":\"PropertyValueSpecification\",\"valueRequired\":true,\"valueName\":\"search_term_string\"}}],\"inLanguage\":\"fr-FR\"},{\"@type\":\"Organization\",\"@id\":\"https:\/\/www.dutchfem.com\/#organization\",\"name\":\"Dutchfem Cannabis Seeds\",\"url\":\"https:\/\/www.dutchfem.com\/\",\"logo\":{\"@type\":\"ImageObject\",\"inLanguage\":\"fr-FR\",\"@id\":\"https:\/\/www.dutchfem.com\/#\/schema\/logo\/image\/\",\"url\":\"https:\/\/www.dutchfem.com\/wp-content\/uploads\/2017\/10\/logo_Dutchfem-web.png\",\"contentUrl\":\"https:\/\/www.dutchfem.com\/wp-content\/uploads\/2017\/10\/logo_Dutchfem-web.png\",\"width\":825,\"height\":288,\"caption\":\"Dutchfem Cannabis Seeds\"},\"image\":{\"@id\":\"https:\/\/www.dutchfem.com\/#\/schema\/logo\/image\/\"},\"sameAs\":[\"https:\/\/www.facebook.com\/Dutchfem\/\",\"https:\/\/x.com\/dutchfem\",\"https:\/\/www.instagram.com\/dutchfemseeds\/\",\"https:\/\/www.youtube.com\/@Dutchfem\",\"https:\/\/nl.pinterest.com\/dutchfem\/\",\"https:\/\/bsky.app\/profile\/dutchfem.bsky.social\",\"https:\/\/www.threads.com\/@dutchfemseeds?igshid=NTc4MTIwNjQ2YQ\",\"https:\/\/www.tumblr.com\/dutchfemseeds\"]}]}<\/script>\n<!-- \/ Yoast SEO plugin. -->","yoast_head_json":{"title":"Gelato Olandese #41 dutchfem graines de cannabis f\u00e9minis\u00e9es","description":"Gelato Olandese #41 gefeminiseerde cannabiszaden - een cannabissoort van topkwaliteit die de beroemde Gelato-genetica naar nieuwe hoogten brengt.","robots":{"index":"index","follow":"follow","max-snippet":"max-snippet:-1","max-image-preview":"max-image-preview:large","max-video-preview":"max-video-preview:-1"},"canonical":"https:\/\/www.dutchfem.com\/fr\/acheter\/gelato-olandese-41\/","og_locale":"fr_FR","og_type":"article","og_title":"Gelato Olandese #41 dutchfem graines de cannabis f\u00e9minis\u00e9es","og_description":"Gelato Olandese #41 gefeminiseerde cannabiszaden - een cannabissoort van topkwaliteit die de beroemde Gelato-genetica naar nieuwe hoogten brengt.","og_url":"https:\/\/www.dutchfem.com\/fr\/acheter\/gelato-olandese-41\/","og_site_name":"Dutchfem","article_publisher":"https:\/\/www.facebook.com\/Dutchfem\/","article_modified_time":"2025-07-29T11:16:43+00:00","og_image":[{"width":1179,"height":1179,"url":"https:\/\/www.dutchfem.com\/wp-content\/uploads\/2017\/10\/gelato-olandese-e1746823702107.jpeg","type":"image\/jpeg"}],"twitter_card":"summary_large_image","twitter_site":"@dutchfem","twitter_misc":{"Dur\u00e9e de lecture estim\u00e9e":"3 minutes"},"schema":{"@context":"https:\/\/schema.org","@graph":[{"@type":"WebPage","@id":"https:\/\/www.dutchfem.com\/fr\/acheter\/gelato-olandese-41\/","url":"https:\/\/www.dutchfem.com\/fr\/acheter\/gelato-olandese-41\/","name":"Gelato Olandese #41 dutchfem graines de cannabis f\u00e9minis\u00e9es","isPartOf":{"@id":"https:\/\/www.dutchfem.com\/#website"},"primaryImageOfPage":{"@id":"https:\/\/www.dutchfem.com\/fr\/acheter\/gelato-olandese-41\/#primaryimage"},"image":{"@id":"https:\/\/www.dutchfem.com\/fr\/acheter\/gelato-olandese-41\/#primaryimage"},"thumbnailUrl":"https:\/\/www.dutchfem.com\/wp-content\/uploads\/2017\/10\/gelato-olandese-e1746823702107.jpeg","datePublished":"2019-11-26T22:20:36+00:00","dateModified":"2025-07-29T11:16:43+00:00","description":"Gelato Olandese #41 gefeminiseerde cannabiszaden - een cannabissoort van topkwaliteit die de beroemde Gelato-genetica naar nieuwe hoogten brengt.","breadcrumb":{"@id":"https:\/\/www.dutchfem.com\/fr\/acheter\/gelato-olandese-41\/#breadcrumb"},"inLanguage":"fr-FR","potentialAction":[{"@type":"ReadAction","target":["https:\/\/www.dutchfem.com\/fr\/acheter\/gelato-olandese-41\/"]}]},{"@type":"ImageObject","inLanguage":"fr-FR","@id":"https:\/\/www.dutchfem.com\/fr\/acheter\/gelato-olandese-41\/#primaryimage","url":"https:\/\/www.dutchfem.com\/wp-content\/uploads\/2017\/10\/gelato-olandese-e1746823702107.jpeg","contentUrl":"https:\/\/www.dutchfem.com\/wp-content\/uploads\/2017\/10\/gelato-olandese-e1746823702107.jpeg","width":1179,"height":1179,"caption":"gelato olandese feminized cannabis seeds"},{"@type":"BreadcrumbList","@id":"https:\/\/www.dutchfem.com\/fr\/acheter\/gelato-olandese-41\/#breadcrumb","itemListElement":[{"@type":"ListItem","position":1,"name":"Home","item":"https:\/\/www.dutchfem.com\/fr\/"},{"@type":"ListItem","position":2,"name":"Boutique","item":"https:\/\/www.dutchfem.com\/fr\/boutique\/"},{"@type":"ListItem","position":3,"name":"Gelato Olandese #41"}]},{"@type":"WebSite","@id":"https:\/\/www.dutchfem.com\/#website","url":"https:\/\/www.dutchfem.com\/","name":"Dutchfem","description":"Buy Feminized Cannabis Seeds - Autoflowering Seeds - Medical Marijuana Seeds &amp; CBD Oil online","publisher":{"@id":"https:\/\/www.dutchfem.com\/#organization"},"potentialAction":[{"@type":"SearchAction","target":{"@type":"EntryPoint","urlTemplate":"https:\/\/www.dutchfem.com\/?s={search_term_string}"},"query-input":{"@type":"PropertyValueSpecification","valueRequired":true,"valueName":"search_term_string"}}],"inLanguage":"fr-FR"},{"@type":"Organization","@id":"https:\/\/www.dutchfem.com\/#organization","name":"Dutchfem Cannabis Seeds","url":"https:\/\/www.dutchfem.com\/","logo":{"@type":"ImageObject","inLanguage":"fr-FR","@id":"https:\/\/www.dutchfem.com\/#\/schema\/logo\/image\/","url":"https:\/\/www.dutchfem.com\/wp-content\/uploads\/2017\/10\/logo_Dutchfem-web.png","contentUrl":"https:\/\/www.dutchfem.com\/wp-content\/uploads\/2017\/10\/logo_Dutchfem-web.png","width":825,"height":288,"caption":"Dutchfem Cannabis Seeds"},"image":{"@id":"https:\/\/www.dutchfem.com\/#\/schema\/logo\/image\/"},"sameAs":["https:\/\/www.facebook.com\/Dutchfem\/","https:\/\/x.com\/dutchfem","https:\/\/www.instagram.com\/dutchfemseeds\/","https:\/\/www.youtube.com\/@Dutchfem","https:\/\/nl.pinterest.com\/dutchfem\/","https:\/\/bsky.app\/profile\/dutchfem.bsky.social","https:\/\/www.threads.com\/@dutchfemseeds?igshid=NTc4MTIwNjQ2YQ","https:\/\/www.tumblr.com\/dutchfemseeds"]}]}},"_links":{"self":[{"href":"https:\/\/www.dutchfem.com\/fr\/wp-json\/wp\/v2\/product\/11915","targetHints":{"allow":["GET"]}}],"collection":[{"href":"https:\/\/www.dutchfem.com\/fr\/wp-json\/wp\/v2\/product"}],"about":[{"href":"https:\/\/www.dutchfem.com\/fr\/wp-json\/wp\/v2\/types\/product"}],"replies":[{"embeddable":true,"href":"https:\/\/www.dutchfem.com\/fr\/wp-json\/wp\/v2\/comments?post=11915"}],"wp:featuredmedia":[{"embeddable":true,"href":"https:\/\/www.dutchfem.com\/fr\/wp-json\/wp\/v2\/media\/38660"}],"wp:attachment":[{"href":"https:\/\/www.dutchfem.com\/fr\/wp-json\/wp\/v2\/media?parent=11915"}],"wp:term":[{"taxonomy":"product_brand","embeddable":true,"href":"https:\/\/www.dutchfem.com\/fr\/wp-json\/wp\/v2\/product_brand?post=11915"},{"taxonomy":"product_cat","embeddable":true,"href":"https:\/\/www.dutchfem.com\/fr\/wp-json\/wp\/v2\/product_cat?post=11915"},{"taxonomy":"product_tag","embeddable":true,"href":"https:\/\/www.dutchfem.com\/fr\/wp-json\/wp\/v2\/product_tag?post=11915"}],"curies":[{"name":"wp","href":"https:\/\/api.w.org\/{rel}","templated":true}]}}