{"id":18595,"date":"2023-05-08T00:14:25","date_gmt":"2023-05-07T22:14:27","guid":{"rendered":"https:\/\/www.dutchfem.com\/?post_type=product&#038;p=18595"},"modified":"2024-04-26T23:49:40","modified_gmt":"2024-04-26T22:49:40","slug":"calendrier-danniversaire-dutchfem","status":"publish","type":"product","link":"https:\/\/www.dutchfem.com\/fr\/acheter\/calendrier-danniversaire-dutchfem\/","title":{"rendered":"Dutchfem Calendrier d&rsquo;anniversaire"},"content":{"rendered":"<h3>Calendrier d&rsquo;anniversaire Dutchfem<\/h3>\n<p>Calendrier d&rsquo;anniversaire Dutchfem en couleur avec nos vari\u00e9t\u00e9s de cannabis f\u00e9minis\u00e9es les plus vendues. Madmax #33, Gelato Olandese, Orange Cookies, Purple OG Kush, Northern Light Special et bien d&rsquo;autres.<\/p>\n<p>N&rsquo;oubliez plus jamais l&rsquo;anniversaire de vos copains fumeurs avec ce calendrier d&rsquo;anniversaire de cannabis Dutchfem ou obtenez-en un pour lui s&rsquo;il oublie toujours votre anniversaire&#8230;<\/p>\n","protected":false},"excerpt":{"rendered":"<p>Calendrier d&rsquo;anniversaire Dutchfem Cannabis en couleur. 25 x 25 cm<\/p>\n","protected":false},"featured_media":18555,"comment_status":"open","ping_status":"closed","template":"","meta":{"_exactmetrics_skip_tracking":false,"_exactmetrics_sitenote_active":false,"_exactmetrics_sitenote_note":"","_exactmetrics_sitenote_category":0},"product_brand":[],"product_cat":[348],"product_tag":[],"class_list":{"0":"post-18595","1":"product","2":"type-product","3":"status-publish","4":"has-post-thumbnail","6":"product_cat-marchandise","8":"first","9":"instock","10":"taxable","11":"shipping-taxable","12":"purchasable","13":"product-type-simple"},"yoast_head":"<!-- This site is optimized with the Yoast SEO plugin v26.9 - https:\/\/yoast.com\/product\/yoast-seo-wordpress\/ -->\n<title>Calendrier d&#039;anniversaire Dutchfem Cannabis-<\/title>\n<meta name=\"description\" content=\"Calendrier d&#039;anniversaire Dutchfem Cannabis\" \/>\n<meta name=\"robots\" content=\"index, follow, max-snippet:-1, max-image-preview:large, max-video-preview:-1\" \/>\n<link rel=\"canonical\" href=\"https:\/\/www.dutchfem.com\/fr\/acheter\/calendrier-danniversaire-dutchfem\/\" \/>\n<meta property=\"og:locale\" content=\"fr_FR\" \/>\n<meta property=\"og:type\" content=\"article\" \/>\n<meta property=\"og:title\" content=\"Calendrier d&#039;anniversaire Dutchfem Cannabis-\" \/>\n<meta property=\"og:description\" content=\"Calendrier d&#039;anniversaire Dutchfem Cannabis\" \/>\n<meta property=\"og:url\" content=\"https:\/\/www.dutchfem.com\/fr\/acheter\/calendrier-danniversaire-dutchfem\/\" \/>\n<meta property=\"og:site_name\" content=\"Dutchfem\" \/>\n<meta property=\"article:publisher\" content=\"https:\/\/www.facebook.com\/Dutchfem\/\" \/>\n<meta property=\"article:modified_time\" content=\"2024-04-26T22:49:40+00:00\" \/>\n<meta property=\"og:image\" content=\"https:\/\/www.dutchfem.com\/wp-content\/uploads\/2023\/05\/kal-fr-1024x1024.png\" \/>\n\t<meta property=\"og:image:width\" content=\"1024\" \/>\n\t<meta property=\"og:image:height\" content=\"1024\" \/>\n\t<meta property=\"og:image:type\" content=\"image\/png\" \/>\n<meta name=\"twitter:card\" content=\"summary_large_image\" \/>\n<meta name=\"twitter:site\" content=\"@dutchfem\" \/>\n<script type=\"application\/ld+json\" class=\"yoast-schema-graph\">{\"@context\":\"https:\/\/schema.org\",\"@graph\":[{\"@type\":\"WebPage\",\"@id\":\"https:\/\/www.dutchfem.com\/fr\/acheter\/calendrier-danniversaire-dutchfem\/\",\"url\":\"https:\/\/www.dutchfem.com\/fr\/acheter\/calendrier-danniversaire-dutchfem\/\",\"name\":\"Calendrier d'anniversaire Dutchfem Cannabis-\",\"isPartOf\":{\"@id\":\"https:\/\/www.dutchfem.com\/#website\"},\"primaryImageOfPage\":{\"@id\":\"https:\/\/www.dutchfem.com\/fr\/acheter\/calendrier-danniversaire-dutchfem\/#primaryimage\"},\"image\":{\"@id\":\"https:\/\/www.dutchfem.com\/fr\/acheter\/calendrier-danniversaire-dutchfem\/#primaryimage\"},\"thumbnailUrl\":\"https:\/\/www.dutchfem.com\/wp-content\/uploads\/2023\/05\/kal-fr-e1683479114174.png\",\"datePublished\":\"2023-05-07T22:14:27+00:00\",\"dateModified\":\"2024-04-26T22:49:40+00:00\",\"description\":\"Calendrier d'anniversaire Dutchfem Cannabis\",\"breadcrumb\":{\"@id\":\"https:\/\/www.dutchfem.com\/fr\/acheter\/calendrier-danniversaire-dutchfem\/#breadcrumb\"},\"inLanguage\":\"fr-FR\",\"potentialAction\":[{\"@type\":\"ReadAction\",\"target\":[\"https:\/\/www.dutchfem.com\/fr\/acheter\/calendrier-danniversaire-dutchfem\/\"]}]},{\"@type\":\"ImageObject\",\"inLanguage\":\"fr-FR\",\"@id\":\"https:\/\/www.dutchfem.com\/fr\/acheter\/calendrier-danniversaire-dutchfem\/#primaryimage\",\"url\":\"https:\/\/www.dutchfem.com\/wp-content\/uploads\/2023\/05\/kal-fr-e1683479114174.png\",\"contentUrl\":\"https:\/\/www.dutchfem.com\/wp-content\/uploads\/2023\/05\/kal-fr-e1683479114174.png\",\"width\":1280,\"height\":1280},{\"@type\":\"BreadcrumbList\",\"@id\":\"https:\/\/www.dutchfem.com\/fr\/acheter\/calendrier-danniversaire-dutchfem\/#breadcrumb\",\"itemListElement\":[{\"@type\":\"ListItem\",\"position\":1,\"name\":\"Home\",\"item\":\"https:\/\/www.dutchfem.com\/fr\/\"},{\"@type\":\"ListItem\",\"position\":2,\"name\":\"Boutique\",\"item\":\"https:\/\/www.dutchfem.com\/fr\/boutique\/\"},{\"@type\":\"ListItem\",\"position\":3,\"name\":\"Dutchfem Calendrier d&rsquo;anniversaire\"}]},{\"@type\":\"WebSite\",\"@id\":\"https:\/\/www.dutchfem.com\/#website\",\"url\":\"https:\/\/www.dutchfem.com\/\",\"name\":\"Dutchfem\",\"description\":\"Buy Feminized Cannabis Seeds - Autoflowering Seeds - Medical Marijuana Seeds &amp; CBD Oil online\",\"publisher\":{\"@id\":\"https:\/\/www.dutchfem.com\/#organization\"},\"potentialAction\":[{\"@type\":\"SearchAction\",\"target\":{\"@type\":\"EntryPoint\",\"urlTemplate\":\"https:\/\/www.dutchfem.com\/?s={search_term_string}\"},\"query-input\":{\"@type\":\"PropertyValueSpecification\",\"valueRequired\":true,\"valueName\":\"search_term_string\"}}],\"inLanguage\":\"fr-FR\"},{\"@type\":\"Organization\",\"@id\":\"https:\/\/www.dutchfem.com\/#organization\",\"name\":\"Dutchfem Cannabis Seeds\",\"url\":\"https:\/\/www.dutchfem.com\/\",\"logo\":{\"@type\":\"ImageObject\",\"inLanguage\":\"fr-FR\",\"@id\":\"https:\/\/www.dutchfem.com\/#\/schema\/logo\/image\/\",\"url\":\"https:\/\/www.dutchfem.com\/wp-content\/uploads\/2017\/10\/logo_Dutchfem-web.png\",\"contentUrl\":\"https:\/\/www.dutchfem.com\/wp-content\/uploads\/2017\/10\/logo_Dutchfem-web.png\",\"width\":825,\"height\":288,\"caption\":\"Dutchfem Cannabis Seeds\"},\"image\":{\"@id\":\"https:\/\/www.dutchfem.com\/#\/schema\/logo\/image\/\"},\"sameAs\":[\"https:\/\/www.facebook.com\/Dutchfem\/\",\"https:\/\/x.com\/dutchfem\",\"https:\/\/www.instagram.com\/dutchfemseeds\/\",\"https:\/\/www.youtube.com\/@Dutchfem\",\"https:\/\/nl.pinterest.com\/dutchfem\/\",\"https:\/\/bsky.app\/profile\/dutchfem.bsky.social\",\"https:\/\/www.threads.com\/@dutchfemseeds?igshid=NTc4MTIwNjQ2YQ\",\"https:\/\/www.tumblr.com\/dutchfemseeds\"]}]}<\/script>\n<!-- \/ Yoast SEO plugin. -->","yoast_head_json":{"title":"Calendrier d'anniversaire Dutchfem Cannabis-","description":"Calendrier d'anniversaire Dutchfem Cannabis","robots":{"index":"index","follow":"follow","max-snippet":"max-snippet:-1","max-image-preview":"max-image-preview:large","max-video-preview":"max-video-preview:-1"},"canonical":"https:\/\/www.dutchfem.com\/fr\/acheter\/calendrier-danniversaire-dutchfem\/","og_locale":"fr_FR","og_type":"article","og_title":"Calendrier d'anniversaire Dutchfem Cannabis-","og_description":"Calendrier d'anniversaire Dutchfem Cannabis","og_url":"https:\/\/www.dutchfem.com\/fr\/acheter\/calendrier-danniversaire-dutchfem\/","og_site_name":"Dutchfem","article_publisher":"https:\/\/www.facebook.com\/Dutchfem\/","article_modified_time":"2024-04-26T22:49:40+00:00","og_image":[{"width":1024,"height":1024,"url":"https:\/\/www.dutchfem.com\/wp-content\/uploads\/2023\/05\/kal-fr-1024x1024.png","type":"image\/png"}],"twitter_card":"summary_large_image","twitter_site":"@dutchfem","schema":{"@context":"https:\/\/schema.org","@graph":[{"@type":"WebPage","@id":"https:\/\/www.dutchfem.com\/fr\/acheter\/calendrier-danniversaire-dutchfem\/","url":"https:\/\/www.dutchfem.com\/fr\/acheter\/calendrier-danniversaire-dutchfem\/","name":"Calendrier d'anniversaire Dutchfem Cannabis-","isPartOf":{"@id":"https:\/\/www.dutchfem.com\/#website"},"primaryImageOfPage":{"@id":"https:\/\/www.dutchfem.com\/fr\/acheter\/calendrier-danniversaire-dutchfem\/#primaryimage"},"image":{"@id":"https:\/\/www.dutchfem.com\/fr\/acheter\/calendrier-danniversaire-dutchfem\/#primaryimage"},"thumbnailUrl":"https:\/\/www.dutchfem.com\/wp-content\/uploads\/2023\/05\/kal-fr-e1683479114174.png","datePublished":"2023-05-07T22:14:27+00:00","dateModified":"2024-04-26T22:49:40+00:00","description":"Calendrier d'anniversaire Dutchfem Cannabis","breadcrumb":{"@id":"https:\/\/www.dutchfem.com\/fr\/acheter\/calendrier-danniversaire-dutchfem\/#breadcrumb"},"inLanguage":"fr-FR","potentialAction":[{"@type":"ReadAction","target":["https:\/\/www.dutchfem.com\/fr\/acheter\/calendrier-danniversaire-dutchfem\/"]}]},{"@type":"ImageObject","inLanguage":"fr-FR","@id":"https:\/\/www.dutchfem.com\/fr\/acheter\/calendrier-danniversaire-dutchfem\/#primaryimage","url":"https:\/\/www.dutchfem.com\/wp-content\/uploads\/2023\/05\/kal-fr-e1683479114174.png","contentUrl":"https:\/\/www.dutchfem.com\/wp-content\/uploads\/2023\/05\/kal-fr-e1683479114174.png","width":1280,"height":1280},{"@type":"BreadcrumbList","@id":"https:\/\/www.dutchfem.com\/fr\/acheter\/calendrier-danniversaire-dutchfem\/#breadcrumb","itemListElement":[{"@type":"ListItem","position":1,"name":"Home","item":"https:\/\/www.dutchfem.com\/fr\/"},{"@type":"ListItem","position":2,"name":"Boutique","item":"https:\/\/www.dutchfem.com\/fr\/boutique\/"},{"@type":"ListItem","position":3,"name":"Dutchfem Calendrier d&rsquo;anniversaire"}]},{"@type":"WebSite","@id":"https:\/\/www.dutchfem.com\/#website","url":"https:\/\/www.dutchfem.com\/","name":"Dutchfem","description":"Buy Feminized Cannabis Seeds - Autoflowering Seeds - Medical Marijuana Seeds &amp; CBD Oil online","publisher":{"@id":"https:\/\/www.dutchfem.com\/#organization"},"potentialAction":[{"@type":"SearchAction","target":{"@type":"EntryPoint","urlTemplate":"https:\/\/www.dutchfem.com\/?s={search_term_string}"},"query-input":{"@type":"PropertyValueSpecification","valueRequired":true,"valueName":"search_term_string"}}],"inLanguage":"fr-FR"},{"@type":"Organization","@id":"https:\/\/www.dutchfem.com\/#organization","name":"Dutchfem Cannabis Seeds","url":"https:\/\/www.dutchfem.com\/","logo":{"@type":"ImageObject","inLanguage":"fr-FR","@id":"https:\/\/www.dutchfem.com\/#\/schema\/logo\/image\/","url":"https:\/\/www.dutchfem.com\/wp-content\/uploads\/2017\/10\/logo_Dutchfem-web.png","contentUrl":"https:\/\/www.dutchfem.com\/wp-content\/uploads\/2017\/10\/logo_Dutchfem-web.png","width":825,"height":288,"caption":"Dutchfem Cannabis Seeds"},"image":{"@id":"https:\/\/www.dutchfem.com\/#\/schema\/logo\/image\/"},"sameAs":["https:\/\/www.facebook.com\/Dutchfem\/","https:\/\/x.com\/dutchfem","https:\/\/www.instagram.com\/dutchfemseeds\/","https:\/\/www.youtube.com\/@Dutchfem","https:\/\/nl.pinterest.com\/dutchfem\/","https:\/\/bsky.app\/profile\/dutchfem.bsky.social","https:\/\/www.threads.com\/@dutchfemseeds?igshid=NTc4MTIwNjQ2YQ","https:\/\/www.tumblr.com\/dutchfemseeds"]}]}},"_links":{"self":[{"href":"https:\/\/www.dutchfem.com\/fr\/wp-json\/wp\/v2\/product\/18595","targetHints":{"allow":["GET"]}}],"collection":[{"href":"https:\/\/www.dutchfem.com\/fr\/wp-json\/wp\/v2\/product"}],"about":[{"href":"https:\/\/www.dutchfem.com\/fr\/wp-json\/wp\/v2\/types\/product"}],"replies":[{"embeddable":true,"href":"https:\/\/www.dutchfem.com\/fr\/wp-json\/wp\/v2\/comments?post=18595"}],"wp:featuredmedia":[{"embeddable":true,"href":"https:\/\/www.dutchfem.com\/fr\/wp-json\/wp\/v2\/media\/18555"}],"wp:attachment":[{"href":"https:\/\/www.dutchfem.com\/fr\/wp-json\/wp\/v2\/media?parent=18595"}],"wp:term":[{"taxonomy":"product_brand","embeddable":true,"href":"https:\/\/www.dutchfem.com\/fr\/wp-json\/wp\/v2\/product_brand?post=18595"},{"taxonomy":"product_cat","embeddable":true,"href":"https:\/\/www.dutchfem.com\/fr\/wp-json\/wp\/v2\/product_cat?post=18595"},{"taxonomy":"product_tag","embeddable":true,"href":"https:\/\/www.dutchfem.com\/fr\/wp-json\/wp\/v2\/product_tag?post=18595"}],"curies":[{"name":"wp","href":"https:\/\/api.w.org\/{rel}","templated":true}]}}