{"id":28642,"date":"2024-04-24T23:30:54","date_gmt":"2024-04-24T22:30:55","guid":{"rendered":"https:\/\/www.dutchfem.com\/?post_type=product&#038;p=28642"},"modified":"2024-04-26T23:45:04","modified_gmt":"2024-04-26T22:45:04","slug":"dutchfem-grinder-noir","status":"publish","type":"product","link":"https:\/\/www.dutchfem.com\/fr\/acheter\/dutchfem-grinder-noir\/","title":{"rendered":"Acrylic Dutchfem Grinder Noir"},"content":{"rendered":"<h3>Am\u00e9liore ton jeu de mouture avec le Dutchfem Grinder Noir<\/h3>\n<p>Voici le Dutchfem grinder Noir &#8211; la solution id\u00e9ale pour obtenir la mouture parfaite avec facilit\u00e9, efficacit\u00e9 et une touche de style. Con\u00e7u pour le fumeur moderne, ce moulin combine une ing\u00e9nierie de pr\u00e9cision, une fonctionnalit\u00e9 pratique et une esth\u00e9tique vibrante pour am\u00e9liorer ton exp\u00e9rience de fumeur comme jamais auparavant.<\/p>\n<p>Fabriqu\u00e9 en trois parties, ce grinder assure un processus de broyage impeccable du d\u00e9but \u00e0 la fin. Ses dents aiguis\u00e9es comme des rasoirs font un travail rapide sur tes herbes, les r\u00e9duisant sans effort \u00e0 la consistance id\u00e9ale pour les rouler, les emballer ou les vaper. Dis adieu aux br\u00fblures in\u00e9gales et au gaspillage &#8211; avec le Dutchfem Grinder Noir, chaque broyage est constamment lisse et uniforme.<\/p>\n<p>Mais la fonctionnalit\u00e9 n&rsquo;est qu&rsquo;une pi\u00e8ce du puzzle &#8211; le style compte aussi. Disponible en trois couleurs transparentes &#8211; noir, orange et blanc &#8211; ce moulin ajoute une touche de personnalit\u00e9 \u00e0 ton installation de fumeur. Que tu pr\u00e9f\u00e8res la sophistication \u00e9l\u00e9gante du noir, l&rsquo;audace de l&rsquo;orange ou la simplicit\u00e9 croustillante du blanc, il y a un Dutchfem Grinder Noir qui correspond \u00e0 ton go\u00fbt unique et \u00e0 ton ambiance.<\/p>\n<p>La commodit\u00e9 est une autre caract\u00e9ristique cl\u00e9 de nos broyeurs. \u00c9quip\u00e9 d&rsquo;un compartiment de rangement spacieux, il garde tes herbes moulues soigneusement contenues jusqu&rsquo;\u00e0 ce que tu sois pr\u00eat \u00e0 les utiliser. Plus besoin de t\u00e2tonner avec plusieurs contenants ou de g\u00e9rer les comptoirs en d\u00e9sordre &#8211; avec le Grinder en 3 parties, tout ce dont tu as besoin est commod\u00e9ment stock\u00e9 dans un seul appareil \u00e9l\u00e9gant.<\/p>\n<p>La durabilit\u00e9 est primordiale lorsqu&rsquo;il s&rsquo;agit d&rsquo;un outil que tu utiliseras jour apr\u00e8s jour. C&rsquo;est pourquoi le 3 parties de Dutchfem Grinder Noir est con\u00e7u pour durer, avec une construction robuste qui peut supporter les exigences d&rsquo;une utilisation quotidienne. Fabriqu\u00e9 \u00e0 partir de mat\u00e9riaux recycl\u00e9s de haute qualit\u00e9, il r\u00e9siste \u00e0 l&rsquo;\u00e9preuve du temps, garantissant qu&rsquo;il reste un compagnon fiable pour tous tes besoins de broyage.<\/p>\n<p>En r\u00e9sum\u00e9, Dutchfem Grinder Noir offre :<\/p>\n<ul>\n<li><strong>Un broyage de pr\u00e9cision :<\/strong> Obtiens une mouture toujours lisse \u00e0 chaque fois.<\/li>\n<li><strong>Une esth\u00e9tique vibrante :<\/strong> Disponible dans les couleurs transparentes noire, orange et blanche.<\/li>\n<li><strong>Un rangement pratique :<\/strong> Comprend un compartiment spacieux pour stocker les herbes moulues.<\/li>\n<li><strong>Durabilit\u00e9 :<\/strong> Construit pour durer avec des mat\u00e9riaux recycl\u00e9s de haute qualit\u00e9.<\/li>\n<li><strong>Style :<\/strong> Ajoute une touche de personnalit\u00e9 \u00e0 ton installation de fumeur.<\/li>\n<\/ul>\n<p>Am\u00e9liore ton jeu de broyage avec le Dutchfem Grinder Noir et d\u00e9couvre le m\u00e9lange parfait de pr\u00e9cision, de commodit\u00e9 et de style \u00e0 chaque broyage.<\/p>\n<p style=\"text-align: center;\"><span style=\"color: #ff9900;\"><a style=\"color: #ff9900;\" href=\"https:\/\/www.dutchfem.com\/fr\/les-differences-entre-les-joints-les-blunts-et-les-spliffs\/\" target=\"_blank\" rel=\"noopener\">Les diff\u00e9rences entre les joints, les Blunts et les Spliffs<\/a><\/span><\/p>\n<p style=\"text-align: center;\"><span style=\"color: #ff9900;\"><a style=\"color: #ff9900;\" href=\"https:\/\/www.dutchfem.com\/fr\/pourquoi-decarboxyler-le-cannabis-est-il-important-et-comment-le-faire\/\" target=\"_blank\" rel=\"noopener\">Pourquoi d\u00e9carboxyler le cannabis est-il important et comment le faire ?<\/a><\/span><\/p>\n<p style=\"text-align: center;\"><span style=\"color: #ff9900;\"><a style=\"color: #ff9900;\" href=\"https:\/\/www.dutchfem.com\/fr\/ameliorer-le-gout-du-cannabis\/\" target=\"_blank\" rel=\"noopener\">Am\u00e9liorer le go\u00fbt du cannabis<\/a><\/span><\/p>\n<p style=\"text-align: center;\"><span style=\"color: #ff9900;\"><a style=\"color: #ff9900;\" href=\"https:\/\/www.instagram.com\/p\/C6KXo47qKWb\/\" target=\"_blank\" rel=\"noopener\">Dutchfem Instagram<\/a><\/span><\/p>\n<p style=\"text-align: center;\"><span style=\"color: #ff9900;\"><a style=\"color: #ff9900;\" href=\"https:\/\/www.facebook.com\/photo.php?fbid=967809065345588&amp;set=a.511203707672795&amp;type=3\" target=\"_blank\" rel=\"noopener\">Dutchfem Facebook<\/a><\/span><\/p>\n<p style=\"text-align: center;\"><span style=\"color: #ff9900;\"><a style=\"color: #ff9900;\" href=\"https:\/\/nl.pinterest.com\/pin\/650910952414022573\/\" target=\"_blank\" rel=\"noopener\">Dutchfem Pinterest<\/a><\/span><\/p>\n","protected":false},"excerpt":{"rendered":"<p>Que tu sois un fumeur chevronn\u00e9 ou un nouveau venu dans le monde du cannabis, le Dutchfem Grinder est l&rsquo;accessoire parfait pour am\u00e9liorer ton exp\u00e9rience de fumeur. Avec sa combinaison de broyage, de rangement pratique et de couleurs vibrantes, c&rsquo;est un ajout indispensable \u00e0 toute collection.<\/p>\n","protected":false},"featured_media":28654,"comment_status":"open","ping_status":"closed","template":"","meta":{"_exactmetrics_skip_tracking":false,"_exactmetrics_sitenote_active":false,"_exactmetrics_sitenote_note":"","_exactmetrics_sitenote_category":0},"product_brand":[],"product_cat":[348],"product_tag":[],"class_list":{"0":"post-28642","1":"product","2":"type-product","3":"status-publish","4":"has-post-thumbnail","6":"product_cat-marchandise","8":"first","9":"instock","10":"sale","11":"taxable","12":"shipping-taxable","13":"purchasable","14":"product-type-simple"},"yoast_head":"<!-- This site is optimized with the Yoast SEO plugin v26.9 - https:\/\/yoast.com\/product\/yoast-seo-wordpress\/ -->\n<title>Dutchfem Grinder Noir - Exp\u00e9dition rapide et discr\u00e8te! graines de cannabis<\/title>\n<meta name=\"description\" content=\"Dutchfem Grinder Noir - Tout consommateur de marijuana qui n&#039;a pas utilis\u00e9 de grinder conna\u00eetra la douleur d&#039;un joint roul\u00e9 de fa\u00e7on in\u00e9gale\" \/>\n<meta name=\"robots\" content=\"index, follow, max-snippet:-1, max-image-preview:large, max-video-preview:-1\" \/>\n<link rel=\"canonical\" href=\"https:\/\/www.dutchfem.com\/fr\/acheter\/dutchfem-grinder-noir\/\" \/>\n<meta property=\"og:locale\" content=\"fr_FR\" \/>\n<meta property=\"og:type\" content=\"article\" \/>\n<meta property=\"og:title\" content=\"Dutchfem Grinder Noir - Exp\u00e9dition rapide et discr\u00e8te! graines de cannabis\" \/>\n<meta property=\"og:description\" content=\"Dutchfem Grinder Noir - Tout consommateur de marijuana qui n&#039;a pas utilis\u00e9 de grinder conna\u00eetra la douleur d&#039;un joint roul\u00e9 de fa\u00e7on in\u00e9gale\" \/>\n<meta property=\"og:url\" content=\"https:\/\/www.dutchfem.com\/fr\/acheter\/dutchfem-grinder-noir\/\" \/>\n<meta property=\"og:site_name\" content=\"Dutchfem\" \/>\n<meta property=\"article:publisher\" content=\"https:\/\/www.facebook.com\/Dutchfem\/\" \/>\n<meta property=\"article:modified_time\" content=\"2024-04-26T22:45:04+00:00\" \/>\n<meta property=\"og:image\" content=\"https:\/\/www.dutchfem.com\/wp-content\/uploads\/2024\/04\/acrylic-grinder-black-1-e1713998685858.jpg\" \/>\n\t<meta property=\"og:image:width\" content=\"640\" \/>\n\t<meta property=\"og:image:height\" content=\"640\" \/>\n\t<meta property=\"og:image:type\" content=\"image\/jpeg\" \/>\n<meta name=\"twitter:card\" content=\"summary_large_image\" \/>\n<meta name=\"twitter:site\" content=\"@dutchfem\" \/>\n<meta name=\"twitter:label1\" content=\"Dur\u00e9e de lecture estim\u00e9e\" \/>\n\t<meta name=\"twitter:data1\" content=\"2 minutes\" \/>\n<script type=\"application\/ld+json\" class=\"yoast-schema-graph\">{\"@context\":\"https:\/\/schema.org\",\"@graph\":[{\"@type\":\"WebPage\",\"@id\":\"https:\/\/www.dutchfem.com\/fr\/acheter\/dutchfem-grinder-noir\/\",\"url\":\"https:\/\/www.dutchfem.com\/fr\/acheter\/dutchfem-grinder-noir\/\",\"name\":\"Dutchfem Grinder Noir - Exp\u00e9dition rapide et discr\u00e8te! graines de cannabis\",\"isPartOf\":{\"@id\":\"https:\/\/www.dutchfem.com\/#website\"},\"primaryImageOfPage\":{\"@id\":\"https:\/\/www.dutchfem.com\/fr\/acheter\/dutchfem-grinder-noir\/#primaryimage\"},\"image\":{\"@id\":\"https:\/\/www.dutchfem.com\/fr\/acheter\/dutchfem-grinder-noir\/#primaryimage\"},\"thumbnailUrl\":\"https:\/\/www.dutchfem.com\/wp-content\/uploads\/2024\/04\/acrylic-grinder-black-1-e1713998685858.jpg\",\"datePublished\":\"2024-04-24T22:30:55+00:00\",\"dateModified\":\"2024-04-26T22:45:04+00:00\",\"description\":\"Dutchfem Grinder Noir - Tout consommateur de marijuana qui n'a pas utilis\u00e9 de grinder conna\u00eetra la douleur d'un joint roul\u00e9 de fa\u00e7on in\u00e9gale\",\"breadcrumb\":{\"@id\":\"https:\/\/www.dutchfem.com\/fr\/acheter\/dutchfem-grinder-noir\/#breadcrumb\"},\"inLanguage\":\"fr-FR\",\"potentialAction\":[{\"@type\":\"ReadAction\",\"target\":[\"https:\/\/www.dutchfem.com\/fr\/acheter\/dutchfem-grinder-noir\/\"]}]},{\"@type\":\"ImageObject\",\"inLanguage\":\"fr-FR\",\"@id\":\"https:\/\/www.dutchfem.com\/fr\/acheter\/dutchfem-grinder-noir\/#primaryimage\",\"url\":\"https:\/\/www.dutchfem.com\/wp-content\/uploads\/2024\/04\/acrylic-grinder-black-1-e1713998685858.jpg\",\"contentUrl\":\"https:\/\/www.dutchfem.com\/wp-content\/uploads\/2024\/04\/acrylic-grinder-black-1-e1713998685858.jpg\",\"width\":640,\"height\":640},{\"@type\":\"BreadcrumbList\",\"@id\":\"https:\/\/www.dutchfem.com\/fr\/acheter\/dutchfem-grinder-noir\/#breadcrumb\",\"itemListElement\":[{\"@type\":\"ListItem\",\"position\":1,\"name\":\"Home\",\"item\":\"https:\/\/www.dutchfem.com\/fr\/\"},{\"@type\":\"ListItem\",\"position\":2,\"name\":\"Boutique\",\"item\":\"https:\/\/www.dutchfem.com\/fr\/boutique\/\"},{\"@type\":\"ListItem\",\"position\":3,\"name\":\"Acrylic Dutchfem Grinder Noir\"}]},{\"@type\":\"WebSite\",\"@id\":\"https:\/\/www.dutchfem.com\/#website\",\"url\":\"https:\/\/www.dutchfem.com\/\",\"name\":\"Dutchfem\",\"description\":\"Buy Feminized Cannabis Seeds - Autoflowering Seeds - Medical Marijuana Seeds &amp; CBD Oil online\",\"publisher\":{\"@id\":\"https:\/\/www.dutchfem.com\/#organization\"},\"potentialAction\":[{\"@type\":\"SearchAction\",\"target\":{\"@type\":\"EntryPoint\",\"urlTemplate\":\"https:\/\/www.dutchfem.com\/?s={search_term_string}\"},\"query-input\":{\"@type\":\"PropertyValueSpecification\",\"valueRequired\":true,\"valueName\":\"search_term_string\"}}],\"inLanguage\":\"fr-FR\"},{\"@type\":\"Organization\",\"@id\":\"https:\/\/www.dutchfem.com\/#organization\",\"name\":\"Dutchfem Cannabis Seeds\",\"url\":\"https:\/\/www.dutchfem.com\/\",\"logo\":{\"@type\":\"ImageObject\",\"inLanguage\":\"fr-FR\",\"@id\":\"https:\/\/www.dutchfem.com\/#\/schema\/logo\/image\/\",\"url\":\"https:\/\/www.dutchfem.com\/wp-content\/uploads\/2017\/10\/logo_Dutchfem-web.png\",\"contentUrl\":\"https:\/\/www.dutchfem.com\/wp-content\/uploads\/2017\/10\/logo_Dutchfem-web.png\",\"width\":825,\"height\":288,\"caption\":\"Dutchfem Cannabis Seeds\"},\"image\":{\"@id\":\"https:\/\/www.dutchfem.com\/#\/schema\/logo\/image\/\"},\"sameAs\":[\"https:\/\/www.facebook.com\/Dutchfem\/\",\"https:\/\/x.com\/dutchfem\",\"https:\/\/www.instagram.com\/dutchfemseeds\/\",\"https:\/\/www.youtube.com\/@Dutchfem\",\"https:\/\/nl.pinterest.com\/dutchfem\/\",\"https:\/\/bsky.app\/profile\/dutchfem.bsky.social\",\"https:\/\/www.threads.com\/@dutchfemseeds?igshid=NTc4MTIwNjQ2YQ\",\"https:\/\/www.tumblr.com\/dutchfemseeds\"]}]}<\/script>\n<!-- \/ Yoast SEO plugin. -->","yoast_head_json":{"title":"Dutchfem Grinder Noir - Exp\u00e9dition rapide et discr\u00e8te! graines de cannabis","description":"Dutchfem Grinder Noir - Tout consommateur de marijuana qui n'a pas utilis\u00e9 de grinder conna\u00eetra la douleur d'un joint roul\u00e9 de fa\u00e7on in\u00e9gale","robots":{"index":"index","follow":"follow","max-snippet":"max-snippet:-1","max-image-preview":"max-image-preview:large","max-video-preview":"max-video-preview:-1"},"canonical":"https:\/\/www.dutchfem.com\/fr\/acheter\/dutchfem-grinder-noir\/","og_locale":"fr_FR","og_type":"article","og_title":"Dutchfem Grinder Noir - Exp\u00e9dition rapide et discr\u00e8te! graines de cannabis","og_description":"Dutchfem Grinder Noir - Tout consommateur de marijuana qui n'a pas utilis\u00e9 de grinder conna\u00eetra la douleur d'un joint roul\u00e9 de fa\u00e7on in\u00e9gale","og_url":"https:\/\/www.dutchfem.com\/fr\/acheter\/dutchfem-grinder-noir\/","og_site_name":"Dutchfem","article_publisher":"https:\/\/www.facebook.com\/Dutchfem\/","article_modified_time":"2024-04-26T22:45:04+00:00","og_image":[{"width":640,"height":640,"url":"https:\/\/www.dutchfem.com\/wp-content\/uploads\/2024\/04\/acrylic-grinder-black-1-e1713998685858.jpg","type":"image\/jpeg"}],"twitter_card":"summary_large_image","twitter_site":"@dutchfem","twitter_misc":{"Dur\u00e9e de lecture estim\u00e9e":"2 minutes"},"schema":{"@context":"https:\/\/schema.org","@graph":[{"@type":"WebPage","@id":"https:\/\/www.dutchfem.com\/fr\/acheter\/dutchfem-grinder-noir\/","url":"https:\/\/www.dutchfem.com\/fr\/acheter\/dutchfem-grinder-noir\/","name":"Dutchfem Grinder Noir - Exp\u00e9dition rapide et discr\u00e8te! graines de cannabis","isPartOf":{"@id":"https:\/\/www.dutchfem.com\/#website"},"primaryImageOfPage":{"@id":"https:\/\/www.dutchfem.com\/fr\/acheter\/dutchfem-grinder-noir\/#primaryimage"},"image":{"@id":"https:\/\/www.dutchfem.com\/fr\/acheter\/dutchfem-grinder-noir\/#primaryimage"},"thumbnailUrl":"https:\/\/www.dutchfem.com\/wp-content\/uploads\/2024\/04\/acrylic-grinder-black-1-e1713998685858.jpg","datePublished":"2024-04-24T22:30:55+00:00","dateModified":"2024-04-26T22:45:04+00:00","description":"Dutchfem Grinder Noir - Tout consommateur de marijuana qui n'a pas utilis\u00e9 de grinder conna\u00eetra la douleur d'un joint roul\u00e9 de fa\u00e7on in\u00e9gale","breadcrumb":{"@id":"https:\/\/www.dutchfem.com\/fr\/acheter\/dutchfem-grinder-noir\/#breadcrumb"},"inLanguage":"fr-FR","potentialAction":[{"@type":"ReadAction","target":["https:\/\/www.dutchfem.com\/fr\/acheter\/dutchfem-grinder-noir\/"]}]},{"@type":"ImageObject","inLanguage":"fr-FR","@id":"https:\/\/www.dutchfem.com\/fr\/acheter\/dutchfem-grinder-noir\/#primaryimage","url":"https:\/\/www.dutchfem.com\/wp-content\/uploads\/2024\/04\/acrylic-grinder-black-1-e1713998685858.jpg","contentUrl":"https:\/\/www.dutchfem.com\/wp-content\/uploads\/2024\/04\/acrylic-grinder-black-1-e1713998685858.jpg","width":640,"height":640},{"@type":"BreadcrumbList","@id":"https:\/\/www.dutchfem.com\/fr\/acheter\/dutchfem-grinder-noir\/#breadcrumb","itemListElement":[{"@type":"ListItem","position":1,"name":"Home","item":"https:\/\/www.dutchfem.com\/fr\/"},{"@type":"ListItem","position":2,"name":"Boutique","item":"https:\/\/www.dutchfem.com\/fr\/boutique\/"},{"@type":"ListItem","position":3,"name":"Acrylic Dutchfem Grinder Noir"}]},{"@type":"WebSite","@id":"https:\/\/www.dutchfem.com\/#website","url":"https:\/\/www.dutchfem.com\/","name":"Dutchfem","description":"Buy Feminized Cannabis Seeds - Autoflowering Seeds - Medical Marijuana Seeds &amp; CBD Oil online","publisher":{"@id":"https:\/\/www.dutchfem.com\/#organization"},"potentialAction":[{"@type":"SearchAction","target":{"@type":"EntryPoint","urlTemplate":"https:\/\/www.dutchfem.com\/?s={search_term_string}"},"query-input":{"@type":"PropertyValueSpecification","valueRequired":true,"valueName":"search_term_string"}}],"inLanguage":"fr-FR"},{"@type":"Organization","@id":"https:\/\/www.dutchfem.com\/#organization","name":"Dutchfem Cannabis Seeds","url":"https:\/\/www.dutchfem.com\/","logo":{"@type":"ImageObject","inLanguage":"fr-FR","@id":"https:\/\/www.dutchfem.com\/#\/schema\/logo\/image\/","url":"https:\/\/www.dutchfem.com\/wp-content\/uploads\/2017\/10\/logo_Dutchfem-web.png","contentUrl":"https:\/\/www.dutchfem.com\/wp-content\/uploads\/2017\/10\/logo_Dutchfem-web.png","width":825,"height":288,"caption":"Dutchfem Cannabis Seeds"},"image":{"@id":"https:\/\/www.dutchfem.com\/#\/schema\/logo\/image\/"},"sameAs":["https:\/\/www.facebook.com\/Dutchfem\/","https:\/\/x.com\/dutchfem","https:\/\/www.instagram.com\/dutchfemseeds\/","https:\/\/www.youtube.com\/@Dutchfem","https:\/\/nl.pinterest.com\/dutchfem\/","https:\/\/bsky.app\/profile\/dutchfem.bsky.social","https:\/\/www.threads.com\/@dutchfemseeds?igshid=NTc4MTIwNjQ2YQ","https:\/\/www.tumblr.com\/dutchfemseeds"]}]}},"_links":{"self":[{"href":"https:\/\/www.dutchfem.com\/fr\/wp-json\/wp\/v2\/product\/28642","targetHints":{"allow":["GET"]}}],"collection":[{"href":"https:\/\/www.dutchfem.com\/fr\/wp-json\/wp\/v2\/product"}],"about":[{"href":"https:\/\/www.dutchfem.com\/fr\/wp-json\/wp\/v2\/types\/product"}],"replies":[{"embeddable":true,"href":"https:\/\/www.dutchfem.com\/fr\/wp-json\/wp\/v2\/comments?post=28642"}],"wp:featuredmedia":[{"embeddable":true,"href":"https:\/\/www.dutchfem.com\/fr\/wp-json\/wp\/v2\/media\/28654"}],"wp:attachment":[{"href":"https:\/\/www.dutchfem.com\/fr\/wp-json\/wp\/v2\/media?parent=28642"}],"wp:term":[{"taxonomy":"product_brand","embeddable":true,"href":"https:\/\/www.dutchfem.com\/fr\/wp-json\/wp\/v2\/product_brand?post=28642"},{"taxonomy":"product_cat","embeddable":true,"href":"https:\/\/www.dutchfem.com\/fr\/wp-json\/wp\/v2\/product_cat?post=28642"},{"taxonomy":"product_tag","embeddable":true,"href":"https:\/\/www.dutchfem.com\/fr\/wp-json\/wp\/v2\/product_tag?post=28642"}],"curies":[{"name":"wp","href":"https:\/\/api.w.org\/{rel}","templated":true}]}}