{"id":28667,"date":"2024-04-25T17:00:23","date_gmt":"2024-04-25T16:00:24","guid":{"rendered":"https:\/\/www.dutchfem.com\/?post_type=product&#038;p=28667"},"modified":"2025-06-12T17:35:53","modified_gmt":"2025-06-12T15:35:53","slug":"dutchfem-joint-tube-noir","status":"publish","type":"product","link":"https:\/\/www.dutchfem.com\/fr\/acheter\/dutchfem-joint-tube-noir\/","title":{"rendered":"Acrylic Dutchfem Joint Tube Noir"},"content":{"rendered":"<p>Garde tes joints frais et intacts avec les tubes \u00e0 joints Dutchfem<\/p>\n<p>Con\u00e7us dans un souci de commodit\u00e9 et de fonctionnalit\u00e9, nos tubes \u00e0 joints sont un accessoire indispensable pour tout amateur de cannabis.<\/p>\n<p>Con\u00e7us pour pr\u00e9server la qualit\u00e9 de tes joints, nos tubes \u00e0 joints sont dot\u00e9s d&rsquo;une construction durable et herm\u00e9tique, garantissant que ta pr\u00e9cieuse cargaison reste fra\u00eeche et savoureuse jusqu&rsquo;\u00e0 ce que tu sois pr\u00eat \u00e0 t&rsquo;en d\u00e9lecter. Dis adieu aux joints \u00e9cras\u00e9s ou rassis &#8211; nos tubes constituent l&rsquo;enveloppe protectrice parfaite, prot\u00e9geant tes joints des dommages et des \u00e9l\u00e9ments environnementaux.<\/p>\n<p>La commodit\u00e9 est essentielle, c&rsquo;est pourquoi nos tubes de joints sont compacts et l\u00e9gers, et se glissent parfaitement dans ta poche, ton sac \u00e0 main ou ton sac \u00e0 dos. Que tu sois en randonn\u00e9e, \u00e0 un concert ou simplement en d\u00e9placement, ces tubes offrent une portabilit\u00e9 discr\u00e8te et sans probl\u00e8me, te permettant de profiter de tes vari\u00e9t\u00e9s pr\u00e9f\u00e9r\u00e9es n&rsquo;importe quand et n&rsquo;importe o\u00f9.<\/p>\n<p>Mais ce n&rsquo;est pas qu&rsquo;une question de praticit\u00e9 &#8211; nos tubes \u00e0 joints sont \u00e9galement con\u00e7us avec le style \u00e0 l&rsquo;esprit. Disponibles dans une vari\u00e9t\u00e9 de couleurs, il y a un tube pour tous les go\u00fbts et toutes les personnalit\u00e9s. Nos tubes ajoutent une touche de flair \u00e0 ton rituel de fumeur.<\/p>\n<p>Chez Dutchfem Seeds , nous donnons la priorit\u00e9 \u00e0 la qualit\u00e9 avant tout. Nos tubes \u00e0 joints sont fabriqu\u00e9s \u00e0 partir de mat\u00e9riaux recycl\u00e9s de premi\u00e8re qualit\u00e9 qui sont \u00e0 la fois s\u00fbrs et respectueux de l&rsquo;environnement, ce qui garantit une exp\u00e9rience de fumage sup\u00e9rieure tout en \u00e9tant respectueux de la plan\u00e8te. De plus, nos tubes sont r\u00e9utilisables, ce qui en fait un choix durable pour les consommateurs soucieux de l&rsquo;environnement.<\/p>\n<p>Que tu sois un utilisateur r\u00e9cr\u00e9atif ou un patient m\u00e9dical, nos tubes \u00e0 joints sont l&rsquo;accessoire parfait pour stocker et transporter tes joints avec facilit\u00e9 et style. Avec leur conception innovante, leur qualit\u00e9 sup\u00e9rieure et leur commodit\u00e9 imbattable, ces tubes sont un ajout indispensable \u00e0 l&rsquo;arsenal de tout fumeur.<\/p>\n<p><strong>En r\u00e9sum\u00e9, nos tubes \u00e0 joints offrent :<\/strong><\/p>\n<ul>\n<li><strong>Une protection sup\u00e9rieure :<\/strong> Garde tes joints frais et intacts.<\/li>\n<li><strong>Portabilit\u00e9 :<\/strong> Transporte tes joints partout o\u00f9 tu vas.<\/li>\n<li><strong>Style :<\/strong> Choisis parmi une vari\u00e9t\u00e9 de colos pour r\u00e9pondre \u00e0 tes go\u00fbts.<\/li>\n<li><strong>Durabilit\u00e9 :<\/strong> Fabriqu\u00e9 \u00e0 partir de mat\u00e9riaux \u00e9cologiques de premi\u00e8re qualit\u00e9.<\/li>\n<li><strong>R\u00e9utilisation :<\/strong> Une solution durable pour tes besoins en mati\u00e8re de tabagisme.<\/li>\n<\/ul>\n<p>\u00c9l\u00e8ve ton exp\u00e9rience de fumeur avec nos tubes \u00e0 joints &#8211; parce que tes joints m\u00e9ritent ce qu&rsquo;il y a de mieux.<\/p>\n<p style=\"text-align: center;\"><span style=\"color: #ff9900;\"><a style=\"color: #ff9900;\" href=\"https:\/\/www.dutchfem.com\/fr\/les-differences-entre-les-joints-les-blunts-et-les-spliffs\/\" target=\"_blank\" rel=\"noopener\">Les diff\u00e9rences entre les joints, les Blunts et les Spliffs<\/a><\/span><\/p>\n<p style=\"text-align: center;\"><span style=\"color: #ff9900;\"><a style=\"color: #ff9900;\" href=\"https:\/\/www.dutchfem.com\/fr\/pourquoi-decarboxyler-le-cannabis-est-il-important-et-comment-le-faire\/\" target=\"_blank\" rel=\"noopener\">Pourquoi d\u00e9carboxyler le cannabis est-il important et comment le faire ?<\/a><\/span><\/p>\n<p style=\"text-align: center;\"><span style=\"color: #ff9900;\"><a style=\"color: #ff9900;\" href=\"https:\/\/www.dutchfem.com\/fr\/ameliorer-le-gout-du-cannabis\/\" target=\"_blank\" rel=\"noopener\">Am\u00e9liorer le go\u00fbt du cannabis<\/a><\/span><\/p>\n<p style=\"text-align: center;\"><span style=\"color: #ff9900;\"><a style=\"color: #ff9900;\" href=\"https:\/\/www.instagram.com\/p\/C6KXo47qKWb\/\" target=\"_blank\" rel=\"noopener\">Dutchfem Instagram<\/a><\/span><\/p>\n<p style=\"text-align: center;\"><span style=\"color: #ff9900;\"><a style=\"color: #ff9900;\" href=\"https:\/\/www.facebook.com\/Dutchfem\/photos\/pb.100063495100818.-2207520000\/2672717149613551\/?type=3&amp;locale=nl_NL\" target=\"_blank\" rel=\"noopener\">Dutchfem Facebook<\/a><\/span><\/p>\n<p style=\"text-align: center;\"><span style=\"color: #ff9900;\"><a style=\"color: #ff9900;\" href=\"https:\/\/nl.pinterest.com\/pin\/650910952414022573\/\" target=\"_blank\" rel=\"noopener\">Dutchfem Pinterest<\/a><\/span><\/p>\n","protected":false},"excerpt":{"rendered":"<p>Voici notre gamme de tubes \u00e0 joints, la solution ultime pour garder tes joints frais, en s\u00e9curit\u00e9 et discr\u00e8tement portables. Que tu sois un fumeur chevronn\u00e9 ou un consommateur occasionnel, ces tubes \u00e0 joints sont con\u00e7us pour \u00e9lever ton exp\u00e9rience de fumeur vers de nouveaux sommets.<\/p>\n","protected":false},"featured_media":28701,"comment_status":"open","ping_status":"closed","template":"","meta":{"_exactmetrics_skip_tracking":false,"_exactmetrics_sitenote_active":false,"_exactmetrics_sitenote_note":"","_exactmetrics_sitenote_category":0},"product_brand":[],"product_cat":[348],"product_tag":[],"class_list":{"0":"post-28667","1":"product","2":"type-product","3":"status-publish","4":"has-post-thumbnail","6":"product_cat-marchandise","8":"first","9":"instock","10":"taxable","11":"shipping-taxable","12":"purchasable","13":"product-type-simple"},"yoast_head":"<!-- This site is optimized with the Yoast SEO plugin v26.9 - https:\/\/yoast.com\/product\/yoast-seo-wordpress\/ -->\n<title>Achetez Joint Tubes - Exp\u00e9dition rapide et discr\u00e8te! - Dutchfem Les Graines De Cannabis<\/title>\n<meta name=\"description\" content=\"Tubes pour articulations - Que tu sois un utilisateur r\u00e9cr\u00e9atif ou un patient m\u00e9dical, nos tubes pour articulations sont l&#039;accessoire parfait pour stocker et transporter tes articulations.\" \/>\n<meta name=\"robots\" content=\"index, follow, max-snippet:-1, max-image-preview:large, max-video-preview:-1\" \/>\n<link rel=\"canonical\" href=\"https:\/\/www.dutchfem.com\/fr\/acheter\/dutchfem-joint-tube-noir\/\" \/>\n<meta property=\"og:locale\" content=\"fr_FR\" \/>\n<meta property=\"og:type\" content=\"article\" \/>\n<meta property=\"og:title\" content=\"Achetez Joint Tubes - Exp\u00e9dition rapide et discr\u00e8te! - Dutchfem Les Graines De Cannabis\" \/>\n<meta property=\"og:description\" content=\"Tubes pour articulations - Que tu sois un utilisateur r\u00e9cr\u00e9atif ou un patient m\u00e9dical, nos tubes pour articulations sont l&#039;accessoire parfait pour stocker et transporter tes articulations.\" \/>\n<meta property=\"og:url\" content=\"https:\/\/www.dutchfem.com\/fr\/acheter\/dutchfem-joint-tube-noir\/\" \/>\n<meta property=\"og:site_name\" content=\"Dutchfem\" \/>\n<meta property=\"article:publisher\" content=\"https:\/\/www.facebook.com\/Dutchfem\/\" \/>\n<meta property=\"article:modified_time\" content=\"2025-06-12T15:35:53+00:00\" \/>\n<meta property=\"og:image\" content=\"https:\/\/www.dutchfem.com\/wp-content\/uploads\/2024\/04\/joint-tubes-black-e1714069188116.jpeg\" \/>\n\t<meta property=\"og:image:width\" content=\"640\" \/>\n\t<meta property=\"og:image:height\" content=\"640\" \/>\n\t<meta property=\"og:image:type\" content=\"image\/jpeg\" \/>\n<meta name=\"twitter:card\" content=\"summary_large_image\" \/>\n<meta name=\"twitter:site\" content=\"@dutchfem\" \/>\n<meta name=\"twitter:label1\" content=\"Dur\u00e9e de lecture estim\u00e9e\" \/>\n\t<meta name=\"twitter:data1\" content=\"3 minutes\" \/>\n<script type=\"application\/ld+json\" class=\"yoast-schema-graph\">{\"@context\":\"https:\/\/schema.org\",\"@graph\":[{\"@type\":\"WebPage\",\"@id\":\"https:\/\/www.dutchfem.com\/fr\/acheter\/dutchfem-joint-tube-noir\/\",\"url\":\"https:\/\/www.dutchfem.com\/fr\/acheter\/dutchfem-joint-tube-noir\/\",\"name\":\"Achetez Joint Tubes - Exp\u00e9dition rapide et discr\u00e8te! - Dutchfem Les Graines De Cannabis\",\"isPartOf\":{\"@id\":\"https:\/\/www.dutchfem.com\/#website\"},\"primaryImageOfPage\":{\"@id\":\"https:\/\/www.dutchfem.com\/fr\/acheter\/dutchfem-joint-tube-noir\/#primaryimage\"},\"image\":{\"@id\":\"https:\/\/www.dutchfem.com\/fr\/acheter\/dutchfem-joint-tube-noir\/#primaryimage\"},\"thumbnailUrl\":\"https:\/\/www.dutchfem.com\/wp-content\/uploads\/2024\/04\/joint-tubes-black-e1714069188116.jpeg\",\"datePublished\":\"2024-04-25T16:00:24+00:00\",\"dateModified\":\"2025-06-12T15:35:53+00:00\",\"description\":\"Tubes pour articulations - Que tu sois un utilisateur r\u00e9cr\u00e9atif ou un patient m\u00e9dical, nos tubes pour articulations sont l'accessoire parfait pour stocker et transporter tes articulations.\",\"breadcrumb\":{\"@id\":\"https:\/\/www.dutchfem.com\/fr\/acheter\/dutchfem-joint-tube-noir\/#breadcrumb\"},\"inLanguage\":\"fr-FR\",\"potentialAction\":[{\"@type\":\"ReadAction\",\"target\":[\"https:\/\/www.dutchfem.com\/fr\/acheter\/dutchfem-joint-tube-noir\/\"]}]},{\"@type\":\"ImageObject\",\"inLanguage\":\"fr-FR\",\"@id\":\"https:\/\/www.dutchfem.com\/fr\/acheter\/dutchfem-joint-tube-noir\/#primaryimage\",\"url\":\"https:\/\/www.dutchfem.com\/wp-content\/uploads\/2024\/04\/joint-tubes-black-e1714069188116.jpeg\",\"contentUrl\":\"https:\/\/www.dutchfem.com\/wp-content\/uploads\/2024\/04\/joint-tubes-black-e1714069188116.jpeg\",\"width\":640,\"height\":640},{\"@type\":\"BreadcrumbList\",\"@id\":\"https:\/\/www.dutchfem.com\/fr\/acheter\/dutchfem-joint-tube-noir\/#breadcrumb\",\"itemListElement\":[{\"@type\":\"ListItem\",\"position\":1,\"name\":\"Home\",\"item\":\"https:\/\/www.dutchfem.com\/fr\/\"},{\"@type\":\"ListItem\",\"position\":2,\"name\":\"Boutique\",\"item\":\"https:\/\/www.dutchfem.com\/fr\/boutique\/\"},{\"@type\":\"ListItem\",\"position\":3,\"name\":\"Acrylic Dutchfem Joint Tube Noir\"}]},{\"@type\":\"WebSite\",\"@id\":\"https:\/\/www.dutchfem.com\/#website\",\"url\":\"https:\/\/www.dutchfem.com\/\",\"name\":\"Dutchfem\",\"description\":\"Buy Feminized Cannabis Seeds - Autoflowering Seeds - Medical Marijuana Seeds &amp; CBD Oil online\",\"publisher\":{\"@id\":\"https:\/\/www.dutchfem.com\/#organization\"},\"potentialAction\":[{\"@type\":\"SearchAction\",\"target\":{\"@type\":\"EntryPoint\",\"urlTemplate\":\"https:\/\/www.dutchfem.com\/?s={search_term_string}\"},\"query-input\":{\"@type\":\"PropertyValueSpecification\",\"valueRequired\":true,\"valueName\":\"search_term_string\"}}],\"inLanguage\":\"fr-FR\"},{\"@type\":\"Organization\",\"@id\":\"https:\/\/www.dutchfem.com\/#organization\",\"name\":\"Dutchfem Cannabis Seeds\",\"url\":\"https:\/\/www.dutchfem.com\/\",\"logo\":{\"@type\":\"ImageObject\",\"inLanguage\":\"fr-FR\",\"@id\":\"https:\/\/www.dutchfem.com\/#\/schema\/logo\/image\/\",\"url\":\"https:\/\/www.dutchfem.com\/wp-content\/uploads\/2017\/10\/logo_Dutchfem-web.png\",\"contentUrl\":\"https:\/\/www.dutchfem.com\/wp-content\/uploads\/2017\/10\/logo_Dutchfem-web.png\",\"width\":825,\"height\":288,\"caption\":\"Dutchfem Cannabis Seeds\"},\"image\":{\"@id\":\"https:\/\/www.dutchfem.com\/#\/schema\/logo\/image\/\"},\"sameAs\":[\"https:\/\/www.facebook.com\/Dutchfem\/\",\"https:\/\/x.com\/dutchfem\",\"https:\/\/www.instagram.com\/dutchfemseeds\/\",\"https:\/\/www.youtube.com\/@Dutchfem\",\"https:\/\/nl.pinterest.com\/dutchfem\/\",\"https:\/\/bsky.app\/profile\/dutchfem.bsky.social\",\"https:\/\/www.threads.com\/@dutchfemseeds?igshid=NTc4MTIwNjQ2YQ\",\"https:\/\/www.tumblr.com\/dutchfemseeds\"]}]}<\/script>\n<!-- \/ Yoast SEO plugin. -->","yoast_head_json":{"title":"Achetez Joint Tubes - Exp\u00e9dition rapide et discr\u00e8te! - Dutchfem Les Graines De Cannabis","description":"Tubes pour articulations - Que tu sois un utilisateur r\u00e9cr\u00e9atif ou un patient m\u00e9dical, nos tubes pour articulations sont l'accessoire parfait pour stocker et transporter tes articulations.","robots":{"index":"index","follow":"follow","max-snippet":"max-snippet:-1","max-image-preview":"max-image-preview:large","max-video-preview":"max-video-preview:-1"},"canonical":"https:\/\/www.dutchfem.com\/fr\/acheter\/dutchfem-joint-tube-noir\/","og_locale":"fr_FR","og_type":"article","og_title":"Achetez Joint Tubes - Exp\u00e9dition rapide et discr\u00e8te! - Dutchfem Les Graines De Cannabis","og_description":"Tubes pour articulations - Que tu sois un utilisateur r\u00e9cr\u00e9atif ou un patient m\u00e9dical, nos tubes pour articulations sont l'accessoire parfait pour stocker et transporter tes articulations.","og_url":"https:\/\/www.dutchfem.com\/fr\/acheter\/dutchfem-joint-tube-noir\/","og_site_name":"Dutchfem","article_publisher":"https:\/\/www.facebook.com\/Dutchfem\/","article_modified_time":"2025-06-12T15:35:53+00:00","og_image":[{"width":640,"height":640,"url":"https:\/\/www.dutchfem.com\/wp-content\/uploads\/2024\/04\/joint-tubes-black-e1714069188116.jpeg","type":"image\/jpeg"}],"twitter_card":"summary_large_image","twitter_site":"@dutchfem","twitter_misc":{"Dur\u00e9e de lecture estim\u00e9e":"3 minutes"},"schema":{"@context":"https:\/\/schema.org","@graph":[{"@type":"WebPage","@id":"https:\/\/www.dutchfem.com\/fr\/acheter\/dutchfem-joint-tube-noir\/","url":"https:\/\/www.dutchfem.com\/fr\/acheter\/dutchfem-joint-tube-noir\/","name":"Achetez Joint Tubes - Exp\u00e9dition rapide et discr\u00e8te! - Dutchfem Les Graines De Cannabis","isPartOf":{"@id":"https:\/\/www.dutchfem.com\/#website"},"primaryImageOfPage":{"@id":"https:\/\/www.dutchfem.com\/fr\/acheter\/dutchfem-joint-tube-noir\/#primaryimage"},"image":{"@id":"https:\/\/www.dutchfem.com\/fr\/acheter\/dutchfem-joint-tube-noir\/#primaryimage"},"thumbnailUrl":"https:\/\/www.dutchfem.com\/wp-content\/uploads\/2024\/04\/joint-tubes-black-e1714069188116.jpeg","datePublished":"2024-04-25T16:00:24+00:00","dateModified":"2025-06-12T15:35:53+00:00","description":"Tubes pour articulations - Que tu sois un utilisateur r\u00e9cr\u00e9atif ou un patient m\u00e9dical, nos tubes pour articulations sont l'accessoire parfait pour stocker et transporter tes articulations.","breadcrumb":{"@id":"https:\/\/www.dutchfem.com\/fr\/acheter\/dutchfem-joint-tube-noir\/#breadcrumb"},"inLanguage":"fr-FR","potentialAction":[{"@type":"ReadAction","target":["https:\/\/www.dutchfem.com\/fr\/acheter\/dutchfem-joint-tube-noir\/"]}]},{"@type":"ImageObject","inLanguage":"fr-FR","@id":"https:\/\/www.dutchfem.com\/fr\/acheter\/dutchfem-joint-tube-noir\/#primaryimage","url":"https:\/\/www.dutchfem.com\/wp-content\/uploads\/2024\/04\/joint-tubes-black-e1714069188116.jpeg","contentUrl":"https:\/\/www.dutchfem.com\/wp-content\/uploads\/2024\/04\/joint-tubes-black-e1714069188116.jpeg","width":640,"height":640},{"@type":"BreadcrumbList","@id":"https:\/\/www.dutchfem.com\/fr\/acheter\/dutchfem-joint-tube-noir\/#breadcrumb","itemListElement":[{"@type":"ListItem","position":1,"name":"Home","item":"https:\/\/www.dutchfem.com\/fr\/"},{"@type":"ListItem","position":2,"name":"Boutique","item":"https:\/\/www.dutchfem.com\/fr\/boutique\/"},{"@type":"ListItem","position":3,"name":"Acrylic Dutchfem Joint Tube Noir"}]},{"@type":"WebSite","@id":"https:\/\/www.dutchfem.com\/#website","url":"https:\/\/www.dutchfem.com\/","name":"Dutchfem","description":"Buy Feminized Cannabis Seeds - Autoflowering Seeds - Medical Marijuana Seeds &amp; CBD Oil online","publisher":{"@id":"https:\/\/www.dutchfem.com\/#organization"},"potentialAction":[{"@type":"SearchAction","target":{"@type":"EntryPoint","urlTemplate":"https:\/\/www.dutchfem.com\/?s={search_term_string}"},"query-input":{"@type":"PropertyValueSpecification","valueRequired":true,"valueName":"search_term_string"}}],"inLanguage":"fr-FR"},{"@type":"Organization","@id":"https:\/\/www.dutchfem.com\/#organization","name":"Dutchfem Cannabis Seeds","url":"https:\/\/www.dutchfem.com\/","logo":{"@type":"ImageObject","inLanguage":"fr-FR","@id":"https:\/\/www.dutchfem.com\/#\/schema\/logo\/image\/","url":"https:\/\/www.dutchfem.com\/wp-content\/uploads\/2017\/10\/logo_Dutchfem-web.png","contentUrl":"https:\/\/www.dutchfem.com\/wp-content\/uploads\/2017\/10\/logo_Dutchfem-web.png","width":825,"height":288,"caption":"Dutchfem Cannabis Seeds"},"image":{"@id":"https:\/\/www.dutchfem.com\/#\/schema\/logo\/image\/"},"sameAs":["https:\/\/www.facebook.com\/Dutchfem\/","https:\/\/x.com\/dutchfem","https:\/\/www.instagram.com\/dutchfemseeds\/","https:\/\/www.youtube.com\/@Dutchfem","https:\/\/nl.pinterest.com\/dutchfem\/","https:\/\/bsky.app\/profile\/dutchfem.bsky.social","https:\/\/www.threads.com\/@dutchfemseeds?igshid=NTc4MTIwNjQ2YQ","https:\/\/www.tumblr.com\/dutchfemseeds"]}]}},"_links":{"self":[{"href":"https:\/\/www.dutchfem.com\/fr\/wp-json\/wp\/v2\/product\/28667","targetHints":{"allow":["GET"]}}],"collection":[{"href":"https:\/\/www.dutchfem.com\/fr\/wp-json\/wp\/v2\/product"}],"about":[{"href":"https:\/\/www.dutchfem.com\/fr\/wp-json\/wp\/v2\/types\/product"}],"replies":[{"embeddable":true,"href":"https:\/\/www.dutchfem.com\/fr\/wp-json\/wp\/v2\/comments?post=28667"}],"wp:featuredmedia":[{"embeddable":true,"href":"https:\/\/www.dutchfem.com\/fr\/wp-json\/wp\/v2\/media\/28701"}],"wp:attachment":[{"href":"https:\/\/www.dutchfem.com\/fr\/wp-json\/wp\/v2\/media?parent=28667"}],"wp:term":[{"taxonomy":"product_brand","embeddable":true,"href":"https:\/\/www.dutchfem.com\/fr\/wp-json\/wp\/v2\/product_brand?post=28667"},{"taxonomy":"product_cat","embeddable":true,"href":"https:\/\/www.dutchfem.com\/fr\/wp-json\/wp\/v2\/product_cat?post=28667"},{"taxonomy":"product_tag","embeddable":true,"href":"https:\/\/www.dutchfem.com\/fr\/wp-json\/wp\/v2\/product_tag?post=28667"}],"curies":[{"name":"wp","href":"https:\/\/api.w.org\/{rel}","templated":true}]}}