{"id":34567,"date":"2024-12-01T10:41:58","date_gmt":"2024-12-01T09:42:01","guid":{"rendered":"https:\/\/www.dutchfem.com\/?post_type=product&#038;p=34567"},"modified":"2024-12-01T12:40:05","modified_gmt":"2024-12-01T11:40:05","slug":"december-deal-2024","status":"publish","type":"product","link":"https:\/\/www.dutchfem.com\/fr\/acheter\/december-deal-2024\/","title":{"rendered":"December Deal 2024"},"content":{"rendered":"<div class=\"flex-1 overflow-hidden\">\n<div class=\"react-scroll-to-bottom--css-mbbxx-79elbk h-full\">\n<div class=\"react-scroll-to-bottom--css-mbbxx-1n7m0yu\">\n<div class=\"flex flex-col text-sm pb-9\">\n<div class=\"w-full text-token-text-primary\" data-testid=\"conversation-turn-25\">\n<div class=\"px-4 py-2 justify-center text-base md:gap-6 m-auto\">\n<div class=\"flex flex-1 text-base mx-auto gap-3 md:px-5 lg:px-1 xl:px-5 md:max-w-3xl lg:max-w-[40rem] xl:max-w-[48rem] group final-completion\">\n<div class=\"relative flex w-full flex-col agent-turn\">\n<div class=\"flex-col gap-1 md:gap-3\">\n<div class=\"flex flex-grow flex-col max-w-full\">\n<div class=\"min-h-[20px] text-message flex flex-col items-start gap-3 whitespace-pre-wrap break-words [.text-message+&amp;]:mt-5 overflow-x-auto\" data-message-author-role=\"assistant\" data-message-id=\"d58cc605-183a-4c6b-bd65-6799a15bcbcd\">\n<div class=\"markdown prose w-full break-words dark:prose-invert light\"><\/div>\n<\/div>\n<\/div>\n<\/div>\n<\/div>\n<\/div>\n<\/div>\n<\/div>\n<div class=\"w-full text-token-text-primary\" data-testid=\"conversation-turn-25\">\n<div class=\"px-4 py-2 justify-center text-base md:gap-6 m-auto\">\n<div class=\"flex flex-1 text-base mx-auto gap-3 md:px-5 lg:px-1 xl:px-5 md:max-w-3xl lg:max-w-[40rem] xl:max-w-[48rem] group final-completion\">\n<div class=\"relative flex w-full flex-col agent-turn\">\n<div class=\"flex-col gap-1 md:gap-3\">\n<div class=\"flex flex-grow flex-col max-w-full\">\n<div class=\"min-h-[20px] text-message flex flex-col items-start gap-3 whitespace-pre-wrap break-words [.text-message+&amp;]:mt-5 overflow-x-auto\" data-message-author-role=\"assistant\" data-message-id=\"d58cc605-183a-4c6b-bd65-6799a15bcbcd\">\n<div class=\"markdown prose w-full break-words dark:prose-invert light\">\n<h2>December Deal F\u00e9minis\u00e9e 2024<\/h2>\n<h3>Nous terminons l&rsquo;ann\u00e9e avec une nouvelle offre exceptionnelle !<\/h3>\n<p>Un m\u00e9lange de 5 graines de cannabis f\u00e9minis\u00e9es de 5 vari\u00e9t\u00e9s garanties pour apporter des feux d&rsquo;artifice dans votre jardin.<\/p>\n<p>Pour un prix exceptionnel \u00e0 ne pas manquer.<\/p>\n<p>Bien s\u00fbr, vous recevrez \u00e9galement 5 \u00e9tiquettes de plantes pour que vous puissiez \u00e9tiqueter chaque plante, ainsi que les 2 graines bonus et le broyeur gratuits habituels.<\/p>\n<p><strong>1 graine Permanent Marker <\/strong><span style=\"color: #ff9900;\"><a style=\"color: #ff9900;\" href=\"https:\/\/www.dutchfem.com\/buy\/permanent-marker-feminized-cannabis-seeds\/\"><strong>(<\/strong><\/a><strong><a style=\"color: #ff9900;\" href=\"https:\/\/www.dutchfem.com\/buy\/biscotti-vanilla\/\">plus d&rsquo;infos sur la vari\u00e9t\u00e9<\/a>)<\/strong><\/span><\/p>\n<p><strong>1 graine Oreoz (Oreo Cookies) <\/strong><span style=\"color: #ff9900;\"><a style=\"color: #ff9900;\" href=\"https:\/\/www.dutchfem.com\/buy\/oreoz-feminized-cannabis-seeds\/\"><strong>(plus d&rsquo;infos sur la vari\u00e9t\u00e9)<\/strong><\/a><\/span><\/p>\n<p><strong>1 graine Biscotti Vanilla <\/strong><span style=\"color: #ff9900;\"><a style=\"color: #ff9900;\" href=\"https:\/\/www.dutchfem.com\/buy\/biscotti-vanilla\/\"><strong>(plus d&rsquo;infos sur la vari\u00e9t\u00e9)<\/strong><\/a><\/span><\/p>\n<p><strong>1 graine Mimosa Cherry Kush <\/strong><span style=\"color: #ff9900;\"><a style=\"color: #ff9900;\" href=\"https:\/\/www.dutchfem.com\/buy\/mimosa-cherry-kush\/\"><strong>(plus d&rsquo;infos sur la vari\u00e9t\u00e9)<\/strong><\/a><\/span><\/p>\n<p><strong>1 graine Watermelon Zkittlez <\/strong><span style=\"color: #ff9900;\"><a style=\"color: #ff9900;\" href=\"https:\/\/www.dutchfem.com\/buy\/watermelon-zkittlez-feminized-cannabis-seeds\/\"><strong>(plus d&rsquo;infos sur la vari\u00e9t\u00e9)<\/strong><\/a><\/span><\/p>\n<p>Cette offre n&rsquo;est valable que pour le mois de d\u00e9cembre 2024, alors soyez rapide et ne manquez pas cette opportunit\u00e9.<\/p>\n<p>&nbsp;<\/p>\n<\/div>\n<\/div>\n<\/div>\n<\/div>\n<\/div>\n<\/div>\n<\/div>\n<\/div>\n<\/div>\n<\/div>\n<\/div>\n<\/div>\n<p style=\"text-align: center;\"><span style=\"color: #ff9900;\"><a style=\"color: #ff9900;\" href=\"https:\/\/www.youtube.com\/@dutchfem\" target=\"_blank\" rel=\"noopener\">Dutchfem YouTube<\/a><\/span><\/p>\n<p style=\"text-align: center;\"><span style=\"color: #ff9900;\"><a style=\"color: #ff9900;\" href=\"https:\/\/www.instagram.com\/dutchfemseeds\/\" target=\"_blank\" rel=\"noopener\">Dutchfem Instagram<\/a><\/span><\/p>\n<p style=\"text-align: center;\"><span style=\"color: #ff9900;\"><a style=\"color: #ff9900;\" href=\"https:\/\/www.facebook.com\/Dutchfem\/\" target=\"_blank\" rel=\"noopener\">Dutchfem Facebook<\/a><\/span><\/p>\n<p style=\"text-align: center;\"><span style=\"color: #ff9900;\"><a style=\"color: #ff9900;\" href=\"\/?p=21080\" target=\"_blank\" rel=\"noopener\">The Advantages of growing Feminized Cannabis Seeds<\/a><\/span><\/p>\n<p style=\"text-align: center;\"><span style=\"color: #ff9900;\"><a style=\"color: #ff9900;\" href=\"https:\/\/www.dutchfem.com\/differences-between-feminized-and-regular-cannabis-seeds\/\" target=\"_blank\" rel=\"noopener\">Differences Between Feminized and Regular Cannabis Seeds<\/a><\/span><\/p>\n<p style=\"text-align: center;\"><span style=\"color: #ff9900;\"><a style=\"color: #ff9900;\" href=\"https:\/\/www.dutchfem.com\/turning-cannabis-seedlings-into-thriving-happy-plants\/\" target=\"_blank\" rel=\"noopener\">Turning cannabis seedlings into thriving healthy plants!<\/a><\/span><\/p>\n","protected":false},"excerpt":{"rendered":"<p>F\u00e9minis\u00e9e MIX<br \/>\nProfitez de la g\u00e9n\u00e9tique exclusive des graines de cannabis f\u00e9minis\u00e9es de DutchFem avec un m\u00e9lange de 5 vari\u00e9t\u00e9s Top pour une offre exceptionnelle qui vous permettra de terminer l&rsquo;ann\u00e9e en beaut\u00e9.<\/p>\n","protected":false},"featured_media":34609,"comment_status":"open","ping_status":"closed","template":"","meta":{"_exactmetrics_skip_tracking":false,"_exactmetrics_sitenote_active":false,"_exactmetrics_sitenote_note":"","_exactmetrics_sitenote_category":0},"product_brand":[],"product_cat":[],"product_tag":[],"class_list":{"0":"post-34567","1":"product","2":"type-product","3":"status-publish","4":"has-post-thumbnail","7":"first","8":"instock","9":"taxable","10":"shipping-taxable","11":"purchasable","12":"product-type-variable","13":"has-default-attributes"},"yoast_head":"<!-- This site is optimized with the Yoast SEO plugin v26.9 - https:\/\/yoast.com\/product\/yoast-seo-wordpress\/ -->\n<title>December Deal 2024 - Dutchfem<\/title>\n<meta name=\"description\" content=\"Profitez de la g\u00e9n\u00e9tique exclusive des graines de cannabis f\u00e9minis\u00e9es de DutchFem avec un m\u00e9lange de 5 vari\u00e9t\u00e9s Top pour une offre exceptionnelle qui vous permettra de terminer l&#039;ann\u00e9e en beaut\u00e9.\" \/>\n<meta name=\"robots\" content=\"index, follow, max-snippet:-1, max-image-preview:large, max-video-preview:-1\" \/>\n<link rel=\"canonical\" href=\"https:\/\/www.dutchfem.com\/fr\/acheter\/december-deal-2024\/\" \/>\n<meta property=\"og:locale\" content=\"fr_FR\" \/>\n<meta property=\"og:type\" content=\"article\" \/>\n<meta property=\"og:title\" content=\"December Deal 2024 - Dutchfem\" \/>\n<meta property=\"og:description\" content=\"Profitez de la g\u00e9n\u00e9tique exclusive des graines de cannabis f\u00e9minis\u00e9es de DutchFem avec un m\u00e9lange de 5 vari\u00e9t\u00e9s Top pour une offre exceptionnelle qui vous permettra de terminer l&#039;ann\u00e9e en beaut\u00e9.\" \/>\n<meta property=\"og:url\" content=\"https:\/\/www.dutchfem.com\/fr\/acheter\/december-deal-2024\/\" \/>\n<meta property=\"og:site_name\" content=\"Dutchfem\" \/>\n<meta property=\"article:publisher\" content=\"https:\/\/www.facebook.com\/Dutchfem\/\" \/>\n<meta property=\"article:modified_time\" content=\"2024-12-01T11:40:05+00:00\" \/>\n<meta property=\"og:image\" content=\"https:\/\/www.dutchfem.com\/wp-content\/uploads\/2024\/12\/December-Deal-2024-feminized-e1733048491688.jpeg\" \/>\n\t<meta property=\"og:image:width\" content=\"640\" \/>\n\t<meta property=\"og:image:height\" content=\"640\" \/>\n\t<meta property=\"og:image:type\" content=\"image\/jpeg\" \/>\n<meta name=\"twitter:card\" content=\"summary_large_image\" \/>\n<meta name=\"twitter:site\" content=\"@dutchfem\" \/>\n<meta name=\"twitter:label1\" content=\"Dur\u00e9e de lecture estim\u00e9e\" \/>\n\t<meta name=\"twitter:data1\" content=\"1 minute\" \/>\n<script type=\"application\/ld+json\" class=\"yoast-schema-graph\">{\"@context\":\"https:\/\/schema.org\",\"@graph\":[{\"@type\":\"WebPage\",\"@id\":\"https:\/\/www.dutchfem.com\/fr\/acheter\/december-deal-2024\/\",\"url\":\"https:\/\/www.dutchfem.com\/fr\/acheter\/december-deal-2024\/\",\"name\":\"December Deal 2024 - Dutchfem\",\"isPartOf\":{\"@id\":\"https:\/\/www.dutchfem.com\/#website\"},\"primaryImageOfPage\":{\"@id\":\"https:\/\/www.dutchfem.com\/fr\/acheter\/december-deal-2024\/#primaryimage\"},\"image\":{\"@id\":\"https:\/\/www.dutchfem.com\/fr\/acheter\/december-deal-2024\/#primaryimage\"},\"thumbnailUrl\":\"https:\/\/www.dutchfem.com\/wp-content\/uploads\/2024\/12\/December-Deal-2024-feminized-e1733048491688.jpeg\",\"datePublished\":\"2024-12-01T09:42:01+00:00\",\"dateModified\":\"2024-12-01T11:40:05+00:00\",\"description\":\"Profitez de la g\u00e9n\u00e9tique exclusive des graines de cannabis f\u00e9minis\u00e9es de DutchFem avec un m\u00e9lange de 5 vari\u00e9t\u00e9s Top pour une offre exceptionnelle qui vous permettra de terminer l'ann\u00e9e en beaut\u00e9.\",\"breadcrumb\":{\"@id\":\"https:\/\/www.dutchfem.com\/fr\/acheter\/december-deal-2024\/#breadcrumb\"},\"inLanguage\":\"fr-FR\",\"potentialAction\":[{\"@type\":\"ReadAction\",\"target\":[\"https:\/\/www.dutchfem.com\/fr\/acheter\/december-deal-2024\/\"]}]},{\"@type\":\"ImageObject\",\"inLanguage\":\"fr-FR\",\"@id\":\"https:\/\/www.dutchfem.com\/fr\/acheter\/december-deal-2024\/#primaryimage\",\"url\":\"https:\/\/www.dutchfem.com\/wp-content\/uploads\/2024\/12\/December-Deal-2024-feminized-e1733048491688.jpeg\",\"contentUrl\":\"https:\/\/www.dutchfem.com\/wp-content\/uploads\/2024\/12\/December-Deal-2024-feminized-e1733048491688.jpeg\",\"width\":640,\"height\":640},{\"@type\":\"BreadcrumbList\",\"@id\":\"https:\/\/www.dutchfem.com\/fr\/acheter\/december-deal-2024\/#breadcrumb\",\"itemListElement\":[{\"@type\":\"ListItem\",\"position\":1,\"name\":\"Home\",\"item\":\"https:\/\/www.dutchfem.com\/fr\/\"},{\"@type\":\"ListItem\",\"position\":2,\"name\":\"Boutique\",\"item\":\"https:\/\/www.dutchfem.com\/fr\/boutique\/\"},{\"@type\":\"ListItem\",\"position\":3,\"name\":\"December Deal 2024\"}]},{\"@type\":\"WebSite\",\"@id\":\"https:\/\/www.dutchfem.com\/#website\",\"url\":\"https:\/\/www.dutchfem.com\/\",\"name\":\"Dutchfem\",\"description\":\"Buy Feminized Cannabis Seeds - Autoflowering Seeds - Medical Marijuana Seeds &amp; CBD Oil online\",\"publisher\":{\"@id\":\"https:\/\/www.dutchfem.com\/#organization\"},\"potentialAction\":[{\"@type\":\"SearchAction\",\"target\":{\"@type\":\"EntryPoint\",\"urlTemplate\":\"https:\/\/www.dutchfem.com\/?s={search_term_string}\"},\"query-input\":{\"@type\":\"PropertyValueSpecification\",\"valueRequired\":true,\"valueName\":\"search_term_string\"}}],\"inLanguage\":\"fr-FR\"},{\"@type\":\"Organization\",\"@id\":\"https:\/\/www.dutchfem.com\/#organization\",\"name\":\"Dutchfem Cannabis Seeds\",\"url\":\"https:\/\/www.dutchfem.com\/\",\"logo\":{\"@type\":\"ImageObject\",\"inLanguage\":\"fr-FR\",\"@id\":\"https:\/\/www.dutchfem.com\/#\/schema\/logo\/image\/\",\"url\":\"https:\/\/www.dutchfem.com\/wp-content\/uploads\/2017\/10\/logo_Dutchfem-web.png\",\"contentUrl\":\"https:\/\/www.dutchfem.com\/wp-content\/uploads\/2017\/10\/logo_Dutchfem-web.png\",\"width\":825,\"height\":288,\"caption\":\"Dutchfem Cannabis Seeds\"},\"image\":{\"@id\":\"https:\/\/www.dutchfem.com\/#\/schema\/logo\/image\/\"},\"sameAs\":[\"https:\/\/www.facebook.com\/Dutchfem\/\",\"https:\/\/x.com\/dutchfem\",\"https:\/\/www.instagram.com\/dutchfemseeds\/\",\"https:\/\/www.youtube.com\/@Dutchfem\",\"https:\/\/nl.pinterest.com\/dutchfem\/\",\"https:\/\/bsky.app\/profile\/dutchfem.bsky.social\",\"https:\/\/www.threads.com\/@dutchfemseeds?igshid=NTc4MTIwNjQ2YQ\",\"https:\/\/www.tumblr.com\/dutchfemseeds\"]}]}<\/script>\n<!-- \/ Yoast SEO plugin. -->","yoast_head_json":{"title":"December Deal 2024 - Dutchfem","description":"Profitez de la g\u00e9n\u00e9tique exclusive des graines de cannabis f\u00e9minis\u00e9es de DutchFem avec un m\u00e9lange de 5 vari\u00e9t\u00e9s Top pour une offre exceptionnelle qui vous permettra de terminer l'ann\u00e9e en beaut\u00e9.","robots":{"index":"index","follow":"follow","max-snippet":"max-snippet:-1","max-image-preview":"max-image-preview:large","max-video-preview":"max-video-preview:-1"},"canonical":"https:\/\/www.dutchfem.com\/fr\/acheter\/december-deal-2024\/","og_locale":"fr_FR","og_type":"article","og_title":"December Deal 2024 - Dutchfem","og_description":"Profitez de la g\u00e9n\u00e9tique exclusive des graines de cannabis f\u00e9minis\u00e9es de DutchFem avec un m\u00e9lange de 5 vari\u00e9t\u00e9s Top pour une offre exceptionnelle qui vous permettra de terminer l'ann\u00e9e en beaut\u00e9.","og_url":"https:\/\/www.dutchfem.com\/fr\/acheter\/december-deal-2024\/","og_site_name":"Dutchfem","article_publisher":"https:\/\/www.facebook.com\/Dutchfem\/","article_modified_time":"2024-12-01T11:40:05+00:00","og_image":[{"width":640,"height":640,"url":"https:\/\/www.dutchfem.com\/wp-content\/uploads\/2024\/12\/December-Deal-2024-feminized-e1733048491688.jpeg","type":"image\/jpeg"}],"twitter_card":"summary_large_image","twitter_site":"@dutchfem","twitter_misc":{"Dur\u00e9e de lecture estim\u00e9e":"1 minute"},"schema":{"@context":"https:\/\/schema.org","@graph":[{"@type":"WebPage","@id":"https:\/\/www.dutchfem.com\/fr\/acheter\/december-deal-2024\/","url":"https:\/\/www.dutchfem.com\/fr\/acheter\/december-deal-2024\/","name":"December Deal 2024 - Dutchfem","isPartOf":{"@id":"https:\/\/www.dutchfem.com\/#website"},"primaryImageOfPage":{"@id":"https:\/\/www.dutchfem.com\/fr\/acheter\/december-deal-2024\/#primaryimage"},"image":{"@id":"https:\/\/www.dutchfem.com\/fr\/acheter\/december-deal-2024\/#primaryimage"},"thumbnailUrl":"https:\/\/www.dutchfem.com\/wp-content\/uploads\/2024\/12\/December-Deal-2024-feminized-e1733048491688.jpeg","datePublished":"2024-12-01T09:42:01+00:00","dateModified":"2024-12-01T11:40:05+00:00","description":"Profitez de la g\u00e9n\u00e9tique exclusive des graines de cannabis f\u00e9minis\u00e9es de DutchFem avec un m\u00e9lange de 5 vari\u00e9t\u00e9s Top pour une offre exceptionnelle qui vous permettra de terminer l'ann\u00e9e en beaut\u00e9.","breadcrumb":{"@id":"https:\/\/www.dutchfem.com\/fr\/acheter\/december-deal-2024\/#breadcrumb"},"inLanguage":"fr-FR","potentialAction":[{"@type":"ReadAction","target":["https:\/\/www.dutchfem.com\/fr\/acheter\/december-deal-2024\/"]}]},{"@type":"ImageObject","inLanguage":"fr-FR","@id":"https:\/\/www.dutchfem.com\/fr\/acheter\/december-deal-2024\/#primaryimage","url":"https:\/\/www.dutchfem.com\/wp-content\/uploads\/2024\/12\/December-Deal-2024-feminized-e1733048491688.jpeg","contentUrl":"https:\/\/www.dutchfem.com\/wp-content\/uploads\/2024\/12\/December-Deal-2024-feminized-e1733048491688.jpeg","width":640,"height":640},{"@type":"BreadcrumbList","@id":"https:\/\/www.dutchfem.com\/fr\/acheter\/december-deal-2024\/#breadcrumb","itemListElement":[{"@type":"ListItem","position":1,"name":"Home","item":"https:\/\/www.dutchfem.com\/fr\/"},{"@type":"ListItem","position":2,"name":"Boutique","item":"https:\/\/www.dutchfem.com\/fr\/boutique\/"},{"@type":"ListItem","position":3,"name":"December Deal 2024"}]},{"@type":"WebSite","@id":"https:\/\/www.dutchfem.com\/#website","url":"https:\/\/www.dutchfem.com\/","name":"Dutchfem","description":"Buy Feminized Cannabis Seeds - Autoflowering Seeds - Medical Marijuana Seeds &amp; CBD Oil online","publisher":{"@id":"https:\/\/www.dutchfem.com\/#organization"},"potentialAction":[{"@type":"SearchAction","target":{"@type":"EntryPoint","urlTemplate":"https:\/\/www.dutchfem.com\/?s={search_term_string}"},"query-input":{"@type":"PropertyValueSpecification","valueRequired":true,"valueName":"search_term_string"}}],"inLanguage":"fr-FR"},{"@type":"Organization","@id":"https:\/\/www.dutchfem.com\/#organization","name":"Dutchfem Cannabis Seeds","url":"https:\/\/www.dutchfem.com\/","logo":{"@type":"ImageObject","inLanguage":"fr-FR","@id":"https:\/\/www.dutchfem.com\/#\/schema\/logo\/image\/","url":"https:\/\/www.dutchfem.com\/wp-content\/uploads\/2017\/10\/logo_Dutchfem-web.png","contentUrl":"https:\/\/www.dutchfem.com\/wp-content\/uploads\/2017\/10\/logo_Dutchfem-web.png","width":825,"height":288,"caption":"Dutchfem Cannabis Seeds"},"image":{"@id":"https:\/\/www.dutchfem.com\/#\/schema\/logo\/image\/"},"sameAs":["https:\/\/www.facebook.com\/Dutchfem\/","https:\/\/x.com\/dutchfem","https:\/\/www.instagram.com\/dutchfemseeds\/","https:\/\/www.youtube.com\/@Dutchfem","https:\/\/nl.pinterest.com\/dutchfem\/","https:\/\/bsky.app\/profile\/dutchfem.bsky.social","https:\/\/www.threads.com\/@dutchfemseeds?igshid=NTc4MTIwNjQ2YQ","https:\/\/www.tumblr.com\/dutchfemseeds"]}]}},"_links":{"self":[{"href":"https:\/\/www.dutchfem.com\/fr\/wp-json\/wp\/v2\/product\/34567","targetHints":{"allow":["GET"]}}],"collection":[{"href":"https:\/\/www.dutchfem.com\/fr\/wp-json\/wp\/v2\/product"}],"about":[{"href":"https:\/\/www.dutchfem.com\/fr\/wp-json\/wp\/v2\/types\/product"}],"replies":[{"embeddable":true,"href":"https:\/\/www.dutchfem.com\/fr\/wp-json\/wp\/v2\/comments?post=34567"}],"wp:featuredmedia":[{"embeddable":true,"href":"https:\/\/www.dutchfem.com\/fr\/wp-json\/wp\/v2\/media\/34609"}],"wp:attachment":[{"href":"https:\/\/www.dutchfem.com\/fr\/wp-json\/wp\/v2\/media?parent=34567"}],"wp:term":[{"taxonomy":"product_brand","embeddable":true,"href":"https:\/\/www.dutchfem.com\/fr\/wp-json\/wp\/v2\/product_brand?post=34567"},{"taxonomy":"product_cat","embeddable":true,"href":"https:\/\/www.dutchfem.com\/fr\/wp-json\/wp\/v2\/product_cat?post=34567"},{"taxonomy":"product_tag","embeddable":true,"href":"https:\/\/www.dutchfem.com\/fr\/wp-json\/wp\/v2\/product_tag?post=34567"}],"curies":[{"name":"wp","href":"https:\/\/api.w.org\/{rel}","templated":true}]}}