{"id":36710,"date":"2025-03-04T12:21:06","date_gmt":"2025-03-13T15:36:49","guid":{"rendered":"https:\/\/www.dutchfem.com\/?post_type=product&#038;p=36710"},"modified":"2025-07-17T16:51:10","modified_gmt":"2025-07-17T14:51:10","slug":"purple-power-punch-autoflower","status":"publish","type":"product","link":"https:\/\/www.dutchfem.com\/fr\/acheter\/purple-power-punch-autoflower\/","title":{"rendered":"Purple Power Punch Autoflower"},"content":{"rendered":"<h2><strong>Purple Power Punch Autoflower<\/strong><\/h2>\n<p>Si tu cherches une vari\u00e9t\u00e9 de cannabis \u00e0 autofloraison qui combine des effets puissants, des couleurs violettes \u00e9tonnantes et une nature facile \u00e0 cultiver, alors Purple Power Punch Autoflower est ton partenaire id\u00e9al. \u00c9galement connue sous le nom de Purple K.O. Autoflower, cette incroyable vari\u00e9t\u00e9 a \u00e9t\u00e9 soigneusement s\u00e9lectionn\u00e9e par Dutchfem Seeds, en m\u00e9langeant deux vari\u00e9t\u00e9s violettes l\u00e9gendaires : Purple Power Haze et Purple Punch Autoflowering. Le r\u00e9sultat ? Une plante r\u00e9sistante \u00e0 croissance rapide, tr\u00e8s puissante, aux saveurs fruit\u00e9es et \u00e0 l&rsquo;apparence absolument fascinante.<\/p>\n<h3><strong>G\u00e9n\u00e9tique &#8211; Le meilleur de deux l\u00e9gendes violettes<\/strong><\/h3>\n<p>Dutchfem a cr\u00e9\u00e9 Purple Power Punch Autoflower en croisant Purple Power Haze avec Purple Punch Autoflowering. Cette combinaison g\u00e9n\u00e9tique unique r\u00e9unit :<\/p>\n<ul>\n<li>Purple Power Haze : une sativa robuste et \u00e9nergique aux effets c\u00e9r\u00e9braux stimulants et \u00e0 l&rsquo;excellente r\u00e9sistance en ext\u00e9rieur.<\/li>\n<li>Purple Punch Autoflowering : une indica douce et puissante aux teintes pourpres profondes et \u00e0 l&rsquo;effet relaxant.<\/li>\n<\/ul>\n<p>Ce m\u00e9lange produit une autofloraison \u00e0 dominance indica qui offre le meilleur des deux mondes : un high puissant mais \u00e9quilibr\u00e9, un profil terp\u00e9nique riche et une croissance sans effort.<\/p>\n<h3><strong>Effets : un high puissant et euphorisant<\/strong><\/h3>\n<p>Purple Power Punch Autoflower est connue pour son high puissant mais agr\u00e9able. Attends-toi \u00e0 une forte pouss\u00e9e euphorique du c\u00f4t\u00e9 sativa de la g\u00e9n\u00e9tique, suivie d&rsquo;une profonde relaxation qui fait fondre le corps gr\u00e2ce \u00e0 sa dominance indica.<\/p>\n<ul>\n<li>D&rsquo;abord, tu ressentiras une explosion d&rsquo;\u00e9nergie c\u00e9r\u00e9brale, qui te rendra heureux, exalt\u00e9 et cr\u00e9atif.<\/li>\n<li>Au fur et \u00e0 mesure que le high progresse, les effets indica prennent le dessus, enveloppant ton corps d&rsquo;un calme apaisant et anti-stress.<\/li>\n<li>Parfaite pour une utilisation en soir\u00e9e, cette vari\u00e9t\u00e9 est id\u00e9ale pour se d\u00e9tendre, regarder des films ou simplement s&rsquo;immerger dans un \u00e9tat de confort et de d\u00e9tente.<\/li>\n<\/ul>\n<p>Avec ses niveaux \u00e9lev\u00e9s de THC (environ 20-23 %), cette vari\u00e9t\u00e9 n&rsquo;est pas seulement destin\u00e9e aux d\u00e9butants, elle a du punch !<\/p>\n<h3><strong>Saveur et ar\u00f4me &#8211; Fruit\u00e9, sucr\u00e9 et profond\u00e9ment satisfaisant<\/strong><\/h3>\n<p>Le profil terp\u00e9nique de la Purple Power Punch Autoflower est un vrai d\u00e9lice. Gr\u00e2ce \u00e0 sa lign\u00e9e Purple Punch, cette vari\u00e9t\u00e9 offre des saveurs douces, fruit\u00e9es et de baies avec des notes de raisin, de myrtille et de bonbon tropical. Sous la douceur, l&rsquo;influence de la Purple Power Haze ajoute un l\u00e9ger zeste d&rsquo;agrumes et des nuances terreuses, rendant chaque bouff\u00e9e douce et satisfaisante.<\/p>\n<p>Attends-toi \u00e0 un ar\u00f4me puissant lors de la culture de cette vari\u00e9t\u00e9 : riche, fruit\u00e9 et l\u00e9g\u00e8rement skunky, il emplira la pi\u00e8ce de senteurs all\u00e9chantes.<\/p>\n<h3><strong>Cultiver Purple Power Punch Autoflower \u2013 Facile, rapide et magnifique<\/strong><\/h3>\n<p>L&rsquo;un des plus grands avantages de <b>Purple Power Punch Autoflower<\/b> est sa <b>facilit\u00e9 de culture<\/b>. Que tu sois d\u00e9butant ou cultivateur exp\u00e9riment\u00e9, cette vari\u00e9t\u00e9 donne des <b>r\u00e9sultats fantastiques<\/b> avec un minimum d&rsquo;efforts.<\/p>\n<ul>\n<li><b>G\u00e9n\u00e9tique autofloraison<\/b> : pas besoin de modifier les cycles de lumi\u00e8re, elle fleurit automatiquement.<\/li>\n<li><b>Croissance rapide<\/b> : pr\u00eate \u00e0 \u00eatre r\u00e9colt\u00e9e en seulement <b>9 \u00e0 10 semaines \u00e0 partir de la graine<\/b>.<\/li>\n<li><b>Compacte et maniable<\/b> : elle atteint une hauteur de <b>70 \u00e0 110 cm<\/b>, ce qui la rend parfaite pour les petits espaces.<\/li>\n<li><b>R\u00e9sistante et robuste<\/b> : elle supporte bien les climats plus froids, ce qui en fait un excellent choix pour les cultivateurs en ext\u00e9rieur.<\/li>\n<li><b>Haut potentiel de rendement<\/b> : produit <b>450-550 g\/m\u00b2 en int\u00e9rieur<\/b> et <b>jusqu&rsquo;\u00e0 150 g par plante en ext\u00e9rieur<\/b>.<\/li>\n<\/ul>\n<p>La caract\u00e9ristique la plus frappante de cette vari\u00e9t\u00e9 est sa coloration pourpre fonc\u00e9. \u00c0 mesure que la plante m\u00fbrit, ses bourgeons et ses feuilles d\u00e9veloppent de magnifiques nuances de violet et de lavande, ce qui en fait l&rsquo;une des vari\u00e9t\u00e9s les plus impressionnantes visuellement dans n&rsquo;importe quelle culture.<\/p>\n<h3><strong>Qui devrait cultiver Purple Power Punch Autoflower ?<\/strong><\/h3>\n<p>Cette vari\u00e9t\u00e9 est id\u00e9ale pour :<\/p>\n<ul>\n<li>Les <b>cultivateurs en int\u00e9rieur et en ext\u00e9rieur<\/b> \u00e0 la recherche d&rsquo;une plante facile, rapide et \u00e0 haut rendement.<\/li>\n<li>Les <b>amateurs de vari\u00e9t\u00e9s violettes<\/b> qui aiment les couleurs uniques et les effets puissants.<\/li>\n<li>Les <b>amateurs d&rsquo;autofloraison<\/b> qui veulent une culture <b>n\u00e9cessitant peu d&rsquo;entretien<\/b> mais tr\u00e8s gratifiante.<\/li>\n<li>Les <b>consommateurs r\u00e9cr\u00e9atifs<\/b> \u00e0 la recherche d&rsquo;un <b>high puissant, relaxant et euphorique<\/b>.<\/li>\n<li>Les <b>consommateurs m\u00e9dicaux<\/b> cherchant \u00e0 soulager le <b>stress, la douleur et l&rsquo;insomnie<\/b>.<\/li>\n<\/ul>\n<h3><strong>Conclusion &#8211; Une Purple Knockout que tu vas adorer<\/strong><\/h3>\n<p>Purple Power Punch Autoflower (Purple K.O. Autoflower) est une vari\u00e9t\u00e9 autofloraison \u00e9tonnante, \u00e0 forte teneur en THC, qui procure des effets assommants, de d\u00e9licieuses saveurs fruit\u00e9es et des t\u00eates violettes \u00e0 couper le souffle. Elle est facile \u00e0 cultiver, fleurit rapidement et est parfaite pour tous ceux qui aiment le cannabis puissant et visuellement saisissant. Que tu sois cultivateur, fumeur ou les deux, cette vari\u00e9t\u00e9 est \u00e0 essayer absolument !<\/p>\n<p style=\"text-align: center;\"><a href=\"https:\/\/www.dutchfem.com\/fr\/cultiver-des-plantes-de-cannabis-a-autofloraison\/\"><span style=\"color: #ff9900;\">Cultiver des plants de cannabis autofloraison<\/span><\/a><\/p>\n<p style=\"text-align: center;\"><span style=\"color: #ff9900;\"><a style=\"color: #ff9900;\" href=\"https:\/\/www.dutchfem.com\/fr\/meilleur-sol-pour-cultiver-des-graines-de-cannabis-a-autofloraison\/\">Le meilleur sol pour cultiver des graines de cannabis \u00e0 autofloraison<\/a><\/span><\/p>\n<p style=\"text-align: center;\"><span style=\"color: #ff9900;\"><a style=\"color: #ff9900;\" href=\"https:\/\/www.dutchfem.com\/fr\/transformez-les-plants-de-cannabis-en-plantes-saines-et-prosperes\/\">Transformer des semis de cannabis en plantes saines et vigoureuses !<\/a><\/span><\/p>\n<p style=\"text-align: center;\"><span style=\"color: #ff9900;\"><a style=\"color: #ff9900;\" href=\"https:\/\/www.youtube.com\/@dutchfem\">Dutchfem YouTube<\/a><\/span><\/p>\n<p style=\"text-align: center;\"><span style=\"color: #ff9900;\"><a style=\"color: #ff9900;\" href=\"https:\/\/www.instagram.com\/dutchfemseeds\/\">Dutchfem Instagram<\/a><\/span><\/p>\n<p style=\"text-align: center;\"><span style=\"color: #ff9900;\"><a style=\"color: #ff9900;\" href=\"https:\/\/www.facebook.com\/Dutchfem\/\">Dutchfem Facebook<\/a><\/span><\/p>\n<p style=\"text-align: center;\">\n","protected":false},"excerpt":{"rendered":"<p>Purple Power Punch Autoflower \u2013 Une puissance renversante, des couleurs violettes \u00e9poustouflantes ! Purple Power Punch Autoflower (alias Purple K.O. Autoflower) est une vari\u00e9t\u00e9 autoflorissante \u00e9poustouflante, \u00e0 forte teneur en THC, qui procure des effets renversants, de d\u00e9licieuses saveurs fruit\u00e9es et des t\u00eates violettes \u00e0 couper le souffle.<\/p>\n","protected":false},"featured_media":38984,"comment_status":"open","ping_status":"closed","template":"","meta":{"_exactmetrics_skip_tracking":false,"_exactmetrics_sitenote_active":false,"_exactmetrics_sitenote_note":"","_exactmetrics_sitenote_category":0},"product_brand":[],"product_cat":[100],"product_tag":[2816,2817,3517,3518,5242,5243,3512],"class_list":{"0":"post-36710","1":"product","2":"type-product","3":"status-publish","4":"has-post-thumbnail","6":"product_cat-graines-de-cannabis-autofloraison","7":"product_tag-autofloraison","8":"product_tag-autoflowering-fr","9":"product_tag-cannabis-fr","10":"product_tag-graines","11":"product_tag-power-fr","12":"product_tag-punch-fr","13":"product_tag-purple-fr","15":"first","16":"instock","17":"taxable","18":"shipping-taxable","19":"purchasable","20":"product-type-variable","21":"has-default-attributes"},"yoast_head":"<!-- This site is optimized with the Yoast SEO plugin v26.9 - https:\/\/yoast.com\/product\/yoast-seo-wordpress\/ -->\n<title>purple power punch autoflower seeds - buy Dutchfem Seeds online<\/title>\n<meta name=\"description\" content=\"Purple Power Punch Autoflower est une vari\u00e9t\u00e9 autoflorissante \u00e9poustouflante, \u00e0 forte teneur en THC, qui procure des effets renversants, des saveurs fruit\u00e9es et des t\u00eates violettes \u00e0 couper le souffle\" \/>\n<meta name=\"robots\" content=\"index, follow, max-snippet:-1, max-image-preview:large, max-video-preview:-1\" \/>\n<link rel=\"canonical\" href=\"https:\/\/www.dutchfem.com\/fr\/acheter\/purple-power-punch-autoflower\/\" \/>\n<meta property=\"og:locale\" content=\"fr_FR\" \/>\n<meta property=\"og:type\" content=\"article\" \/>\n<meta property=\"og:title\" content=\"purple power punch autoflower seeds - buy Dutchfem Seeds online\" \/>\n<meta property=\"og:description\" content=\"Purple Power Punch Autoflower est une vari\u00e9t\u00e9 autoflorissante \u00e9poustouflante, \u00e0 forte teneur en THC, qui procure des effets renversants, des saveurs fruit\u00e9es et des t\u00eates violettes \u00e0 couper le souffle\" \/>\n<meta property=\"og:url\" content=\"https:\/\/www.dutchfem.com\/fr\/acheter\/purple-power-punch-autoflower\/\" \/>\n<meta property=\"og:site_name\" content=\"Dutchfem\" \/>\n<meta property=\"article:publisher\" content=\"https:\/\/www.facebook.com\/Dutchfem\/\" \/>\n<meta property=\"article:modified_time\" content=\"2025-07-17T14:51:10+00:00\" \/>\n<meta property=\"og:image\" content=\"https:\/\/www.dutchfem.com\/wp-content\/uploads\/2025\/05\/purple-power-punch-auto-scaled-e1746879663276.jpeg\" \/>\n\t<meta property=\"og:image:width\" content=\"2560\" \/>\n\t<meta property=\"og:image:height\" content=\"2560\" \/>\n\t<meta property=\"og:image:type\" content=\"image\/jpeg\" \/>\n<meta name=\"twitter:card\" content=\"summary_large_image\" \/>\n<meta name=\"twitter:site\" content=\"@dutchfem\" \/>\n<meta name=\"twitter:label1\" content=\"Dur\u00e9e de lecture estim\u00e9e\" \/>\n\t<meta name=\"twitter:data1\" content=\"4 minutes\" \/>\n<script type=\"application\/ld+json\" class=\"yoast-schema-graph\">{\"@context\":\"https:\/\/schema.org\",\"@graph\":[{\"@type\":\"WebPage\",\"@id\":\"https:\/\/www.dutchfem.com\/fr\/acheter\/purple-power-punch-autoflower\/\",\"url\":\"https:\/\/www.dutchfem.com\/fr\/acheter\/purple-power-punch-autoflower\/\",\"name\":\"purple power punch autoflower seeds - buy Dutchfem Seeds online\",\"isPartOf\":{\"@id\":\"https:\/\/www.dutchfem.com\/#website\"},\"primaryImageOfPage\":{\"@id\":\"https:\/\/www.dutchfem.com\/fr\/acheter\/purple-power-punch-autoflower\/#primaryimage\"},\"image\":{\"@id\":\"https:\/\/www.dutchfem.com\/fr\/acheter\/purple-power-punch-autoflower\/#primaryimage\"},\"thumbnailUrl\":\"https:\/\/www.dutchfem.com\/wp-content\/uploads\/2025\/05\/purple-power-punch-auto-scaled-e1746879663276.jpeg\",\"datePublished\":\"2025-03-13T15:36:49+00:00\",\"dateModified\":\"2025-07-17T14:51:10+00:00\",\"description\":\"Purple Power Punch Autoflower est une vari\u00e9t\u00e9 autoflorissante \u00e9poustouflante, \u00e0 forte teneur en THC, qui procure des effets renversants, des saveurs fruit\u00e9es et des t\u00eates violettes \u00e0 couper le souffle\",\"breadcrumb\":{\"@id\":\"https:\/\/www.dutchfem.com\/fr\/acheter\/purple-power-punch-autoflower\/#breadcrumb\"},\"inLanguage\":\"fr-FR\",\"potentialAction\":[{\"@type\":\"ReadAction\",\"target\":[\"https:\/\/www.dutchfem.com\/fr\/acheter\/purple-power-punch-autoflower\/\"]}]},{\"@type\":\"ImageObject\",\"inLanguage\":\"fr-FR\",\"@id\":\"https:\/\/www.dutchfem.com\/fr\/acheter\/purple-power-punch-autoflower\/#primaryimage\",\"url\":\"https:\/\/www.dutchfem.com\/wp-content\/uploads\/2025\/05\/purple-power-punch-auto-scaled-e1746879663276.jpeg\",\"contentUrl\":\"https:\/\/www.dutchfem.com\/wp-content\/uploads\/2025\/05\/purple-power-punch-auto-scaled-e1746879663276.jpeg\",\"width\":2560,\"height\":2560,\"caption\":\"purple power punch autoflower\"},{\"@type\":\"BreadcrumbList\",\"@id\":\"https:\/\/www.dutchfem.com\/fr\/acheter\/purple-power-punch-autoflower\/#breadcrumb\",\"itemListElement\":[{\"@type\":\"ListItem\",\"position\":1,\"name\":\"Home\",\"item\":\"https:\/\/www.dutchfem.com\/fr\/\"},{\"@type\":\"ListItem\",\"position\":2,\"name\":\"Boutique\",\"item\":\"https:\/\/www.dutchfem.com\/fr\/boutique\/\"},{\"@type\":\"ListItem\",\"position\":3,\"name\":\"Purple Power Punch Autoflower\"}]},{\"@type\":\"WebSite\",\"@id\":\"https:\/\/www.dutchfem.com\/#website\",\"url\":\"https:\/\/www.dutchfem.com\/\",\"name\":\"Dutchfem\",\"description\":\"Buy Feminized Cannabis Seeds - Autoflowering Seeds - Medical Marijuana Seeds &amp; CBD Oil online\",\"publisher\":{\"@id\":\"https:\/\/www.dutchfem.com\/#organization\"},\"potentialAction\":[{\"@type\":\"SearchAction\",\"target\":{\"@type\":\"EntryPoint\",\"urlTemplate\":\"https:\/\/www.dutchfem.com\/?s={search_term_string}\"},\"query-input\":{\"@type\":\"PropertyValueSpecification\",\"valueRequired\":true,\"valueName\":\"search_term_string\"}}],\"inLanguage\":\"fr-FR\"},{\"@type\":\"Organization\",\"@id\":\"https:\/\/www.dutchfem.com\/#organization\",\"name\":\"Dutchfem Cannabis Seeds\",\"url\":\"https:\/\/www.dutchfem.com\/\",\"logo\":{\"@type\":\"ImageObject\",\"inLanguage\":\"fr-FR\",\"@id\":\"https:\/\/www.dutchfem.com\/#\/schema\/logo\/image\/\",\"url\":\"https:\/\/www.dutchfem.com\/wp-content\/uploads\/2017\/10\/logo_Dutchfem-web.png\",\"contentUrl\":\"https:\/\/www.dutchfem.com\/wp-content\/uploads\/2017\/10\/logo_Dutchfem-web.png\",\"width\":825,\"height\":288,\"caption\":\"Dutchfem Cannabis Seeds\"},\"image\":{\"@id\":\"https:\/\/www.dutchfem.com\/#\/schema\/logo\/image\/\"},\"sameAs\":[\"https:\/\/www.facebook.com\/Dutchfem\/\",\"https:\/\/x.com\/dutchfem\",\"https:\/\/www.instagram.com\/dutchfemseeds\/\",\"https:\/\/www.youtube.com\/@Dutchfem\",\"https:\/\/nl.pinterest.com\/dutchfem\/\",\"https:\/\/bsky.app\/profile\/dutchfem.bsky.social\",\"https:\/\/www.threads.com\/@dutchfemseeds?igshid=NTc4MTIwNjQ2YQ\",\"https:\/\/www.tumblr.com\/dutchfemseeds\"]}]}<\/script>\n<!-- \/ Yoast SEO plugin. -->","yoast_head_json":{"title":"purple power punch autoflower seeds - buy Dutchfem Seeds online","description":"Purple Power Punch Autoflower est une vari\u00e9t\u00e9 autoflorissante \u00e9poustouflante, \u00e0 forte teneur en THC, qui procure des effets renversants, des saveurs fruit\u00e9es et des t\u00eates violettes \u00e0 couper le souffle","robots":{"index":"index","follow":"follow","max-snippet":"max-snippet:-1","max-image-preview":"max-image-preview:large","max-video-preview":"max-video-preview:-1"},"canonical":"https:\/\/www.dutchfem.com\/fr\/acheter\/purple-power-punch-autoflower\/","og_locale":"fr_FR","og_type":"article","og_title":"purple power punch autoflower seeds - buy Dutchfem Seeds online","og_description":"Purple Power Punch Autoflower est une vari\u00e9t\u00e9 autoflorissante \u00e9poustouflante, \u00e0 forte teneur en THC, qui procure des effets renversants, des saveurs fruit\u00e9es et des t\u00eates violettes \u00e0 couper le souffle","og_url":"https:\/\/www.dutchfem.com\/fr\/acheter\/purple-power-punch-autoflower\/","og_site_name":"Dutchfem","article_publisher":"https:\/\/www.facebook.com\/Dutchfem\/","article_modified_time":"2025-07-17T14:51:10+00:00","og_image":[{"width":2560,"height":2560,"url":"https:\/\/www.dutchfem.com\/wp-content\/uploads\/2025\/05\/purple-power-punch-auto-scaled-e1746879663276.jpeg","type":"image\/jpeg"}],"twitter_card":"summary_large_image","twitter_site":"@dutchfem","twitter_misc":{"Dur\u00e9e de lecture estim\u00e9e":"4 minutes"},"schema":{"@context":"https:\/\/schema.org","@graph":[{"@type":"WebPage","@id":"https:\/\/www.dutchfem.com\/fr\/acheter\/purple-power-punch-autoflower\/","url":"https:\/\/www.dutchfem.com\/fr\/acheter\/purple-power-punch-autoflower\/","name":"purple power punch autoflower seeds - buy Dutchfem Seeds online","isPartOf":{"@id":"https:\/\/www.dutchfem.com\/#website"},"primaryImageOfPage":{"@id":"https:\/\/www.dutchfem.com\/fr\/acheter\/purple-power-punch-autoflower\/#primaryimage"},"image":{"@id":"https:\/\/www.dutchfem.com\/fr\/acheter\/purple-power-punch-autoflower\/#primaryimage"},"thumbnailUrl":"https:\/\/www.dutchfem.com\/wp-content\/uploads\/2025\/05\/purple-power-punch-auto-scaled-e1746879663276.jpeg","datePublished":"2025-03-13T15:36:49+00:00","dateModified":"2025-07-17T14:51:10+00:00","description":"Purple Power Punch Autoflower est une vari\u00e9t\u00e9 autoflorissante \u00e9poustouflante, \u00e0 forte teneur en THC, qui procure des effets renversants, des saveurs fruit\u00e9es et des t\u00eates violettes \u00e0 couper le souffle","breadcrumb":{"@id":"https:\/\/www.dutchfem.com\/fr\/acheter\/purple-power-punch-autoflower\/#breadcrumb"},"inLanguage":"fr-FR","potentialAction":[{"@type":"ReadAction","target":["https:\/\/www.dutchfem.com\/fr\/acheter\/purple-power-punch-autoflower\/"]}]},{"@type":"ImageObject","inLanguage":"fr-FR","@id":"https:\/\/www.dutchfem.com\/fr\/acheter\/purple-power-punch-autoflower\/#primaryimage","url":"https:\/\/www.dutchfem.com\/wp-content\/uploads\/2025\/05\/purple-power-punch-auto-scaled-e1746879663276.jpeg","contentUrl":"https:\/\/www.dutchfem.com\/wp-content\/uploads\/2025\/05\/purple-power-punch-auto-scaled-e1746879663276.jpeg","width":2560,"height":2560,"caption":"purple power punch autoflower"},{"@type":"BreadcrumbList","@id":"https:\/\/www.dutchfem.com\/fr\/acheter\/purple-power-punch-autoflower\/#breadcrumb","itemListElement":[{"@type":"ListItem","position":1,"name":"Home","item":"https:\/\/www.dutchfem.com\/fr\/"},{"@type":"ListItem","position":2,"name":"Boutique","item":"https:\/\/www.dutchfem.com\/fr\/boutique\/"},{"@type":"ListItem","position":3,"name":"Purple Power Punch Autoflower"}]},{"@type":"WebSite","@id":"https:\/\/www.dutchfem.com\/#website","url":"https:\/\/www.dutchfem.com\/","name":"Dutchfem","description":"Buy Feminized Cannabis Seeds - Autoflowering Seeds - Medical Marijuana Seeds &amp; CBD Oil online","publisher":{"@id":"https:\/\/www.dutchfem.com\/#organization"},"potentialAction":[{"@type":"SearchAction","target":{"@type":"EntryPoint","urlTemplate":"https:\/\/www.dutchfem.com\/?s={search_term_string}"},"query-input":{"@type":"PropertyValueSpecification","valueRequired":true,"valueName":"search_term_string"}}],"inLanguage":"fr-FR"},{"@type":"Organization","@id":"https:\/\/www.dutchfem.com\/#organization","name":"Dutchfem Cannabis Seeds","url":"https:\/\/www.dutchfem.com\/","logo":{"@type":"ImageObject","inLanguage":"fr-FR","@id":"https:\/\/www.dutchfem.com\/#\/schema\/logo\/image\/","url":"https:\/\/www.dutchfem.com\/wp-content\/uploads\/2017\/10\/logo_Dutchfem-web.png","contentUrl":"https:\/\/www.dutchfem.com\/wp-content\/uploads\/2017\/10\/logo_Dutchfem-web.png","width":825,"height":288,"caption":"Dutchfem Cannabis Seeds"},"image":{"@id":"https:\/\/www.dutchfem.com\/#\/schema\/logo\/image\/"},"sameAs":["https:\/\/www.facebook.com\/Dutchfem\/","https:\/\/x.com\/dutchfem","https:\/\/www.instagram.com\/dutchfemseeds\/","https:\/\/www.youtube.com\/@Dutchfem","https:\/\/nl.pinterest.com\/dutchfem\/","https:\/\/bsky.app\/profile\/dutchfem.bsky.social","https:\/\/www.threads.com\/@dutchfemseeds?igshid=NTc4MTIwNjQ2YQ","https:\/\/www.tumblr.com\/dutchfemseeds"]}]}},"_links":{"self":[{"href":"https:\/\/www.dutchfem.com\/fr\/wp-json\/wp\/v2\/product\/36710","targetHints":{"allow":["GET"]}}],"collection":[{"href":"https:\/\/www.dutchfem.com\/fr\/wp-json\/wp\/v2\/product"}],"about":[{"href":"https:\/\/www.dutchfem.com\/fr\/wp-json\/wp\/v2\/types\/product"}],"replies":[{"embeddable":true,"href":"https:\/\/www.dutchfem.com\/fr\/wp-json\/wp\/v2\/comments?post=36710"}],"wp:featuredmedia":[{"embeddable":true,"href":"https:\/\/www.dutchfem.com\/fr\/wp-json\/wp\/v2\/media\/38984"}],"wp:attachment":[{"href":"https:\/\/www.dutchfem.com\/fr\/wp-json\/wp\/v2\/media?parent=36710"}],"wp:term":[{"taxonomy":"product_brand","embeddable":true,"href":"https:\/\/www.dutchfem.com\/fr\/wp-json\/wp\/v2\/product_brand?post=36710"},{"taxonomy":"product_cat","embeddable":true,"href":"https:\/\/www.dutchfem.com\/fr\/wp-json\/wp\/v2\/product_cat?post=36710"},{"taxonomy":"product_tag","embeddable":true,"href":"https:\/\/www.dutchfem.com\/fr\/wp-json\/wp\/v2\/product_tag?post=36710"}],"curies":[{"name":"wp","href":"https:\/\/api.w.org\/{rel}","templated":true}]}}