{"id":9183,"date":"2019-11-26T23:22:08","date_gmt":"2019-11-26T23:22:08","guid":{"rendered":"https:\/\/www.dutchfem.com\/buy\/t-shirt-unisexe-blanc-a-slogan-avec-dutchfem-madmax33\/"},"modified":"2019-11-26T23:22:08","modified_gmt":"2019-11-26T23:22:08","slug":"t-shirt-unisexe-blanc-a-slogan-avec-dutchfem-madmax33","status":"publish","type":"product","link":"https:\/\/www.dutchfem.com\/fr\/acheter\/t-shirt-unisexe-blanc-a-slogan-avec-dutchfem-madmax33\/","title":{"rendered":"T-shirt unisexe blanc \u00e0 slogan avec Dutchfem MadMax#33"},"content":{"rendered":"<p>Fabriqu\u00e9 \u00e0 partir de coton 100% biologique, ce t-shirt unisexe blanc \u00e0 slogan MadMax est non seulement \u00e9l\u00e9gant, mais aussi \u00e9cologique. Sur le devant du T-shirt, vous trouverez le magnifique slogan MadMax en rouge, blanc, bleu et orange et le nom de votre boutique en ligne de banque de graines pr\u00e9f\u00e9r\u00e9e en petites lettres blanches.<\/p>\n<p>Ce T-shirt unisexe blanc est disponible en petit, moyen et grand et est lavable en machine.<\/p>\n","protected":false},"excerpt":{"rendered":"<p>Fabriqu\u00e9 \u00e0 partir de coton 100% biologique, ce t-shirt unisexe blanc \u00e0 slogan MadMax est non seulement \u00e9l\u00e9gant, mais aussi \u00e9cologique. Sur le devant du T-shirt, vous trouverez le magnifique<\/p>\n","protected":false},"featured_media":28036,"comment_status":"open","ping_status":"closed","template":"","meta":{"_exactmetrics_skip_tracking":false,"_exactmetrics_sitenote_active":false,"_exactmetrics_sitenote_note":"","_exactmetrics_sitenote_category":0},"product_brand":[],"product_cat":[348],"product_tag":[],"class_list":{"0":"post-9183","1":"product","2":"type-product","3":"status-publish","4":"has-post-thumbnail","6":"product_cat-marchandise","8":"first","9":"instock","10":"taxable","11":"shipping-taxable","12":"purchasable","13":"product-type-variable","14":"has-default-attributes"},"yoast_head":"<!-- This site is optimized with the Yoast SEO plugin v26.9 - https:\/\/yoast.com\/product\/yoast-seo-wordpress\/ -->\n<title>T-shirt unisexe blanc \u00e0 slogan avec Dutchfem MadMax#33 - Dutchfem<\/title>\n<meta name=\"robots\" content=\"index, follow, max-snippet:-1, max-image-preview:large, max-video-preview:-1\" \/>\n<link rel=\"canonical\" href=\"https:\/\/www.dutchfem.com\/fr\/acheter\/t-shirt-unisexe-blanc-a-slogan-avec-dutchfem-madmax33\/\" \/>\n<meta property=\"og:locale\" content=\"fr_FR\" \/>\n<meta property=\"og:type\" content=\"article\" \/>\n<meta property=\"og:title\" content=\"T-shirt unisexe blanc \u00e0 slogan avec Dutchfem MadMax#33 - Dutchfem\" \/>\n<meta property=\"og:description\" content=\"Fabriqu\u00e9 \u00e0 partir de coton 100% biologique, ce t-shirt unisexe blanc \u00e0 slogan MadMax est non seulement \u00e9l\u00e9gant, mais aussi \u00e9cologique. Sur le devant du T-shirt, vous trouverez le magnifique\" \/>\n<meta property=\"og:url\" content=\"https:\/\/www.dutchfem.com\/fr\/acheter\/t-shirt-unisexe-blanc-a-slogan-avec-dutchfem-madmax33\/\" \/>\n<meta property=\"og:site_name\" content=\"Dutchfem\" \/>\n<meta property=\"article:publisher\" content=\"https:\/\/www.facebook.com\/Dutchfem\/\" \/>\n<meta property=\"og:image\" content=\"https:\/\/www.dutchfem.com\/wp-content\/uploads\/2019\/11\/madmax-tshirt-wit-jpeg-e1712595067876.jpg\" \/>\n\t<meta property=\"og:image:width\" content=\"1732\" \/>\n\t<meta property=\"og:image:height\" content=\"1732\" \/>\n\t<meta property=\"og:image:type\" content=\"image\/jpeg\" \/>\n<meta name=\"twitter:card\" content=\"summary_large_image\" \/>\n<meta name=\"twitter:site\" content=\"@dutchfem\" \/>\n<script type=\"application\/ld+json\" class=\"yoast-schema-graph\">{\"@context\":\"https:\/\/schema.org\",\"@graph\":[{\"@type\":\"WebPage\",\"@id\":\"https:\/\/www.dutchfem.com\/fr\/acheter\/t-shirt-unisexe-blanc-a-slogan-avec-dutchfem-madmax33\/\",\"url\":\"https:\/\/www.dutchfem.com\/fr\/acheter\/t-shirt-unisexe-blanc-a-slogan-avec-dutchfem-madmax33\/\",\"name\":\"T-shirt unisexe blanc \u00e0 slogan avec Dutchfem MadMax#33 - Dutchfem\",\"isPartOf\":{\"@id\":\"https:\/\/www.dutchfem.com\/#website\"},\"primaryImageOfPage\":{\"@id\":\"https:\/\/www.dutchfem.com\/fr\/acheter\/t-shirt-unisexe-blanc-a-slogan-avec-dutchfem-madmax33\/#primaryimage\"},\"image\":{\"@id\":\"https:\/\/www.dutchfem.com\/fr\/acheter\/t-shirt-unisexe-blanc-a-slogan-avec-dutchfem-madmax33\/#primaryimage\"},\"thumbnailUrl\":\"https:\/\/www.dutchfem.com\/wp-content\/uploads\/2019\/11\/madmax-tshirt-wit-jpeg-e1712595067876.jpg\",\"datePublished\":\"2019-11-26T23:22:08+00:00\",\"breadcrumb\":{\"@id\":\"https:\/\/www.dutchfem.com\/fr\/acheter\/t-shirt-unisexe-blanc-a-slogan-avec-dutchfem-madmax33\/#breadcrumb\"},\"inLanguage\":\"fr-FR\",\"potentialAction\":[{\"@type\":\"ReadAction\",\"target\":[\"https:\/\/www.dutchfem.com\/fr\/acheter\/t-shirt-unisexe-blanc-a-slogan-avec-dutchfem-madmax33\/\"]}]},{\"@type\":\"ImageObject\",\"inLanguage\":\"fr-FR\",\"@id\":\"https:\/\/www.dutchfem.com\/fr\/acheter\/t-shirt-unisexe-blanc-a-slogan-avec-dutchfem-madmax33\/#primaryimage\",\"url\":\"https:\/\/www.dutchfem.com\/wp-content\/uploads\/2019\/11\/madmax-tshirt-wit-jpeg-e1712595067876.jpg\",\"contentUrl\":\"https:\/\/www.dutchfem.com\/wp-content\/uploads\/2019\/11\/madmax-tshirt-wit-jpeg-e1712595067876.jpg\",\"width\":1732,\"height\":1732},{\"@type\":\"BreadcrumbList\",\"@id\":\"https:\/\/www.dutchfem.com\/fr\/acheter\/t-shirt-unisexe-blanc-a-slogan-avec-dutchfem-madmax33\/#breadcrumb\",\"itemListElement\":[{\"@type\":\"ListItem\",\"position\":1,\"name\":\"Home\",\"item\":\"https:\/\/www.dutchfem.com\/fr\/\"},{\"@type\":\"ListItem\",\"position\":2,\"name\":\"Boutique\",\"item\":\"https:\/\/www.dutchfem.com\/fr\/boutique\/\"},{\"@type\":\"ListItem\",\"position\":3,\"name\":\"T-shirt unisexe blanc \u00e0 slogan avec Dutchfem MadMax#33\"}]},{\"@type\":\"WebSite\",\"@id\":\"https:\/\/www.dutchfem.com\/#website\",\"url\":\"https:\/\/www.dutchfem.com\/\",\"name\":\"Dutchfem\",\"description\":\"Buy Feminized Cannabis Seeds - Autoflowering Seeds - Medical Marijuana Seeds &amp; CBD Oil online\",\"publisher\":{\"@id\":\"https:\/\/www.dutchfem.com\/#organization\"},\"potentialAction\":[{\"@type\":\"SearchAction\",\"target\":{\"@type\":\"EntryPoint\",\"urlTemplate\":\"https:\/\/www.dutchfem.com\/?s={search_term_string}\"},\"query-input\":{\"@type\":\"PropertyValueSpecification\",\"valueRequired\":true,\"valueName\":\"search_term_string\"}}],\"inLanguage\":\"fr-FR\"},{\"@type\":\"Organization\",\"@id\":\"https:\/\/www.dutchfem.com\/#organization\",\"name\":\"Dutchfem Cannabis Seeds\",\"url\":\"https:\/\/www.dutchfem.com\/\",\"logo\":{\"@type\":\"ImageObject\",\"inLanguage\":\"fr-FR\",\"@id\":\"https:\/\/www.dutchfem.com\/#\/schema\/logo\/image\/\",\"url\":\"https:\/\/www.dutchfem.com\/wp-content\/uploads\/2017\/10\/logo_Dutchfem-web.png\",\"contentUrl\":\"https:\/\/www.dutchfem.com\/wp-content\/uploads\/2017\/10\/logo_Dutchfem-web.png\",\"width\":825,\"height\":288,\"caption\":\"Dutchfem Cannabis Seeds\"},\"image\":{\"@id\":\"https:\/\/www.dutchfem.com\/#\/schema\/logo\/image\/\"},\"sameAs\":[\"https:\/\/www.facebook.com\/Dutchfem\/\",\"https:\/\/x.com\/dutchfem\",\"https:\/\/www.instagram.com\/dutchfemseeds\/\",\"https:\/\/www.youtube.com\/@Dutchfem\",\"https:\/\/nl.pinterest.com\/dutchfem\/\",\"https:\/\/bsky.app\/profile\/dutchfem.bsky.social\",\"https:\/\/www.threads.com\/@dutchfemseeds?igshid=NTc4MTIwNjQ2YQ\",\"https:\/\/www.tumblr.com\/dutchfemseeds\"]}]}<\/script>\n<!-- \/ Yoast SEO plugin. -->","yoast_head_json":{"title":"T-shirt unisexe blanc \u00e0 slogan avec Dutchfem MadMax#33 - Dutchfem","robots":{"index":"index","follow":"follow","max-snippet":"max-snippet:-1","max-image-preview":"max-image-preview:large","max-video-preview":"max-video-preview:-1"},"canonical":"https:\/\/www.dutchfem.com\/fr\/acheter\/t-shirt-unisexe-blanc-a-slogan-avec-dutchfem-madmax33\/","og_locale":"fr_FR","og_type":"article","og_title":"T-shirt unisexe blanc \u00e0 slogan avec Dutchfem MadMax#33 - Dutchfem","og_description":"Fabriqu\u00e9 \u00e0 partir de coton 100% biologique, ce t-shirt unisexe blanc \u00e0 slogan MadMax est non seulement \u00e9l\u00e9gant, mais aussi \u00e9cologique. Sur le devant du T-shirt, vous trouverez le magnifique","og_url":"https:\/\/www.dutchfem.com\/fr\/acheter\/t-shirt-unisexe-blanc-a-slogan-avec-dutchfem-madmax33\/","og_site_name":"Dutchfem","article_publisher":"https:\/\/www.facebook.com\/Dutchfem\/","og_image":[{"width":1732,"height":1732,"url":"https:\/\/www.dutchfem.com\/wp-content\/uploads\/2019\/11\/madmax-tshirt-wit-jpeg-e1712595067876.jpg","type":"image\/jpeg"}],"twitter_card":"summary_large_image","twitter_site":"@dutchfem","schema":{"@context":"https:\/\/schema.org","@graph":[{"@type":"WebPage","@id":"https:\/\/www.dutchfem.com\/fr\/acheter\/t-shirt-unisexe-blanc-a-slogan-avec-dutchfem-madmax33\/","url":"https:\/\/www.dutchfem.com\/fr\/acheter\/t-shirt-unisexe-blanc-a-slogan-avec-dutchfem-madmax33\/","name":"T-shirt unisexe blanc \u00e0 slogan avec Dutchfem MadMax#33 - Dutchfem","isPartOf":{"@id":"https:\/\/www.dutchfem.com\/#website"},"primaryImageOfPage":{"@id":"https:\/\/www.dutchfem.com\/fr\/acheter\/t-shirt-unisexe-blanc-a-slogan-avec-dutchfem-madmax33\/#primaryimage"},"image":{"@id":"https:\/\/www.dutchfem.com\/fr\/acheter\/t-shirt-unisexe-blanc-a-slogan-avec-dutchfem-madmax33\/#primaryimage"},"thumbnailUrl":"https:\/\/www.dutchfem.com\/wp-content\/uploads\/2019\/11\/madmax-tshirt-wit-jpeg-e1712595067876.jpg","datePublished":"2019-11-26T23:22:08+00:00","breadcrumb":{"@id":"https:\/\/www.dutchfem.com\/fr\/acheter\/t-shirt-unisexe-blanc-a-slogan-avec-dutchfem-madmax33\/#breadcrumb"},"inLanguage":"fr-FR","potentialAction":[{"@type":"ReadAction","target":["https:\/\/www.dutchfem.com\/fr\/acheter\/t-shirt-unisexe-blanc-a-slogan-avec-dutchfem-madmax33\/"]}]},{"@type":"ImageObject","inLanguage":"fr-FR","@id":"https:\/\/www.dutchfem.com\/fr\/acheter\/t-shirt-unisexe-blanc-a-slogan-avec-dutchfem-madmax33\/#primaryimage","url":"https:\/\/www.dutchfem.com\/wp-content\/uploads\/2019\/11\/madmax-tshirt-wit-jpeg-e1712595067876.jpg","contentUrl":"https:\/\/www.dutchfem.com\/wp-content\/uploads\/2019\/11\/madmax-tshirt-wit-jpeg-e1712595067876.jpg","width":1732,"height":1732},{"@type":"BreadcrumbList","@id":"https:\/\/www.dutchfem.com\/fr\/acheter\/t-shirt-unisexe-blanc-a-slogan-avec-dutchfem-madmax33\/#breadcrumb","itemListElement":[{"@type":"ListItem","position":1,"name":"Home","item":"https:\/\/www.dutchfem.com\/fr\/"},{"@type":"ListItem","position":2,"name":"Boutique","item":"https:\/\/www.dutchfem.com\/fr\/boutique\/"},{"@type":"ListItem","position":3,"name":"T-shirt unisexe blanc \u00e0 slogan avec Dutchfem MadMax#33"}]},{"@type":"WebSite","@id":"https:\/\/www.dutchfem.com\/#website","url":"https:\/\/www.dutchfem.com\/","name":"Dutchfem","description":"Buy Feminized Cannabis Seeds - Autoflowering Seeds - Medical Marijuana Seeds &amp; CBD Oil online","publisher":{"@id":"https:\/\/www.dutchfem.com\/#organization"},"potentialAction":[{"@type":"SearchAction","target":{"@type":"EntryPoint","urlTemplate":"https:\/\/www.dutchfem.com\/?s={search_term_string}"},"query-input":{"@type":"PropertyValueSpecification","valueRequired":true,"valueName":"search_term_string"}}],"inLanguage":"fr-FR"},{"@type":"Organization","@id":"https:\/\/www.dutchfem.com\/#organization","name":"Dutchfem Cannabis Seeds","url":"https:\/\/www.dutchfem.com\/","logo":{"@type":"ImageObject","inLanguage":"fr-FR","@id":"https:\/\/www.dutchfem.com\/#\/schema\/logo\/image\/","url":"https:\/\/www.dutchfem.com\/wp-content\/uploads\/2017\/10\/logo_Dutchfem-web.png","contentUrl":"https:\/\/www.dutchfem.com\/wp-content\/uploads\/2017\/10\/logo_Dutchfem-web.png","width":825,"height":288,"caption":"Dutchfem Cannabis Seeds"},"image":{"@id":"https:\/\/www.dutchfem.com\/#\/schema\/logo\/image\/"},"sameAs":["https:\/\/www.facebook.com\/Dutchfem\/","https:\/\/x.com\/dutchfem","https:\/\/www.instagram.com\/dutchfemseeds\/","https:\/\/www.youtube.com\/@Dutchfem","https:\/\/nl.pinterest.com\/dutchfem\/","https:\/\/bsky.app\/profile\/dutchfem.bsky.social","https:\/\/www.threads.com\/@dutchfemseeds?igshid=NTc4MTIwNjQ2YQ","https:\/\/www.tumblr.com\/dutchfemseeds"]}]}},"_links":{"self":[{"href":"https:\/\/www.dutchfem.com\/fr\/wp-json\/wp\/v2\/product\/9183","targetHints":{"allow":["GET"]}}],"collection":[{"href":"https:\/\/www.dutchfem.com\/fr\/wp-json\/wp\/v2\/product"}],"about":[{"href":"https:\/\/www.dutchfem.com\/fr\/wp-json\/wp\/v2\/types\/product"}],"replies":[{"embeddable":true,"href":"https:\/\/www.dutchfem.com\/fr\/wp-json\/wp\/v2\/comments?post=9183"}],"wp:featuredmedia":[{"embeddable":true,"href":"https:\/\/www.dutchfem.com\/fr\/wp-json\/wp\/v2\/media\/28036"}],"wp:attachment":[{"href":"https:\/\/www.dutchfem.com\/fr\/wp-json\/wp\/v2\/media?parent=9183"}],"wp:term":[{"taxonomy":"product_brand","embeddable":true,"href":"https:\/\/www.dutchfem.com\/fr\/wp-json\/wp\/v2\/product_brand?post=9183"},{"taxonomy":"product_cat","embeddable":true,"href":"https:\/\/www.dutchfem.com\/fr\/wp-json\/wp\/v2\/product_cat?post=9183"},{"taxonomy":"product_tag","embeddable":true,"href":"https:\/\/www.dutchfem.com\/fr\/wp-json\/wp\/v2\/product_tag?post=9183"}],"curies":[{"name":"wp","href":"https:\/\/api.w.org\/{rel}","templated":true}]}}