{"id":9648,"date":"2020-10-06T15:22:13","date_gmt":"2020-10-06T15:22:13","guid":{"rendered":"https:\/\/www.dutchfem.com\/buy\/conteneur-de-stockage-cvault-small-incl-2-x-boveda-4gr\/"},"modified":"2024-04-26T23:59:06","modified_gmt":"2024-04-26T22:59:06","slug":"conteneur-de-stockage-cvault-small-incl-2-x-boveda-4gr","status":"publish","type":"product","link":"https:\/\/www.dutchfem.com\/fr\/acheter\/conteneur-de-stockage-cvault-small-incl-2-x-boveda-4gr\/","title":{"rendered":"Cvault Storage Container Small incl. 2 x Boveda 4gr"},"content":{"rendered":"<p>Conteneur de stockage en acier inoxydable Cvault Petit inclus 2 x 4gr Boveda pour le stockage \u00e0 humidit\u00e9 contr\u00f4l\u00e9e de vos bourgeons Dutchfem cultiv\u00e9s sur place. Le bac de stockage CVault est tout ce dont vous avez besoin pour garder vos t\u00eates en parfait \u00e9tat. Le conteneur de stockage en acier inoxydable de qualit\u00e9 alimentaire est \u00e9tanche \u00e0 l&rsquo;air et imp\u00e9n\u00e9trable \u00e0 toute lumi\u00e8re. Ce conteneur de stockage Cvault comprend 2 paquets de 4gr du contr\u00f4le d&rsquo;humidit\u00e9 \u00e0 2 voies brevet\u00e9 de Boveda. Cela fera une grande diff\u00e9rence pour garder vos t\u00eates Dutchfem dans un v\u00e9ritable \u00e9tat de fra\u00eecheur. Il am\u00e9liorera le go\u00fbt, l&rsquo;odeur et l&rsquo;effet de vos fleurs et les gardera dans les meilleures conditions possibles pendant une tr\u00e8s longue p\u00e9riode. Lorsque vos t\u00eates sont devenues trop s\u00e8ches ou qu&rsquo;elles sont encore humides, ce contenant de stockage avec le pack de contr\u00f4le d&rsquo;humidit\u00e9 \u00e0 2 voies Boveda les mettra dans les conditions id\u00e9ales pour fumer ou vapoter.<\/p>\n<p>Volume: 0,175 litre<br \/>Capacit\u00e9: 10-15 grammes<br \/>Taille (b x h): 8&#215;4 cm<br \/>Inclus 2 x 4 grammes 62% Boveda<\/p>\n","protected":false},"excerpt":{"rendered":"<p>R\u00e9cipient de stockage en acier inoxydable Cvault Petit contenant 2 x 4gr Boveda pour un stockage \u00e0 humidit\u00e9 contr\u00f4l\u00e9e dans les deux sens pour vos bourgeons Dutchfem cultiv\u00e9s sur place est le meilleur moyen de garder votre herbe dans un v\u00e9ritable \u00e9tat de fra\u00eecheur.<\/p>\n","protected":false},"featured_media":26504,"comment_status":"open","ping_status":"closed","template":"","meta":{"_exactmetrics_skip_tracking":false,"_exactmetrics_sitenote_active":false,"_exactmetrics_sitenote_note":"","_exactmetrics_sitenote_category":0},"product_brand":[],"product_cat":[348],"product_tag":[],"class_list":{"0":"post-9648","1":"product","2":"type-product","3":"status-publish","4":"has-post-thumbnail","6":"product_cat-marchandise","7":"product_shipping_class-package-fr","9":"first","10":"instock","11":"taxable","12":"shipping-taxable","13":"purchasable","14":"product-type-variable","15":"has-default-attributes"},"yoast_head":"<!-- This site is optimized with the Yoast SEO plugin v26.9 - https:\/\/yoast.com\/product\/yoast-seo-wordpress\/ -->\n<title>Cvault Storage Container Small incl. 2 x Boveda 4gr - Dutchfem<\/title>\n<meta name=\"description\" content=\"Le conteneur CVault Storage est tout ce dont vous avez besoin pour garder vos t\u00eates en parfait \u00e9tat sans perte de go\u00fbt, d&#039;odeur et d&#039;effet.\" \/>\n<meta name=\"robots\" content=\"index, follow, max-snippet:-1, max-image-preview:large, max-video-preview:-1\" \/>\n<link rel=\"canonical\" href=\"https:\/\/www.dutchfem.com\/fr\/acheter\/conteneur-de-stockage-cvault-small-incl-2-x-boveda-4gr\/\" \/>\n<meta property=\"og:locale\" content=\"fr_FR\" \/>\n<meta property=\"og:type\" content=\"article\" \/>\n<meta property=\"og:title\" content=\"Cvault Storage Container Small incl. 2 x Boveda 4gr - Dutchfem\" \/>\n<meta property=\"og:description\" content=\"Le conteneur CVault Storage est tout ce dont vous avez besoin pour garder vos t\u00eates en parfait \u00e9tat sans perte de go\u00fbt, d&#039;odeur et d&#039;effet.\" \/>\n<meta property=\"og:url\" content=\"https:\/\/www.dutchfem.com\/fr\/acheter\/conteneur-de-stockage-cvault-small-incl-2-x-boveda-4gr\/\" \/>\n<meta property=\"og:site_name\" content=\"Dutchfem\" \/>\n<meta property=\"article:publisher\" content=\"https:\/\/www.facebook.com\/Dutchfem\/\" \/>\n<meta property=\"article:modified_time\" content=\"2024-04-26T22:59:06+00:00\" \/>\n<meta property=\"og:image\" content=\"https:\/\/www.dutchfem.com\/wp-content\/uploads\/2020\/10\/cvault-small-e1708260210974.jpg\" \/>\n\t<meta property=\"og:image:width\" content=\"640\" \/>\n\t<meta property=\"og:image:height\" content=\"640\" \/>\n\t<meta property=\"og:image:type\" content=\"image\/jpeg\" \/>\n<meta name=\"twitter:card\" content=\"summary_large_image\" \/>\n<meta name=\"twitter:site\" content=\"@dutchfem\" \/>\n<meta name=\"twitter:label1\" content=\"Dur\u00e9e de lecture estim\u00e9e\" \/>\n\t<meta name=\"twitter:data1\" content=\"1 minute\" \/>\n<script type=\"application\/ld+json\" class=\"yoast-schema-graph\">{\"@context\":\"https:\/\/schema.org\",\"@graph\":[{\"@type\":\"WebPage\",\"@id\":\"https:\/\/www.dutchfem.com\/fr\/acheter\/conteneur-de-stockage-cvault-small-incl-2-x-boveda-4gr\/\",\"url\":\"https:\/\/www.dutchfem.com\/fr\/acheter\/conteneur-de-stockage-cvault-small-incl-2-x-boveda-4gr\/\",\"name\":\"Cvault Storage Container Small incl. 2 x Boveda 4gr - Dutchfem\",\"isPartOf\":{\"@id\":\"https:\/\/www.dutchfem.com\/#website\"},\"primaryImageOfPage\":{\"@id\":\"https:\/\/www.dutchfem.com\/fr\/acheter\/conteneur-de-stockage-cvault-small-incl-2-x-boveda-4gr\/#primaryimage\"},\"image\":{\"@id\":\"https:\/\/www.dutchfem.com\/fr\/acheter\/conteneur-de-stockage-cvault-small-incl-2-x-boveda-4gr\/#primaryimage\"},\"thumbnailUrl\":\"https:\/\/www.dutchfem.com\/wp-content\/uploads\/2020\/10\/cvault-small-e1708260210974.jpg\",\"datePublished\":\"2020-10-06T15:22:13+00:00\",\"dateModified\":\"2024-04-26T22:59:06+00:00\",\"description\":\"Le conteneur CVault Storage est tout ce dont vous avez besoin pour garder vos t\u00eates en parfait \u00e9tat sans perte de go\u00fbt, d'odeur et d'effet.\",\"breadcrumb\":{\"@id\":\"https:\/\/www.dutchfem.com\/fr\/acheter\/conteneur-de-stockage-cvault-small-incl-2-x-boveda-4gr\/#breadcrumb\"},\"inLanguage\":\"fr-FR\",\"potentialAction\":[{\"@type\":\"ReadAction\",\"target\":[\"https:\/\/www.dutchfem.com\/fr\/acheter\/conteneur-de-stockage-cvault-small-incl-2-x-boveda-4gr\/\"]}]},{\"@type\":\"ImageObject\",\"inLanguage\":\"fr-FR\",\"@id\":\"https:\/\/www.dutchfem.com\/fr\/acheter\/conteneur-de-stockage-cvault-small-incl-2-x-boveda-4gr\/#primaryimage\",\"url\":\"https:\/\/www.dutchfem.com\/wp-content\/uploads\/2020\/10\/cvault-small-e1708260210974.jpg\",\"contentUrl\":\"https:\/\/www.dutchfem.com\/wp-content\/uploads\/2020\/10\/cvault-small-e1708260210974.jpg\",\"width\":640,\"height\":640},{\"@type\":\"BreadcrumbList\",\"@id\":\"https:\/\/www.dutchfem.com\/fr\/acheter\/conteneur-de-stockage-cvault-small-incl-2-x-boveda-4gr\/#breadcrumb\",\"itemListElement\":[{\"@type\":\"ListItem\",\"position\":1,\"name\":\"Home\",\"item\":\"https:\/\/www.dutchfem.com\/fr\/\"},{\"@type\":\"ListItem\",\"position\":2,\"name\":\"Boutique\",\"item\":\"https:\/\/www.dutchfem.com\/fr\/boutique\/\"},{\"@type\":\"ListItem\",\"position\":3,\"name\":\"Cvault Storage Container Small incl. 2 x Boveda 4gr\"}]},{\"@type\":\"WebSite\",\"@id\":\"https:\/\/www.dutchfem.com\/#website\",\"url\":\"https:\/\/www.dutchfem.com\/\",\"name\":\"Dutchfem\",\"description\":\"Buy Feminized Cannabis Seeds - Autoflowering Seeds - Medical Marijuana Seeds &amp; CBD Oil online\",\"publisher\":{\"@id\":\"https:\/\/www.dutchfem.com\/#organization\"},\"potentialAction\":[{\"@type\":\"SearchAction\",\"target\":{\"@type\":\"EntryPoint\",\"urlTemplate\":\"https:\/\/www.dutchfem.com\/?s={search_term_string}\"},\"query-input\":{\"@type\":\"PropertyValueSpecification\",\"valueRequired\":true,\"valueName\":\"search_term_string\"}}],\"inLanguage\":\"fr-FR\"},{\"@type\":\"Organization\",\"@id\":\"https:\/\/www.dutchfem.com\/#organization\",\"name\":\"Dutchfem Cannabis Seeds\",\"url\":\"https:\/\/www.dutchfem.com\/\",\"logo\":{\"@type\":\"ImageObject\",\"inLanguage\":\"fr-FR\",\"@id\":\"https:\/\/www.dutchfem.com\/#\/schema\/logo\/image\/\",\"url\":\"https:\/\/www.dutchfem.com\/wp-content\/uploads\/2017\/10\/logo_Dutchfem-web.png\",\"contentUrl\":\"https:\/\/www.dutchfem.com\/wp-content\/uploads\/2017\/10\/logo_Dutchfem-web.png\",\"width\":825,\"height\":288,\"caption\":\"Dutchfem Cannabis Seeds\"},\"image\":{\"@id\":\"https:\/\/www.dutchfem.com\/#\/schema\/logo\/image\/\"},\"sameAs\":[\"https:\/\/www.facebook.com\/Dutchfem\/\",\"https:\/\/x.com\/dutchfem\",\"https:\/\/www.instagram.com\/dutchfemseeds\/\",\"https:\/\/www.youtube.com\/@Dutchfem\",\"https:\/\/nl.pinterest.com\/dutchfem\/\",\"https:\/\/bsky.app\/profile\/dutchfem.bsky.social\",\"https:\/\/www.threads.com\/@dutchfemseeds?igshid=NTc4MTIwNjQ2YQ\",\"https:\/\/www.tumblr.com\/dutchfemseeds\"]}]}<\/script>\n<!-- \/ Yoast SEO plugin. -->","yoast_head_json":{"title":"Cvault Storage Container Small incl. 2 x Boveda 4gr - Dutchfem","description":"Le conteneur CVault Storage est tout ce dont vous avez besoin pour garder vos t\u00eates en parfait \u00e9tat sans perte de go\u00fbt, d'odeur et d'effet.","robots":{"index":"index","follow":"follow","max-snippet":"max-snippet:-1","max-image-preview":"max-image-preview:large","max-video-preview":"max-video-preview:-1"},"canonical":"https:\/\/www.dutchfem.com\/fr\/acheter\/conteneur-de-stockage-cvault-small-incl-2-x-boveda-4gr\/","og_locale":"fr_FR","og_type":"article","og_title":"Cvault Storage Container Small incl. 2 x Boveda 4gr - Dutchfem","og_description":"Le conteneur CVault Storage est tout ce dont vous avez besoin pour garder vos t\u00eates en parfait \u00e9tat sans perte de go\u00fbt, d'odeur et d'effet.","og_url":"https:\/\/www.dutchfem.com\/fr\/acheter\/conteneur-de-stockage-cvault-small-incl-2-x-boveda-4gr\/","og_site_name":"Dutchfem","article_publisher":"https:\/\/www.facebook.com\/Dutchfem\/","article_modified_time":"2024-04-26T22:59:06+00:00","og_image":[{"width":640,"height":640,"url":"https:\/\/www.dutchfem.com\/wp-content\/uploads\/2020\/10\/cvault-small-e1708260210974.jpg","type":"image\/jpeg"}],"twitter_card":"summary_large_image","twitter_site":"@dutchfem","twitter_misc":{"Dur\u00e9e de lecture estim\u00e9e":"1 minute"},"schema":{"@context":"https:\/\/schema.org","@graph":[{"@type":"WebPage","@id":"https:\/\/www.dutchfem.com\/fr\/acheter\/conteneur-de-stockage-cvault-small-incl-2-x-boveda-4gr\/","url":"https:\/\/www.dutchfem.com\/fr\/acheter\/conteneur-de-stockage-cvault-small-incl-2-x-boveda-4gr\/","name":"Cvault Storage Container Small incl. 2 x Boveda 4gr - Dutchfem","isPartOf":{"@id":"https:\/\/www.dutchfem.com\/#website"},"primaryImageOfPage":{"@id":"https:\/\/www.dutchfem.com\/fr\/acheter\/conteneur-de-stockage-cvault-small-incl-2-x-boveda-4gr\/#primaryimage"},"image":{"@id":"https:\/\/www.dutchfem.com\/fr\/acheter\/conteneur-de-stockage-cvault-small-incl-2-x-boveda-4gr\/#primaryimage"},"thumbnailUrl":"https:\/\/www.dutchfem.com\/wp-content\/uploads\/2020\/10\/cvault-small-e1708260210974.jpg","datePublished":"2020-10-06T15:22:13+00:00","dateModified":"2024-04-26T22:59:06+00:00","description":"Le conteneur CVault Storage est tout ce dont vous avez besoin pour garder vos t\u00eates en parfait \u00e9tat sans perte de go\u00fbt, d'odeur et d'effet.","breadcrumb":{"@id":"https:\/\/www.dutchfem.com\/fr\/acheter\/conteneur-de-stockage-cvault-small-incl-2-x-boveda-4gr\/#breadcrumb"},"inLanguage":"fr-FR","potentialAction":[{"@type":"ReadAction","target":["https:\/\/www.dutchfem.com\/fr\/acheter\/conteneur-de-stockage-cvault-small-incl-2-x-boveda-4gr\/"]}]},{"@type":"ImageObject","inLanguage":"fr-FR","@id":"https:\/\/www.dutchfem.com\/fr\/acheter\/conteneur-de-stockage-cvault-small-incl-2-x-boveda-4gr\/#primaryimage","url":"https:\/\/www.dutchfem.com\/wp-content\/uploads\/2020\/10\/cvault-small-e1708260210974.jpg","contentUrl":"https:\/\/www.dutchfem.com\/wp-content\/uploads\/2020\/10\/cvault-small-e1708260210974.jpg","width":640,"height":640},{"@type":"BreadcrumbList","@id":"https:\/\/www.dutchfem.com\/fr\/acheter\/conteneur-de-stockage-cvault-small-incl-2-x-boveda-4gr\/#breadcrumb","itemListElement":[{"@type":"ListItem","position":1,"name":"Home","item":"https:\/\/www.dutchfem.com\/fr\/"},{"@type":"ListItem","position":2,"name":"Boutique","item":"https:\/\/www.dutchfem.com\/fr\/boutique\/"},{"@type":"ListItem","position":3,"name":"Cvault Storage Container Small incl. 2 x Boveda 4gr"}]},{"@type":"WebSite","@id":"https:\/\/www.dutchfem.com\/#website","url":"https:\/\/www.dutchfem.com\/","name":"Dutchfem","description":"Buy Feminized Cannabis Seeds - Autoflowering Seeds - Medical Marijuana Seeds &amp; CBD Oil online","publisher":{"@id":"https:\/\/www.dutchfem.com\/#organization"},"potentialAction":[{"@type":"SearchAction","target":{"@type":"EntryPoint","urlTemplate":"https:\/\/www.dutchfem.com\/?s={search_term_string}"},"query-input":{"@type":"PropertyValueSpecification","valueRequired":true,"valueName":"search_term_string"}}],"inLanguage":"fr-FR"},{"@type":"Organization","@id":"https:\/\/www.dutchfem.com\/#organization","name":"Dutchfem Cannabis Seeds","url":"https:\/\/www.dutchfem.com\/","logo":{"@type":"ImageObject","inLanguage":"fr-FR","@id":"https:\/\/www.dutchfem.com\/#\/schema\/logo\/image\/","url":"https:\/\/www.dutchfem.com\/wp-content\/uploads\/2017\/10\/logo_Dutchfem-web.png","contentUrl":"https:\/\/www.dutchfem.com\/wp-content\/uploads\/2017\/10\/logo_Dutchfem-web.png","width":825,"height":288,"caption":"Dutchfem Cannabis Seeds"},"image":{"@id":"https:\/\/www.dutchfem.com\/#\/schema\/logo\/image\/"},"sameAs":["https:\/\/www.facebook.com\/Dutchfem\/","https:\/\/x.com\/dutchfem","https:\/\/www.instagram.com\/dutchfemseeds\/","https:\/\/www.youtube.com\/@Dutchfem","https:\/\/nl.pinterest.com\/dutchfem\/","https:\/\/bsky.app\/profile\/dutchfem.bsky.social","https:\/\/www.threads.com\/@dutchfemseeds?igshid=NTc4MTIwNjQ2YQ","https:\/\/www.tumblr.com\/dutchfemseeds"]}]}},"_links":{"self":[{"href":"https:\/\/www.dutchfem.com\/fr\/wp-json\/wp\/v2\/product\/9648","targetHints":{"allow":["GET"]}}],"collection":[{"href":"https:\/\/www.dutchfem.com\/fr\/wp-json\/wp\/v2\/product"}],"about":[{"href":"https:\/\/www.dutchfem.com\/fr\/wp-json\/wp\/v2\/types\/product"}],"replies":[{"embeddable":true,"href":"https:\/\/www.dutchfem.com\/fr\/wp-json\/wp\/v2\/comments?post=9648"}],"wp:featuredmedia":[{"embeddable":true,"href":"https:\/\/www.dutchfem.com\/fr\/wp-json\/wp\/v2\/media\/26504"}],"wp:attachment":[{"href":"https:\/\/www.dutchfem.com\/fr\/wp-json\/wp\/v2\/media?parent=9648"}],"wp:term":[{"taxonomy":"product_brand","embeddable":true,"href":"https:\/\/www.dutchfem.com\/fr\/wp-json\/wp\/v2\/product_brand?post=9648"},{"taxonomy":"product_cat","embeddable":true,"href":"https:\/\/www.dutchfem.com\/fr\/wp-json\/wp\/v2\/product_cat?post=9648"},{"taxonomy":"product_tag","embeddable":true,"href":"https:\/\/www.dutchfem.com\/fr\/wp-json\/wp\/v2\/product_tag?post=9648"}],"curies":[{"name":"wp","href":"https:\/\/api.w.org\/{rel}","templated":true}]}}