{"id":9776,"date":"2020-11-13T21:55:14","date_gmt":"2020-11-13T21:55:14","guid":{"rendered":"https:\/\/www.dutchfem.com\/buy\/t-shirt-unisexe-noir-a-slogan-avec-dutchfem-purple-og-kush\/"},"modified":"2024-04-08T18:58:40","modified_gmt":"2024-04-08T17:58:40","slug":"t-shirt-unisexe-noir-a-slogan-avec-dutchfem-purple-og-kush","status":"publish","type":"product","link":"https:\/\/www.dutchfem.com\/fr\/acheter\/t-shirt-unisexe-noir-a-slogan-avec-dutchfem-purple-og-kush\/","title":{"rendered":"T-shirt unisexe noir \u00e0 slogan avec Dutchfem Purple OG Kush"},"content":{"rendered":"<p>Fabriqu\u00e9 \u00e0 partir de coton 100% biologique, ce t-shirt unisexe noir \u00e0 slogan OG Kush est non seulement \u00e9l\u00e9gant, mais aussi \u00e9cologique. Sur le devant du T-shirt, vous trouverez le magnifique slogan Purple OG Kush dans un imprim\u00e9 cannabis violet et le nom de votre Purple OG Kush pr\u00e9f\u00e9r\u00e9e en lettres vertes<\/p>\n<p>Le t-shirt unisexe noir de Dutchfem est disponible en petit, moyen, grand et tr\u00e8s grand et est lavable en machine. \u00c9galement disponible en blanc et vert menthe.<\/p>\n","protected":false},"excerpt":{"rendered":"<p>T-shirt unisexe noir Dutchfem avec le slogan Purple OG Kush. Ce t-shirt unisexe \u00e0 manches courtes noir est le compl\u00e9ment parfait \u00e0 toute garde-robe des amateurs de Dutchfem et OG Kush. 100% coton biologique qui ne nuit pas \u00e0 l&rsquo;environnement et assure un confort total. Disponible en petit, moyen, grand et tr\u00e8s grand.<\/p>\n","protected":false},"featured_media":26391,"comment_status":"open","ping_status":"closed","template":"","meta":{"_exactmetrics_skip_tracking":false,"_exactmetrics_sitenote_active":false,"_exactmetrics_sitenote_note":"","_exactmetrics_sitenote_category":0},"product_brand":[],"product_cat":[348],"product_tag":[],"class_list":{"0":"post-9776","1":"product","2":"type-product","3":"status-publish","4":"has-post-thumbnail","6":"product_cat-marchandise","8":"first","9":"instock","10":"taxable","11":"shipping-taxable","12":"purchasable","13":"product-type-variable","14":"has-default-attributes"},"yoast_head":"<!-- This site is optimized with the Yoast SEO plugin v26.9 - https:\/\/yoast.com\/product\/yoast-seo-wordpress\/ -->\n<title>T-shirt unisexe noir \u00e0 slogan avec Dutchfem Purple OG Kush - Dutchfem<\/title>\n<meta name=\"robots\" content=\"index, follow, max-snippet:-1, max-image-preview:large, max-video-preview:-1\" \/>\n<link rel=\"canonical\" href=\"https:\/\/www.dutchfem.com\/fr\/acheter\/t-shirt-unisexe-noir-a-slogan-avec-dutchfem-purple-og-kush\/\" \/>\n<meta property=\"og:locale\" content=\"fr_FR\" \/>\n<meta property=\"og:type\" content=\"article\" \/>\n<meta property=\"og:title\" content=\"T-shirt unisexe noir \u00e0 slogan avec Dutchfem Purple OG Kush - Dutchfem\" \/>\n<meta property=\"og:description\" content=\"T-shirt unisexe noir Dutchfem avec le slogan Purple OG Kush. Ce t-shirt unisexe \u00e0 manches courtes noir est le compl\u00e9ment parfait \u00e0 toute garde-robe des amateurs de Dutchfem et OG Kush. 100% coton biologique qui ne nuit pas \u00e0 l&#039;environnement et assure un confort total. Disponible en petit, moyen, grand et tr\u00e8s grand.\" \/>\n<meta property=\"og:url\" content=\"https:\/\/www.dutchfem.com\/fr\/acheter\/t-shirt-unisexe-noir-a-slogan-avec-dutchfem-purple-og-kush\/\" \/>\n<meta property=\"og:site_name\" content=\"Dutchfem\" \/>\n<meta property=\"article:publisher\" content=\"https:\/\/www.facebook.com\/Dutchfem\/\" \/>\n<meta property=\"article:modified_time\" content=\"2024-04-08T17:58:40+00:00\" \/>\n<meta property=\"og:image\" content=\"https:\/\/www.dutchfem.com\/wp-content\/uploads\/2020\/11\/tshirt-purple-OG-zwart-1-e1708213555954.jpg\" \/>\n\t<meta property=\"og:image:width\" content=\"640\" \/>\n\t<meta property=\"og:image:height\" content=\"640\" \/>\n\t<meta property=\"og:image:type\" content=\"image\/jpeg\" \/>\n<meta name=\"twitter:card\" content=\"summary_large_image\" \/>\n<meta name=\"twitter:site\" content=\"@dutchfem\" \/>\n<script type=\"application\/ld+json\" class=\"yoast-schema-graph\">{\"@context\":\"https:\/\/schema.org\",\"@graph\":[{\"@type\":\"WebPage\",\"@id\":\"https:\/\/www.dutchfem.com\/fr\/acheter\/t-shirt-unisexe-noir-a-slogan-avec-dutchfem-purple-og-kush\/\",\"url\":\"https:\/\/www.dutchfem.com\/fr\/acheter\/t-shirt-unisexe-noir-a-slogan-avec-dutchfem-purple-og-kush\/\",\"name\":\"T-shirt unisexe noir \u00e0 slogan avec Dutchfem Purple OG Kush - Dutchfem\",\"isPartOf\":{\"@id\":\"https:\/\/www.dutchfem.com\/#website\"},\"primaryImageOfPage\":{\"@id\":\"https:\/\/www.dutchfem.com\/fr\/acheter\/t-shirt-unisexe-noir-a-slogan-avec-dutchfem-purple-og-kush\/#primaryimage\"},\"image\":{\"@id\":\"https:\/\/www.dutchfem.com\/fr\/acheter\/t-shirt-unisexe-noir-a-slogan-avec-dutchfem-purple-og-kush\/#primaryimage\"},\"thumbnailUrl\":\"https:\/\/www.dutchfem.com\/wp-content\/uploads\/2020\/11\/tshirt-purple-OG-zwart-1-e1708213555954.jpg\",\"datePublished\":\"2020-11-13T21:55:14+00:00\",\"dateModified\":\"2024-04-08T17:58:40+00:00\",\"breadcrumb\":{\"@id\":\"https:\/\/www.dutchfem.com\/fr\/acheter\/t-shirt-unisexe-noir-a-slogan-avec-dutchfem-purple-og-kush\/#breadcrumb\"},\"inLanguage\":\"fr-FR\",\"potentialAction\":[{\"@type\":\"ReadAction\",\"target\":[\"https:\/\/www.dutchfem.com\/fr\/acheter\/t-shirt-unisexe-noir-a-slogan-avec-dutchfem-purple-og-kush\/\"]}]},{\"@type\":\"ImageObject\",\"inLanguage\":\"fr-FR\",\"@id\":\"https:\/\/www.dutchfem.com\/fr\/acheter\/t-shirt-unisexe-noir-a-slogan-avec-dutchfem-purple-og-kush\/#primaryimage\",\"url\":\"https:\/\/www.dutchfem.com\/wp-content\/uploads\/2020\/11\/tshirt-purple-OG-zwart-1-e1708213555954.jpg\",\"contentUrl\":\"https:\/\/www.dutchfem.com\/wp-content\/uploads\/2020\/11\/tshirt-purple-OG-zwart-1-e1708213555954.jpg\",\"width\":640,\"height\":640},{\"@type\":\"BreadcrumbList\",\"@id\":\"https:\/\/www.dutchfem.com\/fr\/acheter\/t-shirt-unisexe-noir-a-slogan-avec-dutchfem-purple-og-kush\/#breadcrumb\",\"itemListElement\":[{\"@type\":\"ListItem\",\"position\":1,\"name\":\"Home\",\"item\":\"https:\/\/www.dutchfem.com\/fr\/\"},{\"@type\":\"ListItem\",\"position\":2,\"name\":\"Boutique\",\"item\":\"https:\/\/www.dutchfem.com\/fr\/boutique\/\"},{\"@type\":\"ListItem\",\"position\":3,\"name\":\"T-shirt unisexe noir \u00e0 slogan avec Dutchfem Purple OG Kush\"}]},{\"@type\":\"WebSite\",\"@id\":\"https:\/\/www.dutchfem.com\/#website\",\"url\":\"https:\/\/www.dutchfem.com\/\",\"name\":\"Dutchfem\",\"description\":\"Buy Feminized Cannabis Seeds - Autoflowering Seeds - Medical Marijuana Seeds &amp; CBD Oil online\",\"publisher\":{\"@id\":\"https:\/\/www.dutchfem.com\/#organization\"},\"potentialAction\":[{\"@type\":\"SearchAction\",\"target\":{\"@type\":\"EntryPoint\",\"urlTemplate\":\"https:\/\/www.dutchfem.com\/?s={search_term_string}\"},\"query-input\":{\"@type\":\"PropertyValueSpecification\",\"valueRequired\":true,\"valueName\":\"search_term_string\"}}],\"inLanguage\":\"fr-FR\"},{\"@type\":\"Organization\",\"@id\":\"https:\/\/www.dutchfem.com\/#organization\",\"name\":\"Dutchfem Cannabis Seeds\",\"url\":\"https:\/\/www.dutchfem.com\/\",\"logo\":{\"@type\":\"ImageObject\",\"inLanguage\":\"fr-FR\",\"@id\":\"https:\/\/www.dutchfem.com\/#\/schema\/logo\/image\/\",\"url\":\"https:\/\/www.dutchfem.com\/wp-content\/uploads\/2017\/10\/logo_Dutchfem-web.png\",\"contentUrl\":\"https:\/\/www.dutchfem.com\/wp-content\/uploads\/2017\/10\/logo_Dutchfem-web.png\",\"width\":825,\"height\":288,\"caption\":\"Dutchfem Cannabis Seeds\"},\"image\":{\"@id\":\"https:\/\/www.dutchfem.com\/#\/schema\/logo\/image\/\"},\"sameAs\":[\"https:\/\/www.facebook.com\/Dutchfem\/\",\"https:\/\/x.com\/dutchfem\",\"https:\/\/www.instagram.com\/dutchfemseeds\/\",\"https:\/\/www.youtube.com\/@Dutchfem\",\"https:\/\/nl.pinterest.com\/dutchfem\/\",\"https:\/\/bsky.app\/profile\/dutchfem.bsky.social\",\"https:\/\/www.threads.com\/@dutchfemseeds?igshid=NTc4MTIwNjQ2YQ\",\"https:\/\/www.tumblr.com\/dutchfemseeds\"]}]}<\/script>\n<!-- \/ Yoast SEO plugin. -->","yoast_head_json":{"title":"T-shirt unisexe noir \u00e0 slogan avec Dutchfem Purple OG Kush - Dutchfem","robots":{"index":"index","follow":"follow","max-snippet":"max-snippet:-1","max-image-preview":"max-image-preview:large","max-video-preview":"max-video-preview:-1"},"canonical":"https:\/\/www.dutchfem.com\/fr\/acheter\/t-shirt-unisexe-noir-a-slogan-avec-dutchfem-purple-og-kush\/","og_locale":"fr_FR","og_type":"article","og_title":"T-shirt unisexe noir \u00e0 slogan avec Dutchfem Purple OG Kush - Dutchfem","og_description":"T-shirt unisexe noir Dutchfem avec le slogan Purple OG Kush. Ce t-shirt unisexe \u00e0 manches courtes noir est le compl\u00e9ment parfait \u00e0 toute garde-robe des amateurs de Dutchfem et OG Kush. 100% coton biologique qui ne nuit pas \u00e0 l'environnement et assure un confort total. Disponible en petit, moyen, grand et tr\u00e8s grand.","og_url":"https:\/\/www.dutchfem.com\/fr\/acheter\/t-shirt-unisexe-noir-a-slogan-avec-dutchfem-purple-og-kush\/","og_site_name":"Dutchfem","article_publisher":"https:\/\/www.facebook.com\/Dutchfem\/","article_modified_time":"2024-04-08T17:58:40+00:00","og_image":[{"width":640,"height":640,"url":"https:\/\/www.dutchfem.com\/wp-content\/uploads\/2020\/11\/tshirt-purple-OG-zwart-1-e1708213555954.jpg","type":"image\/jpeg"}],"twitter_card":"summary_large_image","twitter_site":"@dutchfem","schema":{"@context":"https:\/\/schema.org","@graph":[{"@type":"WebPage","@id":"https:\/\/www.dutchfem.com\/fr\/acheter\/t-shirt-unisexe-noir-a-slogan-avec-dutchfem-purple-og-kush\/","url":"https:\/\/www.dutchfem.com\/fr\/acheter\/t-shirt-unisexe-noir-a-slogan-avec-dutchfem-purple-og-kush\/","name":"T-shirt unisexe noir \u00e0 slogan avec Dutchfem Purple OG Kush - Dutchfem","isPartOf":{"@id":"https:\/\/www.dutchfem.com\/#website"},"primaryImageOfPage":{"@id":"https:\/\/www.dutchfem.com\/fr\/acheter\/t-shirt-unisexe-noir-a-slogan-avec-dutchfem-purple-og-kush\/#primaryimage"},"image":{"@id":"https:\/\/www.dutchfem.com\/fr\/acheter\/t-shirt-unisexe-noir-a-slogan-avec-dutchfem-purple-og-kush\/#primaryimage"},"thumbnailUrl":"https:\/\/www.dutchfem.com\/wp-content\/uploads\/2020\/11\/tshirt-purple-OG-zwart-1-e1708213555954.jpg","datePublished":"2020-11-13T21:55:14+00:00","dateModified":"2024-04-08T17:58:40+00:00","breadcrumb":{"@id":"https:\/\/www.dutchfem.com\/fr\/acheter\/t-shirt-unisexe-noir-a-slogan-avec-dutchfem-purple-og-kush\/#breadcrumb"},"inLanguage":"fr-FR","potentialAction":[{"@type":"ReadAction","target":["https:\/\/www.dutchfem.com\/fr\/acheter\/t-shirt-unisexe-noir-a-slogan-avec-dutchfem-purple-og-kush\/"]}]},{"@type":"ImageObject","inLanguage":"fr-FR","@id":"https:\/\/www.dutchfem.com\/fr\/acheter\/t-shirt-unisexe-noir-a-slogan-avec-dutchfem-purple-og-kush\/#primaryimage","url":"https:\/\/www.dutchfem.com\/wp-content\/uploads\/2020\/11\/tshirt-purple-OG-zwart-1-e1708213555954.jpg","contentUrl":"https:\/\/www.dutchfem.com\/wp-content\/uploads\/2020\/11\/tshirt-purple-OG-zwart-1-e1708213555954.jpg","width":640,"height":640},{"@type":"BreadcrumbList","@id":"https:\/\/www.dutchfem.com\/fr\/acheter\/t-shirt-unisexe-noir-a-slogan-avec-dutchfem-purple-og-kush\/#breadcrumb","itemListElement":[{"@type":"ListItem","position":1,"name":"Home","item":"https:\/\/www.dutchfem.com\/fr\/"},{"@type":"ListItem","position":2,"name":"Boutique","item":"https:\/\/www.dutchfem.com\/fr\/boutique\/"},{"@type":"ListItem","position":3,"name":"T-shirt unisexe noir \u00e0 slogan avec Dutchfem Purple OG Kush"}]},{"@type":"WebSite","@id":"https:\/\/www.dutchfem.com\/#website","url":"https:\/\/www.dutchfem.com\/","name":"Dutchfem","description":"Buy Feminized Cannabis Seeds - Autoflowering Seeds - Medical Marijuana Seeds &amp; CBD Oil online","publisher":{"@id":"https:\/\/www.dutchfem.com\/#organization"},"potentialAction":[{"@type":"SearchAction","target":{"@type":"EntryPoint","urlTemplate":"https:\/\/www.dutchfem.com\/?s={search_term_string}"},"query-input":{"@type":"PropertyValueSpecification","valueRequired":true,"valueName":"search_term_string"}}],"inLanguage":"fr-FR"},{"@type":"Organization","@id":"https:\/\/www.dutchfem.com\/#organization","name":"Dutchfem Cannabis Seeds","url":"https:\/\/www.dutchfem.com\/","logo":{"@type":"ImageObject","inLanguage":"fr-FR","@id":"https:\/\/www.dutchfem.com\/#\/schema\/logo\/image\/","url":"https:\/\/www.dutchfem.com\/wp-content\/uploads\/2017\/10\/logo_Dutchfem-web.png","contentUrl":"https:\/\/www.dutchfem.com\/wp-content\/uploads\/2017\/10\/logo_Dutchfem-web.png","width":825,"height":288,"caption":"Dutchfem Cannabis Seeds"},"image":{"@id":"https:\/\/www.dutchfem.com\/#\/schema\/logo\/image\/"},"sameAs":["https:\/\/www.facebook.com\/Dutchfem\/","https:\/\/x.com\/dutchfem","https:\/\/www.instagram.com\/dutchfemseeds\/","https:\/\/www.youtube.com\/@Dutchfem","https:\/\/nl.pinterest.com\/dutchfem\/","https:\/\/bsky.app\/profile\/dutchfem.bsky.social","https:\/\/www.threads.com\/@dutchfemseeds?igshid=NTc4MTIwNjQ2YQ","https:\/\/www.tumblr.com\/dutchfemseeds"]}]}},"_links":{"self":[{"href":"https:\/\/www.dutchfem.com\/fr\/wp-json\/wp\/v2\/product\/9776","targetHints":{"allow":["GET"]}}],"collection":[{"href":"https:\/\/www.dutchfem.com\/fr\/wp-json\/wp\/v2\/product"}],"about":[{"href":"https:\/\/www.dutchfem.com\/fr\/wp-json\/wp\/v2\/types\/product"}],"replies":[{"embeddable":true,"href":"https:\/\/www.dutchfem.com\/fr\/wp-json\/wp\/v2\/comments?post=9776"}],"wp:featuredmedia":[{"embeddable":true,"href":"https:\/\/www.dutchfem.com\/fr\/wp-json\/wp\/v2\/media\/26391"}],"wp:attachment":[{"href":"https:\/\/www.dutchfem.com\/fr\/wp-json\/wp\/v2\/media?parent=9776"}],"wp:term":[{"taxonomy":"product_brand","embeddable":true,"href":"https:\/\/www.dutchfem.com\/fr\/wp-json\/wp\/v2\/product_brand?post=9776"},{"taxonomy":"product_cat","embeddable":true,"href":"https:\/\/www.dutchfem.com\/fr\/wp-json\/wp\/v2\/product_cat?post=9776"},{"taxonomy":"product_tag","embeddable":true,"href":"https:\/\/www.dutchfem.com\/fr\/wp-json\/wp\/v2\/product_tag?post=9776"}],"curies":[{"name":"wp","href":"https:\/\/api.w.org\/{rel}","templated":true}]}}