{"id":4962,"date":"2018-05-01T22:25:04","date_gmt":"2018-05-01T22:25:04","guid":{"rendered":"https:\/\/www.dutchfem.com\/?page_id=4962"},"modified":"2018-05-01T22:25:04","modified_gmt":"2018-05-01T22:25:04","slug":"politica-di-ritorno","status":"publish","type":"page","link":"https:\/\/www.dutchfem.com\/it\/politica-di-ritorno\/","title":{"rendered":"Politica di ritorno"},"content":{"rendered":"<h3 style=\"text-align: center;\">Politica di ritorno<\/h3>\n<p>1. Il consumatore pu\u00f2 venire ad un accordo per quanto riguarda l&#8217;acquisto di un prodotto durante il periodo di max 14giorni senza fornire alcuna motivazione. L&#8217;imprenditore pu\u00f2 chiedere al consumatore il motivo o causa in caso di restituzione.<br \/>\n2. In caso d&#8217;ordine se il consumatore tira in ballo una terza parte o una terza persona questa non viene riconosciuta e quindi non pu\u00f2 ricevere il prodotto.:<br \/>\n3. Se il consumatore ha ordinato pi\u00f9 prodotti allo stesso tempo per sbaglio quando ricever\u00e0 l&#8217;ultimo prodotto allora potr\u00e0 annullare l&#8217;ordine multiplo.<br \/>\n4. Se la consegna del prodotto \u00e8 costituita da diverse consegne o parti riceverete tutti i prodotti nell&#8217;indirizzo dell&#8217;ultima consegna.<br \/>\n5. Con un accordo per le consegne regolamentate dei prodotti durante un periodo specifico il consumatore o loro terzi riceveranno il primo prodotto.<br \/>\n6. L&#8217;imballaggio verr\u00e0 inviato non aperto,se avete bisogno di restituzione non vi sar\u00e0 alcun modo di averla se aprite l&#8217;imballaggio del pacco.<\/p>\n","protected":false},"excerpt":{"rendered":"<p>Politica di ritorno 1. Il consumatore pu\u00f2 venire ad un accordo per quanto riguarda l&#8217;acquisto di un prodotto durante il periodo di max 14giorni senza fornire alcuna motivazione. L&#8217;imprenditore pu\u00f2<\/p>\n","protected":false},"author":2,"featured_media":0,"parent":0,"menu_order":0,"comment_status":"closed","ping_status":"closed","template":"","meta":{"_exactmetrics_skip_tracking":false,"_exactmetrics_sitenote_active":false,"_exactmetrics_sitenote_note":"","_exactmetrics_sitenote_category":0,"footnotes":""},"class_list":["post-4962","page","type-page","status-publish","hentry"],"yoast_head":"<!-- This site is optimized with the Yoast SEO plugin v26.9 - https:\/\/yoast.com\/product\/yoast-seo-wordpress\/ -->\n<title>Politica di ritorno - Dutchfem<\/title>\n<meta name=\"robots\" content=\"index, follow, max-snippet:-1, max-image-preview:large, max-video-preview:-1\" \/>\n<link rel=\"canonical\" href=\"https:\/\/www.dutchfem.com\/it\/politica-di-ritorno\/\" \/>\n<meta property=\"og:locale\" content=\"it_IT\" \/>\n<meta property=\"og:type\" content=\"article\" \/>\n<meta property=\"og:title\" content=\"Politica di ritorno - Dutchfem\" \/>\n<meta property=\"og:description\" content=\"Politica di ritorno 1. Il consumatore pu\u00f2 venire ad un accordo per quanto riguarda l&#8217;acquisto di un prodotto durante il periodo di max 14giorni senza fornire alcuna motivazione. L&#8217;imprenditore pu\u00f2\" \/>\n<meta property=\"og:url\" content=\"https:\/\/www.dutchfem.com\/it\/politica-di-ritorno\/\" \/>\n<meta property=\"og:site_name\" content=\"Dutchfem\" \/>\n<meta property=\"article:publisher\" content=\"https:\/\/www.facebook.com\/Dutchfem\/\" \/>\n<meta property=\"og:image\" content=\"https:\/\/www.dutchfem.com\/wp-content\/uploads\/2021\/03\/fb-front.jpg\" \/>\n\t<meta property=\"og:image:width\" content=\"1732\" \/>\n\t<meta property=\"og:image:height\" content=\"1732\" \/>\n\t<meta property=\"og:image:type\" content=\"image\/jpeg\" \/>\n<meta name=\"twitter:card\" content=\"summary_large_image\" \/>\n<meta name=\"twitter:site\" content=\"@dutchfem\" \/>\n<meta name=\"twitter:label1\" content=\"Tempo di lettura stimato\" \/>\n\t<meta name=\"twitter:data1\" content=\"1 minuto\" \/>\n<script type=\"application\/ld+json\" class=\"yoast-schema-graph\">{\"@context\":\"https:\/\/schema.org\",\"@graph\":[{\"@type\":\"WebPage\",\"@id\":\"https:\/\/www.dutchfem.com\/it\/politica-di-ritorno\/\",\"url\":\"https:\/\/www.dutchfem.com\/it\/politica-di-ritorno\/\",\"name\":\"Politica di ritorno - Dutchfem\",\"isPartOf\":{\"@id\":\"https:\/\/www.dutchfem.com\/#website\"},\"datePublished\":\"2018-05-01T22:25:04+00:00\",\"breadcrumb\":{\"@id\":\"https:\/\/www.dutchfem.com\/it\/politica-di-ritorno\/#breadcrumb\"},\"inLanguage\":\"it-IT\",\"potentialAction\":[{\"@type\":\"ReadAction\",\"target\":[\"https:\/\/www.dutchfem.com\/it\/politica-di-ritorno\/\"]}]},{\"@type\":\"BreadcrumbList\",\"@id\":\"https:\/\/www.dutchfem.com\/it\/politica-di-ritorno\/#breadcrumb\",\"itemListElement\":[{\"@type\":\"ListItem\",\"position\":1,\"name\":\"Home\",\"item\":\"https:\/\/www.dutchfem.com\/it\/\"},{\"@type\":\"ListItem\",\"position\":2,\"name\":\"Politica di ritorno\"}]},{\"@type\":\"WebSite\",\"@id\":\"https:\/\/www.dutchfem.com\/#website\",\"url\":\"https:\/\/www.dutchfem.com\/\",\"name\":\"Dutchfem\",\"description\":\"Buy Feminized Cannabis Seeds - Autoflowering Seeds - Medical Marijuana Seeds &amp; CBD Oil online\",\"publisher\":{\"@id\":\"https:\/\/www.dutchfem.com\/#organization\"},\"potentialAction\":[{\"@type\":\"SearchAction\",\"target\":{\"@type\":\"EntryPoint\",\"urlTemplate\":\"https:\/\/www.dutchfem.com\/?s={search_term_string}\"},\"query-input\":{\"@type\":\"PropertyValueSpecification\",\"valueRequired\":true,\"valueName\":\"search_term_string\"}}],\"inLanguage\":\"it-IT\"},{\"@type\":\"Organization\",\"@id\":\"https:\/\/www.dutchfem.com\/#organization\",\"name\":\"Dutchfem Cannabis Seeds\",\"url\":\"https:\/\/www.dutchfem.com\/\",\"logo\":{\"@type\":\"ImageObject\",\"inLanguage\":\"it-IT\",\"@id\":\"https:\/\/www.dutchfem.com\/#\/schema\/logo\/image\/\",\"url\":\"https:\/\/www.dutchfem.com\/wp-content\/uploads\/2017\/10\/logo_Dutchfem-web.png\",\"contentUrl\":\"https:\/\/www.dutchfem.com\/wp-content\/uploads\/2017\/10\/logo_Dutchfem-web.png\",\"width\":825,\"height\":288,\"caption\":\"Dutchfem Cannabis Seeds\"},\"image\":{\"@id\":\"https:\/\/www.dutchfem.com\/#\/schema\/logo\/image\/\"},\"sameAs\":[\"https:\/\/www.facebook.com\/Dutchfem\/\",\"https:\/\/x.com\/dutchfem\",\"https:\/\/www.instagram.com\/dutchfemseeds\/\",\"https:\/\/www.youtube.com\/@Dutchfem\",\"https:\/\/nl.pinterest.com\/dutchfem\/\",\"https:\/\/bsky.app\/profile\/dutchfem.bsky.social\",\"https:\/\/www.threads.com\/@dutchfemseeds?igshid=NTc4MTIwNjQ2YQ\",\"https:\/\/www.tumblr.com\/dutchfemseeds\"]}]}<\/script>\n<!-- \/ Yoast SEO plugin. -->","yoast_head_json":{"title":"Politica di ritorno - Dutchfem","robots":{"index":"index","follow":"follow","max-snippet":"max-snippet:-1","max-image-preview":"max-image-preview:large","max-video-preview":"max-video-preview:-1"},"canonical":"https:\/\/www.dutchfem.com\/it\/politica-di-ritorno\/","og_locale":"it_IT","og_type":"article","og_title":"Politica di ritorno - Dutchfem","og_description":"Politica di ritorno 1. Il consumatore pu\u00f2 venire ad un accordo per quanto riguarda l&#8217;acquisto di un prodotto durante il periodo di max 14giorni senza fornire alcuna motivazione. L&#8217;imprenditore pu\u00f2","og_url":"https:\/\/www.dutchfem.com\/it\/politica-di-ritorno\/","og_site_name":"Dutchfem","article_publisher":"https:\/\/www.facebook.com\/Dutchfem\/","og_image":[{"width":1732,"height":1732,"url":"https:\/\/www.dutchfem.com\/wp-content\/uploads\/2021\/03\/fb-front.jpg","type":"image\/jpeg"}],"twitter_card":"summary_large_image","twitter_site":"@dutchfem","twitter_misc":{"Tempo di lettura stimato":"1 minuto"},"schema":{"@context":"https:\/\/schema.org","@graph":[{"@type":"WebPage","@id":"https:\/\/www.dutchfem.com\/it\/politica-di-ritorno\/","url":"https:\/\/www.dutchfem.com\/it\/politica-di-ritorno\/","name":"Politica di ritorno - Dutchfem","isPartOf":{"@id":"https:\/\/www.dutchfem.com\/#website"},"datePublished":"2018-05-01T22:25:04+00:00","breadcrumb":{"@id":"https:\/\/www.dutchfem.com\/it\/politica-di-ritorno\/#breadcrumb"},"inLanguage":"it-IT","potentialAction":[{"@type":"ReadAction","target":["https:\/\/www.dutchfem.com\/it\/politica-di-ritorno\/"]}]},{"@type":"BreadcrumbList","@id":"https:\/\/www.dutchfem.com\/it\/politica-di-ritorno\/#breadcrumb","itemListElement":[{"@type":"ListItem","position":1,"name":"Home","item":"https:\/\/www.dutchfem.com\/it\/"},{"@type":"ListItem","position":2,"name":"Politica di ritorno"}]},{"@type":"WebSite","@id":"https:\/\/www.dutchfem.com\/#website","url":"https:\/\/www.dutchfem.com\/","name":"Dutchfem","description":"Buy Feminized Cannabis Seeds - Autoflowering Seeds - Medical Marijuana Seeds &amp; CBD Oil online","publisher":{"@id":"https:\/\/www.dutchfem.com\/#organization"},"potentialAction":[{"@type":"SearchAction","target":{"@type":"EntryPoint","urlTemplate":"https:\/\/www.dutchfem.com\/?s={search_term_string}"},"query-input":{"@type":"PropertyValueSpecification","valueRequired":true,"valueName":"search_term_string"}}],"inLanguage":"it-IT"},{"@type":"Organization","@id":"https:\/\/www.dutchfem.com\/#organization","name":"Dutchfem Cannabis Seeds","url":"https:\/\/www.dutchfem.com\/","logo":{"@type":"ImageObject","inLanguage":"it-IT","@id":"https:\/\/www.dutchfem.com\/#\/schema\/logo\/image\/","url":"https:\/\/www.dutchfem.com\/wp-content\/uploads\/2017\/10\/logo_Dutchfem-web.png","contentUrl":"https:\/\/www.dutchfem.com\/wp-content\/uploads\/2017\/10\/logo_Dutchfem-web.png","width":825,"height":288,"caption":"Dutchfem Cannabis Seeds"},"image":{"@id":"https:\/\/www.dutchfem.com\/#\/schema\/logo\/image\/"},"sameAs":["https:\/\/www.facebook.com\/Dutchfem\/","https:\/\/x.com\/dutchfem","https:\/\/www.instagram.com\/dutchfemseeds\/","https:\/\/www.youtube.com\/@Dutchfem","https:\/\/nl.pinterest.com\/dutchfem\/","https:\/\/bsky.app\/profile\/dutchfem.bsky.social","https:\/\/www.threads.com\/@dutchfemseeds?igshid=NTc4MTIwNjQ2YQ","https:\/\/www.tumblr.com\/dutchfemseeds"]}]}},"_links":{"self":[{"href":"https:\/\/www.dutchfem.com\/it\/wp-json\/wp\/v2\/pages\/4962","targetHints":{"allow":["GET"]}}],"collection":[{"href":"https:\/\/www.dutchfem.com\/it\/wp-json\/wp\/v2\/pages"}],"about":[{"href":"https:\/\/www.dutchfem.com\/it\/wp-json\/wp\/v2\/types\/page"}],"author":[{"embeddable":true,"href":"https:\/\/www.dutchfem.com\/it\/wp-json\/wp\/v2\/users\/2"}],"replies":[{"embeddable":true,"href":"https:\/\/www.dutchfem.com\/it\/wp-json\/wp\/v2\/comments?post=4962"}],"version-history":[{"count":0,"href":"https:\/\/www.dutchfem.com\/it\/wp-json\/wp\/v2\/pages\/4962\/revisions"}],"wp:attachment":[{"href":"https:\/\/www.dutchfem.com\/it\/wp-json\/wp\/v2\/media?parent=4962"}],"curies":[{"name":"wp","href":"https:\/\/api.w.org\/{rel}","templated":true}]}}