{"id":11327,"date":"2021-02-22T15:42:45","date_gmt":"2021-02-22T15:42:47","guid":{"rendered":"https:\/\/www.dutchfem.com\/?post_type=product&#038;p=11327"},"modified":"2024-04-26T23:38:48","modified_gmt":"2024-04-26T22:38:48","slug":"tag-dellimpianto","status":"publish","type":"product","link":"https:\/\/www.dutchfem.com\/it\/acquistare\/tag-dellimpianto\/","title":{"rendered":"Dutchfem tag dell&#8217;impianto"},"content":{"rendered":"<pre id=\"tw-target-text\" class=\"tw-data-text tw-text-large XcVN5d tw-ta\" dir=\"ltr\" data-placeholder=\"Vertaling\"><span lang=\"it\">Ogni coltivatore ha sperimentato dimenticando quale pianta era che, soprattutto all'inizio della loro crescita, si assomigliano molto.\r\nIl problema \u00e8 risolto con queste etichette vegetali e saprai sempre qual \u00e8 la variet\u00e0 della tua pianta\r\nCon queste etichette puoi organizzare pi\u00f9 ceppi e distinguerli facilmente\r\nQueste etichette sono lavabili in lavastoviglie e quindi riutilizzabili<\/span><\/pre>\n","protected":false},"excerpt":{"rendered":"<pre id=\"tw-target-text\" class=\"tw-data-text tw-text-large XcVN5d tw-ta\" dir=\"ltr\" data-placeholder=\"Vertaling\"><span lang=\"it\">Non confondere mai pi\u00f9 le tue variet\u00e0 di cannabis con queste etichette per piante Dutchfem<\/span><\/pre>\n","protected":false},"featured_media":26593,"comment_status":"open","ping_status":"closed","template":"","meta":{"_exactmetrics_skip_tracking":false,"_exactmetrics_sitenote_active":false,"_exactmetrics_sitenote_note":"","_exactmetrics_sitenote_category":0},"product_brand":[],"product_cat":[350],"product_tag":[],"class_list":{"0":"post-11327","1":"product","2":"type-product","3":"status-publish","4":"has-post-thumbnail","6":"product_cat-merce","8":"first","9":"instock","10":"taxable","11":"shipping-taxable","12":"purchasable","13":"product-type-simple"},"yoast_head":"<!-- This site is optimized with the Yoast SEO plugin v26.9 - https:\/\/yoast.com\/product\/yoast-seo-wordpress\/ -->\n<title>Acquista etichette per piante Dutchfem: spedizione veloce e discreta in tutto il mondo<\/title>\n<meta name=\"description\" content=\"Non confondere mai pi\u00f9 le tue variet\u00e0 di cannabis con queste etichette per piante Dutchfem\" \/>\n<meta name=\"robots\" content=\"index, follow, max-snippet:-1, max-image-preview:large, max-video-preview:-1\" \/>\n<link rel=\"canonical\" href=\"https:\/\/www.dutchfem.com\/it\/acquistare\/tag-dellimpianto\/\" \/>\n<meta property=\"og:locale\" content=\"it_IT\" \/>\n<meta property=\"og:type\" content=\"article\" \/>\n<meta property=\"og:title\" content=\"Acquista etichette per piante Dutchfem: spedizione veloce e discreta in tutto il mondo\" \/>\n<meta property=\"og:description\" content=\"Non confondere mai pi\u00f9 le tue variet\u00e0 di cannabis con queste etichette per piante Dutchfem\" \/>\n<meta property=\"og:url\" content=\"https:\/\/www.dutchfem.com\/it\/acquistare\/tag-dellimpianto\/\" \/>\n<meta property=\"og:site_name\" content=\"Dutchfem\" \/>\n<meta property=\"article:publisher\" content=\"https:\/\/www.facebook.com\/Dutchfem\/\" \/>\n<meta property=\"article:modified_time\" content=\"2024-04-26T22:38:48+00:00\" \/>\n<meta property=\"og:image\" content=\"https:\/\/www.dutchfem.com\/wp-content\/uploads\/2018\/05\/plant-tags.jpg\" \/>\n\t<meta property=\"og:image:width\" content=\"450\" \/>\n\t<meta property=\"og:image:height\" content=\"450\" \/>\n\t<meta property=\"og:image:type\" content=\"image\/jpeg\" \/>\n<meta name=\"twitter:card\" content=\"summary_large_image\" \/>\n<meta name=\"twitter:site\" content=\"@dutchfem\" \/>\n<script type=\"application\/ld+json\" class=\"yoast-schema-graph\">{\"@context\":\"https:\/\/schema.org\",\"@graph\":[{\"@type\":\"WebPage\",\"@id\":\"https:\/\/www.dutchfem.com\/it\/acquistare\/tag-dellimpianto\/\",\"url\":\"https:\/\/www.dutchfem.com\/it\/acquistare\/tag-dellimpianto\/\",\"name\":\"Acquista etichette per piante Dutchfem: spedizione veloce e discreta in tutto il mondo\",\"isPartOf\":{\"@id\":\"https:\/\/www.dutchfem.com\/#website\"},\"primaryImageOfPage\":{\"@id\":\"https:\/\/www.dutchfem.com\/it\/acquistare\/tag-dellimpianto\/#primaryimage\"},\"image\":{\"@id\":\"https:\/\/www.dutchfem.com\/it\/acquistare\/tag-dellimpianto\/#primaryimage\"},\"thumbnailUrl\":\"https:\/\/www.dutchfem.com\/wp-content\/uploads\/2018\/05\/plant-tags.jpg\",\"datePublished\":\"2021-02-22T15:42:47+00:00\",\"dateModified\":\"2024-04-26T22:38:48+00:00\",\"description\":\"Non confondere mai pi\u00f9 le tue variet\u00e0 di cannabis con queste etichette per piante Dutchfem\",\"breadcrumb\":{\"@id\":\"https:\/\/www.dutchfem.com\/it\/acquistare\/tag-dellimpianto\/#breadcrumb\"},\"inLanguage\":\"it-IT\",\"potentialAction\":[{\"@type\":\"ReadAction\",\"target\":[\"https:\/\/www.dutchfem.com\/it\/acquistare\/tag-dellimpianto\/\"]}]},{\"@type\":\"ImageObject\",\"inLanguage\":\"it-IT\",\"@id\":\"https:\/\/www.dutchfem.com\/it\/acquistare\/tag-dellimpianto\/#primaryimage\",\"url\":\"https:\/\/www.dutchfem.com\/wp-content\/uploads\/2018\/05\/plant-tags.jpg\",\"contentUrl\":\"https:\/\/www.dutchfem.com\/wp-content\/uploads\/2018\/05\/plant-tags.jpg\",\"width\":450,\"height\":450},{\"@type\":\"BreadcrumbList\",\"@id\":\"https:\/\/www.dutchfem.com\/it\/acquistare\/tag-dellimpianto\/#breadcrumb\",\"itemListElement\":[{\"@type\":\"ListItem\",\"position\":1,\"name\":\"Home\",\"item\":\"https:\/\/www.dutchfem.com\/it\/\"},{\"@type\":\"ListItem\",\"position\":2,\"name\":\"Negozio\",\"item\":\"https:\/\/www.dutchfem.com\/it\/negozio\/\"},{\"@type\":\"ListItem\",\"position\":3,\"name\":\"Dutchfem tag dell&#8217;impianto\"}]},{\"@type\":\"WebSite\",\"@id\":\"https:\/\/www.dutchfem.com\/#website\",\"url\":\"https:\/\/www.dutchfem.com\/\",\"name\":\"Dutchfem\",\"description\":\"Buy Feminized Cannabis Seeds - Autoflowering Seeds - Medical Marijuana Seeds &amp; CBD Oil online\",\"publisher\":{\"@id\":\"https:\/\/www.dutchfem.com\/#organization\"},\"potentialAction\":[{\"@type\":\"SearchAction\",\"target\":{\"@type\":\"EntryPoint\",\"urlTemplate\":\"https:\/\/www.dutchfem.com\/?s={search_term_string}\"},\"query-input\":{\"@type\":\"PropertyValueSpecification\",\"valueRequired\":true,\"valueName\":\"search_term_string\"}}],\"inLanguage\":\"it-IT\"},{\"@type\":\"Organization\",\"@id\":\"https:\/\/www.dutchfem.com\/#organization\",\"name\":\"Dutchfem Cannabis Seeds\",\"url\":\"https:\/\/www.dutchfem.com\/\",\"logo\":{\"@type\":\"ImageObject\",\"inLanguage\":\"it-IT\",\"@id\":\"https:\/\/www.dutchfem.com\/#\/schema\/logo\/image\/\",\"url\":\"https:\/\/www.dutchfem.com\/wp-content\/uploads\/2017\/10\/logo_Dutchfem-web.png\",\"contentUrl\":\"https:\/\/www.dutchfem.com\/wp-content\/uploads\/2017\/10\/logo_Dutchfem-web.png\",\"width\":825,\"height\":288,\"caption\":\"Dutchfem Cannabis Seeds\"},\"image\":{\"@id\":\"https:\/\/www.dutchfem.com\/#\/schema\/logo\/image\/\"},\"sameAs\":[\"https:\/\/www.facebook.com\/Dutchfem\/\",\"https:\/\/x.com\/dutchfem\",\"https:\/\/www.instagram.com\/dutchfemseeds\/\",\"https:\/\/www.youtube.com\/@Dutchfem\",\"https:\/\/nl.pinterest.com\/dutchfem\/\",\"https:\/\/bsky.app\/profile\/dutchfem.bsky.social\",\"https:\/\/www.threads.com\/@dutchfemseeds?igshid=NTc4MTIwNjQ2YQ\",\"https:\/\/www.tumblr.com\/dutchfemseeds\"]}]}<\/script>\n<!-- \/ Yoast SEO plugin. -->","yoast_head_json":{"title":"Acquista etichette per piante Dutchfem: spedizione veloce e discreta in tutto il mondo","description":"Non confondere mai pi\u00f9 le tue variet\u00e0 di cannabis con queste etichette per piante Dutchfem","robots":{"index":"index","follow":"follow","max-snippet":"max-snippet:-1","max-image-preview":"max-image-preview:large","max-video-preview":"max-video-preview:-1"},"canonical":"https:\/\/www.dutchfem.com\/it\/acquistare\/tag-dellimpianto\/","og_locale":"it_IT","og_type":"article","og_title":"Acquista etichette per piante Dutchfem: spedizione veloce e discreta in tutto il mondo","og_description":"Non confondere mai pi\u00f9 le tue variet\u00e0 di cannabis con queste etichette per piante Dutchfem","og_url":"https:\/\/www.dutchfem.com\/it\/acquistare\/tag-dellimpianto\/","og_site_name":"Dutchfem","article_publisher":"https:\/\/www.facebook.com\/Dutchfem\/","article_modified_time":"2024-04-26T22:38:48+00:00","og_image":[{"width":450,"height":450,"url":"https:\/\/www.dutchfem.com\/wp-content\/uploads\/2018\/05\/plant-tags.jpg","type":"image\/jpeg"}],"twitter_card":"summary_large_image","twitter_site":"@dutchfem","schema":{"@context":"https:\/\/schema.org","@graph":[{"@type":"WebPage","@id":"https:\/\/www.dutchfem.com\/it\/acquistare\/tag-dellimpianto\/","url":"https:\/\/www.dutchfem.com\/it\/acquistare\/tag-dellimpianto\/","name":"Acquista etichette per piante Dutchfem: spedizione veloce e discreta in tutto il mondo","isPartOf":{"@id":"https:\/\/www.dutchfem.com\/#website"},"primaryImageOfPage":{"@id":"https:\/\/www.dutchfem.com\/it\/acquistare\/tag-dellimpianto\/#primaryimage"},"image":{"@id":"https:\/\/www.dutchfem.com\/it\/acquistare\/tag-dellimpianto\/#primaryimage"},"thumbnailUrl":"https:\/\/www.dutchfem.com\/wp-content\/uploads\/2018\/05\/plant-tags.jpg","datePublished":"2021-02-22T15:42:47+00:00","dateModified":"2024-04-26T22:38:48+00:00","description":"Non confondere mai pi\u00f9 le tue variet\u00e0 di cannabis con queste etichette per piante Dutchfem","breadcrumb":{"@id":"https:\/\/www.dutchfem.com\/it\/acquistare\/tag-dellimpianto\/#breadcrumb"},"inLanguage":"it-IT","potentialAction":[{"@type":"ReadAction","target":["https:\/\/www.dutchfem.com\/it\/acquistare\/tag-dellimpianto\/"]}]},{"@type":"ImageObject","inLanguage":"it-IT","@id":"https:\/\/www.dutchfem.com\/it\/acquistare\/tag-dellimpianto\/#primaryimage","url":"https:\/\/www.dutchfem.com\/wp-content\/uploads\/2018\/05\/plant-tags.jpg","contentUrl":"https:\/\/www.dutchfem.com\/wp-content\/uploads\/2018\/05\/plant-tags.jpg","width":450,"height":450},{"@type":"BreadcrumbList","@id":"https:\/\/www.dutchfem.com\/it\/acquistare\/tag-dellimpianto\/#breadcrumb","itemListElement":[{"@type":"ListItem","position":1,"name":"Home","item":"https:\/\/www.dutchfem.com\/it\/"},{"@type":"ListItem","position":2,"name":"Negozio","item":"https:\/\/www.dutchfem.com\/it\/negozio\/"},{"@type":"ListItem","position":3,"name":"Dutchfem tag dell&#8217;impianto"}]},{"@type":"WebSite","@id":"https:\/\/www.dutchfem.com\/#website","url":"https:\/\/www.dutchfem.com\/","name":"Dutchfem","description":"Buy Feminized Cannabis Seeds - Autoflowering Seeds - Medical Marijuana Seeds &amp; CBD Oil online","publisher":{"@id":"https:\/\/www.dutchfem.com\/#organization"},"potentialAction":[{"@type":"SearchAction","target":{"@type":"EntryPoint","urlTemplate":"https:\/\/www.dutchfem.com\/?s={search_term_string}"},"query-input":{"@type":"PropertyValueSpecification","valueRequired":true,"valueName":"search_term_string"}}],"inLanguage":"it-IT"},{"@type":"Organization","@id":"https:\/\/www.dutchfem.com\/#organization","name":"Dutchfem Cannabis Seeds","url":"https:\/\/www.dutchfem.com\/","logo":{"@type":"ImageObject","inLanguage":"it-IT","@id":"https:\/\/www.dutchfem.com\/#\/schema\/logo\/image\/","url":"https:\/\/www.dutchfem.com\/wp-content\/uploads\/2017\/10\/logo_Dutchfem-web.png","contentUrl":"https:\/\/www.dutchfem.com\/wp-content\/uploads\/2017\/10\/logo_Dutchfem-web.png","width":825,"height":288,"caption":"Dutchfem Cannabis Seeds"},"image":{"@id":"https:\/\/www.dutchfem.com\/#\/schema\/logo\/image\/"},"sameAs":["https:\/\/www.facebook.com\/Dutchfem\/","https:\/\/x.com\/dutchfem","https:\/\/www.instagram.com\/dutchfemseeds\/","https:\/\/www.youtube.com\/@Dutchfem","https:\/\/nl.pinterest.com\/dutchfem\/","https:\/\/bsky.app\/profile\/dutchfem.bsky.social","https:\/\/www.threads.com\/@dutchfemseeds?igshid=NTc4MTIwNjQ2YQ","https:\/\/www.tumblr.com\/dutchfemseeds"]}]}},"_links":{"self":[{"href":"https:\/\/www.dutchfem.com\/it\/wp-json\/wp\/v2\/product\/11327","targetHints":{"allow":["GET"]}}],"collection":[{"href":"https:\/\/www.dutchfem.com\/it\/wp-json\/wp\/v2\/product"}],"about":[{"href":"https:\/\/www.dutchfem.com\/it\/wp-json\/wp\/v2\/types\/product"}],"replies":[{"embeddable":true,"href":"https:\/\/www.dutchfem.com\/it\/wp-json\/wp\/v2\/comments?post=11327"}],"wp:featuredmedia":[{"embeddable":true,"href":"https:\/\/www.dutchfem.com\/it\/wp-json\/wp\/v2\/media\/26593"}],"wp:attachment":[{"href":"https:\/\/www.dutchfem.com\/it\/wp-json\/wp\/v2\/media?parent=11327"}],"wp:term":[{"taxonomy":"product_brand","embeddable":true,"href":"https:\/\/www.dutchfem.com\/it\/wp-json\/wp\/v2\/product_brand?post=11327"},{"taxonomy":"product_cat","embeddable":true,"href":"https:\/\/www.dutchfem.com\/it\/wp-json\/wp\/v2\/product_cat?post=11327"},{"taxonomy":"product_tag","embeddable":true,"href":"https:\/\/www.dutchfem.com\/it\/wp-json\/wp\/v2\/product_tag?post=11327"}],"curies":[{"name":"wp","href":"https:\/\/api.w.org\/{rel}","templated":true}]}}