{"id":11844,"date":"2019-01-30T22:46:10","date_gmt":"2019-01-30T22:46:10","guid":{"rendered":"https:\/\/www.dutchfem.com\/buy\/medicure-2-0-semi-di-cbd\/"},"modified":"2024-02-02T14:59:56","modified_gmt":"2024-02-02T13:59:56","slug":"medicure-2-0-femminizzata","status":"publish","type":"product","link":"https:\/\/www.dutchfem.com\/it\/acquistare\/medicure-2-0-femminizzata\/","title":{"rendered":"medicure 2.0 femminizzata"},"content":{"rendered":"<p><strong>Medicure 2.0 Femminizzata<\/strong><\/p>\n<p>Realizzati per l&#8217;estrazione del CBD e per la canapa fumabile, questi semi di cannabis CBD femminizzati promettono un giardino facile, tutto al femminile, una crescita robusta e cime ricche di CBD che mostrano le caratteristiche eccezionali della Medicure 2.0. Elevate la vostra esperienza di coltivazione della cannabis con la convenienza e le propriet\u00e0 curative di questa variet\u00e0 ad alto contenuto di CBD e basso contenuto di THC.<\/p>\n<p>&nbsp;<\/p>\n<p><strong>Profilo del ceppo:<\/strong><br \/>\nI semi di cannabis Medicure 2.0 Femminizzata di Dutchfem sono stati accuratamente selezionati per offrire un profilo cannabinoide bilanciato, con alti livelli di CBD fino al 12% e un bassissimo contenuto di THC dello 0,2%. Questa variet\u00e0 assicura un giardino pieno di piante femminili resistenti e ricoperte di resina, pronte ad esprimere i tratti terapeutici e non intossicanti della Medicure 2.0 Femminizzata.<\/p>\n<p>&nbsp;<\/p>\n<p><strong>Aroma e sapore:<\/strong><br \/>\nAssecondate i vostri sensi nell&#8217;aroma sottile e terroso della Medicure 2.0. La variet\u00e0 vanta un profilo delicato ed erbaceo con note di agrumi, creando un&#8217;esperienza olfattiva che rispecchia la sua natura terapeutica. Man mano che le cime maturano, la fragranza si intensifica, promettendo un viaggio sensoriale pieno delle caratteristiche distintive della Medicure 2.0 Femminizzata. Al momento del consumo, si assapora un profilo gustativo caratterizzato da una miscela unica di terriccio e agrumi, offrendo un&#8217;esperienza soddisfacente di fumo o di vaping che incarna l&#8217;essenza della guarigione naturale.<\/p>\n<p>&nbsp;<\/p>\n<p><strong>Benefici della coltivazione:<\/strong><br \/>\nMedicure 2.0 \u00e8 ideale da coltivare per l&#8217;estrazione del CBD. \u00c8 stato il primo incrocio di canapa legale (Kompolti X Carmagnola) a raggiungere valori di CBD molto elevati grazie a un&#8217;ampia selezione, mantenendo il limite di THC al di sotto dello standard fissato dall&#8217;UE dello 0,2%. Di conseguenza, Medicure 2.0 Femminizzata \u00e8 gi\u00e0 stata ampiamente coltivata in molti Paesi, tra cui: Grecia, Italia, Ungheria, Bulgaria, Polonia, Repubblica Ceca, Romania, Svizzera, Austria, Spagna, Croazia, Germania e Paesi Bassi. La Medicure 2.0 \u00e8 anche molto adatta alla coltivazione di canapa fumabile.<\/p>\n<p>&nbsp;<\/p>\n<p><strong>Resa:<\/strong><br \/>\nPreparatevi a una resa gratificante con Medicure 2.0. Questi semi sono progettati per la produttivit\u00e0, offrendo generosi raccolti di cime resinose e ricche di CBD. Che siate coltivatori di canapa CBD, consumatori di cannabis terapeutica o appassionati di benessere, Medicure 2.0 \u00e8 una scelta affidabile per un campo pieno di cannabis curativa e produttiva.<\/p>\n<p>&nbsp;<\/p>\n<p><strong>Dimensioni e propriet\u00e0 curative:<\/strong><br \/>\nI semi di cannabis Medicure 2.0 Femminizzata incarnano l&#8217;essenza del benessere e della guarigione. Queste piante hanno dimensioni equilibrate, che le rendono adatte a diversi ambienti di coltivazione. La loro natura maneggevole aggiunge un livello di convenienza alla loro genetica terapeutica, assicurando un&#8217;esperienza di coltivazione facile e senza problemi sia per le configurazioni indoor che outdoor.<\/p>\n<p>&nbsp;<\/p>\n<p><strong>Effetti:<\/strong><br \/>\nProvate gli effetti dolci e rilassanti di Medicure 2.0. Con il suo alto contenuto di CBD e il minimo di THC, questa variet\u00e0 offre un&#8217;esperienza calmante senza effetti psicoattivi. Ideale per chi cerca sollievo da stress, ansia, infiammazioni e altri disturbi, Medicure 2.0 offre una sensazione di lucidit\u00e0 e relax. Immergetevi nel potenziale di guarigione che ha reso le variet\u00e0 ad alto contenuto di CBD un punto fermo per coloro che danno priorit\u00e0 al benessere.<\/p>\n<p>&nbsp;<\/p>\n<p><strong>Benefici terapeutici:<\/strong><br \/>\nAl di l\u00e0 del suo fascino ricreativo, Medicure 2.0 Femminizzata offre una serie di benefici terapeutici. L&#8217;alto contenuto di CBD della variet\u00e0 la rende un potenziale aiuto nella gestione dei sintomi di ansia, stress, dolore cronico e infiammazione. Gli effetti equilibrati e non intossicanti la rendono adatta agli utenti che cercano sollievo senza il tipico &#8220;high&#8221; associato alla cannabis.<\/p>\n<p>&nbsp;<\/p>\n<p><strong>Perch\u00e9 scegliere i semi di cannabis CBD femminizzati Medicure 2.0:<\/strong><\/p>\n<ul>\n<li>Alto CBD (fino al 12%) e basso THC (0,2%) per benefici terapeutici<\/li>\n<li>Semi di CBD femminizzati adatti a un giardino facile e tutto al femminile<\/li>\n<li>Aroma sottile e terroso con note di agrumi<\/li>\n<li>Elevate rese adatte all&#8217;estrazione di CBD e alla produzione di canapa fumabile<\/li>\n<li>Genetica forte con livelli stabili di CBD e THC<\/li>\n<li>Nessun effetto psicoattivo<\/li>\n<\/ul>\n<p>Coltivate un giardino di guarigione e benessere con i semi di cannabis Medicure 2.0 Femminizzata di Dutchfem. Elevate il vostro viaggio nella coltivazione della cannabis con questi semi di prima qualit\u00e0, che promettono sia genetiche terapeutiche che un&#8217;esperienza senza problemi e ad alto rendimento. Ordinate subito i semi di cannabis Medicure 2.0 e lanciatevi in un&#8217;avventura colturale con i tratti terapeutici e non intossicanti di questa variet\u00e0 ad alto contenuto di CBD e basso contenuto di THC.<\/p>\n<p><span style=\"color: #ff9900;\"><a style=\"color: #ff9900;\" href=\"https:\/\/www.instagram.com\/p\/B-aWnB8h41N\/\" target=\"_blank\" rel=\"noopener\">Medicure 2.0 in Austria<\/a><\/span><\/p>\n<p><span style=\"color: #ff9900;\"><a style=\"color: #ff9900;\" href=\"https:\/\/www.facebook.com\/Dutchfem\/photos\/pb.100063495100818.-2207520000\/2368239843394618\/?type=3\" target=\"_blank\" rel=\"noopener\">Medicure in Greece<\/a><\/span><\/p>\n<p><span style=\"color: #ff9900;\"><a style=\"color: #ff9900;\" href=\"https:\/\/www.instagram.com\/p\/CmP5RjIK2Jc\/\" target=\"_blank\" rel=\"noopener\">Medicure Feminized<\/a><\/span><\/p>\n<p><span style=\"color: #ff9900;\"><a style=\"color: #ff9900;\" href=\"https:\/\/www.facebook.com\/Dutchfem\/photos\/pb.100063495100818.-2207520000\/2269624039922866\/?type=3&amp;locale=nl_NL\" target=\"_blank\" rel=\"noopener\">Medicure 2.0<\/a><\/span><\/p>\n<p><span style=\"color: #ff9900;\"><a style=\"color: #ff9900;\" href=\"https:\/\/www.dutchfem.com\/it\/capire-come-funziona-il-cbd\/\" target=\"_blank\" rel=\"noopener\">Capire come funziona il CBD<\/a><\/span><\/p>\n<p><span style=\"color: #ff9900;\"><a style=\"color: #ff9900;\" href=\"https:\/\/www.dutchfem.com\/it\/larte-e-la-scienza-dietro-la-produzione-dellolio-di-cbd\/\" target=\"_blank\" rel=\"noopener\">L\u2019arte e la scienza dietro la produzione dell\u2019olio di CBD<\/a><\/span><\/p>\n<p><span style=\"color: #ff9900;\"><a style=\"color: #ff9900;\" href=\"https:\/\/www.dutchfem.com\/it\/come-funziona-la-cannabis-come-antidolorifico\/\" target=\"_blank\" rel=\"noopener\">Come funziona la cannabis come antidolorifico?<\/a><\/span><\/p>\n<p>&nbsp;<\/p>\n","protected":false},"excerpt":{"rendered":"<p>Scoprite il potenziale terapeutico dei semi di cannabis Medicure 2.0 di Dutchfem, una variet\u00e0 ad alto contenuto di CBD e a basso contenuto di THC progettata per coloro che cercano i benefici della cannabis senza gli effetti psicoattivi.<\/p>\n","protected":false},"featured_media":39087,"comment_status":"open","ping_status":"closed","template":"","meta":{"_exactmetrics_skip_tracking":false,"_exactmetrics_sitenote_active":false,"_exactmetrics_sitenote_note":"","_exactmetrics_sitenote_category":0},"product_brand":[],"product_cat":[108],"product_tag":[4308,4284,3538],"class_list":{"0":"post-11844","1":"product","2":"type-product","3":"status-publish","4":"has-post-thumbnail","6":"product_cat-semi-di-cannabis-cbd","7":"product_tag-cbd-it","8":"product_tag-femminilizzato","9":"product_tag-semi","11":"first","12":"instock","13":"taxable","14":"shipping-taxable","15":"purchasable","16":"product-type-variable","17":"has-default-attributes"},"yoast_head":"<!-- This site is optimized with the Yoast SEO plugin v26.9 - https:\/\/yoast.com\/product\/yoast-seo-wordpress\/ -->\n<title>Medicure 2.0 Femminizzata - acquistare semi CBD Dutchfem - 0,2% thc<\/title>\n<meta name=\"description\" content=\"Semi di cbd Medicure 2.0 Femminizzata, alti livelli di CBD (15%) e un THC estremamente basso (&lt;0,2%) per l&#039;estrazione del CBD - effetti non psicoattivi\" \/>\n<meta name=\"robots\" content=\"index, follow, max-snippet:-1, max-image-preview:large, max-video-preview:-1\" \/>\n<link rel=\"canonical\" href=\"https:\/\/www.dutchfem.com\/it\/acquistare\/medicure-2-0-femminizzata\/\" \/>\n<meta property=\"og:locale\" content=\"it_IT\" \/>\n<meta property=\"og:type\" content=\"article\" \/>\n<meta property=\"og:title\" content=\"Medicure 2.0 Femminizzata - acquistare semi CBD Dutchfem - 0,2% thc\" \/>\n<meta property=\"og:description\" content=\"Semi di cbd Medicure 2.0 Femminizzata, alti livelli di CBD (15%) e un THC estremamente basso (&lt;0,2%) per l&#039;estrazione del CBD - effetti non psicoattivi\" \/>\n<meta property=\"og:url\" content=\"https:\/\/www.dutchfem.com\/it\/acquistare\/medicure-2-0-femminizzata\/\" \/>\n<meta property=\"og:site_name\" content=\"Dutchfem\" \/>\n<meta property=\"article:publisher\" content=\"https:\/\/www.facebook.com\/Dutchfem\/\" \/>\n<meta property=\"article:modified_time\" content=\"2024-02-02T13:59:56+00:00\" \/>\n<meta property=\"og:image\" content=\"https:\/\/www.dutchfem.com\/wp-content\/uploads\/2019\/01\/medicure-e1706608226543.jpg\" \/>\n\t<meta property=\"og:image:width\" content=\"800\" \/>\n\t<meta property=\"og:image:height\" content=\"800\" \/>\n\t<meta property=\"og:image:type\" content=\"image\/jpeg\" \/>\n<meta name=\"twitter:card\" content=\"summary_large_image\" \/>\n<meta name=\"twitter:site\" content=\"@dutchfem\" \/>\n<meta name=\"twitter:label1\" content=\"Tempo di lettura stimato\" \/>\n\t<meta name=\"twitter:data1\" content=\"4 minuti\" \/>\n<script type=\"application\/ld+json\" class=\"yoast-schema-graph\">{\"@context\":\"https:\/\/schema.org\",\"@graph\":[{\"@type\":\"WebPage\",\"@id\":\"https:\/\/www.dutchfem.com\/it\/acquistare\/medicure-2-0-femminizzata\/\",\"url\":\"https:\/\/www.dutchfem.com\/it\/acquistare\/medicure-2-0-femminizzata\/\",\"name\":\"Medicure 2.0 Femminizzata - acquistare semi CBD Dutchfem - 0,2% thc\",\"isPartOf\":{\"@id\":\"https:\/\/www.dutchfem.com\/#website\"},\"primaryImageOfPage\":{\"@id\":\"https:\/\/www.dutchfem.com\/it\/acquistare\/medicure-2-0-femminizzata\/#primaryimage\"},\"image\":{\"@id\":\"https:\/\/www.dutchfem.com\/it\/acquistare\/medicure-2-0-femminizzata\/#primaryimage\"},\"thumbnailUrl\":\"https:\/\/www.dutchfem.com\/wp-content\/uploads\/2025\/05\/medicure-2.0-scaled-e1746895025942.jpeg\",\"datePublished\":\"2019-01-30T22:46:10+00:00\",\"dateModified\":\"2024-02-02T13:59:56+00:00\",\"description\":\"Semi di cbd Medicure 2.0 Femminizzata, alti livelli di CBD (15%) e un THC estremamente basso (&lt;0,2%) per l&#039;estrazione del CBD - effetti non psicoattivi\",\"breadcrumb\":{\"@id\":\"https:\/\/www.dutchfem.com\/it\/acquistare\/medicure-2-0-femminizzata\/#breadcrumb\"},\"inLanguage\":\"it-IT\",\"potentialAction\":[{\"@type\":\"ReadAction\",\"target\":[\"https:\/\/www.dutchfem.com\/it\/acquistare\/medicure-2-0-femminizzata\/\"]}]},{\"@type\":\"ImageObject\",\"inLanguage\":\"it-IT\",\"@id\":\"https:\/\/www.dutchfem.com\/it\/acquistare\/medicure-2-0-femminizzata\/#primaryimage\",\"url\":\"https:\/\/www.dutchfem.com\/wp-content\/uploads\/2025\/05\/medicure-2.0-scaled-e1746895025942.jpeg\",\"contentUrl\":\"https:\/\/www.dutchfem.com\/wp-content\/uploads\/2025\/05\/medicure-2.0-scaled-e1746895025942.jpeg\",\"width\":2560,\"height\":2560,\"caption\":\"medicure 2.0 feminized cbd seeds\"},{\"@type\":\"BreadcrumbList\",\"@id\":\"https:\/\/www.dutchfem.com\/it\/acquistare\/medicure-2-0-femminizzata\/#breadcrumb\",\"itemListElement\":[{\"@type\":\"ListItem\",\"position\":1,\"name\":\"Home\",\"item\":\"https:\/\/www.dutchfem.com\/it\/\"},{\"@type\":\"ListItem\",\"position\":2,\"name\":\"Negozio\",\"item\":\"https:\/\/www.dutchfem.com\/it\/negozio\/\"},{\"@type\":\"ListItem\",\"position\":3,\"name\":\"medicure 2.0 femminizzata\"}]},{\"@type\":\"WebSite\",\"@id\":\"https:\/\/www.dutchfem.com\/#website\",\"url\":\"https:\/\/www.dutchfem.com\/\",\"name\":\"Dutchfem\",\"description\":\"Buy Feminized Cannabis Seeds - Autoflowering Seeds - Medical Marijuana Seeds &amp; CBD Oil online\",\"publisher\":{\"@id\":\"https:\/\/www.dutchfem.com\/#organization\"},\"potentialAction\":[{\"@type\":\"SearchAction\",\"target\":{\"@type\":\"EntryPoint\",\"urlTemplate\":\"https:\/\/www.dutchfem.com\/?s={search_term_string}\"},\"query-input\":{\"@type\":\"PropertyValueSpecification\",\"valueRequired\":true,\"valueName\":\"search_term_string\"}}],\"inLanguage\":\"it-IT\"},{\"@type\":\"Organization\",\"@id\":\"https:\/\/www.dutchfem.com\/#organization\",\"name\":\"Dutchfem Cannabis Seeds\",\"url\":\"https:\/\/www.dutchfem.com\/\",\"logo\":{\"@type\":\"ImageObject\",\"inLanguage\":\"it-IT\",\"@id\":\"https:\/\/www.dutchfem.com\/#\/schema\/logo\/image\/\",\"url\":\"https:\/\/www.dutchfem.com\/wp-content\/uploads\/2017\/10\/logo_Dutchfem-web.png\",\"contentUrl\":\"https:\/\/www.dutchfem.com\/wp-content\/uploads\/2017\/10\/logo_Dutchfem-web.png\",\"width\":825,\"height\":288,\"caption\":\"Dutchfem Cannabis Seeds\"},\"image\":{\"@id\":\"https:\/\/www.dutchfem.com\/#\/schema\/logo\/image\/\"},\"sameAs\":[\"https:\/\/www.facebook.com\/Dutchfem\/\",\"https:\/\/x.com\/dutchfem\",\"https:\/\/www.instagram.com\/dutchfemseeds\/\",\"https:\/\/www.youtube.com\/@Dutchfem\",\"https:\/\/nl.pinterest.com\/dutchfem\/\",\"https:\/\/bsky.app\/profile\/dutchfem.bsky.social\",\"https:\/\/www.threads.com\/@dutchfemseeds?igshid=NTc4MTIwNjQ2YQ\",\"https:\/\/www.tumblr.com\/dutchfemseeds\"]}]}<\/script>\n<!-- \/ Yoast SEO plugin. -->","yoast_head_json":{"title":"Medicure 2.0 Femminizzata - acquistare semi CBD Dutchfem - 0,2% thc","description":"Semi di cbd Medicure 2.0 Femminizzata, alti livelli di CBD (15%) e un THC estremamente basso (&lt;0,2%) per l&#039;estrazione del CBD - effetti non psicoattivi","robots":{"index":"index","follow":"follow","max-snippet":"max-snippet:-1","max-image-preview":"max-image-preview:large","max-video-preview":"max-video-preview:-1"},"canonical":"https:\/\/www.dutchfem.com\/it\/acquistare\/medicure-2-0-femminizzata\/","og_locale":"it_IT","og_type":"article","og_title":"Medicure 2.0 Femminizzata - acquistare semi CBD Dutchfem - 0,2% thc","og_description":"Semi di cbd Medicure 2.0 Femminizzata, alti livelli di CBD (15%) e un THC estremamente basso (&lt;0,2%) per l&#039;estrazione del CBD - effetti non psicoattivi","og_url":"https:\/\/www.dutchfem.com\/it\/acquistare\/medicure-2-0-femminizzata\/","og_site_name":"Dutchfem","article_publisher":"https:\/\/www.facebook.com\/Dutchfem\/","article_modified_time":"2024-02-02T13:59:56+00:00","og_image":[{"width":800,"height":800,"url":"https:\/\/www.dutchfem.com\/wp-content\/uploads\/2019\/01\/medicure-e1706608226543.jpg","type":"image\/jpeg"}],"twitter_card":"summary_large_image","twitter_site":"@dutchfem","twitter_misc":{"Tempo di lettura stimato":"4 minuti"},"schema":{"@context":"https:\/\/schema.org","@graph":[{"@type":"WebPage","@id":"https:\/\/www.dutchfem.com\/it\/acquistare\/medicure-2-0-femminizzata\/","url":"https:\/\/www.dutchfem.com\/it\/acquistare\/medicure-2-0-femminizzata\/","name":"Medicure 2.0 Femminizzata - acquistare semi CBD Dutchfem - 0,2% thc","isPartOf":{"@id":"https:\/\/www.dutchfem.com\/#website"},"primaryImageOfPage":{"@id":"https:\/\/www.dutchfem.com\/it\/acquistare\/medicure-2-0-femminizzata\/#primaryimage"},"image":{"@id":"https:\/\/www.dutchfem.com\/it\/acquistare\/medicure-2-0-femminizzata\/#primaryimage"},"thumbnailUrl":"https:\/\/www.dutchfem.com\/wp-content\/uploads\/2025\/05\/medicure-2.0-scaled-e1746895025942.jpeg","datePublished":"2019-01-30T22:46:10+00:00","dateModified":"2024-02-02T13:59:56+00:00","description":"Semi di cbd Medicure 2.0 Femminizzata, alti livelli di CBD (15%) e un THC estremamente basso (&lt;0,2%) per l&#039;estrazione del CBD - effetti non psicoattivi","breadcrumb":{"@id":"https:\/\/www.dutchfem.com\/it\/acquistare\/medicure-2-0-femminizzata\/#breadcrumb"},"inLanguage":"it-IT","potentialAction":[{"@type":"ReadAction","target":["https:\/\/www.dutchfem.com\/it\/acquistare\/medicure-2-0-femminizzata\/"]}]},{"@type":"ImageObject","inLanguage":"it-IT","@id":"https:\/\/www.dutchfem.com\/it\/acquistare\/medicure-2-0-femminizzata\/#primaryimage","url":"https:\/\/www.dutchfem.com\/wp-content\/uploads\/2025\/05\/medicure-2.0-scaled-e1746895025942.jpeg","contentUrl":"https:\/\/www.dutchfem.com\/wp-content\/uploads\/2025\/05\/medicure-2.0-scaled-e1746895025942.jpeg","width":2560,"height":2560,"caption":"medicure 2.0 feminized cbd seeds"},{"@type":"BreadcrumbList","@id":"https:\/\/www.dutchfem.com\/it\/acquistare\/medicure-2-0-femminizzata\/#breadcrumb","itemListElement":[{"@type":"ListItem","position":1,"name":"Home","item":"https:\/\/www.dutchfem.com\/it\/"},{"@type":"ListItem","position":2,"name":"Negozio","item":"https:\/\/www.dutchfem.com\/it\/negozio\/"},{"@type":"ListItem","position":3,"name":"medicure 2.0 femminizzata"}]},{"@type":"WebSite","@id":"https:\/\/www.dutchfem.com\/#website","url":"https:\/\/www.dutchfem.com\/","name":"Dutchfem","description":"Buy Feminized Cannabis Seeds - Autoflowering Seeds - Medical Marijuana Seeds &amp; CBD Oil online","publisher":{"@id":"https:\/\/www.dutchfem.com\/#organization"},"potentialAction":[{"@type":"SearchAction","target":{"@type":"EntryPoint","urlTemplate":"https:\/\/www.dutchfem.com\/?s={search_term_string}"},"query-input":{"@type":"PropertyValueSpecification","valueRequired":true,"valueName":"search_term_string"}}],"inLanguage":"it-IT"},{"@type":"Organization","@id":"https:\/\/www.dutchfem.com\/#organization","name":"Dutchfem Cannabis Seeds","url":"https:\/\/www.dutchfem.com\/","logo":{"@type":"ImageObject","inLanguage":"it-IT","@id":"https:\/\/www.dutchfem.com\/#\/schema\/logo\/image\/","url":"https:\/\/www.dutchfem.com\/wp-content\/uploads\/2017\/10\/logo_Dutchfem-web.png","contentUrl":"https:\/\/www.dutchfem.com\/wp-content\/uploads\/2017\/10\/logo_Dutchfem-web.png","width":825,"height":288,"caption":"Dutchfem Cannabis Seeds"},"image":{"@id":"https:\/\/www.dutchfem.com\/#\/schema\/logo\/image\/"},"sameAs":["https:\/\/www.facebook.com\/Dutchfem\/","https:\/\/x.com\/dutchfem","https:\/\/www.instagram.com\/dutchfemseeds\/","https:\/\/www.youtube.com\/@Dutchfem","https:\/\/nl.pinterest.com\/dutchfem\/","https:\/\/bsky.app\/profile\/dutchfem.bsky.social","https:\/\/www.threads.com\/@dutchfemseeds?igshid=NTc4MTIwNjQ2YQ","https:\/\/www.tumblr.com\/dutchfemseeds"]}]}},"_links":{"self":[{"href":"https:\/\/www.dutchfem.com\/it\/wp-json\/wp\/v2\/product\/11844","targetHints":{"allow":["GET"]}}],"collection":[{"href":"https:\/\/www.dutchfem.com\/it\/wp-json\/wp\/v2\/product"}],"about":[{"href":"https:\/\/www.dutchfem.com\/it\/wp-json\/wp\/v2\/types\/product"}],"replies":[{"embeddable":true,"href":"https:\/\/www.dutchfem.com\/it\/wp-json\/wp\/v2\/comments?post=11844"}],"wp:featuredmedia":[{"embeddable":true,"href":"https:\/\/www.dutchfem.com\/it\/wp-json\/wp\/v2\/media\/39087"}],"wp:attachment":[{"href":"https:\/\/www.dutchfem.com\/it\/wp-json\/wp\/v2\/media?parent=11844"}],"wp:term":[{"taxonomy":"product_brand","embeddable":true,"href":"https:\/\/www.dutchfem.com\/it\/wp-json\/wp\/v2\/product_brand?post=11844"},{"taxonomy":"product_cat","embeddable":true,"href":"https:\/\/www.dutchfem.com\/it\/wp-json\/wp\/v2\/product_cat?post=11844"},{"taxonomy":"product_tag","embeddable":true,"href":"https:\/\/www.dutchfem.com\/it\/wp-json\/wp\/v2\/product_tag?post=11844"}],"curies":[{"name":"wp","href":"https:\/\/api.w.org\/{rel}","templated":true}]}}