{"id":36797,"date":"2025-03-06T00:37:30","date_gmt":"2025-03-13T15:39:24","guid":{"rendered":"https:\/\/www.dutchfem.com\/?post_type=product&#038;p=36797"},"modified":"2025-07-17T16:36:41","modified_gmt":"2025-07-17T14:36:41","slug":"platinum-girl-scout-cookies-autoflower","status":"publish","type":"product","link":"https:\/\/www.dutchfem.com\/it\/acquistare\/platinum-girl-scout-cookies-autoflower\/","title":{"rendered":"Platinum Girl Scout Cookies Autoflower"},"content":{"rendered":"<h2><strong>Platinum Girl Scout Cookies Autoflower<\/strong><\/h2>\n<p><b>Platinum Girl Scout Cookies Autoflower <\/b>Nota anche come <b>Platinum Cookies Autoflowering<\/b>, <b>Platinum GSC Auto<\/b> e <b>PGSCA<\/b>, \u00e8 una popolare variet\u00e0 di cannabis autofiorente che rappresenta la prossima evoluzione della GSC Autoflower. Questo ibrido vincitore di premi, un incrocio tra OG Kush, Durban Poison e una terza variet\u00e0 sconosciuta, ha il sapore di caramelle dolci con note speziate di cocktail di frutta.<\/p>\n<p><strong>Profilo della variet\u00e0<\/strong><\/p>\n<p>La <b>Platinum Girl Scout Cookies Autoflower<\/b> di Dutchfem, nota anche come <b>Platinum Cookies<\/b>, \u00e8 una versione autofiorente premium della leggendaria variet\u00e0 della West Coast. Questa variet\u00e0 \u00e8 un incrocio tra la rinomata <b>Platinum GSC<\/b>, la <b>genetica Ruderalis<\/b> e un&#8217;autofiorente olandese accuratamente selezionata, che garantisce una pianta a crescita rapida e di alta qualit\u00e0 con una potenza incredibile. La Platinum Cookies \u00e8 famosa per la sua genetica equilibrata al 60<b>% indica e al 40% sativa<\/b>, che offre un&#8217;esperienza completa adatta sia al relax che alla creativit\u00e0.<\/p>\n<p><strong>Effetti<\/strong><\/p>\n<p>La Platinum Cookies offre uno <b>sballo potente ma equilibrato<\/b>, che inizia con un effetto cerebrale edificante che migliora l&#8217;umore e la concentrazione. Man mano che gli effetti si intensificano, si instaura un rilassamento corporeo lenitivo, che scioglie lo stress e la tensione senza causare un&#8217;eccessiva sedazione. Questa variet\u00e0 \u00e8 perfetta per le situazioni sociali, i progetti creativi o semplicemente per rilassarsi dopo una lunga giornata. Grazie al suo moderato contenuto di THC <b>(22-26%)<\/b>, offre uno sballo euforico ma funzionale, che la rende una delle preferite sia dai consumatori ricreativi che da quelli terapeutici.<\/p>\n<p><strong>Gusto e aroma<\/strong><\/p>\n<p>Una delle qualit\u00e0 pi\u00f9 notevoli della Platinum Cookies \u00e8 il suo <b>gusto ricco e complesso<\/b>. Aspettati un <b>aroma dolce e terroso<\/b> con sentori di biscotti appena sfornati, vaniglia e sottili sfumature di menta. All&#8217;inalazione, proverai <b>sapori morbidi e cremosi<\/b> con un delizioso mix di note di nocciola e pasta. L&#8217;espirazione lascia una dolcezza persistente al palato, rendendo ogni boccata una delizia per i sensi.<\/p>\n<p><strong>Resa<\/strong><\/p>\n<p>Nonostante la sua natura autofiorente, la Platinum Cookies produce raccolti impressionanti. All&#8217;interno, i coltivatori possono aspettarsi <b>350-450 g\/m\u00b2<\/b>, mentre all&#8217;esterno le piante possono raggiungere <b>50-150 g per pianta<\/b>, a seconda delle condizioni. Grazie alla sua robusta genetica, questa variet\u00e0 offre <b>cime consistenti e ricche di resina<\/b>, rendendola una scelta eccellente per chi cerca raccolti di alta qualit\u00e0 in breve tempo.<\/p>\n<p><strong>Struttura della pianta<\/strong><\/p>\n<p>La Platinum Cookies Autoflower \u00e8 una <b>pianta compatta e cespugliosa<\/b>, che raggiunge in genere i <b>60-100 cm all&#8217;interno<\/b> e fino a <b>120 cm all&#8217;esterno<\/b>. La sua struttura \u00e8 caratterizzata da <b>rami spessi e robusti<\/b> e <b>cime dense e glassate<\/b> ricoperte di tricomi simili al platino. Le foglie mostrano <b>tonalit\u00e0 verde intenso con occasionali sfumature viola<\/b>, soprattutto se esposte a temperature pi\u00f9 fresche. Le sue <b>dimensioni discrete<\/b> la rendono ideale per piccoli spazi di coltivazione, balconi o coltivazioni di guerrilla.<\/p>\n<p><strong>Vantaggi della coltivazione<\/strong><\/p>\n<p>La Platinum Cookies \u00e8 una <b>variet\u00e0 a bassa manutenzione<\/b>, perfetta sia per i principianti che per i coltivatori esperti. I principali vantaggi includono:<\/p>\n<ul>\n<li><b>Rapida fioritura<\/b>: pronta per il raccolto in sole <b>9-10 settimane dal seme<\/b>.<\/li>\n<li><b>Genetica resistente<\/b>: forte resistenza a parassiti, muffe e malattie.<\/li>\n<li><b>Adattabilit\u00e0<\/b>: prospera in vari climi, sia coltivata indoor che outdoor.<\/li>\n<li><b>Elevata produzione di resina<\/b>: perfetta per concentrati ed estrazioni.<\/li>\n<\/ul>\n<p>Con una <b>formazione minima<\/b>, come il <b>Low-Stress Training (LST)<\/b>, i coltivatori possono massimizzare i raccolti mantenendo una chioma uniforme.<\/p>\n<h3><strong>Perch\u00e9 scegliere Dutchfem Platinum Cookies Autoflower?<\/strong><\/h3>\n<p>Dutchfem Platinum Girl Scout Cookies Autoflower offre una <b>lussuosa esperienza di coltivazione<\/b> con cime di qualit\u00e0 premium, un high equilibrato e un profilo aromatico irresistibile. Che tu sia un coltivatore alle prime armi o un appassionato di cannabis esperto, questa variet\u00e0 <b>offre risultati eccezionali con facilit\u00e0<\/b>. La sua <b>potenza, resistenza e il gusto<\/b> delizioso la rendono un must per qualsiasi collezione di cannabis.<\/p>\n<p>Coltiva il tuo lotto di <b>Platinum Cookies<\/b> e sperimenta la perfetta fusione tra la genetica della West Coast e l&#8217;esperienza olandese nella coltivazione, solo con Dutchfem!<\/p>\n<p style=\"text-align: center;\"><span style=\"color: #ff9900;\"><a style=\"color: #ff9900;\" href=\"https:\/\/www.dutchfem.com\/it\/coltivazione-di-piante-di-cannabis-autofiorenti\/\">Coltivare piante di cannabis autofiorenti<\/a><\/span><\/p>\n<p style=\"text-align: center;\"><span style=\"color: #ff9900;\"><a style=\"color: #ff9900;\" href=\"https:\/\/www.dutchfem.com\/it\/il-miglior-terreno-per-coltivare-semi-di-cannabis-autofiorenti\/\">Il terreno migliore per coltivare semi di cannabis autofiorenti<\/a><\/span><\/p>\n<p style=\"text-align: center;\"><span style=\"color: #ff9900;\"><a style=\"color: #ff9900;\" href=\"https:\/\/www.dutchfem.com\/it\/trasformare-le-piantine-di-cannabis-in-piante-rigogliose-e-sane\/\">Trasformare le piantine di cannabis in piante sane e rigogliose!<\/a><\/span><\/p>\n<p style=\"text-align: center;\"><span style=\"color: #ff9900;\"><a style=\"color: #ff9900;\" href=\"https:\/\/www.youtube.com\/@dutchfem\">Dutchfem YouTube<\/a><\/span><\/p>\n<p style=\"text-align: center;\"><span style=\"color: #ff9900;\"><a style=\"color: #ff9900;\" href=\"https:\/\/www.instagram.com\/dutchfemseeds\/\">Dutchfem Instagram<\/a><\/span><\/p>\n<p style=\"text-align: center;\"><span style=\"color: #ff9900;\"><a style=\"color: #ff9900;\" href=\"https:\/\/www.facebook.com\/Dutchfem\/\">Dutchfem Facebook<\/a><\/span><\/p>\n<p style=\"text-align: center;\">\n","protected":false},"excerpt":{"rendered":"<p>Cerchi una variet\u00e0 autofiorente potente, saporita e facile da coltivare? Scopri la Dutchfem Platinum Girl Scout Cookies Autoflower, nota anche come Platinum Cookies. Questa variet\u00e0 offre un perfetto equilibrio tra potenza, aroma e resistenza, che la rendono la scelta migliore per i coltivatori di tutti i livelli.<\/p>\n","protected":false},"featured_media":38979,"comment_status":"open","ping_status":"closed","template":"","meta":{"_exactmetrics_skip_tracking":false,"_exactmetrics_sitenote_active":false,"_exactmetrics_sitenote_note":"","_exactmetrics_sitenote_category":0},"product_brand":[],"product_cat":[106],"product_tag":[2809,3537,4445,4443,2808,5254,4444,3538],"class_list":{"0":"post-36797","1":"product","2":"type-product","3":"status-publish","4":"has-post-thumbnail","6":"product_cat-semi-di-cannabis-autofiorenti","7":"product_tag-autoflowering-it","8":"product_tag-cannabis-it","9":"product_tag-cookie","10":"product_tag-girl-it","11":"product_tag-mimosa-autofiorente","12":"product_tag-platinum-it","13":"product_tag-scout-it","14":"product_tag-semi","16":"first","17":"instock","18":"taxable","19":"shipping-taxable","20":"purchasable","21":"product-type-variable","22":"has-default-attributes"},"yoast_head":"<!-- This site is optimized with the Yoast SEO plugin v26.9 - https:\/\/yoast.com\/product\/yoast-seo-wordpress\/ -->\n<title>platinum girl scout cookies autoflower - buy Dutchfem Seeds online<\/title>\n<meta name=\"description\" content=\"Dutchfem Platinum Girl Scout Cookies Autoflower offre un&#039;esperienza di coltivazione di lusso con cime di alta qualit\u00e0 e un profilo aromatico irresistibile.\" \/>\n<meta name=\"robots\" content=\"index, follow, max-snippet:-1, max-image-preview:large, max-video-preview:-1\" \/>\n<link rel=\"canonical\" href=\"https:\/\/www.dutchfem.com\/it\/acquistare\/platinum-girl-scout-cookies-autoflower\/\" \/>\n<meta property=\"og:locale\" content=\"it_IT\" \/>\n<meta property=\"og:type\" content=\"article\" \/>\n<meta property=\"og:title\" content=\"platinum girl scout cookies autoflower - buy Dutchfem Seeds online\" \/>\n<meta property=\"og:description\" content=\"Dutchfem Platinum Girl Scout Cookies Autoflower offre un&#039;esperienza di coltivazione di lusso con cime di alta qualit\u00e0 e un profilo aromatico irresistibile.\" \/>\n<meta property=\"og:url\" content=\"https:\/\/www.dutchfem.com\/it\/acquistare\/platinum-girl-scout-cookies-autoflower\/\" \/>\n<meta property=\"og:site_name\" content=\"Dutchfem\" \/>\n<meta property=\"article:publisher\" content=\"https:\/\/www.facebook.com\/Dutchfem\/\" \/>\n<meta property=\"article:modified_time\" content=\"2025-07-17T14:36:41+00:00\" \/>\n<meta property=\"og:image\" content=\"https:\/\/www.dutchfem.com\/wp-content\/uploads\/2025\/05\/platinum-cookies-auto-e1746879544792.jpeg\" \/>\n\t<meta property=\"og:image:width\" content=\"2245\" \/>\n\t<meta property=\"og:image:height\" content=\"2245\" \/>\n\t<meta property=\"og:image:type\" content=\"image\/jpeg\" \/>\n<meta name=\"twitter:card\" content=\"summary_large_image\" \/>\n<meta name=\"twitter:site\" content=\"@dutchfem\" \/>\n<meta name=\"twitter:label1\" content=\"Tempo di lettura stimato\" \/>\n\t<meta name=\"twitter:data1\" content=\"4 minuti\" \/>\n<script type=\"application\/ld+json\" class=\"yoast-schema-graph\">{\"@context\":\"https:\/\/schema.org\",\"@graph\":[{\"@type\":\"WebPage\",\"@id\":\"https:\/\/www.dutchfem.com\/it\/acquistare\/platinum-girl-scout-cookies-autoflower\/\",\"url\":\"https:\/\/www.dutchfem.com\/it\/acquistare\/platinum-girl-scout-cookies-autoflower\/\",\"name\":\"platinum girl scout cookies autoflower - buy Dutchfem Seeds online\",\"isPartOf\":{\"@id\":\"https:\/\/www.dutchfem.com\/#website\"},\"primaryImageOfPage\":{\"@id\":\"https:\/\/www.dutchfem.com\/it\/acquistare\/platinum-girl-scout-cookies-autoflower\/#primaryimage\"},\"image\":{\"@id\":\"https:\/\/www.dutchfem.com\/it\/acquistare\/platinum-girl-scout-cookies-autoflower\/#primaryimage\"},\"thumbnailUrl\":\"https:\/\/www.dutchfem.com\/wp-content\/uploads\/2025\/05\/platinum-cookies-auto-e1746879544792.jpeg\",\"datePublished\":\"2025-03-13T15:39:24+00:00\",\"dateModified\":\"2025-07-17T14:36:41+00:00\",\"description\":\"Dutchfem Platinum Girl Scout Cookies Autoflower offre un'esperienza di coltivazione di lusso con cime di alta qualit\u00e0 e un profilo aromatico irresistibile.\",\"breadcrumb\":{\"@id\":\"https:\/\/www.dutchfem.com\/it\/acquistare\/platinum-girl-scout-cookies-autoflower\/#breadcrumb\"},\"inLanguage\":\"it-IT\",\"potentialAction\":[{\"@type\":\"ReadAction\",\"target\":[\"https:\/\/www.dutchfem.com\/it\/acquistare\/platinum-girl-scout-cookies-autoflower\/\"]}]},{\"@type\":\"ImageObject\",\"inLanguage\":\"it-IT\",\"@id\":\"https:\/\/www.dutchfem.com\/it\/acquistare\/platinum-girl-scout-cookies-autoflower\/#primaryimage\",\"url\":\"https:\/\/www.dutchfem.com\/wp-content\/uploads\/2025\/05\/platinum-cookies-auto-e1746879544792.jpeg\",\"contentUrl\":\"https:\/\/www.dutchfem.com\/wp-content\/uploads\/2025\/05\/platinum-cookies-auto-e1746879544792.jpeg\",\"width\":2245,\"height\":2245,\"caption\":\"platinum cookies autoflower\"},{\"@type\":\"BreadcrumbList\",\"@id\":\"https:\/\/www.dutchfem.com\/it\/acquistare\/platinum-girl-scout-cookies-autoflower\/#breadcrumb\",\"itemListElement\":[{\"@type\":\"ListItem\",\"position\":1,\"name\":\"Home\",\"item\":\"https:\/\/www.dutchfem.com\/it\/\"},{\"@type\":\"ListItem\",\"position\":2,\"name\":\"Negozio\",\"item\":\"https:\/\/www.dutchfem.com\/it\/negozio\/\"},{\"@type\":\"ListItem\",\"position\":3,\"name\":\"Platinum Girl Scout Cookies Autoflower\"}]},{\"@type\":\"WebSite\",\"@id\":\"https:\/\/www.dutchfem.com\/#website\",\"url\":\"https:\/\/www.dutchfem.com\/\",\"name\":\"Dutchfem\",\"description\":\"Buy Feminized Cannabis Seeds - Autoflowering Seeds - Medical Marijuana Seeds &amp; CBD Oil online\",\"publisher\":{\"@id\":\"https:\/\/www.dutchfem.com\/#organization\"},\"potentialAction\":[{\"@type\":\"SearchAction\",\"target\":{\"@type\":\"EntryPoint\",\"urlTemplate\":\"https:\/\/www.dutchfem.com\/?s={search_term_string}\"},\"query-input\":{\"@type\":\"PropertyValueSpecification\",\"valueRequired\":true,\"valueName\":\"search_term_string\"}}],\"inLanguage\":\"it-IT\"},{\"@type\":\"Organization\",\"@id\":\"https:\/\/www.dutchfem.com\/#organization\",\"name\":\"Dutchfem Cannabis Seeds\",\"url\":\"https:\/\/www.dutchfem.com\/\",\"logo\":{\"@type\":\"ImageObject\",\"inLanguage\":\"it-IT\",\"@id\":\"https:\/\/www.dutchfem.com\/#\/schema\/logo\/image\/\",\"url\":\"https:\/\/www.dutchfem.com\/wp-content\/uploads\/2017\/10\/logo_Dutchfem-web.png\",\"contentUrl\":\"https:\/\/www.dutchfem.com\/wp-content\/uploads\/2017\/10\/logo_Dutchfem-web.png\",\"width\":825,\"height\":288,\"caption\":\"Dutchfem Cannabis Seeds\"},\"image\":{\"@id\":\"https:\/\/www.dutchfem.com\/#\/schema\/logo\/image\/\"},\"sameAs\":[\"https:\/\/www.facebook.com\/Dutchfem\/\",\"https:\/\/x.com\/dutchfem\",\"https:\/\/www.instagram.com\/dutchfemseeds\/\",\"https:\/\/www.youtube.com\/@Dutchfem\",\"https:\/\/nl.pinterest.com\/dutchfem\/\",\"https:\/\/bsky.app\/profile\/dutchfem.bsky.social\",\"https:\/\/www.threads.com\/@dutchfemseeds?igshid=NTc4MTIwNjQ2YQ\",\"https:\/\/www.tumblr.com\/dutchfemseeds\"]}]}<\/script>\n<!-- \/ Yoast SEO plugin. -->","yoast_head_json":{"title":"platinum girl scout cookies autoflower - buy Dutchfem Seeds online","description":"Dutchfem Platinum Girl Scout Cookies Autoflower offre un'esperienza di coltivazione di lusso con cime di alta qualit\u00e0 e un profilo aromatico irresistibile.","robots":{"index":"index","follow":"follow","max-snippet":"max-snippet:-1","max-image-preview":"max-image-preview:large","max-video-preview":"max-video-preview:-1"},"canonical":"https:\/\/www.dutchfem.com\/it\/acquistare\/platinum-girl-scout-cookies-autoflower\/","og_locale":"it_IT","og_type":"article","og_title":"platinum girl scout cookies autoflower - buy Dutchfem Seeds online","og_description":"Dutchfem Platinum Girl Scout Cookies Autoflower offre un'esperienza di coltivazione di lusso con cime di alta qualit\u00e0 e un profilo aromatico irresistibile.","og_url":"https:\/\/www.dutchfem.com\/it\/acquistare\/platinum-girl-scout-cookies-autoflower\/","og_site_name":"Dutchfem","article_publisher":"https:\/\/www.facebook.com\/Dutchfem\/","article_modified_time":"2025-07-17T14:36:41+00:00","og_image":[{"width":2245,"height":2245,"url":"https:\/\/www.dutchfem.com\/wp-content\/uploads\/2025\/05\/platinum-cookies-auto-e1746879544792.jpeg","type":"image\/jpeg"}],"twitter_card":"summary_large_image","twitter_site":"@dutchfem","twitter_misc":{"Tempo di lettura stimato":"4 minuti"},"schema":{"@context":"https:\/\/schema.org","@graph":[{"@type":"WebPage","@id":"https:\/\/www.dutchfem.com\/it\/acquistare\/platinum-girl-scout-cookies-autoflower\/","url":"https:\/\/www.dutchfem.com\/it\/acquistare\/platinum-girl-scout-cookies-autoflower\/","name":"platinum girl scout cookies autoflower - buy Dutchfem Seeds online","isPartOf":{"@id":"https:\/\/www.dutchfem.com\/#website"},"primaryImageOfPage":{"@id":"https:\/\/www.dutchfem.com\/it\/acquistare\/platinum-girl-scout-cookies-autoflower\/#primaryimage"},"image":{"@id":"https:\/\/www.dutchfem.com\/it\/acquistare\/platinum-girl-scout-cookies-autoflower\/#primaryimage"},"thumbnailUrl":"https:\/\/www.dutchfem.com\/wp-content\/uploads\/2025\/05\/platinum-cookies-auto-e1746879544792.jpeg","datePublished":"2025-03-13T15:39:24+00:00","dateModified":"2025-07-17T14:36:41+00:00","description":"Dutchfem Platinum Girl Scout Cookies Autoflower offre un'esperienza di coltivazione di lusso con cime di alta qualit\u00e0 e un profilo aromatico irresistibile.","breadcrumb":{"@id":"https:\/\/www.dutchfem.com\/it\/acquistare\/platinum-girl-scout-cookies-autoflower\/#breadcrumb"},"inLanguage":"it-IT","potentialAction":[{"@type":"ReadAction","target":["https:\/\/www.dutchfem.com\/it\/acquistare\/platinum-girl-scout-cookies-autoflower\/"]}]},{"@type":"ImageObject","inLanguage":"it-IT","@id":"https:\/\/www.dutchfem.com\/it\/acquistare\/platinum-girl-scout-cookies-autoflower\/#primaryimage","url":"https:\/\/www.dutchfem.com\/wp-content\/uploads\/2025\/05\/platinum-cookies-auto-e1746879544792.jpeg","contentUrl":"https:\/\/www.dutchfem.com\/wp-content\/uploads\/2025\/05\/platinum-cookies-auto-e1746879544792.jpeg","width":2245,"height":2245,"caption":"platinum cookies autoflower"},{"@type":"BreadcrumbList","@id":"https:\/\/www.dutchfem.com\/it\/acquistare\/platinum-girl-scout-cookies-autoflower\/#breadcrumb","itemListElement":[{"@type":"ListItem","position":1,"name":"Home","item":"https:\/\/www.dutchfem.com\/it\/"},{"@type":"ListItem","position":2,"name":"Negozio","item":"https:\/\/www.dutchfem.com\/it\/negozio\/"},{"@type":"ListItem","position":3,"name":"Platinum Girl Scout Cookies Autoflower"}]},{"@type":"WebSite","@id":"https:\/\/www.dutchfem.com\/#website","url":"https:\/\/www.dutchfem.com\/","name":"Dutchfem","description":"Buy Feminized Cannabis Seeds - Autoflowering Seeds - Medical Marijuana Seeds &amp; CBD Oil online","publisher":{"@id":"https:\/\/www.dutchfem.com\/#organization"},"potentialAction":[{"@type":"SearchAction","target":{"@type":"EntryPoint","urlTemplate":"https:\/\/www.dutchfem.com\/?s={search_term_string}"},"query-input":{"@type":"PropertyValueSpecification","valueRequired":true,"valueName":"search_term_string"}}],"inLanguage":"it-IT"},{"@type":"Organization","@id":"https:\/\/www.dutchfem.com\/#organization","name":"Dutchfem Cannabis Seeds","url":"https:\/\/www.dutchfem.com\/","logo":{"@type":"ImageObject","inLanguage":"it-IT","@id":"https:\/\/www.dutchfem.com\/#\/schema\/logo\/image\/","url":"https:\/\/www.dutchfem.com\/wp-content\/uploads\/2017\/10\/logo_Dutchfem-web.png","contentUrl":"https:\/\/www.dutchfem.com\/wp-content\/uploads\/2017\/10\/logo_Dutchfem-web.png","width":825,"height":288,"caption":"Dutchfem Cannabis Seeds"},"image":{"@id":"https:\/\/www.dutchfem.com\/#\/schema\/logo\/image\/"},"sameAs":["https:\/\/www.facebook.com\/Dutchfem\/","https:\/\/x.com\/dutchfem","https:\/\/www.instagram.com\/dutchfemseeds\/","https:\/\/www.youtube.com\/@Dutchfem","https:\/\/nl.pinterest.com\/dutchfem\/","https:\/\/bsky.app\/profile\/dutchfem.bsky.social","https:\/\/www.threads.com\/@dutchfemseeds?igshid=NTc4MTIwNjQ2YQ","https:\/\/www.tumblr.com\/dutchfemseeds"]}]}},"_links":{"self":[{"href":"https:\/\/www.dutchfem.com\/it\/wp-json\/wp\/v2\/product\/36797","targetHints":{"allow":["GET"]}}],"collection":[{"href":"https:\/\/www.dutchfem.com\/it\/wp-json\/wp\/v2\/product"}],"about":[{"href":"https:\/\/www.dutchfem.com\/it\/wp-json\/wp\/v2\/types\/product"}],"replies":[{"embeddable":true,"href":"https:\/\/www.dutchfem.com\/it\/wp-json\/wp\/v2\/comments?post=36797"}],"wp:featuredmedia":[{"embeddable":true,"href":"https:\/\/www.dutchfem.com\/it\/wp-json\/wp\/v2\/media\/38979"}],"wp:attachment":[{"href":"https:\/\/www.dutchfem.com\/it\/wp-json\/wp\/v2\/media?parent=36797"}],"wp:term":[{"taxonomy":"product_brand","embeddable":true,"href":"https:\/\/www.dutchfem.com\/it\/wp-json\/wp\/v2\/product_brand?post=36797"},{"taxonomy":"product_cat","embeddable":true,"href":"https:\/\/www.dutchfem.com\/it\/wp-json\/wp\/v2\/product_cat?post=36797"},{"taxonomy":"product_tag","embeddable":true,"href":"https:\/\/www.dutchfem.com\/it\/wp-json\/wp\/v2\/product_tag?post=36797"}],"curies":[{"name":"wp","href":"https:\/\/api.w.org\/{rel}","templated":true}]}}