{"id":8747,"date":"2020-10-14T16:00:15","date_gmt":"2020-10-14T16:00:17","guid":{"rendered":"https:\/\/www.dutchfem.com\/?post_type=product&#038;p=8747"},"modified":"2020-10-31T22:28:08","modified_gmt":"2020-10-31T22:28:08","slug":"boveda-8gr","status":"publish","type":"product","link":"https:\/\/www.dutchfem.com\/it\/acquistare\/boveda-8gr\/","title":{"rendered":"Boveda confezione 2 vie umidit\u00e0 controllata 8gr"},"content":{"rendered":"<p>Controllo dell&#8217;umidit\u00e0 a 2 vie Boveda<\/p>\n<p>Con i semi Dutchfem coltivi le cime di cannabis pi\u00f9 belle e gustose nel tuo giardino. Dopo mesi di attesa, l&#8217;ultima cosa che vuoi \u00e8 che il loro gusto e profumo svaniscano. Per evitare ci\u00f2, \u00e8 importante asciugare adeguatamente le cime e successivamente curarle per 2-6 settimane. Con i pacchetti Boveda a 2 vie con controllo dell&#8217;umidit\u00e0 non mantieni solo il buon gusto e il profumo, ma mantieni anche gli stessi effetti curativi della cannabis. Si assicura che le tue cime abbiano l&#8217;umidit\u00e0 ideale. Non solo impedisce che le tue cime si secchino, ma rimuove anche l&#8217;umidit\u00e0 in eccesso dalle cime un po &#8216;troppo bagnate. Questo assicura che la tua coltivazione in casa non perda alcun gusto, profumo o effetto e ti assicura di poter godere delle tue variet\u00e0 preferite pi\u00f9 a lungo<\/p>\n<p>&nbsp;<\/p>\n<p>Rimuovi solo il sigillo di plastica e metti la confezione con le tue cime in vasi o sacchetti chiusi e il gioco \u00e8 fatto. Finch\u00e9 la confezione \u00e8 morbida, funziona ancora, la sostituisci solo quando la confezione diventa dura e solida.<\/p>\n<p>&nbsp;<\/p>\n<p>Non dovrai pi\u00f9 scherzare con bucce di frutta e \/ o salviettine umidificate per inumidire le tue cime secche, e niente pi\u00f9 muffe sulle tue cime perch\u00e9 le metti nella tua borsa o pentola un po &#8216;troppo bagnate.<\/p>\n<p>&nbsp;<\/p>\n<p>La confezione da 8gr di Boveda protegge fino a 30 grammi di cannabis<\/p>\n<p>&nbsp;<\/p>\n<p>Le confezioni di umidit\u00e0 controllata a 2 vie Boveda funzionano al meglio nelle pentole sigillabili sottovuoto, quindi ne ottieni 2 gratis con l&#8217;acquisto di un contenitore di stoccaggio Cvault<\/p>\n","protected":false},"excerpt":{"rendered":"<p>Con i pacchetti Boveda a 2 vie con controllo dell&#8217;umidit\u00e0 non mantieni solo il buon gusto e il profumo, ma mantieni anche gli stessi effetti curativi della cannabis. Si assicura che le tue cime abbiano l&#8217;umidit\u00e0 ideale.<\/p>\n","protected":false},"featured_media":8780,"comment_status":"open","ping_status":"closed","template":"","meta":{"_exactmetrics_skip_tracking":false,"_exactmetrics_sitenote_active":false,"_exactmetrics_sitenote_note":"","_exactmetrics_sitenote_category":0},"product_brand":[],"product_cat":[350],"product_tag":[],"class_list":{"0":"post-8747","1":"product","2":"type-product","3":"status-publish","4":"has-post-thumbnail","6":"product_cat-merce","8":"first","9":"outofstock","10":"taxable","11":"shipping-taxable","12":"purchasable","13":"product-type-variable","14":"has-default-attributes"},"yoast_head":"<!-- This site is optimized with the Yoast SEO plugin v26.9 - https:\/\/yoast.com\/product\/yoast-seo-wordpress\/ -->\n<title>Confezioni Boveda a due vie a umidit\u00e0 controllata<\/title>\n<meta name=\"description\" content=\"Il controllo dell&#039;umidit\u00e0 a 2 vie Boveda mantiene i tuoi fiori freschi fino a un anno e protegge le qualit\u00e0 medicinali e la potenza.\" \/>\n<meta name=\"robots\" content=\"index, follow, max-snippet:-1, max-image-preview:large, max-video-preview:-1\" \/>\n<link rel=\"canonical\" href=\"https:\/\/www.dutchfem.com\/it\/acquistare\/boveda-8gr\/\" \/>\n<meta property=\"og:locale\" content=\"it_IT\" \/>\n<meta property=\"og:type\" content=\"article\" \/>\n<meta property=\"og:title\" content=\"Confezioni Boveda a due vie a umidit\u00e0 controllata\" \/>\n<meta property=\"og:description\" content=\"Il controllo dell&#039;umidit\u00e0 a 2 vie Boveda mantiene i tuoi fiori freschi fino a un anno e protegge le qualit\u00e0 medicinali e la potenza.\" \/>\n<meta property=\"og:url\" content=\"https:\/\/www.dutchfem.com\/it\/acquistare\/boveda-8gr\/\" \/>\n<meta property=\"og:site_name\" content=\"Dutchfem\" \/>\n<meta property=\"article:publisher\" content=\"https:\/\/www.facebook.com\/Dutchfem\/\" \/>\n<meta property=\"article:modified_time\" content=\"2020-10-31T22:28:08+00:00\" \/>\n<meta property=\"og:image\" content=\"https:\/\/www.dutchfem.com\/wp-content\/uploads\/2020\/10\/C1366D6A-936D-420A-BACE-D7E70D5A7469-e1603565240729.png\" \/>\n\t<meta property=\"og:image:width\" content=\"1163\" \/>\n\t<meta property=\"og:image:height\" content=\"1060\" \/>\n\t<meta property=\"og:image:type\" content=\"image\/png\" \/>\n<meta name=\"twitter:card\" content=\"summary_large_image\" \/>\n<meta name=\"twitter:site\" content=\"@dutchfem\" \/>\n<meta name=\"twitter:label1\" content=\"Tempo di lettura stimato\" \/>\n\t<meta name=\"twitter:data1\" content=\"1 minuto\" \/>\n<script type=\"application\/ld+json\" class=\"yoast-schema-graph\">{\"@context\":\"https:\/\/schema.org\",\"@graph\":[{\"@type\":\"WebPage\",\"@id\":\"https:\/\/www.dutchfem.com\/it\/acquistare\/boveda-8gr\/\",\"url\":\"https:\/\/www.dutchfem.com\/it\/acquistare\/boveda-8gr\/\",\"name\":\"Confezioni Boveda a due vie a umidit\u00e0 controllata\",\"isPartOf\":{\"@id\":\"https:\/\/www.dutchfem.com\/#website\"},\"primaryImageOfPage\":{\"@id\":\"https:\/\/www.dutchfem.com\/it\/acquistare\/boveda-8gr\/#primaryimage\"},\"image\":{\"@id\":\"https:\/\/www.dutchfem.com\/it\/acquistare\/boveda-8gr\/#primaryimage\"},\"thumbnailUrl\":\"https:\/\/www.dutchfem.com\/wp-content\/uploads\/2020\/10\/C1366D6A-936D-420A-BACE-D7E70D5A7469-e1603565240729.png\",\"datePublished\":\"2020-10-14T16:00:17+00:00\",\"dateModified\":\"2020-10-31T22:28:08+00:00\",\"description\":\"Il controllo dell'umidit\u00e0 a 2 vie Boveda mantiene i tuoi fiori freschi fino a un anno e protegge le qualit\u00e0 medicinali e la potenza.\",\"breadcrumb\":{\"@id\":\"https:\/\/www.dutchfem.com\/it\/acquistare\/boveda-8gr\/#breadcrumb\"},\"inLanguage\":\"it-IT\",\"potentialAction\":[{\"@type\":\"ReadAction\",\"target\":[\"https:\/\/www.dutchfem.com\/it\/acquistare\/boveda-8gr\/\"]}]},{\"@type\":\"ImageObject\",\"inLanguage\":\"it-IT\",\"@id\":\"https:\/\/www.dutchfem.com\/it\/acquistare\/boveda-8gr\/#primaryimage\",\"url\":\"https:\/\/www.dutchfem.com\/wp-content\/uploads\/2020\/10\/C1366D6A-936D-420A-BACE-D7E70D5A7469-e1603565240729.png\",\"contentUrl\":\"https:\/\/www.dutchfem.com\/wp-content\/uploads\/2020\/10\/C1366D6A-936D-420A-BACE-D7E70D5A7469-e1603565240729.png\",\"width\":1163,\"height\":1060},{\"@type\":\"BreadcrumbList\",\"@id\":\"https:\/\/www.dutchfem.com\/it\/acquistare\/boveda-8gr\/#breadcrumb\",\"itemListElement\":[{\"@type\":\"ListItem\",\"position\":1,\"name\":\"Home\",\"item\":\"https:\/\/www.dutchfem.com\/it\/\"},{\"@type\":\"ListItem\",\"position\":2,\"name\":\"Negozio\",\"item\":\"https:\/\/www.dutchfem.com\/it\/negozio\/\"},{\"@type\":\"ListItem\",\"position\":3,\"name\":\"Boveda confezione 2 vie umidit\u00e0 controllata 8gr\"}]},{\"@type\":\"WebSite\",\"@id\":\"https:\/\/www.dutchfem.com\/#website\",\"url\":\"https:\/\/www.dutchfem.com\/\",\"name\":\"Dutchfem\",\"description\":\"Buy Feminized Cannabis Seeds - Autoflowering Seeds - Medical Marijuana Seeds &amp; CBD Oil online\",\"publisher\":{\"@id\":\"https:\/\/www.dutchfem.com\/#organization\"},\"potentialAction\":[{\"@type\":\"SearchAction\",\"target\":{\"@type\":\"EntryPoint\",\"urlTemplate\":\"https:\/\/www.dutchfem.com\/?s={search_term_string}\"},\"query-input\":{\"@type\":\"PropertyValueSpecification\",\"valueRequired\":true,\"valueName\":\"search_term_string\"}}],\"inLanguage\":\"it-IT\"},{\"@type\":\"Organization\",\"@id\":\"https:\/\/www.dutchfem.com\/#organization\",\"name\":\"Dutchfem Cannabis Seeds\",\"url\":\"https:\/\/www.dutchfem.com\/\",\"logo\":{\"@type\":\"ImageObject\",\"inLanguage\":\"it-IT\",\"@id\":\"https:\/\/www.dutchfem.com\/#\/schema\/logo\/image\/\",\"url\":\"https:\/\/www.dutchfem.com\/wp-content\/uploads\/2017\/10\/logo_Dutchfem-web.png\",\"contentUrl\":\"https:\/\/www.dutchfem.com\/wp-content\/uploads\/2017\/10\/logo_Dutchfem-web.png\",\"width\":825,\"height\":288,\"caption\":\"Dutchfem Cannabis Seeds\"},\"image\":{\"@id\":\"https:\/\/www.dutchfem.com\/#\/schema\/logo\/image\/\"},\"sameAs\":[\"https:\/\/www.facebook.com\/Dutchfem\/\",\"https:\/\/x.com\/dutchfem\",\"https:\/\/www.instagram.com\/dutchfemseeds\/\",\"https:\/\/www.youtube.com\/@Dutchfem\",\"https:\/\/nl.pinterest.com\/dutchfem\/\",\"https:\/\/bsky.app\/profile\/dutchfem.bsky.social\",\"https:\/\/www.threads.com\/@dutchfemseeds?igshid=NTc4MTIwNjQ2YQ\",\"https:\/\/www.tumblr.com\/dutchfemseeds\"]}]}<\/script>\n<!-- \/ Yoast SEO plugin. -->","yoast_head_json":{"title":"Confezioni Boveda a due vie a umidit\u00e0 controllata","description":"Il controllo dell'umidit\u00e0 a 2 vie Boveda mantiene i tuoi fiori freschi fino a un anno e protegge le qualit\u00e0 medicinali e la potenza.","robots":{"index":"index","follow":"follow","max-snippet":"max-snippet:-1","max-image-preview":"max-image-preview:large","max-video-preview":"max-video-preview:-1"},"canonical":"https:\/\/www.dutchfem.com\/it\/acquistare\/boveda-8gr\/","og_locale":"it_IT","og_type":"article","og_title":"Confezioni Boveda a due vie a umidit\u00e0 controllata","og_description":"Il controllo dell'umidit\u00e0 a 2 vie Boveda mantiene i tuoi fiori freschi fino a un anno e protegge le qualit\u00e0 medicinali e la potenza.","og_url":"https:\/\/www.dutchfem.com\/it\/acquistare\/boveda-8gr\/","og_site_name":"Dutchfem","article_publisher":"https:\/\/www.facebook.com\/Dutchfem\/","article_modified_time":"2020-10-31T22:28:08+00:00","og_image":[{"width":1163,"height":1060,"url":"https:\/\/www.dutchfem.com\/wp-content\/uploads\/2020\/10\/C1366D6A-936D-420A-BACE-D7E70D5A7469-e1603565240729.png","type":"image\/png"}],"twitter_card":"summary_large_image","twitter_site":"@dutchfem","twitter_misc":{"Tempo di lettura stimato":"1 minuto"},"schema":{"@context":"https:\/\/schema.org","@graph":[{"@type":"WebPage","@id":"https:\/\/www.dutchfem.com\/it\/acquistare\/boveda-8gr\/","url":"https:\/\/www.dutchfem.com\/it\/acquistare\/boveda-8gr\/","name":"Confezioni Boveda a due vie a umidit\u00e0 controllata","isPartOf":{"@id":"https:\/\/www.dutchfem.com\/#website"},"primaryImageOfPage":{"@id":"https:\/\/www.dutchfem.com\/it\/acquistare\/boveda-8gr\/#primaryimage"},"image":{"@id":"https:\/\/www.dutchfem.com\/it\/acquistare\/boveda-8gr\/#primaryimage"},"thumbnailUrl":"https:\/\/www.dutchfem.com\/wp-content\/uploads\/2020\/10\/C1366D6A-936D-420A-BACE-D7E70D5A7469-e1603565240729.png","datePublished":"2020-10-14T16:00:17+00:00","dateModified":"2020-10-31T22:28:08+00:00","description":"Il controllo dell'umidit\u00e0 a 2 vie Boveda mantiene i tuoi fiori freschi fino a un anno e protegge le qualit\u00e0 medicinali e la potenza.","breadcrumb":{"@id":"https:\/\/www.dutchfem.com\/it\/acquistare\/boveda-8gr\/#breadcrumb"},"inLanguage":"it-IT","potentialAction":[{"@type":"ReadAction","target":["https:\/\/www.dutchfem.com\/it\/acquistare\/boveda-8gr\/"]}]},{"@type":"ImageObject","inLanguage":"it-IT","@id":"https:\/\/www.dutchfem.com\/it\/acquistare\/boveda-8gr\/#primaryimage","url":"https:\/\/www.dutchfem.com\/wp-content\/uploads\/2020\/10\/C1366D6A-936D-420A-BACE-D7E70D5A7469-e1603565240729.png","contentUrl":"https:\/\/www.dutchfem.com\/wp-content\/uploads\/2020\/10\/C1366D6A-936D-420A-BACE-D7E70D5A7469-e1603565240729.png","width":1163,"height":1060},{"@type":"BreadcrumbList","@id":"https:\/\/www.dutchfem.com\/it\/acquistare\/boveda-8gr\/#breadcrumb","itemListElement":[{"@type":"ListItem","position":1,"name":"Home","item":"https:\/\/www.dutchfem.com\/it\/"},{"@type":"ListItem","position":2,"name":"Negozio","item":"https:\/\/www.dutchfem.com\/it\/negozio\/"},{"@type":"ListItem","position":3,"name":"Boveda confezione 2 vie umidit\u00e0 controllata 8gr"}]},{"@type":"WebSite","@id":"https:\/\/www.dutchfem.com\/#website","url":"https:\/\/www.dutchfem.com\/","name":"Dutchfem","description":"Buy Feminized Cannabis Seeds - Autoflowering Seeds - Medical Marijuana Seeds &amp; CBD Oil online","publisher":{"@id":"https:\/\/www.dutchfem.com\/#organization"},"potentialAction":[{"@type":"SearchAction","target":{"@type":"EntryPoint","urlTemplate":"https:\/\/www.dutchfem.com\/?s={search_term_string}"},"query-input":{"@type":"PropertyValueSpecification","valueRequired":true,"valueName":"search_term_string"}}],"inLanguage":"it-IT"},{"@type":"Organization","@id":"https:\/\/www.dutchfem.com\/#organization","name":"Dutchfem Cannabis Seeds","url":"https:\/\/www.dutchfem.com\/","logo":{"@type":"ImageObject","inLanguage":"it-IT","@id":"https:\/\/www.dutchfem.com\/#\/schema\/logo\/image\/","url":"https:\/\/www.dutchfem.com\/wp-content\/uploads\/2017\/10\/logo_Dutchfem-web.png","contentUrl":"https:\/\/www.dutchfem.com\/wp-content\/uploads\/2017\/10\/logo_Dutchfem-web.png","width":825,"height":288,"caption":"Dutchfem Cannabis Seeds"},"image":{"@id":"https:\/\/www.dutchfem.com\/#\/schema\/logo\/image\/"},"sameAs":["https:\/\/www.facebook.com\/Dutchfem\/","https:\/\/x.com\/dutchfem","https:\/\/www.instagram.com\/dutchfemseeds\/","https:\/\/www.youtube.com\/@Dutchfem","https:\/\/nl.pinterest.com\/dutchfem\/","https:\/\/bsky.app\/profile\/dutchfem.bsky.social","https:\/\/www.threads.com\/@dutchfemseeds?igshid=NTc4MTIwNjQ2YQ","https:\/\/www.tumblr.com\/dutchfemseeds"]}]}},"_links":{"self":[{"href":"https:\/\/www.dutchfem.com\/it\/wp-json\/wp\/v2\/product\/8747","targetHints":{"allow":["GET"]}}],"collection":[{"href":"https:\/\/www.dutchfem.com\/it\/wp-json\/wp\/v2\/product"}],"about":[{"href":"https:\/\/www.dutchfem.com\/it\/wp-json\/wp\/v2\/types\/product"}],"replies":[{"embeddable":true,"href":"https:\/\/www.dutchfem.com\/it\/wp-json\/wp\/v2\/comments?post=8747"}],"wp:featuredmedia":[{"embeddable":true,"href":"https:\/\/www.dutchfem.com\/it\/wp-json\/wp\/v2\/media\/8780"}],"wp:attachment":[{"href":"https:\/\/www.dutchfem.com\/it\/wp-json\/wp\/v2\/media?parent=8747"}],"wp:term":[{"taxonomy":"product_brand","embeddable":true,"href":"https:\/\/www.dutchfem.com\/it\/wp-json\/wp\/v2\/product_brand?post=8747"},{"taxonomy":"product_cat","embeddable":true,"href":"https:\/\/www.dutchfem.com\/it\/wp-json\/wp\/v2\/product_cat?post=8747"},{"taxonomy":"product_tag","embeddable":true,"href":"https:\/\/www.dutchfem.com\/it\/wp-json\/wp\/v2\/product_tag?post=8747"}],"curies":[{"name":"wp","href":"https:\/\/api.w.org\/{rel}","templated":true}]}}