{"id":8987,"date":"2020-10-30T19:47:09","date_gmt":"2020-10-30T19:47:11","guid":{"rendered":"https:\/\/www.dutchfem.com\/?post_type=product&#038;p=8987"},"modified":"2024-04-26T23:43:01","modified_gmt":"2024-04-26T22:43:01","slug":"tappetino-per-mouse-dutchfem-madmax","status":"publish","type":"product","link":"https:\/\/www.dutchfem.com\/it\/acquistare\/tappetino-per-mouse-dutchfem-madmax\/","title":{"rendered":"ZTappetino per mouse Dutchfem MadMax # 33"},"content":{"rendered":"<pre id=\"tw-target-text\" class=\"tw-data-text tw-text-large XcVN5d tw-ta\" dir=\"ltr\" data-placeholder=\"Vertaling\"><span lang=\"en\">Su www.dutchfem.com facciamo tutto il possibile per rendere l'ordinazione dei semi di cannabis il pi\u00f9 agevole possibile. Con questo tappetino per mouse Dutchfem MadMax # 33 sar\u00e0 pi\u00f9 facile che mai.  \r\n\r\n\r\n<\/span><\/pre>\n<pre id=\"tw-target-text\" class=\"tw-data-text tw-text-large XcVN5d tw-ta\" dir=\"ltr\" data-placeholder=\"Vertaling\"><\/pre>\n","protected":false},"excerpt":{"rendered":"<p>Dutchfem MadMax Mouse pad rende ancora pi\u00f9 facile ordinare online i nostri semi di cannabis femminizzati.<\/p>\n","protected":false},"featured_media":9003,"comment_status":"open","ping_status":"closed","template":"","meta":{"_exactmetrics_skip_tracking":false,"_exactmetrics_sitenote_active":false,"_exactmetrics_sitenote_note":"","_exactmetrics_sitenote_category":0},"product_brand":[],"product_cat":[350],"product_tag":[],"class_list":{"0":"post-8987","1":"product","2":"type-product","3":"status-publish","4":"has-post-thumbnail","6":"product_cat-merce","8":"first","9":"instock","10":"taxable","11":"shipping-taxable","12":"purchasable","13":"product-type-simple"},"yoast_head":"<!-- This site is optimized with the Yoast SEO plugin v26.9 - https:\/\/yoast.com\/product\/yoast-seo-wordpress\/ -->\n<title>Acquista il tappetino per mouse Dutchfem MadMax - Spedizione veloce e discreta<\/title>\n<meta name=\"description\" content=\"Acquista il tappetino per mouse Dutchfem MadMax - Ordina online senza problemi - Spedizione veloce e discreta - Semi di cannabis femminizzati Dutchfem\" \/>\n<meta name=\"robots\" content=\"index, follow, max-snippet:-1, max-image-preview:large, max-video-preview:-1\" \/>\n<link rel=\"canonical\" href=\"https:\/\/www.dutchfem.com\/it\/acquistare\/tappetino-per-mouse-dutchfem-madmax\/\" \/>\n<meta property=\"og:locale\" content=\"it_IT\" \/>\n<meta property=\"og:type\" content=\"article\" \/>\n<meta property=\"og:title\" content=\"Acquista il tappetino per mouse Dutchfem MadMax - Spedizione veloce e discreta\" \/>\n<meta property=\"og:description\" content=\"Acquista il tappetino per mouse Dutchfem MadMax - Ordina online senza problemi - Spedizione veloce e discreta - Semi di cannabis femminizzati Dutchfem\" \/>\n<meta property=\"og:url\" content=\"https:\/\/www.dutchfem.com\/it\/acquistare\/tappetino-per-mouse-dutchfem-madmax\/\" \/>\n<meta property=\"og:site_name\" content=\"Dutchfem\" \/>\n<meta property=\"article:publisher\" content=\"https:\/\/www.facebook.com\/Dutchfem\/\" \/>\n<meta property=\"article:modified_time\" content=\"2024-04-26T22:43:01+00:00\" \/>\n<meta property=\"og:image\" content=\"https:\/\/www.dutchfem.com\/wp-content\/uploads\/2020\/10\/8DCA0FDF-8A5B-44A9-A91B-46D38243988E-1-scaled-e1604096906575.jpeg\" \/>\n\t<meta property=\"og:image:width\" content=\"2560\" \/>\n\t<meta property=\"og:image:height\" content=\"2560\" \/>\n\t<meta property=\"og:image:type\" content=\"image\/jpeg\" \/>\n<meta name=\"twitter:card\" content=\"summary_large_image\" \/>\n<meta name=\"twitter:site\" content=\"@dutchfem\" \/>\n<script type=\"application\/ld+json\" class=\"yoast-schema-graph\">{\"@context\":\"https:\/\/schema.org\",\"@graph\":[{\"@type\":\"WebPage\",\"@id\":\"https:\/\/www.dutchfem.com\/it\/acquistare\/tappetino-per-mouse-dutchfem-madmax\/\",\"url\":\"https:\/\/www.dutchfem.com\/it\/acquistare\/tappetino-per-mouse-dutchfem-madmax\/\",\"name\":\"Acquista il tappetino per mouse Dutchfem MadMax - Spedizione veloce e discreta\",\"isPartOf\":{\"@id\":\"https:\/\/www.dutchfem.com\/#website\"},\"primaryImageOfPage\":{\"@id\":\"https:\/\/www.dutchfem.com\/it\/acquistare\/tappetino-per-mouse-dutchfem-madmax\/#primaryimage\"},\"image\":{\"@id\":\"https:\/\/www.dutchfem.com\/it\/acquistare\/tappetino-per-mouse-dutchfem-madmax\/#primaryimage\"},\"thumbnailUrl\":\"https:\/\/www.dutchfem.com\/wp-content\/uploads\/2020\/10\/8DCA0FDF-8A5B-44A9-A91B-46D38243988E-1-scaled-e1604096906575.jpeg\",\"datePublished\":\"2020-10-30T19:47:11+00:00\",\"dateModified\":\"2024-04-26T22:43:01+00:00\",\"description\":\"Acquista il tappetino per mouse Dutchfem MadMax - Ordina online senza problemi - Spedizione veloce e discreta - Semi di cannabis femminizzati Dutchfem\",\"breadcrumb\":{\"@id\":\"https:\/\/www.dutchfem.com\/it\/acquistare\/tappetino-per-mouse-dutchfem-madmax\/#breadcrumb\"},\"inLanguage\":\"it-IT\",\"potentialAction\":[{\"@type\":\"ReadAction\",\"target\":[\"https:\/\/www.dutchfem.com\/it\/acquistare\/tappetino-per-mouse-dutchfem-madmax\/\"]}]},{\"@type\":\"ImageObject\",\"inLanguage\":\"it-IT\",\"@id\":\"https:\/\/www.dutchfem.com\/it\/acquistare\/tappetino-per-mouse-dutchfem-madmax\/#primaryimage\",\"url\":\"https:\/\/www.dutchfem.com\/wp-content\/uploads\/2020\/10\/8DCA0FDF-8A5B-44A9-A91B-46D38243988E-1-scaled-e1604096906575.jpeg\",\"contentUrl\":\"https:\/\/www.dutchfem.com\/wp-content\/uploads\/2020\/10\/8DCA0FDF-8A5B-44A9-A91B-46D38243988E-1-scaled-e1604096906575.jpeg\",\"width\":2560,\"height\":2560,\"caption\":\"{\\\"sticker_id\\\":\\\"F8934701-327F-4C4F-BB37-12F68A888D0E\\\",\\\"last_tool_used\\\":\\\"tool_shape_crop\\\",\\\"uid\\\":\\\"7106B73C-4A57-43DA-AE93-038F28359E26_1604082222407\\\",\\\"source\\\":\\\"other\\\",\\\"origin\\\":\\\"gallery\\\",\\\"is_sticker_modified\\\":true}\"},{\"@type\":\"BreadcrumbList\",\"@id\":\"https:\/\/www.dutchfem.com\/it\/acquistare\/tappetino-per-mouse-dutchfem-madmax\/#breadcrumb\",\"itemListElement\":[{\"@type\":\"ListItem\",\"position\":1,\"name\":\"Home\",\"item\":\"https:\/\/www.dutchfem.com\/it\/\"},{\"@type\":\"ListItem\",\"position\":2,\"name\":\"Negozio\",\"item\":\"https:\/\/www.dutchfem.com\/it\/negozio\/\"},{\"@type\":\"ListItem\",\"position\":3,\"name\":\"ZTappetino per mouse Dutchfem MadMax # 33\"}]},{\"@type\":\"WebSite\",\"@id\":\"https:\/\/www.dutchfem.com\/#website\",\"url\":\"https:\/\/www.dutchfem.com\/\",\"name\":\"Dutchfem\",\"description\":\"Buy Feminized Cannabis Seeds - Autoflowering Seeds - Medical Marijuana Seeds &amp; CBD Oil online\",\"publisher\":{\"@id\":\"https:\/\/www.dutchfem.com\/#organization\"},\"potentialAction\":[{\"@type\":\"SearchAction\",\"target\":{\"@type\":\"EntryPoint\",\"urlTemplate\":\"https:\/\/www.dutchfem.com\/?s={search_term_string}\"},\"query-input\":{\"@type\":\"PropertyValueSpecification\",\"valueRequired\":true,\"valueName\":\"search_term_string\"}}],\"inLanguage\":\"it-IT\"},{\"@type\":\"Organization\",\"@id\":\"https:\/\/www.dutchfem.com\/#organization\",\"name\":\"Dutchfem Cannabis Seeds\",\"url\":\"https:\/\/www.dutchfem.com\/\",\"logo\":{\"@type\":\"ImageObject\",\"inLanguage\":\"it-IT\",\"@id\":\"https:\/\/www.dutchfem.com\/#\/schema\/logo\/image\/\",\"url\":\"https:\/\/www.dutchfem.com\/wp-content\/uploads\/2017\/10\/logo_Dutchfem-web.png\",\"contentUrl\":\"https:\/\/www.dutchfem.com\/wp-content\/uploads\/2017\/10\/logo_Dutchfem-web.png\",\"width\":825,\"height\":288,\"caption\":\"Dutchfem Cannabis Seeds\"},\"image\":{\"@id\":\"https:\/\/www.dutchfem.com\/#\/schema\/logo\/image\/\"},\"sameAs\":[\"https:\/\/www.facebook.com\/Dutchfem\/\",\"https:\/\/x.com\/dutchfem\",\"https:\/\/www.instagram.com\/dutchfemseeds\/\",\"https:\/\/www.youtube.com\/@Dutchfem\",\"https:\/\/nl.pinterest.com\/dutchfem\/\",\"https:\/\/bsky.app\/profile\/dutchfem.bsky.social\",\"https:\/\/www.threads.com\/@dutchfemseeds?igshid=NTc4MTIwNjQ2YQ\",\"https:\/\/www.tumblr.com\/dutchfemseeds\"]}]}<\/script>\n<!-- \/ Yoast SEO plugin. -->","yoast_head_json":{"title":"Acquista il tappetino per mouse Dutchfem MadMax - Spedizione veloce e discreta","description":"Acquista il tappetino per mouse Dutchfem MadMax - Ordina online senza problemi - Spedizione veloce e discreta - Semi di cannabis femminizzati Dutchfem","robots":{"index":"index","follow":"follow","max-snippet":"max-snippet:-1","max-image-preview":"max-image-preview:large","max-video-preview":"max-video-preview:-1"},"canonical":"https:\/\/www.dutchfem.com\/it\/acquistare\/tappetino-per-mouse-dutchfem-madmax\/","og_locale":"it_IT","og_type":"article","og_title":"Acquista il tappetino per mouse Dutchfem MadMax - Spedizione veloce e discreta","og_description":"Acquista il tappetino per mouse Dutchfem MadMax - Ordina online senza problemi - Spedizione veloce e discreta - Semi di cannabis femminizzati Dutchfem","og_url":"https:\/\/www.dutchfem.com\/it\/acquistare\/tappetino-per-mouse-dutchfem-madmax\/","og_site_name":"Dutchfem","article_publisher":"https:\/\/www.facebook.com\/Dutchfem\/","article_modified_time":"2024-04-26T22:43:01+00:00","og_image":[{"width":2560,"height":2560,"url":"https:\/\/www.dutchfem.com\/wp-content\/uploads\/2020\/10\/8DCA0FDF-8A5B-44A9-A91B-46D38243988E-1-scaled-e1604096906575.jpeg","type":"image\/jpeg"}],"twitter_card":"summary_large_image","twitter_site":"@dutchfem","schema":{"@context":"https:\/\/schema.org","@graph":[{"@type":"WebPage","@id":"https:\/\/www.dutchfem.com\/it\/acquistare\/tappetino-per-mouse-dutchfem-madmax\/","url":"https:\/\/www.dutchfem.com\/it\/acquistare\/tappetino-per-mouse-dutchfem-madmax\/","name":"Acquista il tappetino per mouse Dutchfem MadMax - Spedizione veloce e discreta","isPartOf":{"@id":"https:\/\/www.dutchfem.com\/#website"},"primaryImageOfPage":{"@id":"https:\/\/www.dutchfem.com\/it\/acquistare\/tappetino-per-mouse-dutchfem-madmax\/#primaryimage"},"image":{"@id":"https:\/\/www.dutchfem.com\/it\/acquistare\/tappetino-per-mouse-dutchfem-madmax\/#primaryimage"},"thumbnailUrl":"https:\/\/www.dutchfem.com\/wp-content\/uploads\/2020\/10\/8DCA0FDF-8A5B-44A9-A91B-46D38243988E-1-scaled-e1604096906575.jpeg","datePublished":"2020-10-30T19:47:11+00:00","dateModified":"2024-04-26T22:43:01+00:00","description":"Acquista il tappetino per mouse Dutchfem MadMax - Ordina online senza problemi - Spedizione veloce e discreta - Semi di cannabis femminizzati Dutchfem","breadcrumb":{"@id":"https:\/\/www.dutchfem.com\/it\/acquistare\/tappetino-per-mouse-dutchfem-madmax\/#breadcrumb"},"inLanguage":"it-IT","potentialAction":[{"@type":"ReadAction","target":["https:\/\/www.dutchfem.com\/it\/acquistare\/tappetino-per-mouse-dutchfem-madmax\/"]}]},{"@type":"ImageObject","inLanguage":"it-IT","@id":"https:\/\/www.dutchfem.com\/it\/acquistare\/tappetino-per-mouse-dutchfem-madmax\/#primaryimage","url":"https:\/\/www.dutchfem.com\/wp-content\/uploads\/2020\/10\/8DCA0FDF-8A5B-44A9-A91B-46D38243988E-1-scaled-e1604096906575.jpeg","contentUrl":"https:\/\/www.dutchfem.com\/wp-content\/uploads\/2020\/10\/8DCA0FDF-8A5B-44A9-A91B-46D38243988E-1-scaled-e1604096906575.jpeg","width":2560,"height":2560,"caption":"{\"sticker_id\":\"F8934701-327F-4C4F-BB37-12F68A888D0E\",\"last_tool_used\":\"tool_shape_crop\",\"uid\":\"7106B73C-4A57-43DA-AE93-038F28359E26_1604082222407\",\"source\":\"other\",\"origin\":\"gallery\",\"is_sticker_modified\":true}"},{"@type":"BreadcrumbList","@id":"https:\/\/www.dutchfem.com\/it\/acquistare\/tappetino-per-mouse-dutchfem-madmax\/#breadcrumb","itemListElement":[{"@type":"ListItem","position":1,"name":"Home","item":"https:\/\/www.dutchfem.com\/it\/"},{"@type":"ListItem","position":2,"name":"Negozio","item":"https:\/\/www.dutchfem.com\/it\/negozio\/"},{"@type":"ListItem","position":3,"name":"ZTappetino per mouse Dutchfem MadMax # 33"}]},{"@type":"WebSite","@id":"https:\/\/www.dutchfem.com\/#website","url":"https:\/\/www.dutchfem.com\/","name":"Dutchfem","description":"Buy Feminized Cannabis Seeds - Autoflowering Seeds - Medical Marijuana Seeds &amp; CBD Oil online","publisher":{"@id":"https:\/\/www.dutchfem.com\/#organization"},"potentialAction":[{"@type":"SearchAction","target":{"@type":"EntryPoint","urlTemplate":"https:\/\/www.dutchfem.com\/?s={search_term_string}"},"query-input":{"@type":"PropertyValueSpecification","valueRequired":true,"valueName":"search_term_string"}}],"inLanguage":"it-IT"},{"@type":"Organization","@id":"https:\/\/www.dutchfem.com\/#organization","name":"Dutchfem Cannabis Seeds","url":"https:\/\/www.dutchfem.com\/","logo":{"@type":"ImageObject","inLanguage":"it-IT","@id":"https:\/\/www.dutchfem.com\/#\/schema\/logo\/image\/","url":"https:\/\/www.dutchfem.com\/wp-content\/uploads\/2017\/10\/logo_Dutchfem-web.png","contentUrl":"https:\/\/www.dutchfem.com\/wp-content\/uploads\/2017\/10\/logo_Dutchfem-web.png","width":825,"height":288,"caption":"Dutchfem Cannabis Seeds"},"image":{"@id":"https:\/\/www.dutchfem.com\/#\/schema\/logo\/image\/"},"sameAs":["https:\/\/www.facebook.com\/Dutchfem\/","https:\/\/x.com\/dutchfem","https:\/\/www.instagram.com\/dutchfemseeds\/","https:\/\/www.youtube.com\/@Dutchfem","https:\/\/nl.pinterest.com\/dutchfem\/","https:\/\/bsky.app\/profile\/dutchfem.bsky.social","https:\/\/www.threads.com\/@dutchfemseeds?igshid=NTc4MTIwNjQ2YQ","https:\/\/www.tumblr.com\/dutchfemseeds"]}]}},"_links":{"self":[{"href":"https:\/\/www.dutchfem.com\/it\/wp-json\/wp\/v2\/product\/8987","targetHints":{"allow":["GET"]}}],"collection":[{"href":"https:\/\/www.dutchfem.com\/it\/wp-json\/wp\/v2\/product"}],"about":[{"href":"https:\/\/www.dutchfem.com\/it\/wp-json\/wp\/v2\/types\/product"}],"replies":[{"embeddable":true,"href":"https:\/\/www.dutchfem.com\/it\/wp-json\/wp\/v2\/comments?post=8987"}],"wp:featuredmedia":[{"embeddable":true,"href":"https:\/\/www.dutchfem.com\/it\/wp-json\/wp\/v2\/media\/9003"}],"wp:attachment":[{"href":"https:\/\/www.dutchfem.com\/it\/wp-json\/wp\/v2\/media?parent=8987"}],"wp:term":[{"taxonomy":"product_brand","embeddable":true,"href":"https:\/\/www.dutchfem.com\/it\/wp-json\/wp\/v2\/product_brand?post=8987"},{"taxonomy":"product_cat","embeddable":true,"href":"https:\/\/www.dutchfem.com\/it\/wp-json\/wp\/v2\/product_cat?post=8987"},{"taxonomy":"product_tag","embeddable":true,"href":"https:\/\/www.dutchfem.com\/it\/wp-json\/wp\/v2\/product_tag?post=8987"}],"curies":[{"name":"wp","href":"https:\/\/api.w.org\/{rel}","templated":true}]}}