{"id":13359,"date":"2021-09-14T13:42:10","date_gmt":"2021-09-14T13:42:15","guid":{"rendered":"https:\/\/www.dutchfem.com\/?post_type=product&#038;p=13359"},"modified":"2022-02-17T21:44:29","modified_gmt":"2022-02-17T21:44:29","slug":"enecta-cbnight-formula","status":"publish","type":"product","link":"https:\/\/www.dutchfem.com\/nl\/koop\/enecta-cbnight-formula\/","title":{"rendered":"Enecta CBNight Formula"},"content":{"rendered":"<p>Enecta CBNight formula olie is een synergetische formule gemaakt om het in slaap vallen en langer doorslapen te bevorderen.<\/p>\n<p>Terwijl cannabidiol en cannabinol spierversoepeling en ontspanning sterk bevorderen,\u00a0 zorgt melatonine voor het herstel van de natuurlijke slaap en ontwaakcyclus. CBD, CBG en THC zijn andere bekendere cannabino\u00efden. In tegenstelling tot CBN,CBG and CBD, heeft THC wel een psychoactief effect en daardoor geeft het een high en\/of stoned effect na het gebruik van cannabis. Uit wetenschappelijk onderzoek is gebleken dat CBD juist tegen het psychoactieve effect van THC werkt, waardoor je niet high of stoned word na het gebruik van CBN, CBG en CBD olie. Je merkt alleen de rustgevende, kalmerende en pijnstillende effecten waar\u00a0 CBN, CBG en CBD bekend om staan. Onze CBN, CBG en CBD is ge\u00ebxtraheerd met CO2 van EU gecertificeerde hennep planten met een THC gehalte van minder dan 0,2% en hebben daardoor geen psychoactief effect. CBD olie kan gebruikt worden tegen chronische pijn, opvliegers, angstaanvallen, chronische depressie, psychoses, ADHD, ADD, dementie, migraine, huid aandoeningen, paniek aanvallen, gewrichtspijn en spierpijn. Uit vele recente wetenschappelijke onderzoeken naar CBD is gebleken dat CBD geen bijwerkingen heeft en geen psychoactieve reacties geeft, ook niet bij inname van (te) hoge dosis. Door de positieve werking van CBN, CBG en CBD is het gebruik van CBN, CBD en CBG olie flink gestegen de laatste tijd. Ook het gebruik van medicinale cannabis zonder THC maar met veel CBD en\/of CBG is steeds populairder aan het worden.<\/p>\n<p>De informatie die DutchFem verstrekt is bedoeld voor mensen die CBD, CBG en\/of CBN producten willen gebruiken als zelfmedicatie of voedingssupplement. DutchFem adviseert dit gebruik van CBD altijd eerlijk te bespreken met uw huisarts. De informatie die Dutchfem verstrekt is niet bedoeld om ziekten te diagnosticeren, behandelen en\/of te voorkomen.<\/p>\n<p>&nbsp;<\/p>\n","protected":false},"excerpt":{"rendered":"<p>Enecta CBNight Formula PLUS olie. CBN (cannabinol) is \u00e9\u00e9n van de meest recent ontdekte cannabino\u00efden in de cannabis plant. Kom je moeilijk in slaap? Lijdt u aan slapeloosheid en wil u uw natuurlijke dag\/nachtritme herstellen?\u00a0 Met CBNight Formula Plus, onze nieuwste formule met CBD, CBN en melatonine, kunt u nu uw nachtrust sterk verbeteren.<\/p>\n<div class=\"css-1rxb8qe\"><\/div>\n<div class=\"css-1oc82nj\">\n<p class=\"css-1uw6i4k\">\n<\/div>\n","protected":false},"featured_media":13387,"comment_status":"open","ping_status":"closed","template":"","meta":{"_exactmetrics_skip_tracking":false,"_exactmetrics_sitenote_active":false,"_exactmetrics_sitenote_note":"","_exactmetrics_sitenote_category":0},"product_brand":[],"product_cat":[353,397],"product_tag":[],"class_list":{"0":"post-13359","1":"product","2":"type-product","3":"status-publish","4":"has-post-thumbnail","6":"product_cat-cbd-olie","7":"product_cat-cbd-winkel","9":"first","10":"outofstock","11":"taxable","12":"shipping-taxable","13":"purchasable","14":"product-type-variable","15":"has-default-attributes"},"yoast_head":"<!-- This site is optimized with the Yoast SEO plugin v26.9 - https:\/\/yoast.com\/product\/yoast-seo-wordpress\/ -->\n<title>Buy enecta CBNight formula Oil Online<\/title>\n<meta name=\"description\" content=\"Buy Enecta CBNight formula Oil online from Dutchfem! The best CBN oil available! Order now!\" \/>\n<meta name=\"robots\" content=\"index, follow, max-snippet:-1, max-image-preview:large, max-video-preview:-1\" \/>\n<link rel=\"canonical\" href=\"https:\/\/www.dutchfem.com\/nl\/?post_type=product&p=13359\" \/>\n<meta property=\"og:locale\" content=\"nl_NL\" \/>\n<meta property=\"og:type\" content=\"article\" \/>\n<meta property=\"og:title\" content=\"Buy enecta CBNight formula Oil Online\" \/>\n<meta property=\"og:description\" content=\"Buy Enecta CBNight formula Oil online from Dutchfem! The best CBN oil available! Order now!\" \/>\n<meta property=\"og:url\" content=\"https:\/\/www.dutchfem.com\/nl\/?post_type=product&amp;p=13359\" \/>\n<meta property=\"og:site_name\" content=\"Dutchfem\" \/>\n<meta property=\"article:publisher\" content=\"https:\/\/www.facebook.com\/Dutchfem\/\" \/>\n<meta property=\"article:modified_time\" content=\"2022-02-17T21:44:29+00:00\" \/>\n<meta property=\"og:image\" content=\"https:\/\/www.dutchfem.com\/wp-content\/uploads\/2021\/09\/DSC_0238-scaled.jpg\" \/>\n\t<meta property=\"og:image:width\" content=\"2560\" \/>\n\t<meta property=\"og:image:height\" content=\"2560\" \/>\n\t<meta property=\"og:image:type\" content=\"image\/jpeg\" \/>\n<meta name=\"twitter:card\" content=\"summary_large_image\" \/>\n<meta name=\"twitter:site\" content=\"@dutchfem\" \/>\n<meta name=\"twitter:label1\" content=\"Geschatte leestijd\" \/>\n\t<meta name=\"twitter:data1\" content=\"2 minuten\" \/>\n<script type=\"application\/ld+json\" class=\"yoast-schema-graph\">{\"@context\":\"https:\/\/schema.org\",\"@graph\":[{\"@type\":\"WebPage\",\"@id\":\"https:\/\/www.dutchfem.com\/nl\/?post_type=product&p=13359\",\"url\":\"https:\/\/www.dutchfem.com\/nl\/?post_type=product&p=13359\",\"name\":\"Buy enecta CBNight formula Oil Online\",\"isPartOf\":{\"@id\":\"https:\/\/www.dutchfem.com\/#website\"},\"primaryImageOfPage\":{\"@id\":\"https:\/\/www.dutchfem.com\/nl\/?post_type=product&p=13359#primaryimage\"},\"image\":{\"@id\":\"https:\/\/www.dutchfem.com\/nl\/?post_type=product&p=13359#primaryimage\"},\"thumbnailUrl\":\"https:\/\/www.dutchfem.com\/wp-content\/uploads\/2021\/09\/DSC_0238-scaled.jpg\",\"datePublished\":\"2021-09-14T13:42:15+00:00\",\"dateModified\":\"2022-02-17T21:44:29+00:00\",\"description\":\"Buy Enecta CBNight formula Oil online from Dutchfem! The best CBN oil available! Order now!\",\"breadcrumb\":{\"@id\":\"https:\/\/www.dutchfem.com\/nl\/?post_type=product&p=13359#breadcrumb\"},\"inLanguage\":\"nl-NL\",\"potentialAction\":[{\"@type\":\"ReadAction\",\"target\":[\"https:\/\/www.dutchfem.com\/nl\/?post_type=product&p=13359\"]}]},{\"@type\":\"ImageObject\",\"inLanguage\":\"nl-NL\",\"@id\":\"https:\/\/www.dutchfem.com\/nl\/?post_type=product&p=13359#primaryimage\",\"url\":\"https:\/\/www.dutchfem.com\/wp-content\/uploads\/2021\/09\/DSC_0238-scaled.jpg\",\"contentUrl\":\"https:\/\/www.dutchfem.com\/wp-content\/uploads\/2021\/09\/DSC_0238-scaled.jpg\",\"width\":2560,\"height\":2560},{\"@type\":\"BreadcrumbList\",\"@id\":\"https:\/\/www.dutchfem.com\/nl\/?post_type=product&p=13359#breadcrumb\",\"itemListElement\":[{\"@type\":\"ListItem\",\"position\":1,\"name\":\"Home\",\"item\":\"https:\/\/www.dutchfem.com\/nl\/\"},{\"@type\":\"ListItem\",\"position\":2,\"name\":\"Winkel\",\"item\":\"https:\/\/www.dutchfem.com\/nl\/winkel\/\"},{\"@type\":\"ListItem\",\"position\":3,\"name\":\"Private: Enecta CBNight Formula\"}]},{\"@type\":\"WebSite\",\"@id\":\"https:\/\/www.dutchfem.com\/#website\",\"url\":\"https:\/\/www.dutchfem.com\/\",\"name\":\"Dutchfem\",\"description\":\"Buy Feminized Cannabis Seeds - Autoflowering Seeds - Medical Marijuana Seeds &amp; CBD Oil online\",\"publisher\":{\"@id\":\"https:\/\/www.dutchfem.com\/#organization\"},\"potentialAction\":[{\"@type\":\"SearchAction\",\"target\":{\"@type\":\"EntryPoint\",\"urlTemplate\":\"https:\/\/www.dutchfem.com\/?s={search_term_string}\"},\"query-input\":{\"@type\":\"PropertyValueSpecification\",\"valueRequired\":true,\"valueName\":\"search_term_string\"}}],\"inLanguage\":\"nl-NL\"},{\"@type\":\"Organization\",\"@id\":\"https:\/\/www.dutchfem.com\/#organization\",\"name\":\"Dutchfem Cannabis Seeds\",\"url\":\"https:\/\/www.dutchfem.com\/\",\"logo\":{\"@type\":\"ImageObject\",\"inLanguage\":\"nl-NL\",\"@id\":\"https:\/\/www.dutchfem.com\/#\/schema\/logo\/image\/\",\"url\":\"https:\/\/www.dutchfem.com\/wp-content\/uploads\/2017\/10\/logo_Dutchfem-web.png\",\"contentUrl\":\"https:\/\/www.dutchfem.com\/wp-content\/uploads\/2017\/10\/logo_Dutchfem-web.png\",\"width\":825,\"height\":288,\"caption\":\"Dutchfem Cannabis Seeds\"},\"image\":{\"@id\":\"https:\/\/www.dutchfem.com\/#\/schema\/logo\/image\/\"},\"sameAs\":[\"https:\/\/www.facebook.com\/Dutchfem\/\",\"https:\/\/x.com\/dutchfem\",\"https:\/\/www.instagram.com\/dutchfemseeds\/\",\"https:\/\/www.youtube.com\/@Dutchfem\",\"https:\/\/nl.pinterest.com\/dutchfem\/\",\"https:\/\/bsky.app\/profile\/dutchfem.bsky.social\",\"https:\/\/www.threads.com\/@dutchfemseeds?igshid=NTc4MTIwNjQ2YQ\",\"https:\/\/www.tumblr.com\/dutchfemseeds\"]}]}<\/script>\n<!-- \/ Yoast SEO plugin. -->","yoast_head_json":{"title":"Buy enecta CBNight formula Oil Online","description":"Buy Enecta CBNight formula Oil online from Dutchfem! The best CBN oil available! Order now!","robots":{"index":"index","follow":"follow","max-snippet":"max-snippet:-1","max-image-preview":"max-image-preview:large","max-video-preview":"max-video-preview:-1"},"canonical":"https:\/\/www.dutchfem.com\/nl\/?post_type=product&p=13359","og_locale":"nl_NL","og_type":"article","og_title":"Buy enecta CBNight formula Oil Online","og_description":"Buy Enecta CBNight formula Oil online from Dutchfem! The best CBN oil available! Order now!","og_url":"https:\/\/www.dutchfem.com\/nl\/?post_type=product&p=13359","og_site_name":"Dutchfem","article_publisher":"https:\/\/www.facebook.com\/Dutchfem\/","article_modified_time":"2022-02-17T21:44:29+00:00","og_image":[{"width":2560,"height":2560,"url":"https:\/\/www.dutchfem.com\/wp-content\/uploads\/2021\/09\/DSC_0238-scaled.jpg","type":"image\/jpeg"}],"twitter_card":"summary_large_image","twitter_site":"@dutchfem","twitter_misc":{"Geschatte leestijd":"2 minuten"},"schema":{"@context":"https:\/\/schema.org","@graph":[{"@type":"WebPage","@id":"https:\/\/www.dutchfem.com\/nl\/?post_type=product&p=13359","url":"https:\/\/www.dutchfem.com\/nl\/?post_type=product&p=13359","name":"Buy enecta CBNight formula Oil Online","isPartOf":{"@id":"https:\/\/www.dutchfem.com\/#website"},"primaryImageOfPage":{"@id":"https:\/\/www.dutchfem.com\/nl\/?post_type=product&p=13359#primaryimage"},"image":{"@id":"https:\/\/www.dutchfem.com\/nl\/?post_type=product&p=13359#primaryimage"},"thumbnailUrl":"https:\/\/www.dutchfem.com\/wp-content\/uploads\/2021\/09\/DSC_0238-scaled.jpg","datePublished":"2021-09-14T13:42:15+00:00","dateModified":"2022-02-17T21:44:29+00:00","description":"Buy Enecta CBNight formula Oil online from Dutchfem! The best CBN oil available! Order now!","breadcrumb":{"@id":"https:\/\/www.dutchfem.com\/nl\/?post_type=product&p=13359#breadcrumb"},"inLanguage":"nl-NL","potentialAction":[{"@type":"ReadAction","target":["https:\/\/www.dutchfem.com\/nl\/?post_type=product&p=13359"]}]},{"@type":"ImageObject","inLanguage":"nl-NL","@id":"https:\/\/www.dutchfem.com\/nl\/?post_type=product&p=13359#primaryimage","url":"https:\/\/www.dutchfem.com\/wp-content\/uploads\/2021\/09\/DSC_0238-scaled.jpg","contentUrl":"https:\/\/www.dutchfem.com\/wp-content\/uploads\/2021\/09\/DSC_0238-scaled.jpg","width":2560,"height":2560},{"@type":"BreadcrumbList","@id":"https:\/\/www.dutchfem.com\/nl\/?post_type=product&p=13359#breadcrumb","itemListElement":[{"@type":"ListItem","position":1,"name":"Home","item":"https:\/\/www.dutchfem.com\/nl\/"},{"@type":"ListItem","position":2,"name":"Winkel","item":"https:\/\/www.dutchfem.com\/nl\/winkel\/"},{"@type":"ListItem","position":3,"name":"Private: Enecta CBNight Formula"}]},{"@type":"WebSite","@id":"https:\/\/www.dutchfem.com\/#website","url":"https:\/\/www.dutchfem.com\/","name":"Dutchfem","description":"Buy Feminized Cannabis Seeds - Autoflowering Seeds - Medical Marijuana Seeds &amp; CBD Oil online","publisher":{"@id":"https:\/\/www.dutchfem.com\/#organization"},"potentialAction":[{"@type":"SearchAction","target":{"@type":"EntryPoint","urlTemplate":"https:\/\/www.dutchfem.com\/?s={search_term_string}"},"query-input":{"@type":"PropertyValueSpecification","valueRequired":true,"valueName":"search_term_string"}}],"inLanguage":"nl-NL"},{"@type":"Organization","@id":"https:\/\/www.dutchfem.com\/#organization","name":"Dutchfem Cannabis Seeds","url":"https:\/\/www.dutchfem.com\/","logo":{"@type":"ImageObject","inLanguage":"nl-NL","@id":"https:\/\/www.dutchfem.com\/#\/schema\/logo\/image\/","url":"https:\/\/www.dutchfem.com\/wp-content\/uploads\/2017\/10\/logo_Dutchfem-web.png","contentUrl":"https:\/\/www.dutchfem.com\/wp-content\/uploads\/2017\/10\/logo_Dutchfem-web.png","width":825,"height":288,"caption":"Dutchfem Cannabis Seeds"},"image":{"@id":"https:\/\/www.dutchfem.com\/#\/schema\/logo\/image\/"},"sameAs":["https:\/\/www.facebook.com\/Dutchfem\/","https:\/\/x.com\/dutchfem","https:\/\/www.instagram.com\/dutchfemseeds\/","https:\/\/www.youtube.com\/@Dutchfem","https:\/\/nl.pinterest.com\/dutchfem\/","https:\/\/bsky.app\/profile\/dutchfem.bsky.social","https:\/\/www.threads.com\/@dutchfemseeds?igshid=NTc4MTIwNjQ2YQ","https:\/\/www.tumblr.com\/dutchfemseeds"]}]}},"_links":{"self":[{"href":"https:\/\/www.dutchfem.com\/nl\/wp-json\/wp\/v2\/product\/13359","targetHints":{"allow":["GET"]}}],"collection":[{"href":"https:\/\/www.dutchfem.com\/nl\/wp-json\/wp\/v2\/product"}],"about":[{"href":"https:\/\/www.dutchfem.com\/nl\/wp-json\/wp\/v2\/types\/product"}],"replies":[{"embeddable":true,"href":"https:\/\/www.dutchfem.com\/nl\/wp-json\/wp\/v2\/comments?post=13359"}],"wp:featuredmedia":[{"embeddable":true,"href":"https:\/\/www.dutchfem.com\/nl\/wp-json\/wp\/v2\/media\/13387"}],"wp:attachment":[{"href":"https:\/\/www.dutchfem.com\/nl\/wp-json\/wp\/v2\/media?parent=13359"}],"wp:term":[{"taxonomy":"product_brand","embeddable":true,"href":"https:\/\/www.dutchfem.com\/nl\/wp-json\/wp\/v2\/product_brand?post=13359"},{"taxonomy":"product_cat","embeddable":true,"href":"https:\/\/www.dutchfem.com\/nl\/wp-json\/wp\/v2\/product_cat?post=13359"},{"taxonomy":"product_tag","embeddable":true,"href":"https:\/\/www.dutchfem.com\/nl\/wp-json\/wp\/v2\/product_tag?post=13359"}],"curies":[{"name":"wp","href":"https:\/\/api.w.org\/{rel}","templated":true}]}}